{"id":246246,"date":"2024-04-19T18:32:18","date_gmt":"2024-04-19T16:32:18","guid":{"rendered":"https:\/\/iha-race.com\/producto\/3-blatt-45-mm-gemfan-propeller-15-mm-welle\/"},"modified":"2026-02-26T17:38:20","modified_gmt":"2026-02-26T16:38:20","slug":"3-blatt-45-mm-gemfan-propeller-15-mm-welle","status":"publish","type":"product","link":"https:\/\/iha-race.com\/de\/producto\/3-blatt-45-mm-gemfan-propeller-15-mm-welle\/","title":{"rendered":"3-Blatt 45 mm Gemfan-Propeller (1,5 mm Welle)"},"content":{"rendered":"<h2>3-Blatt 45 mm Gemfan-Propeller (1,5 mm Welle)<\/h2>\n<p>  Die 45-mm-Propeller von Gemfan sind sehr langlebig und eignen sich hervorragend f\u00fcr FPV-Rufe. Die 2-Klingen-Aufs\u00e4tze zeichnen sich durch hohe Effizienz und pr\u00e4zises Arbeiten beim Freestyle aus. Die 3-Blatt-Aufs\u00e4tze sorgen f\u00fcr mehr Leistung und h\u00f6here Geschwindigkeit bei Rennen. Perfekt f\u00fcr BETAFPV Meteor75 Pro Brushless Scream Frame. Wir empfehlen die Verwendung des Zubeh\u00f6rs mit BETAFPV: 1102 Motoren.  <img decoding=\"async\" src=\"https:\/\/cdn.shopifycdn.net\/s\/files\/1\/1778\/6615\/files\/FB_25d9ae2e-9b87-417f-afed-3916c11a5c1a_1024x1024.jpg?v=1676626331\" alt=\"\"><\/p>\n<h2>Spezifikationen<\/h2>\n<ul>\n<li>Material: Computer<\/li>\n<li>Gewicht: 1,69 g\/Satz (3 Blatt), 1,30 g\/Satz (2 Blatt)<\/li>\n<li>Klingen: 2 Klingen\/3 Klingen<\/li>\n<li>Teilung: 1,5 Zoll<\/li>\n<li>Propellerdurchmesser: 45 mm<\/li>\n<li>Schaft: 1,5 mm<\/li>\n<li>Empfohlener Rahmen: Meteor75 Pro Brushless Scream Frame<\/li>\n<li>Empfohlener Motor:B\u00fcrstenlose Motoren BETAFPV 1102<\/li>\n<li>Farbe: hellgrau, hellblau, rosa (2 Bl\u00e4tter)\/hellgrau, hellblau, schwarz, wei\u00df (3 Bl\u00e4tter)<\/li>\n<\/ul>\n<h2>Gr\u00f6\u00dfere 1S-Drohnen-Kombination<\/h2>\n<p>  Der Meteor75 Pro Rahmen mit 45 mm 2-Blatt- oder 3-Blatt-Zubeh\u00f6r erm\u00f6glicht einen sehr pr\u00e4zisen, agilen und fantastischen Flug. Es ist mit Teilen der 1S Meteor-Serie kompatibel und l\u00e4sst sich sehr einfach austauschen und aufr\u00fcsten. Mit 45-mm-Propellern ist die Meteor75 Pro die leistungsst\u00e4rkste 1S-Drohne auf dem Markt. Es k\u00f6nnte perfekt f\u00fcr HD VTX in Innenr\u00e4umen sein.  <em>Klicken Sie hier, um den Meteor75 Pro Rahmen zu kaufen.<\/em><\/p>\n<p><img decoding=\"async\" src=\"https:\/\/cdn.shopifycdn.net\/s\/files\/1\/1778\/6615\/files\/3d016fed50b51fdf9465a98d86af4bcb_c5d55829-9105-4fb6-ad59-b03aa7099190_1024x1024.jpg?v=1676863012\" alt=\"\"><\/p>\n<h2>Diagramm<\/h2>\n<p>  Die folgende Abbildung zeigt das Diagramm des Gemfan 45 mm und 2 Klingen.  <img decoding=\"async\" src=\"https:\/\/cdn.shopifycdn.net\/s\/files\/1\/1778\/6615\/files\/468ef44610c31b5b50b747b4f9f5ee49_5c60df47-9280-440e-aa73-dc17a8d45445_480x480.jpg?v=1676443082\" alt=\"\">  Die folgende Abbildung zeigt das Diagramm des Gemfan 45 mm und 3 Klingen.  <img decoding=\"async\" src=\"https:\/\/cdn.shopifycdn.net\/s\/files\/1\/1778\/6615\/files\/468ef44610c31b5b50b747b4f9f5ee49_f52321d8-22c2-417e-b026-9d7a104cebc2_480x480.jpg?v=1676443190\" alt=\"\"><\/p>\n<h2>Das Paket umfasst<\/h2>\n<ul>\n<li>2 x CW Gemfan 45 mm Propeller (1,5 mm Welle, 4 St\u00fcck) mit 2 oder 3 Bl\u00e4ttern<\/li>\n<li>2 x Gemfan 45 mm CCW Propeller (1,5 mm Welle, 4 St\u00fcck) mit 2 oder 3 Bl\u00e4ttern<\/li>\n<\/ul>\n<p><img decoding=\"async\" src=\"https:\/\/cdn.shopify.com\/s\/files\/1\/1778\/6615\/files\/1f4e9aa4e7fd166710cf4f2aac388c8f_480x480.jpg?v=1676544063\" alt=\"\"><\/p>\n","protected":false},"excerpt":{"rendered":"<p>3-Blatt 45 mm Gemfan-Propeller (1,5 mm Welle) Die 45-mm-Propeller von Gemfan sind sehr langlebig und eignen sich hervorragend f\u00fcr FPV-Rufe. Die 2-Klingen-Aufs\u00e4tze zeichnen sich durch hohe Effizienz und pr\u00e4zises Arbeiten<\/p>\n","protected":false},"featured_media":245677,"comment_status":"open","ping_status":"closed","template":"","meta":{"_joinchat":[]},"pwb-brand":[],"product_cat":[50,49,131,133],"product_tag":[],"class_list":{"0":"post-246246","1":"product","2":"type-product","3":"status-publish","4":"has-post-thumbnail","6":"product_cat-dos","7":"product_cat-helices-para-drones","8":"product_cat-palas","9":"product_cat-tripalas","11":"first","12":"instock","13":"taxable","14":"shipping-taxable","15":"purchasable","16":"product-type-simple"},"barcode":null,"atum_controlled":true,"out_stock_date":null,"out_stock_threshold":null,"inheritable":false,"stock_on_hold":0,"sold_today":0,"sales_last_days":0,"out_stock_days":0,"lost_sales":0,"update_date":"2026-04-27T19:43:52","atum_locations":[],"atum_stock_status":"instock","restock_status":false,"low_stock_amount":"","sales_update_date":"2026-04-27T19:43:52","calc_backorders":null,"yoast_head":"<!-- This site is optimized with the Yoast SEO plugin v27.3 - https:\/\/yoast.com\/product\/yoast-seo-wordpress\/ -->\n<title>3-Blatt 45 mm Gemfan-Propeller (1,5 mm Welle) - Iha Race<\/title>\n<meta name=\"robots\" content=\"index, follow, max-snippet:-1, max-image-preview:large, max-video-preview:-1\" \/>\n<link rel=\"canonical\" href=\"https:\/\/iha-race.com\/de\/producto\/3-blatt-45-mm-gemfan-propeller-15-mm-welle\/\" \/>\n<meta property=\"og:locale\" content=\"de_DE\" \/>\n<meta property=\"og:type\" content=\"article\" \/>\n<meta property=\"og:title\" content=\"3-Blatt 45 mm Gemfan-Propeller (1,5 mm Welle) - Iha Race\" \/>\n<meta property=\"og:description\" content=\"3-Blatt 45 mm Gemfan-Propeller (1,5 mm Welle) Die 45-mm-Propeller von Gemfan sind sehr langlebig und eignen sich hervorragend f\u00fcr FPV-Rufe. Die 2-Klingen-Aufs\u00e4tze zeichnen sich durch hohe Effizienz und pr\u00e4zises Arbeiten\" \/>\n<meta property=\"og:url\" content=\"https:\/\/iha-race.com\/de\/producto\/3-blatt-45-mm-gemfan-propeller-15-mm-welle\/\" \/>\n<meta property=\"og:site_name\" content=\"Iha Race\" \/>\n<meta property=\"article:modified_time\" content=\"2026-02-26T16:38:20+00:00\" \/>\n<meta property=\"og:image\" content=\"https:\/\/iha-race.com\/wp-content\/uploads\/2024\/04\/Helices-Gemfan-de-45-mm-de-2-y-3-palas-eje-de-15-mm-4-piezas.webp\" \/>\n\t<meta property=\"og:image:width\" content=\"720\" \/>\n\t<meta property=\"og:image:height\" content=\"720\" \/>\n\t<meta property=\"og:image:type\" content=\"image\/webp\" \/>\n<meta name=\"twitter:card\" content=\"summary_large_image\" \/>\n<meta name=\"twitter:label1\" content=\"Gesch\u00e4tzte Lesezeit\" \/>\n\t<meta name=\"twitter:data1\" content=\"1\u00a0Minute\" \/>\n<script type=\"application\/ld+json\" class=\"yoast-schema-graph\">{\"@context\":\"https:\\\/\\\/schema.org\",\"@graph\":[{\"@type\":\"WebPage\",\"@id\":\"https:\\\/\\\/iha-race.com\\\/de\\\/producto\\\/3-blatt-45-mm-gemfan-propeller-15-mm-welle\\\/\",\"url\":\"https:\\\/\\\/iha-race.com\\\/de\\\/producto\\\/3-blatt-45-mm-gemfan-propeller-15-mm-welle\\\/\",\"name\":\"3-Blatt 45 mm Gemfan-Propeller (1,5 mm Welle) - Iha Race\",\"isPartOf\":{\"@id\":\"https:\\\/\\\/iha-race.com\\\/de\\\/#website\"},\"primaryImageOfPage\":{\"@id\":\"https:\\\/\\\/iha-race.com\\\/de\\\/producto\\\/3-blatt-45-mm-gemfan-propeller-15-mm-welle\\\/#primaryimage\"},\"image\":{\"@id\":\"https:\\\/\\\/iha-race.com\\\/de\\\/producto\\\/3-blatt-45-mm-gemfan-propeller-15-mm-welle\\\/#primaryimage\"},\"thumbnailUrl\":\"https:\\\/\\\/iha-race.com\\\/wp-content\\\/uploads\\\/2024\\\/04\\\/Helices-Gemfan-de-45-mm-de-2-y-3-palas-eje-de-15-mm-4-piezas.webp\",\"datePublished\":\"2024-04-19T16:32:18+00:00\",\"dateModified\":\"2026-02-26T16:38:20+00:00\",\"breadcrumb\":{\"@id\":\"https:\\\/\\\/iha-race.com\\\/de\\\/producto\\\/3-blatt-45-mm-gemfan-propeller-15-mm-welle\\\/#breadcrumb\"},\"inLanguage\":\"de\",\"potentialAction\":[{\"@type\":\"ReadAction\",\"target\":[\"https:\\\/\\\/iha-race.com\\\/de\\\/producto\\\/3-blatt-45-mm-gemfan-propeller-15-mm-welle\\\/\"]}]},{\"@type\":\"ImageObject\",\"inLanguage\":\"de\",\"@id\":\"https:\\\/\\\/iha-race.com\\\/de\\\/producto\\\/3-blatt-45-mm-gemfan-propeller-15-mm-welle\\\/#primaryimage\",\"url\":\"https:\\\/\\\/iha-race.com\\\/wp-content\\\/uploads\\\/2024\\\/04\\\/Helices-Gemfan-de-45-mm-de-2-y-3-palas-eje-de-15-mm-4-piezas.webp\",\"contentUrl\":\"https:\\\/\\\/iha-race.com\\\/wp-content\\\/uploads\\\/2024\\\/04\\\/Helices-Gemfan-de-45-mm-de-2-y-3-palas-eje-de-15-mm-4-piezas.webp\",\"width\":720,\"height\":720},{\"@type\":\"BreadcrumbList\",\"@id\":\"https:\\\/\\\/iha-race.com\\\/de\\\/producto\\\/3-blatt-45-mm-gemfan-propeller-15-mm-welle\\\/#breadcrumb\",\"itemListElement\":[{\"@type\":\"ListItem\",\"position\":1,\"name\":\"Portada\",\"item\":\"https:\\\/\\\/iha-race.com\\\/de\\\/elementor-499\\\/\"},{\"@type\":\"ListItem\",\"position\":2,\"name\":\"Shop\",\"item\":\"https:\\\/\\\/iha-race.com\\\/de\\\/shop\\\/\"},{\"@type\":\"ListItem\",\"position\":3,\"name\":\"3-Blatt 45 mm Gemfan-Propeller (1,5 mm Welle)\"}]},{\"@type\":\"WebSite\",\"@id\":\"https:\\\/\\\/iha-race.com\\\/de\\\/#website\",\"url\":\"https:\\\/\\\/iha-race.com\\\/de\\\/\",\"name\":\"Iha Race\",\"description\":\"Comprar drones de carreras FPV env\u00edos en un d\u00eda desde Espa\u00f1a\",\"publisher\":{\"@id\":\"https:\\\/\\\/iha-race.com\\\/de\\\/#organization\"},\"potentialAction\":[{\"@type\":\"SearchAction\",\"target\":{\"@type\":\"EntryPoint\",\"urlTemplate\":\"https:\\\/\\\/iha-race.com\\\/de\\\/?s={search_term_string}\"},\"query-input\":{\"@type\":\"PropertyValueSpecification\",\"valueRequired\":true,\"valueName\":\"search_term_string\"}}],\"inLanguage\":\"de\"},{\"@type\":\"Organization\",\"@id\":\"https:\\\/\\\/iha-race.com\\\/de\\\/#organization\",\"name\":\"Iha Race\",\"url\":\"https:\\\/\\\/iha-race.com\\\/de\\\/\",\"logo\":{\"@type\":\"ImageObject\",\"inLanguage\":\"de\",\"@id\":\"https:\\\/\\\/iha-race.com\\\/de\\\/#\\\/schema\\\/logo\\\/image\\\/\",\"url\":\"https:\\\/\\\/iha-race.com\\\/wp-content\\\/uploads\\\/2018\\\/07\\\/iha-race-drones-de-carreras-tienda-comprar-drones.png\",\"contentUrl\":\"https:\\\/\\\/iha-race.com\\\/wp-content\\\/uploads\\\/2018\\\/07\\\/iha-race-drones-de-carreras-tienda-comprar-drones.png\",\"width\":300,\"height\":100,\"caption\":\"Iha Race\"},\"image\":{\"@id\":\"https:\\\/\\\/iha-race.com\\\/de\\\/#\\\/schema\\\/logo\\\/image\\\/\"}}]}<\/script>\n<!-- \/ Yoast SEO plugin. -->","yoast_head_json":{"title":"3-Blatt 45 mm Gemfan-Propeller (1,5 mm Welle) - Iha Race","robots":{"index":"index","follow":"follow","max-snippet":"max-snippet:-1","max-image-preview":"max-image-preview:large","max-video-preview":"max-video-preview:-1"},"canonical":"https:\/\/iha-race.com\/de\/producto\/3-blatt-45-mm-gemfan-propeller-15-mm-welle\/","og_locale":"de_DE","og_type":"article","og_title":"3-Blatt 45 mm Gemfan-Propeller (1,5 mm Welle) - Iha Race","og_description":"3-Blatt 45 mm Gemfan-Propeller (1,5 mm Welle) Die 45-mm-Propeller von Gemfan sind sehr langlebig und eignen sich hervorragend f\u00fcr FPV-Rufe. Die 2-Klingen-Aufs\u00e4tze zeichnen sich durch hohe Effizienz und pr\u00e4zises Arbeiten","og_url":"https:\/\/iha-race.com\/de\/producto\/3-blatt-45-mm-gemfan-propeller-15-mm-welle\/","og_site_name":"Iha Race","article_modified_time":"2026-02-26T16:38:20+00:00","og_image":[{"width":720,"height":720,"url":"https:\/\/iha-race.com\/wp-content\/uploads\/2024\/04\/Helices-Gemfan-de-45-mm-de-2-y-3-palas-eje-de-15-mm-4-piezas.webp","type":"image\/webp"}],"twitter_card":"summary_large_image","twitter_misc":{"Gesch\u00e4tzte Lesezeit":"1\u00a0Minute"},"schema":{"@context":"https:\/\/schema.org","@graph":[{"@type":"WebPage","@id":"https:\/\/iha-race.com\/de\/producto\/3-blatt-45-mm-gemfan-propeller-15-mm-welle\/","url":"https:\/\/iha-race.com\/de\/producto\/3-blatt-45-mm-gemfan-propeller-15-mm-welle\/","name":"3-Blatt 45 mm Gemfan-Propeller (1,5 mm Welle) - Iha Race","isPartOf":{"@id":"https:\/\/iha-race.com\/de\/#website"},"primaryImageOfPage":{"@id":"https:\/\/iha-race.com\/de\/producto\/3-blatt-45-mm-gemfan-propeller-15-mm-welle\/#primaryimage"},"image":{"@id":"https:\/\/iha-race.com\/de\/producto\/3-blatt-45-mm-gemfan-propeller-15-mm-welle\/#primaryimage"},"thumbnailUrl":"https:\/\/iha-race.com\/wp-content\/uploads\/2024\/04\/Helices-Gemfan-de-45-mm-de-2-y-3-palas-eje-de-15-mm-4-piezas.webp","datePublished":"2024-04-19T16:32:18+00:00","dateModified":"2026-02-26T16:38:20+00:00","breadcrumb":{"@id":"https:\/\/iha-race.com\/de\/producto\/3-blatt-45-mm-gemfan-propeller-15-mm-welle\/#breadcrumb"},"inLanguage":"de","potentialAction":[{"@type":"ReadAction","target":["https:\/\/iha-race.com\/de\/producto\/3-blatt-45-mm-gemfan-propeller-15-mm-welle\/"]}]},{"@type":"ImageObject","inLanguage":"de","@id":"https:\/\/iha-race.com\/de\/producto\/3-blatt-45-mm-gemfan-propeller-15-mm-welle\/#primaryimage","url":"https:\/\/iha-race.com\/wp-content\/uploads\/2024\/04\/Helices-Gemfan-de-45-mm-de-2-y-3-palas-eje-de-15-mm-4-piezas.webp","contentUrl":"https:\/\/iha-race.com\/wp-content\/uploads\/2024\/04\/Helices-Gemfan-de-45-mm-de-2-y-3-palas-eje-de-15-mm-4-piezas.webp","width":720,"height":720},{"@type":"BreadcrumbList","@id":"https:\/\/iha-race.com\/de\/producto\/3-blatt-45-mm-gemfan-propeller-15-mm-welle\/#breadcrumb","itemListElement":[{"@type":"ListItem","position":1,"name":"Portada","item":"https:\/\/iha-race.com\/de\/elementor-499\/"},{"@type":"ListItem","position":2,"name":"Shop","item":"https:\/\/iha-race.com\/de\/shop\/"},{"@type":"ListItem","position":3,"name":"3-Blatt 45 mm Gemfan-Propeller (1,5 mm Welle)"}]},{"@type":"WebSite","@id":"https:\/\/iha-race.com\/de\/#website","url":"https:\/\/iha-race.com\/de\/","name":"Iha Race","description":"Comprar drones de carreras FPV env\u00edos en un d\u00eda desde Espa\u00f1a","publisher":{"@id":"https:\/\/iha-race.com\/de\/#organization"},"potentialAction":[{"@type":"SearchAction","target":{"@type":"EntryPoint","urlTemplate":"https:\/\/iha-race.com\/de\/?s={search_term_string}"},"query-input":{"@type":"PropertyValueSpecification","valueRequired":true,"valueName":"search_term_string"}}],"inLanguage":"de"},{"@type":"Organization","@id":"https:\/\/iha-race.com\/de\/#organization","name":"Iha Race","url":"https:\/\/iha-race.com\/de\/","logo":{"@type":"ImageObject","inLanguage":"de","@id":"https:\/\/iha-race.com\/de\/#\/schema\/logo\/image\/","url":"https:\/\/iha-race.com\/wp-content\/uploads\/2018\/07\/iha-race-drones-de-carreras-tienda-comprar-drones.png","contentUrl":"https:\/\/iha-race.com\/wp-content\/uploads\/2018\/07\/iha-race-drones-de-carreras-tienda-comprar-drones.png","width":300,"height":100,"caption":"Iha Race"},"image":{"@id":"https:\/\/iha-race.com\/de\/#\/schema\/logo\/image\/"}}]}},"jetpack_sharing_enabled":true,"brands":[],"_links":{"self":[{"href":"https:\/\/iha-race.com\/de\/wp-json\/wp\/v2\/product\/246246","targetHints":{"allow":["GET"]}}],"collection":[{"href":"https:\/\/iha-race.com\/de\/wp-json\/wp\/v2\/product"}],"about":[{"href":"https:\/\/iha-race.com\/de\/wp-json\/wp\/v2\/types\/product"}],"replies":[{"embeddable":true,"href":"https:\/\/iha-race.com\/de\/wp-json\/wp\/v2\/comments?post=246246"}],"version-history":[{"count":2,"href":"https:\/\/iha-race.com\/de\/wp-json\/wp\/v2\/product\/246246\/revisions"}],"predecessor-version":[{"id":248452,"href":"https:\/\/iha-race.com\/de\/wp-json\/wp\/v2\/product\/246246\/revisions\/248452"}],"wp:featuredmedia":[{"embeddable":true,"href":"https:\/\/iha-race.com\/de\/wp-json\/wp\/v2\/media\/245677"}],"wp:attachment":[{"href":"https:\/\/iha-race.com\/de\/wp-json\/wp\/v2\/media?parent=246246"}],"wp:term":[{"taxonomy":"pwb-brand","embeddable":true,"href":"https:\/\/iha-race.com\/de\/wp-json\/wp\/v2\/pwb-brand?post=246246"},{"taxonomy":"product_cat","embeddable":true,"href":"https:\/\/iha-race.com\/de\/wp-json\/wp\/v2\/product_cat?post=246246"},{"taxonomy":"product_tag","embeddable":true,"href":"https:\/\/iha-race.com\/de\/wp-json\/wp\/v2\/product_tag?post=246246"}],"curies":[{"name":"wp","href":"https:\/\/api.w.org\/{rel}","templated":true}]}}