{"id":246212,"date":"2024-03-22T18:28:32","date_gmt":"2024-03-22T17:28:32","guid":{"rendered":"https:\/\/iha-race.com\/producto\/meteor65-pro-rahmensatz-blau\/"},"modified":"2024-10-17T11:53:04","modified_gmt":"2024-10-17T09:53:04","slug":"meteor65-pro-rahmensatz-blau","status":"publish","type":"product","link":"https:\/\/iha-race.com\/de\/producto\/meteor65-pro-rahmensatz-blau\/","title":{"rendered":"Meteor65 Pro Rahmensatz (Blau)"},"content":{"rendered":"<h1>Meteor65 Pro Rahmensatz (Blau)<\/h1>\n<p>  Das neueste Erscheinungsbild des 65mm 1S Brushless-Rahmens f\u00fcr den Meteor65 Pro Quadcopter. Mit einem sch\u00f6n gestalteten Akkuschacht, der ein niedriges Profil beibeh\u00e4lt, und einer beidseitigen dreieckigen elastischen Struktur der Motorhalterung wiegt dieser Rahmen nur 3,20 g.<span class=\"a-list-item\"> <\/span><\/p>\n<p><img decoding=\"async\" src=\"https:\/\/cdn.shopify.com\/s\/files\/1\/1778\/6615\/files\/FB4-1_3a5ec9f1-068f-4c9c-9537-61859042dedc_1024x1024.jpg?v=1656409933\" alt=\"\"><\/p>\n<h2>Eigenschaften<\/h2>\n<ul>\n<li>Im Vergleich zu fr\u00fcheren 65-mm-Brushless-Rahmen wird durch die niedrige H\u00f6he des Akkuschachts der Schwerpunkt der Drohne gesenkt und das Gef\u00fchl der Kompaktheit verbessert.<\/li>\n<li>Der Platz f\u00fcr die FC-Platte ist begrenzt, um 35-mm-Propeller an einer 65-mm-Drohne zu unterst\u00fctzen. Daher kann dieser Meteor65 Pro-Rahmen nur kreuzf\u00f6rmige FC-Platten tragen. Die normale FC-Hoop-Platte passt NICHT auf diesen Rahmen.<\/li>\n<li>Die Motorhalterung des Meteor65 Pro-Rahmens verwendet eine beidseitige dreieckige elastische Struktur, die den Rahmen \u00e4sthetisch ansprechender macht. Es erm\u00f6glicht Ihnen ein l\u00e4ngeres und reibungsloseres Flugerlebnis.<\/li>\n<li>Der ultraleichte und robuste Rahmen besteht aus PP-Material und wiegt nur 3,20 g. Damit ist er einer der leichtesten Rahmen, die zum F4 1S 5A AIO (ELRS 2.4G) Brushless-Flugregler passen.<\/li>\n<li>Der Rahmen ist f\u00fcr 31-35 mm gro\u00dfe Propeller geeignet, z.B. 35 mm-3 Gemfan-Propeller. Achtung, 35 mm HQ-Propeller. Er ist etwas gr\u00f6\u00dfer und passt NICHT in diesen Rahmen.<\/li>\n<\/ul>\n<h2>Serie von farbigen Rahmen<\/h2>\n<p>  Der Meteor65 Pro Brushless Quadcopter ist bei den meisten Piloten seit seiner Markteinf\u00fchrung immer beliebter geworden. Nicht nur haltbar wie fr\u00fcher, sondern auch farbenfroher. Wir bringen jetzt neue Rahmen mit 10 neuen Farben f\u00fcr Meteor65 Pro heraus. W\u00e4hlen Sie die Farbe, die Ihnen gef\u00e4llt, oder sammeln Sie alle, um die Drohnen zu mischen und anzupassen.  <img decoding=\"async\" src=\"https:\/\/cdn.shopify.com\/s\/files\/1\/1778\/6615\/files\/FB1_62e7d932-8d1b-4949-b975-65ffc6587798_1024x1024.jpg?v=1656412485\" alt=\"\"><\/p>\n<h2>Spezifikationen<\/h2>\n<ul>\n<li>Artikel: Meteor65 Pro Frame<\/li>\n<li>Werkstoff: PP<\/li>\n<li>Gr\u00f6\u00dfe: 65mm<\/li>\n<li>FC-Montagebohrung: 26 mm x 26 mm, kompatibel mit FC-Platten-Montagemuster in Kreuzform. Es ist NICHT mit dem normalen Whoop FC Board kompatibel.<\/li>\n<li>Motoreinbau\u00f6ffnung: F\u00fcr Motor 0802SE 19500KV.<\/li>\n<li>Gewicht: 3.20 g<\/li>\n<li>Geeigneter Propeller: 35 mm oder 31 mm Propeller. Empfehlen Sie 35 mm-3 Gemfan-Propeller. Bitte beachten Sie, dass 35 mm HQ-Propeller etwas gr\u00f6\u00dfer sind und NICHT in diesen Rahmen passen.<\/li>\n<\/ul>\n<p><img decoding=\"async\" src=\"https:\/\/cdn.shopifycdn.net\/s\/files\/1\/1778\/6615\/files\/db333493f539cb9180fe72c38b6ad8cc_600x600.jpg?v=1636020014\" alt=\"\"><\/p>\n<h2 class=\"p1\">Empfohlene Teile<\/h2>\n<p>  Der Meteor65 Pro Rahmen ist nur mit der kreuzf\u00f6rmigen FC-Platte und 35mm-3 Gemfan Propellern kompatibel.  <\/p>\n<ul>\n<li>Propeller: 35 mm und 3-Blatt Gemfan-Zubeh\u00f6r<\/li>\n<li>Triebwerke: Motor 0802SE 19500KV<\/li>\n<li>Akkus: BT2.0 300mAh 1S Akku<\/li>\n<li>FC: B\u00fcrstenloser Flugregler F4 1S 5A AIO (ELRS 2.4G)<\/li>\n<li>Schrauben: Packung mit Motorbefestigungsschrauben der Meteor-Serie (40 Stck.)<\/li>\n<\/ul>\n<p><span style=\"color: #ff2a00;\"><strong>Hinweis: Die normale FC-Hoop-Platte ist NICHT mit diesem Rahmen kompatibel.<\/strong><\/span><\/p>\n<p><span style=\"color: #ff2a00;\"><strong>Hinweis: 35 mm HQ-Propeller sind etwas gr\u00f6\u00dfer und passen NICHT in diesen Rahmen.<\/strong><\/span><\/p>\n<p><img decoding=\"async\" src=\"https:\/\/cdn.shopify.com\/s\/files\/1\/1778\/6615\/files\/019287d85a5ece20b74e63f0e78b066a_dc7a2d39-1caa-408e-bb06-c541a0285799_480x480.jpg?v=1656400986\" alt=\"\"><\/p>\n<h2 class=\"p1\">Das Paket umfasst<\/h2>\n<ul>\n<li>1 x Meteor65 Pro Rahmensatz (NUR BLAUE FARBE)<\/li>\n<\/ul>\n","protected":false},"excerpt":{"rendered":"<p>Meteor65 Pro Rahmensatz (Blau) Das neueste Erscheinungsbild des 65mm 1S Brushless-Rahmens f\u00fcr den Meteor65 Pro Quadcopter. Mit einem sch\u00f6n gestalteten Akkuschacht, der ein niedriges Profil beibeh\u00e4lt, und einer beidseitigen dreieckigen<\/p>\n","protected":false},"featured_media":253963,"comment_status":"open","ping_status":"closed","template":"","meta":{"_joinchat":[]},"pwb-brand":[],"product_cat":[27,3667],"product_tag":[],"class_list":{"0":"post-246212","1":"product","2":"type-product","3":"status-publish","4":"has-post-thumbnail","6":"product_cat-drones-fpv","7":"product_cat-cuadros-frame","9":"first","10":"instock","11":"taxable","12":"shipping-taxable","13":"purchasable","14":"product-type-variable"},"barcode":null,"atum_controlled":true,"out_stock_date":"2025-10-02 23:27:46","out_stock_threshold":null,"inheritable":true,"stock_on_hold":0,"sold_today":0,"sales_last_days":2,"out_stock_days":54,"lost_sales":0,"update_date":"2026-04-18T09:21:43","atum_locations":[],"atum_stock_status":"instock","restock_status":false,"low_stock_amount":"","sales_update_date":"2026-04-18T09:21:43","calc_backorders":null,"yoast_head":"<!-- This site is optimized with the Yoast SEO plugin v27.3 - https:\/\/yoast.com\/product\/yoast-seo-wordpress\/ -->\n<title>Meteor65 Pro Rahmensatz (Blau) - Iha Race<\/title>\n<meta name=\"robots\" content=\"index, follow, max-snippet:-1, max-image-preview:large, max-video-preview:-1\" \/>\n<link rel=\"canonical\" href=\"https:\/\/iha-race.com\/de\/producto\/meteor65-pro-rahmensatz-blau\/\" \/>\n<meta property=\"og:locale\" content=\"de_DE\" \/>\n<meta property=\"og:type\" content=\"article\" \/>\n<meta property=\"og:title\" content=\"Meteor65 Pro Rahmensatz (Blau) - Iha Race\" \/>\n<meta property=\"og:description\" content=\"Meteor65 Pro Rahmensatz (Blau) Das neueste Erscheinungsbild des 65mm 1S Brushless-Rahmens f\u00fcr den Meteor65 Pro Quadcopter. Mit einem sch\u00f6n gestalteten Akkuschacht, der ein niedriges Profil beibeh\u00e4lt, und einer beidseitigen dreieckigen\" \/>\n<meta property=\"og:url\" content=\"https:\/\/iha-race.com\/de\/producto\/meteor65-pro-rahmensatz-blau\/\" \/>\n<meta property=\"og:site_name\" content=\"Iha Race\" \/>\n<meta property=\"article:modified_time\" content=\"2024-10-17T09:53:04+00:00\" \/>\n<meta property=\"og:image\" content=\"https:\/\/iha-race.com\/wp-content\/uploads\/2024\/03\/Kit-de-marco-Meteor65-Pro.webp\" \/>\n\t<meta property=\"og:image:width\" content=\"720\" \/>\n\t<meta property=\"og:image:height\" content=\"720\" \/>\n\t<meta property=\"og:image:type\" content=\"image\/webp\" \/>\n<meta name=\"twitter:card\" content=\"summary_large_image\" \/>\n<meta name=\"twitter:label1\" content=\"Gesch\u00e4tzte Lesezeit\" \/>\n\t<meta name=\"twitter:data1\" content=\"2\u00a0Minuten\" \/>\n<script type=\"application\/ld+json\" class=\"yoast-schema-graph\">{\"@context\":\"https:\\\/\\\/schema.org\",\"@graph\":[{\"@type\":\"WebPage\",\"@id\":\"https:\\\/\\\/iha-race.com\\\/de\\\/producto\\\/meteor65-pro-rahmensatz-blau\\\/\",\"url\":\"https:\\\/\\\/iha-race.com\\\/de\\\/producto\\\/meteor65-pro-rahmensatz-blau\\\/\",\"name\":\"Meteor65 Pro Rahmensatz (Blau) - Iha Race\",\"isPartOf\":{\"@id\":\"https:\\\/\\\/iha-race.com\\\/de\\\/#website\"},\"primaryImageOfPage\":{\"@id\":\"https:\\\/\\\/iha-race.com\\\/de\\\/producto\\\/meteor65-pro-rahmensatz-blau\\\/#primaryimage\"},\"image\":{\"@id\":\"https:\\\/\\\/iha-race.com\\\/de\\\/producto\\\/meteor65-pro-rahmensatz-blau\\\/#primaryimage\"},\"thumbnailUrl\":\"https:\\\/\\\/iha-race.com\\\/wp-content\\\/uploads\\\/2024\\\/03\\\/Cuadro-Whoop-sin-escobillas-Air65.webp\",\"datePublished\":\"2024-03-22T17:28:32+00:00\",\"dateModified\":\"2024-10-17T09:53:04+00:00\",\"breadcrumb\":{\"@id\":\"https:\\\/\\\/iha-race.com\\\/de\\\/producto\\\/meteor65-pro-rahmensatz-blau\\\/#breadcrumb\"},\"inLanguage\":\"de\",\"potentialAction\":[{\"@type\":\"ReadAction\",\"target\":[\"https:\\\/\\\/iha-race.com\\\/de\\\/producto\\\/meteor65-pro-rahmensatz-blau\\\/\"]}]},{\"@type\":\"ImageObject\",\"inLanguage\":\"de\",\"@id\":\"https:\\\/\\\/iha-race.com\\\/de\\\/producto\\\/meteor65-pro-rahmensatz-blau\\\/#primaryimage\",\"url\":\"https:\\\/\\\/iha-race.com\\\/wp-content\\\/uploads\\\/2024\\\/03\\\/Cuadro-Whoop-sin-escobillas-Air65.webp\",\"contentUrl\":\"https:\\\/\\\/iha-race.com\\\/wp-content\\\/uploads\\\/2024\\\/03\\\/Cuadro-Whoop-sin-escobillas-Air65.webp\",\"width\":540,\"height\":540,\"caption\":\"Comprar Cuadro Whoop sin escobillas Air65\"},{\"@type\":\"BreadcrumbList\",\"@id\":\"https:\\\/\\\/iha-race.com\\\/de\\\/producto\\\/meteor65-pro-rahmensatz-blau\\\/#breadcrumb\",\"itemListElement\":[{\"@type\":\"ListItem\",\"position\":1,\"name\":\"Portada\",\"item\":\"https:\\\/\\\/iha-race.com\\\/de\\\/elementor-499\\\/\"},{\"@type\":\"ListItem\",\"position\":2,\"name\":\"Shop\",\"item\":\"https:\\\/\\\/iha-race.com\\\/de\\\/shop\\\/\"},{\"@type\":\"ListItem\",\"position\":3,\"name\":\"Meteor65 Pro Rahmensatz (Blau)\"}]},{\"@type\":\"WebSite\",\"@id\":\"https:\\\/\\\/iha-race.com\\\/de\\\/#website\",\"url\":\"https:\\\/\\\/iha-race.com\\\/de\\\/\",\"name\":\"Iha Race\",\"description\":\"Comprar drones de carreras FPV env\u00edos en un d\u00eda desde Espa\u00f1a\",\"publisher\":{\"@id\":\"https:\\\/\\\/iha-race.com\\\/de\\\/#organization\"},\"potentialAction\":[{\"@type\":\"SearchAction\",\"target\":{\"@type\":\"EntryPoint\",\"urlTemplate\":\"https:\\\/\\\/iha-race.com\\\/de\\\/?s={search_term_string}\"},\"query-input\":{\"@type\":\"PropertyValueSpecification\",\"valueRequired\":true,\"valueName\":\"search_term_string\"}}],\"inLanguage\":\"de\"},{\"@type\":\"Organization\",\"@id\":\"https:\\\/\\\/iha-race.com\\\/de\\\/#organization\",\"name\":\"Iha Race\",\"url\":\"https:\\\/\\\/iha-race.com\\\/de\\\/\",\"logo\":{\"@type\":\"ImageObject\",\"inLanguage\":\"de\",\"@id\":\"https:\\\/\\\/iha-race.com\\\/de\\\/#\\\/schema\\\/logo\\\/image\\\/\",\"url\":\"https:\\\/\\\/iha-race.com\\\/wp-content\\\/uploads\\\/2018\\\/07\\\/iha-race-drones-de-carreras-tienda-comprar-drones.png\",\"contentUrl\":\"https:\\\/\\\/iha-race.com\\\/wp-content\\\/uploads\\\/2018\\\/07\\\/iha-race-drones-de-carreras-tienda-comprar-drones.png\",\"width\":300,\"height\":100,\"caption\":\"Iha Race\"},\"image\":{\"@id\":\"https:\\\/\\\/iha-race.com\\\/de\\\/#\\\/schema\\\/logo\\\/image\\\/\"}}]}<\/script>\n<!-- \/ Yoast SEO plugin. -->","yoast_head_json":{"title":"Meteor65 Pro Rahmensatz (Blau) - Iha Race","robots":{"index":"index","follow":"follow","max-snippet":"max-snippet:-1","max-image-preview":"max-image-preview:large","max-video-preview":"max-video-preview:-1"},"canonical":"https:\/\/iha-race.com\/de\/producto\/meteor65-pro-rahmensatz-blau\/","og_locale":"de_DE","og_type":"article","og_title":"Meteor65 Pro Rahmensatz (Blau) - Iha Race","og_description":"Meteor65 Pro Rahmensatz (Blau) Das neueste Erscheinungsbild des 65mm 1S Brushless-Rahmens f\u00fcr den Meteor65 Pro Quadcopter. Mit einem sch\u00f6n gestalteten Akkuschacht, der ein niedriges Profil beibeh\u00e4lt, und einer beidseitigen dreieckigen","og_url":"https:\/\/iha-race.com\/de\/producto\/meteor65-pro-rahmensatz-blau\/","og_site_name":"Iha Race","article_modified_time":"2024-10-17T09:53:04+00:00","og_image":[{"width":720,"height":720,"url":"https:\/\/iha-race.com\/wp-content\/uploads\/2024\/03\/Kit-de-marco-Meteor65-Pro.webp","type":"image\/webp"}],"twitter_card":"summary_large_image","twitter_misc":{"Gesch\u00e4tzte Lesezeit":"2\u00a0Minuten"},"schema":{"@context":"https:\/\/schema.org","@graph":[{"@type":"WebPage","@id":"https:\/\/iha-race.com\/de\/producto\/meteor65-pro-rahmensatz-blau\/","url":"https:\/\/iha-race.com\/de\/producto\/meteor65-pro-rahmensatz-blau\/","name":"Meteor65 Pro Rahmensatz (Blau) - Iha Race","isPartOf":{"@id":"https:\/\/iha-race.com\/de\/#website"},"primaryImageOfPage":{"@id":"https:\/\/iha-race.com\/de\/producto\/meteor65-pro-rahmensatz-blau\/#primaryimage"},"image":{"@id":"https:\/\/iha-race.com\/de\/producto\/meteor65-pro-rahmensatz-blau\/#primaryimage"},"thumbnailUrl":"https:\/\/iha-race.com\/wp-content\/uploads\/2024\/03\/Cuadro-Whoop-sin-escobillas-Air65.webp","datePublished":"2024-03-22T17:28:32+00:00","dateModified":"2024-10-17T09:53:04+00:00","breadcrumb":{"@id":"https:\/\/iha-race.com\/de\/producto\/meteor65-pro-rahmensatz-blau\/#breadcrumb"},"inLanguage":"de","potentialAction":[{"@type":"ReadAction","target":["https:\/\/iha-race.com\/de\/producto\/meteor65-pro-rahmensatz-blau\/"]}]},{"@type":"ImageObject","inLanguage":"de","@id":"https:\/\/iha-race.com\/de\/producto\/meteor65-pro-rahmensatz-blau\/#primaryimage","url":"https:\/\/iha-race.com\/wp-content\/uploads\/2024\/03\/Cuadro-Whoop-sin-escobillas-Air65.webp","contentUrl":"https:\/\/iha-race.com\/wp-content\/uploads\/2024\/03\/Cuadro-Whoop-sin-escobillas-Air65.webp","width":540,"height":540,"caption":"Comprar Cuadro Whoop sin escobillas Air65"},{"@type":"BreadcrumbList","@id":"https:\/\/iha-race.com\/de\/producto\/meteor65-pro-rahmensatz-blau\/#breadcrumb","itemListElement":[{"@type":"ListItem","position":1,"name":"Portada","item":"https:\/\/iha-race.com\/de\/elementor-499\/"},{"@type":"ListItem","position":2,"name":"Shop","item":"https:\/\/iha-race.com\/de\/shop\/"},{"@type":"ListItem","position":3,"name":"Meteor65 Pro Rahmensatz (Blau)"}]},{"@type":"WebSite","@id":"https:\/\/iha-race.com\/de\/#website","url":"https:\/\/iha-race.com\/de\/","name":"Iha Race","description":"Comprar drones de carreras FPV env\u00edos en un d\u00eda desde Espa\u00f1a","publisher":{"@id":"https:\/\/iha-race.com\/de\/#organization"},"potentialAction":[{"@type":"SearchAction","target":{"@type":"EntryPoint","urlTemplate":"https:\/\/iha-race.com\/de\/?s={search_term_string}"},"query-input":{"@type":"PropertyValueSpecification","valueRequired":true,"valueName":"search_term_string"}}],"inLanguage":"de"},{"@type":"Organization","@id":"https:\/\/iha-race.com\/de\/#organization","name":"Iha Race","url":"https:\/\/iha-race.com\/de\/","logo":{"@type":"ImageObject","inLanguage":"de","@id":"https:\/\/iha-race.com\/de\/#\/schema\/logo\/image\/","url":"https:\/\/iha-race.com\/wp-content\/uploads\/2018\/07\/iha-race-drones-de-carreras-tienda-comprar-drones.png","contentUrl":"https:\/\/iha-race.com\/wp-content\/uploads\/2018\/07\/iha-race-drones-de-carreras-tienda-comprar-drones.png","width":300,"height":100,"caption":"Iha Race"},"image":{"@id":"https:\/\/iha-race.com\/de\/#\/schema\/logo\/image\/"}}]}},"jetpack_sharing_enabled":true,"brands":[],"_links":{"self":[{"href":"https:\/\/iha-race.com\/de\/wp-json\/wp\/v2\/product\/246212","targetHints":{"allow":["GET"]}}],"collection":[{"href":"https:\/\/iha-race.com\/de\/wp-json\/wp\/v2\/product"}],"about":[{"href":"https:\/\/iha-race.com\/de\/wp-json\/wp\/v2\/types\/product"}],"replies":[{"embeddable":true,"href":"https:\/\/iha-race.com\/de\/wp-json\/wp\/v2\/comments?post=246212"}],"version-history":[{"count":1,"href":"https:\/\/iha-race.com\/de\/wp-json\/wp\/v2\/product\/246212\/revisions"}],"predecessor-version":[{"id":248418,"href":"https:\/\/iha-race.com\/de\/wp-json\/wp\/v2\/product\/246212\/revisions\/248418"}],"wp:featuredmedia":[{"embeddable":true,"href":"https:\/\/iha-race.com\/de\/wp-json\/wp\/v2\/media\/253963"}],"wp:attachment":[{"href":"https:\/\/iha-race.com\/de\/wp-json\/wp\/v2\/media?parent=246212"}],"wp:term":[{"taxonomy":"pwb-brand","embeddable":true,"href":"https:\/\/iha-race.com\/de\/wp-json\/wp\/v2\/pwb-brand?post=246212"},{"taxonomy":"product_cat","embeddable":true,"href":"https:\/\/iha-race.com\/de\/wp-json\/wp\/v2\/product_cat?post=246212"},{"taxonomy":"product_tag","embeddable":true,"href":"https:\/\/iha-race.com\/de\/wp-json\/wp\/v2\/product_tag?post=246212"}],"curies":[{"name":"wp","href":"https:\/\/api.w.org\/{rel}","templated":true}]}}