{"id":246204,"date":"2024-04-11T17:34:52","date_gmt":"2024-04-11T15:34:52","guid":{"rendered":"https:\/\/iha-race.com\/producto\/foxeer-mini-cat-3-1200tvl-0-00001lux-starlight-fpv-kamera\/"},"modified":"2024-08-29T11:19:09","modified_gmt":"2024-08-29T09:19:09","slug":"foxeer-mini-cat-3-1200tvl-0-00001lux-starlight-fpv-kamera","status":"publish","type":"product","link":"https:\/\/iha-race.com\/de\/producto\/foxeer-mini-cat-3-1200tvl-0-00001lux-starlight-fpv-kamera\/","title":{"rendered":"Foxeer Mini Cat 3 1200TVL 0.00001Lux StarLight FPV Kamera"},"content":{"rendered":"<h2>Foxeer Mini Cat 3 1200TVL 0.00001Lux StarLight FPV Kamera<\/h2>\n<h3>Eigenschaften<\/h3>\n<table class=\"table table-bordered\" style=\"height: 748px;\" width=\"1030\">\n<tbody>\n<tr>\n<td valign=\"center\" width=\"189\"><span>Sensor-Typ<\/span><\/td>\n<td valign=\"center\" width=\"413\"><span>1\/3&#8243; CMOS-Sensor<\/span><\/td>\n<\/tr>\n<tr>\n<td valign=\"center\"><span>Ma\u00dfstab<\/span><\/td>\n<td valign=\"center\"><span>4:3 (Standard)\/ 16:9 umschaltbar<\/span><\/td>\n<\/tr>\n<tr>\n<td valign=\"center\"><span>Fernsehsystem<\/span><\/td>\n<td valign=\"center\"><span>PAL (Standard)\/NTSC umschaltbar<\/span><\/td>\n<\/tr>\n<tr>\n<td valign=\"center\"><span>Aufl\u00f6sung<\/span><\/td>\n<td valign=\"center\"><span>1200TVL<\/span><\/td>\n<\/tr>\n<tr>\n<td valign=\"center\"><span>Objektiv<\/span><\/td>\n<td valign=\"center\"><span>2,1 mm M12 Objektiv f\u00fcr schwaches Licht<\/span><\/td>\n<\/tr>\n<tr>\n<td rowspan=\"2\" valign=\"center\"><span>Sichtfeld<\/span><\/td>\n<td valign=\"center\"><span>4:3 FOV-H: 100\u00b0 FOV-D: 125\u00b0 FOV-D:125<\/span><\/td>\n<\/tr>\n<tr>\n<td valign=\"center\"><span>16:9 FOV-H: 100\u00b0 FOV-D:115\u00b0 FOV-D:115\u00b0 16:9 FOV-H: 100\u00b0 FOV-D:115<\/span><\/td>\n<\/tr>\n<tr>\n<td valign=\"center\"><span>Verschlusszeit<\/span><\/td>\n<td valign=\"center\"><span>PAL 1\/25~1\/10000 sec; NTSC 1\/30~1\/10000 sec.<\/span><\/td>\n<\/tr>\n<tr>\n<td valign=\"center\"><span>Video-Ausgang<\/span><\/td>\n<td valign=\"center\"><span>Analoges CVBS-Signal<\/span><\/td>\n<\/tr>\n<tr>\n<td valign=\"center\"><span>minimale Beleuchtungsst\u00e4rke<\/span><\/td>\n<td valign=\"center\"><span>0,00001lux<\/span><\/td>\n<\/tr>\n<tr>\n<td valign=\"center\"><span>Wei\u00dfabgleich<\/span><\/td>\n<td valign=\"center\"><span>Auto<\/span><\/td>\n<\/tr>\n<tr>\n<td valign=\"center\"><span>DNR<\/span><\/td>\n<td valign=\"center\"><span>3DNR<\/span><\/td>\n<\/tr>\n<tr>\n<td valign=\"center\"><span>WDR<\/span><\/td>\n<td valign=\"center\"><span>100dB<\/span><\/td>\n<\/tr>\n<tr>\n<td valign=\"center\"><span>TAG\/NACHTAG<\/span><\/td>\n<td valign=\"center\"><span>EXT\/Auto\/Auto\/Farbe\/B\/W<\/span><\/td>\n<\/tr>\n<tr>\n<td valign=\"center\"><span>Flug OSD<\/span><\/td>\n<td valign=\"center\"><span>Spannung\/Kameratitel\/Zeit<\/span><\/td>\n<\/tr>\n<tr>\n<td valign=\"center\"><span>Eingangsspannung<\/span><\/td>\n<td valign=\"center\"><span>4,6 V ~ 20 V<\/span><\/td>\n<\/tr>\n<tr>\n<td valign=\"center\"><span>Sprache<\/span><\/td>\n<td valign=\"center\"><span>ENGLISCH \/\u4e2d\u6587\/ PYCCKNN \/ ESPANOL \/ ITALIANO \/FRANCAIS\/POLSKIM\/ PORTUGUES \/ \u65e5\u672c\u8bed \/ EAAHNIKA<\/span><\/td>\n<\/tr>\n<tr>\n<td valign=\"center\"><span>Arbeitstemperatur<\/span><\/td>\n<td valign=\"center\"><span>-10\u00b0~50\u00b0C HR90% MAX.<\/span><\/td>\n<\/tr>\n<tr>\n<td valign=\"center\"><span>Luftfeuchtigkeit bei der Arbeit<\/span><\/td>\n<td valign=\"center\"><span>20~80%<\/span><\/td>\n<\/tr>\n<tr>\n<td valign=\"center\"><span>Lagertemperatur<\/span><\/td>\n<td valign=\"center\"><span>-20\u00b0~70\u00b0C<\/span><\/td>\n<\/tr>\n<tr>\n<td valign=\"center\"><span>Verbrauch<\/span><\/td>\n<td valign=\"center\"><span>95mA\u00b115% @ DC 12V<\/span><\/td>\n<\/tr>\n<tr>\n<td valign=\"center\"><span>Abmessungen<\/span><\/td>\n<td valign=\"center\"><span>22*22mm; 28*22 (mit St\u00e4nder)<\/span><\/td>\n<\/tr>\n<tr>\n<td valign=\"center\"><span>Gewicht<\/span><\/td>\n<td valign=\"center\"><span>12,2 g (ohne Kabel)<\/span><\/td>\n<\/tr>\n<\/tbody>\n<\/table>\n<p><img decoding=\"async\" src=\"https:\/\/inew.foxeer.com\/upload\/image\/20210120\/20210120200641_57980.jpg\"><img decoding=\"async\" src=\"https:\/\/inew.foxeer.com\/upload\/image\/20210120\/20210120200702_51647.jpg\"><img decoding=\"async\" src=\"https:\/\/inew.foxeer.com\/upload\/image\/20210120\/20210120200725_16672.jpg\"><\/p>\n<h3>Das Paket umfasst<\/h3>\n<ul>\n<li>1 x Foxeer Mini Cat 3 1200TVL 0.00001Lux StarLight FPV Kamera<\/li>\n<li>12 x Schrauben<\/li>\n<li>6 x Unterlegscheiben<\/li>\n<li>1x osd-Platte<\/li>\n<li>1x osd pin Kabel<\/li>\n<li>1x Servokabel<\/li>\n<li>1 x Halterung<\/li>\n<\/ul>\n","protected":false},"excerpt":{"rendered":"<p>Foxeer Mini Cat 3 1200TVL 0.00001Lux StarLight FPV Kamera Eigenschaften Sensor-Typ 1\/3&#8243; CMOS-Sensor Ma\u00dfstab 4:3 (Standard)\/ 16:9 umschaltbar Fernsehsystem PAL (Standard)\/NTSC umschaltbar Aufl\u00f6sung 1200TVL Objektiv 2,1 mm M12 Objektiv f\u00fcr<\/p>\n","protected":false},"featured_media":245535,"comment_status":"open","ping_status":"closed","template":"","meta":{"_joinchat":[]},"pwb-brand":[],"product_cat":[2407,41],"product_tag":[],"class_list":{"0":"post-246204","1":"product","2":"type-product","3":"status-publish","4":"has-post-thumbnail","6":"product_cat-camaras-analogicas","7":"product_cat-camaras","9":"first","10":"instock","11":"taxable","12":"shipping-taxable","13":"purchasable","14":"product-type-simple"},"barcode":null,"atum_controlled":true,"out_stock_date":null,"out_stock_threshold":null,"inheritable":false,"stock_on_hold":0,"sold_today":0,"sales_last_days":0,"out_stock_days":0,"lost_sales":0,"update_date":"2026-04-18T09:21:43","atum_locations":[],"atum_stock_status":"instock","restock_status":false,"low_stock_amount":"","sales_update_date":"2026-04-18T09:21:43","calc_backorders":null,"yoast_head":"<!-- This site is optimized with the Yoast SEO plugin v27.3 - https:\/\/yoast.com\/product\/yoast-seo-wordpress\/ -->\n<title>Foxeer Mini Cat 3 1200TVL 0.00001Lux StarLight FPV Kamera - Iha Race<\/title>\n<meta name=\"robots\" content=\"index, follow, max-snippet:-1, max-image-preview:large, max-video-preview:-1\" \/>\n<link rel=\"canonical\" href=\"https:\/\/iha-race.com\/de\/producto\/foxeer-mini-cat-3-1200tvl-0-00001lux-starlight-fpv-kamera\/\" \/>\n<meta property=\"og:locale\" content=\"de_DE\" \/>\n<meta property=\"og:type\" content=\"article\" \/>\n<meta property=\"og:title\" content=\"Foxeer Mini Cat 3 1200TVL 0.00001Lux StarLight FPV Kamera - Iha Race\" \/>\n<meta property=\"og:description\" content=\"Foxeer Mini Cat 3 1200TVL 0.00001Lux StarLight FPV Kamera Eigenschaften Sensor-Typ 1\/3&#8243; CMOS-Sensor Ma\u00dfstab 4:3 (Standard)\/ 16:9 umschaltbar Fernsehsystem PAL (Standard)\/NTSC umschaltbar Aufl\u00f6sung 1200TVL Objektiv 2,1 mm M12 Objektiv f\u00fcr\" \/>\n<meta property=\"og:url\" content=\"https:\/\/iha-race.com\/de\/producto\/foxeer-mini-cat-3-1200tvl-0-00001lux-starlight-fpv-kamera\/\" \/>\n<meta property=\"og:site_name\" content=\"Iha Race\" \/>\n<meta property=\"article:modified_time\" content=\"2024-08-29T09:19:09+00:00\" \/>\n<meta property=\"og:image\" content=\"https:\/\/iha-race.com\/wp-content\/uploads\/2024\/04\/Camara-Foxeer-Mini-Cat-3-1200TVL-0.00001Lux-StarLight-FPV.jpg\" \/>\n\t<meta property=\"og:image:width\" content=\"800\" \/>\n\t<meta property=\"og:image:height\" content=\"800\" \/>\n\t<meta property=\"og:image:type\" content=\"image\/jpeg\" \/>\n<meta name=\"twitter:card\" content=\"summary_large_image\" \/>\n<meta name=\"twitter:label1\" content=\"Gesch\u00e4tzte Lesezeit\" \/>\n\t<meta name=\"twitter:data1\" content=\"1\u00a0Minute\" \/>\n<script type=\"application\/ld+json\" class=\"yoast-schema-graph\">{\"@context\":\"https:\\\/\\\/schema.org\",\"@graph\":[{\"@type\":\"WebPage\",\"@id\":\"https:\\\/\\\/iha-race.com\\\/de\\\/producto\\\/foxeer-mini-cat-3-1200tvl-0-00001lux-starlight-fpv-kamera\\\/\",\"url\":\"https:\\\/\\\/iha-race.com\\\/de\\\/producto\\\/foxeer-mini-cat-3-1200tvl-0-00001lux-starlight-fpv-kamera\\\/\",\"name\":\"Foxeer Mini Cat 3 1200TVL 0.00001Lux StarLight FPV Kamera - Iha Race\",\"isPartOf\":{\"@id\":\"https:\\\/\\\/iha-race.com\\\/de\\\/#website\"},\"primaryImageOfPage\":{\"@id\":\"https:\\\/\\\/iha-race.com\\\/de\\\/producto\\\/foxeer-mini-cat-3-1200tvl-0-00001lux-starlight-fpv-kamera\\\/#primaryimage\"},\"image\":{\"@id\":\"https:\\\/\\\/iha-race.com\\\/de\\\/producto\\\/foxeer-mini-cat-3-1200tvl-0-00001lux-starlight-fpv-kamera\\\/#primaryimage\"},\"thumbnailUrl\":\"https:\\\/\\\/iha-race.com\\\/wp-content\\\/uploads\\\/2024\\\/04\\\/Camara-Foxeer-Mini-Cat-3-1200TVL-0.00001Lux-StarLight-FPV.jpg\",\"datePublished\":\"2024-04-11T15:34:52+00:00\",\"dateModified\":\"2024-08-29T09:19:09+00:00\",\"breadcrumb\":{\"@id\":\"https:\\\/\\\/iha-race.com\\\/de\\\/producto\\\/foxeer-mini-cat-3-1200tvl-0-00001lux-starlight-fpv-kamera\\\/#breadcrumb\"},\"inLanguage\":\"de\",\"potentialAction\":[{\"@type\":\"ReadAction\",\"target\":[\"https:\\\/\\\/iha-race.com\\\/de\\\/producto\\\/foxeer-mini-cat-3-1200tvl-0-00001lux-starlight-fpv-kamera\\\/\"]}]},{\"@type\":\"ImageObject\",\"inLanguage\":\"de\",\"@id\":\"https:\\\/\\\/iha-race.com\\\/de\\\/producto\\\/foxeer-mini-cat-3-1200tvl-0-00001lux-starlight-fpv-kamera\\\/#primaryimage\",\"url\":\"https:\\\/\\\/iha-race.com\\\/wp-content\\\/uploads\\\/2024\\\/04\\\/Camara-Foxeer-Mini-Cat-3-1200TVL-0.00001Lux-StarLight-FPV.jpg\",\"contentUrl\":\"https:\\\/\\\/iha-race.com\\\/wp-content\\\/uploads\\\/2024\\\/04\\\/Camara-Foxeer-Mini-Cat-3-1200TVL-0.00001Lux-StarLight-FPV.jpg\",\"width\":800,\"height\":800},{\"@type\":\"BreadcrumbList\",\"@id\":\"https:\\\/\\\/iha-race.com\\\/de\\\/producto\\\/foxeer-mini-cat-3-1200tvl-0-00001lux-starlight-fpv-kamera\\\/#breadcrumb\",\"itemListElement\":[{\"@type\":\"ListItem\",\"position\":1,\"name\":\"Portada\",\"item\":\"https:\\\/\\\/iha-race.com\\\/de\\\/elementor-499\\\/\"},{\"@type\":\"ListItem\",\"position\":2,\"name\":\"Shop\",\"item\":\"https:\\\/\\\/iha-race.com\\\/de\\\/shop\\\/\"},{\"@type\":\"ListItem\",\"position\":3,\"name\":\"Foxeer Mini Cat 3 1200TVL 0.00001Lux StarLight FPV Kamera\"}]},{\"@type\":\"WebSite\",\"@id\":\"https:\\\/\\\/iha-race.com\\\/de\\\/#website\",\"url\":\"https:\\\/\\\/iha-race.com\\\/de\\\/\",\"name\":\"Iha Race\",\"description\":\"Comprar drones de carreras FPV env\u00edos en un d\u00eda desde Espa\u00f1a\",\"publisher\":{\"@id\":\"https:\\\/\\\/iha-race.com\\\/de\\\/#organization\"},\"potentialAction\":[{\"@type\":\"SearchAction\",\"target\":{\"@type\":\"EntryPoint\",\"urlTemplate\":\"https:\\\/\\\/iha-race.com\\\/de\\\/?s={search_term_string}\"},\"query-input\":{\"@type\":\"PropertyValueSpecification\",\"valueRequired\":true,\"valueName\":\"search_term_string\"}}],\"inLanguage\":\"de\"},{\"@type\":\"Organization\",\"@id\":\"https:\\\/\\\/iha-race.com\\\/de\\\/#organization\",\"name\":\"Iha Race\",\"url\":\"https:\\\/\\\/iha-race.com\\\/de\\\/\",\"logo\":{\"@type\":\"ImageObject\",\"inLanguage\":\"de\",\"@id\":\"https:\\\/\\\/iha-race.com\\\/de\\\/#\\\/schema\\\/logo\\\/image\\\/\",\"url\":\"https:\\\/\\\/iha-race.com\\\/wp-content\\\/uploads\\\/2018\\\/07\\\/iha-race-drones-de-carreras-tienda-comprar-drones.png\",\"contentUrl\":\"https:\\\/\\\/iha-race.com\\\/wp-content\\\/uploads\\\/2018\\\/07\\\/iha-race-drones-de-carreras-tienda-comprar-drones.png\",\"width\":300,\"height\":100,\"caption\":\"Iha Race\"},\"image\":{\"@id\":\"https:\\\/\\\/iha-race.com\\\/de\\\/#\\\/schema\\\/logo\\\/image\\\/\"}}]}<\/script>\n<!-- \/ Yoast SEO plugin. -->","yoast_head_json":{"title":"Foxeer Mini Cat 3 1200TVL 0.00001Lux StarLight FPV Kamera - Iha Race","robots":{"index":"index","follow":"follow","max-snippet":"max-snippet:-1","max-image-preview":"max-image-preview:large","max-video-preview":"max-video-preview:-1"},"canonical":"https:\/\/iha-race.com\/de\/producto\/foxeer-mini-cat-3-1200tvl-0-00001lux-starlight-fpv-kamera\/","og_locale":"de_DE","og_type":"article","og_title":"Foxeer Mini Cat 3 1200TVL 0.00001Lux StarLight FPV Kamera - Iha Race","og_description":"Foxeer Mini Cat 3 1200TVL 0.00001Lux StarLight FPV Kamera Eigenschaften Sensor-Typ 1\/3&#8243; CMOS-Sensor Ma\u00dfstab 4:3 (Standard)\/ 16:9 umschaltbar Fernsehsystem PAL (Standard)\/NTSC umschaltbar Aufl\u00f6sung 1200TVL Objektiv 2,1 mm M12 Objektiv f\u00fcr","og_url":"https:\/\/iha-race.com\/de\/producto\/foxeer-mini-cat-3-1200tvl-0-00001lux-starlight-fpv-kamera\/","og_site_name":"Iha Race","article_modified_time":"2024-08-29T09:19:09+00:00","og_image":[{"width":800,"height":800,"url":"https:\/\/iha-race.com\/wp-content\/uploads\/2024\/04\/Camara-Foxeer-Mini-Cat-3-1200TVL-0.00001Lux-StarLight-FPV.jpg","type":"image\/jpeg"}],"twitter_card":"summary_large_image","twitter_misc":{"Gesch\u00e4tzte Lesezeit":"1\u00a0Minute"},"schema":{"@context":"https:\/\/schema.org","@graph":[{"@type":"WebPage","@id":"https:\/\/iha-race.com\/de\/producto\/foxeer-mini-cat-3-1200tvl-0-00001lux-starlight-fpv-kamera\/","url":"https:\/\/iha-race.com\/de\/producto\/foxeer-mini-cat-3-1200tvl-0-00001lux-starlight-fpv-kamera\/","name":"Foxeer Mini Cat 3 1200TVL 0.00001Lux StarLight FPV Kamera - Iha Race","isPartOf":{"@id":"https:\/\/iha-race.com\/de\/#website"},"primaryImageOfPage":{"@id":"https:\/\/iha-race.com\/de\/producto\/foxeer-mini-cat-3-1200tvl-0-00001lux-starlight-fpv-kamera\/#primaryimage"},"image":{"@id":"https:\/\/iha-race.com\/de\/producto\/foxeer-mini-cat-3-1200tvl-0-00001lux-starlight-fpv-kamera\/#primaryimage"},"thumbnailUrl":"https:\/\/iha-race.com\/wp-content\/uploads\/2024\/04\/Camara-Foxeer-Mini-Cat-3-1200TVL-0.00001Lux-StarLight-FPV.jpg","datePublished":"2024-04-11T15:34:52+00:00","dateModified":"2024-08-29T09:19:09+00:00","breadcrumb":{"@id":"https:\/\/iha-race.com\/de\/producto\/foxeer-mini-cat-3-1200tvl-0-00001lux-starlight-fpv-kamera\/#breadcrumb"},"inLanguage":"de","potentialAction":[{"@type":"ReadAction","target":["https:\/\/iha-race.com\/de\/producto\/foxeer-mini-cat-3-1200tvl-0-00001lux-starlight-fpv-kamera\/"]}]},{"@type":"ImageObject","inLanguage":"de","@id":"https:\/\/iha-race.com\/de\/producto\/foxeer-mini-cat-3-1200tvl-0-00001lux-starlight-fpv-kamera\/#primaryimage","url":"https:\/\/iha-race.com\/wp-content\/uploads\/2024\/04\/Camara-Foxeer-Mini-Cat-3-1200TVL-0.00001Lux-StarLight-FPV.jpg","contentUrl":"https:\/\/iha-race.com\/wp-content\/uploads\/2024\/04\/Camara-Foxeer-Mini-Cat-3-1200TVL-0.00001Lux-StarLight-FPV.jpg","width":800,"height":800},{"@type":"BreadcrumbList","@id":"https:\/\/iha-race.com\/de\/producto\/foxeer-mini-cat-3-1200tvl-0-00001lux-starlight-fpv-kamera\/#breadcrumb","itemListElement":[{"@type":"ListItem","position":1,"name":"Portada","item":"https:\/\/iha-race.com\/de\/elementor-499\/"},{"@type":"ListItem","position":2,"name":"Shop","item":"https:\/\/iha-race.com\/de\/shop\/"},{"@type":"ListItem","position":3,"name":"Foxeer Mini Cat 3 1200TVL 0.00001Lux StarLight FPV Kamera"}]},{"@type":"WebSite","@id":"https:\/\/iha-race.com\/de\/#website","url":"https:\/\/iha-race.com\/de\/","name":"Iha Race","description":"Comprar drones de carreras FPV env\u00edos en un d\u00eda desde Espa\u00f1a","publisher":{"@id":"https:\/\/iha-race.com\/de\/#organization"},"potentialAction":[{"@type":"SearchAction","target":{"@type":"EntryPoint","urlTemplate":"https:\/\/iha-race.com\/de\/?s={search_term_string}"},"query-input":{"@type":"PropertyValueSpecification","valueRequired":true,"valueName":"search_term_string"}}],"inLanguage":"de"},{"@type":"Organization","@id":"https:\/\/iha-race.com\/de\/#organization","name":"Iha Race","url":"https:\/\/iha-race.com\/de\/","logo":{"@type":"ImageObject","inLanguage":"de","@id":"https:\/\/iha-race.com\/de\/#\/schema\/logo\/image\/","url":"https:\/\/iha-race.com\/wp-content\/uploads\/2018\/07\/iha-race-drones-de-carreras-tienda-comprar-drones.png","contentUrl":"https:\/\/iha-race.com\/wp-content\/uploads\/2018\/07\/iha-race-drones-de-carreras-tienda-comprar-drones.png","width":300,"height":100,"caption":"Iha Race"},"image":{"@id":"https:\/\/iha-race.com\/de\/#\/schema\/logo\/image\/"}}]}},"jetpack_sharing_enabled":true,"brands":[],"_links":{"self":[{"href":"https:\/\/iha-race.com\/de\/wp-json\/wp\/v2\/product\/246204","targetHints":{"allow":["GET"]}}],"collection":[{"href":"https:\/\/iha-race.com\/de\/wp-json\/wp\/v2\/product"}],"about":[{"href":"https:\/\/iha-race.com\/de\/wp-json\/wp\/v2\/types\/product"}],"replies":[{"embeddable":true,"href":"https:\/\/iha-race.com\/de\/wp-json\/wp\/v2\/comments?post=246204"}],"version-history":[{"count":1,"href":"https:\/\/iha-race.com\/de\/wp-json\/wp\/v2\/product\/246204\/revisions"}],"predecessor-version":[{"id":248451,"href":"https:\/\/iha-race.com\/de\/wp-json\/wp\/v2\/product\/246204\/revisions\/248451"}],"wp:featuredmedia":[{"embeddable":true,"href":"https:\/\/iha-race.com\/de\/wp-json\/wp\/v2\/media\/245535"}],"wp:attachment":[{"href":"https:\/\/iha-race.com\/de\/wp-json\/wp\/v2\/media?parent=246204"}],"wp:term":[{"taxonomy":"pwb-brand","embeddable":true,"href":"https:\/\/iha-race.com\/de\/wp-json\/wp\/v2\/pwb-brand?post=246204"},{"taxonomy":"product_cat","embeddable":true,"href":"https:\/\/iha-race.com\/de\/wp-json\/wp\/v2\/product_cat?post=246204"},{"taxonomy":"product_tag","embeddable":true,"href":"https:\/\/iha-race.com\/de\/wp-json\/wp\/v2\/product_tag?post=246204"}],"curies":[{"name":"wp","href":"https:\/\/api.w.org\/{rel}","templated":true}]}}