{"id":246176,"date":"2024-04-11T17:06:25","date_gmt":"2024-04-11T15:06:25","guid":{"rendered":"https:\/\/iha-race.com\/producto\/24-ghz-expresslrs-gr-01-empfaenger-fuer-dji-rs-kamera-gimbal\/"},"modified":"2024-08-29T11:18:49","modified_gmt":"2024-08-29T09:18:49","slug":"24-ghz-expresslrs-gr-01-empfaenger-fuer-dji-rs-kamera-gimbal","status":"publish","type":"product","link":"https:\/\/iha-race.com\/de\/producto\/24-ghz-expresslrs-gr-01-empfaenger-fuer-dji-rs-kamera-gimbal\/","title":{"rendered":"2,4 GHz ExpressLRS GR-01 Empf\u00e4nger f\u00fcr DJI RS Kamera-Gimbal"},"content":{"rendered":"<h3>2,4 GHz ExpressLRS GR-01 Empf\u00e4nger f\u00fcr DJI RS Kamera-Gimbal<\/h3>\n<p><span>Der GR-01 ExpressLRS 2,4 GHz Empf\u00e4nger wurde f\u00fcr Cinelifter-Setups mit den DJI RS2 und RS3 Pro Gimbal-Plattformen entwickelt. Der GR-01 wurde f\u00fcr den professionellen Einsatz und eine einfache Installation entwickelt und verf\u00fcgt \u00fcber ein robustes Aluminiumgeh\u00e4use und eine integrierte USB-C-Schnittstelle f\u00fcr einfache Firmware-Updates. Im Lieferumfang sind zwei Antennen enthalten, mit denen Sie den Empf\u00e4nger optimal f\u00fcr Ihre individuelle L\u00f6sung konfigurieren k\u00f6nnen. \u00dcbernehmen Sie die Kontrolle \u00fcber Ihren RS Gimbal wie nie zuvor und verbessern Sie Ihr filmisches Spiel mit dem RadioMaster GR-01.<\/span><\/p>\n<p style=\"text-align: start;\"><img decoding=\"async\" style=\"float: none;\" src=\"https:\/\/cdn.shopify.com\/s\/files\/1\/0609\/8324\/7079\/files\/GR01-Detail-PC_01_1024x1024.jpg?v=1704864033\" alt=\"2,4 GHz ExpressLRS GR-01 Empf\u00e4nger f\u00fcr DJI RS Kamera-Gimbal\"><\/p>\n<h2 style=\"text-align: start;\"><span>Eigenschaften<\/span><\/h2>\n<ul>\n<li><span>Kompatibel mit DJI RS2 und RS3 Pro Kamera-Gimbals<\/span><\/li>\n<li><span>Professionelles und langlebiges CNC-Geh\u00e4use<\/span><\/li>\n<li><span>Bequeme Direktmontage am NATO-Anschluss<\/span><\/li>\n<li><span>Integrierter USB-C-Anschluss f\u00fcr einfache Firmware-Updates<\/span><\/li>\n<li><span>Auswechselbare 2.4 Ghz Antennen<\/span><\/li>\n<\/ul>\n<h2><span>Spezifikationen<\/span><\/h2>\n<ul>\n<li><span>Artikel: GR-01 ExpressLRS 2.4 GHz Empf\u00e4nger<\/span><\/li>\n<li><span>Frequenz: ISM2400MHz (2,4 GHz)<\/span><\/li>\n<li><span>MCU:ESP8285<\/span><\/li>\n<li><span>RF-Chip: SEMTECH SX1281<\/span><\/li>\n<li><span>Antenne: 2,4 GHz Rundstrahlantenne<\/span><\/li>\n<li><span>Frequenzbereich: 2400 MHz bis 2480 MHz<\/span><\/li>\n<li><span>Firmware-Version: ExpressLRS v3.3.0<\/span><\/li>\n<li><span>FW Ziel: RadioMaster RP1\/2 2400 RX<\/span><\/li>\n<li><span>Ausgabeprotokoll: DJI RS Pro<\/span><\/li>\n<li><span>Methode zum Flashen der Firmware: UART oder Wifi<\/span><\/li>\n<li><span>Anschlusstyp: NATO-Anschluss<\/span><\/li>\n<li><span>Spannung: 5V<\/span><\/li>\n<li><span>Gewicht: 18,80 g (ohne Antenne)<\/span><\/li>\n<li><span>Abmessungen: 43,00\u00d727,70\u00d727,50 mm<\/span><\/li>\n<\/ul>\n<p>&nbsp;<\/p>\n<p style=\"text-align: start;\"><img decoding=\"async\" style=\"float: none;\" src=\"https:\/\/cdn.shopify.com\/s\/files\/1\/0609\/8324\/7079\/files\/GR01-Detail-PC_02_1024x1024.jpg?v=1704864041\" alt=\"2,4 GHz ExpressLRS GR-01 Empf\u00e4nger f\u00fcr DJI RS Kamera-Gimbal\"><img decoding=\"async\" style=\"float: none;\" src=\"https:\/\/cdn.shopify.com\/s\/files\/1\/0609\/8324\/7079\/files\/GR01-Detail-PC_03_1024x1024.jpg?v=1704864050\" alt=\"2,4 GHz ExpressLRS GR-01 Empf\u00e4nger f\u00fcr DJI RS Kamera-Gimbal\"><img decoding=\"async\" style=\"float: none;\" src=\"https:\/\/cdn.shopify.com\/s\/files\/1\/0609\/8324\/7079\/files\/GR01-Detail-PC_04_1024x1024.jpg?v=1704864057\" alt=\"2,4 GHz ExpressLRS GR-01 Empf\u00e4nger f\u00fcr DJI RS Kamera-Gimbal\"><img decoding=\"async\" style=\"float: none;\" src=\"https:\/\/cdn.shopify.com\/s\/files\/1\/0609\/8324\/7079\/files\/GR01-Detail-PC_05_1024x1024.jpg?v=1704864069\" alt=\"2,4 GHz ExpressLRS GR-01 Empf\u00e4nger f\u00fcr DJI RS Kamera-Gimbal\"><img decoding=\"async\" style=\"float: none;\" src=\"https:\/\/cdn.shopify.com\/s\/files\/1\/0609\/8324\/7079\/files\/GR01-Detail-PC_08_1024x1024.jpg?v=1704864081\" alt=\"2,4 GHz ExpressLRS GR-01 Empf\u00e4nger f\u00fcr DJI RS Kamera-Gimbal\"><\/p>\n<h2 style=\"text-align: start;\"><span>Wie man den Gimbal koppelt<\/span><\/h2>\n<p><strong><span>Schalten Sie den Rx 3 Mal schnell \u00fcber den USB-C-Anschluss ein.<\/span><\/strong><br \/>\n<span>Die gr\u00fcne LED blinkt zweimal, wenn sich der Rx im Bindungsmodus befindet.<\/span><br \/>\n<span>Geben Sie das ExpressLRS-LUA-Skript in Ihr Radio ein und dr\u00fccken Sie [BIND]. Die LED leuchtet durchgehend gr\u00fcn &#8222;ON&#8220;, wenn die Kopplung erfolgreich war.<\/span><\/p>\n<p><strong><span>Alternativ k\u00f6nnen Sie auch die ExpressLRS Linkphrase-Methode verwenden, um den Link zu erstellen.<\/span><\/strong><br \/>\n<span>Vergewissern Sie sich nach einem erfolgreichen Bindungsvorgang, dass das Ausgabeprotokoll &#8222;DJI RS Pro&#8220; lautet. Kehren Sie zum Hauptmen\u00fc zur\u00fcck und rufen Sie ExpressLRS LUA erneut auf. Gehen Sie zu &#8222;Andere Ger\u00e4te&#8220; am unteren Rand des Bildschirms, w\u00e4hlen Sie &#8222;RMRP1&#8220; und stellen Sie sicher, dass &#8222;DJI RS Pro&#8220; ausgew\u00e4hlt ist.<\/span><\/p>\n<h2><span>Abmessungen<\/span><\/h2>\n<p style=\"text-align: start;\"><img decoding=\"async\" style=\"float: none;\" src=\"https:\/\/cdn.shopify.com\/s\/files\/1\/0609\/8324\/7079\/files\/GR01-Detail-PC_06_600x600.jpg?v=1704865478\" alt=\"2,4 GHz ExpressLRS GR-01 Empf\u00e4nger f\u00fcr DJI RS Kamera-Gimbal\"><\/p>\n<h2><span>Das Paket umfasst<\/span><\/h2>\n<ul>\n<li><span>1 x 2,4 GHz GR-01 ExpressLRS Empf\u00e4nger<\/span><\/li>\n<li><span>1 x USB-C-Kabel<\/span><\/li>\n<li><span>1 x kurze 2,4 GHz Antenne<\/span><\/li>\n<li><span>1 x 2,4 GHz Klappantenne<\/span><\/li>\n<\/ul>\n<p style=\"text-align: start;\"><img decoding=\"async\" style=\"float: none;\" src=\"https:\/\/cdn.shopify.com\/s\/files\/1\/0609\/8324\/7079\/files\/GR01-Detail-PC_07_1024x1024.jpg?v=1704865462\" alt=\"2,4 GHz ExpressLRS GR-01 Empf\u00e4nger f\u00fcr DJI RS Kamera-Gimbal\"><\/p>\n","protected":false},"excerpt":{"rendered":"<p>2,4 GHz ExpressLRS GR-01 Empf\u00e4nger f\u00fcr DJI RS Kamera-Gimbal Der GR-01 ExpressLRS 2,4 GHz Empf\u00e4nger wurde f\u00fcr Cinelifter-Setups mit den DJI RS2 und RS3 Pro Gimbal-Plattformen entwickelt. Der GR-01 wurde<\/p>\n","protected":false},"featured_media":245465,"comment_status":"open","ping_status":"closed","template":"","meta":{"_joinchat":[]},"pwb-brand":[],"product_cat":[2707,2665],"product_tag":[],"class_list":{"0":"post-246176","1":"product","2":"type-product","3":"status-publish","4":"has-post-thumbnail","6":"product_cat-ersatzteile","7":"product_cat-rundfunkveranstalter","9":"first","10":"instock","11":"taxable","12":"shipping-taxable","13":"purchasable","14":"product-type-simple"},"barcode":null,"atum_controlled":true,"out_stock_date":null,"out_stock_threshold":null,"inheritable":false,"stock_on_hold":0,"sold_today":0,"sales_last_days":0,"out_stock_days":0,"lost_sales":0,"update_date":"2026-05-15T12:37:46","atum_locations":[],"atum_stock_status":"instock","restock_status":false,"low_stock_amount":"","sales_update_date":"2026-05-15T12:37:46","calc_backorders":null,"yoast_head":"<!-- This site is optimized with the Yoast SEO plugin v27.3 - https:\/\/yoast.com\/product\/yoast-seo-wordpress\/ -->\n<title>2,4 GHz ExpressLRS GR-01 Empf\u00e4nger f\u00fcr DJI RS Kamera-Gimbal - Iha Race<\/title>\n<meta name=\"robots\" content=\"index, follow, max-snippet:-1, max-image-preview:large, max-video-preview:-1\" \/>\n<link rel=\"canonical\" href=\"https:\/\/iha-race.com\/de\/producto\/24-ghz-expresslrs-gr-01-empfaenger-fuer-dji-rs-kamera-gimbal\/\" \/>\n<meta property=\"og:locale\" content=\"de_DE\" \/>\n<meta property=\"og:type\" content=\"article\" \/>\n<meta property=\"og:title\" content=\"2,4 GHz ExpressLRS GR-01 Empf\u00e4nger f\u00fcr DJI RS Kamera-Gimbal - Iha Race\" \/>\n<meta property=\"og:description\" content=\"2,4 GHz ExpressLRS GR-01 Empf\u00e4nger f\u00fcr DJI RS Kamera-Gimbal Der GR-01 ExpressLRS 2,4 GHz Empf\u00e4nger wurde f\u00fcr Cinelifter-Setups mit den DJI RS2 und RS3 Pro Gimbal-Plattformen entwickelt. Der GR-01 wurde\" \/>\n<meta property=\"og:url\" content=\"https:\/\/iha-race.com\/de\/producto\/24-ghz-expresslrs-gr-01-empfaenger-fuer-dji-rs-kamera-gimbal\/\" \/>\n<meta property=\"og:site_name\" content=\"Iha Race\" \/>\n<meta property=\"article:modified_time\" content=\"2024-08-29T09:18:49+00:00\" \/>\n<meta property=\"og:image\" content=\"https:\/\/iha-race.com\/wp-content\/uploads\/2024\/04\/Receptor-GR-01-ExpressLRS-de-24-GHz-para-cardan-de-camara-DJI-RS.webp\" \/>\n\t<meta property=\"og:image:width\" content=\"1000\" \/>\n\t<meta property=\"og:image:height\" content=\"1000\" \/>\n\t<meta property=\"og:image:type\" content=\"image\/webp\" \/>\n<meta name=\"twitter:card\" content=\"summary_large_image\" \/>\n<meta name=\"twitter:label1\" content=\"Gesch\u00e4tzte Lesezeit\" \/>\n\t<meta name=\"twitter:data1\" content=\"2\u00a0Minuten\" \/>\n<script type=\"application\/ld+json\" class=\"yoast-schema-graph\">{\"@context\":\"https:\\\/\\\/schema.org\",\"@graph\":[{\"@type\":\"WebPage\",\"@id\":\"https:\\\/\\\/iha-race.com\\\/de\\\/producto\\\/24-ghz-expresslrs-gr-01-empfaenger-fuer-dji-rs-kamera-gimbal\\\/\",\"url\":\"https:\\\/\\\/iha-race.com\\\/de\\\/producto\\\/24-ghz-expresslrs-gr-01-empfaenger-fuer-dji-rs-kamera-gimbal\\\/\",\"name\":\"2,4 GHz ExpressLRS GR-01 Empf\u00e4nger f\u00fcr DJI RS Kamera-Gimbal - Iha Race\",\"isPartOf\":{\"@id\":\"https:\\\/\\\/iha-race.com\\\/de\\\/#website\"},\"primaryImageOfPage\":{\"@id\":\"https:\\\/\\\/iha-race.com\\\/de\\\/producto\\\/24-ghz-expresslrs-gr-01-empfaenger-fuer-dji-rs-kamera-gimbal\\\/#primaryimage\"},\"image\":{\"@id\":\"https:\\\/\\\/iha-race.com\\\/de\\\/producto\\\/24-ghz-expresslrs-gr-01-empfaenger-fuer-dji-rs-kamera-gimbal\\\/#primaryimage\"},\"thumbnailUrl\":\"https:\\\/\\\/iha-race.com\\\/wp-content\\\/uploads\\\/2024\\\/04\\\/Receptor-GR-01-ExpressLRS-de-24-GHz-para-cardan-de-camara-DJI-RS.webp\",\"datePublished\":\"2024-04-11T15:06:25+00:00\",\"dateModified\":\"2024-08-29T09:18:49+00:00\",\"breadcrumb\":{\"@id\":\"https:\\\/\\\/iha-race.com\\\/de\\\/producto\\\/24-ghz-expresslrs-gr-01-empfaenger-fuer-dji-rs-kamera-gimbal\\\/#breadcrumb\"},\"inLanguage\":\"de\",\"potentialAction\":[{\"@type\":\"ReadAction\",\"target\":[\"https:\\\/\\\/iha-race.com\\\/de\\\/producto\\\/24-ghz-expresslrs-gr-01-empfaenger-fuer-dji-rs-kamera-gimbal\\\/\"]}]},{\"@type\":\"ImageObject\",\"inLanguage\":\"de\",\"@id\":\"https:\\\/\\\/iha-race.com\\\/de\\\/producto\\\/24-ghz-expresslrs-gr-01-empfaenger-fuer-dji-rs-kamera-gimbal\\\/#primaryimage\",\"url\":\"https:\\\/\\\/iha-race.com\\\/wp-content\\\/uploads\\\/2024\\\/04\\\/Receptor-GR-01-ExpressLRS-de-24-GHz-para-cardan-de-camara-DJI-RS.webp\",\"contentUrl\":\"https:\\\/\\\/iha-race.com\\\/wp-content\\\/uploads\\\/2024\\\/04\\\/Receptor-GR-01-ExpressLRS-de-24-GHz-para-cardan-de-camara-DJI-RS.webp\",\"width\":1000,\"height\":1000},{\"@type\":\"BreadcrumbList\",\"@id\":\"https:\\\/\\\/iha-race.com\\\/de\\\/producto\\\/24-ghz-expresslrs-gr-01-empfaenger-fuer-dji-rs-kamera-gimbal\\\/#breadcrumb\",\"itemListElement\":[{\"@type\":\"ListItem\",\"position\":1,\"name\":\"Portada\",\"item\":\"https:\\\/\\\/iha-race.com\\\/de\\\/elementor-499\\\/\"},{\"@type\":\"ListItem\",\"position\":2,\"name\":\"Shop\",\"item\":\"https:\\\/\\\/iha-race.com\\\/de\\\/shop\\\/\"},{\"@type\":\"ListItem\",\"position\":3,\"name\":\"2,4 GHz ExpressLRS GR-01 Empf\u00e4nger f\u00fcr DJI RS Kamera-Gimbal\"}]},{\"@type\":\"WebSite\",\"@id\":\"https:\\\/\\\/iha-race.com\\\/de\\\/#website\",\"url\":\"https:\\\/\\\/iha-race.com\\\/de\\\/\",\"name\":\"Iha Race\",\"description\":\"Comprar drones de carreras FPV env\u00edos en un d\u00eda desde Espa\u00f1a\",\"publisher\":{\"@id\":\"https:\\\/\\\/iha-race.com\\\/de\\\/#organization\"},\"potentialAction\":[{\"@type\":\"SearchAction\",\"target\":{\"@type\":\"EntryPoint\",\"urlTemplate\":\"https:\\\/\\\/iha-race.com\\\/de\\\/?s={search_term_string}\"},\"query-input\":{\"@type\":\"PropertyValueSpecification\",\"valueRequired\":true,\"valueName\":\"search_term_string\"}}],\"inLanguage\":\"de\"},{\"@type\":\"Organization\",\"@id\":\"https:\\\/\\\/iha-race.com\\\/de\\\/#organization\",\"name\":\"Iha Race\",\"url\":\"https:\\\/\\\/iha-race.com\\\/de\\\/\",\"logo\":{\"@type\":\"ImageObject\",\"inLanguage\":\"de\",\"@id\":\"https:\\\/\\\/iha-race.com\\\/de\\\/#\\\/schema\\\/logo\\\/image\\\/\",\"url\":\"https:\\\/\\\/iha-race.com\\\/wp-content\\\/uploads\\\/2018\\\/07\\\/iha-race-drones-de-carreras-tienda-comprar-drones.png\",\"contentUrl\":\"https:\\\/\\\/iha-race.com\\\/wp-content\\\/uploads\\\/2018\\\/07\\\/iha-race-drones-de-carreras-tienda-comprar-drones.png\",\"width\":300,\"height\":100,\"caption\":\"Iha Race\"},\"image\":{\"@id\":\"https:\\\/\\\/iha-race.com\\\/de\\\/#\\\/schema\\\/logo\\\/image\\\/\"}}]}<\/script>\n<!-- \/ Yoast SEO plugin. -->","yoast_head_json":{"title":"2,4 GHz ExpressLRS GR-01 Empf\u00e4nger f\u00fcr DJI RS Kamera-Gimbal - Iha Race","robots":{"index":"index","follow":"follow","max-snippet":"max-snippet:-1","max-image-preview":"max-image-preview:large","max-video-preview":"max-video-preview:-1"},"canonical":"https:\/\/iha-race.com\/de\/producto\/24-ghz-expresslrs-gr-01-empfaenger-fuer-dji-rs-kamera-gimbal\/","og_locale":"de_DE","og_type":"article","og_title":"2,4 GHz ExpressLRS GR-01 Empf\u00e4nger f\u00fcr DJI RS Kamera-Gimbal - Iha Race","og_description":"2,4 GHz ExpressLRS GR-01 Empf\u00e4nger f\u00fcr DJI RS Kamera-Gimbal Der GR-01 ExpressLRS 2,4 GHz Empf\u00e4nger wurde f\u00fcr Cinelifter-Setups mit den DJI RS2 und RS3 Pro Gimbal-Plattformen entwickelt. Der GR-01 wurde","og_url":"https:\/\/iha-race.com\/de\/producto\/24-ghz-expresslrs-gr-01-empfaenger-fuer-dji-rs-kamera-gimbal\/","og_site_name":"Iha Race","article_modified_time":"2024-08-29T09:18:49+00:00","og_image":[{"width":1000,"height":1000,"url":"https:\/\/iha-race.com\/wp-content\/uploads\/2024\/04\/Receptor-GR-01-ExpressLRS-de-24-GHz-para-cardan-de-camara-DJI-RS.webp","type":"image\/webp"}],"twitter_card":"summary_large_image","twitter_misc":{"Gesch\u00e4tzte Lesezeit":"2\u00a0Minuten"},"schema":{"@context":"https:\/\/schema.org","@graph":[{"@type":"WebPage","@id":"https:\/\/iha-race.com\/de\/producto\/24-ghz-expresslrs-gr-01-empfaenger-fuer-dji-rs-kamera-gimbal\/","url":"https:\/\/iha-race.com\/de\/producto\/24-ghz-expresslrs-gr-01-empfaenger-fuer-dji-rs-kamera-gimbal\/","name":"2,4 GHz ExpressLRS GR-01 Empf\u00e4nger f\u00fcr DJI RS Kamera-Gimbal - Iha Race","isPartOf":{"@id":"https:\/\/iha-race.com\/de\/#website"},"primaryImageOfPage":{"@id":"https:\/\/iha-race.com\/de\/producto\/24-ghz-expresslrs-gr-01-empfaenger-fuer-dji-rs-kamera-gimbal\/#primaryimage"},"image":{"@id":"https:\/\/iha-race.com\/de\/producto\/24-ghz-expresslrs-gr-01-empfaenger-fuer-dji-rs-kamera-gimbal\/#primaryimage"},"thumbnailUrl":"https:\/\/iha-race.com\/wp-content\/uploads\/2024\/04\/Receptor-GR-01-ExpressLRS-de-24-GHz-para-cardan-de-camara-DJI-RS.webp","datePublished":"2024-04-11T15:06:25+00:00","dateModified":"2024-08-29T09:18:49+00:00","breadcrumb":{"@id":"https:\/\/iha-race.com\/de\/producto\/24-ghz-expresslrs-gr-01-empfaenger-fuer-dji-rs-kamera-gimbal\/#breadcrumb"},"inLanguage":"de","potentialAction":[{"@type":"ReadAction","target":["https:\/\/iha-race.com\/de\/producto\/24-ghz-expresslrs-gr-01-empfaenger-fuer-dji-rs-kamera-gimbal\/"]}]},{"@type":"ImageObject","inLanguage":"de","@id":"https:\/\/iha-race.com\/de\/producto\/24-ghz-expresslrs-gr-01-empfaenger-fuer-dji-rs-kamera-gimbal\/#primaryimage","url":"https:\/\/iha-race.com\/wp-content\/uploads\/2024\/04\/Receptor-GR-01-ExpressLRS-de-24-GHz-para-cardan-de-camara-DJI-RS.webp","contentUrl":"https:\/\/iha-race.com\/wp-content\/uploads\/2024\/04\/Receptor-GR-01-ExpressLRS-de-24-GHz-para-cardan-de-camara-DJI-RS.webp","width":1000,"height":1000},{"@type":"BreadcrumbList","@id":"https:\/\/iha-race.com\/de\/producto\/24-ghz-expresslrs-gr-01-empfaenger-fuer-dji-rs-kamera-gimbal\/#breadcrumb","itemListElement":[{"@type":"ListItem","position":1,"name":"Portada","item":"https:\/\/iha-race.com\/de\/elementor-499\/"},{"@type":"ListItem","position":2,"name":"Shop","item":"https:\/\/iha-race.com\/de\/shop\/"},{"@type":"ListItem","position":3,"name":"2,4 GHz ExpressLRS GR-01 Empf\u00e4nger f\u00fcr DJI RS Kamera-Gimbal"}]},{"@type":"WebSite","@id":"https:\/\/iha-race.com\/de\/#website","url":"https:\/\/iha-race.com\/de\/","name":"Iha Race","description":"Comprar drones de carreras FPV env\u00edos en un d\u00eda desde Espa\u00f1a","publisher":{"@id":"https:\/\/iha-race.com\/de\/#organization"},"potentialAction":[{"@type":"SearchAction","target":{"@type":"EntryPoint","urlTemplate":"https:\/\/iha-race.com\/de\/?s={search_term_string}"},"query-input":{"@type":"PropertyValueSpecification","valueRequired":true,"valueName":"search_term_string"}}],"inLanguage":"de"},{"@type":"Organization","@id":"https:\/\/iha-race.com\/de\/#organization","name":"Iha Race","url":"https:\/\/iha-race.com\/de\/","logo":{"@type":"ImageObject","inLanguage":"de","@id":"https:\/\/iha-race.com\/de\/#\/schema\/logo\/image\/","url":"https:\/\/iha-race.com\/wp-content\/uploads\/2018\/07\/iha-race-drones-de-carreras-tienda-comprar-drones.png","contentUrl":"https:\/\/iha-race.com\/wp-content\/uploads\/2018\/07\/iha-race-drones-de-carreras-tienda-comprar-drones.png","width":300,"height":100,"caption":"Iha Race"},"image":{"@id":"https:\/\/iha-race.com\/de\/#\/schema\/logo\/image\/"}}]}},"jetpack_sharing_enabled":true,"brands":[],"_links":{"self":[{"href":"https:\/\/iha-race.com\/de\/wp-json\/wp\/v2\/product\/246176","targetHints":{"allow":["GET"]}}],"collection":[{"href":"https:\/\/iha-race.com\/de\/wp-json\/wp\/v2\/product"}],"about":[{"href":"https:\/\/iha-race.com\/de\/wp-json\/wp\/v2\/types\/product"}],"replies":[{"embeddable":true,"href":"https:\/\/iha-race.com\/de\/wp-json\/wp\/v2\/comments?post=246176"}],"version-history":[{"count":1,"href":"https:\/\/iha-race.com\/de\/wp-json\/wp\/v2\/product\/246176\/revisions"}],"predecessor-version":[{"id":248433,"href":"https:\/\/iha-race.com\/de\/wp-json\/wp\/v2\/product\/246176\/revisions\/248433"}],"wp:featuredmedia":[{"embeddable":true,"href":"https:\/\/iha-race.com\/de\/wp-json\/wp\/v2\/media\/245465"}],"wp:attachment":[{"href":"https:\/\/iha-race.com\/de\/wp-json\/wp\/v2\/media?parent=246176"}],"wp:term":[{"taxonomy":"pwb-brand","embeddable":true,"href":"https:\/\/iha-race.com\/de\/wp-json\/wp\/v2\/pwb-brand?post=246176"},{"taxonomy":"product_cat","embeddable":true,"href":"https:\/\/iha-race.com\/de\/wp-json\/wp\/v2\/product_cat?post=246176"},{"taxonomy":"product_tag","embeddable":true,"href":"https:\/\/iha-race.com\/de\/wp-json\/wp\/v2\/product_tag?post=246176"}],"curies":[{"name":"wp","href":"https:\/\/api.w.org\/{rel}","templated":true}]}}