{"id":246005,"date":"2024-03-11T18:34:39","date_gmt":"2024-03-11T17:34:39","guid":{"rendered":"https:\/\/iha-race.com\/producto\/betafpv-bt2-0-450mah-2s-45c-akku-2u\/"},"modified":"2024-08-29T11:17:55","modified_gmt":"2024-08-29T09:17:55","slug":"betafpv-bt2-0-450mah-2s-45c-akku-2u","status":"publish","type":"product","link":"https:\/\/iha-race.com\/de\/producto\/betafpv-bt2-0-450mah-2s-45c-akku-2u\/","title":{"rendered":"BetaFPV BT2.0 450mAh 2S 45C Akku (2U)"},"content":{"rendered":"<h2>BetaFPV BT2.0 450mAh 2S 45C Akku (2U)<\/h2>\n<p>  Der 450mAh 2S 45C Lipo-Akku von BETAFPV hat eine st\u00e4rkere Leistung mit gr\u00f6\u00dferer Mobilit\u00e4t und h\u00f6herer Empfindlichkeit bei Hochgeschwindigkeitsfl\u00fcgen, die f\u00fcr Drohnen und Zahnstocher geeignet ist! Dieser Akku verf\u00fcgt \u00fcber einen 2S, XT30 Anschluss mit 16 AWG Silikonkabel, 7,4 V Spannung und 450 mAh Kapazit\u00e4t. Geeignet f\u00fcr <a href=\"https:\/\/betafpv.com\/products\/meteor85-brushless-whoop-quadcopter-2022\">Meteoro85<\/a>, <a href=\"https:\/\/betafpv.com\/products\/meteor85-brushless-whoop-quadcopter-2s-hd-digital-vtx\">Meteoro85 HD<\/a>, Beta75X, Mobula 7 und andere 2S b\u00fcrstenlose Whoop-Drohnen auf dem Markt.  <img decoding=\"async\" src=\"https:\/\/cdn.shopifycdn.net\/s\/files\/1\/1778\/6615\/files\/FB_862efe5b-188f-4285-9f5a-da9dc123a7c1_1024x1024.jpg?v=1668653689\" alt=\"\"><\/p>\n<h2>Spezifikationen<\/h2>\n<ul>\n<li>Artikel: 450mAh 2S 45C Akku<\/li>\n<li>Gewicht: 28,2 g<\/li>\n<li>Gr\u00f6\u00dfe: 60,8*15,2*14,5mm<\/li>\n<li>Anschluss: XT30 mit 16AWG Silikonkabel<\/li>\n<li>Packung: 2S 7.4V<\/li>\n<li>Zolltarif: 45C<\/li>\n<\/ul>\n<h2>Dimension<\/h2>\n<p>  Die folgende Abbildung zeigt die Abmessungen des Akkus.  <img decoding=\"async\" src=\"https:\/\/cdn.shopifycdn.net\/s\/files\/1\/1778\/6615\/files\/468ef44610c31b5b50b747b4f9f5ee49_f29f1f2c-7207-4b2d-b27a-2b4f2adbfbb6_480x480.jpg?v=1668652832\" alt=\"\">  Der Entladestrom betr\u00e4gt bei diesem Test 20,25 A.  <img decoding=\"async\" src=\"https:\/\/cdn.shopifycdn.net\/s\/files\/1\/1778\/6615\/files\/5E7898E8-FF20-43DE-BF75-3A5737B677CE-63872-000009128E2C9904_928a547b-81c0-4441-9c54-d5a0c1e776ca_600x600.png?v=1668737511\" alt=\"\"><\/p>\n<h2>H\u00e4ufig gestellte Fragen<\/h2>\n<ul>\n<li>Wie kann man die Lebensdauer der Batterie verl\u00e4ngern? lesen Sie bitte <a href=\"https:\/\/support.betafpv.com\/hc\/en-us\/articles\/900004494043-Battery-Safety-and-Maximizing-Battery-Life\">diesen Artikel<\/a>.<\/li>\n<\/ul>\n<h2><\/h2>\n<h2>Das Paket umfasst<\/h2>\n<ul>\n<li>2 x 2x450mAh 2S 45C Lipo Akku<\/li>\n<\/ul>\n<p><img decoding=\"async\" src=\"https:\/\/cdn.shopifycdn.net\/s\/files\/1\/1778\/6615\/files\/6391ace427ade714b70fb966024ae804_480x480.jpg?v=1668656220\" alt=\"\"><\/p>\n","protected":false},"excerpt":{"rendered":"<p>BetaFPV BT2.0 450mAh 2S 45C Akku (2U) Der 450mAh 2S 45C Lipo-Akku von BETAFPV hat eine st\u00e4rkere Leistung mit gr\u00f6\u00dferer Mobilit\u00e4t und h\u00f6herer Empfindlichkeit bei Hochgeschwindigkeitsfl\u00fcgen, die f\u00fcr Drohnen und<\/p>\n","protected":false},"featured_media":245821,"comment_status":"open","ping_status":"closed","template":"","meta":{"_joinchat":[]},"pwb-brand":[],"product_cat":[2501,2502],"product_tag":[],"class_list":{"0":"post-246005","1":"product","2":"type-product","3":"status-publish","4":"has-post-thumbnail","6":"product_cat-fpv-akkus","7":"product_cat-s2-de","9":"first","10":"outofstock","11":"taxable","12":"shipping-taxable","13":"purchasable","14":"product-type-simple"},"barcode":null,"atum_controlled":true,"out_stock_date":"2026-04-06 16:21:25","out_stock_threshold":null,"inheritable":false,"stock_on_hold":0,"sold_today":0,"sales_last_days":0,"out_stock_days":21,"lost_sales":104,"update_date":"2026-04-27T19:46:25","atum_locations":[],"atum_stock_status":"outofstock","restock_status":false,"low_stock_amount":"","sales_update_date":"2026-04-27T19:46:25","calc_backorders":null,"yoast_head":"<!-- This site is optimized with the Yoast SEO plugin v27.3 - https:\/\/yoast.com\/product\/yoast-seo-wordpress\/ -->\n<title>BetaFPV BT2.0 450mAh 2S 45C Akku (2U) - Iha Race<\/title>\n<meta name=\"robots\" content=\"index, follow, max-snippet:-1, max-image-preview:large, max-video-preview:-1\" \/>\n<link rel=\"canonical\" href=\"https:\/\/iha-race.com\/de\/producto\/betafpv-bt2-0-450mah-2s-45c-akku-2u\/\" \/>\n<meta property=\"og:locale\" content=\"de_DE\" \/>\n<meta property=\"og:type\" content=\"article\" \/>\n<meta property=\"og:title\" content=\"BetaFPV BT2.0 450mAh 2S 45C Akku (2U) - Iha Race\" \/>\n<meta property=\"og:description\" content=\"BetaFPV BT2.0 450mAh 2S 45C Akku (2U) Der 450mAh 2S 45C Lipo-Akku von BETAFPV hat eine st\u00e4rkere Leistung mit gr\u00f6\u00dferer Mobilit\u00e4t und h\u00f6herer Empfindlichkeit bei Hochgeschwindigkeitsfl\u00fcgen, die f\u00fcr Drohnen und\" \/>\n<meta property=\"og:url\" content=\"https:\/\/iha-race.com\/de\/producto\/betafpv-bt2-0-450mah-2s-45c-akku-2u\/\" \/>\n<meta property=\"og:site_name\" content=\"Iha Race\" \/>\n<meta property=\"article:modified_time\" content=\"2024-08-29T09:17:55+00:00\" \/>\n<meta property=\"og:image\" content=\"https:\/\/iha-race.com\/wp-content\/uploads\/2024\/03\/Bateria-Lipo-450mAh-2S-45C-2PCS.webp\" \/>\n\t<meta property=\"og:image:width\" content=\"720\" \/>\n\t<meta property=\"og:image:height\" content=\"720\" \/>\n\t<meta property=\"og:image:type\" content=\"image\/webp\" \/>\n<meta name=\"twitter:card\" content=\"summary_large_image\" \/>\n<meta name=\"twitter:label1\" content=\"Gesch\u00e4tzte Lesezeit\" \/>\n\t<meta name=\"twitter:data1\" content=\"1\u00a0Minute\" \/>\n<script type=\"application\/ld+json\" class=\"yoast-schema-graph\">{\"@context\":\"https:\\\/\\\/schema.org\",\"@graph\":[{\"@type\":\"WebPage\",\"@id\":\"https:\\\/\\\/iha-race.com\\\/de\\\/producto\\\/betafpv-bt2-0-450mah-2s-45c-akku-2u\\\/\",\"url\":\"https:\\\/\\\/iha-race.com\\\/de\\\/producto\\\/betafpv-bt2-0-450mah-2s-45c-akku-2u\\\/\",\"name\":\"BetaFPV BT2.0 450mAh 2S 45C Akku (2U) - Iha Race\",\"isPartOf\":{\"@id\":\"https:\\\/\\\/iha-race.com\\\/de\\\/#website\"},\"primaryImageOfPage\":{\"@id\":\"https:\\\/\\\/iha-race.com\\\/de\\\/producto\\\/betafpv-bt2-0-450mah-2s-45c-akku-2u\\\/#primaryimage\"},\"image\":{\"@id\":\"https:\\\/\\\/iha-race.com\\\/de\\\/producto\\\/betafpv-bt2-0-450mah-2s-45c-akku-2u\\\/#primaryimage\"},\"thumbnailUrl\":\"https:\\\/\\\/iha-race.com\\\/wp-content\\\/uploads\\\/2024\\\/03\\\/Bateria-Lipo-450mAh-2S-45C-2PCS.webp\",\"datePublished\":\"2024-03-11T17:34:39+00:00\",\"dateModified\":\"2024-08-29T09:17:55+00:00\",\"breadcrumb\":{\"@id\":\"https:\\\/\\\/iha-race.com\\\/de\\\/producto\\\/betafpv-bt2-0-450mah-2s-45c-akku-2u\\\/#breadcrumb\"},\"inLanguage\":\"de\",\"potentialAction\":[{\"@type\":\"ReadAction\",\"target\":[\"https:\\\/\\\/iha-race.com\\\/de\\\/producto\\\/betafpv-bt2-0-450mah-2s-45c-akku-2u\\\/\"]}]},{\"@type\":\"ImageObject\",\"inLanguage\":\"de\",\"@id\":\"https:\\\/\\\/iha-race.com\\\/de\\\/producto\\\/betafpv-bt2-0-450mah-2s-45c-akku-2u\\\/#primaryimage\",\"url\":\"https:\\\/\\\/iha-race.com\\\/wp-content\\\/uploads\\\/2024\\\/03\\\/Bateria-Lipo-450mAh-2S-45C-2PCS.webp\",\"contentUrl\":\"https:\\\/\\\/iha-race.com\\\/wp-content\\\/uploads\\\/2024\\\/03\\\/Bateria-Lipo-450mAh-2S-45C-2PCS.webp\",\"width\":720,\"height\":720},{\"@type\":\"BreadcrumbList\",\"@id\":\"https:\\\/\\\/iha-race.com\\\/de\\\/producto\\\/betafpv-bt2-0-450mah-2s-45c-akku-2u\\\/#breadcrumb\",\"itemListElement\":[{\"@type\":\"ListItem\",\"position\":1,\"name\":\"Portada\",\"item\":\"https:\\\/\\\/iha-race.com\\\/de\\\/elementor-499\\\/\"},{\"@type\":\"ListItem\",\"position\":2,\"name\":\"Shop\",\"item\":\"https:\\\/\\\/iha-race.com\\\/de\\\/shop\\\/\"},{\"@type\":\"ListItem\",\"position\":3,\"name\":\"BetaFPV BT2.0 450mAh 2S 45C Akku (2U)\"}]},{\"@type\":\"WebSite\",\"@id\":\"https:\\\/\\\/iha-race.com\\\/de\\\/#website\",\"url\":\"https:\\\/\\\/iha-race.com\\\/de\\\/\",\"name\":\"Iha Race\",\"description\":\"Comprar drones de carreras FPV env\u00edos en un d\u00eda desde Espa\u00f1a\",\"publisher\":{\"@id\":\"https:\\\/\\\/iha-race.com\\\/de\\\/#organization\"},\"potentialAction\":[{\"@type\":\"SearchAction\",\"target\":{\"@type\":\"EntryPoint\",\"urlTemplate\":\"https:\\\/\\\/iha-race.com\\\/de\\\/?s={search_term_string}\"},\"query-input\":{\"@type\":\"PropertyValueSpecification\",\"valueRequired\":true,\"valueName\":\"search_term_string\"}}],\"inLanguage\":\"de\"},{\"@type\":\"Organization\",\"@id\":\"https:\\\/\\\/iha-race.com\\\/de\\\/#organization\",\"name\":\"Iha Race\",\"url\":\"https:\\\/\\\/iha-race.com\\\/de\\\/\",\"logo\":{\"@type\":\"ImageObject\",\"inLanguage\":\"de\",\"@id\":\"https:\\\/\\\/iha-race.com\\\/de\\\/#\\\/schema\\\/logo\\\/image\\\/\",\"url\":\"https:\\\/\\\/iha-race.com\\\/wp-content\\\/uploads\\\/2018\\\/07\\\/iha-race-drones-de-carreras-tienda-comprar-drones.png\",\"contentUrl\":\"https:\\\/\\\/iha-race.com\\\/wp-content\\\/uploads\\\/2018\\\/07\\\/iha-race-drones-de-carreras-tienda-comprar-drones.png\",\"width\":300,\"height\":100,\"caption\":\"Iha Race\"},\"image\":{\"@id\":\"https:\\\/\\\/iha-race.com\\\/de\\\/#\\\/schema\\\/logo\\\/image\\\/\"}}]}<\/script>\n<!-- \/ Yoast SEO plugin. -->","yoast_head_json":{"title":"BetaFPV BT2.0 450mAh 2S 45C Akku (2U) - Iha Race","robots":{"index":"index","follow":"follow","max-snippet":"max-snippet:-1","max-image-preview":"max-image-preview:large","max-video-preview":"max-video-preview:-1"},"canonical":"https:\/\/iha-race.com\/de\/producto\/betafpv-bt2-0-450mah-2s-45c-akku-2u\/","og_locale":"de_DE","og_type":"article","og_title":"BetaFPV BT2.0 450mAh 2S 45C Akku (2U) - Iha Race","og_description":"BetaFPV BT2.0 450mAh 2S 45C Akku (2U) Der 450mAh 2S 45C Lipo-Akku von BETAFPV hat eine st\u00e4rkere Leistung mit gr\u00f6\u00dferer Mobilit\u00e4t und h\u00f6herer Empfindlichkeit bei Hochgeschwindigkeitsfl\u00fcgen, die f\u00fcr Drohnen und","og_url":"https:\/\/iha-race.com\/de\/producto\/betafpv-bt2-0-450mah-2s-45c-akku-2u\/","og_site_name":"Iha Race","article_modified_time":"2024-08-29T09:17:55+00:00","og_image":[{"width":720,"height":720,"url":"https:\/\/iha-race.com\/wp-content\/uploads\/2024\/03\/Bateria-Lipo-450mAh-2S-45C-2PCS.webp","type":"image\/webp"}],"twitter_card":"summary_large_image","twitter_misc":{"Gesch\u00e4tzte Lesezeit":"1\u00a0Minute"},"schema":{"@context":"https:\/\/schema.org","@graph":[{"@type":"WebPage","@id":"https:\/\/iha-race.com\/de\/producto\/betafpv-bt2-0-450mah-2s-45c-akku-2u\/","url":"https:\/\/iha-race.com\/de\/producto\/betafpv-bt2-0-450mah-2s-45c-akku-2u\/","name":"BetaFPV BT2.0 450mAh 2S 45C Akku (2U) - Iha Race","isPartOf":{"@id":"https:\/\/iha-race.com\/de\/#website"},"primaryImageOfPage":{"@id":"https:\/\/iha-race.com\/de\/producto\/betafpv-bt2-0-450mah-2s-45c-akku-2u\/#primaryimage"},"image":{"@id":"https:\/\/iha-race.com\/de\/producto\/betafpv-bt2-0-450mah-2s-45c-akku-2u\/#primaryimage"},"thumbnailUrl":"https:\/\/iha-race.com\/wp-content\/uploads\/2024\/03\/Bateria-Lipo-450mAh-2S-45C-2PCS.webp","datePublished":"2024-03-11T17:34:39+00:00","dateModified":"2024-08-29T09:17:55+00:00","breadcrumb":{"@id":"https:\/\/iha-race.com\/de\/producto\/betafpv-bt2-0-450mah-2s-45c-akku-2u\/#breadcrumb"},"inLanguage":"de","potentialAction":[{"@type":"ReadAction","target":["https:\/\/iha-race.com\/de\/producto\/betafpv-bt2-0-450mah-2s-45c-akku-2u\/"]}]},{"@type":"ImageObject","inLanguage":"de","@id":"https:\/\/iha-race.com\/de\/producto\/betafpv-bt2-0-450mah-2s-45c-akku-2u\/#primaryimage","url":"https:\/\/iha-race.com\/wp-content\/uploads\/2024\/03\/Bateria-Lipo-450mAh-2S-45C-2PCS.webp","contentUrl":"https:\/\/iha-race.com\/wp-content\/uploads\/2024\/03\/Bateria-Lipo-450mAh-2S-45C-2PCS.webp","width":720,"height":720},{"@type":"BreadcrumbList","@id":"https:\/\/iha-race.com\/de\/producto\/betafpv-bt2-0-450mah-2s-45c-akku-2u\/#breadcrumb","itemListElement":[{"@type":"ListItem","position":1,"name":"Portada","item":"https:\/\/iha-race.com\/de\/elementor-499\/"},{"@type":"ListItem","position":2,"name":"Shop","item":"https:\/\/iha-race.com\/de\/shop\/"},{"@type":"ListItem","position":3,"name":"BetaFPV BT2.0 450mAh 2S 45C Akku (2U)"}]},{"@type":"WebSite","@id":"https:\/\/iha-race.com\/de\/#website","url":"https:\/\/iha-race.com\/de\/","name":"Iha Race","description":"Comprar drones de carreras FPV env\u00edos en un d\u00eda desde Espa\u00f1a","publisher":{"@id":"https:\/\/iha-race.com\/de\/#organization"},"potentialAction":[{"@type":"SearchAction","target":{"@type":"EntryPoint","urlTemplate":"https:\/\/iha-race.com\/de\/?s={search_term_string}"},"query-input":{"@type":"PropertyValueSpecification","valueRequired":true,"valueName":"search_term_string"}}],"inLanguage":"de"},{"@type":"Organization","@id":"https:\/\/iha-race.com\/de\/#organization","name":"Iha Race","url":"https:\/\/iha-race.com\/de\/","logo":{"@type":"ImageObject","inLanguage":"de","@id":"https:\/\/iha-race.com\/de\/#\/schema\/logo\/image\/","url":"https:\/\/iha-race.com\/wp-content\/uploads\/2018\/07\/iha-race-drones-de-carreras-tienda-comprar-drones.png","contentUrl":"https:\/\/iha-race.com\/wp-content\/uploads\/2018\/07\/iha-race-drones-de-carreras-tienda-comprar-drones.png","width":300,"height":100,"caption":"Iha Race"},"image":{"@id":"https:\/\/iha-race.com\/de\/#\/schema\/logo\/image\/"}}]}},"jetpack_sharing_enabled":true,"brands":[],"_links":{"self":[{"href":"https:\/\/iha-race.com\/de\/wp-json\/wp\/v2\/product\/246005","targetHints":{"allow":["GET"]}}],"collection":[{"href":"https:\/\/iha-race.com\/de\/wp-json\/wp\/v2\/product"}],"about":[{"href":"https:\/\/iha-race.com\/de\/wp-json\/wp\/v2\/types\/product"}],"replies":[{"embeddable":true,"href":"https:\/\/iha-race.com\/de\/wp-json\/wp\/v2\/comments?post=246005"}],"version-history":[{"count":1,"href":"https:\/\/iha-race.com\/de\/wp-json\/wp\/v2\/product\/246005\/revisions"}],"predecessor-version":[{"id":248399,"href":"https:\/\/iha-race.com\/de\/wp-json\/wp\/v2\/product\/246005\/revisions\/248399"}],"wp:featuredmedia":[{"embeddable":true,"href":"https:\/\/iha-race.com\/de\/wp-json\/wp\/v2\/media\/245821"}],"wp:attachment":[{"href":"https:\/\/iha-race.com\/de\/wp-json\/wp\/v2\/media?parent=246005"}],"wp:term":[{"taxonomy":"pwb-brand","embeddable":true,"href":"https:\/\/iha-race.com\/de\/wp-json\/wp\/v2\/pwb-brand?post=246005"},{"taxonomy":"product_cat","embeddable":true,"href":"https:\/\/iha-race.com\/de\/wp-json\/wp\/v2\/product_cat?post=246005"},{"taxonomy":"product_tag","embeddable":true,"href":"https:\/\/iha-race.com\/de\/wp-json\/wp\/v2\/product_tag?post=246005"}],"curies":[{"name":"wp","href":"https:\/\/api.w.org\/{rel}","templated":true}]}}