{"id":245989,"date":"2024-03-11T18:17:30","date_gmt":"2024-03-11T17:17:30","guid":{"rendered":"https:\/\/iha-race.com\/producto\/tattu-r-line-version-5-0-850mah-3s-11-1v-150c-xt30u-f\/"},"modified":"2026-04-28T01:18:17","modified_gmt":"2026-04-27T23:18:17","slug":"tattu-r-line-version-5-0-850mah-3s-11-1v-150c-xt30u-f","status":"publish","type":"product","link":"https:\/\/iha-race.com\/de\/producto\/tattu-r-line-version-5-0-850mah-3s-11-1v-150c-xt30u-f\/","title":{"rendered":"Tattu R-Line Version 5.0 850mAh 3S 11.1V 150C XT30U-F"},"content":{"rendered":"<h1>Tattu R-Line Version 5.0 850mAh 3S 11.1V 150C XT30U-F<\/h1>\n<p>  Im Einklang mit den Marktbed\u00fcrfnissen freuen wir uns, eine neue Erg\u00e4nzung der Tattu R-Line Version 5.0 Serie anzuk\u00fcndigen, die in den FPV-Renn- und Freestyle-Communities sehr gesch\u00e4tzt wird. Dieses Upgrade bietet Piloten eine gr\u00f6\u00dfere Auswahl an Leistungsoptionen und verbessert die Flugleistung und Agilit\u00e4t. Der Tattu R-Line 5.0 850mAh 3S 150C Akku ist auf Effizienz und Zuverl\u00e4ssigkeit ausgelegt. Es ist eine ideale Kombination f\u00fcr <strong>3 bis 5 Zoll FPV-Drohnen<\/strong> und bietet ein ausgewogenes Verh\u00e4ltnis von Gewicht und Leistung f\u00fcr wettbewerbsf\u00e4hige Rennen. Mit unserer exklusiven <strong>Al Boehmite <\/strong>Technologie verbessert <strong>die <\/strong>Tattu R-Line Version 5.0 <strong>Serie <\/strong>die Gesamtleistung und die Leistungskonsistenz.  <\/p>\n<h3>Eigenschaften des Tattu V5 850mAh 3S 150C Akkus:<\/h3>\n<ul>\n<li>Verwendung der X Al Boehmite Technologie<\/li>\n<li>\u00c4u\u00dferst gleichm\u00e4\u00dfige und kontinuierliche Leistungsabgabe<\/li>\n<li>Geringerer Leistungsabfall nach Zyklen.<\/li>\n<li>H\u00f6chste Download-Plattform<\/li>\n<li>Fallfestigkeit<\/li>\n<\/ul>\n<div>\n<h3>Technische Daten des Tattu V5 850mAh 3S 150C Akkus:<\/h3>\n<ul>\n<li>Kapazit\u00e4t: 850 mAh<\/li>\n<li>Spannung: 11,1 V\/3S<\/li>\n<li>Entladungsrate: 150C<\/li>\n<li>Gewicht: 76g<\/li>\n<li>Gr\u00f6\u00dfe: 58*30*22mm<\/li>\n<\/ul>\n<h3>Das Paket umfasst<\/h3>\n<\/div>\n<ul>\n<li>1 x Tattu R-Line Version 5.0 850mAh 3S 11.1V 150C<\/li>\n<\/ul>\n","protected":false},"excerpt":{"rendered":"<p>Tattu R-Line Version 5.0 850mAh 3S 11.1V 150C XT30U-F Im Einklang mit den Marktbed\u00fcrfnissen freuen wir uns, eine neue Erg\u00e4nzung der Tattu R-Line Version 5.0 Serie anzuk\u00fcndigen, die in den<\/p>\n","protected":false},"featured_media":258988,"comment_status":"open","ping_status":"closed","template":"","meta":{"_joinchat":[]},"pwb-brand":[],"product_cat":[1065,1091],"product_tag":[],"class_list":{"0":"post-245989","1":"product","2":"type-product","3":"status-publish","4":"has-post-thumbnail","6":"product_cat-batterie-fpv","7":"product_cat-s3-it","9":"first","10":"instock","11":"taxable","12":"shipping-taxable","13":"purchasable","14":"product-type-simple"},"barcode":null,"atum_controlled":true,"out_stock_date":null,"out_stock_threshold":null,"inheritable":false,"stock_on_hold":0,"sold_today":0,"sales_last_days":0,"out_stock_days":0,"lost_sales":0,"update_date":"2026-05-06T23:25:26","atum_locations":[],"atum_stock_status":"instock","restock_status":false,"low_stock_amount":"","sales_update_date":"2026-05-06T23:25:26","calc_backorders":null,"yoast_head":"<!-- This site is optimized with the Yoast SEO plugin v27.3 - https:\/\/yoast.com\/product\/yoast-seo-wordpress\/ -->\n<title>Tattu R-Line Version 5.0 850mAh 3S 11.1V 150C XT30U-F - Iha Race<\/title>\n<meta name=\"robots\" content=\"index, follow, max-snippet:-1, max-image-preview:large, max-video-preview:-1\" \/>\n<link rel=\"canonical\" href=\"https:\/\/iha-race.com\/de\/producto\/tattu-r-line-version-5-0-850mah-3s-11-1v-150c-xt30u-f\/\" \/>\n<meta property=\"og:locale\" content=\"de_DE\" \/>\n<meta property=\"og:type\" content=\"article\" \/>\n<meta property=\"og:title\" content=\"Tattu R-Line Version 5.0 850mAh 3S 11.1V 150C XT30U-F - Iha Race\" \/>\n<meta property=\"og:description\" content=\"Tattu R-Line Version 5.0 850mAh 3S 11.1V 150C XT30U-F Im Einklang mit den Marktbed\u00fcrfnissen freuen wir uns, eine neue Erg\u00e4nzung der Tattu R-Line Version 5.0 Serie anzuk\u00fcndigen, die in den\" \/>\n<meta property=\"og:url\" content=\"https:\/\/iha-race.com\/de\/producto\/tattu-r-line-version-5-0-850mah-3s-11-1v-150c-xt30u-f\/\" \/>\n<meta property=\"og:site_name\" content=\"Iha Race\" \/>\n<meta property=\"article:modified_time\" content=\"2026-04-27T23:18:17+00:00\" \/>\n<meta property=\"og:image\" content=\"https:\/\/iha-race.com\/wp-content\/uploads\/2024\/03\/Tattu-R-Line-Version-5.0-850mAh-3S-11.1V-150C-Bateria-Lipo-con-enchufe-XT30U-F.png\" \/>\n\t<meta property=\"og:image:width\" content=\"800\" \/>\n\t<meta property=\"og:image:height\" content=\"800\" \/>\n\t<meta property=\"og:image:type\" content=\"image\/png\" \/>\n<meta name=\"twitter:card\" content=\"summary_large_image\" \/>\n<meta name=\"twitter:label1\" content=\"Gesch\u00e4tzte Lesezeit\" \/>\n\t<meta name=\"twitter:data1\" content=\"1\u00a0Minute\" \/>\n<script type=\"application\/ld+json\" class=\"yoast-schema-graph\">{\"@context\":\"https:\\\/\\\/schema.org\",\"@graph\":[{\"@type\":\"WebPage\",\"@id\":\"https:\\\/\\\/iha-race.com\\\/de\\\/producto\\\/tattu-r-line-version-5-0-850mah-3s-11-1v-150c-xt30u-f\\\/\",\"url\":\"https:\\\/\\\/iha-race.com\\\/de\\\/producto\\\/tattu-r-line-version-5-0-850mah-3s-11-1v-150c-xt30u-f\\\/\",\"name\":\"Tattu R-Line Version 5.0 850mAh 3S 11.1V 150C XT30U-F - Iha Race\",\"isPartOf\":{\"@id\":\"https:\\\/\\\/iha-race.com\\\/de\\\/#website\"},\"primaryImageOfPage\":{\"@id\":\"https:\\\/\\\/iha-race.com\\\/de\\\/producto\\\/tattu-r-line-version-5-0-850mah-3s-11-1v-150c-xt30u-f\\\/#primaryimage\"},\"image\":{\"@id\":\"https:\\\/\\\/iha-race.com\\\/de\\\/producto\\\/tattu-r-line-version-5-0-850mah-3s-11-1v-150c-xt30u-f\\\/#primaryimage\"},\"thumbnailUrl\":\"https:\\\/\\\/iha-race.com\\\/wp-content\\\/uploads\\\/2024\\\/03\\\/TATTU-R-Line-V5.0-3S-850mAh-11.1V-150C-Lipo-Battery-XT30.webp\",\"datePublished\":\"2024-03-11T17:17:30+00:00\",\"dateModified\":\"2026-04-27T23:18:17+00:00\",\"breadcrumb\":{\"@id\":\"https:\\\/\\\/iha-race.com\\\/de\\\/producto\\\/tattu-r-line-version-5-0-850mah-3s-11-1v-150c-xt30u-f\\\/#breadcrumb\"},\"inLanguage\":\"de\",\"potentialAction\":[{\"@type\":\"ReadAction\",\"target\":[\"https:\\\/\\\/iha-race.com\\\/de\\\/producto\\\/tattu-r-line-version-5-0-850mah-3s-11-1v-150c-xt30u-f\\\/\"]}]},{\"@type\":\"ImageObject\",\"inLanguage\":\"de\",\"@id\":\"https:\\\/\\\/iha-race.com\\\/de\\\/producto\\\/tattu-r-line-version-5-0-850mah-3s-11-1v-150c-xt30u-f\\\/#primaryimage\",\"url\":\"https:\\\/\\\/iha-race.com\\\/wp-content\\\/uploads\\\/2024\\\/03\\\/TATTU-R-Line-V5.0-3S-850mAh-11.1V-150C-Lipo-Battery-XT30.webp\",\"contentUrl\":\"https:\\\/\\\/iha-race.com\\\/wp-content\\\/uploads\\\/2024\\\/03\\\/TATTU-R-Line-V5.0-3S-850mAh-11.1V-150C-Lipo-Battery-XT30.webp\",\"width\":800,\"height\":800},{\"@type\":\"BreadcrumbList\",\"@id\":\"https:\\\/\\\/iha-race.com\\\/de\\\/producto\\\/tattu-r-line-version-5-0-850mah-3s-11-1v-150c-xt30u-f\\\/#breadcrumb\",\"itemListElement\":[{\"@type\":\"ListItem\",\"position\":1,\"name\":\"Portada\",\"item\":\"https:\\\/\\\/iha-race.com\\\/de\\\/elementor-499\\\/\"},{\"@type\":\"ListItem\",\"position\":2,\"name\":\"Shop\",\"item\":\"https:\\\/\\\/iha-race.com\\\/de\\\/shop\\\/\"},{\"@type\":\"ListItem\",\"position\":3,\"name\":\"Tattu R-Line Version 5.0 850mAh 3S 11.1V 150C XT30U-F\"}]},{\"@type\":\"WebSite\",\"@id\":\"https:\\\/\\\/iha-race.com\\\/de\\\/#website\",\"url\":\"https:\\\/\\\/iha-race.com\\\/de\\\/\",\"name\":\"Iha Race\",\"description\":\"Comprar drones de carreras FPV env\u00edos en un d\u00eda desde Espa\u00f1a\",\"publisher\":{\"@id\":\"https:\\\/\\\/iha-race.com\\\/de\\\/#organization\"},\"potentialAction\":[{\"@type\":\"SearchAction\",\"target\":{\"@type\":\"EntryPoint\",\"urlTemplate\":\"https:\\\/\\\/iha-race.com\\\/de\\\/?s={search_term_string}\"},\"query-input\":{\"@type\":\"PropertyValueSpecification\",\"valueRequired\":true,\"valueName\":\"search_term_string\"}}],\"inLanguage\":\"de\"},{\"@type\":\"Organization\",\"@id\":\"https:\\\/\\\/iha-race.com\\\/de\\\/#organization\",\"name\":\"Iha Race\",\"url\":\"https:\\\/\\\/iha-race.com\\\/de\\\/\",\"logo\":{\"@type\":\"ImageObject\",\"inLanguage\":\"de\",\"@id\":\"https:\\\/\\\/iha-race.com\\\/de\\\/#\\\/schema\\\/logo\\\/image\\\/\",\"url\":\"https:\\\/\\\/iha-race.com\\\/wp-content\\\/uploads\\\/2018\\\/07\\\/iha-race-drones-de-carreras-tienda-comprar-drones.png\",\"contentUrl\":\"https:\\\/\\\/iha-race.com\\\/wp-content\\\/uploads\\\/2018\\\/07\\\/iha-race-drones-de-carreras-tienda-comprar-drones.png\",\"width\":300,\"height\":100,\"caption\":\"Iha Race\"},\"image\":{\"@id\":\"https:\\\/\\\/iha-race.com\\\/de\\\/#\\\/schema\\\/logo\\\/image\\\/\"}}]}<\/script>\n<!-- \/ Yoast SEO plugin. -->","yoast_head_json":{"title":"Tattu R-Line Version 5.0 850mAh 3S 11.1V 150C XT30U-F - Iha Race","robots":{"index":"index","follow":"follow","max-snippet":"max-snippet:-1","max-image-preview":"max-image-preview:large","max-video-preview":"max-video-preview:-1"},"canonical":"https:\/\/iha-race.com\/de\/producto\/tattu-r-line-version-5-0-850mah-3s-11-1v-150c-xt30u-f\/","og_locale":"de_DE","og_type":"article","og_title":"Tattu R-Line Version 5.0 850mAh 3S 11.1V 150C XT30U-F - Iha Race","og_description":"Tattu R-Line Version 5.0 850mAh 3S 11.1V 150C XT30U-F Im Einklang mit den Marktbed\u00fcrfnissen freuen wir uns, eine neue Erg\u00e4nzung der Tattu R-Line Version 5.0 Serie anzuk\u00fcndigen, die in den","og_url":"https:\/\/iha-race.com\/de\/producto\/tattu-r-line-version-5-0-850mah-3s-11-1v-150c-xt30u-f\/","og_site_name":"Iha Race","article_modified_time":"2026-04-27T23:18:17+00:00","og_image":[{"width":800,"height":800,"url":"https:\/\/iha-race.com\/wp-content\/uploads\/2024\/03\/Tattu-R-Line-Version-5.0-850mAh-3S-11.1V-150C-Bateria-Lipo-con-enchufe-XT30U-F.png","type":"image\/png"}],"twitter_card":"summary_large_image","twitter_misc":{"Gesch\u00e4tzte Lesezeit":"1\u00a0Minute"},"schema":{"@context":"https:\/\/schema.org","@graph":[{"@type":"WebPage","@id":"https:\/\/iha-race.com\/de\/producto\/tattu-r-line-version-5-0-850mah-3s-11-1v-150c-xt30u-f\/","url":"https:\/\/iha-race.com\/de\/producto\/tattu-r-line-version-5-0-850mah-3s-11-1v-150c-xt30u-f\/","name":"Tattu R-Line Version 5.0 850mAh 3S 11.1V 150C XT30U-F - Iha Race","isPartOf":{"@id":"https:\/\/iha-race.com\/de\/#website"},"primaryImageOfPage":{"@id":"https:\/\/iha-race.com\/de\/producto\/tattu-r-line-version-5-0-850mah-3s-11-1v-150c-xt30u-f\/#primaryimage"},"image":{"@id":"https:\/\/iha-race.com\/de\/producto\/tattu-r-line-version-5-0-850mah-3s-11-1v-150c-xt30u-f\/#primaryimage"},"thumbnailUrl":"https:\/\/iha-race.com\/wp-content\/uploads\/2024\/03\/TATTU-R-Line-V5.0-3S-850mAh-11.1V-150C-Lipo-Battery-XT30.webp","datePublished":"2024-03-11T17:17:30+00:00","dateModified":"2026-04-27T23:18:17+00:00","breadcrumb":{"@id":"https:\/\/iha-race.com\/de\/producto\/tattu-r-line-version-5-0-850mah-3s-11-1v-150c-xt30u-f\/#breadcrumb"},"inLanguage":"de","potentialAction":[{"@type":"ReadAction","target":["https:\/\/iha-race.com\/de\/producto\/tattu-r-line-version-5-0-850mah-3s-11-1v-150c-xt30u-f\/"]}]},{"@type":"ImageObject","inLanguage":"de","@id":"https:\/\/iha-race.com\/de\/producto\/tattu-r-line-version-5-0-850mah-3s-11-1v-150c-xt30u-f\/#primaryimage","url":"https:\/\/iha-race.com\/wp-content\/uploads\/2024\/03\/TATTU-R-Line-V5.0-3S-850mAh-11.1V-150C-Lipo-Battery-XT30.webp","contentUrl":"https:\/\/iha-race.com\/wp-content\/uploads\/2024\/03\/TATTU-R-Line-V5.0-3S-850mAh-11.1V-150C-Lipo-Battery-XT30.webp","width":800,"height":800},{"@type":"BreadcrumbList","@id":"https:\/\/iha-race.com\/de\/producto\/tattu-r-line-version-5-0-850mah-3s-11-1v-150c-xt30u-f\/#breadcrumb","itemListElement":[{"@type":"ListItem","position":1,"name":"Portada","item":"https:\/\/iha-race.com\/de\/elementor-499\/"},{"@type":"ListItem","position":2,"name":"Shop","item":"https:\/\/iha-race.com\/de\/shop\/"},{"@type":"ListItem","position":3,"name":"Tattu R-Line Version 5.0 850mAh 3S 11.1V 150C XT30U-F"}]},{"@type":"WebSite","@id":"https:\/\/iha-race.com\/de\/#website","url":"https:\/\/iha-race.com\/de\/","name":"Iha Race","description":"Comprar drones de carreras FPV env\u00edos en un d\u00eda desde Espa\u00f1a","publisher":{"@id":"https:\/\/iha-race.com\/de\/#organization"},"potentialAction":[{"@type":"SearchAction","target":{"@type":"EntryPoint","urlTemplate":"https:\/\/iha-race.com\/de\/?s={search_term_string}"},"query-input":{"@type":"PropertyValueSpecification","valueRequired":true,"valueName":"search_term_string"}}],"inLanguage":"de"},{"@type":"Organization","@id":"https:\/\/iha-race.com\/de\/#organization","name":"Iha Race","url":"https:\/\/iha-race.com\/de\/","logo":{"@type":"ImageObject","inLanguage":"de","@id":"https:\/\/iha-race.com\/de\/#\/schema\/logo\/image\/","url":"https:\/\/iha-race.com\/wp-content\/uploads\/2018\/07\/iha-race-drones-de-carreras-tienda-comprar-drones.png","contentUrl":"https:\/\/iha-race.com\/wp-content\/uploads\/2018\/07\/iha-race-drones-de-carreras-tienda-comprar-drones.png","width":300,"height":100,"caption":"Iha Race"},"image":{"@id":"https:\/\/iha-race.com\/de\/#\/schema\/logo\/image\/"}}]}},"jetpack_sharing_enabled":true,"brands":[],"_links":{"self":[{"href":"https:\/\/iha-race.com\/de\/wp-json\/wp\/v2\/product\/245989","targetHints":{"allow":["GET"]}}],"collection":[{"href":"https:\/\/iha-race.com\/de\/wp-json\/wp\/v2\/product"}],"about":[{"href":"https:\/\/iha-race.com\/de\/wp-json\/wp\/v2\/types\/product"}],"replies":[{"embeddable":true,"href":"https:\/\/iha-race.com\/de\/wp-json\/wp\/v2\/comments?post=245989"}],"version-history":[{"count":1,"href":"https:\/\/iha-race.com\/de\/wp-json\/wp\/v2\/product\/245989\/revisions"}],"predecessor-version":[{"id":248403,"href":"https:\/\/iha-race.com\/de\/wp-json\/wp\/v2\/product\/245989\/revisions\/248403"}],"wp:featuredmedia":[{"embeddable":true,"href":"https:\/\/iha-race.com\/de\/wp-json\/wp\/v2\/media\/258988"}],"wp:attachment":[{"href":"https:\/\/iha-race.com\/de\/wp-json\/wp\/v2\/media?parent=245989"}],"wp:term":[{"taxonomy":"pwb-brand","embeddable":true,"href":"https:\/\/iha-race.com\/de\/wp-json\/wp\/v2\/pwb-brand?post=245989"},{"taxonomy":"product_cat","embeddable":true,"href":"https:\/\/iha-race.com\/de\/wp-json\/wp\/v2\/product_cat?post=245989"},{"taxonomy":"product_tag","embeddable":true,"href":"https:\/\/iha-race.com\/de\/wp-json\/wp\/v2\/product_tag?post=245989"}],"curies":[{"name":"wp","href":"https:\/\/api.w.org\/{rel}","templated":true}]}}