{"id":245988,"date":"2024-03-01T18:06:24","date_gmt":"2024-03-01T17:06:24","guid":{"rendered":"https:\/\/iha-race.com\/producto\/ac-ladegeraet-skyrc-s100-neo-lipo-1-6s-10a-100w\/"},"modified":"2024-08-29T11:17:41","modified_gmt":"2024-08-29T09:17:41","slug":"ac-ladegeraet-skyrc-s100-neo-lipo-1-6s-10a-100w","status":"publish","type":"product","link":"https:\/\/iha-race.com\/de\/producto\/ac-ladegeraet-skyrc-s100-neo-lipo-1-6s-10a-100w\/","title":{"rendered":"AC-Ladeger\u00e4t SkyRC S100 Neo LiPo 1-6s 10A 100W"},"content":{"rendered":"<h2>AC-Ladeger\u00e4t SkyRC S100 Neo LiPo 1-6s 10A 100W<\/h2>\n<p>  Das S100neo besticht durch sein schlankes, ultrakompaktes Design und bietet als intelligentes AC\/DC-Ladeger\u00e4t eine maximale Leistung von 200 W f\u00fcr verschiedene Akkuchemien (LiPo\/LiFe\/Lilon\/LiHV\/NiMH\/NiCd\/Pb). Dar\u00fcber hinaus kann es als Stromversorgungsger\u00e4t verwendet werden. Die einstellbare Spannung reicht bis zu 30 V und der Strom kann bis zu 12 A erreichen. Basierend auf dem beliebten Ladeger\u00e4t e680 verf\u00fcgt das S100neo \u00fcber eine beeindruckende Leistungskapazit\u00e4t und kann gleichzeitig seine Vielseitigkeit und seine leistungsstarken Ladef\u00e4higkeiten voll aussch\u00f6pfen. Aber das S100neo ist mehr als nur ein Ladeger\u00e4t. Es fungiert auch als fortschrittliches digitales Netzteil, das sowohl im Konstantstrom- (DC) als auch im Konstantspannungsmodus (CV) pr\u00e4zises und effizientes Laden mit un\u00fcbertroffener Genauigkeit erm\u00f6glicht. Dar\u00fcber hinaus erm\u00f6glicht es die Spannungsmessung ohne aktive Stromversorgung, was die Bewertung der Batteriespannung erheblich vereinfacht. Und das lebendige Farb-LCD-Display verbessert die Benutzerfreundlichkeit durch intuitive Navigation und einfache \u00dcberwachung.  <\/p>\n<h3>Eigenschaften<\/h3>\n<ul>\n<li>Effizienter Nachfolger des bekannten Ladeger\u00e4ts e680<\/li>\n<li>2 Eing\u00e4nge, 1 Ausgang<\/li>\n<li>Max. 100 W AC Lastleistung<\/li>\n<li>Max. 200 W DC Lastleistung<\/li>\n<li>Zeitsparendes Laden mit bis zu 12 A<\/li>\n<li>Leicht zu bedienende 3-Tasten-Steuerung<\/li>\n<li>Leicht und kompakt<\/li>\n<li>Mit Schnellladefunktion PD\/QC3.0<\/li>\n<li>Kompatibel mit dem Hauptladeger\u00e4t<\/li>\n<\/ul>\n<h3>Spezifikationen<\/h3>\n<table>\n<tbody>\n<tr>\n<td>Eingangsspannung:<\/td>\n<td>AC: 100-240 V (50-60 Hz) DC: 6-30 V<\/td>\n<\/tr>\n<tr>\n<td>DC-Lastleistung:<\/td>\n<td>max. 200W (+-10%)<\/td>\n<\/tr>\n<tr>\n<td>AC-Leistungsaufnahme:<\/td>\n<td>max. 100W (+- 10%)<\/td>\n<\/tr>\n<tr>\n<td>Leistung beim Entladen:<\/td>\n<td>5W (Hauptanschluss) (+- 10%) max. 20W (Balance Port, LiPo\/6S).<\/td>\n<\/tr>\n<tr>\n<td>Ladestrom:<\/td>\n<td>LiPo\/LiIon\/LiFe\/LiHV\/NiMH\/NiCd\/Pb: 0,1 A ~ 0,5 A (\u00b10,1 A) | 0,6 A ~ 12 A (+-10 %)<\/td>\n<\/tr>\n<tr>\n<td>Entladestrom:<\/td>\n<td>LiPo\/LiIon\/LiFe\/LiHV\/NiMH\/NiCd\/Pb: 0.1 A-0.2 A (\u00b10.1 A) | 0.3 A-2 A (+-10%)<\/td>\n<\/tr>\n<tr>\n<td>Ausgleichsstrom:<\/td>\n<td>max. 1.0A<\/td>\n<\/tr>\n<tr>\n<td>Langsamer Ladestrom:<\/td>\n<td>50 ~ 300 mA und aus Standard: 60 mA<\/td>\n<\/tr>\n<tr>\n<td>Akku-Typen:<\/td>\n<td>LiXX: 1-6S NiXX: 1-15S Pb: 3S \/ 6S \/ 12S<\/td>\n<\/tr>\n<tr>\n<td>Gewicht:<\/td>\n<td>340g<\/td>\n<\/tr>\n<tr>\n<td>Abmessungen:<\/td>\n<td>105x105x62mm<\/td>\n<\/tr>\n<tr>\n<td colspan=\"2\"><strong>DC-Stromversorgung<\/strong><\/td>\n<\/tr>\n<tr>\n<td>Spannung:<\/td>\n<td>2V ~ 30V<\/td>\n<\/tr>\n<tr>\n<td>Stromst\u00e4rke:<\/td>\n<td>0,1 A ~ 10 A (Spannung 2 V ~ 2,9 V) 0,1 A ~ 12 A (Spannung 3 V ~ 30 V).<\/td>\n<\/tr>\n<tr>\n<td>\u00dcberspannungsschutz:<\/td>\n<td>0,1 A (+- 0,1 A) 0,2 A ~ 4 A (+- 20 %) 4,1 A ~ 10 A (+- 10 %) 10,1 A ~ 12 A (+- 5 %)<\/td>\n<\/tr>\n<tr>\n<td>St\u00e4rke:<\/td>\n<td>AC-Eingang: max. 100 W DC-Eingang : max. 200W<\/td>\n<\/tr>\n<tr>\n<td colspan=\"2\"><strong>Einlaufen des DC-Motors<\/strong><\/td>\n<\/tr>\n<tr>\n<td>Spannung:<\/td>\n<td>3-12V<\/td>\n<\/tr>\n<tr>\n<td>Stromst\u00e4rke:<\/td>\n<td>1-5A<\/td>\n<\/tr>\n<tr>\n<td>Adresse:<\/td>\n<td>Weiterleiten<\/td>\n<\/tr>\n<tr>\n<td>Zeit:<\/td>\n<td>1-60 Minuten<\/td>\n<\/tr>\n<tr>\n<td>Schutzfunktionen:<\/td>\n<td>Motorblockierschutz \u00dcberstromschutz \u00dcberlastschutz<\/td>\n<\/tr>\n<\/tbody>\n<\/table>\n<h3>Das Paket umfasst<\/h3>\n<ul>\n<li>1 x SKYRC S100neo Ladeger\u00e4t<\/li>\n<li>1 x Handbuch<\/li>\n<\/ul>\n","protected":false},"excerpt":{"rendered":"<p>AC-Ladeger\u00e4t SkyRC S100 Neo LiPo 1-6s 10A 100W Das S100neo besticht durch sein schlankes, ultrakompaktes Design und bietet als intelligentes AC\/DC-Ladeger\u00e4t eine maximale Leistung von 200 W f\u00fcr verschiedene Akkuchemien<\/p>\n","protected":false},"featured_media":244396,"comment_status":"open","ping_status":"closed","template":"","meta":{"_joinchat":[]},"pwb-brand":[],"product_cat":[2505],"product_tag":[],"class_list":{"0":"post-245988","1":"product","2":"type-product","3":"status-publish","4":"has-post-thumbnail","6":"product_cat-ladegerate-de","8":"first","9":"outofstock","10":"taxable","11":"shipping-taxable","12":"purchasable","13":"product-type-simple"},"barcode":null,"atum_controlled":true,"out_stock_date":"2026-04-28 15:56:56","out_stock_threshold":null,"inheritable":false,"stock_on_hold":0,"sold_today":0,"sales_last_days":0,"out_stock_days":0,"lost_sales":0,"update_date":"2026-04-28T13:56:56","atum_locations":[],"atum_stock_status":"instock","restock_status":false,"low_stock_amount":"","sales_update_date":"2026-04-28T13:27:56","calc_backorders":null,"yoast_head":"<!-- This site is optimized with the Yoast SEO plugin v27.3 - https:\/\/yoast.com\/product\/yoast-seo-wordpress\/ -->\n<title>AC-Ladeger\u00e4t SkyRC S100 Neo LiPo 1-6s 10A 100W - Iha Race<\/title>\n<meta name=\"robots\" content=\"index, follow, max-snippet:-1, max-image-preview:large, max-video-preview:-1\" \/>\n<link rel=\"canonical\" href=\"https:\/\/iha-race.com\/de\/producto\/ac-ladegeraet-skyrc-s100-neo-lipo-1-6s-10a-100w\/\" \/>\n<meta property=\"og:locale\" content=\"de_DE\" \/>\n<meta property=\"og:type\" content=\"article\" \/>\n<meta property=\"og:title\" content=\"AC-Ladeger\u00e4t SkyRC S100 Neo LiPo 1-6s 10A 100W - Iha Race\" \/>\n<meta property=\"og:description\" content=\"AC-Ladeger\u00e4t SkyRC S100 Neo LiPo 1-6s 10A 100W Das S100neo besticht durch sein schlankes, ultrakompaktes Design und bietet als intelligentes AC\/DC-Ladeger\u00e4t eine maximale Leistung von 200 W f\u00fcr verschiedene Akkuchemien\" \/>\n<meta property=\"og:url\" content=\"https:\/\/iha-race.com\/de\/producto\/ac-ladegeraet-skyrc-s100-neo-lipo-1-6s-10a-100w\/\" \/>\n<meta property=\"og:site_name\" content=\"Iha Race\" \/>\n<meta property=\"article:modified_time\" content=\"2024-08-29T09:17:41+00:00\" \/>\n<meta property=\"og:image\" content=\"https:\/\/iha-race.com\/wp-content\/uploads\/2024\/03\/Cargador-de-CA-SkyRC-S100-Neo-LiPo-1-6s-10A-100W.jpg\" \/>\n\t<meta property=\"og:image:width\" content=\"1280\" \/>\n\t<meta property=\"og:image:height\" content=\"1280\" \/>\n\t<meta property=\"og:image:type\" content=\"image\/jpeg\" \/>\n<meta name=\"twitter:card\" content=\"summary_large_image\" \/>\n<meta name=\"twitter:label1\" content=\"Gesch\u00e4tzte Lesezeit\" \/>\n\t<meta name=\"twitter:data1\" content=\"2\u00a0Minuten\" \/>\n<script type=\"application\/ld+json\" class=\"yoast-schema-graph\">{\"@context\":\"https:\\\/\\\/schema.org\",\"@graph\":[{\"@type\":\"WebPage\",\"@id\":\"https:\\\/\\\/iha-race.com\\\/de\\\/producto\\\/ac-ladegeraet-skyrc-s100-neo-lipo-1-6s-10a-100w\\\/\",\"url\":\"https:\\\/\\\/iha-race.com\\\/de\\\/producto\\\/ac-ladegeraet-skyrc-s100-neo-lipo-1-6s-10a-100w\\\/\",\"name\":\"AC-Ladeger\u00e4t SkyRC S100 Neo LiPo 1-6s 10A 100W - Iha Race\",\"isPartOf\":{\"@id\":\"https:\\\/\\\/iha-race.com\\\/de\\\/#website\"},\"primaryImageOfPage\":{\"@id\":\"https:\\\/\\\/iha-race.com\\\/de\\\/producto\\\/ac-ladegeraet-skyrc-s100-neo-lipo-1-6s-10a-100w\\\/#primaryimage\"},\"image\":{\"@id\":\"https:\\\/\\\/iha-race.com\\\/de\\\/producto\\\/ac-ladegeraet-skyrc-s100-neo-lipo-1-6s-10a-100w\\\/#primaryimage\"},\"thumbnailUrl\":\"https:\\\/\\\/iha-race.com\\\/wp-content\\\/uploads\\\/2024\\\/03\\\/Cargador-de-CA-SkyRC-S100-Neo-LiPo-1-6s-10A-100W.jpg\",\"datePublished\":\"2024-03-01T17:06:24+00:00\",\"dateModified\":\"2024-08-29T09:17:41+00:00\",\"breadcrumb\":{\"@id\":\"https:\\\/\\\/iha-race.com\\\/de\\\/producto\\\/ac-ladegeraet-skyrc-s100-neo-lipo-1-6s-10a-100w\\\/#breadcrumb\"},\"inLanguage\":\"de\",\"potentialAction\":[{\"@type\":\"ReadAction\",\"target\":[\"https:\\\/\\\/iha-race.com\\\/de\\\/producto\\\/ac-ladegeraet-skyrc-s100-neo-lipo-1-6s-10a-100w\\\/\"]}]},{\"@type\":\"ImageObject\",\"inLanguage\":\"de\",\"@id\":\"https:\\\/\\\/iha-race.com\\\/de\\\/producto\\\/ac-ladegeraet-skyrc-s100-neo-lipo-1-6s-10a-100w\\\/#primaryimage\",\"url\":\"https:\\\/\\\/iha-race.com\\\/wp-content\\\/uploads\\\/2024\\\/03\\\/Cargador-de-CA-SkyRC-S100-Neo-LiPo-1-6s-10A-100W.jpg\",\"contentUrl\":\"https:\\\/\\\/iha-race.com\\\/wp-content\\\/uploads\\\/2024\\\/03\\\/Cargador-de-CA-SkyRC-S100-Neo-LiPo-1-6s-10A-100W.jpg\",\"width\":1280,\"height\":1280},{\"@type\":\"BreadcrumbList\",\"@id\":\"https:\\\/\\\/iha-race.com\\\/de\\\/producto\\\/ac-ladegeraet-skyrc-s100-neo-lipo-1-6s-10a-100w\\\/#breadcrumb\",\"itemListElement\":[{\"@type\":\"ListItem\",\"position\":1,\"name\":\"Portada\",\"item\":\"https:\\\/\\\/iha-race.com\\\/de\\\/elementor-499\\\/\"},{\"@type\":\"ListItem\",\"position\":2,\"name\":\"Shop\",\"item\":\"https:\\\/\\\/iha-race.com\\\/de\\\/shop\\\/\"},{\"@type\":\"ListItem\",\"position\":3,\"name\":\"AC-Ladeger\u00e4t SkyRC S100 Neo LiPo 1-6s 10A 100W\"}]},{\"@type\":\"WebSite\",\"@id\":\"https:\\\/\\\/iha-race.com\\\/de\\\/#website\",\"url\":\"https:\\\/\\\/iha-race.com\\\/de\\\/\",\"name\":\"Iha Race\",\"description\":\"Comprar drones de carreras FPV env\u00edos en un d\u00eda desde Espa\u00f1a\",\"publisher\":{\"@id\":\"https:\\\/\\\/iha-race.com\\\/de\\\/#organization\"},\"potentialAction\":[{\"@type\":\"SearchAction\",\"target\":{\"@type\":\"EntryPoint\",\"urlTemplate\":\"https:\\\/\\\/iha-race.com\\\/de\\\/?s={search_term_string}\"},\"query-input\":{\"@type\":\"PropertyValueSpecification\",\"valueRequired\":true,\"valueName\":\"search_term_string\"}}],\"inLanguage\":\"de\"},{\"@type\":\"Organization\",\"@id\":\"https:\\\/\\\/iha-race.com\\\/de\\\/#organization\",\"name\":\"Iha Race\",\"url\":\"https:\\\/\\\/iha-race.com\\\/de\\\/\",\"logo\":{\"@type\":\"ImageObject\",\"inLanguage\":\"de\",\"@id\":\"https:\\\/\\\/iha-race.com\\\/de\\\/#\\\/schema\\\/logo\\\/image\\\/\",\"url\":\"https:\\\/\\\/iha-race.com\\\/wp-content\\\/uploads\\\/2018\\\/07\\\/iha-race-drones-de-carreras-tienda-comprar-drones.png\",\"contentUrl\":\"https:\\\/\\\/iha-race.com\\\/wp-content\\\/uploads\\\/2018\\\/07\\\/iha-race-drones-de-carreras-tienda-comprar-drones.png\",\"width\":300,\"height\":100,\"caption\":\"Iha Race\"},\"image\":{\"@id\":\"https:\\\/\\\/iha-race.com\\\/de\\\/#\\\/schema\\\/logo\\\/image\\\/\"}}]}<\/script>\n<!-- \/ Yoast SEO plugin. -->","yoast_head_json":{"title":"AC-Ladeger\u00e4t SkyRC S100 Neo LiPo 1-6s 10A 100W - Iha Race","robots":{"index":"index","follow":"follow","max-snippet":"max-snippet:-1","max-image-preview":"max-image-preview:large","max-video-preview":"max-video-preview:-1"},"canonical":"https:\/\/iha-race.com\/de\/producto\/ac-ladegeraet-skyrc-s100-neo-lipo-1-6s-10a-100w\/","og_locale":"de_DE","og_type":"article","og_title":"AC-Ladeger\u00e4t SkyRC S100 Neo LiPo 1-6s 10A 100W - Iha Race","og_description":"AC-Ladeger\u00e4t SkyRC S100 Neo LiPo 1-6s 10A 100W Das S100neo besticht durch sein schlankes, ultrakompaktes Design und bietet als intelligentes AC\/DC-Ladeger\u00e4t eine maximale Leistung von 200 W f\u00fcr verschiedene Akkuchemien","og_url":"https:\/\/iha-race.com\/de\/producto\/ac-ladegeraet-skyrc-s100-neo-lipo-1-6s-10a-100w\/","og_site_name":"Iha Race","article_modified_time":"2024-08-29T09:17:41+00:00","og_image":[{"width":1280,"height":1280,"url":"https:\/\/iha-race.com\/wp-content\/uploads\/2024\/03\/Cargador-de-CA-SkyRC-S100-Neo-LiPo-1-6s-10A-100W.jpg","type":"image\/jpeg"}],"twitter_card":"summary_large_image","twitter_misc":{"Gesch\u00e4tzte Lesezeit":"2\u00a0Minuten"},"schema":{"@context":"https:\/\/schema.org","@graph":[{"@type":"WebPage","@id":"https:\/\/iha-race.com\/de\/producto\/ac-ladegeraet-skyrc-s100-neo-lipo-1-6s-10a-100w\/","url":"https:\/\/iha-race.com\/de\/producto\/ac-ladegeraet-skyrc-s100-neo-lipo-1-6s-10a-100w\/","name":"AC-Ladeger\u00e4t SkyRC S100 Neo LiPo 1-6s 10A 100W - Iha Race","isPartOf":{"@id":"https:\/\/iha-race.com\/de\/#website"},"primaryImageOfPage":{"@id":"https:\/\/iha-race.com\/de\/producto\/ac-ladegeraet-skyrc-s100-neo-lipo-1-6s-10a-100w\/#primaryimage"},"image":{"@id":"https:\/\/iha-race.com\/de\/producto\/ac-ladegeraet-skyrc-s100-neo-lipo-1-6s-10a-100w\/#primaryimage"},"thumbnailUrl":"https:\/\/iha-race.com\/wp-content\/uploads\/2024\/03\/Cargador-de-CA-SkyRC-S100-Neo-LiPo-1-6s-10A-100W.jpg","datePublished":"2024-03-01T17:06:24+00:00","dateModified":"2024-08-29T09:17:41+00:00","breadcrumb":{"@id":"https:\/\/iha-race.com\/de\/producto\/ac-ladegeraet-skyrc-s100-neo-lipo-1-6s-10a-100w\/#breadcrumb"},"inLanguage":"de","potentialAction":[{"@type":"ReadAction","target":["https:\/\/iha-race.com\/de\/producto\/ac-ladegeraet-skyrc-s100-neo-lipo-1-6s-10a-100w\/"]}]},{"@type":"ImageObject","inLanguage":"de","@id":"https:\/\/iha-race.com\/de\/producto\/ac-ladegeraet-skyrc-s100-neo-lipo-1-6s-10a-100w\/#primaryimage","url":"https:\/\/iha-race.com\/wp-content\/uploads\/2024\/03\/Cargador-de-CA-SkyRC-S100-Neo-LiPo-1-6s-10A-100W.jpg","contentUrl":"https:\/\/iha-race.com\/wp-content\/uploads\/2024\/03\/Cargador-de-CA-SkyRC-S100-Neo-LiPo-1-6s-10A-100W.jpg","width":1280,"height":1280},{"@type":"BreadcrumbList","@id":"https:\/\/iha-race.com\/de\/producto\/ac-ladegeraet-skyrc-s100-neo-lipo-1-6s-10a-100w\/#breadcrumb","itemListElement":[{"@type":"ListItem","position":1,"name":"Portada","item":"https:\/\/iha-race.com\/de\/elementor-499\/"},{"@type":"ListItem","position":2,"name":"Shop","item":"https:\/\/iha-race.com\/de\/shop\/"},{"@type":"ListItem","position":3,"name":"AC-Ladeger\u00e4t SkyRC S100 Neo LiPo 1-6s 10A 100W"}]},{"@type":"WebSite","@id":"https:\/\/iha-race.com\/de\/#website","url":"https:\/\/iha-race.com\/de\/","name":"Iha Race","description":"Comprar drones de carreras FPV env\u00edos en un d\u00eda desde Espa\u00f1a","publisher":{"@id":"https:\/\/iha-race.com\/de\/#organization"},"potentialAction":[{"@type":"SearchAction","target":{"@type":"EntryPoint","urlTemplate":"https:\/\/iha-race.com\/de\/?s={search_term_string}"},"query-input":{"@type":"PropertyValueSpecification","valueRequired":true,"valueName":"search_term_string"}}],"inLanguage":"de"},{"@type":"Organization","@id":"https:\/\/iha-race.com\/de\/#organization","name":"Iha Race","url":"https:\/\/iha-race.com\/de\/","logo":{"@type":"ImageObject","inLanguage":"de","@id":"https:\/\/iha-race.com\/de\/#\/schema\/logo\/image\/","url":"https:\/\/iha-race.com\/wp-content\/uploads\/2018\/07\/iha-race-drones-de-carreras-tienda-comprar-drones.png","contentUrl":"https:\/\/iha-race.com\/wp-content\/uploads\/2018\/07\/iha-race-drones-de-carreras-tienda-comprar-drones.png","width":300,"height":100,"caption":"Iha Race"},"image":{"@id":"https:\/\/iha-race.com\/de\/#\/schema\/logo\/image\/"}}]}},"jetpack_sharing_enabled":true,"brands":[],"_links":{"self":[{"href":"https:\/\/iha-race.com\/de\/wp-json\/wp\/v2\/product\/245988","targetHints":{"allow":["GET"]}}],"collection":[{"href":"https:\/\/iha-race.com\/de\/wp-json\/wp\/v2\/product"}],"about":[{"href":"https:\/\/iha-race.com\/de\/wp-json\/wp\/v2\/types\/product"}],"replies":[{"embeddable":true,"href":"https:\/\/iha-race.com\/de\/wp-json\/wp\/v2\/comments?post=245988"}],"version-history":[{"count":1,"href":"https:\/\/iha-race.com\/de\/wp-json\/wp\/v2\/product\/245988\/revisions"}],"predecessor-version":[{"id":248391,"href":"https:\/\/iha-race.com\/de\/wp-json\/wp\/v2\/product\/245988\/revisions\/248391"}],"wp:featuredmedia":[{"embeddable":true,"href":"https:\/\/iha-race.com\/de\/wp-json\/wp\/v2\/media\/244396"}],"wp:attachment":[{"href":"https:\/\/iha-race.com\/de\/wp-json\/wp\/v2\/media?parent=245988"}],"wp:term":[{"taxonomy":"pwb-brand","embeddable":true,"href":"https:\/\/iha-race.com\/de\/wp-json\/wp\/v2\/pwb-brand?post=245988"},{"taxonomy":"product_cat","embeddable":true,"href":"https:\/\/iha-race.com\/de\/wp-json\/wp\/v2\/product_cat?post=245988"},{"taxonomy":"product_tag","embeddable":true,"href":"https:\/\/iha-race.com\/de\/wp-json\/wp\/v2\/product_tag?post=245988"}],"curies":[{"name":"wp","href":"https:\/\/api.w.org\/{rel}","templated":true}]}}