{"id":244212,"date":"2024-02-08T18:26:33","date_gmt":"2024-02-08T17:26:33","guid":{"rendered":"https:\/\/iha-race.com\/producto\/gemfan-2020-4-blatt-propeller-mit-15-mm-welle\/"},"modified":"2024-08-29T11:16:43","modified_gmt":"2024-08-29T09:16:43","slug":"gemfan-2020-4-blatt-propeller-mit-15-mm-welle","status":"publish","type":"product","link":"https:\/\/iha-race.com\/de\/producto\/gemfan-2020-4-blatt-propeller-mit-15-mm-welle\/","title":{"rendered":"Gemfan 2020 4-Blatt-Propeller mit 1,5 mm Welle"},"content":{"rendered":"<h2><strong>Gemfan 2020 4-Blatt-Propeller mit 1,5 mm Welle<\/strong><\/h2>\n<div>\n<div id=\"product-tabs\">  Das Gemfan 2020 4-Blatt-Zubeh\u00f6r ist perfekt f\u00fcr die 85mm Brushless-Drohne. Er ist leichter, aber dennoch robust genug und bietet dem Piloten ein hocheffizientes Flugerlebnis. Sonderangebot 2 verschiedene Farben, mehr M\u00f6glichkeiten, Ihre Drohne zu dekorieren.  <img decoding=\"async\" src=\"https:\/\/cdn.shopify.com\/s\/files\/1\/1778\/6615\/files\/WPS_1_20b5d269-c003-453e-93cc-d93b95a085ca_600x600.jpg?v=1600420379\" alt=\"\"><\/p>\n<\/div>\n<\/div>\n<h2>Spezifikationen<\/h2>\n<ul>\n<li>Farbe: blau\/schwarzer Obsidian<\/li>\n<li>Gewicht: 0,93g<\/li>\n<li>Klingen: 4<\/li>\n<li>Material: Computer<\/li>\n<li>Durchmesser der St\u00fctzscheibe: 50,3 mm<\/li>\n<li>Mitteldicke: 4,5 mm.<\/li>\n<li>Bohrung der Welle: 1,5 mm<\/li>\n<li>Empfohlener Motor: B\u00fcrstenloser Motor 1103 8000KV\/Motorserie 1103-1105<\/li>\n<\/ul>\n<p><img decoding=\"async\" src=\"https:\/\/cdn.shopify.com\/s\/files\/1\/1778\/6615\/files\/WPS_1_1a7e03b7-bf27-4bb6-9a32-8cd42d92fbf4_600x600.jpg?v=1600243550\" alt=\"\"><\/p>\n<h2 class=\"p1\">Das Paket umfasst<\/h2>\n<ul>\n<li>2 x Gemfan 2020 4-Blatt CW Propeller SCHWARZ<\/li>\n<li>2 x Gemfan 2020 4-Blatt-Propeller CCW BLACK<\/li>\n<\/ul>\n<p><img decoding=\"async\" src=\"https:\/\/cdn.shopify.com\/s\/files\/1\/1778\/6615\/files\/WPS_1_cc71a507-3197-4009-ad69-db0ba0555fa2_600x600.jpg?v=1600243528\" alt=\"\"><\/p>\n","protected":false},"excerpt":{"rendered":"<p>Gemfan 2020 4-Blatt-Propeller mit 1,5 mm Welle Das Gemfan 2020 4-Blatt-Zubeh\u00f6r ist perfekt f\u00fcr die 85mm Brushless-Drohne. Er ist leichter, aber dennoch robust genug und bietet dem Piloten ein hocheffizientes<\/p>\n","protected":false},"featured_media":253994,"comment_status":"open","ping_status":"closed","template":"","meta":{"_joinchat":[]},"pwb-brand":[],"product_cat":[2601,2600,2627,2660,2604],"product_tag":[],"class_list":{"0":"post-244212","1":"product","2":"type-product","3":"status-publish","4":"has-post-thumbnail","6":"product_cat-2-de","7":"product_cat-fpv-propeller","8":"product_cat-paddel","9":"product_cat-tripalas-de","10":"product_cat-zoll","12":"first","13":"outofstock","14":"taxable","15":"shipping-taxable","16":"purchasable","17":"product-type-simple"},"barcode":null,"atum_controlled":true,"out_stock_date":"2026-04-09 16:18:50","out_stock_threshold":null,"inheritable":false,"stock_on_hold":0,"sold_today":0,"sales_last_days":1,"out_stock_days":8,"lost_sales":3,"update_date":"2026-04-18T09:22:07","atum_locations":[],"atum_stock_status":"outofstock","restock_status":false,"low_stock_amount":"","sales_update_date":"2026-04-18T09:22:07","calc_backorders":null,"yoast_head":"<!-- This site is optimized with the Yoast SEO plugin v27.3 - https:\/\/yoast.com\/product\/yoast-seo-wordpress\/ -->\n<title>Gemfan 2020 4-Blatt-Propeller mit 1,5 mm Welle - Iha Race<\/title>\n<meta name=\"robots\" content=\"index, follow, max-snippet:-1, max-image-preview:large, max-video-preview:-1\" \/>\n<link rel=\"canonical\" href=\"https:\/\/iha-race.com\/de\/producto\/gemfan-2020-4-blatt-propeller-mit-15-mm-welle\/\" \/>\n<meta property=\"og:locale\" content=\"de_DE\" \/>\n<meta property=\"og:type\" content=\"article\" \/>\n<meta property=\"og:title\" content=\"Gemfan 2020 4-Blatt-Propeller mit 1,5 mm Welle - Iha Race\" \/>\n<meta property=\"og:description\" content=\"Gemfan 2020 4-Blatt-Propeller mit 1,5 mm Welle Das Gemfan 2020 4-Blatt-Zubeh\u00f6r ist perfekt f\u00fcr die 85mm Brushless-Drohne. Er ist leichter, aber dennoch robust genug und bietet dem Piloten ein hocheffizientes\" \/>\n<meta property=\"og:url\" content=\"https:\/\/iha-race.com\/de\/producto\/gemfan-2020-4-blatt-propeller-mit-15-mm-welle\/\" \/>\n<meta property=\"og:site_name\" content=\"Iha Race\" \/>\n<meta property=\"article:modified_time\" content=\"2024-08-29T09:16:43+00:00\" \/>\n<meta property=\"og:image\" content=\"https:\/\/iha-race.com\/wp-content\/uploads\/2024\/02\/fd1811e329d6252abce5b825429edd5c_720x.webp\" \/>\n\t<meta property=\"og:image:width\" content=\"720\" \/>\n\t<meta property=\"og:image:height\" content=\"720\" \/>\n\t<meta property=\"og:image:type\" content=\"image\/webp\" \/>\n<meta name=\"twitter:card\" content=\"summary_large_image\" \/>\n<script type=\"application\/ld+json\" class=\"yoast-schema-graph\">{\"@context\":\"https:\\\/\\\/schema.org\",\"@graph\":[{\"@type\":\"WebPage\",\"@id\":\"https:\\\/\\\/iha-race.com\\\/de\\\/producto\\\/gemfan-2020-4-blatt-propeller-mit-15-mm-welle\\\/\",\"url\":\"https:\\\/\\\/iha-race.com\\\/de\\\/producto\\\/gemfan-2020-4-blatt-propeller-mit-15-mm-welle\\\/\",\"name\":\"Gemfan 2020 4-Blatt-Propeller mit 1,5 mm Welle - Iha Race\",\"isPartOf\":{\"@id\":\"https:\\\/\\\/iha-race.com\\\/de\\\/#website\"},\"primaryImageOfPage\":{\"@id\":\"https:\\\/\\\/iha-race.com\\\/de\\\/producto\\\/gemfan-2020-4-blatt-propeller-mit-15-mm-welle\\\/#primaryimage\"},\"image\":{\"@id\":\"https:\\\/\\\/iha-race.com\\\/de\\\/producto\\\/gemfan-2020-4-blatt-propeller-mit-15-mm-welle\\\/#primaryimage\"},\"thumbnailUrl\":\"https:\\\/\\\/iha-race.com\\\/wp-content\\\/uploads\\\/2024\\\/02\\\/Helices-Gemfan-1219S-de-3-palas-eje-de-10-mm.webp\",\"datePublished\":\"2024-02-08T17:26:33+00:00\",\"dateModified\":\"2024-08-29T09:16:43+00:00\",\"breadcrumb\":{\"@id\":\"https:\\\/\\\/iha-race.com\\\/de\\\/producto\\\/gemfan-2020-4-blatt-propeller-mit-15-mm-welle\\\/#breadcrumb\"},\"inLanguage\":\"de\",\"potentialAction\":[{\"@type\":\"ReadAction\",\"target\":[\"https:\\\/\\\/iha-race.com\\\/de\\\/producto\\\/gemfan-2020-4-blatt-propeller-mit-15-mm-welle\\\/\"]}]},{\"@type\":\"ImageObject\",\"inLanguage\":\"de\",\"@id\":\"https:\\\/\\\/iha-race.com\\\/de\\\/producto\\\/gemfan-2020-4-blatt-propeller-mit-15-mm-welle\\\/#primaryimage\",\"url\":\"https:\\\/\\\/iha-race.com\\\/wp-content\\\/uploads\\\/2024\\\/02\\\/Helices-Gemfan-1219S-de-3-palas-eje-de-10-mm.webp\",\"contentUrl\":\"https:\\\/\\\/iha-race.com\\\/wp-content\\\/uploads\\\/2024\\\/02\\\/Helices-Gemfan-1219S-de-3-palas-eje-de-10-mm.webp\",\"width\":540,\"height\":540,\"caption\":\"Comprar H\u00e9lices Gemfan 1219S de 3 palas (eje de 1,0 mm)\"},{\"@type\":\"BreadcrumbList\",\"@id\":\"https:\\\/\\\/iha-race.com\\\/de\\\/producto\\\/gemfan-2020-4-blatt-propeller-mit-15-mm-welle\\\/#breadcrumb\",\"itemListElement\":[{\"@type\":\"ListItem\",\"position\":1,\"name\":\"Portada\",\"item\":\"https:\\\/\\\/iha-race.com\\\/de\\\/elementor-499\\\/\"},{\"@type\":\"ListItem\",\"position\":2,\"name\":\"Shop\",\"item\":\"https:\\\/\\\/iha-race.com\\\/de\\\/shop\\\/\"},{\"@type\":\"ListItem\",\"position\":3,\"name\":\"Gemfan 2020 4-Blatt-Propeller mit 1,5 mm Welle\"}]},{\"@type\":\"WebSite\",\"@id\":\"https:\\\/\\\/iha-race.com\\\/de\\\/#website\",\"url\":\"https:\\\/\\\/iha-race.com\\\/de\\\/\",\"name\":\"Iha Race\",\"description\":\"Comprar drones de carreras FPV env\u00edos en un d\u00eda desde Espa\u00f1a\",\"publisher\":{\"@id\":\"https:\\\/\\\/iha-race.com\\\/de\\\/#organization\"},\"potentialAction\":[{\"@type\":\"SearchAction\",\"target\":{\"@type\":\"EntryPoint\",\"urlTemplate\":\"https:\\\/\\\/iha-race.com\\\/de\\\/?s={search_term_string}\"},\"query-input\":{\"@type\":\"PropertyValueSpecification\",\"valueRequired\":true,\"valueName\":\"search_term_string\"}}],\"inLanguage\":\"de\"},{\"@type\":\"Organization\",\"@id\":\"https:\\\/\\\/iha-race.com\\\/de\\\/#organization\",\"name\":\"Iha Race\",\"url\":\"https:\\\/\\\/iha-race.com\\\/de\\\/\",\"logo\":{\"@type\":\"ImageObject\",\"inLanguage\":\"de\",\"@id\":\"https:\\\/\\\/iha-race.com\\\/de\\\/#\\\/schema\\\/logo\\\/image\\\/\",\"url\":\"https:\\\/\\\/iha-race.com\\\/wp-content\\\/uploads\\\/2018\\\/07\\\/iha-race-drones-de-carreras-tienda-comprar-drones.png\",\"contentUrl\":\"https:\\\/\\\/iha-race.com\\\/wp-content\\\/uploads\\\/2018\\\/07\\\/iha-race-drones-de-carreras-tienda-comprar-drones.png\",\"width\":300,\"height\":100,\"caption\":\"Iha Race\"},\"image\":{\"@id\":\"https:\\\/\\\/iha-race.com\\\/de\\\/#\\\/schema\\\/logo\\\/image\\\/\"}}]}<\/script>\n<!-- \/ Yoast SEO plugin. -->","yoast_head_json":{"title":"Gemfan 2020 4-Blatt-Propeller mit 1,5 mm Welle - Iha Race","robots":{"index":"index","follow":"follow","max-snippet":"max-snippet:-1","max-image-preview":"max-image-preview:large","max-video-preview":"max-video-preview:-1"},"canonical":"https:\/\/iha-race.com\/de\/producto\/gemfan-2020-4-blatt-propeller-mit-15-mm-welle\/","og_locale":"de_DE","og_type":"article","og_title":"Gemfan 2020 4-Blatt-Propeller mit 1,5 mm Welle - Iha Race","og_description":"Gemfan 2020 4-Blatt-Propeller mit 1,5 mm Welle Das Gemfan 2020 4-Blatt-Zubeh\u00f6r ist perfekt f\u00fcr die 85mm Brushless-Drohne. Er ist leichter, aber dennoch robust genug und bietet dem Piloten ein hocheffizientes","og_url":"https:\/\/iha-race.com\/de\/producto\/gemfan-2020-4-blatt-propeller-mit-15-mm-welle\/","og_site_name":"Iha Race","article_modified_time":"2024-08-29T09:16:43+00:00","og_image":[{"width":720,"height":720,"url":"https:\/\/iha-race.com\/wp-content\/uploads\/2024\/02\/fd1811e329d6252abce5b825429edd5c_720x.webp","type":"image\/webp"}],"twitter_card":"summary_large_image","schema":{"@context":"https:\/\/schema.org","@graph":[{"@type":"WebPage","@id":"https:\/\/iha-race.com\/de\/producto\/gemfan-2020-4-blatt-propeller-mit-15-mm-welle\/","url":"https:\/\/iha-race.com\/de\/producto\/gemfan-2020-4-blatt-propeller-mit-15-mm-welle\/","name":"Gemfan 2020 4-Blatt-Propeller mit 1,5 mm Welle - Iha Race","isPartOf":{"@id":"https:\/\/iha-race.com\/de\/#website"},"primaryImageOfPage":{"@id":"https:\/\/iha-race.com\/de\/producto\/gemfan-2020-4-blatt-propeller-mit-15-mm-welle\/#primaryimage"},"image":{"@id":"https:\/\/iha-race.com\/de\/producto\/gemfan-2020-4-blatt-propeller-mit-15-mm-welle\/#primaryimage"},"thumbnailUrl":"https:\/\/iha-race.com\/wp-content\/uploads\/2024\/02\/Helices-Gemfan-1219S-de-3-palas-eje-de-10-mm.webp","datePublished":"2024-02-08T17:26:33+00:00","dateModified":"2024-08-29T09:16:43+00:00","breadcrumb":{"@id":"https:\/\/iha-race.com\/de\/producto\/gemfan-2020-4-blatt-propeller-mit-15-mm-welle\/#breadcrumb"},"inLanguage":"de","potentialAction":[{"@type":"ReadAction","target":["https:\/\/iha-race.com\/de\/producto\/gemfan-2020-4-blatt-propeller-mit-15-mm-welle\/"]}]},{"@type":"ImageObject","inLanguage":"de","@id":"https:\/\/iha-race.com\/de\/producto\/gemfan-2020-4-blatt-propeller-mit-15-mm-welle\/#primaryimage","url":"https:\/\/iha-race.com\/wp-content\/uploads\/2024\/02\/Helices-Gemfan-1219S-de-3-palas-eje-de-10-mm.webp","contentUrl":"https:\/\/iha-race.com\/wp-content\/uploads\/2024\/02\/Helices-Gemfan-1219S-de-3-palas-eje-de-10-mm.webp","width":540,"height":540,"caption":"Comprar H\u00e9lices Gemfan 1219S de 3 palas (eje de 1,0 mm)"},{"@type":"BreadcrumbList","@id":"https:\/\/iha-race.com\/de\/producto\/gemfan-2020-4-blatt-propeller-mit-15-mm-welle\/#breadcrumb","itemListElement":[{"@type":"ListItem","position":1,"name":"Portada","item":"https:\/\/iha-race.com\/de\/elementor-499\/"},{"@type":"ListItem","position":2,"name":"Shop","item":"https:\/\/iha-race.com\/de\/shop\/"},{"@type":"ListItem","position":3,"name":"Gemfan 2020 4-Blatt-Propeller mit 1,5 mm Welle"}]},{"@type":"WebSite","@id":"https:\/\/iha-race.com\/de\/#website","url":"https:\/\/iha-race.com\/de\/","name":"Iha Race","description":"Comprar drones de carreras FPV env\u00edos en un d\u00eda desde Espa\u00f1a","publisher":{"@id":"https:\/\/iha-race.com\/de\/#organization"},"potentialAction":[{"@type":"SearchAction","target":{"@type":"EntryPoint","urlTemplate":"https:\/\/iha-race.com\/de\/?s={search_term_string}"},"query-input":{"@type":"PropertyValueSpecification","valueRequired":true,"valueName":"search_term_string"}}],"inLanguage":"de"},{"@type":"Organization","@id":"https:\/\/iha-race.com\/de\/#organization","name":"Iha Race","url":"https:\/\/iha-race.com\/de\/","logo":{"@type":"ImageObject","inLanguage":"de","@id":"https:\/\/iha-race.com\/de\/#\/schema\/logo\/image\/","url":"https:\/\/iha-race.com\/wp-content\/uploads\/2018\/07\/iha-race-drones-de-carreras-tienda-comprar-drones.png","contentUrl":"https:\/\/iha-race.com\/wp-content\/uploads\/2018\/07\/iha-race-drones-de-carreras-tienda-comprar-drones.png","width":300,"height":100,"caption":"Iha Race"},"image":{"@id":"https:\/\/iha-race.com\/de\/#\/schema\/logo\/image\/"}}]}},"jetpack_sharing_enabled":true,"brands":[],"_links":{"self":[{"href":"https:\/\/iha-race.com\/de\/wp-json\/wp\/v2\/product\/244212","targetHints":{"allow":["GET"]}}],"collection":[{"href":"https:\/\/iha-race.com\/de\/wp-json\/wp\/v2\/product"}],"about":[{"href":"https:\/\/iha-race.com\/de\/wp-json\/wp\/v2\/types\/product"}],"replies":[{"embeddable":true,"href":"https:\/\/iha-race.com\/de\/wp-json\/wp\/v2\/comments?post=244212"}],"version-history":[{"count":1,"href":"https:\/\/iha-race.com\/de\/wp-json\/wp\/v2\/product\/244212\/revisions"}],"predecessor-version":[{"id":248380,"href":"https:\/\/iha-race.com\/de\/wp-json\/wp\/v2\/product\/244212\/revisions\/248380"}],"wp:featuredmedia":[{"embeddable":true,"href":"https:\/\/iha-race.com\/de\/wp-json\/wp\/v2\/media\/253994"}],"wp:attachment":[{"href":"https:\/\/iha-race.com\/de\/wp-json\/wp\/v2\/media?parent=244212"}],"wp:term":[{"taxonomy":"pwb-brand","embeddable":true,"href":"https:\/\/iha-race.com\/de\/wp-json\/wp\/v2\/pwb-brand?post=244212"},{"taxonomy":"product_cat","embeddable":true,"href":"https:\/\/iha-race.com\/de\/wp-json\/wp\/v2\/product_cat?post=244212"},{"taxonomy":"product_tag","embeddable":true,"href":"https:\/\/iha-race.com\/de\/wp-json\/wp\/v2\/product_tag?post=244212"}],"curies":[{"name":"wp","href":"https:\/\/api.w.org\/{rel}","templated":true}]}}