{"id":244165,"date":"2024-02-07T18:23:57","date_gmt":"2024-02-07T17:23:57","guid":{"rendered":"https:\/\/iha-race.com\/producto\/iflight-nazgul-evoque-f5x-v2-6s-hd\/"},"modified":"2025-07-06T11:45:08","modified_gmt":"2025-07-06T09:45:08","slug":"iflight-nazgul-evoque-f5x-v2-6s-hd","status":"publish","type":"product","link":"https:\/\/iha-race.com\/de\/producto\/iflight-nazgul-evoque-f5x-v2-6s-hd\/","title":{"rendered":"iFlight Nazgul Evoque F5X V2 6S HD"},"content":{"rendered":"<h2>iFlight Nazgul Evoque F5X V2 6S HD<\/h2>\n<p>  Die beste vorgefertigte Drohne ist jetzt noch besser! Ein weiterer Durchbruch in der FPV-Bildgebung von DJI mit unserem verbesserten Rahmen und Elektronik. Ein neuer Standard f\u00fcr Bind-And-Fly-Drohnen, der einfach zu bedienen ist, aber mit Haltbarkeit und Leistung f\u00fcr Enthusiasten aufwartet. Willkommen beim iFlight Erlebnis!  <\/p>\n<div class=\"temp-specs-tr\">\n<div class=\"temp-specs-td value\">\n<h4><b>Sanfte und leistungsstarke XING2-Motoren<\/b><\/h4>\n<p>  Das neueste Update unserer meistverkauften XING-Motoren &#8211; ohne Kompromisse! Langlebige Unibell-Technologie (einteilige Glocke), starker Schaft aus Titanlegierung mit verst\u00e4rkter Glockendichtung, sto\u00dffeste Glocke aus 7075 Aluminium, leichtg\u00e4ngige und langlebige japanische NSK-Lager, N52H Bogenmagnete mit Mittelrille und unser XING O-Ring-Buchsen-Spaltschutz.  <\/p>\n<h4><b>Der ultimative Nazgul-Rahmen f\u00fcr maximalen Schutz<\/b><\/h4>\n<p>  Vorbei sind die Zeiten, in denen Ihre elektronischen Ger\u00e4te bei jedem Sturz mit Schmutz und nassem Gras bedeckt waren. Unser neuester Rahmen reduziert Verunreinigungen, die sich in Ihrem Flugregler oder ESC ansammeln k\u00f6nnten, und verhindert so Ausf\u00e4lle oder Kurzschl\u00fcsse. Strategischer Luftstrom, um Ihre Komponenten k\u00fchl und sauber zu halten, ohne Abstriche bei Gewicht oder Leistung zu machen. Beleuchtete Seitenteile und 360-Grad-Schutzteile aus TPU.  <\/p>\n<h4><b>Digitale \u00dcbertragung mit geringer Latenz der DJI O3 HD-Antenneneinheit<\/b><\/h4>\n<p>  Die Reichweite der Video\u00fcbertragung betr\u00e4gt bis zu 10 km. Genie\u00dfen Sie eine klare und fl\u00fcssige Echtzeitansicht auf Ihrer Brille, selbst in Umgebungen mit St\u00f6rungen. (Quelle DJI)  <\/p>\n<h4><b>Stabilisiertes 4K-Video mit 155\u00b0 Ultraweitwinkel<\/b><\/h4>\n<p>  Gepaart mit einer hochwertigen Bildgebungsleistung liefert er au\u00dfergew\u00f6hnliche Bilder, die Ihr Publikum in Atem halten werden. (Quelle DJI)  <\/p>\n<h4><b>Sichere Batteriesteckdose mit Funkenschutzfilter<\/b><\/h4>\n<p>  Das Anschlie\u00dfen eines Akkus kann einen starken Funken am Stecker erzeugen, der dadurch verursacht wird, dass der hohe Akkustrom zuerst in den Kondensator mit niedrigem ESR-Wert flie\u00dft und die ESC-Kapazit\u00e4t auff\u00fcllt. Wir haben eine Schutzschaltung eingebaut, um die Lebensdauer der XT60-Stecker zu verl\u00e4ngern und schnelle Spannungs- oder Stromspitzen zu verhindern, die Ihre elektronischen Ger\u00e4te vor Sch\u00e4den sch\u00fctzen k\u00f6nnen.  <\/p>\n<h4><b>Speziell entwickelter K\u00fchlk\u00f6rper f\u00fcr DJI O3 HD Air Unit<\/b><\/h4>\n<p>  Verbesserte K\u00fchlleistung f\u00fcr den hohen Stromverbrauch des DJI O3 Videosenders. Wir haben einen ma\u00dfgeschneiderten CNC-K\u00fchlk\u00f6rper eingebaut, der f\u00fcr eine hervorragende W\u00e4rmeableitung ohne \u00dcberhitzung sorgt, selbst bei hoher Leistung.  <\/p><\/div>\n<\/div>\n<div class=\"temp-specs-tr\">\n<h3 class=\"temp-specs-td name\">Register der \u00c4nderungen<\/h3>\n<div class=\"temp-specs-td value\">\n<ul>\n<li><b>13. Dezember 2022<\/b>: Neue Silikoneins\u00e4tze wurden entwickelt, um die TPU-Eins\u00e4tze zu ersetzen, die die 03-Nocken an den Seitenw\u00e4nden halten.<\/li>\n<li><b>20. Oktober 2023<\/b>: \u00c4nderung der Flash-Kapazit\u00e4t der Blackbox-Flugsteuerung von 16 MB auf 8 MB<\/li>\n<\/ul>\n<\/div>\n<\/div>\n<div class=\"temp-specs-tr\">\n<h3 class=\"temp-specs-td name\">Spezifikationen<\/h3>\n<div class=\"temp-specs-td value\">\n<ul>\n<li>Produktbezeichnung: Evoque F5X V2<\/li>\n<li>FC: BLITZ Mini F722 Flugregler<\/li>\n<li>ESC: BLITZ Mini E55 4-EN-1 2-6S 55A ESC<\/li>\n<li>Video-\u00dcbertragung: DJI O3 Lufteinheit<\/li>\n<li>Rahmen-Radstand: 225 mm (Squashed X) \/ 223 mm (DeadCat)<\/li>\n<li>Motor: XING2 2207 Motoren<\/li>\n<li>Propeller: Nazgul 5-Zoll-Propeller<\/li>\n<li>Gewicht: 433g\/436g<\/li>\n<li>Abfluggewicht: Ca. 693 g\/695 g (mit 1400-mAh-Akku)<\/li>\n<li>Abmessungen (L\u00d7L\u00d7B\u00d7H): 190\u00d7136\u00d736 mm<\/li>\n<li>Diagonaler Abstand: 225 mm<\/li>\n<li>H\u00f6chstgeschwindigkeit: 190 km\/h (manueller Modus)<\/li>\n<li>de Altitud m\u00e1xima de despegue: 5000 m<\/li>\n<li>Maximale Reisezeit: ca. de 8 minutos<\/li>\n<li>de Distancia m\u00e1xima de vuelo: 5 km<\/li>\n<li>Maximale Windgeschwindigkeitsresistenz: Stufe 7<\/li>\n<li>de Rango de temperatura de funcionamiento: -10\u00b0 a 40\u00b0 C (14\u00b0 a 104\u00b0 F)<\/li>\n<li>Antennen: Duale Antennen<\/li>\n<li>GNSS: GPS+SBAS+Galileo+QZSS+Glonass (optional)<\/li>\n<\/ul>\n<\/div>\n<\/div>\n<div class=\"temp-specs-tr\">\n<h3 class=\"temp-specs-td name\">de Transmisi\u00f3n de v\u00eddeo<\/h3>\n<div class=\"temp-specs-td value\">\n<ul>\n<li>Produktbezeichnung: DJI O3 Air Unit<\/li>\n<li>Ungef\u00e4hres Gewicht. 36,4 Gramm (einschlie\u00dflich Kopfband)<\/li>\n<li>Kommunikationsbandbreite: max. 40 MHz<\/li>\n<li>FOV (einzelner Bildschirm): 155<\/li>\n<li>Kommunikationsfrequenz: 2,400-2,4835 GHz (nur RX) \/ 5,725-5,850 GHz (RX &amp; TX)<\/li>\n<li>Ende-zu-Ende-Latenz<\/li>\n<li>Mit DJI FPV V2 Schutzbrille:<\/li>\n<li>810p\/120 fps Video\u00fcbertragungsqualit\u00e4t: Die Latenzzeit betr\u00e4gt weniger als 28 ms.<\/li>\n<li>810p\/60 fps Video\u00fcbertragungsqualit\u00e4t: Die Latenzzeit betr\u00e4gt weniger als 40 ms.<\/li>\n<li>Mit DJI 2 Schutzbrille:<\/li>\n<li>Video\u00fcbertragungsqualit\u00e4t 1080p\/100 fps: Die Latenzzeit betr\u00e4gt nur 30 ms.<\/li>\n<li>Video\u00fcbertragungsqualit\u00e4t 1080p\/60 fps: Die Latenzzeit betr\u00e4gt nur 40 ms.<\/li>\n<li>Maximale Video-Bitrate: 50 Mbit\/s<\/li>\n<li>Maximale Reichweite der Video\u00fcbertragung: 10 km (FCC), 2 km (CE), 6 km (SRRC)<\/li>\n<li>Betriebstemperaturbereich: -10\u00b0 bis 40\u00b0 C (14\u00b0 bis 104\u00b0 F)<\/li>\n<li>Leistungsaufnahme: 7,4-26,4 V<\/li>\n<li>Audio\u00fcbertragung: N\/A<\/li>\n<\/ul>\n<\/div>\n<\/div>\n<div class=\"temp-specs-tr\">\n<h3 class=\"temp-specs-td name\">Das Paket umfasst<\/h3>\n<div class=\"temp-specs-td value\">\n<ul>\n<li>1 x Evoque F5X 6S HD BNF<\/li>\n<li>2 x Antennen<\/li>\n<li>1 x Akku-Pad<\/li>\n<li>2 x Propeller (Paare)<\/li>\n<li>2 x Batterieband<\/li>\n<\/ul>\n<\/div>\n<\/div>\n<p>&nbsp;<\/p>\n","protected":false},"excerpt":{"rendered":"<div class=\"temp-specs-tr\">\n<div class=\"temp-specs-td value\">\n<div class=\"woocommerce-product-details__short-description\">\n<div class=\"short-description\">\n<p><span style=\"color: #ff0000;\"><em><strong>VERSAND 7 BIS 10 TAGE NACH DEM KAUF <\/strong><\/em><\/span><\/p>\n<\/div>\n<\/div>\n<p>&nbsp;<\/p>\n<\/div>\n<\/div>\n","protected":false},"featured_media":243765,"comment_status":"open","ping_status":"closed","template":"","meta":{"_joinchat":[]},"pwb-brand":[3571],"product_cat":[2579,3672],"product_tag":[],"class_list":{"0":"post-244165","1":"product","2":"type-product","3":"status-publish","4":"has-post-thumbnail","6":"pwb-brand-iflight","7":"product_cat-fpv-drohnen","8":"product_cat-rtf-montiert","10":"first","11":"instock","12":"taxable","13":"shipping-taxable","14":"purchasable","15":"product-type-variable"},"barcode":null,"atum_controlled":true,"out_stock_date":null,"out_stock_threshold":null,"inheritable":true,"stock_on_hold":0,"sold_today":0,"sales_last_days":0,"out_stock_days":null,"lost_sales":0,"update_date":"2026-04-16T06:28:54","atum_locations":[],"atum_stock_status":"instock","restock_status":false,"low_stock_amount":"","sales_update_date":"2026-04-16T06:28:54","calc_backorders":null,"yoast_head":"<!-- This site is optimized with the Yoast SEO plugin v27.3 - https:\/\/yoast.com\/product\/yoast-seo-wordpress\/ -->\n<title>iFlight Nazgul Evoque F5X V2 6S HD - Iha Race<\/title>\n<meta name=\"robots\" content=\"index, follow, max-snippet:-1, max-image-preview:large, max-video-preview:-1\" \/>\n<link rel=\"canonical\" href=\"https:\/\/iha-race.com\/de\/producto\/iflight-nazgul-evoque-f5x-v2-6s-hd\/\" \/>\n<meta property=\"og:locale\" content=\"de_DE\" \/>\n<meta property=\"og:type\" content=\"article\" \/>\n<meta property=\"og:title\" content=\"iFlight Nazgul Evoque F5X V2 6S HD - Iha Race\" \/>\n<meta property=\"og:description\" content=\"VERSAND 7 BIS 10 TAGE NACH DEM KAUF   &nbsp;\" \/>\n<meta property=\"og:url\" content=\"https:\/\/iha-race.com\/de\/producto\/iflight-nazgul-evoque-f5x-v2-6s-hd\/\" \/>\n<meta property=\"og:site_name\" content=\"Iha Race\" \/>\n<meta property=\"article:modified_time\" content=\"2025-07-06T09:45:08+00:00\" \/>\n<meta property=\"og:image\" content=\"https:\/\/iha-race.com\/wp-content\/uploads\/2024\/02\/Nazgul-Evoque-F5-V2-6S-HD.png\" \/>\n\t<meta property=\"og:image:width\" content=\"1000\" \/>\n\t<meta property=\"og:image:height\" content=\"1000\" \/>\n\t<meta property=\"og:image:type\" content=\"image\/png\" \/>\n<meta name=\"twitter:card\" content=\"summary_large_image\" \/>\n<meta name=\"twitter:label1\" content=\"Gesch\u00e4tzte Lesezeit\" \/>\n\t<meta name=\"twitter:data1\" content=\"3\u00a0Minuten\" \/>\n<script type=\"application\/ld+json\" class=\"yoast-schema-graph\">{\"@context\":\"https:\\\/\\\/schema.org\",\"@graph\":[{\"@type\":\"WebPage\",\"@id\":\"https:\\\/\\\/iha-race.com\\\/de\\\/producto\\\/iflight-nazgul-evoque-f5x-v2-6s-hd\\\/\",\"url\":\"https:\\\/\\\/iha-race.com\\\/de\\\/producto\\\/iflight-nazgul-evoque-f5x-v2-6s-hd\\\/\",\"name\":\"iFlight Nazgul Evoque F5X V2 6S HD - Iha Race\",\"isPartOf\":{\"@id\":\"https:\\\/\\\/iha-race.com\\\/de\\\/#website\"},\"primaryImageOfPage\":{\"@id\":\"https:\\\/\\\/iha-race.com\\\/de\\\/producto\\\/iflight-nazgul-evoque-f5x-v2-6s-hd\\\/#primaryimage\"},\"image\":{\"@id\":\"https:\\\/\\\/iha-race.com\\\/de\\\/producto\\\/iflight-nazgul-evoque-f5x-v2-6s-hd\\\/#primaryimage\"},\"thumbnailUrl\":\"https:\\\/\\\/iha-race.com\\\/wp-content\\\/uploads\\\/2024\\\/02\\\/Nazgul-Evoque-F5-V2-6S-HD.png\",\"datePublished\":\"2024-02-07T17:23:57+00:00\",\"dateModified\":\"2025-07-06T09:45:08+00:00\",\"breadcrumb\":{\"@id\":\"https:\\\/\\\/iha-race.com\\\/de\\\/producto\\\/iflight-nazgul-evoque-f5x-v2-6s-hd\\\/#breadcrumb\"},\"inLanguage\":\"de\",\"potentialAction\":[{\"@type\":\"ReadAction\",\"target\":[\"https:\\\/\\\/iha-race.com\\\/de\\\/producto\\\/iflight-nazgul-evoque-f5x-v2-6s-hd\\\/\"]}]},{\"@type\":\"ImageObject\",\"inLanguage\":\"de\",\"@id\":\"https:\\\/\\\/iha-race.com\\\/de\\\/producto\\\/iflight-nazgul-evoque-f5x-v2-6s-hd\\\/#primaryimage\",\"url\":\"https:\\\/\\\/iha-race.com\\\/wp-content\\\/uploads\\\/2024\\\/02\\\/Nazgul-Evoque-F5-V2-6S-HD.png\",\"contentUrl\":\"https:\\\/\\\/iha-race.com\\\/wp-content\\\/uploads\\\/2024\\\/02\\\/Nazgul-Evoque-F5-V2-6S-HD.png\",\"width\":1000,\"height\":1000},{\"@type\":\"BreadcrumbList\",\"@id\":\"https:\\\/\\\/iha-race.com\\\/de\\\/producto\\\/iflight-nazgul-evoque-f5x-v2-6s-hd\\\/#breadcrumb\",\"itemListElement\":[{\"@type\":\"ListItem\",\"position\":1,\"name\":\"Portada\",\"item\":\"https:\\\/\\\/iha-race.com\\\/de\\\/elementor-499\\\/\"},{\"@type\":\"ListItem\",\"position\":2,\"name\":\"Shop\",\"item\":\"https:\\\/\\\/iha-race.com\\\/de\\\/shop\\\/\"},{\"@type\":\"ListItem\",\"position\":3,\"name\":\"iFlight Nazgul Evoque F5X V2 6S HD\"}]},{\"@type\":\"WebSite\",\"@id\":\"https:\\\/\\\/iha-race.com\\\/de\\\/#website\",\"url\":\"https:\\\/\\\/iha-race.com\\\/de\\\/\",\"name\":\"Iha Race\",\"description\":\"Comprar drones de carreras FPV env\u00edos en un d\u00eda desde Espa\u00f1a\",\"publisher\":{\"@id\":\"https:\\\/\\\/iha-race.com\\\/de\\\/#organization\"},\"potentialAction\":[{\"@type\":\"SearchAction\",\"target\":{\"@type\":\"EntryPoint\",\"urlTemplate\":\"https:\\\/\\\/iha-race.com\\\/de\\\/?s={search_term_string}\"},\"query-input\":{\"@type\":\"PropertyValueSpecification\",\"valueRequired\":true,\"valueName\":\"search_term_string\"}}],\"inLanguage\":\"de\"},{\"@type\":\"Organization\",\"@id\":\"https:\\\/\\\/iha-race.com\\\/de\\\/#organization\",\"name\":\"Iha Race\",\"url\":\"https:\\\/\\\/iha-race.com\\\/de\\\/\",\"logo\":{\"@type\":\"ImageObject\",\"inLanguage\":\"de\",\"@id\":\"https:\\\/\\\/iha-race.com\\\/de\\\/#\\\/schema\\\/logo\\\/image\\\/\",\"url\":\"https:\\\/\\\/iha-race.com\\\/wp-content\\\/uploads\\\/2018\\\/07\\\/iha-race-drones-de-carreras-tienda-comprar-drones.png\",\"contentUrl\":\"https:\\\/\\\/iha-race.com\\\/wp-content\\\/uploads\\\/2018\\\/07\\\/iha-race-drones-de-carreras-tienda-comprar-drones.png\",\"width\":300,\"height\":100,\"caption\":\"Iha Race\"},\"image\":{\"@id\":\"https:\\\/\\\/iha-race.com\\\/de\\\/#\\\/schema\\\/logo\\\/image\\\/\"}}]}<\/script>\n<!-- \/ Yoast SEO plugin. -->","yoast_head_json":{"title":"iFlight Nazgul Evoque F5X V2 6S HD - Iha Race","robots":{"index":"index","follow":"follow","max-snippet":"max-snippet:-1","max-image-preview":"max-image-preview:large","max-video-preview":"max-video-preview:-1"},"canonical":"https:\/\/iha-race.com\/de\/producto\/iflight-nazgul-evoque-f5x-v2-6s-hd\/","og_locale":"de_DE","og_type":"article","og_title":"iFlight Nazgul Evoque F5X V2 6S HD - Iha Race","og_description":"VERSAND 7 BIS 10 TAGE NACH DEM KAUF   &nbsp;","og_url":"https:\/\/iha-race.com\/de\/producto\/iflight-nazgul-evoque-f5x-v2-6s-hd\/","og_site_name":"Iha Race","article_modified_time":"2025-07-06T09:45:08+00:00","og_image":[{"width":1000,"height":1000,"url":"https:\/\/iha-race.com\/wp-content\/uploads\/2024\/02\/Nazgul-Evoque-F5-V2-6S-HD.png","type":"image\/png"}],"twitter_card":"summary_large_image","twitter_misc":{"Gesch\u00e4tzte Lesezeit":"3\u00a0Minuten"},"schema":{"@context":"https:\/\/schema.org","@graph":[{"@type":"WebPage","@id":"https:\/\/iha-race.com\/de\/producto\/iflight-nazgul-evoque-f5x-v2-6s-hd\/","url":"https:\/\/iha-race.com\/de\/producto\/iflight-nazgul-evoque-f5x-v2-6s-hd\/","name":"iFlight Nazgul Evoque F5X V2 6S HD - Iha Race","isPartOf":{"@id":"https:\/\/iha-race.com\/de\/#website"},"primaryImageOfPage":{"@id":"https:\/\/iha-race.com\/de\/producto\/iflight-nazgul-evoque-f5x-v2-6s-hd\/#primaryimage"},"image":{"@id":"https:\/\/iha-race.com\/de\/producto\/iflight-nazgul-evoque-f5x-v2-6s-hd\/#primaryimage"},"thumbnailUrl":"https:\/\/iha-race.com\/wp-content\/uploads\/2024\/02\/Nazgul-Evoque-F5-V2-6S-HD.png","datePublished":"2024-02-07T17:23:57+00:00","dateModified":"2025-07-06T09:45:08+00:00","breadcrumb":{"@id":"https:\/\/iha-race.com\/de\/producto\/iflight-nazgul-evoque-f5x-v2-6s-hd\/#breadcrumb"},"inLanguage":"de","potentialAction":[{"@type":"ReadAction","target":["https:\/\/iha-race.com\/de\/producto\/iflight-nazgul-evoque-f5x-v2-6s-hd\/"]}]},{"@type":"ImageObject","inLanguage":"de","@id":"https:\/\/iha-race.com\/de\/producto\/iflight-nazgul-evoque-f5x-v2-6s-hd\/#primaryimage","url":"https:\/\/iha-race.com\/wp-content\/uploads\/2024\/02\/Nazgul-Evoque-F5-V2-6S-HD.png","contentUrl":"https:\/\/iha-race.com\/wp-content\/uploads\/2024\/02\/Nazgul-Evoque-F5-V2-6S-HD.png","width":1000,"height":1000},{"@type":"BreadcrumbList","@id":"https:\/\/iha-race.com\/de\/producto\/iflight-nazgul-evoque-f5x-v2-6s-hd\/#breadcrumb","itemListElement":[{"@type":"ListItem","position":1,"name":"Portada","item":"https:\/\/iha-race.com\/de\/elementor-499\/"},{"@type":"ListItem","position":2,"name":"Shop","item":"https:\/\/iha-race.com\/de\/shop\/"},{"@type":"ListItem","position":3,"name":"iFlight Nazgul Evoque F5X V2 6S HD"}]},{"@type":"WebSite","@id":"https:\/\/iha-race.com\/de\/#website","url":"https:\/\/iha-race.com\/de\/","name":"Iha Race","description":"Comprar drones de carreras FPV env\u00edos en un d\u00eda desde Espa\u00f1a","publisher":{"@id":"https:\/\/iha-race.com\/de\/#organization"},"potentialAction":[{"@type":"SearchAction","target":{"@type":"EntryPoint","urlTemplate":"https:\/\/iha-race.com\/de\/?s={search_term_string}"},"query-input":{"@type":"PropertyValueSpecification","valueRequired":true,"valueName":"search_term_string"}}],"inLanguage":"de"},{"@type":"Organization","@id":"https:\/\/iha-race.com\/de\/#organization","name":"Iha Race","url":"https:\/\/iha-race.com\/de\/","logo":{"@type":"ImageObject","inLanguage":"de","@id":"https:\/\/iha-race.com\/de\/#\/schema\/logo\/image\/","url":"https:\/\/iha-race.com\/wp-content\/uploads\/2018\/07\/iha-race-drones-de-carreras-tienda-comprar-drones.png","contentUrl":"https:\/\/iha-race.com\/wp-content\/uploads\/2018\/07\/iha-race-drones-de-carreras-tienda-comprar-drones.png","width":300,"height":100,"caption":"Iha Race"},"image":{"@id":"https:\/\/iha-race.com\/de\/#\/schema\/logo\/image\/"}}]}},"brands":[{"id":3571,"name":"iFlight","slug":"iflight"}],"_links":{"self":[{"href":"https:\/\/iha-race.com\/de\/wp-json\/wp\/v2\/product\/244165","targetHints":{"allow":["GET"]}}],"collection":[{"href":"https:\/\/iha-race.com\/de\/wp-json\/wp\/v2\/product"}],"about":[{"href":"https:\/\/iha-race.com\/de\/wp-json\/wp\/v2\/types\/product"}],"replies":[{"embeddable":true,"href":"https:\/\/iha-race.com\/de\/wp-json\/wp\/v2\/comments?post=244165"}],"version-history":[{"count":1,"href":"https:\/\/iha-race.com\/de\/wp-json\/wp\/v2\/product\/244165\/revisions"}],"predecessor-version":[{"id":248372,"href":"https:\/\/iha-race.com\/de\/wp-json\/wp\/v2\/product\/244165\/revisions\/248372"}],"wp:featuredmedia":[{"embeddable":true,"href":"https:\/\/iha-race.com\/de\/wp-json\/wp\/v2\/media\/243765"}],"wp:attachment":[{"href":"https:\/\/iha-race.com\/de\/wp-json\/wp\/v2\/media?parent=244165"}],"wp:term":[{"taxonomy":"pwb-brand","embeddable":true,"href":"https:\/\/iha-race.com\/de\/wp-json\/wp\/v2\/pwb-brand?post=244165"},{"taxonomy":"product_cat","embeddable":true,"href":"https:\/\/iha-race.com\/de\/wp-json\/wp\/v2\/product_cat?post=244165"},{"taxonomy":"product_tag","embeddable":true,"href":"https:\/\/iha-race.com\/de\/wp-json\/wp\/v2\/product_tag?post=244165"}],"curies":[{"name":"wp","href":"https:\/\/api.w.org\/{rel}","templated":true}]}}