{"id":243647,"date":"2024-01-08T17:11:49","date_gmt":"2024-01-08T16:11:49","guid":{"rendered":"https:\/\/iha-race.com\/producto\/iflight-defensor-25-f7-aio-mit-osd-chips\/"},"modified":"2024-08-29T11:14:01","modified_gmt":"2024-08-29T09:14:01","slug":"iflight-defensor-25-f7-aio-mit-osd-chips","status":"publish","type":"product","link":"https:\/\/iha-race.com\/de\/producto\/iflight-defensor-25-f7-aio-mit-osd-chips\/","title":{"rendered":"iFlight Defensor 25 F7 AIO (mit OSD-Chips)"},"content":{"rendered":"<h2>iFlight Defensor 25 F7 AIO (mit OSD-Chips)<\/h2>\n<div class=\"temp-specs-tr\">\n<h3 class=\"temp-specs-td name\">Kompatibilit\u00e4t<\/h3>\n<div class=\"temp-specs-td value\">\n<ol>\n<li>Dieser AIO ohne OSD-Chip ist nur f\u00fcr den Defender 25 HD VTX gedacht.<\/li>\n<li>Gr\u00f6\u00dfere Abmessungen als die BLITZ Whoop BGA F7 AIO.<\/li>\n<\/ol>\n<\/div>\n<\/div>\n<div class=\"temp-specs-tr\">\n<h2 class=\"temp-specs-td name\">Beschreibung<\/h2>\n<div class=\"temp-specs-td value\">  Dies ist die neue Generation der F7 AIO f\u00fcr die Defender 25. Eine zukunftssichere All-in-One-FC, um das Spiel zu verbessern und mehr Raum f\u00fcr zuk\u00fcnftige Flug-Firmware-Entwicklungen wie Betaflight, Emuflight usw. zu lassen. Geringes Gewicht, minimale Gr\u00f6\u00dfe, minimaler Aufwand. L\u00f6ten Sie die Dr\u00e4hte an Ihren Motor und los geht&#8217;s!  <\/div>\n<\/div>\n<div class=\"temp-specs-tr\">\n<h2 class=\"temp-specs-td name\">Eigenschaften<\/h2>\n<div class=\"temp-specs-td value\">\n<ul>\n<li>DJI O3 und Caddx Vista\/Polar Pass-Through-Anschluss<\/li>\n<li>MCU: STM32F722<\/li>\n<li>Gyroskop: ICM42688<\/li>\n<li>OSD: NEIN<\/li>\n<li>Schwarzer Kasten: 32 MB On-Board-Flash<\/li>\n<li>Gyroskop: DPS310<\/li>\n<li>Gewicht: 12,8 g \u00b1 0,2 g<\/li>\n<\/ul>\n<\/div>\n<\/div>\n<div class=\"temp-specs-tr\">\n<h3 class=\"temp-specs-td name\">FC-Spezifikationen<\/h3>\n<div class=\"temp-specs-td value\">\n<ul>\n<li>MCU: STM32F722<\/li>\n<li>Gyroskop: ICM42688<\/li>\n<li>Schwarzer Kasten: 32 MB On-Board-Flash<\/li>\n<li><b><span style=\"color: #ff0000;\">BEC-Ausgang: 5V 2.5A  <\/span><\/b><\/li>\n<li>WS2812 LED-Streifen: Ja<\/li>\n<li>Buzzer: Ja<\/li>\n<li>Barometer: DPS310<\/li>\n<li>Anschluss: SH1.0 auf Typ C Adapter<\/li>\n<li><b><span style=\"color: #ff0000;\">OSD: N\/A (HD VTX-Version)<\/span><\/b><\/li>\n<li>FC Firmware: IFLIGHT_BLITZ_F722_X1<\/li>\n<li>Einbauma\u00df: 25,5*25,5 mm \u03c63 mm<\/li>\n<li>Abmessungen: 32,5*32,5mm<\/li>\n<li>Eingangsspannung: 2-4S, LIHV Akku-Unterst\u00fctzung<\/li>\n<li>Unterst\u00fctzung des Smartaudio \/ IRC Tramp VTX Protokolls<\/li>\n<\/ul>\n<\/div>\n<\/div>\n<div class=\"temp-specs-tr\">\n<h3 class=\"temp-specs-td name\">ESC-Spezifikationen<\/h3>\n<div class=\"temp-specs-td value\">\n<ul>\n<li>MCU ESC: STM32G071<\/li>\n<li>Steuerger\u00e4t: FD6288<\/li>\n<li>Eingangsspannung: 2-4S LIHV-Akku kompatibel<\/li>\n<li>Ausgangsstrom: 20 A, H\u00f6chstwert 30 A (10 Sekunden)<\/li>\n<li>ESC-Firmware: IFLIGHT_BLITZ_G071_01<\/li>\n<li>Stromsensor: 200 Verh\u00e4ltnis (1\/10mV\/A)<\/li>\n<li><b><span style=\"color: #ff0000;\">BEC: NEIN<\/span><\/b><\/li>\n<li><span style=\"color: #ff0000;\"><b>ESC Telemetrie: Ja (PCB geroutet, UART6 f\u00fcr Telemetrie konfigurieren)<\/b><\/span><\/li>\n<li>Zwei-Wege-DShot: Ja<\/li>\n<li>Kompatibel mit DShot DShot150\/300\/600\/MultiShot\/OneShot, etc.<\/li>\n<\/ul>\n<\/div>\n<\/div>\n<div class=\"temp-specs-tr\">\n<h3 class=\"temp-specs-td name\">Das Paket umfasst<\/h3>\n<div class=\"temp-specs-td value\">\n<ul>\n<li>1 x Defensor 25 BLITZ F7 AIO<\/li>\n<li>1 x 470 uF\/35 V Kondensator (integriert).<\/li>\n<li>1 x XT30U Stecker 18 AWG Kabel 70 mm.<\/li>\n<li>1 x 1.0-7P Kabel 50mm-28mm<\/li>\n<li>1 x 1.0-7P 50mm Kabel<\/li>\n<li>4 x M2 Silikon-Unterlegscheiben<\/li>\n<\/ul>\n<\/div>\n<\/div>\n","protected":false},"excerpt":{"rendered":"<p>iFlight Defensor 25 F7 AIO (mit OSD-Chips) Kompatibilit\u00e4t Dieser AIO ohne OSD-Chip ist nur f\u00fcr den Defender 25 HD VTX gedacht. Gr\u00f6\u00dfere Abmessungen als die BLITZ Whoop BGA F7 AIO.<\/p>\n","protected":false},"featured_media":243016,"comment_status":"open","ping_status":"closed","template":"","meta":{"_joinchat":[]},"pwb-brand":[],"product_cat":[3017],"product_tag":[],"class_list":{"0":"post-243647","1":"product","2":"type-product","3":"status-publish","4":"has-post-thumbnail","6":"product_cat-aio-karten","8":"first","9":"instock","10":"taxable","11":"shipping-taxable","12":"purchasable","13":"product-type-simple"},"barcode":null,"atum_controlled":true,"out_stock_date":null,"out_stock_threshold":null,"inheritable":false,"stock_on_hold":0,"sold_today":0,"sales_last_days":0,"out_stock_days":0,"lost_sales":0,"update_date":"2026-04-27T19:43:53","atum_locations":[],"atum_stock_status":"instock","restock_status":false,"low_stock_amount":"","sales_update_date":"2026-04-27T19:43:53","calc_backorders":null,"yoast_head":"<!-- This site is optimized with the Yoast SEO plugin v27.3 - https:\/\/yoast.com\/product\/yoast-seo-wordpress\/ -->\n<title>iFlight Defensor 25 F7 AIO (mit OSD-Chips) - Iha Race<\/title>\n<meta name=\"robots\" content=\"index, follow, max-snippet:-1, max-image-preview:large, max-video-preview:-1\" \/>\n<link rel=\"canonical\" href=\"https:\/\/iha-race.com\/de\/producto\/iflight-defensor-25-f7-aio-mit-osd-chips\/\" \/>\n<meta property=\"og:locale\" content=\"de_DE\" \/>\n<meta property=\"og:type\" content=\"article\" \/>\n<meta property=\"og:title\" content=\"iFlight Defensor 25 F7 AIO (mit OSD-Chips) - Iha Race\" \/>\n<meta property=\"og:description\" content=\"iFlight Defensor 25 F7 AIO (mit OSD-Chips) Kompatibilit\u00e4t Dieser AIO ohne OSD-Chip ist nur f\u00fcr den Defender 25 HD VTX gedacht. Gr\u00f6\u00dfere Abmessungen als die BLITZ Whoop BGA F7 AIO.\" \/>\n<meta property=\"og:url\" content=\"https:\/\/iha-race.com\/de\/producto\/iflight-defensor-25-f7-aio-mit-osd-chips\/\" \/>\n<meta property=\"og:site_name\" content=\"Iha Race\" \/>\n<meta property=\"article:modified_time\" content=\"2024-08-29T09:14:01+00:00\" \/>\n<meta property=\"og:image\" content=\"https:\/\/iha-race.com\/wp-content\/uploads\/2024\/01\/iFlught-Defensor-25-F7-AIO.png\" \/>\n\t<meta property=\"og:image:width\" content=\"1000\" \/>\n\t<meta property=\"og:image:height\" content=\"1000\" \/>\n\t<meta property=\"og:image:type\" content=\"image\/png\" \/>\n<meta name=\"twitter:card\" content=\"summary_large_image\" \/>\n<meta name=\"twitter:label1\" content=\"Gesch\u00e4tzte Lesezeit\" \/>\n\t<meta name=\"twitter:data1\" content=\"1\u00a0Minute\" \/>\n<script type=\"application\/ld+json\" class=\"yoast-schema-graph\">{\"@context\":\"https:\\\/\\\/schema.org\",\"@graph\":[{\"@type\":\"WebPage\",\"@id\":\"https:\\\/\\\/iha-race.com\\\/de\\\/producto\\\/iflight-defensor-25-f7-aio-mit-osd-chips\\\/\",\"url\":\"https:\\\/\\\/iha-race.com\\\/de\\\/producto\\\/iflight-defensor-25-f7-aio-mit-osd-chips\\\/\",\"name\":\"iFlight Defensor 25 F7 AIO (mit OSD-Chips) - Iha Race\",\"isPartOf\":{\"@id\":\"https:\\\/\\\/iha-race.com\\\/de\\\/#website\"},\"primaryImageOfPage\":{\"@id\":\"https:\\\/\\\/iha-race.com\\\/de\\\/producto\\\/iflight-defensor-25-f7-aio-mit-osd-chips\\\/#primaryimage\"},\"image\":{\"@id\":\"https:\\\/\\\/iha-race.com\\\/de\\\/producto\\\/iflight-defensor-25-f7-aio-mit-osd-chips\\\/#primaryimage\"},\"thumbnailUrl\":\"https:\\\/\\\/iha-race.com\\\/wp-content\\\/uploads\\\/2024\\\/01\\\/iFlught-Defensor-25-F7-AIO.png\",\"datePublished\":\"2024-01-08T16:11:49+00:00\",\"dateModified\":\"2024-08-29T09:14:01+00:00\",\"breadcrumb\":{\"@id\":\"https:\\\/\\\/iha-race.com\\\/de\\\/producto\\\/iflight-defensor-25-f7-aio-mit-osd-chips\\\/#breadcrumb\"},\"inLanguage\":\"de\",\"potentialAction\":[{\"@type\":\"ReadAction\",\"target\":[\"https:\\\/\\\/iha-race.com\\\/de\\\/producto\\\/iflight-defensor-25-f7-aio-mit-osd-chips\\\/\"]}]},{\"@type\":\"ImageObject\",\"inLanguage\":\"de\",\"@id\":\"https:\\\/\\\/iha-race.com\\\/de\\\/producto\\\/iflight-defensor-25-f7-aio-mit-osd-chips\\\/#primaryimage\",\"url\":\"https:\\\/\\\/iha-race.com\\\/wp-content\\\/uploads\\\/2024\\\/01\\\/iFlught-Defensor-25-F7-AIO.png\",\"contentUrl\":\"https:\\\/\\\/iha-race.com\\\/wp-content\\\/uploads\\\/2024\\\/01\\\/iFlught-Defensor-25-F7-AIO.png\",\"width\":1000,\"height\":1000,\"caption\":\"Comprar iFlught Defensor 25 F7 AIO\"},{\"@type\":\"BreadcrumbList\",\"@id\":\"https:\\\/\\\/iha-race.com\\\/de\\\/producto\\\/iflight-defensor-25-f7-aio-mit-osd-chips\\\/#breadcrumb\",\"itemListElement\":[{\"@type\":\"ListItem\",\"position\":1,\"name\":\"Portada\",\"item\":\"https:\\\/\\\/iha-race.com\\\/de\\\/elementor-499\\\/\"},{\"@type\":\"ListItem\",\"position\":2,\"name\":\"Shop\",\"item\":\"https:\\\/\\\/iha-race.com\\\/de\\\/shop\\\/\"},{\"@type\":\"ListItem\",\"position\":3,\"name\":\"iFlight Defensor 25 F7 AIO (mit OSD-Chips)\"}]},{\"@type\":\"WebSite\",\"@id\":\"https:\\\/\\\/iha-race.com\\\/de\\\/#website\",\"url\":\"https:\\\/\\\/iha-race.com\\\/de\\\/\",\"name\":\"Iha Race\",\"description\":\"Comprar drones de carreras FPV env\u00edos en un d\u00eda desde Espa\u00f1a\",\"publisher\":{\"@id\":\"https:\\\/\\\/iha-race.com\\\/de\\\/#organization\"},\"potentialAction\":[{\"@type\":\"SearchAction\",\"target\":{\"@type\":\"EntryPoint\",\"urlTemplate\":\"https:\\\/\\\/iha-race.com\\\/de\\\/?s={search_term_string}\"},\"query-input\":{\"@type\":\"PropertyValueSpecification\",\"valueRequired\":true,\"valueName\":\"search_term_string\"}}],\"inLanguage\":\"de\"},{\"@type\":\"Organization\",\"@id\":\"https:\\\/\\\/iha-race.com\\\/de\\\/#organization\",\"name\":\"Iha Race\",\"url\":\"https:\\\/\\\/iha-race.com\\\/de\\\/\",\"logo\":{\"@type\":\"ImageObject\",\"inLanguage\":\"de\",\"@id\":\"https:\\\/\\\/iha-race.com\\\/de\\\/#\\\/schema\\\/logo\\\/image\\\/\",\"url\":\"https:\\\/\\\/iha-race.com\\\/wp-content\\\/uploads\\\/2018\\\/07\\\/iha-race-drones-de-carreras-tienda-comprar-drones.png\",\"contentUrl\":\"https:\\\/\\\/iha-race.com\\\/wp-content\\\/uploads\\\/2018\\\/07\\\/iha-race-drones-de-carreras-tienda-comprar-drones.png\",\"width\":300,\"height\":100,\"caption\":\"Iha Race\"},\"image\":{\"@id\":\"https:\\\/\\\/iha-race.com\\\/de\\\/#\\\/schema\\\/logo\\\/image\\\/\"}}]}<\/script>\n<!-- \/ Yoast SEO plugin. -->","yoast_head_json":{"title":"iFlight Defensor 25 F7 AIO (mit OSD-Chips) - Iha Race","robots":{"index":"index","follow":"follow","max-snippet":"max-snippet:-1","max-image-preview":"max-image-preview:large","max-video-preview":"max-video-preview:-1"},"canonical":"https:\/\/iha-race.com\/de\/producto\/iflight-defensor-25-f7-aio-mit-osd-chips\/","og_locale":"de_DE","og_type":"article","og_title":"iFlight Defensor 25 F7 AIO (mit OSD-Chips) - Iha Race","og_description":"iFlight Defensor 25 F7 AIO (mit OSD-Chips) Kompatibilit\u00e4t Dieser AIO ohne OSD-Chip ist nur f\u00fcr den Defender 25 HD VTX gedacht. Gr\u00f6\u00dfere Abmessungen als die BLITZ Whoop BGA F7 AIO.","og_url":"https:\/\/iha-race.com\/de\/producto\/iflight-defensor-25-f7-aio-mit-osd-chips\/","og_site_name":"Iha Race","article_modified_time":"2024-08-29T09:14:01+00:00","og_image":[{"width":1000,"height":1000,"url":"https:\/\/iha-race.com\/wp-content\/uploads\/2024\/01\/iFlught-Defensor-25-F7-AIO.png","type":"image\/png"}],"twitter_card":"summary_large_image","twitter_misc":{"Gesch\u00e4tzte Lesezeit":"1\u00a0Minute"},"schema":{"@context":"https:\/\/schema.org","@graph":[{"@type":"WebPage","@id":"https:\/\/iha-race.com\/de\/producto\/iflight-defensor-25-f7-aio-mit-osd-chips\/","url":"https:\/\/iha-race.com\/de\/producto\/iflight-defensor-25-f7-aio-mit-osd-chips\/","name":"iFlight Defensor 25 F7 AIO (mit OSD-Chips) - Iha Race","isPartOf":{"@id":"https:\/\/iha-race.com\/de\/#website"},"primaryImageOfPage":{"@id":"https:\/\/iha-race.com\/de\/producto\/iflight-defensor-25-f7-aio-mit-osd-chips\/#primaryimage"},"image":{"@id":"https:\/\/iha-race.com\/de\/producto\/iflight-defensor-25-f7-aio-mit-osd-chips\/#primaryimage"},"thumbnailUrl":"https:\/\/iha-race.com\/wp-content\/uploads\/2024\/01\/iFlught-Defensor-25-F7-AIO.png","datePublished":"2024-01-08T16:11:49+00:00","dateModified":"2024-08-29T09:14:01+00:00","breadcrumb":{"@id":"https:\/\/iha-race.com\/de\/producto\/iflight-defensor-25-f7-aio-mit-osd-chips\/#breadcrumb"},"inLanguage":"de","potentialAction":[{"@type":"ReadAction","target":["https:\/\/iha-race.com\/de\/producto\/iflight-defensor-25-f7-aio-mit-osd-chips\/"]}]},{"@type":"ImageObject","inLanguage":"de","@id":"https:\/\/iha-race.com\/de\/producto\/iflight-defensor-25-f7-aio-mit-osd-chips\/#primaryimage","url":"https:\/\/iha-race.com\/wp-content\/uploads\/2024\/01\/iFlught-Defensor-25-F7-AIO.png","contentUrl":"https:\/\/iha-race.com\/wp-content\/uploads\/2024\/01\/iFlught-Defensor-25-F7-AIO.png","width":1000,"height":1000,"caption":"Comprar iFlught Defensor 25 F7 AIO"},{"@type":"BreadcrumbList","@id":"https:\/\/iha-race.com\/de\/producto\/iflight-defensor-25-f7-aio-mit-osd-chips\/#breadcrumb","itemListElement":[{"@type":"ListItem","position":1,"name":"Portada","item":"https:\/\/iha-race.com\/de\/elementor-499\/"},{"@type":"ListItem","position":2,"name":"Shop","item":"https:\/\/iha-race.com\/de\/shop\/"},{"@type":"ListItem","position":3,"name":"iFlight Defensor 25 F7 AIO (mit OSD-Chips)"}]},{"@type":"WebSite","@id":"https:\/\/iha-race.com\/de\/#website","url":"https:\/\/iha-race.com\/de\/","name":"Iha Race","description":"Comprar drones de carreras FPV env\u00edos en un d\u00eda desde Espa\u00f1a","publisher":{"@id":"https:\/\/iha-race.com\/de\/#organization"},"potentialAction":[{"@type":"SearchAction","target":{"@type":"EntryPoint","urlTemplate":"https:\/\/iha-race.com\/de\/?s={search_term_string}"},"query-input":{"@type":"PropertyValueSpecification","valueRequired":true,"valueName":"search_term_string"}}],"inLanguage":"de"},{"@type":"Organization","@id":"https:\/\/iha-race.com\/de\/#organization","name":"Iha Race","url":"https:\/\/iha-race.com\/de\/","logo":{"@type":"ImageObject","inLanguage":"de","@id":"https:\/\/iha-race.com\/de\/#\/schema\/logo\/image\/","url":"https:\/\/iha-race.com\/wp-content\/uploads\/2018\/07\/iha-race-drones-de-carreras-tienda-comprar-drones.png","contentUrl":"https:\/\/iha-race.com\/wp-content\/uploads\/2018\/07\/iha-race-drones-de-carreras-tienda-comprar-drones.png","width":300,"height":100,"caption":"Iha Race"},"image":{"@id":"https:\/\/iha-race.com\/de\/#\/schema\/logo\/image\/"}}]}},"jetpack_sharing_enabled":true,"brands":[],"_links":{"self":[{"href":"https:\/\/iha-race.com\/de\/wp-json\/wp\/v2\/product\/243647","targetHints":{"allow":["GET"]}}],"collection":[{"href":"https:\/\/iha-race.com\/de\/wp-json\/wp\/v2\/product"}],"about":[{"href":"https:\/\/iha-race.com\/de\/wp-json\/wp\/v2\/types\/product"}],"replies":[{"embeddable":true,"href":"https:\/\/iha-race.com\/de\/wp-json\/wp\/v2\/comments?post=243647"}],"version-history":[{"count":1,"href":"https:\/\/iha-race.com\/de\/wp-json\/wp\/v2\/product\/243647\/revisions"}],"predecessor-version":[{"id":248344,"href":"https:\/\/iha-race.com\/de\/wp-json\/wp\/v2\/product\/243647\/revisions\/248344"}],"wp:featuredmedia":[{"embeddable":true,"href":"https:\/\/iha-race.com\/de\/wp-json\/wp\/v2\/media\/243016"}],"wp:attachment":[{"href":"https:\/\/iha-race.com\/de\/wp-json\/wp\/v2\/media?parent=243647"}],"wp:term":[{"taxonomy":"pwb-brand","embeddable":true,"href":"https:\/\/iha-race.com\/de\/wp-json\/wp\/v2\/pwb-brand?post=243647"},{"taxonomy":"product_cat","embeddable":true,"href":"https:\/\/iha-race.com\/de\/wp-json\/wp\/v2\/product_cat?post=243647"},{"taxonomy":"product_tag","embeddable":true,"href":"https:\/\/iha-race.com\/de\/wp-json\/wp\/v2\/product_tag?post=243647"}],"curies":[{"name":"wp","href":"https:\/\/api.w.org\/{rel}","templated":true}]}}