{"id":239315,"date":"2023-12-04T18:58:14","date_gmt":"2023-12-04T17:58:14","guid":{"rendered":"https:\/\/iha-race.com\/producto\/torvol-kompaktes-drohnengehaeuse\/"},"modified":"2026-04-20T19:13:40","modified_gmt":"2026-04-20T17:13:40","slug":"torvol-kompakt-drohnenkoffer","status":"publish","type":"product","link":"https:\/\/iha-race.com\/de\/producto\/torvol-kompakt-drohnenkoffer\/","title":{"rendered":"Torvol Kompaktes Drohnengeh\u00e4use"},"content":{"rendered":"<h2 class=\"product-name\"><span class=\"h1\">TORVOL KOMPAKTKOFFER F\u00dcR DROHNEN<\/span><\/h2>\n<p><strong>Sicherer Transport Ihrer kompakten Drohne.<\/strong>  Das Drone Compact Case ist eine sch\u00fctzende Transportl\u00f6sung f\u00fcr die gesamte Ausr\u00fcstung Ihrer DJI Mavic-Serie (oder einer \u00e4hnlichen Drohne). Das Hauptfach enth\u00e4lt die gesamte Ausr\u00fcstung der Drohne. Dank des einfachen Zugriffs auf Ihre Drohne, den Controller und die Ersatzakkus sind Sie in Sekundenschnelle flugbereit. Das obere Fach fasst das gesamte Zubeh\u00f6r, das Sie zur Vorbereitung auf Ihren Flug ben\u00f6tigen. Ladeger\u00e4te, Kabel und mehr. Die gro\u00dfe Tasche ist ideal f\u00fcr SD-Karten und Ersatzpropeller. 3 herausnehmbare, gepolsterte Raumteiler und elastische Gurte sichern Ihre wertvolle Ausr\u00fcstung beim Umzug an den n\u00e4chsten Standort. Und was noch mehr? Der kompakte Drohnenkoffer passt perfekt in den Torvol Drone Explorer Rucksack und macht ein langes Drohnenflugwochenende noch bequemer.  <\/p>\n<h3>Eigenschaften<\/h3>\n<ul>\n<li>Hartschaum-Schutzh\u00fclle auf der Vorderseite.<\/li>\n<li>Das Hauptfach wurde speziell f\u00fcr kompakte Drohnen entwickelt.<\/li>\n<li>Oberes Fach f\u00fcr Ladekabel und Ersatzteile.<\/li>\n<li>Set mit verstellbaren Inneneinteilungen.<\/li>\n<li>Kardanwelle und spezielle Steuerung.<\/li>\n<li>Passt perfekt in den Torvol Drone Explorer Rucksack.<\/li>\n<li>Internes Organizerfach f\u00fcr SD-Karten.<\/li>\n<li>Sicherheitsgurte f\u00fcr Drohne und Controller.<\/li>\n<li>Tragegriff an der Oberseite.<\/li>\n<\/ul>\n<h3>Spezifikationen<\/h3>\n<ul>\n<li><strong>Gewicht<\/strong>: 0,6 kg<\/li>\n<li><strong>Abmessungen<\/strong>: 30 \u00d7 18 \u00d7 16,5 cm<\/li>\n<li><strong>Farbe<\/strong>: Torvol Graphit Grau \/ Gelb<\/li>\n<li><strong>Innenma\u00dfe<\/strong>: 28 x 16 x 10 cm<\/li>\n<\/ul>\n<div class=\"price-info\"><\/div>\n","protected":false},"excerpt":{"rendered":"<p>TORVOL KOMPAKTKOFFER F\u00dcR DROHNEN Sicherer Transport Ihrer kompakten Drohne. Das Drone Compact Case ist eine sch\u00fctzende Transportl\u00f6sung f\u00fcr die gesamte Ausr\u00fcstung Ihrer DJI Mavic-Serie (oder einer \u00e4hnlichen Drohne). Das Hauptfach<\/p>\n","protected":false},"featured_media":239311,"comment_status":"open","ping_status":"closed","template":"","meta":{"_joinchat":[]},"pwb-brand":[],"product_cat":[2513],"product_tag":[],"class_list":{"0":"post-239315","1":"product","2":"type-product","3":"status-publish","4":"has-post-thumbnail","6":"product_cat-zubehor","8":"first","9":"instock","10":"taxable","11":"shipping-taxable","12":"purchasable","13":"product-type-simple"},"barcode":null,"atum_controlled":true,"out_stock_date":null,"out_stock_threshold":null,"inheritable":false,"stock_on_hold":0,"sold_today":0,"sales_last_days":0,"out_stock_days":0,"lost_sales":0,"update_date":"2026-04-25T01:01:50","atum_locations":[],"atum_stock_status":"instock","restock_status":false,"low_stock_amount":"","sales_update_date":"2026-04-25T01:01:50","calc_backorders":null,"yoast_head":"<!-- This site is optimized with the Yoast SEO plugin v27.3 - https:\/\/yoast.com\/product\/yoast-seo-wordpress\/ -->\n<title>Torvol Kompaktes Drohnengeh\u00e4use - Iha Race<\/title>\n<meta name=\"robots\" content=\"index, follow, max-snippet:-1, max-image-preview:large, max-video-preview:-1\" \/>\n<link rel=\"canonical\" href=\"https:\/\/iha-race.com\/de\/producto\/torvol-kompakt-drohnenkoffer\/\" \/>\n<meta property=\"og:locale\" content=\"de_DE\" \/>\n<meta property=\"og:type\" content=\"article\" \/>\n<meta property=\"og:title\" content=\"Torvol Kompaktes Drohnengeh\u00e4use - Iha Race\" \/>\n<meta property=\"og:description\" content=\"TORVOL KOMPAKTKOFFER F\u00dcR DROHNEN Sicherer Transport Ihrer kompakten Drohne. Das Drone Compact Case ist eine sch\u00fctzende Transportl\u00f6sung f\u00fcr die gesamte Ausr\u00fcstung Ihrer DJI Mavic-Serie (oder einer \u00e4hnlichen Drohne). Das Hauptfach\" \/>\n<meta property=\"og:url\" content=\"https:\/\/iha-race.com\/de\/producto\/torvol-kompakt-drohnenkoffer\/\" \/>\n<meta property=\"og:site_name\" content=\"Iha Race\" \/>\n<meta property=\"article:modified_time\" content=\"2026-04-20T17:13:40+00:00\" \/>\n<meta property=\"og:image\" content=\"https:\/\/iha-race.com\/wp-content\/uploads\/2023\/12\/ESTUCHE-COMPACTO-DRONES-TORVOL.jpg\" \/>\n\t<meta property=\"og:image:width\" content=\"600\" \/>\n\t<meta property=\"og:image:height\" content=\"600\" \/>\n\t<meta property=\"og:image:type\" content=\"image\/jpeg\" \/>\n<meta name=\"twitter:card\" content=\"summary_large_image\" \/>\n<meta name=\"twitter:label1\" content=\"Gesch\u00e4tzte Lesezeit\" \/>\n\t<meta name=\"twitter:data1\" content=\"1\u00a0Minute\" \/>\n<script type=\"application\/ld+json\" class=\"yoast-schema-graph\">{\"@context\":\"https:\\\/\\\/schema.org\",\"@graph\":[{\"@type\":\"WebPage\",\"@id\":\"https:\\\/\\\/iha-race.com\\\/de\\\/producto\\\/torvol-kompakt-drohnenkoffer\\\/\",\"url\":\"https:\\\/\\\/iha-race.com\\\/de\\\/producto\\\/torvol-kompakt-drohnenkoffer\\\/\",\"name\":\"Torvol Kompaktes Drohnengeh\u00e4use - Iha Race\",\"isPartOf\":{\"@id\":\"https:\\\/\\\/iha-race.com\\\/de\\\/#website\"},\"primaryImageOfPage\":{\"@id\":\"https:\\\/\\\/iha-race.com\\\/de\\\/producto\\\/torvol-kompakt-drohnenkoffer\\\/#primaryimage\"},\"image\":{\"@id\":\"https:\\\/\\\/iha-race.com\\\/de\\\/producto\\\/torvol-kompakt-drohnenkoffer\\\/#primaryimage\"},\"thumbnailUrl\":\"https:\\\/\\\/iha-race.com\\\/wp-content\\\/uploads\\\/2023\\\/12\\\/ESTUCHE-COMPACTO-DRONES-TORVOL.jpg\",\"datePublished\":\"2023-12-04T17:58:14+00:00\",\"dateModified\":\"2026-04-20T17:13:40+00:00\",\"breadcrumb\":{\"@id\":\"https:\\\/\\\/iha-race.com\\\/de\\\/producto\\\/torvol-kompakt-drohnenkoffer\\\/#breadcrumb\"},\"inLanguage\":\"de\",\"potentialAction\":[{\"@type\":\"ReadAction\",\"target\":[\"https:\\\/\\\/iha-race.com\\\/de\\\/producto\\\/torvol-kompakt-drohnenkoffer\\\/\"]}]},{\"@type\":\"ImageObject\",\"inLanguage\":\"de\",\"@id\":\"https:\\\/\\\/iha-race.com\\\/de\\\/producto\\\/torvol-kompakt-drohnenkoffer\\\/#primaryimage\",\"url\":\"https:\\\/\\\/iha-race.com\\\/wp-content\\\/uploads\\\/2023\\\/12\\\/ESTUCHE-COMPACTO-DRONES-TORVOL.jpg\",\"contentUrl\":\"https:\\\/\\\/iha-race.com\\\/wp-content\\\/uploads\\\/2023\\\/12\\\/ESTUCHE-COMPACTO-DRONES-TORVOL.jpg\",\"width\":600,\"height\":600},{\"@type\":\"BreadcrumbList\",\"@id\":\"https:\\\/\\\/iha-race.com\\\/de\\\/producto\\\/torvol-kompakt-drohnenkoffer\\\/#breadcrumb\",\"itemListElement\":[{\"@type\":\"ListItem\",\"position\":1,\"name\":\"Portada\",\"item\":\"https:\\\/\\\/iha-race.com\\\/de\\\/elementor-499\\\/\"},{\"@type\":\"ListItem\",\"position\":2,\"name\":\"Shop\",\"item\":\"https:\\\/\\\/iha-race.com\\\/de\\\/shop\\\/\"},{\"@type\":\"ListItem\",\"position\":3,\"name\":\"Torvol Kompaktes Drohnengeh\u00e4use\"}]},{\"@type\":\"WebSite\",\"@id\":\"https:\\\/\\\/iha-race.com\\\/de\\\/#website\",\"url\":\"https:\\\/\\\/iha-race.com\\\/de\\\/\",\"name\":\"Iha Race\",\"description\":\"Comprar drones de carreras FPV env\u00edos en un d\u00eda desde Espa\u00f1a\",\"publisher\":{\"@id\":\"https:\\\/\\\/iha-race.com\\\/de\\\/#organization\"},\"potentialAction\":[{\"@type\":\"SearchAction\",\"target\":{\"@type\":\"EntryPoint\",\"urlTemplate\":\"https:\\\/\\\/iha-race.com\\\/de\\\/?s={search_term_string}\"},\"query-input\":{\"@type\":\"PropertyValueSpecification\",\"valueRequired\":true,\"valueName\":\"search_term_string\"}}],\"inLanguage\":\"de\"},{\"@type\":\"Organization\",\"@id\":\"https:\\\/\\\/iha-race.com\\\/de\\\/#organization\",\"name\":\"Iha Race\",\"url\":\"https:\\\/\\\/iha-race.com\\\/de\\\/\",\"logo\":{\"@type\":\"ImageObject\",\"inLanguage\":\"de\",\"@id\":\"https:\\\/\\\/iha-race.com\\\/de\\\/#\\\/schema\\\/logo\\\/image\\\/\",\"url\":\"https:\\\/\\\/iha-race.com\\\/wp-content\\\/uploads\\\/2018\\\/07\\\/iha-race-drones-de-carreras-tienda-comprar-drones.png\",\"contentUrl\":\"https:\\\/\\\/iha-race.com\\\/wp-content\\\/uploads\\\/2018\\\/07\\\/iha-race-drones-de-carreras-tienda-comprar-drones.png\",\"width\":300,\"height\":100,\"caption\":\"Iha Race\"},\"image\":{\"@id\":\"https:\\\/\\\/iha-race.com\\\/de\\\/#\\\/schema\\\/logo\\\/image\\\/\"}}]}<\/script>\n<!-- \/ Yoast SEO plugin. -->","yoast_head_json":{"title":"Torvol Kompaktes Drohnengeh\u00e4use - Iha Race","robots":{"index":"index","follow":"follow","max-snippet":"max-snippet:-1","max-image-preview":"max-image-preview:large","max-video-preview":"max-video-preview:-1"},"canonical":"https:\/\/iha-race.com\/de\/producto\/torvol-kompakt-drohnenkoffer\/","og_locale":"de_DE","og_type":"article","og_title":"Torvol Kompaktes Drohnengeh\u00e4use - Iha Race","og_description":"TORVOL KOMPAKTKOFFER F\u00dcR DROHNEN Sicherer Transport Ihrer kompakten Drohne. Das Drone Compact Case ist eine sch\u00fctzende Transportl\u00f6sung f\u00fcr die gesamte Ausr\u00fcstung Ihrer DJI Mavic-Serie (oder einer \u00e4hnlichen Drohne). Das Hauptfach","og_url":"https:\/\/iha-race.com\/de\/producto\/torvol-kompakt-drohnenkoffer\/","og_site_name":"Iha Race","article_modified_time":"2026-04-20T17:13:40+00:00","og_image":[{"width":600,"height":600,"url":"https:\/\/iha-race.com\/wp-content\/uploads\/2023\/12\/ESTUCHE-COMPACTO-DRONES-TORVOL.jpg","type":"image\/jpeg"}],"twitter_card":"summary_large_image","twitter_misc":{"Gesch\u00e4tzte Lesezeit":"1\u00a0Minute"},"schema":{"@context":"https:\/\/schema.org","@graph":[{"@type":"WebPage","@id":"https:\/\/iha-race.com\/de\/producto\/torvol-kompakt-drohnenkoffer\/","url":"https:\/\/iha-race.com\/de\/producto\/torvol-kompakt-drohnenkoffer\/","name":"Torvol Kompaktes Drohnengeh\u00e4use - Iha Race","isPartOf":{"@id":"https:\/\/iha-race.com\/de\/#website"},"primaryImageOfPage":{"@id":"https:\/\/iha-race.com\/de\/producto\/torvol-kompakt-drohnenkoffer\/#primaryimage"},"image":{"@id":"https:\/\/iha-race.com\/de\/producto\/torvol-kompakt-drohnenkoffer\/#primaryimage"},"thumbnailUrl":"https:\/\/iha-race.com\/wp-content\/uploads\/2023\/12\/ESTUCHE-COMPACTO-DRONES-TORVOL.jpg","datePublished":"2023-12-04T17:58:14+00:00","dateModified":"2026-04-20T17:13:40+00:00","breadcrumb":{"@id":"https:\/\/iha-race.com\/de\/producto\/torvol-kompakt-drohnenkoffer\/#breadcrumb"},"inLanguage":"de","potentialAction":[{"@type":"ReadAction","target":["https:\/\/iha-race.com\/de\/producto\/torvol-kompakt-drohnenkoffer\/"]}]},{"@type":"ImageObject","inLanguage":"de","@id":"https:\/\/iha-race.com\/de\/producto\/torvol-kompakt-drohnenkoffer\/#primaryimage","url":"https:\/\/iha-race.com\/wp-content\/uploads\/2023\/12\/ESTUCHE-COMPACTO-DRONES-TORVOL.jpg","contentUrl":"https:\/\/iha-race.com\/wp-content\/uploads\/2023\/12\/ESTUCHE-COMPACTO-DRONES-TORVOL.jpg","width":600,"height":600},{"@type":"BreadcrumbList","@id":"https:\/\/iha-race.com\/de\/producto\/torvol-kompakt-drohnenkoffer\/#breadcrumb","itemListElement":[{"@type":"ListItem","position":1,"name":"Portada","item":"https:\/\/iha-race.com\/de\/elementor-499\/"},{"@type":"ListItem","position":2,"name":"Shop","item":"https:\/\/iha-race.com\/de\/shop\/"},{"@type":"ListItem","position":3,"name":"Torvol Kompaktes Drohnengeh\u00e4use"}]},{"@type":"WebSite","@id":"https:\/\/iha-race.com\/de\/#website","url":"https:\/\/iha-race.com\/de\/","name":"Iha Race","description":"Comprar drones de carreras FPV env\u00edos en un d\u00eda desde Espa\u00f1a","publisher":{"@id":"https:\/\/iha-race.com\/de\/#organization"},"potentialAction":[{"@type":"SearchAction","target":{"@type":"EntryPoint","urlTemplate":"https:\/\/iha-race.com\/de\/?s={search_term_string}"},"query-input":{"@type":"PropertyValueSpecification","valueRequired":true,"valueName":"search_term_string"}}],"inLanguage":"de"},{"@type":"Organization","@id":"https:\/\/iha-race.com\/de\/#organization","name":"Iha Race","url":"https:\/\/iha-race.com\/de\/","logo":{"@type":"ImageObject","inLanguage":"de","@id":"https:\/\/iha-race.com\/de\/#\/schema\/logo\/image\/","url":"https:\/\/iha-race.com\/wp-content\/uploads\/2018\/07\/iha-race-drones-de-carreras-tienda-comprar-drones.png","contentUrl":"https:\/\/iha-race.com\/wp-content\/uploads\/2018\/07\/iha-race-drones-de-carreras-tienda-comprar-drones.png","width":300,"height":100,"caption":"Iha Race"},"image":{"@id":"https:\/\/iha-race.com\/de\/#\/schema\/logo\/image\/"}}]}},"brands":[],"_links":{"self":[{"href":"https:\/\/iha-race.com\/de\/wp-json\/wp\/v2\/product\/239315","targetHints":{"allow":["GET"]}}],"collection":[{"href":"https:\/\/iha-race.com\/de\/wp-json\/wp\/v2\/product"}],"about":[{"href":"https:\/\/iha-race.com\/de\/wp-json\/wp\/v2\/types\/product"}],"replies":[{"embeddable":true,"href":"https:\/\/iha-race.com\/de\/wp-json\/wp\/v2\/comments?post=239315"}],"version-history":[{"count":2,"href":"https:\/\/iha-race.com\/de\/wp-json\/wp\/v2\/product\/239315\/revisions"}],"predecessor-version":[{"id":248334,"href":"https:\/\/iha-race.com\/de\/wp-json\/wp\/v2\/product\/239315\/revisions\/248334"}],"wp:featuredmedia":[{"embeddable":true,"href":"https:\/\/iha-race.com\/de\/wp-json\/wp\/v2\/media\/239311"}],"wp:attachment":[{"href":"https:\/\/iha-race.com\/de\/wp-json\/wp\/v2\/media?parent=239315"}],"wp:term":[{"taxonomy":"pwb-brand","embeddable":true,"href":"https:\/\/iha-race.com\/de\/wp-json\/wp\/v2\/pwb-brand?post=239315"},{"taxonomy":"product_cat","embeddable":true,"href":"https:\/\/iha-race.com\/de\/wp-json\/wp\/v2\/product_cat?post=239315"},{"taxonomy":"product_tag","embeddable":true,"href":"https:\/\/iha-race.com\/de\/wp-json\/wp\/v2\/product_tag?post=239315"}],"curies":[{"name":"wp","href":"https:\/\/api.w.org\/{rel}","templated":true}]}}