{"id":239188,"date":"2023-11-28T17:03:43","date_gmt":"2023-11-28T16:03:43","guid":{"rendered":"https:\/\/iha-race.com\/producto\/hglrc-zeus-vtx-2-5-w-hohe-leistung-5-8g-einstellbare-fpv\/"},"modified":"2024-08-29T11:13:32","modified_gmt":"2024-08-29T09:13:32","slug":"hglrc-zeus-vtx-25-w-hohe-leistung-58g-einstellbarer-fpv","status":"publish","type":"product","link":"https:\/\/iha-race.com\/de\/producto\/hglrc-zeus-vtx-25-w-hohe-leistung-58g-einstellbarer-fpv\/","title":{"rendered":"HGLRC ZEUS VTX 2.5 W hohe Leistung 5.8G Einstellbare FPV"},"content":{"rendered":"<h2><span data-sheets-root=\"1\" data-sheets-value=\"{\"1\":2,\"2\":\"HGLRC ZEUS VTX 2,5 W alta potencia 5,8G Ajustable FPV\"}\" data-sheets-userformat=\"{\"2\":15235,\"3\":{\"1\":0},\"4\":{\"1\":2,\"2\":16777215},\"10\":2,\"11\":4,\"12\":0,\"14\":{\"1\":2,\"2\":2236962},\"15\":\"Poppins\",\"16\":12}\">HGLRC ZEUS VTX 2.5 W hohe Leistung 5.8G Einstellbare FPV<\/span><\/h2>\n<h3><strong>Vorteile<\/strong><\/h3>\n<ul>\n<li>Die tats\u00e4chlich gemessene Flugdistanz in der N\u00e4he eines Sees betr\u00e4gt 9 Kilometer unter St\u00f6rungen in einer st\u00e4dtischen Umgebung, und in einer vorst\u00e4dtischen oder bergigen Umgebung kann er leicht mehr als 10 Kilometer fliegen.<\/li>\n<li>Hohe Leistung von 2500 mW, die eine ausreichende Ausgangsleistung aufrechterh\u00e4lt, geeignet f\u00fcr Langstreckenfl\u00fcge und ultralange Distanzen.<\/li>\n<li>6 einstellbare Leistungsstufen PIT\/25mW\/200mW\/800mW\/1600mW\/2500mW.<\/li>\n<li>CNC-integrierte obere und untere Abdeckungsstruktur, starke W\u00e4rmeableitung, stabile Leistung.<\/li>\n<li>Doppelfunktionstasten erleichtern die Einstellung der Parameter, und 3 S\u00e4tze von LED-Anzeigen zeigen Leistung\/Frequenzgruppe\/Frequenzpunkte auf einen Blick an.<\/li>\n<li>Unterst\u00fctzt die OSD-Parametereinstellung des IRC-Tramp-Protokolls.<\/li>\n<li>Unterst\u00fctzt einen breiten Spannungseingang von 2-6 s (7-26 V).<\/li>\n<li>Geeignet f\u00fcr den Einbau mit einer 30,5&#215;30,5 M3-Bohrung.<\/li>\n<\/ul>\n<h3>Eigenschaften<\/h3>\n<ul>\n<li>Unterst\u00fctzte Spannung: DC 7-26V (2-6S)<\/li>\n<li>BEC: 5V\/800mA<\/li>\n<li>Antennenschnittstelle: MMCX<\/li>\n<li>Kabelschnittstelle: GH1.25 6P<\/li>\n<li>Videoformat: PAL\/NTSC<\/li>\n<li>Standard 40 Kan\u00e4le: A\/B\/E \/F\/R<\/li>\n<li>Frequenzgruppenprotokoll: IRC Tramp<\/li>\n<li>Ausgangsleistung: Pit\/25\/22\/800\/1600MW\/2500MW<\/li>\n<li>PitMode\/0DBM<\/li>\n<li>25MW\/13.95DBM<\/li>\n<li>200MW\/23.01DBM<\/li>\n<li>800MW\/29,03DBM<\/li>\n<li>1.6W\/32.04DBM<\/li>\n<li>2.5W\/33.98DBM<\/li>\n<li>Position der Einbau\u00f6ffnung: 30,5*30,5*M3<\/li>\n<li>Abmessungen (L*B*H): 40 mm x 35 mm x 11,8 mm<\/li>\n<li>Gewicht: 19,6 g<\/li>\n<\/ul>\n<h3><strong>Das Paket umfasst<\/strong><\/h3>\n<ul>\n<li>1x Zeus VTX 2.5W<\/li>\n<li>1 x MMCX-Kupferrohrantenne 80 mm<\/li>\n<li>1 x MMCX auf SMA 100 mm Adapter<\/li>\n<li>1 x GH1.25 6Pin 100mm single-ended Kabel<\/li>\n<li>1 x SH1.0 4Pin-GH1.25 6Pin 60mm doppelendiges Kabel<\/li>\n<\/ul>\n<p>&nbsp;<\/p>\n<p><img decoding=\"async\" src=\"https:\/\/cdn.shopify.com\/s\/files\/1\/2672\/8290\/files\/2.5w.jpg?v=1699518727\" alt=\"\"><\/p>\n","protected":false},"excerpt":{"rendered":"<p>HGLRC ZEUS VTX 2.5 W hohe Leistung 5.8G Einstellbare FPV Vorteile Die tats\u00e4chlich gemessene Flugdistanz in der N\u00e4he eines Sees betr\u00e4gt 9 Kilometer unter St\u00f6rungen in einer st\u00e4dtischen Umgebung, und<\/p>\n","protected":false},"featured_media":239171,"comment_status":"open","ping_status":"closed","template":"","meta":{"_joinchat":[]},"pwb-brand":[],"product_cat":[2564],"product_tag":[],"class_list":{"0":"post-239188","1":"product","2":"type-product","3":"status-publish","4":"has-post-thumbnail","6":"product_cat-vtx-vrx-de","8":"first","9":"outofstock","10":"taxable","11":"shipping-taxable","12":"purchasable","13":"product-type-simple"},"barcode":null,"atum_controlled":true,"out_stock_date":"2026-04-29 16:35:30","out_stock_threshold":null,"inheritable":false,"stock_on_hold":0,"sold_today":0,"sales_last_days":1,"out_stock_days":0,"lost_sales":0,"update_date":"2026-04-30T08:34:36","atum_locations":[],"atum_stock_status":"outofstock","restock_status":false,"low_stock_amount":"","sales_update_date":"2026-04-30T08:34:36","calc_backorders":null,"yoast_head":"<!-- This site is optimized with the Yoast SEO plugin v27.3 - https:\/\/yoast.com\/product\/yoast-seo-wordpress\/ -->\n<title>HGLRC ZEUS VTX 2.5 W hohe Leistung 5.8G Einstellbare FPV - Iha Race<\/title>\n<meta name=\"robots\" content=\"index, follow, max-snippet:-1, max-image-preview:large, max-video-preview:-1\" \/>\n<link rel=\"canonical\" href=\"https:\/\/iha-race.com\/de\/producto\/hglrc-zeus-vtx-25-w-hohe-leistung-58g-einstellbarer-fpv\/\" \/>\n<meta property=\"og:locale\" content=\"de_DE\" \/>\n<meta property=\"og:type\" content=\"article\" \/>\n<meta property=\"og:title\" content=\"HGLRC ZEUS VTX 2.5 W hohe Leistung 5.8G Einstellbare FPV - Iha Race\" \/>\n<meta property=\"og:description\" content=\"HGLRC ZEUS VTX 2.5 W hohe Leistung 5.8G Einstellbare FPV Vorteile Die tats\u00e4chlich gemessene Flugdistanz in der N\u00e4he eines Sees betr\u00e4gt 9 Kilometer unter St\u00f6rungen in einer st\u00e4dtischen Umgebung, und\" \/>\n<meta property=\"og:url\" content=\"https:\/\/iha-race.com\/de\/producto\/hglrc-zeus-vtx-25-w-hohe-leistung-58g-einstellbarer-fpv\/\" \/>\n<meta property=\"og:site_name\" content=\"Iha Race\" \/>\n<meta property=\"article:modified_time\" content=\"2024-08-29T09:13:32+00:00\" \/>\n<meta property=\"og:image\" content=\"https:\/\/iha-race.com\/wp-content\/uploads\/2023\/11\/HGLRC-ZEUS-VTX-25-W-alta-potencia-58G-Ajustable-FPV.webp\" \/>\n\t<meta property=\"og:image:width\" content=\"1000\" \/>\n\t<meta property=\"og:image:height\" content=\"1000\" \/>\n\t<meta property=\"og:image:type\" content=\"image\/webp\" \/>\n<meta name=\"twitter:card\" content=\"summary_large_image\" \/>\n<meta name=\"twitter:label1\" content=\"Gesch\u00e4tzte Lesezeit\" \/>\n\t<meta name=\"twitter:data1\" content=\"1\u00a0Minute\" \/>\n<script type=\"application\/ld+json\" class=\"yoast-schema-graph\">{\"@context\":\"https:\\\/\\\/schema.org\",\"@graph\":[{\"@type\":\"WebPage\",\"@id\":\"https:\\\/\\\/iha-race.com\\\/de\\\/producto\\\/hglrc-zeus-vtx-25-w-hohe-leistung-58g-einstellbarer-fpv\\\/\",\"url\":\"https:\\\/\\\/iha-race.com\\\/de\\\/producto\\\/hglrc-zeus-vtx-25-w-hohe-leistung-58g-einstellbarer-fpv\\\/\",\"name\":\"HGLRC ZEUS VTX 2.5 W hohe Leistung 5.8G Einstellbare FPV - Iha Race\",\"isPartOf\":{\"@id\":\"https:\\\/\\\/iha-race.com\\\/de\\\/#website\"},\"primaryImageOfPage\":{\"@id\":\"https:\\\/\\\/iha-race.com\\\/de\\\/producto\\\/hglrc-zeus-vtx-25-w-hohe-leistung-58g-einstellbarer-fpv\\\/#primaryimage\"},\"image\":{\"@id\":\"https:\\\/\\\/iha-race.com\\\/de\\\/producto\\\/hglrc-zeus-vtx-25-w-hohe-leistung-58g-einstellbarer-fpv\\\/#primaryimage\"},\"thumbnailUrl\":\"https:\\\/\\\/iha-race.com\\\/wp-content\\\/uploads\\\/2023\\\/11\\\/HGLRC-ZEUS-VTX-25-W-alta-potencia-58G-Ajustable-FPV.webp\",\"datePublished\":\"2023-11-28T16:03:43+00:00\",\"dateModified\":\"2024-08-29T09:13:32+00:00\",\"breadcrumb\":{\"@id\":\"https:\\\/\\\/iha-race.com\\\/de\\\/producto\\\/hglrc-zeus-vtx-25-w-hohe-leistung-58g-einstellbarer-fpv\\\/#breadcrumb\"},\"inLanguage\":\"de\",\"potentialAction\":[{\"@type\":\"ReadAction\",\"target\":[\"https:\\\/\\\/iha-race.com\\\/de\\\/producto\\\/hglrc-zeus-vtx-25-w-hohe-leistung-58g-einstellbarer-fpv\\\/\"]}]},{\"@type\":\"ImageObject\",\"inLanguage\":\"de\",\"@id\":\"https:\\\/\\\/iha-race.com\\\/de\\\/producto\\\/hglrc-zeus-vtx-25-w-hohe-leistung-58g-einstellbarer-fpv\\\/#primaryimage\",\"url\":\"https:\\\/\\\/iha-race.com\\\/wp-content\\\/uploads\\\/2023\\\/11\\\/HGLRC-ZEUS-VTX-25-W-alta-potencia-58G-Ajustable-FPV.webp\",\"contentUrl\":\"https:\\\/\\\/iha-race.com\\\/wp-content\\\/uploads\\\/2023\\\/11\\\/HGLRC-ZEUS-VTX-25-W-alta-potencia-58G-Ajustable-FPV.webp\",\"width\":1000,\"height\":1000,\"caption\":\"Comprar HGLRC ZEUS VTX 2,5 W alta potencia 5,8G Ajustable FPV\"},{\"@type\":\"BreadcrumbList\",\"@id\":\"https:\\\/\\\/iha-race.com\\\/de\\\/producto\\\/hglrc-zeus-vtx-25-w-hohe-leistung-58g-einstellbarer-fpv\\\/#breadcrumb\",\"itemListElement\":[{\"@type\":\"ListItem\",\"position\":1,\"name\":\"Portada\",\"item\":\"https:\\\/\\\/iha-race.com\\\/de\\\/elementor-499\\\/\"},{\"@type\":\"ListItem\",\"position\":2,\"name\":\"Shop\",\"item\":\"https:\\\/\\\/iha-race.com\\\/de\\\/shop\\\/\"},{\"@type\":\"ListItem\",\"position\":3,\"name\":\"HGLRC ZEUS VTX 2.5 W hohe Leistung 5.8G Einstellbare FPV\"}]},{\"@type\":\"WebSite\",\"@id\":\"https:\\\/\\\/iha-race.com\\\/de\\\/#website\",\"url\":\"https:\\\/\\\/iha-race.com\\\/de\\\/\",\"name\":\"Iha Race\",\"description\":\"Comprar drones de carreras FPV env\u00edos en un d\u00eda desde Espa\u00f1a\",\"publisher\":{\"@id\":\"https:\\\/\\\/iha-race.com\\\/de\\\/#organization\"},\"potentialAction\":[{\"@type\":\"SearchAction\",\"target\":{\"@type\":\"EntryPoint\",\"urlTemplate\":\"https:\\\/\\\/iha-race.com\\\/de\\\/?s={search_term_string}\"},\"query-input\":{\"@type\":\"PropertyValueSpecification\",\"valueRequired\":true,\"valueName\":\"search_term_string\"}}],\"inLanguage\":\"de\"},{\"@type\":\"Organization\",\"@id\":\"https:\\\/\\\/iha-race.com\\\/de\\\/#organization\",\"name\":\"Iha Race\",\"url\":\"https:\\\/\\\/iha-race.com\\\/de\\\/\",\"logo\":{\"@type\":\"ImageObject\",\"inLanguage\":\"de\",\"@id\":\"https:\\\/\\\/iha-race.com\\\/de\\\/#\\\/schema\\\/logo\\\/image\\\/\",\"url\":\"https:\\\/\\\/iha-race.com\\\/wp-content\\\/uploads\\\/2018\\\/07\\\/iha-race-drones-de-carreras-tienda-comprar-drones.png\",\"contentUrl\":\"https:\\\/\\\/iha-race.com\\\/wp-content\\\/uploads\\\/2018\\\/07\\\/iha-race-drones-de-carreras-tienda-comprar-drones.png\",\"width\":300,\"height\":100,\"caption\":\"Iha Race\"},\"image\":{\"@id\":\"https:\\\/\\\/iha-race.com\\\/de\\\/#\\\/schema\\\/logo\\\/image\\\/\"}}]}<\/script>\n<!-- \/ Yoast SEO plugin. -->","yoast_head_json":{"title":"HGLRC ZEUS VTX 2.5 W hohe Leistung 5.8G Einstellbare FPV - Iha Race","robots":{"index":"index","follow":"follow","max-snippet":"max-snippet:-1","max-image-preview":"max-image-preview:large","max-video-preview":"max-video-preview:-1"},"canonical":"https:\/\/iha-race.com\/de\/producto\/hglrc-zeus-vtx-25-w-hohe-leistung-58g-einstellbarer-fpv\/","og_locale":"de_DE","og_type":"article","og_title":"HGLRC ZEUS VTX 2.5 W hohe Leistung 5.8G Einstellbare FPV - Iha Race","og_description":"HGLRC ZEUS VTX 2.5 W hohe Leistung 5.8G Einstellbare FPV Vorteile Die tats\u00e4chlich gemessene Flugdistanz in der N\u00e4he eines Sees betr\u00e4gt 9 Kilometer unter St\u00f6rungen in einer st\u00e4dtischen Umgebung, und","og_url":"https:\/\/iha-race.com\/de\/producto\/hglrc-zeus-vtx-25-w-hohe-leistung-58g-einstellbarer-fpv\/","og_site_name":"Iha Race","article_modified_time":"2024-08-29T09:13:32+00:00","og_image":[{"width":1000,"height":1000,"url":"https:\/\/iha-race.com\/wp-content\/uploads\/2023\/11\/HGLRC-ZEUS-VTX-25-W-alta-potencia-58G-Ajustable-FPV.webp","type":"image\/webp"}],"twitter_card":"summary_large_image","twitter_misc":{"Gesch\u00e4tzte Lesezeit":"1\u00a0Minute"},"schema":{"@context":"https:\/\/schema.org","@graph":[{"@type":"WebPage","@id":"https:\/\/iha-race.com\/de\/producto\/hglrc-zeus-vtx-25-w-hohe-leistung-58g-einstellbarer-fpv\/","url":"https:\/\/iha-race.com\/de\/producto\/hglrc-zeus-vtx-25-w-hohe-leistung-58g-einstellbarer-fpv\/","name":"HGLRC ZEUS VTX 2.5 W hohe Leistung 5.8G Einstellbare FPV - Iha Race","isPartOf":{"@id":"https:\/\/iha-race.com\/de\/#website"},"primaryImageOfPage":{"@id":"https:\/\/iha-race.com\/de\/producto\/hglrc-zeus-vtx-25-w-hohe-leistung-58g-einstellbarer-fpv\/#primaryimage"},"image":{"@id":"https:\/\/iha-race.com\/de\/producto\/hglrc-zeus-vtx-25-w-hohe-leistung-58g-einstellbarer-fpv\/#primaryimage"},"thumbnailUrl":"https:\/\/iha-race.com\/wp-content\/uploads\/2023\/11\/HGLRC-ZEUS-VTX-25-W-alta-potencia-58G-Ajustable-FPV.webp","datePublished":"2023-11-28T16:03:43+00:00","dateModified":"2024-08-29T09:13:32+00:00","breadcrumb":{"@id":"https:\/\/iha-race.com\/de\/producto\/hglrc-zeus-vtx-25-w-hohe-leistung-58g-einstellbarer-fpv\/#breadcrumb"},"inLanguage":"de","potentialAction":[{"@type":"ReadAction","target":["https:\/\/iha-race.com\/de\/producto\/hglrc-zeus-vtx-25-w-hohe-leistung-58g-einstellbarer-fpv\/"]}]},{"@type":"ImageObject","inLanguage":"de","@id":"https:\/\/iha-race.com\/de\/producto\/hglrc-zeus-vtx-25-w-hohe-leistung-58g-einstellbarer-fpv\/#primaryimage","url":"https:\/\/iha-race.com\/wp-content\/uploads\/2023\/11\/HGLRC-ZEUS-VTX-25-W-alta-potencia-58G-Ajustable-FPV.webp","contentUrl":"https:\/\/iha-race.com\/wp-content\/uploads\/2023\/11\/HGLRC-ZEUS-VTX-25-W-alta-potencia-58G-Ajustable-FPV.webp","width":1000,"height":1000,"caption":"Comprar HGLRC ZEUS VTX 2,5 W alta potencia 5,8G Ajustable FPV"},{"@type":"BreadcrumbList","@id":"https:\/\/iha-race.com\/de\/producto\/hglrc-zeus-vtx-25-w-hohe-leistung-58g-einstellbarer-fpv\/#breadcrumb","itemListElement":[{"@type":"ListItem","position":1,"name":"Portada","item":"https:\/\/iha-race.com\/de\/elementor-499\/"},{"@type":"ListItem","position":2,"name":"Shop","item":"https:\/\/iha-race.com\/de\/shop\/"},{"@type":"ListItem","position":3,"name":"HGLRC ZEUS VTX 2.5 W hohe Leistung 5.8G Einstellbare FPV"}]},{"@type":"WebSite","@id":"https:\/\/iha-race.com\/de\/#website","url":"https:\/\/iha-race.com\/de\/","name":"Iha Race","description":"Comprar drones de carreras FPV env\u00edos en un d\u00eda desde Espa\u00f1a","publisher":{"@id":"https:\/\/iha-race.com\/de\/#organization"},"potentialAction":[{"@type":"SearchAction","target":{"@type":"EntryPoint","urlTemplate":"https:\/\/iha-race.com\/de\/?s={search_term_string}"},"query-input":{"@type":"PropertyValueSpecification","valueRequired":true,"valueName":"search_term_string"}}],"inLanguage":"de"},{"@type":"Organization","@id":"https:\/\/iha-race.com\/de\/#organization","name":"Iha Race","url":"https:\/\/iha-race.com\/de\/","logo":{"@type":"ImageObject","inLanguage":"de","@id":"https:\/\/iha-race.com\/de\/#\/schema\/logo\/image\/","url":"https:\/\/iha-race.com\/wp-content\/uploads\/2018\/07\/iha-race-drones-de-carreras-tienda-comprar-drones.png","contentUrl":"https:\/\/iha-race.com\/wp-content\/uploads\/2018\/07\/iha-race-drones-de-carreras-tienda-comprar-drones.png","width":300,"height":100,"caption":"Iha Race"},"image":{"@id":"https:\/\/iha-race.com\/de\/#\/schema\/logo\/image\/"}}]}},"jetpack_sharing_enabled":true,"brands":[],"_links":{"self":[{"href":"https:\/\/iha-race.com\/de\/wp-json\/wp\/v2\/product\/239188","targetHints":{"allow":["GET"]}}],"collection":[{"href":"https:\/\/iha-race.com\/de\/wp-json\/wp\/v2\/product"}],"about":[{"href":"https:\/\/iha-race.com\/de\/wp-json\/wp\/v2\/types\/product"}],"replies":[{"embeddable":true,"href":"https:\/\/iha-race.com\/de\/wp-json\/wp\/v2\/comments?post=239188"}],"version-history":[{"count":2,"href":"https:\/\/iha-race.com\/de\/wp-json\/wp\/v2\/product\/239188\/revisions"}],"predecessor-version":[{"id":239199,"href":"https:\/\/iha-race.com\/de\/wp-json\/wp\/v2\/product\/239188\/revisions\/239199"}],"wp:featuredmedia":[{"embeddable":true,"href":"https:\/\/iha-race.com\/de\/wp-json\/wp\/v2\/media\/239171"}],"wp:attachment":[{"href":"https:\/\/iha-race.com\/de\/wp-json\/wp\/v2\/media?parent=239188"}],"wp:term":[{"taxonomy":"pwb-brand","embeddable":true,"href":"https:\/\/iha-race.com\/de\/wp-json\/wp\/v2\/pwb-brand?post=239188"},{"taxonomy":"product_cat","embeddable":true,"href":"https:\/\/iha-race.com\/de\/wp-json\/wp\/v2\/product_cat?post=239188"},{"taxonomy":"product_tag","embeddable":true,"href":"https:\/\/iha-race.com\/de\/wp-json\/wp\/v2\/product_tag?post=239188"}],"curies":[{"name":"wp","href":"https:\/\/api.w.org\/{rel}","templated":true}]}}