{"id":238838,"date":"2023-11-16T17:53:46","date_gmt":"2023-11-16T16:53:46","guid":{"rendered":"https:\/\/iha-race.com\/producto\/led-streifen-betafpv-cob-serie-pavo\/"},"modified":"2024-12-26T00:00:57","modified_gmt":"2024-12-25T23:00:57","slug":"led-strip-betafpv-cob-series-pavo","status":"publish","type":"product","link":"https:\/\/iha-race.com\/de\/producto\/led-strip-betafpv-cob-series-pavo\/","title":{"rendered":"LED-Streifen BetaFPV COB Serie Pavo"},"content":{"rendered":"<h2>LED-Streifen BetaFPV COB Serie Pavo<\/h2>\n<p>  Der COB-LED-Streifen der Pavo-Serie ist ein 5V-betriebener LED-Streifen mit einer Gr\u00f6\u00dfe von 560mm*4mm. Sie sorgt f\u00fcr eine bessere Sichtbarkeit und erleichtert den Piloten die Beobachtung des Drohnenflugs bei Nacht oder schlechten Lichtverh\u00e4ltnissen, was auch die Betriebssicherheit erh\u00f6ht. Sie kann sicher im L\u00fcftungskanal des Rahmens montiert werden und sorgt f\u00fcr einzigartige Lichteffekte und ein optisch ansprechendes Erscheinungsbild. W\u00e4hlen Sie aus einer einzigen Farboption: Eisblau, Wei\u00df, Gr\u00fcn oder Rot. Oder mischen Sie mehrere Farben, um Ihr Flugerlebnis individuell zu gestalten und gleichzeitig die Sicherheit zu erh\u00f6hen.  <img decoding=\"async\" src=\"https:\/\/cdn.shopifycdn.net\/s\/files\/1\/1778\/6615\/files\/c5a4f69a7d76162714b5be8eb90c9e8e_04bc4a13-f691-4212-8f25-57c98aebf8da_1024x1024.jpg?v=1695644531\" alt=\"Pavo-Serie COB-LED-Streifen\"><\/p>\n<h2>Spezifikationen<\/h2>\n<ul>\n<li>Artikel: Pavo-Serie COB-LED-Streifen<\/li>\n<li>Farbe: eisblau, wei\u00df, gr\u00fcn, rot<\/li>\n<li>L\u00e4nge: 560 mm<\/li>\n<li>Breite: 4 mm<\/li>\n<li>Versorgungsspannung: 5V<\/li>\n<li>Stromst\u00e4rke: 450mA~600mA<\/li>\n<li>Steuersignal: logisch hohe und niedrige Pegel<\/li>\n<li>Geeignete Drohne: <a href=\"https:\/\/betafpv.com\/products\/pavo-pico-brushless-whoop\">Pavo Pico<\/a>, <a href=\"https:\/\/betafpv.com\/products\/pavo20-brushless-whoop-quadcopter\">pavo20<\/a>, Meteoro85<\/li>\n<\/ul>\n<div style=\"text-align: left;\">\n<div style=\"text-align: left;\">\n<h2>Konfiguration<\/h2>\n<ul>\n<li><span class=\"a-list-item\">Verbinden Sie den Flight Controller mit der Betaflight-Konfiguration und wechseln Sie zur CLI-Konfigurationsoberfl\u00e4che.<\/span><\/li>\n<li>Geben Sie RESOURCE in die CLI-Konfigurationsschnittstelle ein und dr\u00fccken Sie ENTER, um die Konfigurationsdefinition des Flugsteuerungsanschlusses zu exportieren.<\/li>\n<\/ul>\n<p><img decoding=\"async\" src=\"https:\/\/cdn.shopifycdn.net\/s\/files\/1\/1778\/6615\/files\/2_24b9d89d-b8c0-49c9-9eae-c90ef4d21bd7_480x480.jpg?v=1695372869\"><\/p>\n<ul>\n<li>W\u00e4hlen Sie den verf\u00fcgbaren Anschluss am Flugcontroller als Steueranschluss f\u00fcr die Steuerung des COB-LED-Streifens. Im Folgenden wird der TX1-Port des UART1-Ports als Beispiel f\u00fcr die Konfiguration der PINIO-Funktion des Flugcontrollers verwendet:<\/li>\n<\/ul>\n<div class=\"table-wrapper\">\n<table width=\"669\">\n<tbody>\n<tr>\n<td width=\"299\">Ressource SERIAL_TX 1 NONE<\/td>\n<td width=\"370\">\/\/Deaktiviert die Funktion des TX1-Pins der seriellen Schnittstelle.<\/td>\n<\/tr>\n<tr>\n<td width=\"299\">Ressource PINIO 1 A09<\/td>\n<td width=\"370\">\/\/Konfigurieren Sie Pin TX1 (d.h. Pin A09) als PINIO-Funktion Nr. 2<\/td>\n<\/tr>\n<tr>\n<td width=\"299\">pinio_box = 40,255,255,255,255 einstellen<\/td>\n<td width=\"370\">\/\/Einstellen des PINIO-Funktionsbereichs<\/td>\n<\/tr>\n<tr>\n<td width=\"299\">speichern<\/td>\n<td width=\"370\">\/\/Speichern der Konfiguration<\/td>\n<\/tr>\n<\/tbody>\n<\/table>\n<\/div>\n<ul>\n<li>Konfigurieren Sie die PINIO-Funktionszuordnungsbeziehung zwischen der Funksteuerung und der Flugsteuerung. Weisen Sie in der Betaflight-Konfiguration die PINIO-Funktion Nr. 1 (USER1 in der Abbildung unten) dem AUX3-Kanal der Funksteuerung zu (andere Kan\u00e4le sind ebenfalls zul\u00e4ssig).<\/li>\n<\/ul>\n<p><img fetchpriority=\"high\" decoding=\"async\" src=\"https:\/\/cdn.shopifycdn.net\/s\/files\/1\/1778\/6615\/files\/2_fddd7e93-18a2-426b-b2e3-5432a474932a_600x600.png?v=1695372889\" width=\"829\" height=\"94\"><\/p>\n<\/div>\n<div style=\"text-align: left;\"><em><span class=\"a-list-item\">Hinweis: Das Aussehen des eisblauen COB-LED-Streifens ist hellgelb, w\u00e4hrend der gr\u00fcne Streifen wei\u00df und der wei\u00dfe Streifen gelb ist.<\/span><\/em><\/div>\n<div style=\"text-align: left;\"><\/div>\n<\/div>\n<h2 class=\"p1\">Das Paket umfasst<\/h2>\n<ul>\n<li>1 x COB-LED-Streifen der Pavo-Serie nach Wahl (blau, wei\u00df, gr\u00fcn, gr\u00fcn, rot)<\/li>\n<\/ul>\n<div style=\"text-align: left;\"><\/div>\n","protected":false},"excerpt":{"rendered":"<p>LED-Streifen BetaFPV COB Serie Pavo Der COB-LED-Streifen der Pavo-Serie ist ein 5V-betriebener LED-Streifen mit einer Gr\u00f6\u00dfe von 560mm*4mm. Sie sorgt f\u00fcr eine bessere Sichtbarkeit und erleichtert den Piloten die Beobachtung<\/p>\n","protected":false},"featured_media":238804,"comment_status":"open","ping_status":"closed","template":"","meta":{"_joinchat":[]},"pwb-brand":[],"product_cat":[146,139],"product_tag":[],"class_list":{"0":"post-238838","1":"product","2":"type-product","3":"status-publish","4":"has-post-thumbnail","6":"product_cat-led-zumbadores","7":"product_cat-accesorios-de-drones","9":"first","10":"instock","11":"taxable","12":"shipping-taxable","13":"purchasable","14":"product-type-variable"},"barcode":null,"atum_controlled":true,"out_stock_date":null,"out_stock_threshold":null,"inheritable":true,"stock_on_hold":0,"sold_today":1,"sales_last_days":3,"out_stock_days":null,"lost_sales":0,"update_date":"2026-04-18T09:21:44","atum_locations":[],"atum_stock_status":"instock","restock_status":false,"low_stock_amount":"","sales_update_date":"2026-04-18T09:21:44","calc_backorders":null,"yoast_head":"<!-- This site is optimized with the Yoast SEO plugin v27.3 - https:\/\/yoast.com\/product\/yoast-seo-wordpress\/ -->\n<title>LED-Streifen BetaFPV COB Serie Pavo - Iha Race<\/title>\n<meta name=\"robots\" content=\"index, follow, max-snippet:-1, max-image-preview:large, max-video-preview:-1\" \/>\n<link rel=\"canonical\" href=\"https:\/\/iha-race.com\/de\/producto\/led-strip-betafpv-cob-series-pavo\/\" \/>\n<meta property=\"og:locale\" content=\"de_DE\" \/>\n<meta property=\"og:type\" content=\"article\" \/>\n<meta property=\"og:title\" content=\"LED-Streifen BetaFPV COB Serie Pavo - Iha Race\" \/>\n<meta property=\"og:description\" content=\"LED-Streifen BetaFPV COB Serie Pavo Der COB-LED-Streifen der Pavo-Serie ist ein 5V-betriebener LED-Streifen mit einer Gr\u00f6\u00dfe von 560mm*4mm. Sie sorgt f\u00fcr eine bessere Sichtbarkeit und erleichtert den Piloten die Beobachtung\" \/>\n<meta property=\"og:url\" content=\"https:\/\/iha-race.com\/de\/producto\/led-strip-betafpv-cob-series-pavo\/\" \/>\n<meta property=\"og:site_name\" content=\"Iha Race\" \/>\n<meta property=\"article:modified_time\" content=\"2024-12-25T23:00:57+00:00\" \/>\n<meta property=\"og:image\" content=\"https:\/\/iha-race.com\/wp-content\/uploads\/2023\/11\/Tira-LED-COB-serie-Pavo.webp\" \/>\n\t<meta property=\"og:image:width\" content=\"720\" \/>\n\t<meta property=\"og:image:height\" content=\"720\" \/>\n\t<meta property=\"og:image:type\" content=\"image\/webp\" \/>\n<meta name=\"twitter:card\" content=\"summary_large_image\" \/>\n<meta name=\"twitter:label1\" content=\"Gesch\u00e4tzte Lesezeit\" \/>\n\t<meta name=\"twitter:data1\" content=\"2\u00a0Minuten\" \/>\n<script type=\"application\/ld+json\" class=\"yoast-schema-graph\">{\"@context\":\"https:\\\/\\\/schema.org\",\"@graph\":[{\"@type\":\"WebPage\",\"@id\":\"https:\\\/\\\/iha-race.com\\\/de\\\/producto\\\/led-strip-betafpv-cob-series-pavo\\\/\",\"url\":\"https:\\\/\\\/iha-race.com\\\/de\\\/producto\\\/led-strip-betafpv-cob-series-pavo\\\/\",\"name\":\"LED-Streifen BetaFPV COB Serie Pavo - Iha Race\",\"isPartOf\":{\"@id\":\"https:\\\/\\\/iha-race.com\\\/de\\\/#website\"},\"primaryImageOfPage\":{\"@id\":\"https:\\\/\\\/iha-race.com\\\/de\\\/producto\\\/led-strip-betafpv-cob-series-pavo\\\/#primaryimage\"},\"image\":{\"@id\":\"https:\\\/\\\/iha-race.com\\\/de\\\/producto\\\/led-strip-betafpv-cob-series-pavo\\\/#primaryimage\"},\"thumbnailUrl\":\"https:\\\/\\\/iha-race.com\\\/wp-content\\\/uploads\\\/2023\\\/11\\\/Tira-LED-COB-serie-Pavo.webp\",\"datePublished\":\"2023-11-16T16:53:46+00:00\",\"dateModified\":\"2024-12-25T23:00:57+00:00\",\"breadcrumb\":{\"@id\":\"https:\\\/\\\/iha-race.com\\\/de\\\/producto\\\/led-strip-betafpv-cob-series-pavo\\\/#breadcrumb\"},\"inLanguage\":\"de\",\"potentialAction\":[{\"@type\":\"ReadAction\",\"target\":[\"https:\\\/\\\/iha-race.com\\\/de\\\/producto\\\/led-strip-betafpv-cob-series-pavo\\\/\"]}]},{\"@type\":\"ImageObject\",\"inLanguage\":\"de\",\"@id\":\"https:\\\/\\\/iha-race.com\\\/de\\\/producto\\\/led-strip-betafpv-cob-series-pavo\\\/#primaryimage\",\"url\":\"https:\\\/\\\/iha-race.com\\\/wp-content\\\/uploads\\\/2023\\\/11\\\/Tira-LED-COB-serie-Pavo.webp\",\"contentUrl\":\"https:\\\/\\\/iha-race.com\\\/wp-content\\\/uploads\\\/2023\\\/11\\\/Tira-LED-COB-serie-Pavo.webp\",\"width\":720,\"height\":720},{\"@type\":\"BreadcrumbList\",\"@id\":\"https:\\\/\\\/iha-race.com\\\/de\\\/producto\\\/led-strip-betafpv-cob-series-pavo\\\/#breadcrumb\",\"itemListElement\":[{\"@type\":\"ListItem\",\"position\":1,\"name\":\"Portada\",\"item\":\"https:\\\/\\\/iha-race.com\\\/de\\\/elementor-499\\\/\"},{\"@type\":\"ListItem\",\"position\":2,\"name\":\"Shop\",\"item\":\"https:\\\/\\\/iha-race.com\\\/de\\\/shop\\\/\"},{\"@type\":\"ListItem\",\"position\":3,\"name\":\"LED-Streifen BetaFPV COB Serie Pavo\"}]},{\"@type\":\"WebSite\",\"@id\":\"https:\\\/\\\/iha-race.com\\\/de\\\/#website\",\"url\":\"https:\\\/\\\/iha-race.com\\\/de\\\/\",\"name\":\"Iha Race\",\"description\":\"Comprar drones de carreras FPV env\u00edos en un d\u00eda desde Espa\u00f1a\",\"publisher\":{\"@id\":\"https:\\\/\\\/iha-race.com\\\/de\\\/#organization\"},\"potentialAction\":[{\"@type\":\"SearchAction\",\"target\":{\"@type\":\"EntryPoint\",\"urlTemplate\":\"https:\\\/\\\/iha-race.com\\\/de\\\/?s={search_term_string}\"},\"query-input\":{\"@type\":\"PropertyValueSpecification\",\"valueRequired\":true,\"valueName\":\"search_term_string\"}}],\"inLanguage\":\"de\"},{\"@type\":\"Organization\",\"@id\":\"https:\\\/\\\/iha-race.com\\\/de\\\/#organization\",\"name\":\"Iha Race\",\"url\":\"https:\\\/\\\/iha-race.com\\\/de\\\/\",\"logo\":{\"@type\":\"ImageObject\",\"inLanguage\":\"de\",\"@id\":\"https:\\\/\\\/iha-race.com\\\/de\\\/#\\\/schema\\\/logo\\\/image\\\/\",\"url\":\"https:\\\/\\\/iha-race.com\\\/wp-content\\\/uploads\\\/2018\\\/07\\\/iha-race-drones-de-carreras-tienda-comprar-drones.png\",\"contentUrl\":\"https:\\\/\\\/iha-race.com\\\/wp-content\\\/uploads\\\/2018\\\/07\\\/iha-race-drones-de-carreras-tienda-comprar-drones.png\",\"width\":300,\"height\":100,\"caption\":\"Iha Race\"},\"image\":{\"@id\":\"https:\\\/\\\/iha-race.com\\\/de\\\/#\\\/schema\\\/logo\\\/image\\\/\"}}]}<\/script>\n<!-- \/ Yoast SEO plugin. -->","yoast_head_json":{"title":"LED-Streifen BetaFPV COB Serie Pavo - Iha Race","robots":{"index":"index","follow":"follow","max-snippet":"max-snippet:-1","max-image-preview":"max-image-preview:large","max-video-preview":"max-video-preview:-1"},"canonical":"https:\/\/iha-race.com\/de\/producto\/led-strip-betafpv-cob-series-pavo\/","og_locale":"de_DE","og_type":"article","og_title":"LED-Streifen BetaFPV COB Serie Pavo - Iha Race","og_description":"LED-Streifen BetaFPV COB Serie Pavo Der COB-LED-Streifen der Pavo-Serie ist ein 5V-betriebener LED-Streifen mit einer Gr\u00f6\u00dfe von 560mm*4mm. Sie sorgt f\u00fcr eine bessere Sichtbarkeit und erleichtert den Piloten die Beobachtung","og_url":"https:\/\/iha-race.com\/de\/producto\/led-strip-betafpv-cob-series-pavo\/","og_site_name":"Iha Race","article_modified_time":"2024-12-25T23:00:57+00:00","og_image":[{"width":720,"height":720,"url":"https:\/\/iha-race.com\/wp-content\/uploads\/2023\/11\/Tira-LED-COB-serie-Pavo.webp","type":"image\/webp"}],"twitter_card":"summary_large_image","twitter_misc":{"Gesch\u00e4tzte Lesezeit":"2\u00a0Minuten"},"schema":{"@context":"https:\/\/schema.org","@graph":[{"@type":"WebPage","@id":"https:\/\/iha-race.com\/de\/producto\/led-strip-betafpv-cob-series-pavo\/","url":"https:\/\/iha-race.com\/de\/producto\/led-strip-betafpv-cob-series-pavo\/","name":"LED-Streifen BetaFPV COB Serie Pavo - Iha Race","isPartOf":{"@id":"https:\/\/iha-race.com\/de\/#website"},"primaryImageOfPage":{"@id":"https:\/\/iha-race.com\/de\/producto\/led-strip-betafpv-cob-series-pavo\/#primaryimage"},"image":{"@id":"https:\/\/iha-race.com\/de\/producto\/led-strip-betafpv-cob-series-pavo\/#primaryimage"},"thumbnailUrl":"https:\/\/iha-race.com\/wp-content\/uploads\/2023\/11\/Tira-LED-COB-serie-Pavo.webp","datePublished":"2023-11-16T16:53:46+00:00","dateModified":"2024-12-25T23:00:57+00:00","breadcrumb":{"@id":"https:\/\/iha-race.com\/de\/producto\/led-strip-betafpv-cob-series-pavo\/#breadcrumb"},"inLanguage":"de","potentialAction":[{"@type":"ReadAction","target":["https:\/\/iha-race.com\/de\/producto\/led-strip-betafpv-cob-series-pavo\/"]}]},{"@type":"ImageObject","inLanguage":"de","@id":"https:\/\/iha-race.com\/de\/producto\/led-strip-betafpv-cob-series-pavo\/#primaryimage","url":"https:\/\/iha-race.com\/wp-content\/uploads\/2023\/11\/Tira-LED-COB-serie-Pavo.webp","contentUrl":"https:\/\/iha-race.com\/wp-content\/uploads\/2023\/11\/Tira-LED-COB-serie-Pavo.webp","width":720,"height":720},{"@type":"BreadcrumbList","@id":"https:\/\/iha-race.com\/de\/producto\/led-strip-betafpv-cob-series-pavo\/#breadcrumb","itemListElement":[{"@type":"ListItem","position":1,"name":"Portada","item":"https:\/\/iha-race.com\/de\/elementor-499\/"},{"@type":"ListItem","position":2,"name":"Shop","item":"https:\/\/iha-race.com\/de\/shop\/"},{"@type":"ListItem","position":3,"name":"LED-Streifen BetaFPV COB Serie Pavo"}]},{"@type":"WebSite","@id":"https:\/\/iha-race.com\/de\/#website","url":"https:\/\/iha-race.com\/de\/","name":"Iha Race","description":"Comprar drones de carreras FPV env\u00edos en un d\u00eda desde Espa\u00f1a","publisher":{"@id":"https:\/\/iha-race.com\/de\/#organization"},"potentialAction":[{"@type":"SearchAction","target":{"@type":"EntryPoint","urlTemplate":"https:\/\/iha-race.com\/de\/?s={search_term_string}"},"query-input":{"@type":"PropertyValueSpecification","valueRequired":true,"valueName":"search_term_string"}}],"inLanguage":"de"},{"@type":"Organization","@id":"https:\/\/iha-race.com\/de\/#organization","name":"Iha Race","url":"https:\/\/iha-race.com\/de\/","logo":{"@type":"ImageObject","inLanguage":"de","@id":"https:\/\/iha-race.com\/de\/#\/schema\/logo\/image\/","url":"https:\/\/iha-race.com\/wp-content\/uploads\/2018\/07\/iha-race-drones-de-carreras-tienda-comprar-drones.png","contentUrl":"https:\/\/iha-race.com\/wp-content\/uploads\/2018\/07\/iha-race-drones-de-carreras-tienda-comprar-drones.png","width":300,"height":100,"caption":"Iha Race"},"image":{"@id":"https:\/\/iha-race.com\/de\/#\/schema\/logo\/image\/"}}]}},"jetpack_sharing_enabled":true,"brands":[],"_links":{"self":[{"href":"https:\/\/iha-race.com\/de\/wp-json\/wp\/v2\/product\/238838","targetHints":{"allow":["GET"]}}],"collection":[{"href":"https:\/\/iha-race.com\/de\/wp-json\/wp\/v2\/product"}],"about":[{"href":"https:\/\/iha-race.com\/de\/wp-json\/wp\/v2\/types\/product"}],"replies":[{"embeddable":true,"href":"https:\/\/iha-race.com\/de\/wp-json\/wp\/v2\/comments?post=238838"}],"version-history":[{"count":2,"href":"https:\/\/iha-race.com\/de\/wp-json\/wp\/v2\/product\/238838\/revisions"}],"predecessor-version":[{"id":248330,"href":"https:\/\/iha-race.com\/de\/wp-json\/wp\/v2\/product\/238838\/revisions\/248330"}],"wp:featuredmedia":[{"embeddable":true,"href":"https:\/\/iha-race.com\/de\/wp-json\/wp\/v2\/media\/238804"}],"wp:attachment":[{"href":"https:\/\/iha-race.com\/de\/wp-json\/wp\/v2\/media?parent=238838"}],"wp:term":[{"taxonomy":"pwb-brand","embeddable":true,"href":"https:\/\/iha-race.com\/de\/wp-json\/wp\/v2\/pwb-brand?post=238838"},{"taxonomy":"product_cat","embeddable":true,"href":"https:\/\/iha-race.com\/de\/wp-json\/wp\/v2\/product_cat?post=238838"},{"taxonomy":"product_tag","embeddable":true,"href":"https:\/\/iha-race.com\/de\/wp-json\/wp\/v2\/product_tag?post=238838"}],"curies":[{"name":"wp","href":"https:\/\/api.w.org\/{rel}","templated":true}]}}