{"id":238377,"date":"2023-11-05T10:31:04","date_gmt":"2023-11-05T09:31:04","guid":{"rendered":"https:\/\/iha-race.com\/producto\/runcam2-track-adapter-fuer-airsoft-version-scopecam-serie\/"},"modified":"2024-08-29T11:12:59","modified_gmt":"2024-08-29T09:12:59","slug":"runcam2-riel-adapter-fur-airsoft-version-airsoft-serie-scopecam","status":"publish","type":"product","link":"https:\/\/iha-race.com\/de\/producto\/runcam2-riel-adapter-fur-airsoft-version-airsoft-serie-scopecam\/","title":{"rendered":"RunCam2 Track Adapter f\u00fcr Airsoft Version\/ScopeCam Serie"},"content":{"rendered":"<h1>RunCam2 Track Adapter f\u00fcr Airsoft Version\/ScopeCam Serie<\/h1>\n<div class=\"ProductDescriptionContainer prodAccordionContent\">\n<div class=\"runcam\">\n<p><img decoding=\"async\" title=\"AS MOUNT 02\" src=\"https:\/\/store-m8o52p.mybigcommerce.com\/product_images\/img_bracket_scs\/AS-MOUNT-02.jpg\" alt=\"AS MOUNT 02\"><\/p>\n<div class=\"Clear\"><\/div>\n<div class=\"pl15-mobile\">\n<p><strong>Das Paket umfasst<\/strong><\/p>\n<ul>\n<li>1 x Schienenadapter.<\/li>\n<\/ul>\n<\/div>\n<\/div>\n<\/div>\n","protected":false},"excerpt":{"rendered":"<p>RunCam2 Track Adapter f\u00fcr Airsoft Version\/ScopeCam Serie Das Paket umfasst 1 x Schienenadapter.<\/p>\n","protected":false},"featured_media":238373,"comment_status":"open","ping_status":"closed","template":"","meta":{"_joinchat":[]},"pwb-brand":[],"product_cat":[3621],"product_tag":[],"class_list":{"0":"post-238377","1":"product","2":"type-product","3":"status-publish","4":"has-post-thumbnail","6":"product_cat-airsoft","8":"first","9":"instock","10":"taxable","11":"shipping-taxable","12":"purchasable","13":"product-type-simple"},"barcode":null,"atum_controlled":true,"out_stock_date":null,"out_stock_threshold":null,"inheritable":false,"stock_on_hold":0,"sold_today":0,"sales_last_days":0,"out_stock_days":0,"lost_sales":0,"update_date":"2026-04-16T06:28:55","atum_locations":[],"atum_stock_status":"instock","restock_status":false,"low_stock_amount":"","sales_update_date":"2026-04-16T06:28:55","calc_backorders":null,"yoast_head":"<!-- This site is optimized with the Yoast SEO plugin v27.3 - https:\/\/yoast.com\/product\/yoast-seo-wordpress\/ -->\n<title>RunCam2 Track Adapter f\u00fcr Airsoft Version\/ScopeCam Serie - Iha Race<\/title>\n<meta name=\"robots\" content=\"index, follow, max-snippet:-1, max-image-preview:large, max-video-preview:-1\" \/>\n<link rel=\"canonical\" href=\"https:\/\/iha-race.com\/de\/producto\/runcam2-riel-adapter-fur-airsoft-version-airsoft-serie-scopecam\/\" \/>\n<meta property=\"og:locale\" content=\"de_DE\" \/>\n<meta property=\"og:type\" content=\"article\" \/>\n<meta property=\"og:title\" content=\"RunCam2 Track Adapter f\u00fcr Airsoft Version\/ScopeCam Serie - Iha Race\" \/>\n<meta property=\"og:description\" content=\"RunCam2 Track Adapter f\u00fcr Airsoft Version\/ScopeCam Serie Das Paket umfasst 1 x Schienenadapter.\" \/>\n<meta property=\"og:url\" content=\"https:\/\/iha-race.com\/de\/producto\/runcam2-riel-adapter-fur-airsoft-version-airsoft-serie-scopecam\/\" \/>\n<meta property=\"og:site_name\" content=\"Iha Race\" \/>\n<meta property=\"article:modified_time\" content=\"2024-08-29T09:12:59+00:00\" \/>\n<meta property=\"og:image\" content=\"https:\/\/iha-race.com\/wp-content\/uploads\/2023\/11\/RunCam2-Adaptador-de-Riel-para-Version-AirsoftSerie-ScopeCam.jpeg\" \/>\n\t<meta property=\"og:image:width\" content=\"700\" \/>\n\t<meta property=\"og:image:height\" content=\"700\" \/>\n\t<meta property=\"og:image:type\" content=\"image\/jpeg\" \/>\n<meta name=\"twitter:card\" content=\"summary_large_image\" \/>\n<script type=\"application\/ld+json\" class=\"yoast-schema-graph\">{\"@context\":\"https:\\\/\\\/schema.org\",\"@graph\":[{\"@type\":\"WebPage\",\"@id\":\"https:\\\/\\\/iha-race.com\\\/de\\\/producto\\\/runcam2-riel-adapter-fur-airsoft-version-airsoft-serie-scopecam\\\/\",\"url\":\"https:\\\/\\\/iha-race.com\\\/de\\\/producto\\\/runcam2-riel-adapter-fur-airsoft-version-airsoft-serie-scopecam\\\/\",\"name\":\"RunCam2 Track Adapter f\u00fcr Airsoft Version\\\/ScopeCam Serie - Iha Race\",\"isPartOf\":{\"@id\":\"https:\\\/\\\/iha-race.com\\\/de\\\/#website\"},\"primaryImageOfPage\":{\"@id\":\"https:\\\/\\\/iha-race.com\\\/de\\\/producto\\\/runcam2-riel-adapter-fur-airsoft-version-airsoft-serie-scopecam\\\/#primaryimage\"},\"image\":{\"@id\":\"https:\\\/\\\/iha-race.com\\\/de\\\/producto\\\/runcam2-riel-adapter-fur-airsoft-version-airsoft-serie-scopecam\\\/#primaryimage\"},\"thumbnailUrl\":\"https:\\\/\\\/iha-race.com\\\/wp-content\\\/uploads\\\/2023\\\/11\\\/RunCam2-Adaptador-de-Riel-para-Version-AirsoftSerie-ScopeCam.jpeg\",\"datePublished\":\"2023-11-05T09:31:04+00:00\",\"dateModified\":\"2024-08-29T09:12:59+00:00\",\"breadcrumb\":{\"@id\":\"https:\\\/\\\/iha-race.com\\\/de\\\/producto\\\/runcam2-riel-adapter-fur-airsoft-version-airsoft-serie-scopecam\\\/#breadcrumb\"},\"inLanguage\":\"de\",\"potentialAction\":[{\"@type\":\"ReadAction\",\"target\":[\"https:\\\/\\\/iha-race.com\\\/de\\\/producto\\\/runcam2-riel-adapter-fur-airsoft-version-airsoft-serie-scopecam\\\/\"]}]},{\"@type\":\"ImageObject\",\"inLanguage\":\"de\",\"@id\":\"https:\\\/\\\/iha-race.com\\\/de\\\/producto\\\/runcam2-riel-adapter-fur-airsoft-version-airsoft-serie-scopecam\\\/#primaryimage\",\"url\":\"https:\\\/\\\/iha-race.com\\\/wp-content\\\/uploads\\\/2023\\\/11\\\/RunCam2-Adaptador-de-Riel-para-Version-AirsoftSerie-ScopeCam.jpeg\",\"contentUrl\":\"https:\\\/\\\/iha-race.com\\\/wp-content\\\/uploads\\\/2023\\\/11\\\/RunCam2-Adaptador-de-Riel-para-Version-AirsoftSerie-ScopeCam.jpeg\",\"width\":700,\"height\":700,\"caption\":\"Comprar RunCam2 Adaptador de Riel para Versi\u00f3n Airsoft\\\/Serie ScopeCam\"},{\"@type\":\"BreadcrumbList\",\"@id\":\"https:\\\/\\\/iha-race.com\\\/de\\\/producto\\\/runcam2-riel-adapter-fur-airsoft-version-airsoft-serie-scopecam\\\/#breadcrumb\",\"itemListElement\":[{\"@type\":\"ListItem\",\"position\":1,\"name\":\"Portada\",\"item\":\"https:\\\/\\\/iha-race.com\\\/de\\\/elementor-499\\\/\"},{\"@type\":\"ListItem\",\"position\":2,\"name\":\"Shop\",\"item\":\"https:\\\/\\\/iha-race.com\\\/de\\\/shop\\\/\"},{\"@type\":\"ListItem\",\"position\":3,\"name\":\"RunCam2 Track Adapter f\u00fcr Airsoft Version\\\/ScopeCam Serie\"}]},{\"@type\":\"WebSite\",\"@id\":\"https:\\\/\\\/iha-race.com\\\/de\\\/#website\",\"url\":\"https:\\\/\\\/iha-race.com\\\/de\\\/\",\"name\":\"Iha Race\",\"description\":\"Comprar drones de carreras FPV env\u00edos en un d\u00eda desde Espa\u00f1a\",\"publisher\":{\"@id\":\"https:\\\/\\\/iha-race.com\\\/de\\\/#organization\"},\"potentialAction\":[{\"@type\":\"SearchAction\",\"target\":{\"@type\":\"EntryPoint\",\"urlTemplate\":\"https:\\\/\\\/iha-race.com\\\/de\\\/?s={search_term_string}\"},\"query-input\":{\"@type\":\"PropertyValueSpecification\",\"valueRequired\":true,\"valueName\":\"search_term_string\"}}],\"inLanguage\":\"de\"},{\"@type\":\"Organization\",\"@id\":\"https:\\\/\\\/iha-race.com\\\/de\\\/#organization\",\"name\":\"Iha Race\",\"url\":\"https:\\\/\\\/iha-race.com\\\/de\\\/\",\"logo\":{\"@type\":\"ImageObject\",\"inLanguage\":\"de\",\"@id\":\"https:\\\/\\\/iha-race.com\\\/de\\\/#\\\/schema\\\/logo\\\/image\\\/\",\"url\":\"https:\\\/\\\/iha-race.com\\\/wp-content\\\/uploads\\\/2018\\\/07\\\/iha-race-drones-de-carreras-tienda-comprar-drones.png\",\"contentUrl\":\"https:\\\/\\\/iha-race.com\\\/wp-content\\\/uploads\\\/2018\\\/07\\\/iha-race-drones-de-carreras-tienda-comprar-drones.png\",\"width\":300,\"height\":100,\"caption\":\"Iha Race\"},\"image\":{\"@id\":\"https:\\\/\\\/iha-race.com\\\/de\\\/#\\\/schema\\\/logo\\\/image\\\/\"}}]}<\/script>\n<!-- \/ Yoast SEO plugin. -->","yoast_head_json":{"title":"RunCam2 Track Adapter f\u00fcr Airsoft Version\/ScopeCam Serie - Iha Race","robots":{"index":"index","follow":"follow","max-snippet":"max-snippet:-1","max-image-preview":"max-image-preview:large","max-video-preview":"max-video-preview:-1"},"canonical":"https:\/\/iha-race.com\/de\/producto\/runcam2-riel-adapter-fur-airsoft-version-airsoft-serie-scopecam\/","og_locale":"de_DE","og_type":"article","og_title":"RunCam2 Track Adapter f\u00fcr Airsoft Version\/ScopeCam Serie - Iha Race","og_description":"RunCam2 Track Adapter f\u00fcr Airsoft Version\/ScopeCam Serie Das Paket umfasst 1 x Schienenadapter.","og_url":"https:\/\/iha-race.com\/de\/producto\/runcam2-riel-adapter-fur-airsoft-version-airsoft-serie-scopecam\/","og_site_name":"Iha Race","article_modified_time":"2024-08-29T09:12:59+00:00","og_image":[{"width":700,"height":700,"url":"https:\/\/iha-race.com\/wp-content\/uploads\/2023\/11\/RunCam2-Adaptador-de-Riel-para-Version-AirsoftSerie-ScopeCam.jpeg","type":"image\/jpeg"}],"twitter_card":"summary_large_image","schema":{"@context":"https:\/\/schema.org","@graph":[{"@type":"WebPage","@id":"https:\/\/iha-race.com\/de\/producto\/runcam2-riel-adapter-fur-airsoft-version-airsoft-serie-scopecam\/","url":"https:\/\/iha-race.com\/de\/producto\/runcam2-riel-adapter-fur-airsoft-version-airsoft-serie-scopecam\/","name":"RunCam2 Track Adapter f\u00fcr Airsoft Version\/ScopeCam Serie - Iha Race","isPartOf":{"@id":"https:\/\/iha-race.com\/de\/#website"},"primaryImageOfPage":{"@id":"https:\/\/iha-race.com\/de\/producto\/runcam2-riel-adapter-fur-airsoft-version-airsoft-serie-scopecam\/#primaryimage"},"image":{"@id":"https:\/\/iha-race.com\/de\/producto\/runcam2-riel-adapter-fur-airsoft-version-airsoft-serie-scopecam\/#primaryimage"},"thumbnailUrl":"https:\/\/iha-race.com\/wp-content\/uploads\/2023\/11\/RunCam2-Adaptador-de-Riel-para-Version-AirsoftSerie-ScopeCam.jpeg","datePublished":"2023-11-05T09:31:04+00:00","dateModified":"2024-08-29T09:12:59+00:00","breadcrumb":{"@id":"https:\/\/iha-race.com\/de\/producto\/runcam2-riel-adapter-fur-airsoft-version-airsoft-serie-scopecam\/#breadcrumb"},"inLanguage":"de","potentialAction":[{"@type":"ReadAction","target":["https:\/\/iha-race.com\/de\/producto\/runcam2-riel-adapter-fur-airsoft-version-airsoft-serie-scopecam\/"]}]},{"@type":"ImageObject","inLanguage":"de","@id":"https:\/\/iha-race.com\/de\/producto\/runcam2-riel-adapter-fur-airsoft-version-airsoft-serie-scopecam\/#primaryimage","url":"https:\/\/iha-race.com\/wp-content\/uploads\/2023\/11\/RunCam2-Adaptador-de-Riel-para-Version-AirsoftSerie-ScopeCam.jpeg","contentUrl":"https:\/\/iha-race.com\/wp-content\/uploads\/2023\/11\/RunCam2-Adaptador-de-Riel-para-Version-AirsoftSerie-ScopeCam.jpeg","width":700,"height":700,"caption":"Comprar RunCam2 Adaptador de Riel para Versi\u00f3n Airsoft\/Serie ScopeCam"},{"@type":"BreadcrumbList","@id":"https:\/\/iha-race.com\/de\/producto\/runcam2-riel-adapter-fur-airsoft-version-airsoft-serie-scopecam\/#breadcrumb","itemListElement":[{"@type":"ListItem","position":1,"name":"Portada","item":"https:\/\/iha-race.com\/de\/elementor-499\/"},{"@type":"ListItem","position":2,"name":"Shop","item":"https:\/\/iha-race.com\/de\/shop\/"},{"@type":"ListItem","position":3,"name":"RunCam2 Track Adapter f\u00fcr Airsoft Version\/ScopeCam Serie"}]},{"@type":"WebSite","@id":"https:\/\/iha-race.com\/de\/#website","url":"https:\/\/iha-race.com\/de\/","name":"Iha Race","description":"Comprar drones de carreras FPV env\u00edos en un d\u00eda desde Espa\u00f1a","publisher":{"@id":"https:\/\/iha-race.com\/de\/#organization"},"potentialAction":[{"@type":"SearchAction","target":{"@type":"EntryPoint","urlTemplate":"https:\/\/iha-race.com\/de\/?s={search_term_string}"},"query-input":{"@type":"PropertyValueSpecification","valueRequired":true,"valueName":"search_term_string"}}],"inLanguage":"de"},{"@type":"Organization","@id":"https:\/\/iha-race.com\/de\/#organization","name":"Iha Race","url":"https:\/\/iha-race.com\/de\/","logo":{"@type":"ImageObject","inLanguage":"de","@id":"https:\/\/iha-race.com\/de\/#\/schema\/logo\/image\/","url":"https:\/\/iha-race.com\/wp-content\/uploads\/2018\/07\/iha-race-drones-de-carreras-tienda-comprar-drones.png","contentUrl":"https:\/\/iha-race.com\/wp-content\/uploads\/2018\/07\/iha-race-drones-de-carreras-tienda-comprar-drones.png","width":300,"height":100,"caption":"Iha Race"},"image":{"@id":"https:\/\/iha-race.com\/de\/#\/schema\/logo\/image\/"}}]}},"brands":[],"_links":{"self":[{"href":"https:\/\/iha-race.com\/de\/wp-json\/wp\/v2\/product\/238377","targetHints":{"allow":["GET"]}}],"collection":[{"href":"https:\/\/iha-race.com\/de\/wp-json\/wp\/v2\/product"}],"about":[{"href":"https:\/\/iha-race.com\/de\/wp-json\/wp\/v2\/types\/product"}],"replies":[{"embeddable":true,"href":"https:\/\/iha-race.com\/de\/wp-json\/wp\/v2\/comments?post=238377"}],"version-history":[{"count":1,"href":"https:\/\/iha-race.com\/de\/wp-json\/wp\/v2\/product\/238377\/revisions"}],"predecessor-version":[{"id":248313,"href":"https:\/\/iha-race.com\/de\/wp-json\/wp\/v2\/product\/238377\/revisions\/248313"}],"wp:featuredmedia":[{"embeddable":true,"href":"https:\/\/iha-race.com\/de\/wp-json\/wp\/v2\/media\/238373"}],"wp:attachment":[{"href":"https:\/\/iha-race.com\/de\/wp-json\/wp\/v2\/media?parent=238377"}],"wp:term":[{"taxonomy":"pwb-brand","embeddable":true,"href":"https:\/\/iha-race.com\/de\/wp-json\/wp\/v2\/pwb-brand?post=238377"},{"taxonomy":"product_cat","embeddable":true,"href":"https:\/\/iha-race.com\/de\/wp-json\/wp\/v2\/product_cat?post=238377"},{"taxonomy":"product_tag","embeddable":true,"href":"https:\/\/iha-race.com\/de\/wp-json\/wp\/v2\/product_tag?post=238377"}],"curies":[{"name":"wp","href":"https:\/\/api.w.org\/{rel}","templated":true}]}}