{"id":238368,"date":"2023-11-05T10:25:26","date_gmt":"2023-11-05T09:25:26","guid":{"rendered":"https:\/\/iha-race.com\/producto\/runcam-aluminium-schnellspannhalterung-254mm-30mm-fuer-airsoft-gewehr\/"},"modified":"2024-08-29T11:12:47","modified_gmt":"2024-08-29T09:12:47","slug":"runcam-aluminium-schnellspannstander-254mm-30mm-fur-airsoft-gewehr","status":"publish","type":"product","link":"https:\/\/iha-race.com\/de\/producto\/runcam-aluminium-schnellspannstander-254mm-30mm-fur-airsoft-gewehr\/","title":{"rendered":"RunCam Aluminium Schnellspannhalterung, 25,4mm, 30mm, f\u00fcr Airsoft Gewehr"},"content":{"rendered":"<h2>RunCam Aluminium Schnellspannhalterung, 25,4mm, 30mm, f\u00fcr Airsoft Gewehr<\/h2>\n<p>&nbsp;<\/p>\n<div id=\"ProductDescription\" class=\"Block Panel ProductDescription\">\n<div class=\"ProductDescriptionContainer prodAccordionContent\">\n<div class=\"ThumbPro Common ProductFont\">\n<div class=\"Section Section1\"><img decoding=\"async\" class=\"BigImage\" title=\"AS-MONTAJE-SK\" src=\"https:\/\/store-m8o52p.mybigcommerce.com\/product_images\/img_AS-MOUNT-SK\/AS-MOUNT-SK_01.jpg\" alt=\"AS-MONTAJE-SK\"><\/div>\n<div class=\"Section Section1\"><img decoding=\"async\" class=\"BigImage\" title=\"AS-MONTAJE-SK\" src=\"https:\/\/store-m8o52p.mybigcommerce.com\/product_images\/img_AS-MOUNT-SK\/AS-MOUNT-SK_02.jpg\" alt=\"AS-MONTAJE-SK\"><\/div>\n<div class=\"Section Section1\"><img decoding=\"async\" class=\"BigImage\" title=\"AS-MONTAJE-SK\" src=\"https:\/\/store-m8o52p.mybigcommerce.com\/product_images\/img_AS-MOUNT-SK\/AS-MOUNT-SK_03.jpg\" alt=\"AS-MONTAJE-SK\"><\/div>\n<div class=\"Section Section1\"><img decoding=\"async\" class=\"BigImage\" title=\"AS-MONTAJE-SK\" src=\"https:\/\/store-m8o52p.mybigcommerce.com\/product_images\/img_AS-MOUNT-SK\/AS-MOUNT-SK_05.jpg\" alt=\"AS-MONTAJE-SK\"><\/div>\n<\/div>\n<\/div>\n<\/div>\n<div class=\"main\">\n<div class=\"inner\">\n<div id=\"ProductReviews\" class=\"Block Panel\">\n<h2 id=\"Anchor6\" class=\"subtitle\"><\/h2>\n<\/div>\n<\/div>\n<\/div>\n","protected":false},"excerpt":{"rendered":"<p>RunCam Aluminium Schnellspannhalterung, 25,4mm, 30mm, f\u00fcr Airsoft Gewehr &nbsp;<\/p>\n","protected":false},"featured_media":238356,"comment_status":"open","ping_status":"closed","template":"","meta":{"_joinchat":[]},"pwb-brand":[],"product_cat":[3622,2548],"product_tag":[],"class_list":{"0":"post-238368","1":"product","2":"type-product","3":"status-publish","4":"has-post-thumbnail","6":"product_cat-airsoft-de","7":"product_cat-auslass","9":"first","10":"instock","11":"sale","12":"taxable","13":"shipping-taxable","14":"purchasable","15":"product-type-simple"},"barcode":null,"atum_controlled":true,"out_stock_date":null,"out_stock_threshold":null,"inheritable":false,"stock_on_hold":0,"sold_today":0,"sales_last_days":0,"out_stock_days":0,"lost_sales":0,"update_date":"2026-04-27T19:43:53","atum_locations":[],"atum_stock_status":"instock","restock_status":false,"low_stock_amount":"","sales_update_date":"2026-04-27T19:43:53","calc_backorders":null,"yoast_head":"<!-- This site is optimized with the Yoast SEO plugin v27.3 - https:\/\/yoast.com\/product\/yoast-seo-wordpress\/ -->\n<title>RunCam Aluminium Schnellspannhalterung, 25,4mm, 30mm, f\u00fcr Airsoft Gewehr - Iha Race<\/title>\n<meta name=\"robots\" content=\"index, follow, max-snippet:-1, max-image-preview:large, max-video-preview:-1\" \/>\n<link rel=\"canonical\" href=\"https:\/\/iha-race.com\/de\/producto\/runcam-aluminium-schnellspannstander-254mm-30mm-fur-airsoft-gewehr\/\" \/>\n<meta property=\"og:locale\" content=\"de_DE\" \/>\n<meta property=\"og:type\" content=\"article\" \/>\n<meta property=\"og:title\" content=\"RunCam Aluminium Schnellspannhalterung, 25,4mm, 30mm, f\u00fcr Airsoft Gewehr - Iha Race\" \/>\n<meta property=\"og:description\" content=\"RunCam Aluminium Schnellspannhalterung, 25,4mm, 30mm, f\u00fcr Airsoft Gewehr &nbsp;\" \/>\n<meta property=\"og:url\" content=\"https:\/\/iha-race.com\/de\/producto\/runcam-aluminium-schnellspannstander-254mm-30mm-fur-airsoft-gewehr\/\" \/>\n<meta property=\"og:site_name\" content=\"Iha Race\" \/>\n<meta property=\"article:modified_time\" content=\"2024-08-29T09:12:47+00:00\" \/>\n<meta property=\"og:image\" content=\"https:\/\/iha-race.com\/wp-content\/uploads\/2023\/11\/RunCam-Soporte-de-liberacion-rapida-de-aluminio-254mm-30mm-para-Rifle-Airsoft.jpeg\" \/>\n\t<meta property=\"og:image:width\" content=\"500\" \/>\n\t<meta property=\"og:image:height\" content=\"500\" \/>\n\t<meta property=\"og:image:type\" content=\"image\/jpeg\" \/>\n<meta name=\"twitter:card\" content=\"summary_large_image\" \/>\n<script type=\"application\/ld+json\" class=\"yoast-schema-graph\">{\"@context\":\"https:\\\/\\\/schema.org\",\"@graph\":[{\"@type\":\"WebPage\",\"@id\":\"https:\\\/\\\/iha-race.com\\\/de\\\/producto\\\/runcam-aluminium-schnellspannstander-254mm-30mm-fur-airsoft-gewehr\\\/\",\"url\":\"https:\\\/\\\/iha-race.com\\\/de\\\/producto\\\/runcam-aluminium-schnellspannstander-254mm-30mm-fur-airsoft-gewehr\\\/\",\"name\":\"RunCam Aluminium Schnellspannhalterung, 25,4mm, 30mm, f\u00fcr Airsoft Gewehr - Iha Race\",\"isPartOf\":{\"@id\":\"https:\\\/\\\/iha-race.com\\\/de\\\/#website\"},\"primaryImageOfPage\":{\"@id\":\"https:\\\/\\\/iha-race.com\\\/de\\\/producto\\\/runcam-aluminium-schnellspannstander-254mm-30mm-fur-airsoft-gewehr\\\/#primaryimage\"},\"image\":{\"@id\":\"https:\\\/\\\/iha-race.com\\\/de\\\/producto\\\/runcam-aluminium-schnellspannstander-254mm-30mm-fur-airsoft-gewehr\\\/#primaryimage\"},\"thumbnailUrl\":\"https:\\\/\\\/iha-race.com\\\/wp-content\\\/uploads\\\/2023\\\/11\\\/RunCam-Soporte-de-liberacion-rapida-de-aluminio-254mm-30mm-para-Rifle-Airsoft.jpeg\",\"datePublished\":\"2023-11-05T09:25:26+00:00\",\"dateModified\":\"2024-08-29T09:12:47+00:00\",\"breadcrumb\":{\"@id\":\"https:\\\/\\\/iha-race.com\\\/de\\\/producto\\\/runcam-aluminium-schnellspannstander-254mm-30mm-fur-airsoft-gewehr\\\/#breadcrumb\"},\"inLanguage\":\"de\",\"potentialAction\":[{\"@type\":\"ReadAction\",\"target\":[\"https:\\\/\\\/iha-race.com\\\/de\\\/producto\\\/runcam-aluminium-schnellspannstander-254mm-30mm-fur-airsoft-gewehr\\\/\"]}]},{\"@type\":\"ImageObject\",\"inLanguage\":\"de\",\"@id\":\"https:\\\/\\\/iha-race.com\\\/de\\\/producto\\\/runcam-aluminium-schnellspannstander-254mm-30mm-fur-airsoft-gewehr\\\/#primaryimage\",\"url\":\"https:\\\/\\\/iha-race.com\\\/wp-content\\\/uploads\\\/2023\\\/11\\\/RunCam-Soporte-de-liberacion-rapida-de-aluminio-254mm-30mm-para-Rifle-Airsoft.jpeg\",\"contentUrl\":\"https:\\\/\\\/iha-race.com\\\/wp-content\\\/uploads\\\/2023\\\/11\\\/RunCam-Soporte-de-liberacion-rapida-de-aluminio-254mm-30mm-para-Rifle-Airsoft.jpeg\",\"width\":500,\"height\":500,\"caption\":\"Comprar RunCam Soporte de liberaci\u00f3n r\u00e1pida de aluminio, 25,4mm, 30mm, para Rifle Airsoft\"},{\"@type\":\"BreadcrumbList\",\"@id\":\"https:\\\/\\\/iha-race.com\\\/de\\\/producto\\\/runcam-aluminium-schnellspannstander-254mm-30mm-fur-airsoft-gewehr\\\/#breadcrumb\",\"itemListElement\":[{\"@type\":\"ListItem\",\"position\":1,\"name\":\"Portada\",\"item\":\"https:\\\/\\\/iha-race.com\\\/de\\\/elementor-499\\\/\"},{\"@type\":\"ListItem\",\"position\":2,\"name\":\"Shop\",\"item\":\"https:\\\/\\\/iha-race.com\\\/de\\\/shop\\\/\"},{\"@type\":\"ListItem\",\"position\":3,\"name\":\"RunCam Aluminium Schnellspannhalterung, 25,4mm, 30mm, f\u00fcr Airsoft Gewehr\"}]},{\"@type\":\"WebSite\",\"@id\":\"https:\\\/\\\/iha-race.com\\\/de\\\/#website\",\"url\":\"https:\\\/\\\/iha-race.com\\\/de\\\/\",\"name\":\"Iha Race\",\"description\":\"Comprar drones de carreras FPV env\u00edos en un d\u00eda desde Espa\u00f1a\",\"publisher\":{\"@id\":\"https:\\\/\\\/iha-race.com\\\/de\\\/#organization\"},\"potentialAction\":[{\"@type\":\"SearchAction\",\"target\":{\"@type\":\"EntryPoint\",\"urlTemplate\":\"https:\\\/\\\/iha-race.com\\\/de\\\/?s={search_term_string}\"},\"query-input\":{\"@type\":\"PropertyValueSpecification\",\"valueRequired\":true,\"valueName\":\"search_term_string\"}}],\"inLanguage\":\"de\"},{\"@type\":\"Organization\",\"@id\":\"https:\\\/\\\/iha-race.com\\\/de\\\/#organization\",\"name\":\"Iha Race\",\"url\":\"https:\\\/\\\/iha-race.com\\\/de\\\/\",\"logo\":{\"@type\":\"ImageObject\",\"inLanguage\":\"de\",\"@id\":\"https:\\\/\\\/iha-race.com\\\/de\\\/#\\\/schema\\\/logo\\\/image\\\/\",\"url\":\"https:\\\/\\\/iha-race.com\\\/wp-content\\\/uploads\\\/2018\\\/07\\\/iha-race-drones-de-carreras-tienda-comprar-drones.png\",\"contentUrl\":\"https:\\\/\\\/iha-race.com\\\/wp-content\\\/uploads\\\/2018\\\/07\\\/iha-race-drones-de-carreras-tienda-comprar-drones.png\",\"width\":300,\"height\":100,\"caption\":\"Iha Race\"},\"image\":{\"@id\":\"https:\\\/\\\/iha-race.com\\\/de\\\/#\\\/schema\\\/logo\\\/image\\\/\"}}]}<\/script>\n<!-- \/ Yoast SEO plugin. -->","yoast_head_json":{"title":"RunCam Aluminium Schnellspannhalterung, 25,4mm, 30mm, f\u00fcr Airsoft Gewehr - Iha Race","robots":{"index":"index","follow":"follow","max-snippet":"max-snippet:-1","max-image-preview":"max-image-preview:large","max-video-preview":"max-video-preview:-1"},"canonical":"https:\/\/iha-race.com\/de\/producto\/runcam-aluminium-schnellspannstander-254mm-30mm-fur-airsoft-gewehr\/","og_locale":"de_DE","og_type":"article","og_title":"RunCam Aluminium Schnellspannhalterung, 25,4mm, 30mm, f\u00fcr Airsoft Gewehr - Iha Race","og_description":"RunCam Aluminium Schnellspannhalterung, 25,4mm, 30mm, f\u00fcr Airsoft Gewehr &nbsp;","og_url":"https:\/\/iha-race.com\/de\/producto\/runcam-aluminium-schnellspannstander-254mm-30mm-fur-airsoft-gewehr\/","og_site_name":"Iha Race","article_modified_time":"2024-08-29T09:12:47+00:00","og_image":[{"width":500,"height":500,"url":"https:\/\/iha-race.com\/wp-content\/uploads\/2023\/11\/RunCam-Soporte-de-liberacion-rapida-de-aluminio-254mm-30mm-para-Rifle-Airsoft.jpeg","type":"image\/jpeg"}],"twitter_card":"summary_large_image","schema":{"@context":"https:\/\/schema.org","@graph":[{"@type":"WebPage","@id":"https:\/\/iha-race.com\/de\/producto\/runcam-aluminium-schnellspannstander-254mm-30mm-fur-airsoft-gewehr\/","url":"https:\/\/iha-race.com\/de\/producto\/runcam-aluminium-schnellspannstander-254mm-30mm-fur-airsoft-gewehr\/","name":"RunCam Aluminium Schnellspannhalterung, 25,4mm, 30mm, f\u00fcr Airsoft Gewehr - Iha Race","isPartOf":{"@id":"https:\/\/iha-race.com\/de\/#website"},"primaryImageOfPage":{"@id":"https:\/\/iha-race.com\/de\/producto\/runcam-aluminium-schnellspannstander-254mm-30mm-fur-airsoft-gewehr\/#primaryimage"},"image":{"@id":"https:\/\/iha-race.com\/de\/producto\/runcam-aluminium-schnellspannstander-254mm-30mm-fur-airsoft-gewehr\/#primaryimage"},"thumbnailUrl":"https:\/\/iha-race.com\/wp-content\/uploads\/2023\/11\/RunCam-Soporte-de-liberacion-rapida-de-aluminio-254mm-30mm-para-Rifle-Airsoft.jpeg","datePublished":"2023-11-05T09:25:26+00:00","dateModified":"2024-08-29T09:12:47+00:00","breadcrumb":{"@id":"https:\/\/iha-race.com\/de\/producto\/runcam-aluminium-schnellspannstander-254mm-30mm-fur-airsoft-gewehr\/#breadcrumb"},"inLanguage":"de","potentialAction":[{"@type":"ReadAction","target":["https:\/\/iha-race.com\/de\/producto\/runcam-aluminium-schnellspannstander-254mm-30mm-fur-airsoft-gewehr\/"]}]},{"@type":"ImageObject","inLanguage":"de","@id":"https:\/\/iha-race.com\/de\/producto\/runcam-aluminium-schnellspannstander-254mm-30mm-fur-airsoft-gewehr\/#primaryimage","url":"https:\/\/iha-race.com\/wp-content\/uploads\/2023\/11\/RunCam-Soporte-de-liberacion-rapida-de-aluminio-254mm-30mm-para-Rifle-Airsoft.jpeg","contentUrl":"https:\/\/iha-race.com\/wp-content\/uploads\/2023\/11\/RunCam-Soporte-de-liberacion-rapida-de-aluminio-254mm-30mm-para-Rifle-Airsoft.jpeg","width":500,"height":500,"caption":"Comprar RunCam Soporte de liberaci\u00f3n r\u00e1pida de aluminio, 25,4mm, 30mm, para Rifle Airsoft"},{"@type":"BreadcrumbList","@id":"https:\/\/iha-race.com\/de\/producto\/runcam-aluminium-schnellspannstander-254mm-30mm-fur-airsoft-gewehr\/#breadcrumb","itemListElement":[{"@type":"ListItem","position":1,"name":"Portada","item":"https:\/\/iha-race.com\/de\/elementor-499\/"},{"@type":"ListItem","position":2,"name":"Shop","item":"https:\/\/iha-race.com\/de\/shop\/"},{"@type":"ListItem","position":3,"name":"RunCam Aluminium Schnellspannhalterung, 25,4mm, 30mm, f\u00fcr Airsoft Gewehr"}]},{"@type":"WebSite","@id":"https:\/\/iha-race.com\/de\/#website","url":"https:\/\/iha-race.com\/de\/","name":"Iha Race","description":"Comprar drones de carreras FPV env\u00edos en un d\u00eda desde Espa\u00f1a","publisher":{"@id":"https:\/\/iha-race.com\/de\/#organization"},"potentialAction":[{"@type":"SearchAction","target":{"@type":"EntryPoint","urlTemplate":"https:\/\/iha-race.com\/de\/?s={search_term_string}"},"query-input":{"@type":"PropertyValueSpecification","valueRequired":true,"valueName":"search_term_string"}}],"inLanguage":"de"},{"@type":"Organization","@id":"https:\/\/iha-race.com\/de\/#organization","name":"Iha Race","url":"https:\/\/iha-race.com\/de\/","logo":{"@type":"ImageObject","inLanguage":"de","@id":"https:\/\/iha-race.com\/de\/#\/schema\/logo\/image\/","url":"https:\/\/iha-race.com\/wp-content\/uploads\/2018\/07\/iha-race-drones-de-carreras-tienda-comprar-drones.png","contentUrl":"https:\/\/iha-race.com\/wp-content\/uploads\/2018\/07\/iha-race-drones-de-carreras-tienda-comprar-drones.png","width":300,"height":100,"caption":"Iha Race"},"image":{"@id":"https:\/\/iha-race.com\/de\/#\/schema\/logo\/image\/"}}]}},"jetpack_sharing_enabled":true,"brands":[],"_links":{"self":[{"href":"https:\/\/iha-race.com\/de\/wp-json\/wp\/v2\/product\/238368","targetHints":{"allow":["GET"]}}],"collection":[{"href":"https:\/\/iha-race.com\/de\/wp-json\/wp\/v2\/product"}],"about":[{"href":"https:\/\/iha-race.com\/de\/wp-json\/wp\/v2\/types\/product"}],"replies":[{"embeddable":true,"href":"https:\/\/iha-race.com\/de\/wp-json\/wp\/v2\/comments?post=238368"}],"version-history":[{"count":1,"href":"https:\/\/iha-race.com\/de\/wp-json\/wp\/v2\/product\/238368\/revisions"}],"predecessor-version":[{"id":248308,"href":"https:\/\/iha-race.com\/de\/wp-json\/wp\/v2\/product\/238368\/revisions\/248308"}],"wp:featuredmedia":[{"embeddable":true,"href":"https:\/\/iha-race.com\/de\/wp-json\/wp\/v2\/media\/238356"}],"wp:attachment":[{"href":"https:\/\/iha-race.com\/de\/wp-json\/wp\/v2\/media?parent=238368"}],"wp:term":[{"taxonomy":"pwb-brand","embeddable":true,"href":"https:\/\/iha-race.com\/de\/wp-json\/wp\/v2\/pwb-brand?post=238368"},{"taxonomy":"product_cat","embeddable":true,"href":"https:\/\/iha-race.com\/de\/wp-json\/wp\/v2\/product_cat?post=238368"},{"taxonomy":"product_tag","embeddable":true,"href":"https:\/\/iha-race.com\/de\/wp-json\/wp\/v2\/product_tag?post=238368"}],"curies":[{"name":"wp","href":"https:\/\/api.w.org\/{rel}","templated":true}]}}