{"id":237577,"date":"2023-10-09T16:57:38","date_gmt":"2023-10-09T14:57:38","guid":{"rendered":"https:\/\/iha-race.com\/producto\/tattu-28000mah-22-2v-25c-6s1p-akku-mit-as150xt150\/"},"modified":"2024-08-29T11:11:07","modified_gmt":"2024-08-29T09:11:07","slug":"bateria-tattu-28000mah-222v-25c-6s1p-con-as150xt150","status":"publish","type":"product","link":"https:\/\/iha-race.com\/de\/producto\/bateria-tattu-28000mah-222v-25c-6s1p-con-as150xt150\/","title":{"rendered":"Tattu 28000mAh 22.2V 25C 6S1P Akku mit AS150+XT150"},"content":{"rendered":"<h2><strong>Tattu 28000mAh 22.2V 25C 6S1P Akku mit AS150+XT150<\/strong><\/h2>\n<p><span style=\"color: #ff0000;\"><em><strong>Kostenloser Versand 5\/7 Tage aus Deutschland per UPS<\/strong><\/em><\/span> Tattu, die Schwestermarke von Gens Ace, geh\u00f6rt zu Grepow, dem weltweit f\u00fchrenden Hersteller von Lithium-Polymer-Akkus mit hoher Entladungsrate. Tattu wurde speziell f\u00fcr die Anforderungen der neuesten UAVs entwickelt, die in den Bereichen Milit\u00e4r, Sicherheit, Vermessung und Filmaufnahmen aus der Luft eingesetzt werden k\u00f6nnen. Wie z.B. DJI, Cinestar, Droidworx und andere UAV-Drohnen.  <\/p>\n<h3>Merkmale:<\/h3>\n<ul>\n<li>Stabile Auto-Stacking-Technologie erm\u00f6glicht Einzelzellenkapazit\u00e4ten von 28000 mAh.<\/li>\n<li>Gr\u00f6\u00dfere Kapazit\u00e4t als vergleichbare Packungsgr\u00f6\u00dfen.<\/li>\n<li>L\u00e4ngere Lebensdauer, fast doppelt so lang wie die Standard-Lipoly-Technologie.<\/li>\n<\/ul>\n<h3>Parameter<\/h3>\n<table id=\"product-attribute-specs-table\" class=\"data-table\" style=\"height: 394px;\" width=\"769\">\n<tbody>\n<tr class=\"even\">\n<th class=\"label\">TATTU BATTERIE<\/th>\n<td class=\"data last\">28000MAH<\/td>\n<\/tr>\n<tr class=\"odd\">\n<th class=\"label\">Nettogewicht (\u00b110g)<\/th>\n<td class=\"data last\">3389<\/td>\n<\/tr>\n<tr class=\"even\">\n<th class=\"label\">Kapazit\u00e4t<\/th>\n<td class=\"data last\">28000mAh<\/td>\n<\/tr>\n<tr class=\"odd\">\n<th class=\"label\">Entladungsrate (C)<\/th>\n<td class=\"data last\">25C<\/td>\n<\/tr>\n<tr class=\"even\">\n<th class=\"label\">Parallel (P)<\/th>\n<td class=\"data last\">1<\/td>\n<\/tr>\n<tr class=\"odd\">\n<th class=\"label\">Spannung<\/th>\n<td class=\"data last\">6S (22.2V)<\/td>\n<\/tr>\n<tr class=\"even\">\n<th class=\"label\">L\u00e4nge (\u00b15 mm)<\/th>\n<td class=\"data last\">200<\/td>\n<\/tr>\n<tr class=\"odd\">\n<th class=\"label\">Breite (\u00b15 mm)<\/th>\n<td class=\"data last\">120<\/td>\n<\/tr>\n<tr class=\"even\">\n<th class=\"label\">Dicke(\u00b15mm)<\/th>\n<td class=\"data last\">f\u00fcnfundsechzig<\/td>\n<\/tr>\n<tr class=\"odd\">\n<th class=\"label\">Drahtst\u00e4rke<\/th>\n<td class=\"data last\">10#<\/td>\n<\/tr>\n<tr class=\"even\">\n<th class=\"label\">Kabell\u00e4nge (C\/D)<\/th>\n<td class=\"data last\">120 mm\/150 mm<\/td>\n<\/tr>\n<tr class=\"odd\">\n<th class=\"label\">Steckertyp<\/th>\n<td class=\"data last\">AS150+XT150<\/td>\n<\/tr>\n<tr class=\"last even\">\n<th class=\"label\">Ausgleichsverbinder Typ<\/th>\n<td class=\"data last\">JST-XHR<\/td>\n<\/tr>\n<\/tbody>\n<\/table>\n<p>&nbsp;<\/p>\n","protected":false},"excerpt":{"rendered":"<p><span style=\"color: #ff0000;\"><em><strong>Kostenloser Versand 5\/7 Tage aus Deutschland per UPS<\/strong><\/em><\/span><\/p>\n","protected":false},"featured_media":237522,"comment_status":"open","ping_status":"closed","template":"","meta":{"_joinchat":[]},"pwb-brand":[],"product_cat":[],"product_tag":[],"class_list":{"0":"post-237577","1":"product","2":"type-product","3":"status-publish","4":"has-post-thumbnail","7":"first","8":"instock","9":"featured","10":"taxable","11":"shipping-taxable","12":"purchasable","13":"product-type-simple"},"barcode":null,"atum_controlled":true,"out_stock_date":null,"out_stock_threshold":null,"inheritable":false,"stock_on_hold":0,"sold_today":0,"sales_last_days":0,"out_stock_days":0,"lost_sales":0,"update_date":"2026-04-28T00:38:21","atum_locations":[],"atum_stock_status":"instock","restock_status":false,"low_stock_amount":"","sales_update_date":"2026-04-27T19:43:54","calc_backorders":null,"yoast_head":"<!-- This site is optimized with the Yoast SEO plugin v27.3 - https:\/\/yoast.com\/product\/yoast-seo-wordpress\/ -->\n<title>Tattu 28000mAh 22.2V 25C 6S1P Akku mit AS150+XT150 - Iha Race<\/title>\n<meta name=\"robots\" content=\"index, follow, max-snippet:-1, max-image-preview:large, max-video-preview:-1\" \/>\n<link rel=\"canonical\" href=\"https:\/\/iha-race.com\/de\/producto\/bateria-tattu-28000mah-222v-25c-6s1p-con-as150xt150\/\" \/>\n<meta property=\"og:locale\" content=\"de_DE\" \/>\n<meta property=\"og:type\" content=\"article\" \/>\n<meta property=\"og:title\" content=\"Tattu 28000mAh 22.2V 25C 6S1P Akku mit AS150+XT150 - Iha Race\" \/>\n<meta property=\"og:description\" content=\"Kostenloser Versand 5\/7 Tage aus Deutschland per UPS\" \/>\n<meta property=\"og:url\" content=\"https:\/\/iha-race.com\/de\/producto\/bateria-tattu-28000mah-222v-25c-6s1p-con-as150xt150\/\" \/>\n<meta property=\"og:site_name\" content=\"Iha Race\" \/>\n<meta property=\"article:modified_time\" content=\"2024-08-29T09:11:07+00:00\" \/>\n<meta property=\"og:image\" content=\"https:\/\/iha-race.com\/wp-content\/uploads\/2023\/10\/Paquete-de-baterias-Lipo-Tattu-28000mAh-222V-25C-6S1P-con-AS150XT150.jpg\" \/>\n\t<meta property=\"og:image:width\" content=\"800\" \/>\n\t<meta property=\"og:image:height\" content=\"800\" \/>\n\t<meta property=\"og:image:type\" content=\"image\/jpeg\" \/>\n<meta name=\"twitter:card\" content=\"summary_large_image\" \/>\n<meta name=\"twitter:label1\" content=\"Gesch\u00e4tzte Lesezeit\" \/>\n\t<meta name=\"twitter:data1\" content=\"1\u00a0Minute\" \/>\n<script type=\"application\/ld+json\" class=\"yoast-schema-graph\">{\"@context\":\"https:\\\/\\\/schema.org\",\"@graph\":[{\"@type\":\"WebPage\",\"@id\":\"https:\\\/\\\/iha-race.com\\\/de\\\/producto\\\/bateria-tattu-28000mah-222v-25c-6s1p-con-as150xt150\\\/\",\"url\":\"https:\\\/\\\/iha-race.com\\\/de\\\/producto\\\/bateria-tattu-28000mah-222v-25c-6s1p-con-as150xt150\\\/\",\"name\":\"Tattu 28000mAh 22.2V 25C 6S1P Akku mit AS150+XT150 - Iha Race\",\"isPartOf\":{\"@id\":\"https:\\\/\\\/iha-race.com\\\/de\\\/#website\"},\"primaryImageOfPage\":{\"@id\":\"https:\\\/\\\/iha-race.com\\\/de\\\/producto\\\/bateria-tattu-28000mah-222v-25c-6s1p-con-as150xt150\\\/#primaryimage\"},\"image\":{\"@id\":\"https:\\\/\\\/iha-race.com\\\/de\\\/producto\\\/bateria-tattu-28000mah-222v-25c-6s1p-con-as150xt150\\\/#primaryimage\"},\"thumbnailUrl\":\"https:\\\/\\\/iha-race.com\\\/wp-content\\\/uploads\\\/2023\\\/10\\\/Paquete-de-baterias-Lipo-Tattu-28000mAh-222V-25C-6S1P-con-AS150XT150.jpg\",\"datePublished\":\"2023-10-09T14:57:38+00:00\",\"dateModified\":\"2024-08-29T09:11:07+00:00\",\"breadcrumb\":{\"@id\":\"https:\\\/\\\/iha-race.com\\\/de\\\/producto\\\/bateria-tattu-28000mah-222v-25c-6s1p-con-as150xt150\\\/#breadcrumb\"},\"inLanguage\":\"de\",\"potentialAction\":[{\"@type\":\"ReadAction\",\"target\":[\"https:\\\/\\\/iha-race.com\\\/de\\\/producto\\\/bateria-tattu-28000mah-222v-25c-6s1p-con-as150xt150\\\/\"]}]},{\"@type\":\"ImageObject\",\"inLanguage\":\"de\",\"@id\":\"https:\\\/\\\/iha-race.com\\\/de\\\/producto\\\/bateria-tattu-28000mah-222v-25c-6s1p-con-as150xt150\\\/#primaryimage\",\"url\":\"https:\\\/\\\/iha-race.com\\\/wp-content\\\/uploads\\\/2023\\\/10\\\/Paquete-de-baterias-Lipo-Tattu-28000mAh-222V-25C-6S1P-con-AS150XT150.jpg\",\"contentUrl\":\"https:\\\/\\\/iha-race.com\\\/wp-content\\\/uploads\\\/2023\\\/10\\\/Paquete-de-baterias-Lipo-Tattu-28000mAh-222V-25C-6S1P-con-AS150XT150.jpg\",\"width\":800,\"height\":800},{\"@type\":\"BreadcrumbList\",\"@id\":\"https:\\\/\\\/iha-race.com\\\/de\\\/producto\\\/bateria-tattu-28000mah-222v-25c-6s1p-con-as150xt150\\\/#breadcrumb\",\"itemListElement\":[{\"@type\":\"ListItem\",\"position\":1,\"name\":\"Portada\",\"item\":\"https:\\\/\\\/iha-race.com\\\/de\\\/elementor-499\\\/\"},{\"@type\":\"ListItem\",\"position\":2,\"name\":\"Shop\",\"item\":\"https:\\\/\\\/iha-race.com\\\/de\\\/shop\\\/\"},{\"@type\":\"ListItem\",\"position\":3,\"name\":\"Tattu 28000mAh 22.2V 25C 6S1P Akku mit AS150+XT150\"}]},{\"@type\":\"WebSite\",\"@id\":\"https:\\\/\\\/iha-race.com\\\/de\\\/#website\",\"url\":\"https:\\\/\\\/iha-race.com\\\/de\\\/\",\"name\":\"Iha Race\",\"description\":\"Comprar drones de carreras FPV env\u00edos en un d\u00eda desde Espa\u00f1a\",\"publisher\":{\"@id\":\"https:\\\/\\\/iha-race.com\\\/de\\\/#organization\"},\"potentialAction\":[{\"@type\":\"SearchAction\",\"target\":{\"@type\":\"EntryPoint\",\"urlTemplate\":\"https:\\\/\\\/iha-race.com\\\/de\\\/?s={search_term_string}\"},\"query-input\":{\"@type\":\"PropertyValueSpecification\",\"valueRequired\":true,\"valueName\":\"search_term_string\"}}],\"inLanguage\":\"de\"},{\"@type\":\"Organization\",\"@id\":\"https:\\\/\\\/iha-race.com\\\/de\\\/#organization\",\"name\":\"Iha Race\",\"url\":\"https:\\\/\\\/iha-race.com\\\/de\\\/\",\"logo\":{\"@type\":\"ImageObject\",\"inLanguage\":\"de\",\"@id\":\"https:\\\/\\\/iha-race.com\\\/de\\\/#\\\/schema\\\/logo\\\/image\\\/\",\"url\":\"https:\\\/\\\/iha-race.com\\\/wp-content\\\/uploads\\\/2018\\\/07\\\/iha-race-drones-de-carreras-tienda-comprar-drones.png\",\"contentUrl\":\"https:\\\/\\\/iha-race.com\\\/wp-content\\\/uploads\\\/2018\\\/07\\\/iha-race-drones-de-carreras-tienda-comprar-drones.png\",\"width\":300,\"height\":100,\"caption\":\"Iha Race\"},\"image\":{\"@id\":\"https:\\\/\\\/iha-race.com\\\/de\\\/#\\\/schema\\\/logo\\\/image\\\/\"}}]}<\/script>\n<!-- \/ Yoast SEO plugin. -->","yoast_head_json":{"title":"Tattu 28000mAh 22.2V 25C 6S1P Akku mit AS150+XT150 - Iha Race","robots":{"index":"index","follow":"follow","max-snippet":"max-snippet:-1","max-image-preview":"max-image-preview:large","max-video-preview":"max-video-preview:-1"},"canonical":"https:\/\/iha-race.com\/de\/producto\/bateria-tattu-28000mah-222v-25c-6s1p-con-as150xt150\/","og_locale":"de_DE","og_type":"article","og_title":"Tattu 28000mAh 22.2V 25C 6S1P Akku mit AS150+XT150 - Iha Race","og_description":"Kostenloser Versand 5\/7 Tage aus Deutschland per UPS","og_url":"https:\/\/iha-race.com\/de\/producto\/bateria-tattu-28000mah-222v-25c-6s1p-con-as150xt150\/","og_site_name":"Iha Race","article_modified_time":"2024-08-29T09:11:07+00:00","og_image":[{"width":800,"height":800,"url":"https:\/\/iha-race.com\/wp-content\/uploads\/2023\/10\/Paquete-de-baterias-Lipo-Tattu-28000mAh-222V-25C-6S1P-con-AS150XT150.jpg","type":"image\/jpeg"}],"twitter_card":"summary_large_image","twitter_misc":{"Gesch\u00e4tzte Lesezeit":"1\u00a0Minute"},"schema":{"@context":"https:\/\/schema.org","@graph":[{"@type":"WebPage","@id":"https:\/\/iha-race.com\/de\/producto\/bateria-tattu-28000mah-222v-25c-6s1p-con-as150xt150\/","url":"https:\/\/iha-race.com\/de\/producto\/bateria-tattu-28000mah-222v-25c-6s1p-con-as150xt150\/","name":"Tattu 28000mAh 22.2V 25C 6S1P Akku mit AS150+XT150 - Iha Race","isPartOf":{"@id":"https:\/\/iha-race.com\/de\/#website"},"primaryImageOfPage":{"@id":"https:\/\/iha-race.com\/de\/producto\/bateria-tattu-28000mah-222v-25c-6s1p-con-as150xt150\/#primaryimage"},"image":{"@id":"https:\/\/iha-race.com\/de\/producto\/bateria-tattu-28000mah-222v-25c-6s1p-con-as150xt150\/#primaryimage"},"thumbnailUrl":"https:\/\/iha-race.com\/wp-content\/uploads\/2023\/10\/Paquete-de-baterias-Lipo-Tattu-28000mAh-222V-25C-6S1P-con-AS150XT150.jpg","datePublished":"2023-10-09T14:57:38+00:00","dateModified":"2024-08-29T09:11:07+00:00","breadcrumb":{"@id":"https:\/\/iha-race.com\/de\/producto\/bateria-tattu-28000mah-222v-25c-6s1p-con-as150xt150\/#breadcrumb"},"inLanguage":"de","potentialAction":[{"@type":"ReadAction","target":["https:\/\/iha-race.com\/de\/producto\/bateria-tattu-28000mah-222v-25c-6s1p-con-as150xt150\/"]}]},{"@type":"ImageObject","inLanguage":"de","@id":"https:\/\/iha-race.com\/de\/producto\/bateria-tattu-28000mah-222v-25c-6s1p-con-as150xt150\/#primaryimage","url":"https:\/\/iha-race.com\/wp-content\/uploads\/2023\/10\/Paquete-de-baterias-Lipo-Tattu-28000mAh-222V-25C-6S1P-con-AS150XT150.jpg","contentUrl":"https:\/\/iha-race.com\/wp-content\/uploads\/2023\/10\/Paquete-de-baterias-Lipo-Tattu-28000mAh-222V-25C-6S1P-con-AS150XT150.jpg","width":800,"height":800},{"@type":"BreadcrumbList","@id":"https:\/\/iha-race.com\/de\/producto\/bateria-tattu-28000mah-222v-25c-6s1p-con-as150xt150\/#breadcrumb","itemListElement":[{"@type":"ListItem","position":1,"name":"Portada","item":"https:\/\/iha-race.com\/de\/elementor-499\/"},{"@type":"ListItem","position":2,"name":"Shop","item":"https:\/\/iha-race.com\/de\/shop\/"},{"@type":"ListItem","position":3,"name":"Tattu 28000mAh 22.2V 25C 6S1P Akku mit AS150+XT150"}]},{"@type":"WebSite","@id":"https:\/\/iha-race.com\/de\/#website","url":"https:\/\/iha-race.com\/de\/","name":"Iha Race","description":"Comprar drones de carreras FPV env\u00edos en un d\u00eda desde Espa\u00f1a","publisher":{"@id":"https:\/\/iha-race.com\/de\/#organization"},"potentialAction":[{"@type":"SearchAction","target":{"@type":"EntryPoint","urlTemplate":"https:\/\/iha-race.com\/de\/?s={search_term_string}"},"query-input":{"@type":"PropertyValueSpecification","valueRequired":true,"valueName":"search_term_string"}}],"inLanguage":"de"},{"@type":"Organization","@id":"https:\/\/iha-race.com\/de\/#organization","name":"Iha Race","url":"https:\/\/iha-race.com\/de\/","logo":{"@type":"ImageObject","inLanguage":"de","@id":"https:\/\/iha-race.com\/de\/#\/schema\/logo\/image\/","url":"https:\/\/iha-race.com\/wp-content\/uploads\/2018\/07\/iha-race-drones-de-carreras-tienda-comprar-drones.png","contentUrl":"https:\/\/iha-race.com\/wp-content\/uploads\/2018\/07\/iha-race-drones-de-carreras-tienda-comprar-drones.png","width":300,"height":100,"caption":"Iha Race"},"image":{"@id":"https:\/\/iha-race.com\/de\/#\/schema\/logo\/image\/"}}]}},"jetpack_sharing_enabled":true,"brands":[],"_links":{"self":[{"href":"https:\/\/iha-race.com\/de\/wp-json\/wp\/v2\/product\/237577","targetHints":{"allow":["GET"]}}],"collection":[{"href":"https:\/\/iha-race.com\/de\/wp-json\/wp\/v2\/product"}],"about":[{"href":"https:\/\/iha-race.com\/de\/wp-json\/wp\/v2\/types\/product"}],"replies":[{"embeddable":true,"href":"https:\/\/iha-race.com\/de\/wp-json\/wp\/v2\/comments?post=237577"}],"version-history":[{"count":1,"href":"https:\/\/iha-race.com\/de\/wp-json\/wp\/v2\/product\/237577\/revisions"}],"predecessor-version":[{"id":248271,"href":"https:\/\/iha-race.com\/de\/wp-json\/wp\/v2\/product\/237577\/revisions\/248271"}],"wp:featuredmedia":[{"embeddable":true,"href":"https:\/\/iha-race.com\/de\/wp-json\/wp\/v2\/media\/237522"}],"wp:attachment":[{"href":"https:\/\/iha-race.com\/de\/wp-json\/wp\/v2\/media?parent=237577"}],"wp:term":[{"taxonomy":"pwb-brand","embeddable":true,"href":"https:\/\/iha-race.com\/de\/wp-json\/wp\/v2\/pwb-brand?post=237577"},{"taxonomy":"product_cat","embeddable":true,"href":"https:\/\/iha-race.com\/de\/wp-json\/wp\/v2\/product_cat?post=237577"},{"taxonomy":"product_tag","embeddable":true,"href":"https:\/\/iha-race.com\/de\/wp-json\/wp\/v2\/product_tag?post=237577"}],"curies":[{"name":"wp","href":"https:\/\/api.w.org\/{rel}","templated":true}]}}