{"id":237566,"date":"2023-10-09T17:37:17","date_gmt":"2023-10-09T15:37:17","guid":{"rendered":"https:\/\/iha-race.com\/producto\/tattu-30000mah-222v-25c-6s1p-akku-mit-as150xt150\/"},"modified":"2024-08-29T11:12:13","modified_gmt":"2024-08-29T09:12:13","slug":"bateria-tattu-30000mah-222v-25c-6s1p-con-as150xt150","status":"publish","type":"product","link":"https:\/\/iha-race.com\/de\/producto\/bateria-tattu-30000mah-222v-25c-6s1p-con-as150xt150\/","title":{"rendered":"Tattu 30000mAh 22,2V 25C 6S1P Akku mit AS150+XT150"},"content":{"rendered":"<h2>Tattu 30000mAh 22,2V 25C 6S1P Akku mit AS150+XT150<\/h2>\n<p><span style=\"color: #ff0000;\"><em><strong>Kostenloser Versand 5\/7 Tage aus Deutschland per UPS<\/strong><\/em><\/span> Tattu, die Schwestermarke von Gens Ace, geh\u00f6rt zu Grepow, dem weltweit f\u00fchrenden Hersteller von Lithium-Polymer-Akkus mit hoher Entladungsrate. Tattu wurde speziell f\u00fcr die Anforderungen der neuesten UAVs entwickelt, die in den Bereichen Milit\u00e4r, Sicherheit, Aufkl\u00e4rung und Filmaufnahmen aus der Luft eingesetzt werden k\u00f6nnen. Wie z.B. DJI, Cinestar, Droidworx und andere UAV-Drohnen. Alle Tattu LiPos sind mit vibrations- und feuerfestem Material ausgestattet und unsere Deluxe-Akkubox sorgt daf\u00fcr, dass Ihr Akku in perfektem Zustand ist. Ein automatisches Verfahren und ein Batteriezellen-Kombinationsprozess des Computersystems garantieren die Stabilit\u00e4t und Qualit\u00e4t der Batterien. Anders als die urspr\u00fcngliche Gens Ace Serie ist TATTU auf den UAV- und UAS-Markt spezialisiert, mit seiner industriellen Qualit\u00e4t (da Gens Ace im Hobbybereich angesiedelt ist), seinem Slogan &#8220;weniger ist mehr&#8221;, &#8220;mehr&#8221; bedeutet mehr Flugzeit, mehr Freude und mehr Zufriedenheit, und &#8220;weniger&#8221; bedeutet weniger Gewicht und einfaches Design. Tattu entwickelt seine Produkte immer nach diesen 2 Richtungen, um Ihnen einen hochwertigen Akku zu liefern.  <strong>Eigenschaften<\/strong><\/p>\n<ul>\n<li>Stabile Auto-Stacking-Technologie erm\u00f6glicht Einzelzellenkapazit\u00e4ten von 30000 mAh.<\/li>\n<li>Gr\u00f6\u00dferes Fassungsverm\u00f6gen als vergleichbar gro\u00dfe Pakete<\/li>\n<li>L\u00e4ngere Lebensdauer, fast doppelt so lang wie die Standard-Lipoly-Technologie.<\/li>\n<li>Tattu-Batterien liefern zuverl\u00e4ssige, hochwertige Energie f\u00fcr UAV-Drohnen.<\/li>\n<\/ul>\n<p><strong>Spezifikationen.<\/strong><\/p>\n<ul>\n<li>Produkttyp: Lipo-Batterie<\/li>\n<li>Kapazit\u00e4t: 30000 mAh<\/li>\n<li>Spannung: 22,2 V<\/li>\n<li>Maximale Dauerentladung: 25 C<\/li>\n<li>Gewicht (\u00b1 10): 3505 g<\/li>\n<li>Abmessungen (\u00b1 5): 217*120*65 mm<\/li>\n<li>Ausgleichsverbinder: JST-XHR<\/li>\n<\/ul>\n","protected":false},"excerpt":{"rendered":"<div class=\"woocommerce-product-details__short-description\">\n<div class=\"short-description\">\n<div class=\"woocommerce-product-details__short-description\">\n<div class=\"short-description\">\n<p><span style=\"color: #ff0000;\"><em><strong>Kostenloser Versand 5\/7 Tage aus Deutschland per UPS<\/strong><\/em><\/span><\/p>\n<\/div>\n<\/div>\n<\/div>\n<\/div>\n<div class=\"wccc-content-block wccc-content-block-3498\">\n<div class=\"font80\"><\/div>\n<\/div>\n","protected":false},"featured_media":237555,"comment_status":"open","ping_status":"closed","template":"","meta":{"_joinchat":[]},"pwb-brand":[],"product_cat":[2501,2935],"product_tag":[],"class_list":{"0":"post-237566","1":"product","2":"type-product","3":"status-publish","4":"has-post-thumbnail","6":"product_cat-fpv-akkus","7":"product_cat-s6-de","9":"first","10":"instock","11":"featured","12":"taxable","13":"shipping-taxable","14":"purchasable","15":"product-type-simple"},"barcode":null,"atum_controlled":true,"out_stock_date":null,"out_stock_threshold":null,"inheritable":false,"stock_on_hold":0,"sold_today":0,"sales_last_days":0,"out_stock_days":0,"lost_sales":0,"update_date":"2026-04-18T09:49:17","atum_locations":[],"atum_stock_status":"instock","restock_status":false,"low_stock_amount":"","sales_update_date":"2026-04-18T09:49:17","calc_backorders":null,"yoast_head":"<!-- This site is optimized with the Yoast SEO plugin v27.3 - https:\/\/yoast.com\/product\/yoast-seo-wordpress\/ -->\n<title>Tattu 30000mAh 22,2V 25C 6S1P Akku mit AS150+XT150 - Iha Race<\/title>\n<meta name=\"robots\" content=\"index, follow, max-snippet:-1, max-image-preview:large, max-video-preview:-1\" \/>\n<link rel=\"canonical\" href=\"https:\/\/iha-race.com\/de\/producto\/bateria-tattu-30000mah-222v-25c-6s1p-con-as150xt150\/\" \/>\n<meta property=\"og:locale\" content=\"de_DE\" \/>\n<meta property=\"og:type\" content=\"article\" \/>\n<meta property=\"og:title\" content=\"Tattu 30000mAh 22,2V 25C 6S1P Akku mit AS150+XT150 - Iha Race\" \/>\n<meta property=\"og:description\" content=\"Kostenloser Versand 5\/7 Tage aus Deutschland per UPS\" \/>\n<meta property=\"og:url\" content=\"https:\/\/iha-race.com\/de\/producto\/bateria-tattu-30000mah-222v-25c-6s1p-con-as150xt150\/\" \/>\n<meta property=\"og:site_name\" content=\"Iha Race\" \/>\n<meta property=\"article:modified_time\" content=\"2024-08-29T09:12:13+00:00\" \/>\n<meta property=\"og:image\" content=\"https:\/\/iha-race.com\/wp-content\/uploads\/2023\/10\/Paquete-de-baterias-Lipo-Tattu-30000mAh-222V-25C-6S1P-con-AS150XT150.jpg\" \/>\n\t<meta property=\"og:image:width\" content=\"800\" \/>\n\t<meta property=\"og:image:height\" content=\"800\" \/>\n\t<meta property=\"og:image:type\" content=\"image\/jpeg\" \/>\n<meta name=\"twitter:card\" content=\"summary_large_image\" \/>\n<meta name=\"twitter:label1\" content=\"Gesch\u00e4tzte Lesezeit\" \/>\n\t<meta name=\"twitter:data1\" content=\"1\u00a0Minute\" \/>\n<script type=\"application\/ld+json\" class=\"yoast-schema-graph\">{\"@context\":\"https:\\\/\\\/schema.org\",\"@graph\":[{\"@type\":\"WebPage\",\"@id\":\"https:\\\/\\\/iha-race.com\\\/de\\\/producto\\\/bateria-tattu-30000mah-222v-25c-6s1p-con-as150xt150\\\/\",\"url\":\"https:\\\/\\\/iha-race.com\\\/de\\\/producto\\\/bateria-tattu-30000mah-222v-25c-6s1p-con-as150xt150\\\/\",\"name\":\"Tattu 30000mAh 22,2V 25C 6S1P Akku mit AS150+XT150 - Iha Race\",\"isPartOf\":{\"@id\":\"https:\\\/\\\/iha-race.com\\\/de\\\/#website\"},\"primaryImageOfPage\":{\"@id\":\"https:\\\/\\\/iha-race.com\\\/de\\\/producto\\\/bateria-tattu-30000mah-222v-25c-6s1p-con-as150xt150\\\/#primaryimage\"},\"image\":{\"@id\":\"https:\\\/\\\/iha-race.com\\\/de\\\/producto\\\/bateria-tattu-30000mah-222v-25c-6s1p-con-as150xt150\\\/#primaryimage\"},\"thumbnailUrl\":\"https:\\\/\\\/iha-race.com\\\/wp-content\\\/uploads\\\/2023\\\/10\\\/Paquete-de-baterias-Lipo-Tattu-30000mAh-222V-25C-6S1P-con-AS150XT150.jpg\",\"datePublished\":\"2023-10-09T15:37:17+00:00\",\"dateModified\":\"2024-08-29T09:12:13+00:00\",\"breadcrumb\":{\"@id\":\"https:\\\/\\\/iha-race.com\\\/de\\\/producto\\\/bateria-tattu-30000mah-222v-25c-6s1p-con-as150xt150\\\/#breadcrumb\"},\"inLanguage\":\"de\",\"potentialAction\":[{\"@type\":\"ReadAction\",\"target\":[\"https:\\\/\\\/iha-race.com\\\/de\\\/producto\\\/bateria-tattu-30000mah-222v-25c-6s1p-con-as150xt150\\\/\"]}]},{\"@type\":\"ImageObject\",\"inLanguage\":\"de\",\"@id\":\"https:\\\/\\\/iha-race.com\\\/de\\\/producto\\\/bateria-tattu-30000mah-222v-25c-6s1p-con-as150xt150\\\/#primaryimage\",\"url\":\"https:\\\/\\\/iha-race.com\\\/wp-content\\\/uploads\\\/2023\\\/10\\\/Paquete-de-baterias-Lipo-Tattu-30000mAh-222V-25C-6S1P-con-AS150XT150.jpg\",\"contentUrl\":\"https:\\\/\\\/iha-race.com\\\/wp-content\\\/uploads\\\/2023\\\/10\\\/Paquete-de-baterias-Lipo-Tattu-30000mAh-222V-25C-6S1P-con-AS150XT150.jpg\",\"width\":800,\"height\":800},{\"@type\":\"BreadcrumbList\",\"@id\":\"https:\\\/\\\/iha-race.com\\\/de\\\/producto\\\/bateria-tattu-30000mah-222v-25c-6s1p-con-as150xt150\\\/#breadcrumb\",\"itemListElement\":[{\"@type\":\"ListItem\",\"position\":1,\"name\":\"Portada\",\"item\":\"https:\\\/\\\/iha-race.com\\\/de\\\/elementor-499\\\/\"},{\"@type\":\"ListItem\",\"position\":2,\"name\":\"Shop\",\"item\":\"https:\\\/\\\/iha-race.com\\\/de\\\/shop\\\/\"},{\"@type\":\"ListItem\",\"position\":3,\"name\":\"Tattu 30000mAh 22,2V 25C 6S1P Akku mit AS150+XT150\"}]},{\"@type\":\"WebSite\",\"@id\":\"https:\\\/\\\/iha-race.com\\\/de\\\/#website\",\"url\":\"https:\\\/\\\/iha-race.com\\\/de\\\/\",\"name\":\"Iha Race\",\"description\":\"Comprar drones de carreras FPV env\u00edos en un d\u00eda desde Espa\u00f1a\",\"publisher\":{\"@id\":\"https:\\\/\\\/iha-race.com\\\/de\\\/#organization\"},\"potentialAction\":[{\"@type\":\"SearchAction\",\"target\":{\"@type\":\"EntryPoint\",\"urlTemplate\":\"https:\\\/\\\/iha-race.com\\\/de\\\/?s={search_term_string}\"},\"query-input\":{\"@type\":\"PropertyValueSpecification\",\"valueRequired\":true,\"valueName\":\"search_term_string\"}}],\"inLanguage\":\"de\"},{\"@type\":\"Organization\",\"@id\":\"https:\\\/\\\/iha-race.com\\\/de\\\/#organization\",\"name\":\"Iha Race\",\"url\":\"https:\\\/\\\/iha-race.com\\\/de\\\/\",\"logo\":{\"@type\":\"ImageObject\",\"inLanguage\":\"de\",\"@id\":\"https:\\\/\\\/iha-race.com\\\/de\\\/#\\\/schema\\\/logo\\\/image\\\/\",\"url\":\"https:\\\/\\\/iha-race.com\\\/wp-content\\\/uploads\\\/2018\\\/07\\\/iha-race-drones-de-carreras-tienda-comprar-drones.png\",\"contentUrl\":\"https:\\\/\\\/iha-race.com\\\/wp-content\\\/uploads\\\/2018\\\/07\\\/iha-race-drones-de-carreras-tienda-comprar-drones.png\",\"width\":300,\"height\":100,\"caption\":\"Iha Race\"},\"image\":{\"@id\":\"https:\\\/\\\/iha-race.com\\\/de\\\/#\\\/schema\\\/logo\\\/image\\\/\"}}]}<\/script>\n<!-- \/ Yoast SEO plugin. -->","yoast_head_json":{"title":"Tattu 30000mAh 22,2V 25C 6S1P Akku mit AS150+XT150 - Iha Race","robots":{"index":"index","follow":"follow","max-snippet":"max-snippet:-1","max-image-preview":"max-image-preview:large","max-video-preview":"max-video-preview:-1"},"canonical":"https:\/\/iha-race.com\/de\/producto\/bateria-tattu-30000mah-222v-25c-6s1p-con-as150xt150\/","og_locale":"de_DE","og_type":"article","og_title":"Tattu 30000mAh 22,2V 25C 6S1P Akku mit AS150+XT150 - Iha Race","og_description":"Kostenloser Versand 5\/7 Tage aus Deutschland per UPS","og_url":"https:\/\/iha-race.com\/de\/producto\/bateria-tattu-30000mah-222v-25c-6s1p-con-as150xt150\/","og_site_name":"Iha Race","article_modified_time":"2024-08-29T09:12:13+00:00","og_image":[{"width":800,"height":800,"url":"https:\/\/iha-race.com\/wp-content\/uploads\/2023\/10\/Paquete-de-baterias-Lipo-Tattu-30000mAh-222V-25C-6S1P-con-AS150XT150.jpg","type":"image\/jpeg"}],"twitter_card":"summary_large_image","twitter_misc":{"Gesch\u00e4tzte Lesezeit":"1\u00a0Minute"},"schema":{"@context":"https:\/\/schema.org","@graph":[{"@type":"WebPage","@id":"https:\/\/iha-race.com\/de\/producto\/bateria-tattu-30000mah-222v-25c-6s1p-con-as150xt150\/","url":"https:\/\/iha-race.com\/de\/producto\/bateria-tattu-30000mah-222v-25c-6s1p-con-as150xt150\/","name":"Tattu 30000mAh 22,2V 25C 6S1P Akku mit AS150+XT150 - Iha Race","isPartOf":{"@id":"https:\/\/iha-race.com\/de\/#website"},"primaryImageOfPage":{"@id":"https:\/\/iha-race.com\/de\/producto\/bateria-tattu-30000mah-222v-25c-6s1p-con-as150xt150\/#primaryimage"},"image":{"@id":"https:\/\/iha-race.com\/de\/producto\/bateria-tattu-30000mah-222v-25c-6s1p-con-as150xt150\/#primaryimage"},"thumbnailUrl":"https:\/\/iha-race.com\/wp-content\/uploads\/2023\/10\/Paquete-de-baterias-Lipo-Tattu-30000mAh-222V-25C-6S1P-con-AS150XT150.jpg","datePublished":"2023-10-09T15:37:17+00:00","dateModified":"2024-08-29T09:12:13+00:00","breadcrumb":{"@id":"https:\/\/iha-race.com\/de\/producto\/bateria-tattu-30000mah-222v-25c-6s1p-con-as150xt150\/#breadcrumb"},"inLanguage":"de","potentialAction":[{"@type":"ReadAction","target":["https:\/\/iha-race.com\/de\/producto\/bateria-tattu-30000mah-222v-25c-6s1p-con-as150xt150\/"]}]},{"@type":"ImageObject","inLanguage":"de","@id":"https:\/\/iha-race.com\/de\/producto\/bateria-tattu-30000mah-222v-25c-6s1p-con-as150xt150\/#primaryimage","url":"https:\/\/iha-race.com\/wp-content\/uploads\/2023\/10\/Paquete-de-baterias-Lipo-Tattu-30000mAh-222V-25C-6S1P-con-AS150XT150.jpg","contentUrl":"https:\/\/iha-race.com\/wp-content\/uploads\/2023\/10\/Paquete-de-baterias-Lipo-Tattu-30000mAh-222V-25C-6S1P-con-AS150XT150.jpg","width":800,"height":800},{"@type":"BreadcrumbList","@id":"https:\/\/iha-race.com\/de\/producto\/bateria-tattu-30000mah-222v-25c-6s1p-con-as150xt150\/#breadcrumb","itemListElement":[{"@type":"ListItem","position":1,"name":"Portada","item":"https:\/\/iha-race.com\/de\/elementor-499\/"},{"@type":"ListItem","position":2,"name":"Shop","item":"https:\/\/iha-race.com\/de\/shop\/"},{"@type":"ListItem","position":3,"name":"Tattu 30000mAh 22,2V 25C 6S1P Akku mit AS150+XT150"}]},{"@type":"WebSite","@id":"https:\/\/iha-race.com\/de\/#website","url":"https:\/\/iha-race.com\/de\/","name":"Iha Race","description":"Comprar drones de carreras FPV env\u00edos en un d\u00eda desde Espa\u00f1a","publisher":{"@id":"https:\/\/iha-race.com\/de\/#organization"},"potentialAction":[{"@type":"SearchAction","target":{"@type":"EntryPoint","urlTemplate":"https:\/\/iha-race.com\/de\/?s={search_term_string}"},"query-input":{"@type":"PropertyValueSpecification","valueRequired":true,"valueName":"search_term_string"}}],"inLanguage":"de"},{"@type":"Organization","@id":"https:\/\/iha-race.com\/de\/#organization","name":"Iha Race","url":"https:\/\/iha-race.com\/de\/","logo":{"@type":"ImageObject","inLanguage":"de","@id":"https:\/\/iha-race.com\/de\/#\/schema\/logo\/image\/","url":"https:\/\/iha-race.com\/wp-content\/uploads\/2018\/07\/iha-race-drones-de-carreras-tienda-comprar-drones.png","contentUrl":"https:\/\/iha-race.com\/wp-content\/uploads\/2018\/07\/iha-race-drones-de-carreras-tienda-comprar-drones.png","width":300,"height":100,"caption":"Iha Race"},"image":{"@id":"https:\/\/iha-race.com\/de\/#\/schema\/logo\/image\/"}}]}},"jetpack_sharing_enabled":true,"brands":[],"_links":{"self":[{"href":"https:\/\/iha-race.com\/de\/wp-json\/wp\/v2\/product\/237566","targetHints":{"allow":["GET"]}}],"collection":[{"href":"https:\/\/iha-race.com\/de\/wp-json\/wp\/v2\/product"}],"about":[{"href":"https:\/\/iha-race.com\/de\/wp-json\/wp\/v2\/types\/product"}],"replies":[{"embeddable":true,"href":"https:\/\/iha-race.com\/de\/wp-json\/wp\/v2\/comments?post=237566"}],"version-history":[{"count":2,"href":"https:\/\/iha-race.com\/de\/wp-json\/wp\/v2\/product\/237566\/revisions"}],"predecessor-version":[{"id":248283,"href":"https:\/\/iha-race.com\/de\/wp-json\/wp\/v2\/product\/237566\/revisions\/248283"}],"wp:featuredmedia":[{"embeddable":true,"href":"https:\/\/iha-race.com\/de\/wp-json\/wp\/v2\/media\/237555"}],"wp:attachment":[{"href":"https:\/\/iha-race.com\/de\/wp-json\/wp\/v2\/media?parent=237566"}],"wp:term":[{"taxonomy":"pwb-brand","embeddable":true,"href":"https:\/\/iha-race.com\/de\/wp-json\/wp\/v2\/pwb-brand?post=237566"},{"taxonomy":"product_cat","embeddable":true,"href":"https:\/\/iha-race.com\/de\/wp-json\/wp\/v2\/product_cat?post=237566"},{"taxonomy":"product_tag","embeddable":true,"href":"https:\/\/iha-race.com\/de\/wp-json\/wp\/v2\/product_tag?post=237566"}],"curies":[{"name":"wp","href":"https:\/\/api.w.org\/{rel}","templated":true}]}}