{"id":236657,"date":"2023-09-08T13:28:20","date_gmt":"2023-09-08T11:28:20","guid":{"rendered":"https:\/\/iha-race.com\/producto\/radiomaster-rp1-2-4ghz-expresslrs-elrs-nano-empfaenger-v2\/"},"modified":"2025-08-03T20:53:37","modified_gmt":"2025-08-03T18:53:37","slug":"radiomaster-rp1-2-4-ghz-expresslrs-elrs-nano-empfanger-v2","status":"publish","type":"product","link":"https:\/\/iha-race.com\/de\/producto\/radiomaster-rp1-2-4-ghz-expresslrs-elrs-nano-empfanger-v2\/","title":{"rendered":"RadioMaster &#8211; RP1 2.4ghz ExpressLRS ELRS Nano-Empf\u00e4nger V2"},"content":{"rendered":"<h2><span data-sheets-value=\"{\"1\":2,\"2\":\"RadioMaster - RP1 2.4ghz ExpressLRS ELRS Nano Receptor V2\"}\" data-sheets-userformat=\"{\"2\":9089,\"3\":{\"1\":0},\"10\":2,\"11\":4,\"12\":0,\"16\":12}\">RadioMaster &#8211; RP1 2.4ghz ExpressLRS ELRS Nano-Empf\u00e4nger V2<\/span><\/h2>\n<p>&nbsp;<\/p>\n<ul class=\"desc_title\">\n<li class=\"themes_box_title\">\n<ul class=\"desc_title\">\n<li class=\"themes_box_title\">BESCHREIBUNG<\/li>\n<\/ul>\n<div class=\"editor_txt ck-content themes_text_content\">\n<p>Bei der Entwicklung der RadioMaster RP-Empf\u00e4ngerserie standen Gr\u00f6\u00dfe, Benutzerfreundlichkeit und Reichweite im Vordergrund. Mit der quelloffenen ExpressLRS 2,4-GHz-Firmware bietet die RP-Serie der Nano-Empf\u00e4nger die Funktionen und die Reichweite, die Piloten erwarten.<\/p>\n<p>Die RP-Serie wurde auf Basis der ESP8285 MCU und des SX1280IMLTRT RF-Chips entwickelt und bietet 2,4 GHz RF Lora- und FLRC-Verbindungen, die eine unglaubliche Reichweite und geringe Latenz aufweisen. Mit dem eingebauten Wifi k\u00f6nnen FW-Updates auf Ihrem Schiff durchgef\u00fchrt werden, ohne dass der Empf\u00e4nger entfernt werden muss. Das Pairing kann mit einer Pairing-Phrase durchgef\u00fchrt werden, was bedeutet, dass es keine Pairing-Steckdosen oder komplizierte Tastendr\u00fccke mehr gibt, wenn man versucht, den Akku anzuschlie\u00dfen.<\/p>\n<p>Die RP-Empf\u00e4ngerserie ist klein in der Gr\u00f6\u00dfe, aber gro\u00df in den Funktionen und der Reichweite.<\/p>\n<p><strong>Was ist neu im RP1<\/strong><br \/>\n\u2605 Ein verbessertes PCB-Design sorgt f\u00fcr eine bessere W\u00e4rmeableitung.<br \/>\n\u2605 Starre Antenne f\u00fcr erh\u00f6hte Haltbarkeit und Leistung.<br \/>\n\u2605 Die Schwei\u00dfpads wurden verbessert und sind nun leichter zu schwei\u00dfen.<br \/>\n\u2605 LED auf der Oberseite der Platine.<\/p>\n<p><strong>Spezifikationen:<\/strong><br \/>\nArtikelbezeichnung: RP1 Nano<br \/>\nEmpf\u00e4ngertyp: ISM<br \/>\nESP8285 MCU<br \/>\nSX1280IMLTRT RF-Modul<br \/>\nAntenne: 65 mm 2,4 ghz T-Antenne<br \/>\nFrequenzbereich: 2400 MHz bis 2480 MHz<br \/>\nMaximale empfangbare Bildwiederholfrequenz: 500 Hz\/F1000 Hz<br \/>\nMindestaktualisierungsfrequenz des Empf\u00e4ngers: 25 Hz<br \/>\nBetriebsspannung: 5 V<br \/>\nGewicht: 0,53 g (ohne Antenne)<br \/>\nAbmessungen: 13 mm * 11 mm * 3 mm<br \/>\nTCXO: Ja<\/p>\n<p>Erfahren Sie mehr \u00fcber ExpressLRS<br \/>\nhttps:\/\/www.expresslrs.org\/<\/p>\n<p><img decoding=\"async\" class=\"\" src=\"https:\/\/ueeshop.ly200-cdn.com\/u_file\/UPAX\/UPAX406\/2308\/23\/photo\/RP1-V2-1000X1000-1-43fc.jpg?x-oss-process=image\/format,webp\"><img decoding=\"async\" class=\"\" src=\"https:\/\/ueeshop.ly200-cdn.com\/u_file\/UPAX\/UPAX406\/2308\/23\/photo\/RP-V2-Detail-Page-EN-PC-Shared-ede5.jpg?x-oss-process=image\/format,webp\"><\/p>\n<p>Anmerkungen:<br \/>\nELRS (Standard) ist mit ExpressLRS ISM FW vorinstalliert (maximale Leistung ist hardwareabh\u00e4ngig).<br \/>\n&#8212;-<br \/>\nDie Version ELRS LBT (Europa) ist mit ExpressLRS CE EU domain LBT FW vorinstalliert (Ausgangsleistung auf 100 mw begrenzt).<\/p>\n<\/div>\n<\/li>\n<\/ul>\n","protected":false},"excerpt":{"rendered":"<p>RadioMaster &#8211; RP1 2.4ghz ExpressLRS ELRS Nano-Empf\u00e4nger V2 &nbsp; BESCHREIBUNG Bei der Entwicklung der RadioMaster RP-Empf\u00e4ngerserie standen Gr\u00f6\u00dfe, Benutzerfreundlichkeit und Reichweite im Vordergrund. Mit der quelloffenen ExpressLRS 2,4-GHz-Firmware bietet die<\/p>\n","protected":false},"featured_media":236651,"comment_status":"open","ping_status":"closed","template":"","meta":{"_joinchat":[]},"pwb-brand":[3577],"product_cat":[2665,2672],"product_tag":[],"class_list":{"0":"post-236657","1":"product","2":"type-product","3":"status-publish","4":"has-post-thumbnail","6":"pwb-brand-radiomaster","7":"product_cat-rundfunkveranstalter","8":"product_cat-rx-empfanger","10":"first","11":"instock","12":"sale","13":"taxable","14":"shipping-taxable","15":"purchasable","16":"product-type-simple"},"barcode":null,"atum_controlled":true,"out_stock_date":null,"out_stock_threshold":null,"inheritable":false,"stock_on_hold":0,"sold_today":0,"sales_last_days":1,"out_stock_days":0,"lost_sales":0,"update_date":"2026-04-06T13:25:28","atum_locations":[],"atum_stock_status":"instock","restock_status":false,"low_stock_amount":"","sales_update_date":"2026-04-06T13:25:28","calc_backorders":null,"yoast_head":"<!-- This site is optimized with the Yoast SEO plugin v27.3 - https:\/\/yoast.com\/product\/yoast-seo-wordpress\/ -->\n<title>RadioMaster - RP1 2.4ghz ExpressLRS ELRS Nano-Empf\u00e4nger V2 - Iha Race<\/title>\n<meta name=\"robots\" content=\"index, follow, max-snippet:-1, max-image-preview:large, max-video-preview:-1\" \/>\n<link rel=\"canonical\" href=\"https:\/\/iha-race.com\/de\/producto\/radiomaster-rp1-2-4-ghz-expresslrs-elrs-nano-empfanger-v2\/\" \/>\n<meta property=\"og:locale\" content=\"de_DE\" \/>\n<meta property=\"og:type\" content=\"article\" \/>\n<meta property=\"og:title\" content=\"RadioMaster - RP1 2.4ghz ExpressLRS ELRS Nano-Empf\u00e4nger V2 - Iha Race\" \/>\n<meta property=\"og:description\" content=\"RadioMaster &#8211; RP1 2.4ghz ExpressLRS ELRS Nano-Empf\u00e4nger V2 &nbsp; BESCHREIBUNG Bei der Entwicklung der RadioMaster RP-Empf\u00e4ngerserie standen Gr\u00f6\u00dfe, Benutzerfreundlichkeit und Reichweite im Vordergrund. Mit der quelloffenen ExpressLRS 2,4-GHz-Firmware bietet die\" \/>\n<meta property=\"og:url\" content=\"https:\/\/iha-race.com\/de\/producto\/radiomaster-rp1-2-4-ghz-expresslrs-elrs-nano-empfanger-v2\/\" \/>\n<meta property=\"og:site_name\" content=\"Iha Race\" \/>\n<meta property=\"article:modified_time\" content=\"2025-08-03T18:53:37+00:00\" \/>\n<meta property=\"og:image\" content=\"https:\/\/iha-race.com\/wp-content\/uploads\/2023\/09\/RP1-V2-1000X1000-1-43fc.webp\" \/>\n\t<meta property=\"og:image:width\" content=\"1000\" \/>\n\t<meta property=\"og:image:height\" content=\"1000\" \/>\n\t<meta property=\"og:image:type\" content=\"image\/webp\" \/>\n<meta name=\"twitter:card\" content=\"summary_large_image\" \/>\n<meta name=\"twitter:label1\" content=\"Gesch\u00e4tzte Lesezeit\" \/>\n\t<meta name=\"twitter:data1\" content=\"1\u00a0Minute\" \/>\n<script type=\"application\/ld+json\" class=\"yoast-schema-graph\">{\"@context\":\"https:\\\/\\\/schema.org\",\"@graph\":[{\"@type\":\"WebPage\",\"@id\":\"https:\\\/\\\/iha-race.com\\\/de\\\/producto\\\/radiomaster-rp1-2-4-ghz-expresslrs-elrs-nano-empfanger-v2\\\/\",\"url\":\"https:\\\/\\\/iha-race.com\\\/de\\\/producto\\\/radiomaster-rp1-2-4-ghz-expresslrs-elrs-nano-empfanger-v2\\\/\",\"name\":\"RadioMaster - RP1 2.4ghz ExpressLRS ELRS Nano-Empf\u00e4nger V2 - Iha Race\",\"isPartOf\":{\"@id\":\"https:\\\/\\\/iha-race.com\\\/de\\\/#website\"},\"primaryImageOfPage\":{\"@id\":\"https:\\\/\\\/iha-race.com\\\/de\\\/producto\\\/radiomaster-rp1-2-4-ghz-expresslrs-elrs-nano-empfanger-v2\\\/#primaryimage\"},\"image\":{\"@id\":\"https:\\\/\\\/iha-race.com\\\/de\\\/producto\\\/radiomaster-rp1-2-4-ghz-expresslrs-elrs-nano-empfanger-v2\\\/#primaryimage\"},\"thumbnailUrl\":\"https:\\\/\\\/iha-race.com\\\/wp-content\\\/uploads\\\/2023\\\/09\\\/RP1-V2-1000X1000-1-43fc.webp\",\"datePublished\":\"2023-09-08T11:28:20+00:00\",\"dateModified\":\"2025-08-03T18:53:37+00:00\",\"breadcrumb\":{\"@id\":\"https:\\\/\\\/iha-race.com\\\/de\\\/producto\\\/radiomaster-rp1-2-4-ghz-expresslrs-elrs-nano-empfanger-v2\\\/#breadcrumb\"},\"inLanguage\":\"de\",\"potentialAction\":[{\"@type\":\"ReadAction\",\"target\":[\"https:\\\/\\\/iha-race.com\\\/de\\\/producto\\\/radiomaster-rp1-2-4-ghz-expresslrs-elrs-nano-empfanger-v2\\\/\"]}]},{\"@type\":\"ImageObject\",\"inLanguage\":\"de\",\"@id\":\"https:\\\/\\\/iha-race.com\\\/de\\\/producto\\\/radiomaster-rp1-2-4-ghz-expresslrs-elrs-nano-empfanger-v2\\\/#primaryimage\",\"url\":\"https:\\\/\\\/iha-race.com\\\/wp-content\\\/uploads\\\/2023\\\/09\\\/RP1-V2-1000X1000-1-43fc.webp\",\"contentUrl\":\"https:\\\/\\\/iha-race.com\\\/wp-content\\\/uploads\\\/2023\\\/09\\\/RP1-V2-1000X1000-1-43fc.webp\",\"width\":1000,\"height\":1000,\"caption\":\"Comprar RadioMaster - RP1 2.4ghz ExpressLRS ELRS Nano Receptor V2\"},{\"@type\":\"BreadcrumbList\",\"@id\":\"https:\\\/\\\/iha-race.com\\\/de\\\/producto\\\/radiomaster-rp1-2-4-ghz-expresslrs-elrs-nano-empfanger-v2\\\/#breadcrumb\",\"itemListElement\":[{\"@type\":\"ListItem\",\"position\":1,\"name\":\"Portada\",\"item\":\"https:\\\/\\\/iha-race.com\\\/de\\\/elementor-499\\\/\"},{\"@type\":\"ListItem\",\"position\":2,\"name\":\"Shop\",\"item\":\"https:\\\/\\\/iha-race.com\\\/de\\\/shop\\\/\"},{\"@type\":\"ListItem\",\"position\":3,\"name\":\"RadioMaster &#8211; RP1 2.4ghz ExpressLRS ELRS Nano-Empf\u00e4nger V2\"}]},{\"@type\":\"WebSite\",\"@id\":\"https:\\\/\\\/iha-race.com\\\/de\\\/#website\",\"url\":\"https:\\\/\\\/iha-race.com\\\/de\\\/\",\"name\":\"Iha Race\",\"description\":\"Comprar drones de carreras FPV env\u00edos en un d\u00eda desde Espa\u00f1a\",\"publisher\":{\"@id\":\"https:\\\/\\\/iha-race.com\\\/de\\\/#organization\"},\"potentialAction\":[{\"@type\":\"SearchAction\",\"target\":{\"@type\":\"EntryPoint\",\"urlTemplate\":\"https:\\\/\\\/iha-race.com\\\/de\\\/?s={search_term_string}\"},\"query-input\":{\"@type\":\"PropertyValueSpecification\",\"valueRequired\":true,\"valueName\":\"search_term_string\"}}],\"inLanguage\":\"de\"},{\"@type\":\"Organization\",\"@id\":\"https:\\\/\\\/iha-race.com\\\/de\\\/#organization\",\"name\":\"Iha Race\",\"url\":\"https:\\\/\\\/iha-race.com\\\/de\\\/\",\"logo\":{\"@type\":\"ImageObject\",\"inLanguage\":\"de\",\"@id\":\"https:\\\/\\\/iha-race.com\\\/de\\\/#\\\/schema\\\/logo\\\/image\\\/\",\"url\":\"https:\\\/\\\/iha-race.com\\\/wp-content\\\/uploads\\\/2018\\\/07\\\/iha-race-drones-de-carreras-tienda-comprar-drones.png\",\"contentUrl\":\"https:\\\/\\\/iha-race.com\\\/wp-content\\\/uploads\\\/2018\\\/07\\\/iha-race-drones-de-carreras-tienda-comprar-drones.png\",\"width\":300,\"height\":100,\"caption\":\"Iha Race\"},\"image\":{\"@id\":\"https:\\\/\\\/iha-race.com\\\/de\\\/#\\\/schema\\\/logo\\\/image\\\/\"}}]}<\/script>\n<!-- \/ Yoast SEO plugin. -->","yoast_head_json":{"title":"RadioMaster - RP1 2.4ghz ExpressLRS ELRS Nano-Empf\u00e4nger V2 - Iha Race","robots":{"index":"index","follow":"follow","max-snippet":"max-snippet:-1","max-image-preview":"max-image-preview:large","max-video-preview":"max-video-preview:-1"},"canonical":"https:\/\/iha-race.com\/de\/producto\/radiomaster-rp1-2-4-ghz-expresslrs-elrs-nano-empfanger-v2\/","og_locale":"de_DE","og_type":"article","og_title":"RadioMaster - RP1 2.4ghz ExpressLRS ELRS Nano-Empf\u00e4nger V2 - Iha Race","og_description":"RadioMaster &#8211; RP1 2.4ghz ExpressLRS ELRS Nano-Empf\u00e4nger V2 &nbsp; BESCHREIBUNG Bei der Entwicklung der RadioMaster RP-Empf\u00e4ngerserie standen Gr\u00f6\u00dfe, Benutzerfreundlichkeit und Reichweite im Vordergrund. Mit der quelloffenen ExpressLRS 2,4-GHz-Firmware bietet die","og_url":"https:\/\/iha-race.com\/de\/producto\/radiomaster-rp1-2-4-ghz-expresslrs-elrs-nano-empfanger-v2\/","og_site_name":"Iha Race","article_modified_time":"2025-08-03T18:53:37+00:00","og_image":[{"width":1000,"height":1000,"url":"https:\/\/iha-race.com\/wp-content\/uploads\/2023\/09\/RP1-V2-1000X1000-1-43fc.webp","type":"image\/webp"}],"twitter_card":"summary_large_image","twitter_misc":{"Gesch\u00e4tzte Lesezeit":"1\u00a0Minute"},"schema":{"@context":"https:\/\/schema.org","@graph":[{"@type":"WebPage","@id":"https:\/\/iha-race.com\/de\/producto\/radiomaster-rp1-2-4-ghz-expresslrs-elrs-nano-empfanger-v2\/","url":"https:\/\/iha-race.com\/de\/producto\/radiomaster-rp1-2-4-ghz-expresslrs-elrs-nano-empfanger-v2\/","name":"RadioMaster - RP1 2.4ghz ExpressLRS ELRS Nano-Empf\u00e4nger V2 - Iha Race","isPartOf":{"@id":"https:\/\/iha-race.com\/de\/#website"},"primaryImageOfPage":{"@id":"https:\/\/iha-race.com\/de\/producto\/radiomaster-rp1-2-4-ghz-expresslrs-elrs-nano-empfanger-v2\/#primaryimage"},"image":{"@id":"https:\/\/iha-race.com\/de\/producto\/radiomaster-rp1-2-4-ghz-expresslrs-elrs-nano-empfanger-v2\/#primaryimage"},"thumbnailUrl":"https:\/\/iha-race.com\/wp-content\/uploads\/2023\/09\/RP1-V2-1000X1000-1-43fc.webp","datePublished":"2023-09-08T11:28:20+00:00","dateModified":"2025-08-03T18:53:37+00:00","breadcrumb":{"@id":"https:\/\/iha-race.com\/de\/producto\/radiomaster-rp1-2-4-ghz-expresslrs-elrs-nano-empfanger-v2\/#breadcrumb"},"inLanguage":"de","potentialAction":[{"@type":"ReadAction","target":["https:\/\/iha-race.com\/de\/producto\/radiomaster-rp1-2-4-ghz-expresslrs-elrs-nano-empfanger-v2\/"]}]},{"@type":"ImageObject","inLanguage":"de","@id":"https:\/\/iha-race.com\/de\/producto\/radiomaster-rp1-2-4-ghz-expresslrs-elrs-nano-empfanger-v2\/#primaryimage","url":"https:\/\/iha-race.com\/wp-content\/uploads\/2023\/09\/RP1-V2-1000X1000-1-43fc.webp","contentUrl":"https:\/\/iha-race.com\/wp-content\/uploads\/2023\/09\/RP1-V2-1000X1000-1-43fc.webp","width":1000,"height":1000,"caption":"Comprar RadioMaster - RP1 2.4ghz ExpressLRS ELRS Nano Receptor V2"},{"@type":"BreadcrumbList","@id":"https:\/\/iha-race.com\/de\/producto\/radiomaster-rp1-2-4-ghz-expresslrs-elrs-nano-empfanger-v2\/#breadcrumb","itemListElement":[{"@type":"ListItem","position":1,"name":"Portada","item":"https:\/\/iha-race.com\/de\/elementor-499\/"},{"@type":"ListItem","position":2,"name":"Shop","item":"https:\/\/iha-race.com\/de\/shop\/"},{"@type":"ListItem","position":3,"name":"RadioMaster &#8211; RP1 2.4ghz ExpressLRS ELRS Nano-Empf\u00e4nger V2"}]},{"@type":"WebSite","@id":"https:\/\/iha-race.com\/de\/#website","url":"https:\/\/iha-race.com\/de\/","name":"Iha Race","description":"Comprar drones de carreras FPV env\u00edos en un d\u00eda desde Espa\u00f1a","publisher":{"@id":"https:\/\/iha-race.com\/de\/#organization"},"potentialAction":[{"@type":"SearchAction","target":{"@type":"EntryPoint","urlTemplate":"https:\/\/iha-race.com\/de\/?s={search_term_string}"},"query-input":{"@type":"PropertyValueSpecification","valueRequired":true,"valueName":"search_term_string"}}],"inLanguage":"de"},{"@type":"Organization","@id":"https:\/\/iha-race.com\/de\/#organization","name":"Iha Race","url":"https:\/\/iha-race.com\/de\/","logo":{"@type":"ImageObject","inLanguage":"de","@id":"https:\/\/iha-race.com\/de\/#\/schema\/logo\/image\/","url":"https:\/\/iha-race.com\/wp-content\/uploads\/2018\/07\/iha-race-drones-de-carreras-tienda-comprar-drones.png","contentUrl":"https:\/\/iha-race.com\/wp-content\/uploads\/2018\/07\/iha-race-drones-de-carreras-tienda-comprar-drones.png","width":300,"height":100,"caption":"Iha Race"},"image":{"@id":"https:\/\/iha-race.com\/de\/#\/schema\/logo\/image\/"}}]}},"brands":[{"id":3577,"name":"RADIOMASTER","slug":"radiomaster"}],"_links":{"self":[{"href":"https:\/\/iha-race.com\/de\/wp-json\/wp\/v2\/product\/236657","targetHints":{"allow":["GET"]}}],"collection":[{"href":"https:\/\/iha-race.com\/de\/wp-json\/wp\/v2\/product"}],"about":[{"href":"https:\/\/iha-race.com\/de\/wp-json\/wp\/v2\/types\/product"}],"replies":[{"embeddable":true,"href":"https:\/\/iha-race.com\/de\/wp-json\/wp\/v2\/comments?post=236657"}],"version-history":[{"count":1,"href":"https:\/\/iha-race.com\/de\/wp-json\/wp\/v2\/product\/236657\/revisions"}],"predecessor-version":[{"id":236989,"href":"https:\/\/iha-race.com\/de\/wp-json\/wp\/v2\/product\/236657\/revisions\/236989"}],"wp:featuredmedia":[{"embeddable":true,"href":"https:\/\/iha-race.com\/de\/wp-json\/wp\/v2\/media\/236651"}],"wp:attachment":[{"href":"https:\/\/iha-race.com\/de\/wp-json\/wp\/v2\/media?parent=236657"}],"wp:term":[{"taxonomy":"pwb-brand","embeddable":true,"href":"https:\/\/iha-race.com\/de\/wp-json\/wp\/v2\/pwb-brand?post=236657"},{"taxonomy":"product_cat","embeddable":true,"href":"https:\/\/iha-race.com\/de\/wp-json\/wp\/v2\/product_cat?post=236657"},{"taxonomy":"product_tag","embeddable":true,"href":"https:\/\/iha-race.com\/de\/wp-json\/wp\/v2\/product_tag?post=236657"}],"curies":[{"name":"wp","href":"https:\/\/api.w.org\/{rel}","templated":true}]}}