{"id":236013,"date":"2023-08-15T19:59:46","date_gmt":"2023-08-15T17:59:46","guid":{"rendered":"https:\/\/iha-race.com\/producto\/turbo-racing-c82-176-rc-off-road-truck-rtr\/"},"modified":"2025-01-02T11:28:20","modified_gmt":"2025-01-02T10:28:20","slug":"turbo-racing-c82-176-rc-truck-all-terrain-rtr","status":"publish","type":"product","link":"https:\/\/iha-race.com\/de\/producto\/turbo-racing-c82-176-rc-truck-all-terrain-rtr\/","title":{"rendered":"Turbo Racing &#8211; C82 1:76 RC Off-Road Truck RTR"},"content":{"rendered":"<h2><span data-sheets-value=\"{\"1\":2,\"2\":\"Turbo Racing - C82 1:76 RC Cami\u00f3n todoterreno RTR\"}\" data-sheets-userformat=\"{\"2\":8833,\"3\":{\"1\":0},\"10\":2,\"12\":0,\"16\":12}\">Turbo Racing &#8211; C82 1:76 RC Off-Road Truck RTR<\/span><\/h2>\n<div class=\"visual_plugins_container\" data-type=\"product_description\" data-mode=\"mode_2\" data-location=\"3\">\n<div class=\"default_products_detail ly_descriotion_2\" data-visual-id=\"3930\">\n<div class=\"wide\">\n<div class=\"products_detail_box\">\n<div class=\"detail_description\">\n<div class=\"editor_txt ck-content themes_text_content\"><img decoding=\"async\" class=\"img_loading\" src=\"https:\/\/ueeshop.ly200-cdn.com\/u_file\/UPAX\/UPAX406\/2303\/10\/photo\/-01-3056.jpg?x-oss-process=image\/format,webp\"><img decoding=\"async\" class=\"img_loading\" src=\"https:\/\/ueeshop.ly200-cdn.com\/u_file\/UPAX\/UPAX406\/2303\/10\/photo\/-02-f200.jpg?x-oss-process=image\/format,webp\"><img decoding=\"async\" class=\"img_loading\" src=\"https:\/\/ueeshop.ly200-cdn.com\/u_file\/UPAX\/UPAX406\/2303\/10\/photo\/-03-12f8.jpg?x-oss-process=image\/format,webp\"><img decoding=\"async\" class=\"img_loading\" src=\"https:\/\/ueeshop.ly200-cdn.com\/u_file\/UPAX\/UPAX406\/2303\/10\/photo\/-04-7c5c.jpg?x-oss-process=image\/format,webp\"><img decoding=\"async\" class=\"img_loading\" src=\"https:\/\/ueeshop.ly200-cdn.com\/u_file\/UPAX\/UPAX406\/2303\/10\/photo\/-05-bc64.jpg?x-oss-process=image\/format,webp\"><img decoding=\"async\" class=\"img_loading\" src=\"https:\/\/ueeshop.ly200-cdn.com\/u_file\/UPAX\/UPAX406\/2303\/10\/photo\/-06-0c64.jpg?x-oss-process=image\/format,webp\"><img decoding=\"async\" class=\"img_loading\" src=\"https:\/\/ueeshop.ly200-cdn.com\/u_file\/UPAX\/UPAX406\/2303\/10\/photo\/-07-7d0e.jpg?x-oss-process=image\/format,webp\"><img decoding=\"async\" class=\"img_loading\" src=\"https:\/\/ueeshop.ly200-cdn.com\/u_file\/UPAX\/UPAX406\/2303\/10\/photo\/-08-b046.jpg?x-oss-process=image\/format,webp\"><img decoding=\"async\" class=\"img_loading\" src=\"https:\/\/ueeshop.ly200-cdn.com\/u_file\/UPAX\/UPAX406\/2303\/10\/photo\/-09-e8c9.jpg?x-oss-process=image\/format,webp\"><img decoding=\"async\" class=\"img_loading\" src=\"https:\/\/ueeshop.ly200-cdn.com\/u_file\/UPAX\/UPAX406\/2303\/10\/photo\/-10-2294.jpg?x-oss-process=image\/format,webp\"><img decoding=\"async\" class=\"img_loading\" src=\"https:\/\/ueeshop.ly200-cdn.com\/u_file\/UPAX\/UPAX406\/2303\/10\/photo\/-11-df5b.jpg?x-oss-process=image\/format,webp\"><img decoding=\"async\" class=\"img_loading\" src=\"https:\/\/ueeshop.ly200-cdn.com\/u_file\/UPAX\/UPAX406\/2303\/10\/photo\/-12-3fa7.jpg?x-oss-process=image\/format,webp\"><img decoding=\"async\" class=\"img_loading\" src=\"https:\/\/ueeshop.ly200-cdn.com\/u_file\/UPAX\/UPAX406\/2303\/10\/photo\/-13-965d.jpg?x-oss-process=image\/format,webp\"><img decoding=\"async\" class=\"img_loading\" src=\"https:\/\/ueeshop.ly200-cdn.com\/u_file\/UPAX\/UPAX406\/2303\/10\/photo\/-14-1272.jpg?x-oss-process=image\/format,webp\"><img decoding=\"async\" class=\"img_loading\" src=\"https:\/\/ueeshop.ly200-cdn.com\/u_file\/UPAX\/UPAX406\/2303\/10\/photo\/-15-de1c.jpg?x-oss-process=image\/format,webp\"><\/div>\n<div><img decoding=\"async\" class=\"img_loading\" src=\"https:\/\/ueeshop.ly200-cdn.com\/u_file\/UPAX\/UPAX406\/2303\/10\/photo\/-17-12a7.jpg?x-oss-process=image\/format,webp\"><\/div>\n<h2>Eigenschaften<\/h2>\n<\/div>\n<\/div>\n<div>\n<ul>\n<li><span>Ma\u00dfstab: 1:76<\/span><\/li>\n<li><span>Fahrstrecke: 30 m<\/span><\/li>\n<li><span>Fahrzeit: 30 min.<\/span><\/li>\n<li><span>Neigungswinkel: 30\u00b0.<\/span><\/li>\n<li><span>Fahrmodus: 2WD<\/span><\/li>\n<li><span>Proportionale Richtung: proportionale Richtung<\/span><\/li>\n<li><span>Akku-Parameter: 75 mAh<\/span><\/li>\n<li><span>Gr\u00f6\u00dfe: 53,5&#215;40,5&#215;40,5x28MM<\/span><\/li>\n<li><span>Gewicht: 18g<\/span><\/li>\n<\/ul>\n<\/div>\n<div class=\"products_detail_box\">\n<div class=\"detail_description\">\n<h2>Das Paket umfasst<\/h2>\n<div><\/div>\n<div class=\"editor_txt ck-content themes_text_content\"><img decoding=\"async\" class=\"img_loading\" src=\"https:\/\/ueeshop.ly200-cdn.com\/u_file\/UPAX\/UPAX406\/2303\/10\/photo\/-16-1d05.jpg?x-oss-process=image\/format,webp\"><\/div>\n<\/div>\n<\/div>\n<\/div>\n<\/div>\n<\/div>\n<div class=\"visual_plugins_container\" data-type=\"combination_purchase\" data-mode=\"mode_1\" data-location=\"5\">\n<div class=\"default_products_detail default_products_detail1\" data-visual-id=\"3932\"><\/div>\n<\/div>\n<div class=\"visual_plugins_container\" data-type=\"product_maylike\" data-mode=\"mode_1\" data-location=\"6\">\n<div class=\"default_products_detail default_products_detail1\" data-visual-id=\"3933\">\n<div class=\"products_may_like\">\n<div class=\"wide\"><\/div>\n<\/div>\n<\/div>\n<\/div>\n","protected":false},"excerpt":{"rendered":"<p>Turbo Racing &#8211; C82 1:76 RC Off-Road Truck RTR Eigenschaften Ma\u00dfstab: 1:76 Fahrstrecke: 30 m Fahrzeit: 30 min. Neigungswinkel: 30\u00b0. Fahrmodus: 2WD Proportionale Richtung: proportionale Richtung Akku-Parameter: 75 mAh Gr\u00f6\u00dfe:<\/p>\n","protected":false},"featured_media":236005,"comment_status":"open","ping_status":"closed","template":"","meta":{"_joinchat":[]},"pwb-brand":[],"product_cat":[3628,3630],"product_tag":[],"class_list":{"0":"post-236013","1":"product","2":"type-product","3":"status-publish","4":"has-post-thumbnail","6":"product_cat-fpv-rc-autos","7":"product_cat-fpv-autos","9":"first","10":"outofstock","11":"taxable","12":"shipping-taxable","13":"purchasable","14":"product-type-simple"},"barcode":null,"atum_controlled":true,"out_stock_date":"2025-01-02 11:28:21","out_stock_threshold":null,"inheritable":false,"stock_on_hold":0,"sold_today":0,"sales_last_days":0,"out_stock_days":468,"lost_sales":5341,"update_date":"2026-04-16T07:36:33","atum_locations":[],"atum_stock_status":"outofstock","restock_status":false,"low_stock_amount":"","sales_update_date":"2026-04-16T07:36:33","calc_backorders":null,"yoast_head":"<!-- This site is optimized with the Yoast SEO plugin v27.3 - https:\/\/yoast.com\/product\/yoast-seo-wordpress\/ -->\n<title>Turbo Racing - C82 1:76 RC Off-Road Truck RTR - Iha Race<\/title>\n<meta name=\"robots\" content=\"index, follow, max-snippet:-1, max-image-preview:large, max-video-preview:-1\" \/>\n<link rel=\"canonical\" href=\"https:\/\/iha-race.com\/de\/producto\/turbo-racing-c82-176-rc-truck-all-terrain-rtr\/\" \/>\n<meta property=\"og:locale\" content=\"de_DE\" \/>\n<meta property=\"og:type\" content=\"article\" \/>\n<meta property=\"og:title\" content=\"Turbo Racing - C82 1:76 RC Off-Road Truck RTR - Iha Race\" \/>\n<meta property=\"og:description\" content=\"Turbo Racing &#8211; C82 1:76 RC Off-Road Truck RTR Eigenschaften Ma\u00dfstab: 1:76 Fahrstrecke: 30 m Fahrzeit: 30 min. Neigungswinkel: 30\u00b0. Fahrmodus: 2WD Proportionale Richtung: proportionale Richtung Akku-Parameter: 75 mAh Gr\u00f6\u00dfe:\" \/>\n<meta property=\"og:url\" content=\"https:\/\/iha-race.com\/de\/producto\/turbo-racing-c82-176-rc-truck-all-terrain-rtr\/\" \/>\n<meta property=\"og:site_name\" content=\"Iha Race\" \/>\n<meta property=\"article:modified_time\" content=\"2025-01-02T10:28:20+00:00\" \/>\n<meta property=\"og:image\" content=\"https:\/\/iha-race.com\/wp-content\/uploads\/2023\/08\/Turbo-Racing-C82-1-76-RC-Camion-todoterreno-RTR.webp\" \/>\n\t<meta property=\"og:image:width\" content=\"640\" \/>\n\t<meta property=\"og:image:height\" content=\"640\" \/>\n\t<meta property=\"og:image:type\" content=\"image\/webp\" \/>\n<meta name=\"twitter:card\" content=\"summary_large_image\" \/>\n<script type=\"application\/ld+json\" class=\"yoast-schema-graph\">{\"@context\":\"https:\\\/\\\/schema.org\",\"@graph\":[{\"@type\":\"WebPage\",\"@id\":\"https:\\\/\\\/iha-race.com\\\/de\\\/producto\\\/turbo-racing-c82-176-rc-truck-all-terrain-rtr\\\/\",\"url\":\"https:\\\/\\\/iha-race.com\\\/de\\\/producto\\\/turbo-racing-c82-176-rc-truck-all-terrain-rtr\\\/\",\"name\":\"Turbo Racing - C82 1:76 RC Off-Road Truck RTR - Iha Race\",\"isPartOf\":{\"@id\":\"https:\\\/\\\/iha-race.com\\\/de\\\/#website\"},\"primaryImageOfPage\":{\"@id\":\"https:\\\/\\\/iha-race.com\\\/de\\\/producto\\\/turbo-racing-c82-176-rc-truck-all-terrain-rtr\\\/#primaryimage\"},\"image\":{\"@id\":\"https:\\\/\\\/iha-race.com\\\/de\\\/producto\\\/turbo-racing-c82-176-rc-truck-all-terrain-rtr\\\/#primaryimage\"},\"thumbnailUrl\":\"https:\\\/\\\/iha-race.com\\\/wp-content\\\/uploads\\\/2023\\\/08\\\/Turbo-Racing-C82-1-76-RC-Camion-todoterreno-RTR.webp\",\"datePublished\":\"2023-08-15T17:59:46+00:00\",\"dateModified\":\"2025-01-02T10:28:20+00:00\",\"breadcrumb\":{\"@id\":\"https:\\\/\\\/iha-race.com\\\/de\\\/producto\\\/turbo-racing-c82-176-rc-truck-all-terrain-rtr\\\/#breadcrumb\"},\"inLanguage\":\"de\",\"potentialAction\":[{\"@type\":\"ReadAction\",\"target\":[\"https:\\\/\\\/iha-race.com\\\/de\\\/producto\\\/turbo-racing-c82-176-rc-truck-all-terrain-rtr\\\/\"]}]},{\"@type\":\"ImageObject\",\"inLanguage\":\"de\",\"@id\":\"https:\\\/\\\/iha-race.com\\\/de\\\/producto\\\/turbo-racing-c82-176-rc-truck-all-terrain-rtr\\\/#primaryimage\",\"url\":\"https:\\\/\\\/iha-race.com\\\/wp-content\\\/uploads\\\/2023\\\/08\\\/Turbo-Racing-C82-1-76-RC-Camion-todoterreno-RTR.webp\",\"contentUrl\":\"https:\\\/\\\/iha-race.com\\\/wp-content\\\/uploads\\\/2023\\\/08\\\/Turbo-Racing-C82-1-76-RC-Camion-todoterreno-RTR.webp\",\"width\":640,\"height\":640,\"caption\":\"Comprar Turbo Racing - C82 1:76 RC Cami\u00f3n todoterreno RTR\"},{\"@type\":\"BreadcrumbList\",\"@id\":\"https:\\\/\\\/iha-race.com\\\/de\\\/producto\\\/turbo-racing-c82-176-rc-truck-all-terrain-rtr\\\/#breadcrumb\",\"itemListElement\":[{\"@type\":\"ListItem\",\"position\":1,\"name\":\"Portada\",\"item\":\"https:\\\/\\\/iha-race.com\\\/de\\\/elementor-499\\\/\"},{\"@type\":\"ListItem\",\"position\":2,\"name\":\"Shop\",\"item\":\"https:\\\/\\\/iha-race.com\\\/de\\\/shop\\\/\"},{\"@type\":\"ListItem\",\"position\":3,\"name\":\"Turbo Racing &#8211; C82 1:76 RC Off-Road Truck RTR\"}]},{\"@type\":\"WebSite\",\"@id\":\"https:\\\/\\\/iha-race.com\\\/de\\\/#website\",\"url\":\"https:\\\/\\\/iha-race.com\\\/de\\\/\",\"name\":\"Iha Race\",\"description\":\"Comprar drones de carreras FPV env\u00edos en un d\u00eda desde Espa\u00f1a\",\"publisher\":{\"@id\":\"https:\\\/\\\/iha-race.com\\\/de\\\/#organization\"},\"potentialAction\":[{\"@type\":\"SearchAction\",\"target\":{\"@type\":\"EntryPoint\",\"urlTemplate\":\"https:\\\/\\\/iha-race.com\\\/de\\\/?s={search_term_string}\"},\"query-input\":{\"@type\":\"PropertyValueSpecification\",\"valueRequired\":true,\"valueName\":\"search_term_string\"}}],\"inLanguage\":\"de\"},{\"@type\":\"Organization\",\"@id\":\"https:\\\/\\\/iha-race.com\\\/de\\\/#organization\",\"name\":\"Iha Race\",\"url\":\"https:\\\/\\\/iha-race.com\\\/de\\\/\",\"logo\":{\"@type\":\"ImageObject\",\"inLanguage\":\"de\",\"@id\":\"https:\\\/\\\/iha-race.com\\\/de\\\/#\\\/schema\\\/logo\\\/image\\\/\",\"url\":\"https:\\\/\\\/iha-race.com\\\/wp-content\\\/uploads\\\/2018\\\/07\\\/iha-race-drones-de-carreras-tienda-comprar-drones.png\",\"contentUrl\":\"https:\\\/\\\/iha-race.com\\\/wp-content\\\/uploads\\\/2018\\\/07\\\/iha-race-drones-de-carreras-tienda-comprar-drones.png\",\"width\":300,\"height\":100,\"caption\":\"Iha Race\"},\"image\":{\"@id\":\"https:\\\/\\\/iha-race.com\\\/de\\\/#\\\/schema\\\/logo\\\/image\\\/\"}}]}<\/script>\n<!-- \/ Yoast SEO plugin. -->","yoast_head_json":{"title":"Turbo Racing - C82 1:76 RC Off-Road Truck RTR - Iha Race","robots":{"index":"index","follow":"follow","max-snippet":"max-snippet:-1","max-image-preview":"max-image-preview:large","max-video-preview":"max-video-preview:-1"},"canonical":"https:\/\/iha-race.com\/de\/producto\/turbo-racing-c82-176-rc-truck-all-terrain-rtr\/","og_locale":"de_DE","og_type":"article","og_title":"Turbo Racing - C82 1:76 RC Off-Road Truck RTR - Iha Race","og_description":"Turbo Racing &#8211; C82 1:76 RC Off-Road Truck RTR Eigenschaften Ma\u00dfstab: 1:76 Fahrstrecke: 30 m Fahrzeit: 30 min. Neigungswinkel: 30\u00b0. Fahrmodus: 2WD Proportionale Richtung: proportionale Richtung Akku-Parameter: 75 mAh Gr\u00f6\u00dfe:","og_url":"https:\/\/iha-race.com\/de\/producto\/turbo-racing-c82-176-rc-truck-all-terrain-rtr\/","og_site_name":"Iha Race","article_modified_time":"2025-01-02T10:28:20+00:00","og_image":[{"width":640,"height":640,"url":"https:\/\/iha-race.com\/wp-content\/uploads\/2023\/08\/Turbo-Racing-C82-1-76-RC-Camion-todoterreno-RTR.webp","type":"image\/webp"}],"twitter_card":"summary_large_image","schema":{"@context":"https:\/\/schema.org","@graph":[{"@type":"WebPage","@id":"https:\/\/iha-race.com\/de\/producto\/turbo-racing-c82-176-rc-truck-all-terrain-rtr\/","url":"https:\/\/iha-race.com\/de\/producto\/turbo-racing-c82-176-rc-truck-all-terrain-rtr\/","name":"Turbo Racing - C82 1:76 RC Off-Road Truck RTR - Iha Race","isPartOf":{"@id":"https:\/\/iha-race.com\/de\/#website"},"primaryImageOfPage":{"@id":"https:\/\/iha-race.com\/de\/producto\/turbo-racing-c82-176-rc-truck-all-terrain-rtr\/#primaryimage"},"image":{"@id":"https:\/\/iha-race.com\/de\/producto\/turbo-racing-c82-176-rc-truck-all-terrain-rtr\/#primaryimage"},"thumbnailUrl":"https:\/\/iha-race.com\/wp-content\/uploads\/2023\/08\/Turbo-Racing-C82-1-76-RC-Camion-todoterreno-RTR.webp","datePublished":"2023-08-15T17:59:46+00:00","dateModified":"2025-01-02T10:28:20+00:00","breadcrumb":{"@id":"https:\/\/iha-race.com\/de\/producto\/turbo-racing-c82-176-rc-truck-all-terrain-rtr\/#breadcrumb"},"inLanguage":"de","potentialAction":[{"@type":"ReadAction","target":["https:\/\/iha-race.com\/de\/producto\/turbo-racing-c82-176-rc-truck-all-terrain-rtr\/"]}]},{"@type":"ImageObject","inLanguage":"de","@id":"https:\/\/iha-race.com\/de\/producto\/turbo-racing-c82-176-rc-truck-all-terrain-rtr\/#primaryimage","url":"https:\/\/iha-race.com\/wp-content\/uploads\/2023\/08\/Turbo-Racing-C82-1-76-RC-Camion-todoterreno-RTR.webp","contentUrl":"https:\/\/iha-race.com\/wp-content\/uploads\/2023\/08\/Turbo-Racing-C82-1-76-RC-Camion-todoterreno-RTR.webp","width":640,"height":640,"caption":"Comprar Turbo Racing - C82 1:76 RC Cami\u00f3n todoterreno RTR"},{"@type":"BreadcrumbList","@id":"https:\/\/iha-race.com\/de\/producto\/turbo-racing-c82-176-rc-truck-all-terrain-rtr\/#breadcrumb","itemListElement":[{"@type":"ListItem","position":1,"name":"Portada","item":"https:\/\/iha-race.com\/de\/elementor-499\/"},{"@type":"ListItem","position":2,"name":"Shop","item":"https:\/\/iha-race.com\/de\/shop\/"},{"@type":"ListItem","position":3,"name":"Turbo Racing &#8211; C82 1:76 RC Off-Road Truck RTR"}]},{"@type":"WebSite","@id":"https:\/\/iha-race.com\/de\/#website","url":"https:\/\/iha-race.com\/de\/","name":"Iha Race","description":"Comprar drones de carreras FPV env\u00edos en un d\u00eda desde Espa\u00f1a","publisher":{"@id":"https:\/\/iha-race.com\/de\/#organization"},"potentialAction":[{"@type":"SearchAction","target":{"@type":"EntryPoint","urlTemplate":"https:\/\/iha-race.com\/de\/?s={search_term_string}"},"query-input":{"@type":"PropertyValueSpecification","valueRequired":true,"valueName":"search_term_string"}}],"inLanguage":"de"},{"@type":"Organization","@id":"https:\/\/iha-race.com\/de\/#organization","name":"Iha Race","url":"https:\/\/iha-race.com\/de\/","logo":{"@type":"ImageObject","inLanguage":"de","@id":"https:\/\/iha-race.com\/de\/#\/schema\/logo\/image\/","url":"https:\/\/iha-race.com\/wp-content\/uploads\/2018\/07\/iha-race-drones-de-carreras-tienda-comprar-drones.png","contentUrl":"https:\/\/iha-race.com\/wp-content\/uploads\/2018\/07\/iha-race-drones-de-carreras-tienda-comprar-drones.png","width":300,"height":100,"caption":"Iha Race"},"image":{"@id":"https:\/\/iha-race.com\/de\/#\/schema\/logo\/image\/"}}]}},"brands":[],"_links":{"self":[{"href":"https:\/\/iha-race.com\/de\/wp-json\/wp\/v2\/product\/236013","targetHints":{"allow":["GET"]}}],"collection":[{"href":"https:\/\/iha-race.com\/de\/wp-json\/wp\/v2\/product"}],"about":[{"href":"https:\/\/iha-race.com\/de\/wp-json\/wp\/v2\/types\/product"}],"replies":[{"embeddable":true,"href":"https:\/\/iha-race.com\/de\/wp-json\/wp\/v2\/comments?post=236013"}],"version-history":[{"count":1,"href":"https:\/\/iha-race.com\/de\/wp-json\/wp\/v2\/product\/236013\/revisions"}],"predecessor-version":[{"id":236355,"href":"https:\/\/iha-race.com\/de\/wp-json\/wp\/v2\/product\/236013\/revisions\/236355"}],"wp:featuredmedia":[{"embeddable":true,"href":"https:\/\/iha-race.com\/de\/wp-json\/wp\/v2\/media\/236005"}],"wp:attachment":[{"href":"https:\/\/iha-race.com\/de\/wp-json\/wp\/v2\/media?parent=236013"}],"wp:term":[{"taxonomy":"pwb-brand","embeddable":true,"href":"https:\/\/iha-race.com\/de\/wp-json\/wp\/v2\/pwb-brand?post=236013"},{"taxonomy":"product_cat","embeddable":true,"href":"https:\/\/iha-race.com\/de\/wp-json\/wp\/v2\/product_cat?post=236013"},{"taxonomy":"product_tag","embeddable":true,"href":"https:\/\/iha-race.com\/de\/wp-json\/wp\/v2\/product_tag?post=236013"}],"curies":[{"name":"wp","href":"https:\/\/api.w.org\/{rel}","templated":true}]}}