{"id":234601,"date":"2023-07-10T18:46:35","date_gmt":"2023-07-10T16:46:35","guid":{"rendered":"https:\/\/iha-race.com\/producto\/diatone-snt-3010-164-370z-karosserie-1-stk\/"},"modified":"2024-08-29T11:25:48","modified_gmt":"2024-08-29T09:25:48","slug":"carcasa-para-coche-diatone-snt-3010-164-370z-1ud","status":"publish","type":"product","link":"https:\/\/iha-race.com\/de\/producto\/carcasa-para-coche-diatone-snt-3010-164-370z-1ud\/","title":{"rendered":"Diatone SNT 3010 1:64 370Z Karosserie (1 Stk.)"},"content":{"rendered":"<h2>Diatone SNT 3010 1:64 370Z Karosserie (1 Stk.)<\/h2>\n<ul>\n<li>Gr\u00f6\u00dfe: 75,5 x 30,5 x 24 mm<\/li>\n<li>Nettogewicht: 9 g<\/li>\n<\/ul>\n<h2>Das Paket umfasst<\/h2>\n<ul>\n<li>1 x Autoabdeckung in den Farben blau, gr\u00fcn, orange, orange, transparent<\/li>\n<li>1 x Scheinwerfer<\/li>\n<li>1 x Befestigung<\/li>\n<\/ul>\n","protected":false},"excerpt":{"rendered":"<p>Diatone SNT 3010 1:64 370Z Karosserie (1 Stk.) Gr\u00f6\u00dfe: 75,5 x 30,5 x 24 mm Nettogewicht: 9 g Das Paket umfasst 1 x Autoabdeckung in den Farben blau, gr\u00fcn, orange,<\/p>\n","protected":false},"featured_media":233372,"comment_status":"open","ping_status":"closed","template":"","meta":{"_joinchat":[]},"pwb-brand":[],"product_cat":[3634,3628],"product_tag":[],"class_list":{"0":"post-234601","1":"product","2":"type-product","3":"status-publish","4":"has-post-thumbnail","6":"product_cat-fpv-autoteile","7":"product_cat-fpv-rc-autos","9":"first","10":"instock","11":"taxable","12":"shipping-taxable","13":"purchasable","14":"product-type-variable"},"barcode":null,"atum_controlled":true,"out_stock_date":null,"out_stock_threshold":null,"inheritable":true,"stock_on_hold":0,"sold_today":0,"sales_last_days":1,"out_stock_days":null,"lost_sales":0,"update_date":"2026-02-28T07:13:09","atum_locations":[],"atum_stock_status":"instock","restock_status":false,"low_stock_amount":"","sales_update_date":"2026-02-28T07:13:09","calc_backorders":null,"yoast_head":"<!-- This site is optimized with the Yoast SEO plugin v27.3 - https:\/\/yoast.com\/product\/yoast-seo-wordpress\/ -->\n<title>Diatone SNT 3010 1:64 370Z Karosserie (1 Stk.) - Iha Race<\/title>\n<meta name=\"robots\" content=\"index, follow, max-snippet:-1, max-image-preview:large, max-video-preview:-1\" \/>\n<link rel=\"canonical\" href=\"https:\/\/iha-race.com\/de\/producto\/carcasa-para-coche-diatone-snt-3010-164-370z-1ud\/\" \/>\n<meta property=\"og:locale\" content=\"de_DE\" \/>\n<meta property=\"og:type\" content=\"article\" \/>\n<meta property=\"og:title\" content=\"Diatone SNT 3010 1:64 370Z Karosserie (1 Stk.) - Iha Race\" \/>\n<meta property=\"og:description\" content=\"Diatone SNT 3010 1:64 370Z Karosserie (1 Stk.) Gr\u00f6\u00dfe: 75,5 x 30,5 x 24 mm Nettogewicht: 9 g Das Paket umfasst 1 x Autoabdeckung in den Farben blau, gr\u00fcn, orange,\" \/>\n<meta property=\"og:url\" content=\"https:\/\/iha-race.com\/de\/producto\/carcasa-para-coche-diatone-snt-3010-164-370z-1ud\/\" \/>\n<meta property=\"og:site_name\" content=\"Iha Race\" \/>\n<meta property=\"article:modified_time\" content=\"2024-08-29T09:25:48+00:00\" \/>\n<meta property=\"og:image\" content=\"https:\/\/iha-race.com\/wp-content\/uploads\/2023\/06\/Carcasa-para-coche-Diatone-SNT-3010-164-370Z-1ud-verde.webp\" \/>\n\t<meta property=\"og:image:width\" content=\"600\" \/>\n\t<meta property=\"og:image:height\" content=\"600\" \/>\n\t<meta property=\"og:image:type\" content=\"image\/webp\" \/>\n<meta name=\"twitter:card\" content=\"summary_large_image\" \/>\n<script type=\"application\/ld+json\" class=\"yoast-schema-graph\">{\"@context\":\"https:\\\/\\\/schema.org\",\"@graph\":[{\"@type\":\"WebPage\",\"@id\":\"https:\\\/\\\/iha-race.com\\\/de\\\/producto\\\/carcasa-para-coche-diatone-snt-3010-164-370z-1ud\\\/\",\"url\":\"https:\\\/\\\/iha-race.com\\\/de\\\/producto\\\/carcasa-para-coche-diatone-snt-3010-164-370z-1ud\\\/\",\"name\":\"Diatone SNT 3010 1:64 370Z Karosserie (1 Stk.) - Iha Race\",\"isPartOf\":{\"@id\":\"https:\\\/\\\/iha-race.com\\\/de\\\/#website\"},\"primaryImageOfPage\":{\"@id\":\"https:\\\/\\\/iha-race.com\\\/de\\\/producto\\\/carcasa-para-coche-diatone-snt-3010-164-370z-1ud\\\/#primaryimage\"},\"image\":{\"@id\":\"https:\\\/\\\/iha-race.com\\\/de\\\/producto\\\/carcasa-para-coche-diatone-snt-3010-164-370z-1ud\\\/#primaryimage\"},\"thumbnailUrl\":\"https:\\\/\\\/iha-race.com\\\/wp-content\\\/uploads\\\/2023\\\/06\\\/Carcasa-para-coche-Diatone-SNT-3010-164-370Z-1ud-verde.webp\",\"datePublished\":\"2023-07-10T16:46:35+00:00\",\"dateModified\":\"2024-08-29T09:25:48+00:00\",\"breadcrumb\":{\"@id\":\"https:\\\/\\\/iha-race.com\\\/de\\\/producto\\\/carcasa-para-coche-diatone-snt-3010-164-370z-1ud\\\/#breadcrumb\"},\"inLanguage\":\"de\",\"potentialAction\":[{\"@type\":\"ReadAction\",\"target\":[\"https:\\\/\\\/iha-race.com\\\/de\\\/producto\\\/carcasa-para-coche-diatone-snt-3010-164-370z-1ud\\\/\"]}]},{\"@type\":\"ImageObject\",\"inLanguage\":\"de\",\"@id\":\"https:\\\/\\\/iha-race.com\\\/de\\\/producto\\\/carcasa-para-coche-diatone-snt-3010-164-370z-1ud\\\/#primaryimage\",\"url\":\"https:\\\/\\\/iha-race.com\\\/wp-content\\\/uploads\\\/2023\\\/06\\\/Carcasa-para-coche-Diatone-SNT-3010-164-370Z-1ud-verde.webp\",\"contentUrl\":\"https:\\\/\\\/iha-race.com\\\/wp-content\\\/uploads\\\/2023\\\/06\\\/Carcasa-para-coche-Diatone-SNT-3010-164-370Z-1ud-verde.webp\",\"width\":600,\"height\":600},{\"@type\":\"BreadcrumbList\",\"@id\":\"https:\\\/\\\/iha-race.com\\\/de\\\/producto\\\/carcasa-para-coche-diatone-snt-3010-164-370z-1ud\\\/#breadcrumb\",\"itemListElement\":[{\"@type\":\"ListItem\",\"position\":1,\"name\":\"Portada\",\"item\":\"https:\\\/\\\/iha-race.com\\\/de\\\/elementor-499\\\/\"},{\"@type\":\"ListItem\",\"position\":2,\"name\":\"Shop\",\"item\":\"https:\\\/\\\/iha-race.com\\\/de\\\/shop\\\/\"},{\"@type\":\"ListItem\",\"position\":3,\"name\":\"Diatone SNT 3010 1:64 370Z Karosserie (1 Stk.)\"}]},{\"@type\":\"WebSite\",\"@id\":\"https:\\\/\\\/iha-race.com\\\/de\\\/#website\",\"url\":\"https:\\\/\\\/iha-race.com\\\/de\\\/\",\"name\":\"Iha Race\",\"description\":\"Comprar drones de carreras FPV env\u00edos en un d\u00eda desde Espa\u00f1a\",\"publisher\":{\"@id\":\"https:\\\/\\\/iha-race.com\\\/de\\\/#organization\"},\"potentialAction\":[{\"@type\":\"SearchAction\",\"target\":{\"@type\":\"EntryPoint\",\"urlTemplate\":\"https:\\\/\\\/iha-race.com\\\/de\\\/?s={search_term_string}\"},\"query-input\":{\"@type\":\"PropertyValueSpecification\",\"valueRequired\":true,\"valueName\":\"search_term_string\"}}],\"inLanguage\":\"de\"},{\"@type\":\"Organization\",\"@id\":\"https:\\\/\\\/iha-race.com\\\/de\\\/#organization\",\"name\":\"Iha Race\",\"url\":\"https:\\\/\\\/iha-race.com\\\/de\\\/\",\"logo\":{\"@type\":\"ImageObject\",\"inLanguage\":\"de\",\"@id\":\"https:\\\/\\\/iha-race.com\\\/de\\\/#\\\/schema\\\/logo\\\/image\\\/\",\"url\":\"https:\\\/\\\/iha-race.com\\\/wp-content\\\/uploads\\\/2018\\\/07\\\/iha-race-drones-de-carreras-tienda-comprar-drones.png\",\"contentUrl\":\"https:\\\/\\\/iha-race.com\\\/wp-content\\\/uploads\\\/2018\\\/07\\\/iha-race-drones-de-carreras-tienda-comprar-drones.png\",\"width\":300,\"height\":100,\"caption\":\"Iha Race\"},\"image\":{\"@id\":\"https:\\\/\\\/iha-race.com\\\/de\\\/#\\\/schema\\\/logo\\\/image\\\/\"}}]}<\/script>\n<!-- \/ Yoast SEO plugin. -->","yoast_head_json":{"title":"Diatone SNT 3010 1:64 370Z Karosserie (1 Stk.) - Iha Race","robots":{"index":"index","follow":"follow","max-snippet":"max-snippet:-1","max-image-preview":"max-image-preview:large","max-video-preview":"max-video-preview:-1"},"canonical":"https:\/\/iha-race.com\/de\/producto\/carcasa-para-coche-diatone-snt-3010-164-370z-1ud\/","og_locale":"de_DE","og_type":"article","og_title":"Diatone SNT 3010 1:64 370Z Karosserie (1 Stk.) - Iha Race","og_description":"Diatone SNT 3010 1:64 370Z Karosserie (1 Stk.) Gr\u00f6\u00dfe: 75,5 x 30,5 x 24 mm Nettogewicht: 9 g Das Paket umfasst 1 x Autoabdeckung in den Farben blau, gr\u00fcn, orange,","og_url":"https:\/\/iha-race.com\/de\/producto\/carcasa-para-coche-diatone-snt-3010-164-370z-1ud\/","og_site_name":"Iha Race","article_modified_time":"2024-08-29T09:25:48+00:00","og_image":[{"width":600,"height":600,"url":"https:\/\/iha-race.com\/wp-content\/uploads\/2023\/06\/Carcasa-para-coche-Diatone-SNT-3010-164-370Z-1ud-verde.webp","type":"image\/webp"}],"twitter_card":"summary_large_image","schema":{"@context":"https:\/\/schema.org","@graph":[{"@type":"WebPage","@id":"https:\/\/iha-race.com\/de\/producto\/carcasa-para-coche-diatone-snt-3010-164-370z-1ud\/","url":"https:\/\/iha-race.com\/de\/producto\/carcasa-para-coche-diatone-snt-3010-164-370z-1ud\/","name":"Diatone SNT 3010 1:64 370Z Karosserie (1 Stk.) - Iha Race","isPartOf":{"@id":"https:\/\/iha-race.com\/de\/#website"},"primaryImageOfPage":{"@id":"https:\/\/iha-race.com\/de\/producto\/carcasa-para-coche-diatone-snt-3010-164-370z-1ud\/#primaryimage"},"image":{"@id":"https:\/\/iha-race.com\/de\/producto\/carcasa-para-coche-diatone-snt-3010-164-370z-1ud\/#primaryimage"},"thumbnailUrl":"https:\/\/iha-race.com\/wp-content\/uploads\/2023\/06\/Carcasa-para-coche-Diatone-SNT-3010-164-370Z-1ud-verde.webp","datePublished":"2023-07-10T16:46:35+00:00","dateModified":"2024-08-29T09:25:48+00:00","breadcrumb":{"@id":"https:\/\/iha-race.com\/de\/producto\/carcasa-para-coche-diatone-snt-3010-164-370z-1ud\/#breadcrumb"},"inLanguage":"de","potentialAction":[{"@type":"ReadAction","target":["https:\/\/iha-race.com\/de\/producto\/carcasa-para-coche-diatone-snt-3010-164-370z-1ud\/"]}]},{"@type":"ImageObject","inLanguage":"de","@id":"https:\/\/iha-race.com\/de\/producto\/carcasa-para-coche-diatone-snt-3010-164-370z-1ud\/#primaryimage","url":"https:\/\/iha-race.com\/wp-content\/uploads\/2023\/06\/Carcasa-para-coche-Diatone-SNT-3010-164-370Z-1ud-verde.webp","contentUrl":"https:\/\/iha-race.com\/wp-content\/uploads\/2023\/06\/Carcasa-para-coche-Diatone-SNT-3010-164-370Z-1ud-verde.webp","width":600,"height":600},{"@type":"BreadcrumbList","@id":"https:\/\/iha-race.com\/de\/producto\/carcasa-para-coche-diatone-snt-3010-164-370z-1ud\/#breadcrumb","itemListElement":[{"@type":"ListItem","position":1,"name":"Portada","item":"https:\/\/iha-race.com\/de\/elementor-499\/"},{"@type":"ListItem","position":2,"name":"Shop","item":"https:\/\/iha-race.com\/de\/shop\/"},{"@type":"ListItem","position":3,"name":"Diatone SNT 3010 1:64 370Z Karosserie (1 Stk.)"}]},{"@type":"WebSite","@id":"https:\/\/iha-race.com\/de\/#website","url":"https:\/\/iha-race.com\/de\/","name":"Iha Race","description":"Comprar drones de carreras FPV env\u00edos en un d\u00eda desde Espa\u00f1a","publisher":{"@id":"https:\/\/iha-race.com\/de\/#organization"},"potentialAction":[{"@type":"SearchAction","target":{"@type":"EntryPoint","urlTemplate":"https:\/\/iha-race.com\/de\/?s={search_term_string}"},"query-input":{"@type":"PropertyValueSpecification","valueRequired":true,"valueName":"search_term_string"}}],"inLanguage":"de"},{"@type":"Organization","@id":"https:\/\/iha-race.com\/de\/#organization","name":"Iha Race","url":"https:\/\/iha-race.com\/de\/","logo":{"@type":"ImageObject","inLanguage":"de","@id":"https:\/\/iha-race.com\/de\/#\/schema\/logo\/image\/","url":"https:\/\/iha-race.com\/wp-content\/uploads\/2018\/07\/iha-race-drones-de-carreras-tienda-comprar-drones.png","contentUrl":"https:\/\/iha-race.com\/wp-content\/uploads\/2018\/07\/iha-race-drones-de-carreras-tienda-comprar-drones.png","width":300,"height":100,"caption":"Iha Race"},"image":{"@id":"https:\/\/iha-race.com\/de\/#\/schema\/logo\/image\/"}}]}},"brands":[],"_links":{"self":[{"href":"https:\/\/iha-race.com\/de\/wp-json\/wp\/v2\/product\/234601","targetHints":{"allow":["GET"]}}],"collection":[{"href":"https:\/\/iha-race.com\/de\/wp-json\/wp\/v2\/product"}],"about":[{"href":"https:\/\/iha-race.com\/de\/wp-json\/wp\/v2\/types\/product"}],"replies":[{"embeddable":true,"href":"https:\/\/iha-race.com\/de\/wp-json\/wp\/v2\/comments?post=234601"}],"version-history":[{"count":1,"href":"https:\/\/iha-race.com\/de\/wp-json\/wp\/v2\/product\/234601\/revisions"}],"predecessor-version":[{"id":234617,"href":"https:\/\/iha-race.com\/de\/wp-json\/wp\/v2\/product\/234601\/revisions\/234617"}],"wp:featuredmedia":[{"embeddable":true,"href":"https:\/\/iha-race.com\/de\/wp-json\/wp\/v2\/media\/233372"}],"wp:attachment":[{"href":"https:\/\/iha-race.com\/de\/wp-json\/wp\/v2\/media?parent=234601"}],"wp:term":[{"taxonomy":"pwb-brand","embeddable":true,"href":"https:\/\/iha-race.com\/de\/wp-json\/wp\/v2\/pwb-brand?post=234601"},{"taxonomy":"product_cat","embeddable":true,"href":"https:\/\/iha-race.com\/de\/wp-json\/wp\/v2\/product_cat?post=234601"},{"taxonomy":"product_tag","embeddable":true,"href":"https:\/\/iha-race.com\/de\/wp-json\/wp\/v2\/product_tag?post=234601"}],"curies":[{"name":"wp","href":"https:\/\/api.w.org\/{rel}","templated":true}]}}