{"id":234573,"date":"2023-07-10T18:46:50","date_gmt":"2023-07-10T16:46:50","guid":{"rendered":"https:\/\/iha-race.com\/producto\/diatone-snt-wrangler-rc-car-164-3010-off-road-serie-micro\/"},"modified":"2024-08-29T11:26:00","modified_gmt":"2024-08-29T09:26:00","slug":"car-rc-rc-diatone-snt-wrangler-164-3010-off-road-series-micro","status":"publish","type":"product","link":"https:\/\/iha-race.com\/de\/producto\/car-rc-rc-diatone-snt-wrangler-164-3010-off-road-series-micro\/","title":{"rendered":"Diatone SNT Wrangler RC Car 1:64 3010 Off-Road Serie Micro"},"content":{"rendered":"<h2>Diatone SNT Wrangler RC Car 1:64 3010 Off-Road Serie Micro<\/h2>\n<p><iframe title=\"SNICLO 3010 Car\" width=\"1200\" height=\"675\" src=\"https:\/\/www.youtube.com\/embed\/bQ1l-vkNEJM?feature=oembed\" frameborder=\"0\" allow=\"accelerometer; autoplay; clipboard-write; encrypted-media; gyroscope; picture-in-picture; web-share\" referrerpolicy=\"strict-origin-when-cross-origin\" allowfullscreen><\/iframe><br \/>\n <em><strong>Video des SNT3010-Fahrzeugs (Audio auf Englisch)<\/strong><\/em><\/p>\n<h2>Eigenschaften<\/h2>\n<ul>\n<li>Verh\u00e4ltnis der K\u00f6rpergr\u00f6\u00dfe: 1\/64<\/li>\n<li>Radstand: 41 mm<\/li>\n<li>Bereifung: Simulation von 14 \u00d7 3,5<\/li>\n<li>Radnabe KM3: Kupfer<\/li>\n<li>Entfernung der Bodenfernbedienung: ca. 20 Meter (offene und nicht st\u00f6rende Gelegenheiten)<\/li>\n<li>Lebensdauer: ca. 60 Minuten (FPV-Version ca. 30 Minuten)<\/li>\n<li>Fahrmodus: Allradantrieb (Full-time 4WD)<\/li>\n<li>Lenkungsart: Proportionallenkung<\/li>\n<li>Akku: 1S Lipo<\/li>\n<li>Beleuchtung: Scheinwerfer, Blinker, R\u00fcckfahrscheinwerfer, Bremsleuchten<\/li>\n<li>FPVBOX: Ja<\/li>\n<li>Arbeitsfrequenzband: 2.4G<\/li>\n<li>Unterst\u00fctzung der Fernsteuerung: Air 5 \/ Flysky<\/li>\n<li>Gr\u00f6\u00dfe: 76 \u00d7 32 \u00d7 37 mm<\/li>\n<li>Nettogewicht: 39,5 g<\/li>\n<\/ul>\n<p><img decoding=\"async\" src=\"https:\/\/cdn.shopifycdn.net\/s\/files\/1\/0027\/2708\/4144\/files\/3010-_1.jpg?v=1683534627\" alt=\"\"><\/p>\n<p><img decoding=\"async\" src=\"https:\/\/cdn.shopifycdn.net\/s\/files\/1\/0027\/2708\/4144\/files\/3010-_2.jpg?v=1683534635\" alt=\"\"><\/p>\n<p><img decoding=\"async\" src=\"https:\/\/cdn.shopifycdn.net\/s\/files\/1\/0027\/2708\/4144\/files\/3010-_3.jpg?v=1683534643\" alt=\"\"><\/p>\n<p><img decoding=\"async\" src=\"https:\/\/cdn.shopifycdn.net\/s\/files\/1\/0027\/2708\/4144\/files\/3010-_7.jpg?v=1683534689\" alt=\"\"><\/p>\n<p><img decoding=\"async\" src=\"https:\/\/cdn.shopifycdn.net\/s\/files\/1\/0027\/2708\/4144\/files\/3010-_8.jpg?v=1683534696\" alt=\"\"><\/p>\n<p><img decoding=\"async\" src=\"https:\/\/cdn.shopifycdn.net\/s\/files\/1\/0027\/2708\/4144\/files\/3010-_9.jpg?v=1683534707\" alt=\"\"><\/p>\n<p><img decoding=\"async\" src=\"https:\/\/cdn.shopifycdn.net\/s\/files\/1\/0027\/2708\/4144\/files\/3010-_10.jpg?v=1683534715\" alt=\"\"><\/p>\n<p><img decoding=\"async\" src=\"https:\/\/cdn.shopifycdn.net\/s\/files\/1\/0027\/2708\/4144\/files\/3010-_11.jpg?v=1683534723\" alt=\"\"><\/p>\n<p><img decoding=\"async\" src=\"https:\/\/cdn.shopifycdn.net\/s\/files\/1\/0027\/2708\/4144\/files\/3010-_13__01.jpg?v=1683534732\" alt=\"\"><\/p>\n<p>&nbsp;<\/p>\n<p>&nbsp;<\/p>\n<p><img fetchpriority=\"high\" decoding=\"async\" class=\"alignnone wp-image-233245 size-full\" src=\"https:\/\/iha-race.com\/wp-content\/uploads\/2023\/06\/caracteristicas.png\" alt=\"\" width=\"822\" height=\"604\" srcset=\"https:\/\/iha-race.com\/wp-content\/uploads\/2023\/06\/caracteristicas.png 822w, https:\/\/iha-race.com\/wp-content\/uploads\/2023\/06\/caracteristicas-150x110.png 150w, https:\/\/iha-race.com\/wp-content\/uploads\/2023\/06\/caracteristicas-600x441.png 600w, https:\/\/iha-race.com\/wp-content\/uploads\/2023\/06\/caracteristicas-300x220.png 300w, https:\/\/iha-race.com\/wp-content\/uploads\/2023\/06\/caracteristicas-768x564.png 768w\" sizes=\"(max-width: 822px) 100vw, 822px\" \/><\/p>\n","protected":false},"excerpt":{"rendered":"<p>Diatone SNT Wrangler RC Car 1:64 3010 Off-Road Serie Micro Video des SNT3010-Fahrzeugs (Audio auf Englisch) Eigenschaften Verh\u00e4ltnis der K\u00f6rpergr\u00f6\u00dfe: 1\/64 Radstand: 41 mm Bereifung: Simulation von 14 \u00d7 3,5<\/p>\n","protected":false},"featured_media":233286,"comment_status":"open","ping_status":"closed","template":"","meta":{"_joinchat":[]},"pwb-brand":[],"product_cat":[3628,3630],"product_tag":[],"class_list":{"0":"post-234573","1":"product","2":"type-product","3":"status-publish","4":"has-post-thumbnail","6":"product_cat-fpv-rc-autos","7":"product_cat-fpv-autos","9":"first","10":"instock","11":"taxable","12":"shipping-taxable","13":"purchasable","14":"product-type-variable"},"barcode":null,"atum_controlled":true,"out_stock_date":null,"out_stock_threshold":null,"inheritable":true,"stock_on_hold":0,"sold_today":0,"sales_last_days":1,"out_stock_days":null,"lost_sales":0,"update_date":"2026-04-17T19:24:29","atum_locations":[],"atum_stock_status":"instock","restock_status":false,"low_stock_amount":"","sales_update_date":"2026-04-17T19:24:29","calc_backorders":null,"yoast_head":"<!-- This site is optimized with the Yoast SEO plugin v27.3 - https:\/\/yoast.com\/product\/yoast-seo-wordpress\/ -->\n<title>Diatone SNT Wrangler RC Car 1:64 3010 Off-Road Serie Micro - Iha Race<\/title>\n<meta name=\"robots\" content=\"index, follow, max-snippet:-1, max-image-preview:large, max-video-preview:-1\" \/>\n<link rel=\"canonical\" href=\"https:\/\/iha-race.com\/de\/producto\/car-rc-rc-diatone-snt-wrangler-164-3010-off-road-series-micro\/\" \/>\n<meta property=\"og:locale\" content=\"de_DE\" \/>\n<meta property=\"og:type\" content=\"article\" \/>\n<meta property=\"og:title\" content=\"Diatone SNT Wrangler RC Car 1:64 3010 Off-Road Serie Micro - Iha Race\" \/>\n<meta property=\"og:description\" content=\"Diatone SNT Wrangler RC Car 1:64 3010 Off-Road Serie Micro Video des SNT3010-Fahrzeugs (Audio auf Englisch) Eigenschaften Verh\u00e4ltnis der K\u00f6rpergr\u00f6\u00dfe: 1\/64 Radstand: 41 mm Bereifung: Simulation von 14 \u00d7 3,5\" \/>\n<meta property=\"og:url\" content=\"https:\/\/iha-race.com\/de\/producto\/car-rc-rc-diatone-snt-wrangler-164-3010-off-road-series-micro\/\" \/>\n<meta property=\"og:site_name\" content=\"Iha Race\" \/>\n<meta property=\"article:modified_time\" content=\"2024-08-29T09:26:00+00:00\" \/>\n<meta property=\"og:image\" content=\"https:\/\/iha-race.com\/wp-content\/uploads\/2023\/06\/Coche-RC-Diatone-SNT-Wrangler-164-3010-Off-Road-Series-Micro-azul.webp\" \/>\n\t<meta property=\"og:image:width\" content=\"700\" \/>\n\t<meta property=\"og:image:height\" content=\"700\" \/>\n\t<meta property=\"og:image:type\" content=\"image\/webp\" \/>\n<meta name=\"twitter:card\" content=\"summary_large_image\" \/>\n<script type=\"application\/ld+json\" class=\"yoast-schema-graph\">{\"@context\":\"https:\\\/\\\/schema.org\",\"@graph\":[{\"@type\":\"WebPage\",\"@id\":\"https:\\\/\\\/iha-race.com\\\/de\\\/producto\\\/car-rc-rc-diatone-snt-wrangler-164-3010-off-road-series-micro\\\/\",\"url\":\"https:\\\/\\\/iha-race.com\\\/de\\\/producto\\\/car-rc-rc-diatone-snt-wrangler-164-3010-off-road-series-micro\\\/\",\"name\":\"Diatone SNT Wrangler RC Car 1:64 3010 Off-Road Serie Micro - Iha Race\",\"isPartOf\":{\"@id\":\"https:\\\/\\\/iha-race.com\\\/de\\\/#website\"},\"primaryImageOfPage\":{\"@id\":\"https:\\\/\\\/iha-race.com\\\/de\\\/producto\\\/car-rc-rc-diatone-snt-wrangler-164-3010-off-road-series-micro\\\/#primaryimage\"},\"image\":{\"@id\":\"https:\\\/\\\/iha-race.com\\\/de\\\/producto\\\/car-rc-rc-diatone-snt-wrangler-164-3010-off-road-series-micro\\\/#primaryimage\"},\"thumbnailUrl\":\"https:\\\/\\\/iha-race.com\\\/wp-content\\\/uploads\\\/2023\\\/06\\\/Coche-RC-Diatone-SNT-Wrangler-164-3010-Off-Road-Series-Micro-azul.webp\",\"datePublished\":\"2023-07-10T16:46:50+00:00\",\"dateModified\":\"2024-08-29T09:26:00+00:00\",\"breadcrumb\":{\"@id\":\"https:\\\/\\\/iha-race.com\\\/de\\\/producto\\\/car-rc-rc-diatone-snt-wrangler-164-3010-off-road-series-micro\\\/#breadcrumb\"},\"inLanguage\":\"de\",\"potentialAction\":[{\"@type\":\"ReadAction\",\"target\":[\"https:\\\/\\\/iha-race.com\\\/de\\\/producto\\\/car-rc-rc-diatone-snt-wrangler-164-3010-off-road-series-micro\\\/\"]}]},{\"@type\":\"ImageObject\",\"inLanguage\":\"de\",\"@id\":\"https:\\\/\\\/iha-race.com\\\/de\\\/producto\\\/car-rc-rc-diatone-snt-wrangler-164-3010-off-road-series-micro\\\/#primaryimage\",\"url\":\"https:\\\/\\\/iha-race.com\\\/wp-content\\\/uploads\\\/2023\\\/06\\\/Coche-RC-Diatone-SNT-Wrangler-164-3010-Off-Road-Series-Micro-azul.webp\",\"contentUrl\":\"https:\\\/\\\/iha-race.com\\\/wp-content\\\/uploads\\\/2023\\\/06\\\/Coche-RC-Diatone-SNT-Wrangler-164-3010-Off-Road-Series-Micro-azul.webp\",\"width\":700,\"height\":700},{\"@type\":\"BreadcrumbList\",\"@id\":\"https:\\\/\\\/iha-race.com\\\/de\\\/producto\\\/car-rc-rc-diatone-snt-wrangler-164-3010-off-road-series-micro\\\/#breadcrumb\",\"itemListElement\":[{\"@type\":\"ListItem\",\"position\":1,\"name\":\"Portada\",\"item\":\"https:\\\/\\\/iha-race.com\\\/de\\\/elementor-499\\\/\"},{\"@type\":\"ListItem\",\"position\":2,\"name\":\"Shop\",\"item\":\"https:\\\/\\\/iha-race.com\\\/de\\\/shop\\\/\"},{\"@type\":\"ListItem\",\"position\":3,\"name\":\"Diatone SNT Wrangler RC Car 1:64 3010 Off-Road Serie Micro\"}]},{\"@type\":\"WebSite\",\"@id\":\"https:\\\/\\\/iha-race.com\\\/de\\\/#website\",\"url\":\"https:\\\/\\\/iha-race.com\\\/de\\\/\",\"name\":\"Iha Race\",\"description\":\"Comprar drones de carreras FPV env\u00edos en un d\u00eda desde Espa\u00f1a\",\"publisher\":{\"@id\":\"https:\\\/\\\/iha-race.com\\\/de\\\/#organization\"},\"potentialAction\":[{\"@type\":\"SearchAction\",\"target\":{\"@type\":\"EntryPoint\",\"urlTemplate\":\"https:\\\/\\\/iha-race.com\\\/de\\\/?s={search_term_string}\"},\"query-input\":{\"@type\":\"PropertyValueSpecification\",\"valueRequired\":true,\"valueName\":\"search_term_string\"}}],\"inLanguage\":\"de\"},{\"@type\":\"Organization\",\"@id\":\"https:\\\/\\\/iha-race.com\\\/de\\\/#organization\",\"name\":\"Iha Race\",\"url\":\"https:\\\/\\\/iha-race.com\\\/de\\\/\",\"logo\":{\"@type\":\"ImageObject\",\"inLanguage\":\"de\",\"@id\":\"https:\\\/\\\/iha-race.com\\\/de\\\/#\\\/schema\\\/logo\\\/image\\\/\",\"url\":\"https:\\\/\\\/iha-race.com\\\/wp-content\\\/uploads\\\/2018\\\/07\\\/iha-race-drones-de-carreras-tienda-comprar-drones.png\",\"contentUrl\":\"https:\\\/\\\/iha-race.com\\\/wp-content\\\/uploads\\\/2018\\\/07\\\/iha-race-drones-de-carreras-tienda-comprar-drones.png\",\"width\":300,\"height\":100,\"caption\":\"Iha Race\"},\"image\":{\"@id\":\"https:\\\/\\\/iha-race.com\\\/de\\\/#\\\/schema\\\/logo\\\/image\\\/\"}}]}<\/script>\n<!-- \/ Yoast SEO plugin. -->","yoast_head_json":{"title":"Diatone SNT Wrangler RC Car 1:64 3010 Off-Road Serie Micro - Iha Race","robots":{"index":"index","follow":"follow","max-snippet":"max-snippet:-1","max-image-preview":"max-image-preview:large","max-video-preview":"max-video-preview:-1"},"canonical":"https:\/\/iha-race.com\/de\/producto\/car-rc-rc-diatone-snt-wrangler-164-3010-off-road-series-micro\/","og_locale":"de_DE","og_type":"article","og_title":"Diatone SNT Wrangler RC Car 1:64 3010 Off-Road Serie Micro - Iha Race","og_description":"Diatone SNT Wrangler RC Car 1:64 3010 Off-Road Serie Micro Video des SNT3010-Fahrzeugs (Audio auf Englisch) Eigenschaften Verh\u00e4ltnis der K\u00f6rpergr\u00f6\u00dfe: 1\/64 Radstand: 41 mm Bereifung: Simulation von 14 \u00d7 3,5","og_url":"https:\/\/iha-race.com\/de\/producto\/car-rc-rc-diatone-snt-wrangler-164-3010-off-road-series-micro\/","og_site_name":"Iha Race","article_modified_time":"2024-08-29T09:26:00+00:00","og_image":[{"width":700,"height":700,"url":"https:\/\/iha-race.com\/wp-content\/uploads\/2023\/06\/Coche-RC-Diatone-SNT-Wrangler-164-3010-Off-Road-Series-Micro-azul.webp","type":"image\/webp"}],"twitter_card":"summary_large_image","schema":{"@context":"https:\/\/schema.org","@graph":[{"@type":"WebPage","@id":"https:\/\/iha-race.com\/de\/producto\/car-rc-rc-diatone-snt-wrangler-164-3010-off-road-series-micro\/","url":"https:\/\/iha-race.com\/de\/producto\/car-rc-rc-diatone-snt-wrangler-164-3010-off-road-series-micro\/","name":"Diatone SNT Wrangler RC Car 1:64 3010 Off-Road Serie Micro - Iha Race","isPartOf":{"@id":"https:\/\/iha-race.com\/de\/#website"},"primaryImageOfPage":{"@id":"https:\/\/iha-race.com\/de\/producto\/car-rc-rc-diatone-snt-wrangler-164-3010-off-road-series-micro\/#primaryimage"},"image":{"@id":"https:\/\/iha-race.com\/de\/producto\/car-rc-rc-diatone-snt-wrangler-164-3010-off-road-series-micro\/#primaryimage"},"thumbnailUrl":"https:\/\/iha-race.com\/wp-content\/uploads\/2023\/06\/Coche-RC-Diatone-SNT-Wrangler-164-3010-Off-Road-Series-Micro-azul.webp","datePublished":"2023-07-10T16:46:50+00:00","dateModified":"2024-08-29T09:26:00+00:00","breadcrumb":{"@id":"https:\/\/iha-race.com\/de\/producto\/car-rc-rc-diatone-snt-wrangler-164-3010-off-road-series-micro\/#breadcrumb"},"inLanguage":"de","potentialAction":[{"@type":"ReadAction","target":["https:\/\/iha-race.com\/de\/producto\/car-rc-rc-diatone-snt-wrangler-164-3010-off-road-series-micro\/"]}]},{"@type":"ImageObject","inLanguage":"de","@id":"https:\/\/iha-race.com\/de\/producto\/car-rc-rc-diatone-snt-wrangler-164-3010-off-road-series-micro\/#primaryimage","url":"https:\/\/iha-race.com\/wp-content\/uploads\/2023\/06\/Coche-RC-Diatone-SNT-Wrangler-164-3010-Off-Road-Series-Micro-azul.webp","contentUrl":"https:\/\/iha-race.com\/wp-content\/uploads\/2023\/06\/Coche-RC-Diatone-SNT-Wrangler-164-3010-Off-Road-Series-Micro-azul.webp","width":700,"height":700},{"@type":"BreadcrumbList","@id":"https:\/\/iha-race.com\/de\/producto\/car-rc-rc-diatone-snt-wrangler-164-3010-off-road-series-micro\/#breadcrumb","itemListElement":[{"@type":"ListItem","position":1,"name":"Portada","item":"https:\/\/iha-race.com\/de\/elementor-499\/"},{"@type":"ListItem","position":2,"name":"Shop","item":"https:\/\/iha-race.com\/de\/shop\/"},{"@type":"ListItem","position":3,"name":"Diatone SNT Wrangler RC Car 1:64 3010 Off-Road Serie Micro"}]},{"@type":"WebSite","@id":"https:\/\/iha-race.com\/de\/#website","url":"https:\/\/iha-race.com\/de\/","name":"Iha Race","description":"Comprar drones de carreras FPV env\u00edos en un d\u00eda desde Espa\u00f1a","publisher":{"@id":"https:\/\/iha-race.com\/de\/#organization"},"potentialAction":[{"@type":"SearchAction","target":{"@type":"EntryPoint","urlTemplate":"https:\/\/iha-race.com\/de\/?s={search_term_string}"},"query-input":{"@type":"PropertyValueSpecification","valueRequired":true,"valueName":"search_term_string"}}],"inLanguage":"de"},{"@type":"Organization","@id":"https:\/\/iha-race.com\/de\/#organization","name":"Iha Race","url":"https:\/\/iha-race.com\/de\/","logo":{"@type":"ImageObject","inLanguage":"de","@id":"https:\/\/iha-race.com\/de\/#\/schema\/logo\/image\/","url":"https:\/\/iha-race.com\/wp-content\/uploads\/2018\/07\/iha-race-drones-de-carreras-tienda-comprar-drones.png","contentUrl":"https:\/\/iha-race.com\/wp-content\/uploads\/2018\/07\/iha-race-drones-de-carreras-tienda-comprar-drones.png","width":300,"height":100,"caption":"Iha Race"},"image":{"@id":"https:\/\/iha-race.com\/de\/#\/schema\/logo\/image\/"}}]}},"jetpack_sharing_enabled":true,"brands":[],"_links":{"self":[{"href":"https:\/\/iha-race.com\/de\/wp-json\/wp\/v2\/product\/234573","targetHints":{"allow":["GET"]}}],"collection":[{"href":"https:\/\/iha-race.com\/de\/wp-json\/wp\/v2\/product"}],"about":[{"href":"https:\/\/iha-race.com\/de\/wp-json\/wp\/v2\/types\/product"}],"replies":[{"embeddable":true,"href":"https:\/\/iha-race.com\/de\/wp-json\/wp\/v2\/comments?post=234573"}],"version-history":[{"count":2,"href":"https:\/\/iha-race.com\/de\/wp-json\/wp\/v2\/product\/234573\/revisions"}],"predecessor-version":[{"id":248667,"href":"https:\/\/iha-race.com\/de\/wp-json\/wp\/v2\/product\/234573\/revisions\/248667"}],"wp:featuredmedia":[{"embeddable":true,"href":"https:\/\/iha-race.com\/de\/wp-json\/wp\/v2\/media\/233286"}],"wp:attachment":[{"href":"https:\/\/iha-race.com\/de\/wp-json\/wp\/v2\/media?parent=234573"}],"wp:term":[{"taxonomy":"pwb-brand","embeddable":true,"href":"https:\/\/iha-race.com\/de\/wp-json\/wp\/v2\/pwb-brand?post=234573"},{"taxonomy":"product_cat","embeddable":true,"href":"https:\/\/iha-race.com\/de\/wp-json\/wp\/v2\/product_cat?post=234573"},{"taxonomy":"product_tag","embeddable":true,"href":"https:\/\/iha-race.com\/de\/wp-json\/wp\/v2\/product_tag?post=234573"}],"curies":[{"name":"wp","href":"https:\/\/api.w.org\/{rel}","templated":true}]}}