{"id":234562,"date":"2023-07-10T17:11:17","date_gmt":"2023-07-10T15:11:17","guid":{"rendered":"https:\/\/iha-race.com\/producto\/diatone-snt-1100-370z-wifi-fairlady-370z-1100-q-series-rc-car-weiss-pink\/"},"modified":"2026-02-23T20:40:08","modified_gmt":"2026-02-23T19:40:08","slug":"coche-rc-diatone-snt-1100-370z-wifi-fairlady-370z-1100-q-series-blanco-rosa","status":"publish","type":"product","link":"https:\/\/iha-race.com\/de\/producto\/coche-rc-diatone-snt-1100-370z-wifi-fairlady-370z-1100-q-series-blanco-rosa\/","title":{"rendered":"Diatone SNT 1:100 370Z WIFI Fairlady 370Z 1:100 Q Series RC Car (Wei\u00df\/Pink)"},"content":{"rendered":"<h2>Diatone SNT 1:100 370Z WIFI Fairlady 370Z 1:100 Q Series RC Car (Wei\u00df\/Pink)<\/h2>\n<p><iframe title=\"Q25-370Z wifi versons\" width=\"1200\" height=\"675\" src=\"https:\/\/www.youtube.com\/embed\/GeUdkUC5P-8?feature=oembed\" frameborder=\"0\" allow=\"accelerometer; autoplay; clipboard-write; encrypted-media; gyroscope; picture-in-picture; web-share\" referrerpolicy=\"strict-origin-when-cross-origin\" allowfullscreen><\/iframe><br \/>\n <em><strong>Diatone SNT 370Z Video-Anleitung (Video auf Englisch)<\/strong><\/em><\/p>\n<h2>Eigenschaften<\/h2>\n<p><a href=\"https:\/\/cdn.shopifycdn.net\/s\/files\/1\/0687\/4346\/3227\/files\/e813e67a46939858a58ba90a392d820.png?v=1684995955\">&#8220;Manueller Betrieb<\/a><\/p>\n<ul>\n<li>Verh\u00e4ltnis der K\u00f6rpergr\u00f6\u00dfe: 1\/100 Abstand<\/li>\n<li>zwischen den Achsen: 25 mm<\/li>\n<li>Entfernung der Fernbedienung vom Boden: ca. 10 Meter (offene, nicht st\u00f6rende Gelegenheiten)<\/li>\n<li>Ausdauerzeit: ca. 40 Minuten (FPV-Status war ca. 20 Minuten)<\/li>\n<li>Aufladezeit: ca. 1 Stunde<\/li>\n<li>Fahrmodus: proportionales Fahren<\/li>\n<li>Richtungsmodus: proportionale Richtung<\/li>\n<li>Akku: 1S Lipo<\/li>\n<li>Beleuchtung: Scheinwerfer, Blinker, R\u00fcckfahrscheinwerfer, Bremslicht, Umgebungslicht<\/li>\n<li>FPVBOX: Ja<\/li>\n<li>Arbeitsfrequenzband: 2.4G WIFI<\/li>\n<li>Unterst\u00fctzung der Fernsteuerung: Sniclo APP (IOS \/ Android)<\/li>\n<li>Gr\u00f6\u00dfe: 54 \u00d7 36 \u00d7 25 mm<\/li>\n<li>Nettogewicht: 24,5 g<\/li>\n<\/ul>\n<p><em><strong>Die WIFI-Version kann nur \u00fcber die mobile App verbunden werden und ist nicht mit der Fernsteuerung kompatibel.<\/strong><\/em><em><strong>Wenn Sie die FPV-Version ben\u00f6tigen, m\u00fcssen Sie die FPVBOX und die Brille separat bestellen, und das Telefon kann keine Videos ansehen.<\/strong><\/em><em><strong>Wenn Sie bereits eine Brille und eine FPVBOX gekauft haben, k\u00f6nnen Sie diese direkt verwenden.<\/strong><\/em><\/p>\n<p><img decoding=\"async\" src=\"https:\/\/cdn.shopifycdn.net\/s\/files\/1\/0027\/2708\/4144\/files\/01_20f4e17f-3d22-47cf-881f-1daad62ab877.jpg?v=1685095534\"><img decoding=\"async\" src=\"https:\/\/cdn.shopifycdn.net\/s\/files\/1\/0027\/2708\/4144\/files\/2_630ac182-0d2e-48c5-8472-9e8f16f68416.jpg?v=1685095558\"><img decoding=\"async\" src=\"https:\/\/cdn.shopifycdn.net\/s\/files\/1\/0027\/2708\/4144\/files\/3_6c26f60b-6b23-4ab0-9d01-09cb1b68d7cb.jpg?v=1685095576\"><img decoding=\"async\" src=\"https:\/\/cdn.shopifycdn.net\/s\/files\/1\/0027\/2708\/4144\/files\/4_eb92d796-6cff-4d56-8b36-87a2a10366bb.jpg?v=1685095591\"><img decoding=\"async\" src=\"https:\/\/cdn.shopifycdn.net\/s\/files\/1\/0027\/2708\/4144\/files\/5_aa4c8408-35d4-4160-b0e8-3c71500fac67.jpg?v=1685095605\"><img decoding=\"async\" src=\"https:\/\/cdn.shopifycdn.net\/s\/files\/1\/0027\/2708\/4144\/files\/6_5feca459-f234-45cf-81e7-73e06720921c.jpg?v=1685095621\"><img decoding=\"async\" src=\"https:\/\/cdn.shopifycdn.net\/s\/files\/1\/0027\/2708\/4144\/files\/7_cd2c20ee-91f5-46c1-932c-5321e4389469.jpg?v=1685095637\"><img decoding=\"async\" src=\"https:\/\/cdn.shopifycdn.net\/s\/files\/1\/0027\/2708\/4144\/files\/8.jpg?v=1685095653\"><img decoding=\"async\" src=\"https:\/\/cdn.shopifycdn.net\/s\/files\/1\/0027\/2708\/4144\/files\/Q25-240WIFI_9.jpg?v=1685095666\"><\/p>\n<p><em>**Auto zur Auswahl zwischen PINK oder WHITE<\/em><\/p>\n","protected":false},"excerpt":{"rendered":"<p>Diatone SNT 1:100 370Z WIFI Fairlady 370Z 1:100 Q Series RC Car (Wei\u00df\/Pink) Diatone SNT 370Z Video-Anleitung (Video auf Englisch) Eigenschaften &#8220;Manueller Betrieb Verh\u00e4ltnis der K\u00f6rpergr\u00f6\u00dfe: 1\/100 Abstand zwischen den<\/p>\n","protected":false},"featured_media":233195,"comment_status":"open","ping_status":"closed","template":"","meta":{"_joinchat":[]},"pwb-brand":[],"product_cat":[3628,3630],"product_tag":[],"class_list":{"0":"post-234562","1":"product","2":"type-product","3":"status-publish","4":"has-post-thumbnail","6":"product_cat-fpv-rc-autos","7":"product_cat-fpv-autos","9":"first","10":"instock","11":"taxable","12":"shipping-taxable","13":"purchasable","14":"product-type-variable"},"barcode":null,"atum_controlled":true,"out_stock_date":null,"out_stock_threshold":null,"inheritable":true,"stock_on_hold":0,"sold_today":0,"sales_last_days":1,"out_stock_days":null,"lost_sales":0,"update_date":"2026-04-18T23:29:47","atum_locations":[],"atum_stock_status":"instock","restock_status":false,"low_stock_amount":"","sales_update_date":"2026-04-18T23:29:47","calc_backorders":null,"yoast_head":"<!-- This site is optimized with the Yoast SEO plugin v27.3 - https:\/\/yoast.com\/product\/yoast-seo-wordpress\/ -->\n<title>Diatone SNT 1:100 370Z WIFI Fairlady 370Z 1:100 Q Series RC Car (Wei\u00df\/Pink) - Iha Race<\/title>\n<meta name=\"robots\" content=\"index, follow, max-snippet:-1, max-image-preview:large, max-video-preview:-1\" \/>\n<link rel=\"canonical\" href=\"https:\/\/iha-race.com\/de\/producto\/coche-rc-diatone-snt-1100-370z-wifi-fairlady-370z-1100-q-series-blanco-rosa\/\" \/>\n<meta property=\"og:locale\" content=\"de_DE\" \/>\n<meta property=\"og:type\" content=\"article\" \/>\n<meta property=\"og:title\" content=\"Diatone SNT 1:100 370Z WIFI Fairlady 370Z 1:100 Q Series RC Car (Wei\u00df\/Pink) - Iha Race\" \/>\n<meta property=\"og:description\" content=\"Diatone SNT 1:100 370Z WIFI Fairlady 370Z 1:100 Q Series RC Car (Wei\u00df\/Pink) Diatone SNT 370Z Video-Anleitung (Video auf Englisch) Eigenschaften &#8220;Manueller Betrieb Verh\u00e4ltnis der K\u00f6rpergr\u00f6\u00dfe: 1\/100 Abstand zwischen den\" \/>\n<meta property=\"og:url\" content=\"https:\/\/iha-race.com\/de\/producto\/coche-rc-diatone-snt-1100-370z-wifi-fairlady-370z-1100-q-series-blanco-rosa\/\" \/>\n<meta property=\"og:site_name\" content=\"Iha Race\" \/>\n<meta property=\"article:modified_time\" content=\"2026-02-23T19:40:08+00:00\" \/>\n<meta property=\"og:image\" content=\"https:\/\/iha-race.com\/wp-content\/uploads\/2023\/06\/Coche-RC-Diatone-SNT-1100-370Z-WIFI-Fairlady-370Z-1100-Q-Series-Blanco.webp\" \/>\n\t<meta property=\"og:image:width\" content=\"700\" \/>\n\t<meta property=\"og:image:height\" content=\"700\" \/>\n\t<meta property=\"og:image:type\" content=\"image\/webp\" \/>\n<meta name=\"twitter:card\" content=\"summary_large_image\" \/>\n<meta name=\"twitter:label1\" content=\"Gesch\u00e4tzte Lesezeit\" \/>\n\t<meta name=\"twitter:data1\" content=\"1\u00a0Minute\" \/>\n<script type=\"application\/ld+json\" class=\"yoast-schema-graph\">{\"@context\":\"https:\\\/\\\/schema.org\",\"@graph\":[{\"@type\":\"WebPage\",\"@id\":\"https:\\\/\\\/iha-race.com\\\/de\\\/producto\\\/coche-rc-diatone-snt-1100-370z-wifi-fairlady-370z-1100-q-series-blanco-rosa\\\/\",\"url\":\"https:\\\/\\\/iha-race.com\\\/de\\\/producto\\\/coche-rc-diatone-snt-1100-370z-wifi-fairlady-370z-1100-q-series-blanco-rosa\\\/\",\"name\":\"Diatone SNT 1:100 370Z WIFI Fairlady 370Z 1:100 Q Series RC Car (Wei\u00df\\\/Pink) - Iha Race\",\"isPartOf\":{\"@id\":\"https:\\\/\\\/iha-race.com\\\/de\\\/#website\"},\"primaryImageOfPage\":{\"@id\":\"https:\\\/\\\/iha-race.com\\\/de\\\/producto\\\/coche-rc-diatone-snt-1100-370z-wifi-fairlady-370z-1100-q-series-blanco-rosa\\\/#primaryimage\"},\"image\":{\"@id\":\"https:\\\/\\\/iha-race.com\\\/de\\\/producto\\\/coche-rc-diatone-snt-1100-370z-wifi-fairlady-370z-1100-q-series-blanco-rosa\\\/#primaryimage\"},\"thumbnailUrl\":\"https:\\\/\\\/iha-race.com\\\/wp-content\\\/uploads\\\/2023\\\/06\\\/Coche-RC-Diatone-SNT-1100-370Z-WIFI-Fairlady-370Z-1100-Q-Series-Blanco.webp\",\"datePublished\":\"2023-07-10T15:11:17+00:00\",\"dateModified\":\"2026-02-23T19:40:08+00:00\",\"breadcrumb\":{\"@id\":\"https:\\\/\\\/iha-race.com\\\/de\\\/producto\\\/coche-rc-diatone-snt-1100-370z-wifi-fairlady-370z-1100-q-series-blanco-rosa\\\/#breadcrumb\"},\"inLanguage\":\"de\",\"potentialAction\":[{\"@type\":\"ReadAction\",\"target\":[\"https:\\\/\\\/iha-race.com\\\/de\\\/producto\\\/coche-rc-diatone-snt-1100-370z-wifi-fairlady-370z-1100-q-series-blanco-rosa\\\/\"]}]},{\"@type\":\"ImageObject\",\"inLanguage\":\"de\",\"@id\":\"https:\\\/\\\/iha-race.com\\\/de\\\/producto\\\/coche-rc-diatone-snt-1100-370z-wifi-fairlady-370z-1100-q-series-blanco-rosa\\\/#primaryimage\",\"url\":\"https:\\\/\\\/iha-race.com\\\/wp-content\\\/uploads\\\/2023\\\/06\\\/Coche-RC-Diatone-SNT-1100-370Z-WIFI-Fairlady-370Z-1100-Q-Series-Blanco.webp\",\"contentUrl\":\"https:\\\/\\\/iha-race.com\\\/wp-content\\\/uploads\\\/2023\\\/06\\\/Coche-RC-Diatone-SNT-1100-370Z-WIFI-Fairlady-370Z-1100-Q-Series-Blanco.webp\",\"width\":700,\"height\":700},{\"@type\":\"BreadcrumbList\",\"@id\":\"https:\\\/\\\/iha-race.com\\\/de\\\/producto\\\/coche-rc-diatone-snt-1100-370z-wifi-fairlady-370z-1100-q-series-blanco-rosa\\\/#breadcrumb\",\"itemListElement\":[{\"@type\":\"ListItem\",\"position\":1,\"name\":\"Portada\",\"item\":\"https:\\\/\\\/iha-race.com\\\/de\\\/elementor-499\\\/\"},{\"@type\":\"ListItem\",\"position\":2,\"name\":\"Shop\",\"item\":\"https:\\\/\\\/iha-race.com\\\/de\\\/shop\\\/\"},{\"@type\":\"ListItem\",\"position\":3,\"name\":\"Diatone SNT 1:100 370Z WIFI Fairlady 370Z 1:100 Q Series RC Car (Wei\u00df\\\/Pink)\"}]},{\"@type\":\"WebSite\",\"@id\":\"https:\\\/\\\/iha-race.com\\\/de\\\/#website\",\"url\":\"https:\\\/\\\/iha-race.com\\\/de\\\/\",\"name\":\"Iha Race\",\"description\":\"Comprar drones de carreras FPV env\u00edos en un d\u00eda desde Espa\u00f1a\",\"publisher\":{\"@id\":\"https:\\\/\\\/iha-race.com\\\/de\\\/#organization\"},\"potentialAction\":[{\"@type\":\"SearchAction\",\"target\":{\"@type\":\"EntryPoint\",\"urlTemplate\":\"https:\\\/\\\/iha-race.com\\\/de\\\/?s={search_term_string}\"},\"query-input\":{\"@type\":\"PropertyValueSpecification\",\"valueRequired\":true,\"valueName\":\"search_term_string\"}}],\"inLanguage\":\"de\"},{\"@type\":\"Organization\",\"@id\":\"https:\\\/\\\/iha-race.com\\\/de\\\/#organization\",\"name\":\"Iha Race\",\"url\":\"https:\\\/\\\/iha-race.com\\\/de\\\/\",\"logo\":{\"@type\":\"ImageObject\",\"inLanguage\":\"de\",\"@id\":\"https:\\\/\\\/iha-race.com\\\/de\\\/#\\\/schema\\\/logo\\\/image\\\/\",\"url\":\"https:\\\/\\\/iha-race.com\\\/wp-content\\\/uploads\\\/2018\\\/07\\\/iha-race-drones-de-carreras-tienda-comprar-drones.png\",\"contentUrl\":\"https:\\\/\\\/iha-race.com\\\/wp-content\\\/uploads\\\/2018\\\/07\\\/iha-race-drones-de-carreras-tienda-comprar-drones.png\",\"width\":300,\"height\":100,\"caption\":\"Iha Race\"},\"image\":{\"@id\":\"https:\\\/\\\/iha-race.com\\\/de\\\/#\\\/schema\\\/logo\\\/image\\\/\"}}]}<\/script>\n<!-- \/ Yoast SEO plugin. -->","yoast_head_json":{"title":"Diatone SNT 1:100 370Z WIFI Fairlady 370Z 1:100 Q Series RC Car (Wei\u00df\/Pink) - Iha Race","robots":{"index":"index","follow":"follow","max-snippet":"max-snippet:-1","max-image-preview":"max-image-preview:large","max-video-preview":"max-video-preview:-1"},"canonical":"https:\/\/iha-race.com\/de\/producto\/coche-rc-diatone-snt-1100-370z-wifi-fairlady-370z-1100-q-series-blanco-rosa\/","og_locale":"de_DE","og_type":"article","og_title":"Diatone SNT 1:100 370Z WIFI Fairlady 370Z 1:100 Q Series RC Car (Wei\u00df\/Pink) - Iha Race","og_description":"Diatone SNT 1:100 370Z WIFI Fairlady 370Z 1:100 Q Series RC Car (Wei\u00df\/Pink) Diatone SNT 370Z Video-Anleitung (Video auf Englisch) Eigenschaften &#8220;Manueller Betrieb Verh\u00e4ltnis der K\u00f6rpergr\u00f6\u00dfe: 1\/100 Abstand zwischen den","og_url":"https:\/\/iha-race.com\/de\/producto\/coche-rc-diatone-snt-1100-370z-wifi-fairlady-370z-1100-q-series-blanco-rosa\/","og_site_name":"Iha Race","article_modified_time":"2026-02-23T19:40:08+00:00","og_image":[{"width":700,"height":700,"url":"https:\/\/iha-race.com\/wp-content\/uploads\/2023\/06\/Coche-RC-Diatone-SNT-1100-370Z-WIFI-Fairlady-370Z-1100-Q-Series-Blanco.webp","type":"image\/webp"}],"twitter_card":"summary_large_image","twitter_misc":{"Gesch\u00e4tzte Lesezeit":"1\u00a0Minute"},"schema":{"@context":"https:\/\/schema.org","@graph":[{"@type":"WebPage","@id":"https:\/\/iha-race.com\/de\/producto\/coche-rc-diatone-snt-1100-370z-wifi-fairlady-370z-1100-q-series-blanco-rosa\/","url":"https:\/\/iha-race.com\/de\/producto\/coche-rc-diatone-snt-1100-370z-wifi-fairlady-370z-1100-q-series-blanco-rosa\/","name":"Diatone SNT 1:100 370Z WIFI Fairlady 370Z 1:100 Q Series RC Car (Wei\u00df\/Pink) - Iha Race","isPartOf":{"@id":"https:\/\/iha-race.com\/de\/#website"},"primaryImageOfPage":{"@id":"https:\/\/iha-race.com\/de\/producto\/coche-rc-diatone-snt-1100-370z-wifi-fairlady-370z-1100-q-series-blanco-rosa\/#primaryimage"},"image":{"@id":"https:\/\/iha-race.com\/de\/producto\/coche-rc-diatone-snt-1100-370z-wifi-fairlady-370z-1100-q-series-blanco-rosa\/#primaryimage"},"thumbnailUrl":"https:\/\/iha-race.com\/wp-content\/uploads\/2023\/06\/Coche-RC-Diatone-SNT-1100-370Z-WIFI-Fairlady-370Z-1100-Q-Series-Blanco.webp","datePublished":"2023-07-10T15:11:17+00:00","dateModified":"2026-02-23T19:40:08+00:00","breadcrumb":{"@id":"https:\/\/iha-race.com\/de\/producto\/coche-rc-diatone-snt-1100-370z-wifi-fairlady-370z-1100-q-series-blanco-rosa\/#breadcrumb"},"inLanguage":"de","potentialAction":[{"@type":"ReadAction","target":["https:\/\/iha-race.com\/de\/producto\/coche-rc-diatone-snt-1100-370z-wifi-fairlady-370z-1100-q-series-blanco-rosa\/"]}]},{"@type":"ImageObject","inLanguage":"de","@id":"https:\/\/iha-race.com\/de\/producto\/coche-rc-diatone-snt-1100-370z-wifi-fairlady-370z-1100-q-series-blanco-rosa\/#primaryimage","url":"https:\/\/iha-race.com\/wp-content\/uploads\/2023\/06\/Coche-RC-Diatone-SNT-1100-370Z-WIFI-Fairlady-370Z-1100-Q-Series-Blanco.webp","contentUrl":"https:\/\/iha-race.com\/wp-content\/uploads\/2023\/06\/Coche-RC-Diatone-SNT-1100-370Z-WIFI-Fairlady-370Z-1100-Q-Series-Blanco.webp","width":700,"height":700},{"@type":"BreadcrumbList","@id":"https:\/\/iha-race.com\/de\/producto\/coche-rc-diatone-snt-1100-370z-wifi-fairlady-370z-1100-q-series-blanco-rosa\/#breadcrumb","itemListElement":[{"@type":"ListItem","position":1,"name":"Portada","item":"https:\/\/iha-race.com\/de\/elementor-499\/"},{"@type":"ListItem","position":2,"name":"Shop","item":"https:\/\/iha-race.com\/de\/shop\/"},{"@type":"ListItem","position":3,"name":"Diatone SNT 1:100 370Z WIFI Fairlady 370Z 1:100 Q Series RC Car (Wei\u00df\/Pink)"}]},{"@type":"WebSite","@id":"https:\/\/iha-race.com\/de\/#website","url":"https:\/\/iha-race.com\/de\/","name":"Iha Race","description":"Comprar drones de carreras FPV env\u00edos en un d\u00eda desde Espa\u00f1a","publisher":{"@id":"https:\/\/iha-race.com\/de\/#organization"},"potentialAction":[{"@type":"SearchAction","target":{"@type":"EntryPoint","urlTemplate":"https:\/\/iha-race.com\/de\/?s={search_term_string}"},"query-input":{"@type":"PropertyValueSpecification","valueRequired":true,"valueName":"search_term_string"}}],"inLanguage":"de"},{"@type":"Organization","@id":"https:\/\/iha-race.com\/de\/#organization","name":"Iha Race","url":"https:\/\/iha-race.com\/de\/","logo":{"@type":"ImageObject","inLanguage":"de","@id":"https:\/\/iha-race.com\/de\/#\/schema\/logo\/image\/","url":"https:\/\/iha-race.com\/wp-content\/uploads\/2018\/07\/iha-race-drones-de-carreras-tienda-comprar-drones.png","contentUrl":"https:\/\/iha-race.com\/wp-content\/uploads\/2018\/07\/iha-race-drones-de-carreras-tienda-comprar-drones.png","width":300,"height":100,"caption":"Iha Race"},"image":{"@id":"https:\/\/iha-race.com\/de\/#\/schema\/logo\/image\/"}}]}},"jetpack_sharing_enabled":true,"brands":[],"_links":{"self":[{"href":"https:\/\/iha-race.com\/de\/wp-json\/wp\/v2\/product\/234562","targetHints":{"allow":["GET"]}}],"collection":[{"href":"https:\/\/iha-race.com\/de\/wp-json\/wp\/v2\/product"}],"about":[{"href":"https:\/\/iha-race.com\/de\/wp-json\/wp\/v2\/types\/product"}],"replies":[{"embeddable":true,"href":"https:\/\/iha-race.com\/de\/wp-json\/wp\/v2\/comments?post=234562"}],"version-history":[{"count":2,"href":"https:\/\/iha-race.com\/de\/wp-json\/wp\/v2\/product\/234562\/revisions"}],"predecessor-version":[{"id":248655,"href":"https:\/\/iha-race.com\/de\/wp-json\/wp\/v2\/product\/234562\/revisions\/248655"}],"wp:featuredmedia":[{"embeddable":true,"href":"https:\/\/iha-race.com\/de\/wp-json\/wp\/v2\/media\/233195"}],"wp:attachment":[{"href":"https:\/\/iha-race.com\/de\/wp-json\/wp\/v2\/media?parent=234562"}],"wp:term":[{"taxonomy":"pwb-brand","embeddable":true,"href":"https:\/\/iha-race.com\/de\/wp-json\/wp\/v2\/pwb-brand?post=234562"},{"taxonomy":"product_cat","embeddable":true,"href":"https:\/\/iha-race.com\/de\/wp-json\/wp\/v2\/product_cat?post=234562"},{"taxonomy":"product_tag","embeddable":true,"href":"https:\/\/iha-race.com\/de\/wp-json\/wp\/v2\/product_tag?post=234562"}],"curies":[{"name":"wp","href":"https:\/\/api.w.org\/{rel}","templated":true}]}}