{"id":230916,"date":"2023-05-16T16:56:43","date_gmt":"2023-05-16T14:56:43","guid":{"rendered":"https:\/\/iha-race.com\/producto\/foxeer-m10q-250-gps-5883-kompass\/"},"modified":"2024-08-29T11:24:26","modified_gmt":"2024-08-29T09:24:26","slug":"foxeer-m10q-250-gps-5883-compass","status":"publish","type":"product","link":"https:\/\/iha-race.com\/de\/producto\/foxeer-m10q-250-gps-5883-compass\/","title":{"rendered":"Foxeer M10Q 250 GPS 5883 Kompass"},"content":{"rendered":"<h2>Foxeer M10Q 250 GPS 5883 Kompass<\/h2>\n<p><img decoding=\"async\" src=\"https:\/\/inew.foxeer.com\/upload\/image\/20230328\/20230328215905_59780.jpg\"><\/p>\n<p>&nbsp;<\/p>\n<h3>Spezifikationen<\/h3>\n<table class=\"table table-bordered\" style=\"height: 698px;\" width=\"971\">\n<tbody>\n<tr>\n<td valign=\"center\" width=\"189\">Chip<\/td>\n<td valign=\"center\" width=\"413\">M10 (Chip der 10. Generation)<\/td>\n<\/tr>\n<tr>\n<td valign=\"center\">Frequenz<\/td>\n<td valign=\"center\">GPS L1GLONASS L1BDS B1GALILEO ESBAS L1QZSS L1<\/td>\n<\/tr>\n<tr>\n<td valign=\"center\">Eingangsspannung<\/td>\n<td valign=\"center\">5V<\/td>\n<\/tr>\n<tr>\n<td valign=\"center\">Antenne<\/td>\n<td valign=\"center\">Keramische Antenne<\/td>\n<\/tr>\n<tr>\n<td valign=\"center\">Kanal<\/td>\n<td valign=\"center\"><\/td>\n<\/tr>\n<tr>\n<td valign=\"center\">Batterie<\/td>\n<td valign=\"center\">Bildeingang<\/td>\n<\/tr>\n<tr>\n<td valign=\"center\">Kompass<\/td>\n<td valign=\"center\">QMC5883<\/td>\n<\/tr>\n<tr>\n<td valign=\"center\">Ausrichtung des Kompasses<\/td>\n<td valign=\"center\">Stecken Sie den Stecker in Flugrichtung und nat\u00fcrlich die Antenne nach oben, BF: CW 90\u00b0 Flip<\/td>\n<\/tr>\n<tr>\n<td valign=\"center\">Baudrate<\/td>\n<td valign=\"center\">115200bps<\/td>\n<\/tr>\n<tr>\n<td valign=\"center\">Protokoll<\/td>\n<td valign=\"center\">Doppeltes NMEA\/UBLOX<\/td>\n<\/tr>\n<tr>\n<td valign=\"center\">Ausgangsfrequenz<\/td>\n<td valign=\"center\">1Hz-10Hz, 10Hz Standard<\/td>\n<\/tr>\n<tr>\n<td valign=\"center\">Genauigkeit der Geschwindigkeit<\/td>\n<td valign=\"center\">0,05 m\/s<\/td>\n<\/tr>\n<tr>\n<td valign=\"center\">Horizontale Positionierungsgenauigkeit<\/td>\n<td valign=\"center\">2D ACC1.5m (im Freien)<\/td>\n<\/tr>\n<tr>\n<td valign=\"center\">Empfindlichkeit des Empf\u00e4ngers<\/td>\n<td valign=\"center\">Verfolgen -166dBm; Erfassen -160dBm<\/td>\n<\/tr>\n<tr>\n<td valign=\"center\">Dynamische Eigenschaften<\/td>\n<td valign=\"center\">H\u00f6he 50000m; Geschwindigkeit 500 m\/s; Beschleunigung 4G<\/td>\n<\/tr>\n<tr>\n<td valign=\"center\">Betriebstemperatur<\/td>\n<td valign=\"center\">-40C-+85C<\/td>\n<\/tr>\n<tr>\n<td valign=\"center\">Lagertemperatur<\/td>\n<td valign=\"center\">-40C-+105C<\/td>\n<\/tr>\n<tr>\n<td valign=\"center\">Gewicht<\/td>\n<td valign=\"center\">12g<\/td>\n<\/tr>\n<tr>\n<td valign=\"center\">Gr\u00f6\u00dfe<\/td>\n<td valign=\"center\">25*25*8mm<\/td>\n<\/tr>\n<\/tbody>\n<\/table>\n<p>&nbsp;<\/p>\n<h3>Das Paket umfasst<\/h3>\n<ul>\n<li>1 x Foxeer M10Q 180 GPS 5883 Kompass<\/li>\n<\/ul>\n<p>&nbsp;<\/p>\n","protected":false},"excerpt":{"rendered":"<p>Foxeer M10Q 250 GPS 5883 Kompass &nbsp; Spezifikationen Chip M10 (Chip der 10. Generation) Frequenz GPS L1GLONASS L1BDS B1GALILEO ESBAS L1QZSS L1 Eingangsspannung 5V Antenne Keramische Antenne Kanal Batterie Bildeingang<\/p>\n","protected":false},"featured_media":230487,"comment_status":"open","ping_status":"closed","template":"","meta":{"_joinchat":[]},"pwb-brand":[],"product_cat":[2535,3125],"product_tag":[],"class_list":{"0":"post-230916","1":"product","2":"type-product","3":"status-publish","4":"has-post-thumbnail","6":"product_cat-fpv-elektronik-und-zubehor","7":"product_cat-gps-de","9":"first","10":"outofstock","11":"taxable","12":"shipping-taxable","13":"purchasable","14":"product-type-simple"},"barcode":null,"atum_controlled":true,"out_stock_date":"2026-04-25 09:21:21","out_stock_threshold":null,"inheritable":false,"stock_on_hold":3,"sold_today":3,"sales_last_days":3,"out_stock_days":0,"lost_sales":0,"update_date":"2026-04-25T07:21:31","atum_locations":[],"atum_stock_status":"outofstock","restock_status":false,"low_stock_amount":"","sales_update_date":"2026-04-25T07:21:31","calc_backorders":null,"yoast_head":"<!-- This site is optimized with the Yoast SEO plugin v27.3 - https:\/\/yoast.com\/product\/yoast-seo-wordpress\/ -->\n<title>Foxeer M10Q 250 GPS 5883 Kompass - Iha Race<\/title>\n<meta name=\"robots\" content=\"index, follow, max-snippet:-1, max-image-preview:large, max-video-preview:-1\" \/>\n<link rel=\"canonical\" href=\"https:\/\/iha-race.com\/de\/producto\/foxeer-m10q-250-gps-5883-compass\/\" \/>\n<meta property=\"og:locale\" content=\"de_DE\" \/>\n<meta property=\"og:type\" content=\"article\" \/>\n<meta property=\"og:title\" content=\"Foxeer M10Q 250 GPS 5883 Kompass - Iha Race\" \/>\n<meta property=\"og:description\" content=\"Foxeer M10Q 250 GPS 5883 Kompass &nbsp; Spezifikationen Chip M10 (Chip der 10. Generation) Frequenz GPS L1GLONASS L1BDS B1GALILEO ESBAS L1QZSS L1 Eingangsspannung 5V Antenne Keramische Antenne Kanal Batterie Bildeingang\" \/>\n<meta property=\"og:url\" content=\"https:\/\/iha-race.com\/de\/producto\/foxeer-m10q-250-gps-5883-compass\/\" \/>\n<meta property=\"og:site_name\" content=\"Iha Race\" \/>\n<meta property=\"article:modified_time\" content=\"2024-08-29T09:24:26+00:00\" \/>\n<meta property=\"og:image\" content=\"https:\/\/iha-race.com\/wp-content\/uploads\/2023\/05\/Foxeer-M10Q-250-GPS-5883-Compass.jpg\" \/>\n\t<meta property=\"og:image:width\" content=\"400\" \/>\n\t<meta property=\"og:image:height\" content=\"400\" \/>\n\t<meta property=\"og:image:type\" content=\"image\/jpeg\" \/>\n<meta name=\"twitter:card\" content=\"summary_large_image\" \/>\n<meta name=\"twitter:label1\" content=\"Gesch\u00e4tzte Lesezeit\" \/>\n\t<meta name=\"twitter:data1\" content=\"1\u00a0Minute\" \/>\n<script type=\"application\/ld+json\" class=\"yoast-schema-graph\">{\"@context\":\"https:\\\/\\\/schema.org\",\"@graph\":[{\"@type\":\"WebPage\",\"@id\":\"https:\\\/\\\/iha-race.com\\\/de\\\/producto\\\/foxeer-m10q-250-gps-5883-compass\\\/\",\"url\":\"https:\\\/\\\/iha-race.com\\\/de\\\/producto\\\/foxeer-m10q-250-gps-5883-compass\\\/\",\"name\":\"Foxeer M10Q 250 GPS 5883 Kompass - Iha Race\",\"isPartOf\":{\"@id\":\"https:\\\/\\\/iha-race.com\\\/de\\\/#website\"},\"primaryImageOfPage\":{\"@id\":\"https:\\\/\\\/iha-race.com\\\/de\\\/producto\\\/foxeer-m10q-250-gps-5883-compass\\\/#primaryimage\"},\"image\":{\"@id\":\"https:\\\/\\\/iha-race.com\\\/de\\\/producto\\\/foxeer-m10q-250-gps-5883-compass\\\/#primaryimage\"},\"thumbnailUrl\":\"https:\\\/\\\/iha-race.com\\\/wp-content\\\/uploads\\\/2023\\\/05\\\/Foxeer-M10Q-250-GPS-5883-Compass.jpg\",\"datePublished\":\"2023-05-16T14:56:43+00:00\",\"dateModified\":\"2024-08-29T09:24:26+00:00\",\"breadcrumb\":{\"@id\":\"https:\\\/\\\/iha-race.com\\\/de\\\/producto\\\/foxeer-m10q-250-gps-5883-compass\\\/#breadcrumb\"},\"inLanguage\":\"de\",\"potentialAction\":[{\"@type\":\"ReadAction\",\"target\":[\"https:\\\/\\\/iha-race.com\\\/de\\\/producto\\\/foxeer-m10q-250-gps-5883-compass\\\/\"]}]},{\"@type\":\"ImageObject\",\"inLanguage\":\"de\",\"@id\":\"https:\\\/\\\/iha-race.com\\\/de\\\/producto\\\/foxeer-m10q-250-gps-5883-compass\\\/#primaryimage\",\"url\":\"https:\\\/\\\/iha-race.com\\\/wp-content\\\/uploads\\\/2023\\\/05\\\/Foxeer-M10Q-250-GPS-5883-Compass.jpg\",\"contentUrl\":\"https:\\\/\\\/iha-race.com\\\/wp-content\\\/uploads\\\/2023\\\/05\\\/Foxeer-M10Q-250-GPS-5883-Compass.jpg\",\"width\":400,\"height\":400},{\"@type\":\"BreadcrumbList\",\"@id\":\"https:\\\/\\\/iha-race.com\\\/de\\\/producto\\\/foxeer-m10q-250-gps-5883-compass\\\/#breadcrumb\",\"itemListElement\":[{\"@type\":\"ListItem\",\"position\":1,\"name\":\"Portada\",\"item\":\"https:\\\/\\\/iha-race.com\\\/de\\\/elementor-499\\\/\"},{\"@type\":\"ListItem\",\"position\":2,\"name\":\"Shop\",\"item\":\"https:\\\/\\\/iha-race.com\\\/de\\\/shop\\\/\"},{\"@type\":\"ListItem\",\"position\":3,\"name\":\"Foxeer M10Q 250 GPS 5883 Kompass\"}]},{\"@type\":\"WebSite\",\"@id\":\"https:\\\/\\\/iha-race.com\\\/de\\\/#website\",\"url\":\"https:\\\/\\\/iha-race.com\\\/de\\\/\",\"name\":\"Iha Race\",\"description\":\"Comprar drones de carreras FPV env\u00edos en un d\u00eda desde Espa\u00f1a\",\"publisher\":{\"@id\":\"https:\\\/\\\/iha-race.com\\\/de\\\/#organization\"},\"potentialAction\":[{\"@type\":\"SearchAction\",\"target\":{\"@type\":\"EntryPoint\",\"urlTemplate\":\"https:\\\/\\\/iha-race.com\\\/de\\\/?s={search_term_string}\"},\"query-input\":{\"@type\":\"PropertyValueSpecification\",\"valueRequired\":true,\"valueName\":\"search_term_string\"}}],\"inLanguage\":\"de\"},{\"@type\":\"Organization\",\"@id\":\"https:\\\/\\\/iha-race.com\\\/de\\\/#organization\",\"name\":\"Iha Race\",\"url\":\"https:\\\/\\\/iha-race.com\\\/de\\\/\",\"logo\":{\"@type\":\"ImageObject\",\"inLanguage\":\"de\",\"@id\":\"https:\\\/\\\/iha-race.com\\\/de\\\/#\\\/schema\\\/logo\\\/image\\\/\",\"url\":\"https:\\\/\\\/iha-race.com\\\/wp-content\\\/uploads\\\/2018\\\/07\\\/iha-race-drones-de-carreras-tienda-comprar-drones.png\",\"contentUrl\":\"https:\\\/\\\/iha-race.com\\\/wp-content\\\/uploads\\\/2018\\\/07\\\/iha-race-drones-de-carreras-tienda-comprar-drones.png\",\"width\":300,\"height\":100,\"caption\":\"Iha Race\"},\"image\":{\"@id\":\"https:\\\/\\\/iha-race.com\\\/de\\\/#\\\/schema\\\/logo\\\/image\\\/\"}}]}<\/script>\n<!-- \/ Yoast SEO plugin. -->","yoast_head_json":{"title":"Foxeer M10Q 250 GPS 5883 Kompass - Iha Race","robots":{"index":"index","follow":"follow","max-snippet":"max-snippet:-1","max-image-preview":"max-image-preview:large","max-video-preview":"max-video-preview:-1"},"canonical":"https:\/\/iha-race.com\/de\/producto\/foxeer-m10q-250-gps-5883-compass\/","og_locale":"de_DE","og_type":"article","og_title":"Foxeer M10Q 250 GPS 5883 Kompass - Iha Race","og_description":"Foxeer M10Q 250 GPS 5883 Kompass &nbsp; Spezifikationen Chip M10 (Chip der 10. Generation) Frequenz GPS L1GLONASS L1BDS B1GALILEO ESBAS L1QZSS L1 Eingangsspannung 5V Antenne Keramische Antenne Kanal Batterie Bildeingang","og_url":"https:\/\/iha-race.com\/de\/producto\/foxeer-m10q-250-gps-5883-compass\/","og_site_name":"Iha Race","article_modified_time":"2024-08-29T09:24:26+00:00","og_image":[{"width":400,"height":400,"url":"https:\/\/iha-race.com\/wp-content\/uploads\/2023\/05\/Foxeer-M10Q-250-GPS-5883-Compass.jpg","type":"image\/jpeg"}],"twitter_card":"summary_large_image","twitter_misc":{"Gesch\u00e4tzte Lesezeit":"1\u00a0Minute"},"schema":{"@context":"https:\/\/schema.org","@graph":[{"@type":"WebPage","@id":"https:\/\/iha-race.com\/de\/producto\/foxeer-m10q-250-gps-5883-compass\/","url":"https:\/\/iha-race.com\/de\/producto\/foxeer-m10q-250-gps-5883-compass\/","name":"Foxeer M10Q 250 GPS 5883 Kompass - Iha Race","isPartOf":{"@id":"https:\/\/iha-race.com\/de\/#website"},"primaryImageOfPage":{"@id":"https:\/\/iha-race.com\/de\/producto\/foxeer-m10q-250-gps-5883-compass\/#primaryimage"},"image":{"@id":"https:\/\/iha-race.com\/de\/producto\/foxeer-m10q-250-gps-5883-compass\/#primaryimage"},"thumbnailUrl":"https:\/\/iha-race.com\/wp-content\/uploads\/2023\/05\/Foxeer-M10Q-250-GPS-5883-Compass.jpg","datePublished":"2023-05-16T14:56:43+00:00","dateModified":"2024-08-29T09:24:26+00:00","breadcrumb":{"@id":"https:\/\/iha-race.com\/de\/producto\/foxeer-m10q-250-gps-5883-compass\/#breadcrumb"},"inLanguage":"de","potentialAction":[{"@type":"ReadAction","target":["https:\/\/iha-race.com\/de\/producto\/foxeer-m10q-250-gps-5883-compass\/"]}]},{"@type":"ImageObject","inLanguage":"de","@id":"https:\/\/iha-race.com\/de\/producto\/foxeer-m10q-250-gps-5883-compass\/#primaryimage","url":"https:\/\/iha-race.com\/wp-content\/uploads\/2023\/05\/Foxeer-M10Q-250-GPS-5883-Compass.jpg","contentUrl":"https:\/\/iha-race.com\/wp-content\/uploads\/2023\/05\/Foxeer-M10Q-250-GPS-5883-Compass.jpg","width":400,"height":400},{"@type":"BreadcrumbList","@id":"https:\/\/iha-race.com\/de\/producto\/foxeer-m10q-250-gps-5883-compass\/#breadcrumb","itemListElement":[{"@type":"ListItem","position":1,"name":"Portada","item":"https:\/\/iha-race.com\/de\/elementor-499\/"},{"@type":"ListItem","position":2,"name":"Shop","item":"https:\/\/iha-race.com\/de\/shop\/"},{"@type":"ListItem","position":3,"name":"Foxeer M10Q 250 GPS 5883 Kompass"}]},{"@type":"WebSite","@id":"https:\/\/iha-race.com\/de\/#website","url":"https:\/\/iha-race.com\/de\/","name":"Iha Race","description":"Comprar drones de carreras FPV env\u00edos en un d\u00eda desde Espa\u00f1a","publisher":{"@id":"https:\/\/iha-race.com\/de\/#organization"},"potentialAction":[{"@type":"SearchAction","target":{"@type":"EntryPoint","urlTemplate":"https:\/\/iha-race.com\/de\/?s={search_term_string}"},"query-input":{"@type":"PropertyValueSpecification","valueRequired":true,"valueName":"search_term_string"}}],"inLanguage":"de"},{"@type":"Organization","@id":"https:\/\/iha-race.com\/de\/#organization","name":"Iha Race","url":"https:\/\/iha-race.com\/de\/","logo":{"@type":"ImageObject","inLanguage":"de","@id":"https:\/\/iha-race.com\/de\/#\/schema\/logo\/image\/","url":"https:\/\/iha-race.com\/wp-content\/uploads\/2018\/07\/iha-race-drones-de-carreras-tienda-comprar-drones.png","contentUrl":"https:\/\/iha-race.com\/wp-content\/uploads\/2018\/07\/iha-race-drones-de-carreras-tienda-comprar-drones.png","width":300,"height":100,"caption":"Iha Race"},"image":{"@id":"https:\/\/iha-race.com\/de\/#\/schema\/logo\/image\/"}}]}},"jetpack_sharing_enabled":true,"brands":[],"_links":{"self":[{"href":"https:\/\/iha-race.com\/de\/wp-json\/wp\/v2\/product\/230916","targetHints":{"allow":["GET"]}}],"collection":[{"href":"https:\/\/iha-race.com\/de\/wp-json\/wp\/v2\/product"}],"about":[{"href":"https:\/\/iha-race.com\/de\/wp-json\/wp\/v2\/types\/product"}],"replies":[{"embeddable":true,"href":"https:\/\/iha-race.com\/de\/wp-json\/wp\/v2\/comments?post=230916"}],"version-history":[{"count":2,"href":"https:\/\/iha-race.com\/de\/wp-json\/wp\/v2\/product\/230916\/revisions"}],"predecessor-version":[{"id":248626,"href":"https:\/\/iha-race.com\/de\/wp-json\/wp\/v2\/product\/230916\/revisions\/248626"}],"wp:featuredmedia":[{"embeddable":true,"href":"https:\/\/iha-race.com\/de\/wp-json\/wp\/v2\/media\/230487"}],"wp:attachment":[{"href":"https:\/\/iha-race.com\/de\/wp-json\/wp\/v2\/media?parent=230916"}],"wp:term":[{"taxonomy":"pwb-brand","embeddable":true,"href":"https:\/\/iha-race.com\/de\/wp-json\/wp\/v2\/pwb-brand?post=230916"},{"taxonomy":"product_cat","embeddable":true,"href":"https:\/\/iha-race.com\/de\/wp-json\/wp\/v2\/product_cat?post=230916"},{"taxonomy":"product_tag","embeddable":true,"href":"https:\/\/iha-race.com\/de\/wp-json\/wp\/v2\/product_tag?post=230916"}],"curies":[{"name":"wp","href":"https:\/\/api.w.org\/{rel}","templated":true}]}}