{"id":230849,"date":"2023-03-21T18:40:01","date_gmt":"2023-03-21T17:40:01","guid":{"rendered":"https:\/\/iha-race.com\/producto\/dji-mavic-3-enterprise-akku-ladestation\/"},"modified":"2024-08-29T11:21:49","modified_gmt":"2024-08-29T09:21:49","slug":"dji-mavic-3-enterprise-batterie-aufladestation","status":"publish","type":"product","link":"https:\/\/iha-race.com\/de\/producto\/dji-mavic-3-enterprise-batterie-aufladestation\/","title":{"rendered":"DJI Mavic 3 Enterprise &#8211; Akku-Ladestation"},"content":{"rendered":"<h1>DJI Mavic 3 Enterprise &#8211; Akku-Ladestation (100W)<\/h1>\n<p><strong>\u00dcbersicht<\/strong> Wenn die DJI Mavic 3 Akku-Ladehalterung (100 W) an ein tragbares Ladeger\u00e4t oder ein Autoladeger\u00e4t angeschlossen wird, kann die Anzahl der Ladeanschl\u00fcsse auf drei erh\u00f6ht werden.<br \/>\nEr kann die Akkus nacheinander aufladen, vom h\u00f6chsten zum niedrigsten Ladezustand, was die Ladeeffizienz deutlich erh\u00f6ht. <strong>Bemerkenswerte Eigenschaften<\/strong> Wenn der DJI Mavic 3 Charging Hub (100W) an ein tragbares Ladeger\u00e4t oder Autoladeger\u00e4t mit 100W angeschlossen ist, kann er bis zu drei Akkus nacheinander aufladen. <strong>Tipps<\/strong> <\/p>\n<ol>\n<li>Der Lastschwerpunkt dient lediglich der Vergr\u00f6\u00dferung der Lastschnittstellen. Es wird empfohlen, einen DJI USB-C-Netzadapter (100 W) f\u00fcr die Stromversorgung zu verwenden.<\/li>\n<li>Die Ladestation ist nur mit BWX260-5000-15.4 smart flight Akkus kompatibel. Versuchen Sie NICHT, die Ladestation mit anderen Akkumodellen zu verwenden.<\/li>\n<li>Stellen Sie das Lastzentrum w\u00e4hrend des Gebrauchs auf eine glatte und stabile Oberfl\u00e4che. Vergewissern Sie sich, dass das Ger\u00e4t ordnungsgem\u00e4\u00df isoliert ist, um die Gefahr eines Brandes zu vermeiden.<\/li>\n<li>Versuchen Sie NICHT, die Metallpole des Batteriegeh\u00e4uses zu ber\u00fchren.<\/li>\n<li>Reinigen Sie die Metallpole des Batteriegeh\u00e4uses mit einem sauberen, trockenen Tuch, wenn sichtbarer Schmutz vorhanden ist.<\/li>\n<\/ol>\n<p><strong>Spezifikationen<\/strong><\/p>\n<ul>\n<li>Abmessungen: 150 \u00d7 55 \u00d7 28 mm ((L. \u00d7 B. \u00d7 H.)<\/li>\n<li>Gewicht: 116 g<\/li>\n<li>Betriebstemperatur: 5 bis 40 \u00b0C (41 bis 104 \u00b0F)<\/li>\n<li>Eingang: 5-20 V, max. 5 A<\/li>\n<li>Aufladezeit: ca. 1 Stunde und 10 Minuten (eine Batterie)*.<\/li>\n<\/ul>\n<p>* <em> Gemessen mit dem DJI USB-C (100 W) Power Adapter DJI<\/em> Mavic 3 Intelligent Flight Battery<strong>Compatibility<\/strong> <strong>Packungsinhalt<\/strong><\/p>\n<ul>\n<li>1 x DJI Mavic 3 Akku-Ladestation (100 W)<\/li>\n<\/ul>\n","protected":false},"excerpt":{"rendered":"<p>DJI Mavic 3 Enterprise &#8211; Akku-Ladestation (100W) \u00dcbersicht Wenn die DJI Mavic 3 Akku-Ladehalterung (100 W) an ein tragbares Ladeger\u00e4t oder ein Autoladeger\u00e4t angeschlossen wird, kann die Anzahl der Ladeanschl\u00fcsse<\/p>\n","protected":false},"featured_media":0,"comment_status":"open","ping_status":"closed","template":"","meta":{"_joinchat":[]},"pwb-brand":[],"product_cat":[3328],"product_tag":[],"class_list":{"0":"post-230849","1":"product","2":"type-product","3":"status-publish","5":"product_cat-dji-de","7":"first","8":"instock","9":"taxable","10":"shipping-taxable","11":"purchasable","12":"product-type-simple"},"barcode":null,"atum_controlled":true,"out_stock_date":null,"out_stock_threshold":null,"inheritable":false,"stock_on_hold":0,"sold_today":0,"sales_last_days":0,"out_stock_days":0,"lost_sales":0,"update_date":"2026-04-08T16:51:53","atum_locations":[],"atum_stock_status":"instock","restock_status":false,"low_stock_amount":"","sales_update_date":"2024-01-05T08:18:51","calc_backorders":null,"yoast_head":"<!-- This site is optimized with the Yoast SEO plugin v27.3 - https:\/\/yoast.com\/product\/yoast-seo-wordpress\/ -->\n<title>DJI Mavic 3 Enterprise - Akku-Ladestation - Iha Race<\/title>\n<meta name=\"robots\" content=\"index, follow, max-snippet:-1, max-image-preview:large, max-video-preview:-1\" \/>\n<link rel=\"canonical\" href=\"https:\/\/iha-race.com\/de\/producto\/dji-mavic-3-enterprise-batterie-aufladestation\/\" \/>\n<meta property=\"og:locale\" content=\"de_DE\" \/>\n<meta property=\"og:type\" content=\"article\" \/>\n<meta property=\"og:title\" content=\"DJI Mavic 3 Enterprise - Akku-Ladestation - Iha Race\" \/>\n<meta property=\"og:description\" content=\"DJI Mavic 3 Enterprise &#8211; Akku-Ladestation (100W) \u00dcbersicht Wenn die DJI Mavic 3 Akku-Ladehalterung (100 W) an ein tragbares Ladeger\u00e4t oder ein Autoladeger\u00e4t angeschlossen wird, kann die Anzahl der Ladeanschl\u00fcsse\" \/>\n<meta property=\"og:url\" content=\"https:\/\/iha-race.com\/de\/producto\/dji-mavic-3-enterprise-batterie-aufladestation\/\" \/>\n<meta property=\"og:site_name\" content=\"Iha Race\" \/>\n<meta property=\"article:modified_time\" content=\"2024-08-29T09:21:49+00:00\" \/>\n<meta name=\"twitter:card\" content=\"summary_large_image\" \/>\n<meta name=\"twitter:label1\" content=\"Gesch\u00e4tzte Lesezeit\" \/>\n\t<meta name=\"twitter:data1\" content=\"1\u00a0Minute\" \/>\n<script type=\"application\/ld+json\" class=\"yoast-schema-graph\">{\"@context\":\"https:\\\/\\\/schema.org\",\"@graph\":[{\"@type\":\"WebPage\",\"@id\":\"https:\\\/\\\/iha-race.com\\\/de\\\/producto\\\/dji-mavic-3-enterprise-batterie-aufladestation\\\/\",\"url\":\"https:\\\/\\\/iha-race.com\\\/de\\\/producto\\\/dji-mavic-3-enterprise-batterie-aufladestation\\\/\",\"name\":\"DJI Mavic 3 Enterprise - Akku-Ladestation - Iha Race\",\"isPartOf\":{\"@id\":\"https:\\\/\\\/iha-race.com\\\/de\\\/#website\"},\"datePublished\":\"2023-03-21T17:40:01+00:00\",\"dateModified\":\"2024-08-29T09:21:49+00:00\",\"breadcrumb\":{\"@id\":\"https:\\\/\\\/iha-race.com\\\/de\\\/producto\\\/dji-mavic-3-enterprise-batterie-aufladestation\\\/#breadcrumb\"},\"inLanguage\":\"de\",\"potentialAction\":[{\"@type\":\"ReadAction\",\"target\":[\"https:\\\/\\\/iha-race.com\\\/de\\\/producto\\\/dji-mavic-3-enterprise-batterie-aufladestation\\\/\"]}]},{\"@type\":\"BreadcrumbList\",\"@id\":\"https:\\\/\\\/iha-race.com\\\/de\\\/producto\\\/dji-mavic-3-enterprise-batterie-aufladestation\\\/#breadcrumb\",\"itemListElement\":[{\"@type\":\"ListItem\",\"position\":1,\"name\":\"Portada\",\"item\":\"https:\\\/\\\/iha-race.com\\\/de\\\/elementor-499\\\/\"},{\"@type\":\"ListItem\",\"position\":2,\"name\":\"Shop\",\"item\":\"https:\\\/\\\/iha-race.com\\\/de\\\/shop\\\/\"},{\"@type\":\"ListItem\",\"position\":3,\"name\":\"DJI Mavic 3 Enterprise &#8211; Akku-Ladestation\"}]},{\"@type\":\"WebSite\",\"@id\":\"https:\\\/\\\/iha-race.com\\\/de\\\/#website\",\"url\":\"https:\\\/\\\/iha-race.com\\\/de\\\/\",\"name\":\"Iha Race\",\"description\":\"Comprar drones de carreras FPV env\u00edos en un d\u00eda desde Espa\u00f1a\",\"publisher\":{\"@id\":\"https:\\\/\\\/iha-race.com\\\/de\\\/#organization\"},\"potentialAction\":[{\"@type\":\"SearchAction\",\"target\":{\"@type\":\"EntryPoint\",\"urlTemplate\":\"https:\\\/\\\/iha-race.com\\\/de\\\/?s={search_term_string}\"},\"query-input\":{\"@type\":\"PropertyValueSpecification\",\"valueRequired\":true,\"valueName\":\"search_term_string\"}}],\"inLanguage\":\"de\"},{\"@type\":\"Organization\",\"@id\":\"https:\\\/\\\/iha-race.com\\\/de\\\/#organization\",\"name\":\"Iha Race\",\"url\":\"https:\\\/\\\/iha-race.com\\\/de\\\/\",\"logo\":{\"@type\":\"ImageObject\",\"inLanguage\":\"de\",\"@id\":\"https:\\\/\\\/iha-race.com\\\/de\\\/#\\\/schema\\\/logo\\\/image\\\/\",\"url\":\"https:\\\/\\\/iha-race.com\\\/wp-content\\\/uploads\\\/2018\\\/07\\\/iha-race-drones-de-carreras-tienda-comprar-drones.png\",\"contentUrl\":\"https:\\\/\\\/iha-race.com\\\/wp-content\\\/uploads\\\/2018\\\/07\\\/iha-race-drones-de-carreras-tienda-comprar-drones.png\",\"width\":300,\"height\":100,\"caption\":\"Iha Race\"},\"image\":{\"@id\":\"https:\\\/\\\/iha-race.com\\\/de\\\/#\\\/schema\\\/logo\\\/image\\\/\"}}]}<\/script>\n<!-- \/ Yoast SEO plugin. -->","yoast_head_json":{"title":"DJI Mavic 3 Enterprise - Akku-Ladestation - Iha Race","robots":{"index":"index","follow":"follow","max-snippet":"max-snippet:-1","max-image-preview":"max-image-preview:large","max-video-preview":"max-video-preview:-1"},"canonical":"https:\/\/iha-race.com\/de\/producto\/dji-mavic-3-enterprise-batterie-aufladestation\/","og_locale":"de_DE","og_type":"article","og_title":"DJI Mavic 3 Enterprise - Akku-Ladestation - Iha Race","og_description":"DJI Mavic 3 Enterprise &#8211; Akku-Ladestation (100W) \u00dcbersicht Wenn die DJI Mavic 3 Akku-Ladehalterung (100 W) an ein tragbares Ladeger\u00e4t oder ein Autoladeger\u00e4t angeschlossen wird, kann die Anzahl der Ladeanschl\u00fcsse","og_url":"https:\/\/iha-race.com\/de\/producto\/dji-mavic-3-enterprise-batterie-aufladestation\/","og_site_name":"Iha Race","article_modified_time":"2024-08-29T09:21:49+00:00","twitter_card":"summary_large_image","twitter_misc":{"Gesch\u00e4tzte Lesezeit":"1\u00a0Minute"},"schema":{"@context":"https:\/\/schema.org","@graph":[{"@type":"WebPage","@id":"https:\/\/iha-race.com\/de\/producto\/dji-mavic-3-enterprise-batterie-aufladestation\/","url":"https:\/\/iha-race.com\/de\/producto\/dji-mavic-3-enterprise-batterie-aufladestation\/","name":"DJI Mavic 3 Enterprise - Akku-Ladestation - Iha Race","isPartOf":{"@id":"https:\/\/iha-race.com\/de\/#website"},"datePublished":"2023-03-21T17:40:01+00:00","dateModified":"2024-08-29T09:21:49+00:00","breadcrumb":{"@id":"https:\/\/iha-race.com\/de\/producto\/dji-mavic-3-enterprise-batterie-aufladestation\/#breadcrumb"},"inLanguage":"de","potentialAction":[{"@type":"ReadAction","target":["https:\/\/iha-race.com\/de\/producto\/dji-mavic-3-enterprise-batterie-aufladestation\/"]}]},{"@type":"BreadcrumbList","@id":"https:\/\/iha-race.com\/de\/producto\/dji-mavic-3-enterprise-batterie-aufladestation\/#breadcrumb","itemListElement":[{"@type":"ListItem","position":1,"name":"Portada","item":"https:\/\/iha-race.com\/de\/elementor-499\/"},{"@type":"ListItem","position":2,"name":"Shop","item":"https:\/\/iha-race.com\/de\/shop\/"},{"@type":"ListItem","position":3,"name":"DJI Mavic 3 Enterprise &#8211; Akku-Ladestation"}]},{"@type":"WebSite","@id":"https:\/\/iha-race.com\/de\/#website","url":"https:\/\/iha-race.com\/de\/","name":"Iha Race","description":"Comprar drones de carreras FPV env\u00edos en un d\u00eda desde Espa\u00f1a","publisher":{"@id":"https:\/\/iha-race.com\/de\/#organization"},"potentialAction":[{"@type":"SearchAction","target":{"@type":"EntryPoint","urlTemplate":"https:\/\/iha-race.com\/de\/?s={search_term_string}"},"query-input":{"@type":"PropertyValueSpecification","valueRequired":true,"valueName":"search_term_string"}}],"inLanguage":"de"},{"@type":"Organization","@id":"https:\/\/iha-race.com\/de\/#organization","name":"Iha Race","url":"https:\/\/iha-race.com\/de\/","logo":{"@type":"ImageObject","inLanguage":"de","@id":"https:\/\/iha-race.com\/de\/#\/schema\/logo\/image\/","url":"https:\/\/iha-race.com\/wp-content\/uploads\/2018\/07\/iha-race-drones-de-carreras-tienda-comprar-drones.png","contentUrl":"https:\/\/iha-race.com\/wp-content\/uploads\/2018\/07\/iha-race-drones-de-carreras-tienda-comprar-drones.png","width":300,"height":100,"caption":"Iha Race"},"image":{"@id":"https:\/\/iha-race.com\/de\/#\/schema\/logo\/image\/"}}]}},"brands":[],"_links":{"self":[{"href":"https:\/\/iha-race.com\/de\/wp-json\/wp\/v2\/product\/230849","targetHints":{"allow":["GET"]}}],"collection":[{"href":"https:\/\/iha-race.com\/de\/wp-json\/wp\/v2\/product"}],"about":[{"href":"https:\/\/iha-race.com\/de\/wp-json\/wp\/v2\/types\/product"}],"replies":[{"embeddable":true,"href":"https:\/\/iha-race.com\/de\/wp-json\/wp\/v2\/comments?post=230849"}],"version-history":[{"count":1,"href":"https:\/\/iha-race.com\/de\/wp-json\/wp\/v2\/product\/230849\/revisions"}],"predecessor-version":[{"id":248556,"href":"https:\/\/iha-race.com\/de\/wp-json\/wp\/v2\/product\/230849\/revisions\/248556"}],"wp:attachment":[{"href":"https:\/\/iha-race.com\/de\/wp-json\/wp\/v2\/media?parent=230849"}],"wp:term":[{"taxonomy":"pwb-brand","embeddable":true,"href":"https:\/\/iha-race.com\/de\/wp-json\/wp\/v2\/pwb-brand?post=230849"},{"taxonomy":"product_cat","embeddable":true,"href":"https:\/\/iha-race.com\/de\/wp-json\/wp\/v2\/product_cat?post=230849"},{"taxonomy":"product_tag","embeddable":true,"href":"https:\/\/iha-race.com\/de\/wp-json\/wp\/v2\/product_tag?post=230849"}],"curies":[{"name":"wp","href":"https:\/\/api.w.org\/{rel}","templated":true}]}}