{"id":230810,"date":"2023-03-23T16:03:05","date_gmt":"2023-03-23T15:03:05","guid":{"rendered":"https:\/\/iha-race.com\/producto\/defender-25-rahmensatz\/"},"modified":"2024-12-12T11:37:38","modified_gmt":"2024-12-12T10:37:38","slug":"frame-defender-kit-25","status":"publish","type":"product","link":"https:\/\/iha-race.com\/de\/producto\/frame-defender-kit-25\/","title":{"rendered":"Defender 25 Rahmensatz"},"content":{"rendered":"<h2><span data-sheets-value=\"{\"1\":2,\"2\":\"Kit de cuadro Defender 25\"}\" data-sheets-userformat=\"{\"2\":14977,\"3\":{\"1\":0},\"10\":2,\"12\":0,\"14\":{\"1\":2,\"2\":-654311424},\"15\":\"roboto, blinkmacsystemfont, \\\"segoe ui\\\", \\\"helvetica neue\\\", Helvetica, Arial, \\\"pingfang sc\\\", -apple-system, \\\"noto sans sc\\\", \\\"hiragino sans gb\\\", \\\"noto sans\\\", \\\"microsoft yahei\\\", \u5fae\u8f6f\u96c5\u9ed1, \\\"wenquanyi micro hei\\\", \\\"heiti sc\\\", sans-serif\",\"16\":12}\">Defender 25 Rahmensatz<\/span><\/h2>\n<p><iframe title=\"Defender 25 | Fly Bold\" width=\"1200\" height=\"675\" src=\"https:\/\/www.youtube.com\/embed\/ySA3Oupf2OE?feature=oembed\" frameborder=\"0\" allow=\"accelerometer; autoplay; clipboard-write; encrypted-media; gyroscope; picture-in-picture; web-share\" referrerpolicy=\"strict-origin-when-cross-origin\" allowfullscreen><\/iframe><\/p>\n<div class=\"temp-specs-tr\">\n<h3 class=\"temp-specs-td name\">Kompatibilit\u00e4t<\/h3>\n<div class=\"temp-specs-td value\">\n<p>Akku mit XT30-Anschluss, z. B. 650mAh \/ 850mAh \/ 1100mAh. Sie m\u00fcssen ein wenig selbst Hand anlegen, um Ihre Batterie zusammenzuhalten.<\/p>\n<\/div>\n<\/div>\n<div class=\"temp-specs-tr\">\n<h2 class=\"temp-specs-td name\">Beschreibung<\/h2>\n<div class=\"temp-specs-td value\">\n<p><b>Klein aber oho<\/b><\/p>\n<p>Die eingebauten 2,5-Zoll-Propellerschutzvorrichtungen wurden entwickelt, um mutig zu fliegen. Sie werden eine v\u00f6llig neue kreative Freiheit erleben und fliegen, wann und wo immer Sie wollen. Der robuste Spritzgussrahmen verhindert nicht nur Sch\u00e4den an Ihren Motoren oder Propellern, sondern sch\u00fctzt auch die Umwelt vor kleinen Flugfehlern.<\/p>\n<p>Au\u00dferdem haben wir eine spezielle Kamerahalterung mit Vibrationsd\u00e4mpfung eingebaut, um Ihre Rohaufnahmen so ruhig wie m\u00f6glich zu halten und gute Kreiseldaten f\u00fcr die integrierte oder r\u00fcckw\u00e4rtige Kamerastabilisierung zu gew\u00e4hrleisten.<\/p>\n<\/div>\n<\/div>\n<div class=\"temp-specs-tr\">\n<h3 class=\"temp-specs-td name\">Spezifikationen<\/h3>\n<div class=\"temp-specs-td value\">\n<ul>\n<li>Produktbezeichnung: Defender 25 Rahmensatz<\/li>\n<li>Abstand von Rahmenmitte zu Rahmenmitte: 112 \u00b1 2 mm<\/li>\n<li>Abmessungen des Rahmens: L158*B155*H37,5 mm<\/li>\n<li>Armst\u00e4rke: 2,5 mm<\/li>\n<li>Dicke der Deckplatte: 2,5 mm<\/li>\n<li>Motorbefestigung: 9&#215;9 mm-\u03c62 mm<\/li>\n<li>VTX-Montage: 25,5*25,5\/\u03a61,6 mm<\/li>\n<\/ul>\n<\/div>\n<\/div>\n<div class=\"temp-specs-tr\">\n<h3 class=\"temp-specs-td name\">Das Paket umfasst<\/h3>\n<div class=\"temp-specs-td value\">\n<ul>\n<li>1 x Defender 25 Rahmensatz<\/li>\n<li>1 x Funkenschutzvorrichtung.<\/li>\n<li>1 x Beutel mit Schrauben<\/li>\n<\/ul>\n<\/div>\n<\/div>\n","protected":false},"excerpt":{"rendered":"<p>Defender 25 Rahmensatz Kompatibilit\u00e4t Akku mit XT30-Anschluss, z. B. 650mAh \/ 850mAh \/ 1100mAh. Sie m\u00fcssen ein wenig selbst Hand anlegen, um Ihre Batterie zusammenzuhalten. Beschreibung Klein aber oho Die<\/p>\n","protected":false},"featured_media":227031,"comment_status":"open","ping_status":"closed","template":"","meta":{"_joinchat":[]},"pwb-brand":[],"product_cat":[2579,3669,4115],"product_tag":[],"class_list":{"0":"post-230810","1":"product","2":"type-product","3":"status-publish","4":"has-post-thumbnail","6":"product_cat-fpv-drohnen","7":"product_cat-rahmen","8":"product_cat-schwarzer-freitag-2024","10":"first","11":"instock","12":"taxable","13":"shipping-taxable","14":"purchasable","15":"product-type-simple"},"barcode":null,"atum_controlled":true,"out_stock_date":null,"out_stock_threshold":null,"inheritable":false,"stock_on_hold":0,"sold_today":0,"sales_last_days":0,"out_stock_days":0,"lost_sales":0,"update_date":"2026-04-18T17:57:52","atum_locations":[],"atum_stock_status":"instock","restock_status":false,"low_stock_amount":"","sales_update_date":"2026-04-18T17:57:52","calc_backorders":null,"yoast_head":"<!-- This site is optimized with the Yoast SEO plugin v27.3 - https:\/\/yoast.com\/product\/yoast-seo-wordpress\/ -->\n<title>Defender 25 Rahmensatz - Iha Race<\/title>\n<meta name=\"robots\" content=\"index, follow, max-snippet:-1, max-image-preview:large, max-video-preview:-1\" \/>\n<link rel=\"canonical\" href=\"https:\/\/iha-race.com\/de\/producto\/frame-defender-kit-25\/\" \/>\n<meta property=\"og:locale\" content=\"de_DE\" \/>\n<meta property=\"og:type\" content=\"article\" \/>\n<meta property=\"og:title\" content=\"Defender 25 Rahmensatz - Iha Race\" \/>\n<meta property=\"og:description\" content=\"Defender 25 Rahmensatz Kompatibilit\u00e4t Akku mit XT30-Anschluss, z. B. 650mAh \/ 850mAh \/ 1100mAh. Sie m\u00fcssen ein wenig selbst Hand anlegen, um Ihre Batterie zusammenzuhalten. Beschreibung Klein aber oho Die\" \/>\n<meta property=\"og:url\" content=\"https:\/\/iha-race.com\/de\/producto\/frame-defender-kit-25\/\" \/>\n<meta property=\"og:site_name\" content=\"Iha Race\" \/>\n<meta property=\"article:modified_time\" content=\"2024-12-12T10:37:38+00:00\" \/>\n<meta property=\"og:image\" content=\"https:\/\/iha-race.com\/wp-content\/uploads\/2023\/03\/Kit-de-cuadro-Defender-25.png\" \/>\n\t<meta property=\"og:image:width\" content=\"2500\" \/>\n\t<meta property=\"og:image:height\" content=\"2500\" \/>\n\t<meta property=\"og:image:type\" content=\"image\/png\" \/>\n<meta name=\"twitter:card\" content=\"summary_large_image\" \/>\n<meta name=\"twitter:label1\" content=\"Gesch\u00e4tzte Lesezeit\" \/>\n\t<meta name=\"twitter:data1\" content=\"1\u00a0Minute\" \/>\n<script type=\"application\/ld+json\" class=\"yoast-schema-graph\">{\"@context\":\"https:\\\/\\\/schema.org\",\"@graph\":[{\"@type\":\"WebPage\",\"@id\":\"https:\\\/\\\/iha-race.com\\\/de\\\/producto\\\/frame-defender-kit-25\\\/\",\"url\":\"https:\\\/\\\/iha-race.com\\\/de\\\/producto\\\/frame-defender-kit-25\\\/\",\"name\":\"Defender 25 Rahmensatz - Iha Race\",\"isPartOf\":{\"@id\":\"https:\\\/\\\/iha-race.com\\\/de\\\/#website\"},\"primaryImageOfPage\":{\"@id\":\"https:\\\/\\\/iha-race.com\\\/de\\\/producto\\\/frame-defender-kit-25\\\/#primaryimage\"},\"image\":{\"@id\":\"https:\\\/\\\/iha-race.com\\\/de\\\/producto\\\/frame-defender-kit-25\\\/#primaryimage\"},\"thumbnailUrl\":\"https:\\\/\\\/iha-race.com\\\/wp-content\\\/uploads\\\/2023\\\/03\\\/Kit-de-cuadro-Defender-25.png\",\"datePublished\":\"2023-03-23T15:03:05+00:00\",\"dateModified\":\"2024-12-12T10:37:38+00:00\",\"breadcrumb\":{\"@id\":\"https:\\\/\\\/iha-race.com\\\/de\\\/producto\\\/frame-defender-kit-25\\\/#breadcrumb\"},\"inLanguage\":\"de\",\"potentialAction\":[{\"@type\":\"ReadAction\",\"target\":[\"https:\\\/\\\/iha-race.com\\\/de\\\/producto\\\/frame-defender-kit-25\\\/\"]}]},{\"@type\":\"ImageObject\",\"inLanguage\":\"de\",\"@id\":\"https:\\\/\\\/iha-race.com\\\/de\\\/producto\\\/frame-defender-kit-25\\\/#primaryimage\",\"url\":\"https:\\\/\\\/iha-race.com\\\/wp-content\\\/uploads\\\/2023\\\/03\\\/Kit-de-cuadro-Defender-25.png\",\"contentUrl\":\"https:\\\/\\\/iha-race.com\\\/wp-content\\\/uploads\\\/2023\\\/03\\\/Kit-de-cuadro-Defender-25.png\",\"width\":2500,\"height\":2500,\"caption\":\"Comprar Kit de cuadro Defender 25\"},{\"@type\":\"BreadcrumbList\",\"@id\":\"https:\\\/\\\/iha-race.com\\\/de\\\/producto\\\/frame-defender-kit-25\\\/#breadcrumb\",\"itemListElement\":[{\"@type\":\"ListItem\",\"position\":1,\"name\":\"Portada\",\"item\":\"https:\\\/\\\/iha-race.com\\\/de\\\/elementor-499\\\/\"},{\"@type\":\"ListItem\",\"position\":2,\"name\":\"Shop\",\"item\":\"https:\\\/\\\/iha-race.com\\\/de\\\/shop\\\/\"},{\"@type\":\"ListItem\",\"position\":3,\"name\":\"Defender 25 Rahmensatz\"}]},{\"@type\":\"WebSite\",\"@id\":\"https:\\\/\\\/iha-race.com\\\/de\\\/#website\",\"url\":\"https:\\\/\\\/iha-race.com\\\/de\\\/\",\"name\":\"Iha Race\",\"description\":\"Comprar drones de carreras FPV env\u00edos en un d\u00eda desde Espa\u00f1a\",\"publisher\":{\"@id\":\"https:\\\/\\\/iha-race.com\\\/de\\\/#organization\"},\"potentialAction\":[{\"@type\":\"SearchAction\",\"target\":{\"@type\":\"EntryPoint\",\"urlTemplate\":\"https:\\\/\\\/iha-race.com\\\/de\\\/?s={search_term_string}\"},\"query-input\":{\"@type\":\"PropertyValueSpecification\",\"valueRequired\":true,\"valueName\":\"search_term_string\"}}],\"inLanguage\":\"de\"},{\"@type\":\"Organization\",\"@id\":\"https:\\\/\\\/iha-race.com\\\/de\\\/#organization\",\"name\":\"Iha Race\",\"url\":\"https:\\\/\\\/iha-race.com\\\/de\\\/\",\"logo\":{\"@type\":\"ImageObject\",\"inLanguage\":\"de\",\"@id\":\"https:\\\/\\\/iha-race.com\\\/de\\\/#\\\/schema\\\/logo\\\/image\\\/\",\"url\":\"https:\\\/\\\/iha-race.com\\\/wp-content\\\/uploads\\\/2018\\\/07\\\/iha-race-drones-de-carreras-tienda-comprar-drones.png\",\"contentUrl\":\"https:\\\/\\\/iha-race.com\\\/wp-content\\\/uploads\\\/2018\\\/07\\\/iha-race-drones-de-carreras-tienda-comprar-drones.png\",\"width\":300,\"height\":100,\"caption\":\"Iha Race\"},\"image\":{\"@id\":\"https:\\\/\\\/iha-race.com\\\/de\\\/#\\\/schema\\\/logo\\\/image\\\/\"}}]}<\/script>\n<!-- \/ Yoast SEO plugin. -->","yoast_head_json":{"title":"Defender 25 Rahmensatz - Iha Race","robots":{"index":"index","follow":"follow","max-snippet":"max-snippet:-1","max-image-preview":"max-image-preview:large","max-video-preview":"max-video-preview:-1"},"canonical":"https:\/\/iha-race.com\/de\/producto\/frame-defender-kit-25\/","og_locale":"de_DE","og_type":"article","og_title":"Defender 25 Rahmensatz - Iha Race","og_description":"Defender 25 Rahmensatz Kompatibilit\u00e4t Akku mit XT30-Anschluss, z. B. 650mAh \/ 850mAh \/ 1100mAh. Sie m\u00fcssen ein wenig selbst Hand anlegen, um Ihre Batterie zusammenzuhalten. Beschreibung Klein aber oho Die","og_url":"https:\/\/iha-race.com\/de\/producto\/frame-defender-kit-25\/","og_site_name":"Iha Race","article_modified_time":"2024-12-12T10:37:38+00:00","og_image":[{"width":2500,"height":2500,"url":"https:\/\/iha-race.com\/wp-content\/uploads\/2023\/03\/Kit-de-cuadro-Defender-25.png","type":"image\/png"}],"twitter_card":"summary_large_image","twitter_misc":{"Gesch\u00e4tzte Lesezeit":"1\u00a0Minute"},"schema":{"@context":"https:\/\/schema.org","@graph":[{"@type":"WebPage","@id":"https:\/\/iha-race.com\/de\/producto\/frame-defender-kit-25\/","url":"https:\/\/iha-race.com\/de\/producto\/frame-defender-kit-25\/","name":"Defender 25 Rahmensatz - Iha Race","isPartOf":{"@id":"https:\/\/iha-race.com\/de\/#website"},"primaryImageOfPage":{"@id":"https:\/\/iha-race.com\/de\/producto\/frame-defender-kit-25\/#primaryimage"},"image":{"@id":"https:\/\/iha-race.com\/de\/producto\/frame-defender-kit-25\/#primaryimage"},"thumbnailUrl":"https:\/\/iha-race.com\/wp-content\/uploads\/2023\/03\/Kit-de-cuadro-Defender-25.png","datePublished":"2023-03-23T15:03:05+00:00","dateModified":"2024-12-12T10:37:38+00:00","breadcrumb":{"@id":"https:\/\/iha-race.com\/de\/producto\/frame-defender-kit-25\/#breadcrumb"},"inLanguage":"de","potentialAction":[{"@type":"ReadAction","target":["https:\/\/iha-race.com\/de\/producto\/frame-defender-kit-25\/"]}]},{"@type":"ImageObject","inLanguage":"de","@id":"https:\/\/iha-race.com\/de\/producto\/frame-defender-kit-25\/#primaryimage","url":"https:\/\/iha-race.com\/wp-content\/uploads\/2023\/03\/Kit-de-cuadro-Defender-25.png","contentUrl":"https:\/\/iha-race.com\/wp-content\/uploads\/2023\/03\/Kit-de-cuadro-Defender-25.png","width":2500,"height":2500,"caption":"Comprar Kit de cuadro Defender 25"},{"@type":"BreadcrumbList","@id":"https:\/\/iha-race.com\/de\/producto\/frame-defender-kit-25\/#breadcrumb","itemListElement":[{"@type":"ListItem","position":1,"name":"Portada","item":"https:\/\/iha-race.com\/de\/elementor-499\/"},{"@type":"ListItem","position":2,"name":"Shop","item":"https:\/\/iha-race.com\/de\/shop\/"},{"@type":"ListItem","position":3,"name":"Defender 25 Rahmensatz"}]},{"@type":"WebSite","@id":"https:\/\/iha-race.com\/de\/#website","url":"https:\/\/iha-race.com\/de\/","name":"Iha Race","description":"Comprar drones de carreras FPV env\u00edos en un d\u00eda desde Espa\u00f1a","publisher":{"@id":"https:\/\/iha-race.com\/de\/#organization"},"potentialAction":[{"@type":"SearchAction","target":{"@type":"EntryPoint","urlTemplate":"https:\/\/iha-race.com\/de\/?s={search_term_string}"},"query-input":{"@type":"PropertyValueSpecification","valueRequired":true,"valueName":"search_term_string"}}],"inLanguage":"de"},{"@type":"Organization","@id":"https:\/\/iha-race.com\/de\/#organization","name":"Iha Race","url":"https:\/\/iha-race.com\/de\/","logo":{"@type":"ImageObject","inLanguage":"de","@id":"https:\/\/iha-race.com\/de\/#\/schema\/logo\/image\/","url":"https:\/\/iha-race.com\/wp-content\/uploads\/2018\/07\/iha-race-drones-de-carreras-tienda-comprar-drones.png","contentUrl":"https:\/\/iha-race.com\/wp-content\/uploads\/2018\/07\/iha-race-drones-de-carreras-tienda-comprar-drones.png","width":300,"height":100,"caption":"Iha Race"},"image":{"@id":"https:\/\/iha-race.com\/de\/#\/schema\/logo\/image\/"}}]}},"jetpack_sharing_enabled":true,"brands":[],"_links":{"self":[{"href":"https:\/\/iha-race.com\/de\/wp-json\/wp\/v2\/product\/230810","targetHints":{"allow":["GET"]}}],"collection":[{"href":"https:\/\/iha-race.com\/de\/wp-json\/wp\/v2\/product"}],"about":[{"href":"https:\/\/iha-race.com\/de\/wp-json\/wp\/v2\/types\/product"}],"replies":[{"embeddable":true,"href":"https:\/\/iha-race.com\/de\/wp-json\/wp\/v2\/comments?post=230810"}],"version-history":[{"count":3,"href":"https:\/\/iha-race.com\/de\/wp-json\/wp\/v2\/product\/230810\/revisions"}],"predecessor-version":[{"id":252522,"href":"https:\/\/iha-race.com\/de\/wp-json\/wp\/v2\/product\/230810\/revisions\/252522"}],"wp:featuredmedia":[{"embeddable":true,"href":"https:\/\/iha-race.com\/de\/wp-json\/wp\/v2\/media\/227031"}],"wp:attachment":[{"href":"https:\/\/iha-race.com\/de\/wp-json\/wp\/v2\/media?parent=230810"}],"wp:term":[{"taxonomy":"pwb-brand","embeddable":true,"href":"https:\/\/iha-race.com\/de\/wp-json\/wp\/v2\/pwb-brand?post=230810"},{"taxonomy":"product_cat","embeddable":true,"href":"https:\/\/iha-race.com\/de\/wp-json\/wp\/v2\/product_cat?post=230810"},{"taxonomy":"product_tag","embeddable":true,"href":"https:\/\/iha-race.com\/de\/wp-json\/wp\/v2\/product_tag?post=230810"}],"curies":[{"name":"wp","href":"https:\/\/api.w.org\/{rel}","templated":true}]}}