{"id":230622,"date":"2023-03-19T10:40:19","date_gmt":"2023-03-19T09:40:19","guid":{"rendered":"https:\/\/iha-race.com\/producto\/betafpv-cetus-lite-kamera-und-vtx-modul\/"},"modified":"2026-01-21T17:07:12","modified_gmt":"2026-01-21T16:07:12","slug":"betafpv-kamera-cetus-lite-und-modul-vtx","status":"publish","type":"product","link":"https:\/\/iha-race.com\/de\/producto\/betafpv-kamera-cetus-lite-und-modul-vtx\/","title":{"rendered":"BetaFPV Cetus Lite Kamera und VTX-Modul"},"content":{"rendered":"<h2>BetaFPV Cetus Lite Kamera und VTX-Modul<\/h2>\n<p>&nbsp;<\/p>\n<p><span>Die Cetus Lite-Kamera und das VTX-Modul werden zum Aufr\u00fcsten verwendet<\/span><a href=\"https:\/\/betafpv.com\/products\/cetus-lite-fpv-kit\"><span>Cetus Lite Bausatz<\/span><\/a><span>Kit zur Unterst\u00fctzung der Ego-Perspektive und auch das Ersatzteil f\u00fcr Cetus Lite FPV. <\/span>Die Cetus Lite Kamera und der VTX sind bereits vormontiert. Dank des Plug-and-Play-Anschlusses ist die Installation f\u00fcr Piloten sehr einfach und ohne L\u00f6ten m\u00f6glich.  <img decoding=\"async\" src=\"https:\/\/cdn.shopifycdn.net\/s\/files\/1\/1778\/6615\/files\/79da8860f6c964ff29d0cc335c794701_1d3be52c-aa79-4bee-94b0-67d188d14a57_1024x1024.jpg?v=1666777160\" alt=\"\"><\/p>\n<h2><span>Vignetten<\/span><\/h2>\n<ul>\n<li><span class=\"a-list-item\"><span>Miniatur und leichtes Design<\/span><span> wiegt nur 2,47 <\/span><span>g<\/span><span>  . Die Original-Kamera und der VTX f\u00fcr Cetus Lite.<\/span><\/span><\/li>\n<li><span class=\"a-list-item\"><span>Die Aufl\u00f6sung von 800TVL und der 1\/4&#8243; CMOS-Sensor garantieren eine gute Qualit\u00e4t und ein klares Bild.<\/span><\/span><\/li>\n<li><span class=\"a-list-item\"><span>Unterst\u00fctzt globales WDR mit einem Seitenverh\u00e4ltnis von 4:3, sodass Sie auch bei schlechten Lichtverh\u00e4ltnissen klare, dynamische Bilder aufnehmen k\u00f6nnen.<\/span><\/span><\/li>\n<li><span class=\"a-list-item\"><span>Mit einem 1,8-mm-Objektiv und einem Blickwinkel von 150\u00b0 kann sie weite und sch\u00f6ne Szenen aufnehmen.<\/span><\/span><\/li>\n<\/ul>\n<h3><\/h3>\n<h1><span>Spezifikation<\/span><\/h1>\n<ul>\n<li><span>Artikel: Cetus Lite Kamera und VTX-Modul<\/span><\/li>\n<li><span>Bildsensor: 1\/4&#8243; CMOS-Sensor<\/span><\/li>\n<li><span>Horizontal: 800TVL mit Global WDR<\/span><\/li>\n<li><span>VTX: 25mW<\/span><\/li>\n<li><span>Signalsystem: NTSC (4:3)<\/span><\/li>\n<li><span>Objektiv: 1,8 mm FOV 150 \u00b0.<\/span><\/li>\n<li><span>Au\u00dfendurchmesser der Linse: 10 mm<\/span><\/li>\n<li><span>Stromversorgung: DC 3,7 V-5,5 V<\/span><\/li>\n<li><span>Abmessung: 15,5*14,5*16mm<\/span><\/li>\n<li><span>Gewicht: 2,47 g (Kamera und VTX)<\/span><\/li>\n<\/ul>\n<p><img decoding=\"async\" src=\"https:\/\/cdn.shopifycdn.net\/s\/files\/1\/1778\/6615\/files\/468ef44610c31b5b50b747b4f9f5ee49_0dd16482-d2f1-49a0-9406-a1ee602213eb_600x600.jpg?v=1666788447\" alt=\"\"><\/p>\n<h1><\/h1>\n<h3><\/h3>\n<h1><span>Paket<\/span><\/h1>\n<ul>\n<li><span>1 * Cetus Lite Kamera und VTX-Modul<\/span><\/li>\n<li><span>1 * Befestigungsteil<\/span><\/li>\n<li><span>1 * Netzkabel<\/span><\/li>\n<li><span>4 * Schrauben<\/span><\/li>\n<\/ul>\n<p><img decoding=\"async\" src=\"https:\/\/cdn.shopifycdn.net\/s\/files\/1\/1778\/6615\/files\/36911c0904db1d481a24384dac5a57ea_0e32bb73-8a80-4112-9965-0e7742a1d1e7_600x600.jpg?v=1666788254\" alt=\"\"><\/p>\n","protected":false},"excerpt":{"rendered":"<p>BetaFPV Cetus Lite Kamera und VTX-Modul &nbsp; Die Cetus Lite-Kamera und das VTX-Modul werden zum Aufr\u00fcsten verwendetCetus Lite BausatzKit zur Unterst\u00fctzung der Ego-Perspektive und auch das Ersatzteil f\u00fcr Cetus Lite<\/p>\n","protected":false},"featured_media":226716,"comment_status":"open","ping_status":"closed","template":"","meta":{"_joinchat":[]},"pwb-brand":[],"product_cat":[2569,2554],"product_tag":[],"class_list":{"0":"post-230622","1":"product","2":"type-product","3":"status-publish","4":"has-post-thumbnail","6":"product_cat-analoge-kameras","7":"product_cat-fpv-kameras-de","9":"first","10":"instock","11":"taxable","12":"shipping-taxable","13":"purchasable","14":"product-type-simple"},"barcode":null,"atum_controlled":true,"out_stock_date":null,"out_stock_threshold":null,"inheritable":false,"stock_on_hold":0,"sold_today":0,"sales_last_days":0,"out_stock_days":0,"lost_sales":0,"update_date":"2026-04-18T09:22:03","atum_locations":[],"atum_stock_status":"instock","restock_status":false,"low_stock_amount":"","sales_update_date":"2026-04-18T09:22:03","calc_backorders":null,"yoast_head":"<!-- This site is optimized with the Yoast SEO plugin v27.3 - https:\/\/yoast.com\/product\/yoast-seo-wordpress\/ -->\n<title>BetaFPV Cetus Lite Kamera und VTX-Modul - Iha Race<\/title>\n<meta name=\"robots\" content=\"index, follow, max-snippet:-1, max-image-preview:large, max-video-preview:-1\" \/>\n<link rel=\"canonical\" href=\"https:\/\/iha-race.com\/de\/producto\/betafpv-kamera-cetus-lite-und-modul-vtx\/\" \/>\n<meta property=\"og:locale\" content=\"de_DE\" \/>\n<meta property=\"og:type\" content=\"article\" \/>\n<meta property=\"og:title\" content=\"BetaFPV Cetus Lite Kamera und VTX-Modul - Iha Race\" \/>\n<meta property=\"og:description\" content=\"BetaFPV Cetus Lite Kamera und VTX-Modul &nbsp; Die Cetus Lite-Kamera und das VTX-Modul werden zum Aufr\u00fcsten verwendetCetus Lite BausatzKit zur Unterst\u00fctzung der Ego-Perspektive und auch das Ersatzteil f\u00fcr Cetus Lite\" \/>\n<meta property=\"og:url\" content=\"https:\/\/iha-race.com\/de\/producto\/betafpv-kamera-cetus-lite-und-modul-vtx\/\" \/>\n<meta property=\"og:site_name\" content=\"Iha Race\" \/>\n<meta property=\"article:modified_time\" content=\"2026-01-21T16:07:12+00:00\" \/>\n<meta property=\"og:image\" content=\"https:\/\/iha-race.com\/wp-content\/uploads\/2023\/03\/BetaFPV-Camara-Cetus-Lite-y-modulo-VTX.webp\" \/>\n\t<meta property=\"og:image:width\" content=\"540\" \/>\n\t<meta property=\"og:image:height\" content=\"540\" \/>\n\t<meta property=\"og:image:type\" content=\"image\/webp\" \/>\n<meta name=\"twitter:card\" content=\"summary_large_image\" \/>\n<meta name=\"twitter:label1\" content=\"Gesch\u00e4tzte Lesezeit\" \/>\n\t<meta name=\"twitter:data1\" content=\"1\u00a0Minute\" \/>\n<script type=\"application\/ld+json\" class=\"yoast-schema-graph\">{\"@context\":\"https:\\\/\\\/schema.org\",\"@graph\":[{\"@type\":\"WebPage\",\"@id\":\"https:\\\/\\\/iha-race.com\\\/de\\\/producto\\\/betafpv-kamera-cetus-lite-und-modul-vtx\\\/\",\"url\":\"https:\\\/\\\/iha-race.com\\\/de\\\/producto\\\/betafpv-kamera-cetus-lite-und-modul-vtx\\\/\",\"name\":\"BetaFPV Cetus Lite Kamera und VTX-Modul - Iha Race\",\"isPartOf\":{\"@id\":\"https:\\\/\\\/iha-race.com\\\/de\\\/#website\"},\"primaryImageOfPage\":{\"@id\":\"https:\\\/\\\/iha-race.com\\\/de\\\/producto\\\/betafpv-kamera-cetus-lite-und-modul-vtx\\\/#primaryimage\"},\"image\":{\"@id\":\"https:\\\/\\\/iha-race.com\\\/de\\\/producto\\\/betafpv-kamera-cetus-lite-und-modul-vtx\\\/#primaryimage\"},\"thumbnailUrl\":\"https:\\\/\\\/iha-race.com\\\/wp-content\\\/uploads\\\/2023\\\/03\\\/BetaFPV-Camara-Cetus-Lite-y-modulo-VTX.webp\",\"datePublished\":\"2023-03-19T09:40:19+00:00\",\"dateModified\":\"2026-01-21T16:07:12+00:00\",\"breadcrumb\":{\"@id\":\"https:\\\/\\\/iha-race.com\\\/de\\\/producto\\\/betafpv-kamera-cetus-lite-und-modul-vtx\\\/#breadcrumb\"},\"inLanguage\":\"de\",\"potentialAction\":[{\"@type\":\"ReadAction\",\"target\":[\"https:\\\/\\\/iha-race.com\\\/de\\\/producto\\\/betafpv-kamera-cetus-lite-und-modul-vtx\\\/\"]}]},{\"@type\":\"ImageObject\",\"inLanguage\":\"de\",\"@id\":\"https:\\\/\\\/iha-race.com\\\/de\\\/producto\\\/betafpv-kamera-cetus-lite-und-modul-vtx\\\/#primaryimage\",\"url\":\"https:\\\/\\\/iha-race.com\\\/wp-content\\\/uploads\\\/2023\\\/03\\\/BetaFPV-Camara-Cetus-Lite-y-modulo-VTX.webp\",\"contentUrl\":\"https:\\\/\\\/iha-race.com\\\/wp-content\\\/uploads\\\/2023\\\/03\\\/BetaFPV-Camara-Cetus-Lite-y-modulo-VTX.webp\",\"width\":540,\"height\":540,\"caption\":\"Comprar BetaFPV C\u00e1mara Cetus Lite y m\u00f3dulo VTX\"},{\"@type\":\"BreadcrumbList\",\"@id\":\"https:\\\/\\\/iha-race.com\\\/de\\\/producto\\\/betafpv-kamera-cetus-lite-und-modul-vtx\\\/#breadcrumb\",\"itemListElement\":[{\"@type\":\"ListItem\",\"position\":1,\"name\":\"Portada\",\"item\":\"https:\\\/\\\/iha-race.com\\\/de\\\/elementor-499\\\/\"},{\"@type\":\"ListItem\",\"position\":2,\"name\":\"Shop\",\"item\":\"https:\\\/\\\/iha-race.com\\\/de\\\/shop\\\/\"},{\"@type\":\"ListItem\",\"position\":3,\"name\":\"BetaFPV Cetus Lite Kamera und VTX-Modul\"}]},{\"@type\":\"WebSite\",\"@id\":\"https:\\\/\\\/iha-race.com\\\/de\\\/#website\",\"url\":\"https:\\\/\\\/iha-race.com\\\/de\\\/\",\"name\":\"Iha Race\",\"description\":\"Comprar drones de carreras FPV env\u00edos en un d\u00eda desde Espa\u00f1a\",\"publisher\":{\"@id\":\"https:\\\/\\\/iha-race.com\\\/de\\\/#organization\"},\"potentialAction\":[{\"@type\":\"SearchAction\",\"target\":{\"@type\":\"EntryPoint\",\"urlTemplate\":\"https:\\\/\\\/iha-race.com\\\/de\\\/?s={search_term_string}\"},\"query-input\":{\"@type\":\"PropertyValueSpecification\",\"valueRequired\":true,\"valueName\":\"search_term_string\"}}],\"inLanguage\":\"de\"},{\"@type\":\"Organization\",\"@id\":\"https:\\\/\\\/iha-race.com\\\/de\\\/#organization\",\"name\":\"Iha Race\",\"url\":\"https:\\\/\\\/iha-race.com\\\/de\\\/\",\"logo\":{\"@type\":\"ImageObject\",\"inLanguage\":\"de\",\"@id\":\"https:\\\/\\\/iha-race.com\\\/de\\\/#\\\/schema\\\/logo\\\/image\\\/\",\"url\":\"https:\\\/\\\/iha-race.com\\\/wp-content\\\/uploads\\\/2018\\\/07\\\/iha-race-drones-de-carreras-tienda-comprar-drones.png\",\"contentUrl\":\"https:\\\/\\\/iha-race.com\\\/wp-content\\\/uploads\\\/2018\\\/07\\\/iha-race-drones-de-carreras-tienda-comprar-drones.png\",\"width\":300,\"height\":100,\"caption\":\"Iha Race\"},\"image\":{\"@id\":\"https:\\\/\\\/iha-race.com\\\/de\\\/#\\\/schema\\\/logo\\\/image\\\/\"}}]}<\/script>\n<!-- \/ Yoast SEO plugin. -->","yoast_head_json":{"title":"BetaFPV Cetus Lite Kamera und VTX-Modul - Iha Race","robots":{"index":"index","follow":"follow","max-snippet":"max-snippet:-1","max-image-preview":"max-image-preview:large","max-video-preview":"max-video-preview:-1"},"canonical":"https:\/\/iha-race.com\/de\/producto\/betafpv-kamera-cetus-lite-und-modul-vtx\/","og_locale":"de_DE","og_type":"article","og_title":"BetaFPV Cetus Lite Kamera und VTX-Modul - Iha Race","og_description":"BetaFPV Cetus Lite Kamera und VTX-Modul &nbsp; Die Cetus Lite-Kamera und das VTX-Modul werden zum Aufr\u00fcsten verwendetCetus Lite BausatzKit zur Unterst\u00fctzung der Ego-Perspektive und auch das Ersatzteil f\u00fcr Cetus Lite","og_url":"https:\/\/iha-race.com\/de\/producto\/betafpv-kamera-cetus-lite-und-modul-vtx\/","og_site_name":"Iha Race","article_modified_time":"2026-01-21T16:07:12+00:00","og_image":[{"width":540,"height":540,"url":"https:\/\/iha-race.com\/wp-content\/uploads\/2023\/03\/BetaFPV-Camara-Cetus-Lite-y-modulo-VTX.webp","type":"image\/webp"}],"twitter_card":"summary_large_image","twitter_misc":{"Gesch\u00e4tzte Lesezeit":"1\u00a0Minute"},"schema":{"@context":"https:\/\/schema.org","@graph":[{"@type":"WebPage","@id":"https:\/\/iha-race.com\/de\/producto\/betafpv-kamera-cetus-lite-und-modul-vtx\/","url":"https:\/\/iha-race.com\/de\/producto\/betafpv-kamera-cetus-lite-und-modul-vtx\/","name":"BetaFPV Cetus Lite Kamera und VTX-Modul - Iha Race","isPartOf":{"@id":"https:\/\/iha-race.com\/de\/#website"},"primaryImageOfPage":{"@id":"https:\/\/iha-race.com\/de\/producto\/betafpv-kamera-cetus-lite-und-modul-vtx\/#primaryimage"},"image":{"@id":"https:\/\/iha-race.com\/de\/producto\/betafpv-kamera-cetus-lite-und-modul-vtx\/#primaryimage"},"thumbnailUrl":"https:\/\/iha-race.com\/wp-content\/uploads\/2023\/03\/BetaFPV-Camara-Cetus-Lite-y-modulo-VTX.webp","datePublished":"2023-03-19T09:40:19+00:00","dateModified":"2026-01-21T16:07:12+00:00","breadcrumb":{"@id":"https:\/\/iha-race.com\/de\/producto\/betafpv-kamera-cetus-lite-und-modul-vtx\/#breadcrumb"},"inLanguage":"de","potentialAction":[{"@type":"ReadAction","target":["https:\/\/iha-race.com\/de\/producto\/betafpv-kamera-cetus-lite-und-modul-vtx\/"]}]},{"@type":"ImageObject","inLanguage":"de","@id":"https:\/\/iha-race.com\/de\/producto\/betafpv-kamera-cetus-lite-und-modul-vtx\/#primaryimage","url":"https:\/\/iha-race.com\/wp-content\/uploads\/2023\/03\/BetaFPV-Camara-Cetus-Lite-y-modulo-VTX.webp","contentUrl":"https:\/\/iha-race.com\/wp-content\/uploads\/2023\/03\/BetaFPV-Camara-Cetus-Lite-y-modulo-VTX.webp","width":540,"height":540,"caption":"Comprar BetaFPV C\u00e1mara Cetus Lite y m\u00f3dulo VTX"},{"@type":"BreadcrumbList","@id":"https:\/\/iha-race.com\/de\/producto\/betafpv-kamera-cetus-lite-und-modul-vtx\/#breadcrumb","itemListElement":[{"@type":"ListItem","position":1,"name":"Portada","item":"https:\/\/iha-race.com\/de\/elementor-499\/"},{"@type":"ListItem","position":2,"name":"Shop","item":"https:\/\/iha-race.com\/de\/shop\/"},{"@type":"ListItem","position":3,"name":"BetaFPV Cetus Lite Kamera und VTX-Modul"}]},{"@type":"WebSite","@id":"https:\/\/iha-race.com\/de\/#website","url":"https:\/\/iha-race.com\/de\/","name":"Iha Race","description":"Comprar drones de carreras FPV env\u00edos en un d\u00eda desde Espa\u00f1a","publisher":{"@id":"https:\/\/iha-race.com\/de\/#organization"},"potentialAction":[{"@type":"SearchAction","target":{"@type":"EntryPoint","urlTemplate":"https:\/\/iha-race.com\/de\/?s={search_term_string}"},"query-input":{"@type":"PropertyValueSpecification","valueRequired":true,"valueName":"search_term_string"}}],"inLanguage":"de"},{"@type":"Organization","@id":"https:\/\/iha-race.com\/de\/#organization","name":"Iha Race","url":"https:\/\/iha-race.com\/de\/","logo":{"@type":"ImageObject","inLanguage":"de","@id":"https:\/\/iha-race.com\/de\/#\/schema\/logo\/image\/","url":"https:\/\/iha-race.com\/wp-content\/uploads\/2018\/07\/iha-race-drones-de-carreras-tienda-comprar-drones.png","contentUrl":"https:\/\/iha-race.com\/wp-content\/uploads\/2018\/07\/iha-race-drones-de-carreras-tienda-comprar-drones.png","width":300,"height":100,"caption":"Iha Race"},"image":{"@id":"https:\/\/iha-race.com\/de\/#\/schema\/logo\/image\/"}}]}},"jetpack_sharing_enabled":true,"brands":[],"_links":{"self":[{"href":"https:\/\/iha-race.com\/de\/wp-json\/wp\/v2\/product\/230622","targetHints":{"allow":["GET"]}}],"collection":[{"href":"https:\/\/iha-race.com\/de\/wp-json\/wp\/v2\/product"}],"about":[{"href":"https:\/\/iha-race.com\/de\/wp-json\/wp\/v2\/types\/product"}],"replies":[{"embeddable":true,"href":"https:\/\/iha-race.com\/de\/wp-json\/wp\/v2\/comments?post=230622"}],"version-history":[{"count":1,"href":"https:\/\/iha-race.com\/de\/wp-json\/wp\/v2\/product\/230622\/revisions"}],"predecessor-version":[{"id":248537,"href":"https:\/\/iha-race.com\/de\/wp-json\/wp\/v2\/product\/230622\/revisions\/248537"}],"wp:featuredmedia":[{"embeddable":true,"href":"https:\/\/iha-race.com\/de\/wp-json\/wp\/v2\/media\/226716"}],"wp:attachment":[{"href":"https:\/\/iha-race.com\/de\/wp-json\/wp\/v2\/media?parent=230622"}],"wp:term":[{"taxonomy":"pwb-brand","embeddable":true,"href":"https:\/\/iha-race.com\/de\/wp-json\/wp\/v2\/pwb-brand?post=230622"},{"taxonomy":"product_cat","embeddable":true,"href":"https:\/\/iha-race.com\/de\/wp-json\/wp\/v2\/product_cat?post=230622"},{"taxonomy":"product_tag","embeddable":true,"href":"https:\/\/iha-race.com\/de\/wp-json\/wp\/v2\/product_tag?post=230622"}],"curies":[{"name":"wp","href":"https:\/\/api.w.org\/{rel}","templated":true}]}}