{"id":228309,"date":"2023-03-23T10:53:11","date_gmt":"2023-03-23T09:53:11","guid":{"rendered":"https:\/\/iha-race.com\/producto\/defender-25-4s-hd-dji-o3-air-unit-4s\/"},"modified":"2025-07-06T11:45:05","modified_gmt":"2025-07-06T09:45:05","slug":"defender-25-4s-hd-dji-o3-air-unit-4s","status":"publish","type":"product","link":"https:\/\/iha-race.com\/de\/producto\/defender-25-4s-hd-dji-o3-air-unit-4s\/","title":{"rendered":"Defender 25 4S HD DJI O3 Air Unit 4S"},"content":{"rendered":"<h2><span data-sheets-value=\"{\"1\":2,\"2\":\"Defender 25 4S HD DJI O3 Air Unit 4S\"}\" data-sheets-userformat=\"{\"2\":15107,\"3\":{\"1\":0},\"4\":{\"1\":2,\"2\":16777215},\"11\":4,\"12\":0,\"14\":{\"1\":2,\"2\":-654311424},\"15\":\"Arial\",\"16\":12}\">Defender 25 4S HD DJI O3 Air Unit 4S<\/span><\/h2>\n<div class=\"w-full\">\n<div class=\"prose max-w-none\">\n<div data-content-type=\"row\" data-appearance=\"contained\" data-element=\"main\">\n<div data-enable-parallax=\"0\" data-parallax-speed=\"0.5\" data-background-images=\"{}\" data-background-type=\"image\" data-video-loop=\"true\" data-video-play-only-visible=\"true\" data-video-lazy-load=\"true\" data-video-fallback-src=\"\" data-element=\"inner\" data-pb-style=\"H2GIFM6\">\n<div data-content-type=\"text\" data-appearance=\"default\" data-element=\"main\">\n<p><span style=\"color: #ff0000;\"><strong>Lieferzeit 7 \/ 10 Tage<\/strong><\/span>&nbsp; Die <strong>iFlight Defender 25<\/strong> ist eine 2,5&#8243; Sub250 4S Drohne mit der DJI O3 FPV Lufteinheit. Nach 2 Jahren mit der erfolgreichen ProTek-Serie ist iFlight weiterhin bestrebt, das Flugerlebnis und die Leistung mit dem n\u00e4chsten innovativen Schritt zu verbessern. Lernen Sie den Defender 25 kennen!  <\/div>\n<\/div>\n<\/div>\n<div data-content-type=\"row\" data-appearance=\"contained\" data-element=\"main\">\n<div data-enable-parallax=\"0\" data-parallax-speed=\"0.5\" data-background-images=\"{}\" data-background-type=\"image\" data-video-loop=\"true\" data-video-play-only-visible=\"true\" data-video-lazy-load=\"true\" data-video-fallback-src=\"\" data-element=\"inner\" data-pb-style=\"R5K2S72\">\n<div data-content-type=\"text\" data-appearance=\"default\" data-element=\"main\">\n<p><strong>W\u00e4hlen Sie Ihren Empf\u00e4nger:<\/strong><\/p>\n<ul>\n<li><strong>TBS Kreuzfeuer<\/strong><\/li>\n<li><strong>ELR 2,4 GHz<\/strong><\/li>\n<li><strong>DJI BNF<\/strong><\/li>\n<\/ul>\n<\/div>\n<\/div>\n<\/div>\n<div data-content-type=\"row\" data-appearance=\"contained\" data-element=\"main\">\n<div data-enable-parallax=\"0\" data-parallax-speed=\"0.5\" data-background-images=\"{}\" data-background-type=\"image\" data-video-loop=\"true\" data-video-play-only-visible=\"true\" data-video-lazy-load=\"true\" data-video-fallback-src=\"\" data-element=\"inner\" data-pb-style=\"T8GVOSK\">\n<div data-content-type=\"text\" data-appearance=\"default\" data-element=\"main\">\n<p><strong>VIDEO: Defender 25 | K\u00fchnes Fliegen<\/strong><\/p>\n<\/div>\n<div data-content-type=\"video\" data-appearance=\"default\" data-element=\"main\" data-pb-style=\"E0Q04I9\">\n<div class=\"pagebuilder-video-inner\" data-element=\"inner\">\n<div class=\"pagebuilder-video-wrapper\" data-element=\"wrapper\">\n<div class=\"pagebuilder-video-container\"><iframe src=\"https:\/\/www.youtube.com\/embed\/ySA3Oupf2OE\" width=\"796\" height=\"447.75\" frameborder=\"0\" allowfullscreen=\"allowfullscreen\" data-element=\"video\" data-mce-fragment=\"1\"><\/iframe><\/div>\n<\/div>\n<\/div>\n<\/div>\n<\/div>\n<\/div>\n<div data-content-type=\"row\" data-appearance=\"contained\" data-element=\"main\">\n<div data-enable-parallax=\"0\" data-parallax-speed=\"0.5\" data-background-images=\"{}\" data-background-type=\"image\" data-video-loop=\"true\" data-video-play-only-visible=\"true\" data-video-lazy-load=\"true\" data-video-fallback-src=\"\" data-element=\"inner\" data-pb-style=\"GRQD1P1\">\n<h2 data-content-type=\"heading\" data-appearance=\"default\" data-element=\"main\">Eigenschaften<\/h2>\n<div data-content-type=\"text\" data-appearance=\"default\" data-element=\"main\">\n<ul>\n<li>Optimiertes Fahrwerk f\u00fcr Starts in komplexen Umgebungen<\/li>\n<li>Integrierte Hochleistungs-Empfangs- und Videoantennen<\/li>\n<li>Stabilisiertes 4K-Video mit 155\u00b0-Ultraweitwinkelobjektiv<\/li>\n<li>Sto\u00dfgesch\u00fctzter Schnellverschluss-Akku<\/li>\n<li>Unz\u00e4hlige benutzerfreundliche Funktionen<\/li>\n<li>Ultraleicht und frei zu fliegen<\/li>\n<li>Klein und m\u00e4chtig<\/li>\n<\/ul>\n<\/div>\n<\/div>\n<\/div>\n<div data-content-type=\"row\" data-appearance=\"contained\" data-element=\"main\">\n<div data-enable-parallax=\"0\" data-parallax-speed=\"0.5\" data-background-images=\"{}\" data-background-type=\"image\" data-video-loop=\"true\" data-video-play-only-visible=\"true\" data-video-lazy-load=\"true\" data-video-fallback-src=\"\" data-element=\"inner\" data-pb-style=\"HPT178V\">\n<div data-content-type=\"text\" data-appearance=\"default\" data-element=\"main\">\n<p><strong>ULTRALEICHT UND FREI ZU FLIEGEN<\/strong><\/p>\n<\/div>\n<div data-content-type=\"text\" data-appearance=\"default\" data-element=\"main\">  Mit einem Gewicht von weniger als 249 g ist der Defender25 in den meisten L\u00e4ndern nicht registrierungspflichtig. Dank seiner kompakten und leichten Bauweise l\u00e4sst er sich au\u00dferdem leicht transportieren und lagern. Es wird Ihr bester Reisebegleiter sein, um Ihr FPV-Abenteuer neu zu definieren.  <\/div>\n<\/div>\n<\/div>\n<div data-content-type=\"row\" data-appearance=\"contained\" data-element=\"main\">\n<div data-enable-parallax=\"0\" data-parallax-speed=\"0.5\" data-background-images=\"{}\" data-background-type=\"image\" data-video-loop=\"true\" data-video-play-only-visible=\"true\" data-video-lazy-load=\"true\" data-video-fallback-src=\"\" data-element=\"inner\" data-pb-style=\"JW8XW4F\">\n<div data-content-type=\"text\" data-appearance=\"default\" data-element=\"main\">\n<p><strong>KLEIN UND OHO<\/strong><\/p>\n<\/div>\n<div data-content-type=\"text\" data-appearance=\"default\" data-element=\"main\">  Die eingebauten 2,5-Zoll-Propellerschutzvorrichtungen wurden entwickelt, um mutig zu fliegen. Sie werden eine v\u00f6llig neue kreative Freiheit erleben und fliegen, wann und wohin Sie wollen. Der robuste Spritzgussrahmen verhindert Sch\u00e4den an Ihren Motoren oder Propellern und sch\u00fctzt die Umwelt vor kleinen Flugfehlern.  <\/div>\n<\/div>\n<\/div>\n<div data-content-type=\"row\" data-appearance=\"contained\" data-element=\"main\">\n<div data-enable-parallax=\"0\" data-parallax-speed=\"0.5\" data-background-images=\"{}\" data-background-type=\"image\" data-video-loop=\"true\" data-video-play-only-visible=\"true\" data-video-lazy-load=\"true\" data-video-fallback-src=\"\" data-element=\"inner\" data-pb-style=\"M79DVXF\">\n<div data-content-type=\"text\" data-appearance=\"default\" data-element=\"main\">\n<p><strong>STABILISIERTES 4K-VIDEO MIT 155\u00b0-ULTRAWEITWINKELOBJEKTIV<\/strong><\/p>\n<\/div>\n<div data-content-type=\"text\" data-appearance=\"default\" data-element=\"main\">  Ausgestattet mit der neuesten Technologie von DJI: dem DJI O3 Air Unit HD \u00dcbertragungssystem. Die Defender25 unterst\u00fctzt 4K-Videos und nimmt Bilder mit einem extrem weiten Blickwinkel von bis zu 155\u00b0 auf &#8211; f\u00fcr atemberaubende Bilder. Dar\u00fcber hinaus bietet der D-Cinelike-Farbmodus mehr kreativen Spielraum f\u00fcr die Farbkorrektur und erm\u00f6glicht es Ihnen, Ihr Material zu bearbeiten und anzupassen. iFlight hat au\u00dferdem eine spezielle Kamerahalterung mit Vibrationsd\u00e4mpfung eingebaut, um die Rohbilder so glatt wie m\u00f6glich zu halten und gute Gyrodaten f\u00fcr die Stabilisierung der Bord- oder R\u00fcckkamera zu gew\u00e4hrleisten.  <\/div>\n<\/div>\n<\/div>\n<div data-content-type=\"row\" data-appearance=\"contained\" data-element=\"main\">\n<div data-enable-parallax=\"0\" data-parallax-speed=\"0.5\" data-background-images=\"{}\" data-background-type=\"image\" data-video-loop=\"true\" data-video-play-only-visible=\"true\" data-video-lazy-load=\"true\" data-video-fallback-src=\"\" data-element=\"inner\" data-pb-style=\"I1VG2RF\">\n<div data-content-type=\"text\" data-appearance=\"default\" data-element=\"main\">\n<p><strong>STOSSGESCH\u00dcTZTER SCHNELLVERSCHLUSS-AKKU<\/strong><\/p>\n<\/div>\n<div data-content-type=\"text\" data-appearance=\"default\" data-element=\"main\">  Der neue innovative Schnellwechselakku und der Ladeadapter machen alles so einfach wie m\u00f6glich. Der Defender25 wird mit einem Standard 4S 550mAh geliefert. Ein 900 mAh Endurance-Akku ist optional erh\u00e4ltlich.  <\/div>\n<\/div>\n<\/div>\n<div data-content-type=\"row\" data-appearance=\"contained\" data-element=\"main\">\n<div data-enable-parallax=\"0\" data-parallax-speed=\"0.5\" data-background-images=\"{}\" data-background-type=\"image\" data-video-loop=\"true\" data-video-play-only-visible=\"true\" data-video-lazy-load=\"true\" data-video-fallback-src=\"\" data-element=\"inner\" data-pb-style=\"IO72TDP\">\n<div data-content-type=\"text\" data-appearance=\"default\" data-element=\"main\">\n<p><strong>ZAHLREICHE BENUTZERFREUNDLICHE FUNKTIONEN<\/strong><\/p>\n<\/div>\n<div data-content-type=\"text\" data-appearance=\"default\" data-element=\"main\">\n<ul>\n<li>Propeller mit Positionierungss\u00e4ule f\u00fcr einfache Installation<\/li>\n<li>Mini-Kamerahalterung (Naked GoPro, Insta360, etc.)<\/li>\n<li>Batteriesteckdose XT30 mit Funkenschutzfilter gesichert<\/li>\n<li>Alle Anschl\u00fcsse und Tasten sind leicht zug\u00e4nglich<\/li>\n<li>Motoren mit Lenkungspfeilen<\/li>\n<li>Voreinstellung des Schildkr\u00f6tenmodus<\/li>\n<\/ul>\n<\/div>\n<\/div>\n<\/div>\n<div data-content-type=\"row\" data-appearance=\"contained\" data-element=\"main\">\n<div data-enable-parallax=\"0\" data-parallax-speed=\"0.5\" data-background-images=\"{}\" data-background-type=\"image\" data-video-loop=\"true\" data-video-play-only-visible=\"true\" data-video-lazy-load=\"true\" data-video-fallback-src=\"\" data-element=\"inner\" data-pb-style=\"G41P0JO\">\n<div data-content-type=\"text\" data-appearance=\"default\" data-element=\"main\">\n<p><strong>VOREINGESTELLT UND VOREINGESTELLT<\/strong><\/p>\n<\/div>\n<div data-content-type=\"text\" data-appearance=\"default\" data-element=\"main\">  Diese RTF wurde von den Konstruktionstechnikern bei iFlight vollst\u00e4ndig gebaut und getestet.  <\/div>\n<\/div>\n<\/div>\n<div data-content-type=\"row\" data-appearance=\"contained\" data-element=\"main\">\n<div data-enable-parallax=\"0\" data-parallax-speed=\"0.5\" data-background-images=\"{}\" data-background-type=\"image\" data-video-loop=\"true\" data-video-play-only-visible=\"true\" data-video-lazy-load=\"true\" data-video-fallback-src=\"\" data-element=\"inner\" data-pb-style=\"RSX06CV\">\n<h2 data-content-type=\"heading\" data-appearance=\"default\" data-element=\"main\">Spezifikationen<\/h2>\n<div data-content-type=\"text\" data-appearance=\"default\" data-element=\"main\">\n<ul>\n<li>Maximale station\u00e4re Flugzeit: ca. 6 Minuten (mit 550-mAh-Akku), 10 Minuten (mit 900-mAh-Akku)<\/li>\n<li>Sendeleistung (EIRP): FCC: &lt; 33 dBm \/ CE: &lt; 14 dBm \/ SRRC: &lt; 30 dBm<\/li>\n<li>de Rango de temperatura de funcionamiento: -10\u00b0 a 40\u00b0 C (14\u00b0 a 104\u00b0 F)<\/li>\n<li>Max. Abstiegsgeschwindigkeit: 6 m\/s (Normalmodus, Sportmodus)<\/li>\n<li>Maximale Aufstiegsgeschwindigkeit: 6 m\/s (Normalmodus, Sportmodus)<\/li>\n<li>Max. Windgeschwindigkeitswiderstand: 80 km\/h (Stufe 5)<\/li>\n<li>Propeller: Defender25 2525 Propeller (2,5 Zoll)<\/li>\n<li>Abfluggewicht inkl. 550 mAh Akku: \u2264 249 g<\/li>\n<li>Abfluggewicht inkl. 900 mAh-Akku: \u2264 280 g<\/li>\n<li>Abmessungen (L\u00d7B\u00d7H): 158x155x69mm<\/li>\n<li>Produktbezeichnung: Defender25 O3 4S HD<\/li>\n<li>H\u00f6chstgeschwindigkeit: 100 km\/h (manueller Modus)<\/li>\n<li>Flugelektronik: BLITZ D25 F7 AIO<\/li>\n<li>Video-\u00dcbertragung: DJI O3 Lufteinheit<\/li>\n<li>Maximale Absprungh\u00f6he: 200 m<\/li>\n<li>Maximale Flugdistanz: 2-3 km<\/li>\n<li>Gewicht des Flugzeugs: 180g<\/li>\n<li>Antennen: Doppelantennen<\/li>\n<li>Motor: Defender25 1404<\/li>\n<li>Rahmen: 112\u00b12mm<\/li>\n<li>GPS: N\/A<\/li>\n<\/ul>\n<\/div>\n<\/div>\n<\/div>\n<div data-content-type=\"row\" data-appearance=\"contained\" data-element=\"main\"><\/div>\n<div data-content-type=\"row\" data-appearance=\"contained\" data-element=\"main\">\n<div data-enable-parallax=\"0\" data-parallax-speed=\"0.5\" data-background-images=\"{}\" data-background-type=\"image\" data-video-loop=\"true\" data-video-play-only-visible=\"true\" data-video-lazy-load=\"true\" data-video-fallback-src=\"\" data-element=\"inner\" data-pb-style=\"GGAV06L\">\n<h2 data-content-type=\"heading\" data-appearance=\"default\" data-element=\"main\">Das Paket umfasst<\/h2>\n<div data-content-type=\"text\" data-appearance=\"default\" data-element=\"main\">\n<ul>\n<li>1 x iFlight Defender 25 2.5&#8243; Sub250 HD Drohne mit DJI O3 &#8211; 4S (Vormontiert, abgestimmt und getestet &#8211; Empf\u00e4nger w\u00e4hlen)<\/li>\n<li>2 x Flight Defender 2525 Propeller (4er-Satz)<\/li>\n<li>1 x Flight Defender 2S Akku &#8211; 550mAh<\/li>\n<li>1 x Ladeadapterplatte.<\/li>\n<\/ul>\n<\/div>\n<\/div>\n<\/div>\n<\/div>\n<\/div>\n","protected":false},"excerpt":{"rendered":"<p><span style=\"color: #ff0000;\"><strong>Lieferzeit 7 \/ 10 Tage<\/strong><\/span><\/p>\n","protected":false},"featured_media":226943,"comment_status":"open","ping_status":"closed","template":"","meta":{"_joinchat":[]},"pwb-brand":[3571],"product_cat":[2579,3672],"product_tag":[],"class_list":{"0":"post-228309","1":"product","2":"type-product","3":"status-publish","4":"has-post-thumbnail","6":"pwb-brand-iflight","7":"product_cat-fpv-drohnen","8":"product_cat-rtf-montiert","10":"first","11":"instock","12":"taxable","13":"shipping-taxable","14":"purchasable","15":"product-type-variable"},"barcode":null,"atum_controlled":true,"out_stock_date":"2023-08-31 15:34:32","out_stock_threshold":null,"inheritable":true,"stock_on_hold":0,"sold_today":0,"sales_last_days":1,"out_stock_days":498,"lost_sales":0,"update_date":"2026-04-18T23:35:23","atum_locations":[],"atum_stock_status":"instock","restock_status":false,"low_stock_amount":"","sales_update_date":"2026-04-18T23:35:23","calc_backorders":null,"yoast_head":"<!-- This site is optimized with the Yoast SEO plugin v27.3 - https:\/\/yoast.com\/product\/yoast-seo-wordpress\/ -->\n<title>Defender 25 4S HD DJI O3 Air Unit 4S - Iha Race<\/title>\n<meta name=\"robots\" content=\"index, follow, max-snippet:-1, max-image-preview:large, max-video-preview:-1\" \/>\n<link rel=\"canonical\" href=\"https:\/\/iha-race.com\/de\/producto\/defender-25-4s-hd-dji-o3-air-unit-4s\/\" \/>\n<meta property=\"og:locale\" content=\"de_DE\" \/>\n<meta property=\"og:type\" content=\"article\" \/>\n<meta property=\"og:title\" content=\"Defender 25 4S HD DJI O3 Air Unit 4S - Iha Race\" \/>\n<meta property=\"og:description\" content=\"Lieferzeit 7 \/ 10 Tage\" \/>\n<meta property=\"og:url\" content=\"https:\/\/iha-race.com\/de\/producto\/defender-25-4s-hd-dji-o3-air-unit-4s\/\" \/>\n<meta property=\"og:site_name\" content=\"Iha Race\" \/>\n<meta property=\"article:modified_time\" content=\"2025-07-06T09:45:05+00:00\" \/>\n<meta property=\"og:image\" content=\"https:\/\/iha-race.com\/wp-content\/uploads\/2023\/03\/Defender-25-4S-HD-DJI-O3-Air-Unit-4S.png\" \/>\n\t<meta property=\"og:image:width\" content=\"1000\" \/>\n\t<meta property=\"og:image:height\" content=\"1000\" \/>\n\t<meta property=\"og:image:type\" content=\"image\/png\" \/>\n<meta name=\"twitter:card\" content=\"summary_large_image\" \/>\n<meta name=\"twitter:label1\" content=\"Gesch\u00e4tzte Lesezeit\" \/>\n\t<meta name=\"twitter:data1\" content=\"3\u00a0Minuten\" \/>\n<script type=\"application\/ld+json\" class=\"yoast-schema-graph\">{\"@context\":\"https:\\\/\\\/schema.org\",\"@graph\":[{\"@type\":\"WebPage\",\"@id\":\"https:\\\/\\\/iha-race.com\\\/de\\\/producto\\\/defender-25-4s-hd-dji-o3-air-unit-4s\\\/\",\"url\":\"https:\\\/\\\/iha-race.com\\\/de\\\/producto\\\/defender-25-4s-hd-dji-o3-air-unit-4s\\\/\",\"name\":\"Defender 25 4S HD DJI O3 Air Unit 4S - Iha Race\",\"isPartOf\":{\"@id\":\"https:\\\/\\\/iha-race.com\\\/de\\\/#website\"},\"primaryImageOfPage\":{\"@id\":\"https:\\\/\\\/iha-race.com\\\/de\\\/producto\\\/defender-25-4s-hd-dji-o3-air-unit-4s\\\/#primaryimage\"},\"image\":{\"@id\":\"https:\\\/\\\/iha-race.com\\\/de\\\/producto\\\/defender-25-4s-hd-dji-o3-air-unit-4s\\\/#primaryimage\"},\"thumbnailUrl\":\"https:\\\/\\\/iha-race.com\\\/wp-content\\\/uploads\\\/2023\\\/03\\\/Defender-25-4S-HD-DJI-O3-Air-Unit-4S.png\",\"datePublished\":\"2023-03-23T09:53:11+00:00\",\"dateModified\":\"2025-07-06T09:45:05+00:00\",\"breadcrumb\":{\"@id\":\"https:\\\/\\\/iha-race.com\\\/de\\\/producto\\\/defender-25-4s-hd-dji-o3-air-unit-4s\\\/#breadcrumb\"},\"inLanguage\":\"de\",\"potentialAction\":[{\"@type\":\"ReadAction\",\"target\":[\"https:\\\/\\\/iha-race.com\\\/de\\\/producto\\\/defender-25-4s-hd-dji-o3-air-unit-4s\\\/\"]}]},{\"@type\":\"ImageObject\",\"inLanguage\":\"de\",\"@id\":\"https:\\\/\\\/iha-race.com\\\/de\\\/producto\\\/defender-25-4s-hd-dji-o3-air-unit-4s\\\/#primaryimage\",\"url\":\"https:\\\/\\\/iha-race.com\\\/wp-content\\\/uploads\\\/2023\\\/03\\\/Defender-25-4S-HD-DJI-O3-Air-Unit-4S.png\",\"contentUrl\":\"https:\\\/\\\/iha-race.com\\\/wp-content\\\/uploads\\\/2023\\\/03\\\/Defender-25-4S-HD-DJI-O3-Air-Unit-4S.png\",\"width\":1000,\"height\":1000,\"caption\":\"Comprar Defender 25 4S HD DJI O3 Air Unit 4S\"},{\"@type\":\"BreadcrumbList\",\"@id\":\"https:\\\/\\\/iha-race.com\\\/de\\\/producto\\\/defender-25-4s-hd-dji-o3-air-unit-4s\\\/#breadcrumb\",\"itemListElement\":[{\"@type\":\"ListItem\",\"position\":1,\"name\":\"Portada\",\"item\":\"https:\\\/\\\/iha-race.com\\\/de\\\/elementor-499\\\/\"},{\"@type\":\"ListItem\",\"position\":2,\"name\":\"Shop\",\"item\":\"https:\\\/\\\/iha-race.com\\\/de\\\/shop\\\/\"},{\"@type\":\"ListItem\",\"position\":3,\"name\":\"Defender 25 4S HD DJI O3 Air Unit 4S\"}]},{\"@type\":\"WebSite\",\"@id\":\"https:\\\/\\\/iha-race.com\\\/de\\\/#website\",\"url\":\"https:\\\/\\\/iha-race.com\\\/de\\\/\",\"name\":\"Iha Race\",\"description\":\"Comprar drones de carreras FPV env\u00edos en un d\u00eda desde Espa\u00f1a\",\"publisher\":{\"@id\":\"https:\\\/\\\/iha-race.com\\\/de\\\/#organization\"},\"potentialAction\":[{\"@type\":\"SearchAction\",\"target\":{\"@type\":\"EntryPoint\",\"urlTemplate\":\"https:\\\/\\\/iha-race.com\\\/de\\\/?s={search_term_string}\"},\"query-input\":{\"@type\":\"PropertyValueSpecification\",\"valueRequired\":true,\"valueName\":\"search_term_string\"}}],\"inLanguage\":\"de\"},{\"@type\":\"Organization\",\"@id\":\"https:\\\/\\\/iha-race.com\\\/de\\\/#organization\",\"name\":\"Iha Race\",\"url\":\"https:\\\/\\\/iha-race.com\\\/de\\\/\",\"logo\":{\"@type\":\"ImageObject\",\"inLanguage\":\"de\",\"@id\":\"https:\\\/\\\/iha-race.com\\\/de\\\/#\\\/schema\\\/logo\\\/image\\\/\",\"url\":\"https:\\\/\\\/iha-race.com\\\/wp-content\\\/uploads\\\/2018\\\/07\\\/iha-race-drones-de-carreras-tienda-comprar-drones.png\",\"contentUrl\":\"https:\\\/\\\/iha-race.com\\\/wp-content\\\/uploads\\\/2018\\\/07\\\/iha-race-drones-de-carreras-tienda-comprar-drones.png\",\"width\":300,\"height\":100,\"caption\":\"Iha Race\"},\"image\":{\"@id\":\"https:\\\/\\\/iha-race.com\\\/de\\\/#\\\/schema\\\/logo\\\/image\\\/\"}}]}<\/script>\n<!-- \/ Yoast SEO plugin. -->","yoast_head_json":{"title":"Defender 25 4S HD DJI O3 Air Unit 4S - Iha Race","robots":{"index":"index","follow":"follow","max-snippet":"max-snippet:-1","max-image-preview":"max-image-preview:large","max-video-preview":"max-video-preview:-1"},"canonical":"https:\/\/iha-race.com\/de\/producto\/defender-25-4s-hd-dji-o3-air-unit-4s\/","og_locale":"de_DE","og_type":"article","og_title":"Defender 25 4S HD DJI O3 Air Unit 4S - Iha Race","og_description":"Lieferzeit 7 \/ 10 Tage","og_url":"https:\/\/iha-race.com\/de\/producto\/defender-25-4s-hd-dji-o3-air-unit-4s\/","og_site_name":"Iha Race","article_modified_time":"2025-07-06T09:45:05+00:00","og_image":[{"width":1000,"height":1000,"url":"https:\/\/iha-race.com\/wp-content\/uploads\/2023\/03\/Defender-25-4S-HD-DJI-O3-Air-Unit-4S.png","type":"image\/png"}],"twitter_card":"summary_large_image","twitter_misc":{"Gesch\u00e4tzte Lesezeit":"3\u00a0Minuten"},"schema":{"@context":"https:\/\/schema.org","@graph":[{"@type":"WebPage","@id":"https:\/\/iha-race.com\/de\/producto\/defender-25-4s-hd-dji-o3-air-unit-4s\/","url":"https:\/\/iha-race.com\/de\/producto\/defender-25-4s-hd-dji-o3-air-unit-4s\/","name":"Defender 25 4S HD DJI O3 Air Unit 4S - Iha Race","isPartOf":{"@id":"https:\/\/iha-race.com\/de\/#website"},"primaryImageOfPage":{"@id":"https:\/\/iha-race.com\/de\/producto\/defender-25-4s-hd-dji-o3-air-unit-4s\/#primaryimage"},"image":{"@id":"https:\/\/iha-race.com\/de\/producto\/defender-25-4s-hd-dji-o3-air-unit-4s\/#primaryimage"},"thumbnailUrl":"https:\/\/iha-race.com\/wp-content\/uploads\/2023\/03\/Defender-25-4S-HD-DJI-O3-Air-Unit-4S.png","datePublished":"2023-03-23T09:53:11+00:00","dateModified":"2025-07-06T09:45:05+00:00","breadcrumb":{"@id":"https:\/\/iha-race.com\/de\/producto\/defender-25-4s-hd-dji-o3-air-unit-4s\/#breadcrumb"},"inLanguage":"de","potentialAction":[{"@type":"ReadAction","target":["https:\/\/iha-race.com\/de\/producto\/defender-25-4s-hd-dji-o3-air-unit-4s\/"]}]},{"@type":"ImageObject","inLanguage":"de","@id":"https:\/\/iha-race.com\/de\/producto\/defender-25-4s-hd-dji-o3-air-unit-4s\/#primaryimage","url":"https:\/\/iha-race.com\/wp-content\/uploads\/2023\/03\/Defender-25-4S-HD-DJI-O3-Air-Unit-4S.png","contentUrl":"https:\/\/iha-race.com\/wp-content\/uploads\/2023\/03\/Defender-25-4S-HD-DJI-O3-Air-Unit-4S.png","width":1000,"height":1000,"caption":"Comprar Defender 25 4S HD DJI O3 Air Unit 4S"},{"@type":"BreadcrumbList","@id":"https:\/\/iha-race.com\/de\/producto\/defender-25-4s-hd-dji-o3-air-unit-4s\/#breadcrumb","itemListElement":[{"@type":"ListItem","position":1,"name":"Portada","item":"https:\/\/iha-race.com\/de\/elementor-499\/"},{"@type":"ListItem","position":2,"name":"Shop","item":"https:\/\/iha-race.com\/de\/shop\/"},{"@type":"ListItem","position":3,"name":"Defender 25 4S HD DJI O3 Air Unit 4S"}]},{"@type":"WebSite","@id":"https:\/\/iha-race.com\/de\/#website","url":"https:\/\/iha-race.com\/de\/","name":"Iha Race","description":"Comprar drones de carreras FPV env\u00edos en un d\u00eda desde Espa\u00f1a","publisher":{"@id":"https:\/\/iha-race.com\/de\/#organization"},"potentialAction":[{"@type":"SearchAction","target":{"@type":"EntryPoint","urlTemplate":"https:\/\/iha-race.com\/de\/?s={search_term_string}"},"query-input":{"@type":"PropertyValueSpecification","valueRequired":true,"valueName":"search_term_string"}}],"inLanguage":"de"},{"@type":"Organization","@id":"https:\/\/iha-race.com\/de\/#organization","name":"Iha Race","url":"https:\/\/iha-race.com\/de\/","logo":{"@type":"ImageObject","inLanguage":"de","@id":"https:\/\/iha-race.com\/de\/#\/schema\/logo\/image\/","url":"https:\/\/iha-race.com\/wp-content\/uploads\/2018\/07\/iha-race-drones-de-carreras-tienda-comprar-drones.png","contentUrl":"https:\/\/iha-race.com\/wp-content\/uploads\/2018\/07\/iha-race-drones-de-carreras-tienda-comprar-drones.png","width":300,"height":100,"caption":"Iha Race"},"image":{"@id":"https:\/\/iha-race.com\/de\/#\/schema\/logo\/image\/"}}]}},"jetpack_sharing_enabled":true,"brands":[{"id":3571,"name":"iFlight","slug":"iflight"}],"_links":{"self":[{"href":"https:\/\/iha-race.com\/de\/wp-json\/wp\/v2\/product\/228309","targetHints":{"allow":["GET"]}}],"collection":[{"href":"https:\/\/iha-race.com\/de\/wp-json\/wp\/v2\/product"}],"about":[{"href":"https:\/\/iha-race.com\/de\/wp-json\/wp\/v2\/types\/product"}],"replies":[{"embeddable":true,"href":"https:\/\/iha-race.com\/de\/wp-json\/wp\/v2\/comments?post=228309"}],"version-history":[{"count":3,"href":"https:\/\/iha-race.com\/de\/wp-json\/wp\/v2\/product\/228309\/revisions"}],"predecessor-version":[{"id":248566,"href":"https:\/\/iha-race.com\/de\/wp-json\/wp\/v2\/product\/228309\/revisions\/248566"}],"wp:featuredmedia":[{"embeddable":true,"href":"https:\/\/iha-race.com\/de\/wp-json\/wp\/v2\/media\/226943"}],"wp:attachment":[{"href":"https:\/\/iha-race.com\/de\/wp-json\/wp\/v2\/media?parent=228309"}],"wp:term":[{"taxonomy":"pwb-brand","embeddable":true,"href":"https:\/\/iha-race.com\/de\/wp-json\/wp\/v2\/pwb-brand?post=228309"},{"taxonomy":"product_cat","embeddable":true,"href":"https:\/\/iha-race.com\/de\/wp-json\/wp\/v2\/product_cat?post=228309"},{"taxonomy":"product_tag","embeddable":true,"href":"https:\/\/iha-race.com\/de\/wp-json\/wp\/v2\/product_tag?post=228309"}],"curies":[{"name":"wp","href":"https:\/\/api.w.org\/{rel}","templated":true}]}}