{"id":226593,"date":"2023-03-14T11:05:44","date_gmt":"2023-03-14T10:05:44","guid":{"rendered":"https:\/\/iha-race.com\/producto\/esc-t-motor-f66a-mini-6s-4in1\/"},"modified":"2024-08-29T11:21:22","modified_gmt":"2024-08-29T09:21:22","slug":"esc-t-motor-f66a-mini-6s-4in1","status":"publish","type":"product","link":"https:\/\/iha-race.com\/de\/producto\/esc-t-motor-f66a-mini-6s-4in1\/","title":{"rendered":"ESC T-Motor F66A MINI 6S 4IN1"},"content":{"rendered":"<h1><span data-sheets-value=\"{\"1\":2,\"2\":\"ESC T-Motor F66A MINI 6S 4IN1\"}\" data-sheets-userformat=\"{\"2\":14977,\"3\":{\"1\":0},\"10\":2,\"12\":0,\"14\":{\"1\":3,\"3\":1},\"15\":\"\\\"Open Sans\\\", Tahoma, Arial, \\\"Microsoft YaHei\\\", sans-serif\",\"16\":12}\">ESC T-Motor F66A MINI 6S 4IN1<\/span><\/h1>\n<div class=\"w-full\">\n<div class=\"prose max-w-none\">\n<div data-content-type=\"row\" data-appearance=\"contained\" data-element=\"main\">\n<div data-enable-parallax=\"0\" data-parallax-speed=\"0.5\" data-background-images=\"{}\" data-background-type=\"image\" data-video-loop=\"true\" data-video-play-only-visible=\"true\" data-video-lazy-load=\"true\" data-video-fallback-src=\"\" data-element=\"inner\" data-pb-style=\"FEEXNMI\">\n<div data-content-type=\"text\" data-appearance=\"default\" data-element=\"main\">\n<p id=\"XVSACHV\">Der <strong>T-Motor F66A Mini 66A 3-6S BLHeli_32 4-In-1 ESC &#8211; 20&#215;20<\/strong> verf\u00fcgt \u00fcber einen doppelseitigen K\u00fchlk\u00f6rper f\u00fcr einen h\u00f6heren Spitzenstrom, einen hochwertigen TDK-Kondensator f\u00fcr eine starke Leistungsfilterung und versetzte Befestigungsl\u00f6cher, die f\u00fcr eine einfache Installation an Renndrohnen nach vorne versetzt wurden.<\/p>\n<\/div>\n<\/div>\n<\/div>\n<div data-content-type=\"row\" data-appearance=\"contained\" data-element=\"main\">\n<div data-enable-parallax=\"0\" data-parallax-speed=\"0.5\" data-background-images=\"{}\" data-background-type=\"image\" data-video-loop=\"true\" data-video-play-only-visible=\"true\" data-video-lazy-load=\"true\" data-video-fallback-src=\"\" data-element=\"inner\" data-pb-style=\"XJU9V0B\">\n<h2 data-content-type=\"heading\" data-appearance=\"default\" data-element=\"main\">Eigenschaften<\/h2>\n<div data-content-type=\"text\" data-appearance=\"default\" data-element=\"main\">\n<ul>\n<li>Hochwertiger TDK-Kondensator<\/li>\n<li>Doppelseitige K\u00fchlk\u00f6rper<\/li>\n<li>Montagebohrungen versetzt<\/li>\n<li>H\u00f6chster maximaler Strom<\/li>\n<\/ul>\n<\/div>\n<\/div>\n<\/div>\n<div data-content-type=\"row\" data-appearance=\"contained\" data-element=\"main\">\n<div data-enable-parallax=\"0\" data-parallax-speed=\"0.5\" data-background-images=\"{}\" data-background-type=\"image\" data-video-loop=\"true\" data-video-play-only-visible=\"true\" data-video-lazy-load=\"true\" data-video-fallback-src=\"\" data-element=\"inner\" data-pb-style=\"FWS6PLW\">\n<figure data-content-type=\"image\" data-appearance=\"full-width\" data-element=\"main\" data-pb-style=\"Y8PK089\"><img decoding=\"async\" class=\"pagebuilder-mobile-hidden\" title=\"\" src=\"https:\/\/cdn.getfpv.com\/media\/wysiwyg\/T-Motor_F66A_Mini_66A_3-6S_BLHeli_32_4-In-1_ESC_-_20x20_Infographic.webp\" alt=\"T-Motor F66A Mini 66A 3-6S BLHeli_32 4-In-1 ESC - Infografik 20x20\" data-element=\"desktop_image\" data-pb-style=\"Q5VG51S\"><\/figure>\n<p><iframe title=\"[New Arrivals]--F66A MINI 6S 4IN1 ESC\" width=\"1200\" height=\"675\" src=\"https:\/\/www.youtube.com\/embed\/oxoWsicVI2g?feature=oembed\" frameborder=\"0\" allow=\"accelerometer; autoplay; clipboard-write; encrypted-media; gyroscope; picture-in-picture; web-share\" referrerpolicy=\"strict-origin-when-cross-origin\" allowfullscreen><\/iframe>\n <\/div>\n<\/div>\n<div data-content-type=\"row\" data-appearance=\"contained\" data-element=\"main\">\n<div data-enable-parallax=\"0\" data-parallax-speed=\"0.5\" data-background-images=\"{}\" data-background-type=\"image\" data-video-loop=\"true\" data-video-play-only-visible=\"true\" data-video-lazy-load=\"true\" data-video-fallback-src=\"\" data-element=\"inner\" data-pb-style=\"GKDOTI8\">\n<h2 data-content-type=\"heading\" data-appearance=\"default\" data-element=\"main\">Spezifikationen<\/h2>\n<div data-content-type=\"text\" data-appearance=\"default\" data-element=\"main\">\n<ul>\n<li>Befestigungsloch: 20*20mm\/M3<\/li>\n<li>PWM-Frequenz: 16-48 KHz<\/li>\n<li>Stromst\u00e4rkemesser: 135<\/li>\n<li>Gr\u00f6\u00dfe: 43*34*13,5mm<\/li>\n<li>Firmware: BLHeli32<\/li>\n<li>Eingangsspannung: 3-6S<\/li>\n<li>Maximaler Strom: 77A<\/li>\n<li>Stromst\u00e4rke: 66A<\/li>\n<li>Gewicht: 21g<\/li>\n<\/ul>\n<\/div>\n<\/div>\n<\/div>\n<div data-content-type=\"row\" data-appearance=\"contained\" data-element=\"main\">\n<div data-enable-parallax=\"0\" data-parallax-speed=\"0.5\" data-background-images=\"{}\" data-background-type=\"image\" data-video-loop=\"true\" data-video-play-only-visible=\"true\" data-video-lazy-load=\"true\" data-video-fallback-src=\"\" data-element=\"inner\" data-pb-style=\"CN7ROBN\">\n<h2 data-content-type=\"heading\" data-appearance=\"default\" data-element=\"main\">Das Paket umfasst<\/h2>\n<div data-content-type=\"text\" data-appearance=\"default\" data-element=\"main\">\n<ul>\n<li>  1 x T-Motor F66A Mini 66A 3-6S BLHeli_32 ESC 4 in 1 &#8211; 20&#215;20<\/li>\n<\/ul>\n<\/div>\n<\/div>\n<\/div>\n<\/div>\n<\/div>\n","protected":false},"excerpt":{"rendered":"<p>ESC T-Motor F66A MINI 6S 4IN1 Der T-Motor F66A Mini 66A 3-6S BLHeli_32 4-In-1 ESC &#8211; 20&#215;20 verf\u00fcgt \u00fcber einen doppelseitigen K\u00fchlk\u00f6rper f\u00fcr einen h\u00f6heren Spitzenstrom, einen hochwertigen TDK-Kondensator f\u00fcr<\/p>\n","protected":false},"featured_media":226577,"comment_status":"open","ping_status":"closed","template":"","meta":{"_joinchat":[]},"pwb-brand":[],"product_cat":[2700],"product_tag":[],"class_list":{"0":"post-226593","1":"product","2":"type-product","3":"status-publish","4":"has-post-thumbnail","6":"product_cat-esc-wechselrichter","8":"first","9":"instock","10":"taxable","11":"shipping-taxable","12":"purchasable","13":"product-type-simple"},"barcode":null,"atum_controlled":true,"out_stock_date":null,"out_stock_threshold":null,"inheritable":false,"stock_on_hold":0,"sold_today":0,"sales_last_days":0,"out_stock_days":0,"lost_sales":0,"update_date":"2026-04-08T16:51:17","atum_locations":[],"atum_stock_status":"instock","restock_status":false,"low_stock_amount":"","sales_update_date":"2026-04-08T10:17:15","calc_backorders":null,"yoast_head":"<!-- This site is optimized with the Yoast SEO plugin v27.3 - https:\/\/yoast.com\/product\/yoast-seo-wordpress\/ -->\n<title>ESC T-Motor F66A MINI 6S 4IN1 - Iha Race<\/title>\n<meta name=\"robots\" content=\"index, follow, max-snippet:-1, max-image-preview:large, max-video-preview:-1\" \/>\n<link rel=\"canonical\" href=\"https:\/\/iha-race.com\/de\/producto\/esc-t-motor-f66a-mini-6s-4in1\/\" \/>\n<meta property=\"og:locale\" content=\"de_DE\" \/>\n<meta property=\"og:type\" content=\"article\" \/>\n<meta property=\"og:title\" content=\"ESC T-Motor F66A MINI 6S 4IN1 - Iha Race\" \/>\n<meta property=\"og:description\" content=\"ESC T-Motor F66A MINI 6S 4IN1 Der T-Motor F66A Mini 66A 3-6S BLHeli_32 4-In-1 ESC &#8211; 20&#215;20 verf\u00fcgt \u00fcber einen doppelseitigen K\u00fchlk\u00f6rper f\u00fcr einen h\u00f6heren Spitzenstrom, einen hochwertigen TDK-Kondensator f\u00fcr\" \/>\n<meta property=\"og:url\" content=\"https:\/\/iha-race.com\/de\/producto\/esc-t-motor-f66a-mini-6s-4in1\/\" \/>\n<meta property=\"og:site_name\" content=\"Iha Race\" \/>\n<meta property=\"article:modified_time\" content=\"2024-08-29T09:21:22+00:00\" \/>\n<meta property=\"og:image\" content=\"https:\/\/iha-race.com\/wp-content\/uploads\/2023\/03\/ESC-T-Motor-F66A-MINI-6S-4IN1.jpeg\" \/>\n\t<meta property=\"og:image:width\" content=\"700\" \/>\n\t<meta property=\"og:image:height\" content=\"700\" \/>\n\t<meta property=\"og:image:type\" content=\"image\/jpeg\" \/>\n<meta name=\"twitter:card\" content=\"summary_large_image\" \/>\n<meta name=\"twitter:label1\" content=\"Gesch\u00e4tzte Lesezeit\" \/>\n\t<meta name=\"twitter:data1\" content=\"1\u00a0Minute\" \/>\n<script type=\"application\/ld+json\" class=\"yoast-schema-graph\">{\"@context\":\"https:\\\/\\\/schema.org\",\"@graph\":[{\"@type\":\"WebPage\",\"@id\":\"https:\\\/\\\/iha-race.com\\\/de\\\/producto\\\/esc-t-motor-f66a-mini-6s-4in1\\\/\",\"url\":\"https:\\\/\\\/iha-race.com\\\/de\\\/producto\\\/esc-t-motor-f66a-mini-6s-4in1\\\/\",\"name\":\"ESC T-Motor F66A MINI 6S 4IN1 - Iha Race\",\"isPartOf\":{\"@id\":\"https:\\\/\\\/iha-race.com\\\/de\\\/#website\"},\"primaryImageOfPage\":{\"@id\":\"https:\\\/\\\/iha-race.com\\\/de\\\/producto\\\/esc-t-motor-f66a-mini-6s-4in1\\\/#primaryimage\"},\"image\":{\"@id\":\"https:\\\/\\\/iha-race.com\\\/de\\\/producto\\\/esc-t-motor-f66a-mini-6s-4in1\\\/#primaryimage\"},\"thumbnailUrl\":\"https:\\\/\\\/iha-race.com\\\/wp-content\\\/uploads\\\/2023\\\/03\\\/ESC-T-Motor-F66A-MINI-6S-4IN1.jpeg\",\"datePublished\":\"2023-03-14T10:05:44+00:00\",\"dateModified\":\"2024-08-29T09:21:22+00:00\",\"breadcrumb\":{\"@id\":\"https:\\\/\\\/iha-race.com\\\/de\\\/producto\\\/esc-t-motor-f66a-mini-6s-4in1\\\/#breadcrumb\"},\"inLanguage\":\"de\",\"potentialAction\":[{\"@type\":\"ReadAction\",\"target\":[\"https:\\\/\\\/iha-race.com\\\/de\\\/producto\\\/esc-t-motor-f66a-mini-6s-4in1\\\/\"]}]},{\"@type\":\"ImageObject\",\"inLanguage\":\"de\",\"@id\":\"https:\\\/\\\/iha-race.com\\\/de\\\/producto\\\/esc-t-motor-f66a-mini-6s-4in1\\\/#primaryimage\",\"url\":\"https:\\\/\\\/iha-race.com\\\/wp-content\\\/uploads\\\/2023\\\/03\\\/ESC-T-Motor-F66A-MINI-6S-4IN1.jpeg\",\"contentUrl\":\"https:\\\/\\\/iha-race.com\\\/wp-content\\\/uploads\\\/2023\\\/03\\\/ESC-T-Motor-F66A-MINI-6S-4IN1.jpeg\",\"width\":700,\"height\":700,\"caption\":\"Comprar ESC T-Motor F66A MINI 6S 4IN1\"},{\"@type\":\"BreadcrumbList\",\"@id\":\"https:\\\/\\\/iha-race.com\\\/de\\\/producto\\\/esc-t-motor-f66a-mini-6s-4in1\\\/#breadcrumb\",\"itemListElement\":[{\"@type\":\"ListItem\",\"position\":1,\"name\":\"Portada\",\"item\":\"https:\\\/\\\/iha-race.com\\\/de\\\/elementor-499\\\/\"},{\"@type\":\"ListItem\",\"position\":2,\"name\":\"Shop\",\"item\":\"https:\\\/\\\/iha-race.com\\\/de\\\/shop\\\/\"},{\"@type\":\"ListItem\",\"position\":3,\"name\":\"ESC T-Motor F66A MINI 6S 4IN1\"}]},{\"@type\":\"WebSite\",\"@id\":\"https:\\\/\\\/iha-race.com\\\/de\\\/#website\",\"url\":\"https:\\\/\\\/iha-race.com\\\/de\\\/\",\"name\":\"Iha Race\",\"description\":\"Comprar drones de carreras FPV env\u00edos en un d\u00eda desde Espa\u00f1a\",\"publisher\":{\"@id\":\"https:\\\/\\\/iha-race.com\\\/de\\\/#organization\"},\"potentialAction\":[{\"@type\":\"SearchAction\",\"target\":{\"@type\":\"EntryPoint\",\"urlTemplate\":\"https:\\\/\\\/iha-race.com\\\/de\\\/?s={search_term_string}\"},\"query-input\":{\"@type\":\"PropertyValueSpecification\",\"valueRequired\":true,\"valueName\":\"search_term_string\"}}],\"inLanguage\":\"de\"},{\"@type\":\"Organization\",\"@id\":\"https:\\\/\\\/iha-race.com\\\/de\\\/#organization\",\"name\":\"Iha Race\",\"url\":\"https:\\\/\\\/iha-race.com\\\/de\\\/\",\"logo\":{\"@type\":\"ImageObject\",\"inLanguage\":\"de\",\"@id\":\"https:\\\/\\\/iha-race.com\\\/de\\\/#\\\/schema\\\/logo\\\/image\\\/\",\"url\":\"https:\\\/\\\/iha-race.com\\\/wp-content\\\/uploads\\\/2018\\\/07\\\/iha-race-drones-de-carreras-tienda-comprar-drones.png\",\"contentUrl\":\"https:\\\/\\\/iha-race.com\\\/wp-content\\\/uploads\\\/2018\\\/07\\\/iha-race-drones-de-carreras-tienda-comprar-drones.png\",\"width\":300,\"height\":100,\"caption\":\"Iha Race\"},\"image\":{\"@id\":\"https:\\\/\\\/iha-race.com\\\/de\\\/#\\\/schema\\\/logo\\\/image\\\/\"}}]}<\/script>\n<!-- \/ Yoast SEO plugin. -->","yoast_head_json":{"title":"ESC T-Motor F66A MINI 6S 4IN1 - Iha Race","robots":{"index":"index","follow":"follow","max-snippet":"max-snippet:-1","max-image-preview":"max-image-preview:large","max-video-preview":"max-video-preview:-1"},"canonical":"https:\/\/iha-race.com\/de\/producto\/esc-t-motor-f66a-mini-6s-4in1\/","og_locale":"de_DE","og_type":"article","og_title":"ESC T-Motor F66A MINI 6S 4IN1 - Iha Race","og_description":"ESC T-Motor F66A MINI 6S 4IN1 Der T-Motor F66A Mini 66A 3-6S BLHeli_32 4-In-1 ESC &#8211; 20&#215;20 verf\u00fcgt \u00fcber einen doppelseitigen K\u00fchlk\u00f6rper f\u00fcr einen h\u00f6heren Spitzenstrom, einen hochwertigen TDK-Kondensator f\u00fcr","og_url":"https:\/\/iha-race.com\/de\/producto\/esc-t-motor-f66a-mini-6s-4in1\/","og_site_name":"Iha Race","article_modified_time":"2024-08-29T09:21:22+00:00","og_image":[{"width":700,"height":700,"url":"https:\/\/iha-race.com\/wp-content\/uploads\/2023\/03\/ESC-T-Motor-F66A-MINI-6S-4IN1.jpeg","type":"image\/jpeg"}],"twitter_card":"summary_large_image","twitter_misc":{"Gesch\u00e4tzte Lesezeit":"1\u00a0Minute"},"schema":{"@context":"https:\/\/schema.org","@graph":[{"@type":"WebPage","@id":"https:\/\/iha-race.com\/de\/producto\/esc-t-motor-f66a-mini-6s-4in1\/","url":"https:\/\/iha-race.com\/de\/producto\/esc-t-motor-f66a-mini-6s-4in1\/","name":"ESC T-Motor F66A MINI 6S 4IN1 - Iha Race","isPartOf":{"@id":"https:\/\/iha-race.com\/de\/#website"},"primaryImageOfPage":{"@id":"https:\/\/iha-race.com\/de\/producto\/esc-t-motor-f66a-mini-6s-4in1\/#primaryimage"},"image":{"@id":"https:\/\/iha-race.com\/de\/producto\/esc-t-motor-f66a-mini-6s-4in1\/#primaryimage"},"thumbnailUrl":"https:\/\/iha-race.com\/wp-content\/uploads\/2023\/03\/ESC-T-Motor-F66A-MINI-6S-4IN1.jpeg","datePublished":"2023-03-14T10:05:44+00:00","dateModified":"2024-08-29T09:21:22+00:00","breadcrumb":{"@id":"https:\/\/iha-race.com\/de\/producto\/esc-t-motor-f66a-mini-6s-4in1\/#breadcrumb"},"inLanguage":"de","potentialAction":[{"@type":"ReadAction","target":["https:\/\/iha-race.com\/de\/producto\/esc-t-motor-f66a-mini-6s-4in1\/"]}]},{"@type":"ImageObject","inLanguage":"de","@id":"https:\/\/iha-race.com\/de\/producto\/esc-t-motor-f66a-mini-6s-4in1\/#primaryimage","url":"https:\/\/iha-race.com\/wp-content\/uploads\/2023\/03\/ESC-T-Motor-F66A-MINI-6S-4IN1.jpeg","contentUrl":"https:\/\/iha-race.com\/wp-content\/uploads\/2023\/03\/ESC-T-Motor-F66A-MINI-6S-4IN1.jpeg","width":700,"height":700,"caption":"Comprar ESC T-Motor F66A MINI 6S 4IN1"},{"@type":"BreadcrumbList","@id":"https:\/\/iha-race.com\/de\/producto\/esc-t-motor-f66a-mini-6s-4in1\/#breadcrumb","itemListElement":[{"@type":"ListItem","position":1,"name":"Portada","item":"https:\/\/iha-race.com\/de\/elementor-499\/"},{"@type":"ListItem","position":2,"name":"Shop","item":"https:\/\/iha-race.com\/de\/shop\/"},{"@type":"ListItem","position":3,"name":"ESC T-Motor F66A MINI 6S 4IN1"}]},{"@type":"WebSite","@id":"https:\/\/iha-race.com\/de\/#website","url":"https:\/\/iha-race.com\/de\/","name":"Iha Race","description":"Comprar drones de carreras FPV env\u00edos en un d\u00eda desde Espa\u00f1a","publisher":{"@id":"https:\/\/iha-race.com\/de\/#organization"},"potentialAction":[{"@type":"SearchAction","target":{"@type":"EntryPoint","urlTemplate":"https:\/\/iha-race.com\/de\/?s={search_term_string}"},"query-input":{"@type":"PropertyValueSpecification","valueRequired":true,"valueName":"search_term_string"}}],"inLanguage":"de"},{"@type":"Organization","@id":"https:\/\/iha-race.com\/de\/#organization","name":"Iha Race","url":"https:\/\/iha-race.com\/de\/","logo":{"@type":"ImageObject","inLanguage":"de","@id":"https:\/\/iha-race.com\/de\/#\/schema\/logo\/image\/","url":"https:\/\/iha-race.com\/wp-content\/uploads\/2018\/07\/iha-race-drones-de-carreras-tienda-comprar-drones.png","contentUrl":"https:\/\/iha-race.com\/wp-content\/uploads\/2018\/07\/iha-race-drones-de-carreras-tienda-comprar-drones.png","width":300,"height":100,"caption":"Iha Race"},"image":{"@id":"https:\/\/iha-race.com\/de\/#\/schema\/logo\/image\/"}}]}},"brands":[],"_links":{"self":[{"href":"https:\/\/iha-race.com\/de\/wp-json\/wp\/v2\/product\/226593","targetHints":{"allow":["GET"]}}],"collection":[{"href":"https:\/\/iha-race.com\/de\/wp-json\/wp\/v2\/product"}],"about":[{"href":"https:\/\/iha-race.com\/de\/wp-json\/wp\/v2\/types\/product"}],"replies":[{"embeddable":true,"href":"https:\/\/iha-race.com\/de\/wp-json\/wp\/v2\/comments?post=226593"}],"version-history":[{"count":3,"href":"https:\/\/iha-race.com\/de\/wp-json\/wp\/v2\/product\/226593\/revisions"}],"predecessor-version":[{"id":248536,"href":"https:\/\/iha-race.com\/de\/wp-json\/wp\/v2\/product\/226593\/revisions\/248536"}],"wp:featuredmedia":[{"embeddable":true,"href":"https:\/\/iha-race.com\/de\/wp-json\/wp\/v2\/media\/226577"}],"wp:attachment":[{"href":"https:\/\/iha-race.com\/de\/wp-json\/wp\/v2\/media?parent=226593"}],"wp:term":[{"taxonomy":"pwb-brand","embeddable":true,"href":"https:\/\/iha-race.com\/de\/wp-json\/wp\/v2\/pwb-brand?post=226593"},{"taxonomy":"product_cat","embeddable":true,"href":"https:\/\/iha-race.com\/de\/wp-json\/wp\/v2\/product_cat?post=226593"},{"taxonomy":"product_tag","embeddable":true,"href":"https:\/\/iha-race.com\/de\/wp-json\/wp\/v2\/product_tag?post=226593"}],"curies":[{"name":"wp","href":"https:\/\/api.w.org\/{rel}","templated":true}]}}