{"id":226540,"date":"2023-03-13T17:57:37","date_gmt":"2023-03-13T16:57:37","guid":{"rendered":"https:\/\/iha-race.com\/producto\/dji-mavic-3-enterprise-serie-freisprecheinrichtung\/"},"modified":"2024-08-29T11:21:20","modified_gmt":"2024-08-29T09:21:20","slug":"lautsprecher-serie-dji-mavic-3-enterprise","status":"publish","type":"product","link":"https:\/\/iha-race.com\/de\/producto\/lautsprecher-serie-dji-mavic-3-enterprise\/","title":{"rendered":"DJI Mavic 3 Enterprise Serie Freisprecheinrichtung"},"content":{"rendered":"<h1>DJI Mavic 3 Enterprise Serie Freisprecheinrichtung<\/h1>\n<p><strong>Allgemeine Beschreibung<\/strong> \u00dcbertr\u00e4gt Ton \u00fcber gro\u00dfe Entfernungen, um Rettungseins\u00e4tze und andere Notf\u00e4lle effizienter zu gestalten.<br \/>\nKann mehrere Audioaufnahmen speichern und unterst\u00fctzt die automatische Schleifenwiedergabe. <strong>Merkmale Highlights<\/strong> \u00dcbertr\u00e4gt Ton \u00fcber gro\u00dfe Entfernungen f\u00fcr Rettungseins\u00e4tze und andere Notf\u00e4lle.<br \/>\nSpeichert Audioaufnahmen und unterst\u00fctzt die automatische Schleifenwiedergabe. <strong>Tipps<\/strong> Verwenden Sie die Freisprecheinrichtung NICHT zu nahe an Menschen oder in st\u00e4dtischen Gebieten, in denen sich l\u00e4rmempfindliche Strukturen konzentrieren, da die Lautst\u00e4rke zu Unf\u00e4llen oder Verletzungen f\u00fchren kann.   Es wird empfohlen, die DJI RC Pro Enterprise-Fernsteuerung zum Abspielen von Sprachnachrichten zu verwenden oder eine Sprach-Audioquelle zu importieren, um den besten Wiedergabeeffekt zu erzielen. Um eine irreversible Besch\u00e4digung des Lautsprechers zu vermeiden, ist es nicht empfehlenswert, T\u00f6ne mit nur einer Frequenz, wie z.B. Alarme, abzuspielen.  <strong>Spezifikationen<\/strong><\/p>\n<ul>\n<li>Abmessungen: 114,1 \u00d7 82,0 \u00d7 54,7 mm (L \u00d7 B \u00d7 H)<\/li>\n<li>Gewicht: 85 \u00b1 2 g<\/li>\n<li>Schnittstelle: USB-C<\/li>\n<li>Leistungsaufnahme: 3 W<\/li>\n<li>Max. Lautst\u00e4rke: 110 dB bei 1 m*.<\/li>\n<li>Effektive Sendeentfernung: 100 m bei 70 dB*.<\/li>\n<li>Bitrate: 16\/32 kb\/s<\/li>\n<li>Betriebstemperatur: -10 bis 40 \u00b0C (14 bis 104 \u00b0F)<\/li>\n<\/ul>\n<p>  * Alle Daten wurden in einer experimentellen Umgebung gemessen und dienen nur als Referenz. Die tats\u00e4chliche Situation kann aufgrund unterschiedlicher Softwareversionen, Klangquellen, Umgebungsarten und anderer Bedingungen leicht abweichen. Das endg\u00fcltige Ergebnis h\u00e4ngt von der tats\u00e4chlichen Verwendung ab. <strong>Kompatibilit\u00e4t mit<\/strong> Flugzeugen DJI Mavic 3 Enterprise Mavic Serie <strong>Das Paket enth\u00e4lt<\/strong><\/p>\n<ul>\n<li>1 x Lautsprecher<\/li>\n<\/ul>\n","protected":false},"excerpt":{"rendered":"<p>DJI Mavic 3 Enterprise Serie Freisprecheinrichtung Allgemeine Beschreibung \u00dcbertr\u00e4gt Ton \u00fcber gro\u00dfe Entfernungen, um Rettungseins\u00e4tze und andere Notf\u00e4lle effizienter zu gestalten. Kann mehrere Audioaufnahmen speichern und unterst\u00fctzt die automatische Schleifenwiedergabe.<\/p>\n","protected":false},"featured_media":226512,"comment_status":"open","ping_status":"closed","template":"","meta":{"_joinchat":[]},"pwb-brand":[],"product_cat":[3324],"product_tag":[],"class_list":{"0":"post-226540","1":"product","2":"type-product","3":"status-publish","4":"has-post-thumbnail","6":"product_cat-dji-2","8":"first","9":"instock","10":"taxable","11":"shipping-taxable","12":"purchasable","13":"product-type-simple"},"barcode":null,"atum_controlled":true,"out_stock_date":null,"out_stock_threshold":null,"inheritable":false,"stock_on_hold":0,"sold_today":0,"sales_last_days":0,"out_stock_days":0,"lost_sales":0,"update_date":"2026-04-18T17:57:52","atum_locations":[],"atum_stock_status":"instock","restock_status":false,"low_stock_amount":"","sales_update_date":"2026-04-18T17:57:52","calc_backorders":null,"yoast_head":"<!-- This site is optimized with the Yoast SEO plugin v27.3 - https:\/\/yoast.com\/product\/yoast-seo-wordpress\/ -->\n<title>DJI Mavic 3 Enterprise Serie Freisprecheinrichtung - Iha Race<\/title>\n<meta name=\"robots\" content=\"index, follow, max-snippet:-1, max-image-preview:large, max-video-preview:-1\" \/>\n<link rel=\"canonical\" href=\"https:\/\/iha-race.com\/de\/producto\/lautsprecher-serie-dji-mavic-3-enterprise\/\" \/>\n<meta property=\"og:locale\" content=\"de_DE\" \/>\n<meta property=\"og:type\" content=\"article\" \/>\n<meta property=\"og:title\" content=\"DJI Mavic 3 Enterprise Serie Freisprecheinrichtung - Iha Race\" \/>\n<meta property=\"og:description\" content=\"DJI Mavic 3 Enterprise Serie Freisprecheinrichtung Allgemeine Beschreibung \u00dcbertr\u00e4gt Ton \u00fcber gro\u00dfe Entfernungen, um Rettungseins\u00e4tze und andere Notf\u00e4lle effizienter zu gestalten. Kann mehrere Audioaufnahmen speichern und unterst\u00fctzt die automatische Schleifenwiedergabe.\" \/>\n<meta property=\"og:url\" content=\"https:\/\/iha-race.com\/de\/producto\/lautsprecher-serie-dji-mavic-3-enterprise\/\" \/>\n<meta property=\"og:site_name\" content=\"Iha Race\" \/>\n<meta property=\"article:modified_time\" content=\"2024-08-29T09:21:20+00:00\" \/>\n<meta property=\"og:image\" content=\"https:\/\/iha-race.com\/wp-content\/uploads\/2023\/03\/e87aafd60023f22bd36b15b72342a4d8-altavoz-serie-dji-mavic-3-enterprise.jpg.jpeg\" \/>\n\t<meta property=\"og:image:width\" content=\"1100\" \/>\n\t<meta property=\"og:image:height\" content=\"1422\" \/>\n\t<meta property=\"og:image:type\" content=\"image\/jpeg\" \/>\n<meta name=\"twitter:card\" content=\"summary_large_image\" \/>\n<meta name=\"twitter:label1\" content=\"Gesch\u00e4tzte Lesezeit\" \/>\n\t<meta name=\"twitter:data1\" content=\"1\u00a0Minute\" \/>\n<script type=\"application\/ld+json\" class=\"yoast-schema-graph\">{\"@context\":\"https:\\\/\\\/schema.org\",\"@graph\":[{\"@type\":\"WebPage\",\"@id\":\"https:\\\/\\\/iha-race.com\\\/de\\\/producto\\\/lautsprecher-serie-dji-mavic-3-enterprise\\\/\",\"url\":\"https:\\\/\\\/iha-race.com\\\/de\\\/producto\\\/lautsprecher-serie-dji-mavic-3-enterprise\\\/\",\"name\":\"DJI Mavic 3 Enterprise Serie Freisprecheinrichtung - Iha Race\",\"isPartOf\":{\"@id\":\"https:\\\/\\\/iha-race.com\\\/de\\\/#website\"},\"primaryImageOfPage\":{\"@id\":\"https:\\\/\\\/iha-race.com\\\/de\\\/producto\\\/lautsprecher-serie-dji-mavic-3-enterprise\\\/#primaryimage\"},\"image\":{\"@id\":\"https:\\\/\\\/iha-race.com\\\/de\\\/producto\\\/lautsprecher-serie-dji-mavic-3-enterprise\\\/#primaryimage\"},\"thumbnailUrl\":\"https:\\\/\\\/iha-race.com\\\/wp-content\\\/uploads\\\/2023\\\/03\\\/e87aafd60023f22bd36b15b72342a4d8-altavoz-serie-dji-mavic-3-enterprise.jpg.jpeg\",\"datePublished\":\"2023-03-13T16:57:37+00:00\",\"dateModified\":\"2024-08-29T09:21:20+00:00\",\"breadcrumb\":{\"@id\":\"https:\\\/\\\/iha-race.com\\\/de\\\/producto\\\/lautsprecher-serie-dji-mavic-3-enterprise\\\/#breadcrumb\"},\"inLanguage\":\"de\",\"potentialAction\":[{\"@type\":\"ReadAction\",\"target\":[\"https:\\\/\\\/iha-race.com\\\/de\\\/producto\\\/lautsprecher-serie-dji-mavic-3-enterprise\\\/\"]}]},{\"@type\":\"ImageObject\",\"inLanguage\":\"de\",\"@id\":\"https:\\\/\\\/iha-race.com\\\/de\\\/producto\\\/lautsprecher-serie-dji-mavic-3-enterprise\\\/#primaryimage\",\"url\":\"https:\\\/\\\/iha-race.com\\\/wp-content\\\/uploads\\\/2023\\\/03\\\/e87aafd60023f22bd36b15b72342a4d8-altavoz-serie-dji-mavic-3-enterprise.jpg.jpeg\",\"contentUrl\":\"https:\\\/\\\/iha-race.com\\\/wp-content\\\/uploads\\\/2023\\\/03\\\/e87aafd60023f22bd36b15b72342a4d8-altavoz-serie-dji-mavic-3-enterprise.jpg.jpeg\",\"width\":1100,\"height\":1422},{\"@type\":\"BreadcrumbList\",\"@id\":\"https:\\\/\\\/iha-race.com\\\/de\\\/producto\\\/lautsprecher-serie-dji-mavic-3-enterprise\\\/#breadcrumb\",\"itemListElement\":[{\"@type\":\"ListItem\",\"position\":1,\"name\":\"Portada\",\"item\":\"https:\\\/\\\/iha-race.com\\\/de\\\/elementor-499\\\/\"},{\"@type\":\"ListItem\",\"position\":2,\"name\":\"Shop\",\"item\":\"https:\\\/\\\/iha-race.com\\\/de\\\/shop\\\/\"},{\"@type\":\"ListItem\",\"position\":3,\"name\":\"DJI Mavic 3 Enterprise Serie Freisprecheinrichtung\"}]},{\"@type\":\"WebSite\",\"@id\":\"https:\\\/\\\/iha-race.com\\\/de\\\/#website\",\"url\":\"https:\\\/\\\/iha-race.com\\\/de\\\/\",\"name\":\"Iha Race\",\"description\":\"Comprar drones de carreras FPV env\u00edos en un d\u00eda desde Espa\u00f1a\",\"publisher\":{\"@id\":\"https:\\\/\\\/iha-race.com\\\/de\\\/#organization\"},\"potentialAction\":[{\"@type\":\"SearchAction\",\"target\":{\"@type\":\"EntryPoint\",\"urlTemplate\":\"https:\\\/\\\/iha-race.com\\\/de\\\/?s={search_term_string}\"},\"query-input\":{\"@type\":\"PropertyValueSpecification\",\"valueRequired\":true,\"valueName\":\"search_term_string\"}}],\"inLanguage\":\"de\"},{\"@type\":\"Organization\",\"@id\":\"https:\\\/\\\/iha-race.com\\\/de\\\/#organization\",\"name\":\"Iha Race\",\"url\":\"https:\\\/\\\/iha-race.com\\\/de\\\/\",\"logo\":{\"@type\":\"ImageObject\",\"inLanguage\":\"de\",\"@id\":\"https:\\\/\\\/iha-race.com\\\/de\\\/#\\\/schema\\\/logo\\\/image\\\/\",\"url\":\"https:\\\/\\\/iha-race.com\\\/wp-content\\\/uploads\\\/2018\\\/07\\\/iha-race-drones-de-carreras-tienda-comprar-drones.png\",\"contentUrl\":\"https:\\\/\\\/iha-race.com\\\/wp-content\\\/uploads\\\/2018\\\/07\\\/iha-race-drones-de-carreras-tienda-comprar-drones.png\",\"width\":300,\"height\":100,\"caption\":\"Iha Race\"},\"image\":{\"@id\":\"https:\\\/\\\/iha-race.com\\\/de\\\/#\\\/schema\\\/logo\\\/image\\\/\"}}]}<\/script>\n<!-- \/ Yoast SEO plugin. -->","yoast_head_json":{"title":"DJI Mavic 3 Enterprise Serie Freisprecheinrichtung - Iha Race","robots":{"index":"index","follow":"follow","max-snippet":"max-snippet:-1","max-image-preview":"max-image-preview:large","max-video-preview":"max-video-preview:-1"},"canonical":"https:\/\/iha-race.com\/de\/producto\/lautsprecher-serie-dji-mavic-3-enterprise\/","og_locale":"de_DE","og_type":"article","og_title":"DJI Mavic 3 Enterprise Serie Freisprecheinrichtung - Iha Race","og_description":"DJI Mavic 3 Enterprise Serie Freisprecheinrichtung Allgemeine Beschreibung \u00dcbertr\u00e4gt Ton \u00fcber gro\u00dfe Entfernungen, um Rettungseins\u00e4tze und andere Notf\u00e4lle effizienter zu gestalten. Kann mehrere Audioaufnahmen speichern und unterst\u00fctzt die automatische Schleifenwiedergabe.","og_url":"https:\/\/iha-race.com\/de\/producto\/lautsprecher-serie-dji-mavic-3-enterprise\/","og_site_name":"Iha Race","article_modified_time":"2024-08-29T09:21:20+00:00","og_image":[{"width":1100,"height":1422,"url":"https:\/\/iha-race.com\/wp-content\/uploads\/2023\/03\/e87aafd60023f22bd36b15b72342a4d8-altavoz-serie-dji-mavic-3-enterprise.jpg.jpeg","type":"image\/jpeg"}],"twitter_card":"summary_large_image","twitter_misc":{"Gesch\u00e4tzte Lesezeit":"1\u00a0Minute"},"schema":{"@context":"https:\/\/schema.org","@graph":[{"@type":"WebPage","@id":"https:\/\/iha-race.com\/de\/producto\/lautsprecher-serie-dji-mavic-3-enterprise\/","url":"https:\/\/iha-race.com\/de\/producto\/lautsprecher-serie-dji-mavic-3-enterprise\/","name":"DJI Mavic 3 Enterprise Serie Freisprecheinrichtung - Iha Race","isPartOf":{"@id":"https:\/\/iha-race.com\/de\/#website"},"primaryImageOfPage":{"@id":"https:\/\/iha-race.com\/de\/producto\/lautsprecher-serie-dji-mavic-3-enterprise\/#primaryimage"},"image":{"@id":"https:\/\/iha-race.com\/de\/producto\/lautsprecher-serie-dji-mavic-3-enterprise\/#primaryimage"},"thumbnailUrl":"https:\/\/iha-race.com\/wp-content\/uploads\/2023\/03\/e87aafd60023f22bd36b15b72342a4d8-altavoz-serie-dji-mavic-3-enterprise.jpg.jpeg","datePublished":"2023-03-13T16:57:37+00:00","dateModified":"2024-08-29T09:21:20+00:00","breadcrumb":{"@id":"https:\/\/iha-race.com\/de\/producto\/lautsprecher-serie-dji-mavic-3-enterprise\/#breadcrumb"},"inLanguage":"de","potentialAction":[{"@type":"ReadAction","target":["https:\/\/iha-race.com\/de\/producto\/lautsprecher-serie-dji-mavic-3-enterprise\/"]}]},{"@type":"ImageObject","inLanguage":"de","@id":"https:\/\/iha-race.com\/de\/producto\/lautsprecher-serie-dji-mavic-3-enterprise\/#primaryimage","url":"https:\/\/iha-race.com\/wp-content\/uploads\/2023\/03\/e87aafd60023f22bd36b15b72342a4d8-altavoz-serie-dji-mavic-3-enterprise.jpg.jpeg","contentUrl":"https:\/\/iha-race.com\/wp-content\/uploads\/2023\/03\/e87aafd60023f22bd36b15b72342a4d8-altavoz-serie-dji-mavic-3-enterprise.jpg.jpeg","width":1100,"height":1422},{"@type":"BreadcrumbList","@id":"https:\/\/iha-race.com\/de\/producto\/lautsprecher-serie-dji-mavic-3-enterprise\/#breadcrumb","itemListElement":[{"@type":"ListItem","position":1,"name":"Portada","item":"https:\/\/iha-race.com\/de\/elementor-499\/"},{"@type":"ListItem","position":2,"name":"Shop","item":"https:\/\/iha-race.com\/de\/shop\/"},{"@type":"ListItem","position":3,"name":"DJI Mavic 3 Enterprise Serie Freisprecheinrichtung"}]},{"@type":"WebSite","@id":"https:\/\/iha-race.com\/de\/#website","url":"https:\/\/iha-race.com\/de\/","name":"Iha Race","description":"Comprar drones de carreras FPV env\u00edos en un d\u00eda desde Espa\u00f1a","publisher":{"@id":"https:\/\/iha-race.com\/de\/#organization"},"potentialAction":[{"@type":"SearchAction","target":{"@type":"EntryPoint","urlTemplate":"https:\/\/iha-race.com\/de\/?s={search_term_string}"},"query-input":{"@type":"PropertyValueSpecification","valueRequired":true,"valueName":"search_term_string"}}],"inLanguage":"de"},{"@type":"Organization","@id":"https:\/\/iha-race.com\/de\/#organization","name":"Iha Race","url":"https:\/\/iha-race.com\/de\/","logo":{"@type":"ImageObject","inLanguage":"de","@id":"https:\/\/iha-race.com\/de\/#\/schema\/logo\/image\/","url":"https:\/\/iha-race.com\/wp-content\/uploads\/2018\/07\/iha-race-drones-de-carreras-tienda-comprar-drones.png","contentUrl":"https:\/\/iha-race.com\/wp-content\/uploads\/2018\/07\/iha-race-drones-de-carreras-tienda-comprar-drones.png","width":300,"height":100,"caption":"Iha Race"},"image":{"@id":"https:\/\/iha-race.com\/de\/#\/schema\/logo\/image\/"}}]}},"jetpack_sharing_enabled":true,"brands":[],"_links":{"self":[{"href":"https:\/\/iha-race.com\/de\/wp-json\/wp\/v2\/product\/226540","targetHints":{"allow":["GET"]}}],"collection":[{"href":"https:\/\/iha-race.com\/de\/wp-json\/wp\/v2\/product"}],"about":[{"href":"https:\/\/iha-race.com\/de\/wp-json\/wp\/v2\/types\/product"}],"replies":[{"embeddable":true,"href":"https:\/\/iha-race.com\/de\/wp-json\/wp\/v2\/comments?post=226540"}],"version-history":[{"count":2,"href":"https:\/\/iha-race.com\/de\/wp-json\/wp\/v2\/product\/226540\/revisions"}],"predecessor-version":[{"id":248534,"href":"https:\/\/iha-race.com\/de\/wp-json\/wp\/v2\/product\/226540\/revisions\/248534"}],"wp:featuredmedia":[{"embeddable":true,"href":"https:\/\/iha-race.com\/de\/wp-json\/wp\/v2\/media\/226512"}],"wp:attachment":[{"href":"https:\/\/iha-race.com\/de\/wp-json\/wp\/v2\/media?parent=226540"}],"wp:term":[{"taxonomy":"pwb-brand","embeddable":true,"href":"https:\/\/iha-race.com\/de\/wp-json\/wp\/v2\/pwb-brand?post=226540"},{"taxonomy":"product_cat","embeddable":true,"href":"https:\/\/iha-race.com\/de\/wp-json\/wp\/v2\/product_cat?post=226540"},{"taxonomy":"product_tag","embeddable":true,"href":"https:\/\/iha-race.com\/de\/wp-json\/wp\/v2\/product_tag?post=226540"}],"curies":[{"name":"wp","href":"https:\/\/api.w.org\/{rel}","templated":true}]}}