{"id":226053,"date":"2023-02-28T18:52:07","date_gmt":"2023-02-28T17:52:07","guid":{"rendered":"https:\/\/iha-race.com\/producto\/dji-avata-pro-view-combo-2\/"},"modified":"2023-02-28T18:52:07","modified_gmt":"2023-02-28T17:52:07","slug":"dji-avata-pro-view-combo-2","status":"publish","type":"product","link":"https:\/\/iha-race.com\/de\/producto\/dji-avata-pro-view-combo-2\/","title":{"rendered":"DJI Avata &#8211; Pro View COMBO"},"content":{"rendered":"<h1>DJI Avata &#8211; Pro View COMBO<\/h1>\n<\/p>\n<h2>30 TAGE VORBESTELLUNG <\/h2>\n<\/p>\n<p><strong>Ausgestattet mit einem 1\/1,7-Zoll-CMOS-Sensor unterst\u00fctzt die Avata 4K-Ultraweitwinkelaufnahmen mit einer Blende von f\/2,8. Gepaart mit einer hochwertigen Bildleistung liefert er au\u00dfergew\u00f6hnliche Bilder, die Ihr Publikum in Erstaunen versetzen werden.<\/strong><\/p>\n<\/p>\n<p><strong>In der Schachtel:<\/strong><\/p>\n<ul>\n<li><strong>DJI Avata x1<\/strong><\/li>\n<li><strong>DJI Avata Flug Akku x1<\/strong><\/li>\n<li><strong>Propeller (Paar) x1<\/strong><\/li>\n<li><strong>Netzadapter x1<\/strong><\/li>\n<li><strong>PD-Kabel (Typ C-Typ C) x1<\/strong><\/li>\n<li><strong>Stabilisator-Schutz x1<\/strong><\/li>\n<li><strong>Schraubendreher x1<\/strong><\/li>\n<li><strong>Schrauben (M2 x7)<\/strong><\/li>\n<li><strong>Bewegungssteuerung x1<\/strong><\/li>\n<li><strong>DJI FPV Schutzbrille 2 x1<\/strong><\/li>\n<li><strong>DJI Goggles 2 Akku x1<\/strong><\/li>\n<li><strong>DJI Goggles 2 Displayschutzfolie<\/strong><\/li>\n<li><strong>DJI Goggles 2 x1 Kopfband<\/strong><\/li>\n<li><strong>DJI Goggles 2 Dualband-Antenne (Paar)<\/strong><\/li>\n<li><strong>DJI Goggles 2 x1 Stromkabel<\/strong><\/li>\n<li><strong>OTG-Kabel x1 <\/strong><\/li>\n<li><strong>Riemen x1<\/strong><\/li>\n<\/ul>\n<\/p>\n<p>            <img>        <\/p>\n<p><strong>Zum Fliegen geboren<\/strong><\/p>\n<p>Wenn man Avata mit der Brille und dem Motion Controller kombiniert, wird das Fliegen f\u00fcr jeden zug\u00e4nglich. Erleben Sie den Nervenkitzel des totalen Eintauchens mit unvergleichlicher Sicherheit und Kontrolle. Lassen Sie sich von Ihrer Spontaneit\u00e4t leiten und fangen Sie die Welt um sich herum ein. Einige von uns sind zum Fliegen geboren.<\/p>\n<\/p>\n<p>Der DJI Avata ist kompakt und leicht, er ist wendig in engen R\u00e4umen und jeder Aspekt seines Designs wurde so gestaltet, dass Sie mutig sein k\u00f6nnen. Der integrierte Propellerschutz bedeutet, dass der Avata, wenn er ein Objekt ber\u00fchrt, zur\u00fcckprallen kann, in der Luft bleibt und weiterfliegt.<\/p>\n<p>            <img>        <\/p>\n<p>            <img>        <\/p>\n<p>Die DJI Avata ist kompakt und leicht und l\u00e4sst sich auch auf engem Raum gut steuern. Jeder Aspekt seines Designs wurde so gestaltet, dass Sie mutig sein k\u00f6nnen. Der integrierte Propellerschutz bedeutet, dass der Avata bei einem Kontakt mit einem Objekt abprallen, in der Luft bleiben und weiterfliegen kann.<\/p>\n<p><strong>DJI Bewegungssteuerung<\/strong><\/p>\n<p><strong>Die Magie des Fliegens sp\u00fcren<\/strong><\/p>\n<p>Der DJI Motion Controller legt das intuitive Fliegen in Ihre H\u00e4nde. Dr\u00fccke den Ausl\u00f6ser und fliege vorw\u00e4rts oder f\u00fchre mit einer einfachen Drehung des Handgelenks eine Drehung aus. Die Steuerung ist einfach zu bedienen und bietet eine v\u00f6llig einzigartige Art zu fliegen.<\/p>\n<p>            <img>        <\/p>\n<p><strong>Coole Moves verdienen coole Videos<\/strong><\/p>\n<p><strong>Ein Durchbruch bei den visuellen FPV-Effekten<\/strong><\/p>\n<p>Ausgestattet mit einem 1\/1,7-Zoll-CMOS-Sensor erm\u00f6glicht die DJI Avata Ultra-Weitwinkelaufnahmen in 4K mit einer Blende von f\/2.8. Zusammen mit der \u00fcberragenden Bildleistung liefert sie au\u00dfergew\u00f6hnliche visuelle Effekte, die Ihr Publikum in Atem halten werden.<\/p>\n<table>\n<tr>\n<td>\n<p><strong>1\/1,7 Zoll<\/strong><\/p>\n<p><strong>Sensor<\/strong><\/p>\n<\/td>\n<td>\n<p><strong>4K\/60 fps[6]<\/strong><\/p>\n<p><strong>Video<\/strong><\/p>\n<\/td>\n<\/tr>\n<tr>\n<td>\n<p><strong>155\u00b0<\/strong><\/p>\n<p><strong>Superweites Sichtfeld<\/strong><\/p>\n<\/td>\n<td>\n<p><strong>D-Cinelike<\/strong><\/p>\n<p><strong>Farbmodus<\/strong><\/p>\n<\/td>\n<\/tr>\n<tr>\n<td>\n<p><strong>RockSteady 2.0<\/strong><\/p>\n<p><strong>Elektronische Bildstabilisierung<\/strong><\/p>\n<\/td>\n<td>\n<p><strong>HorizonSteady<\/strong><\/p>\n<p><strong>Elektronische Bildstabilisierung<\/strong><\/p>\n<\/td>\n<\/tr>\n<\/table>\n<p><strong>155\u00b0 superweites Sichtfeld<\/strong><\/p>\n<\/p>\n<p>Die meisten Kameradrohnen bieten bestenfalls ein Sichtfeld von 84\u00b0. DJI Avata geht mit seinem superweiten Sichtfeld von 155\u00b0 noch einen Schritt weiter. Diese erweiterte Perspektive ist n\u00e4her an dem, was wir mit unseren eigenen Augen sehen, und erzeugt atemberaubende und extrem immersive visuelle Effekte.<\/p>\n<p><strong>Ausgezeichnete Aufnahme<\/strong><\/p>\n<p>Mit RockSteady 2.0 und HorizonSteady[8] k\u00f6nnen Sie Ihre Videos beim Ausf\u00fchren von Stunts ruhig halten. Diese Flaggschiff-Technologien er\u00f6ffnen eine Welt der filmischen M\u00f6glichkeiten, indem sie Kameraverwacklungen reduzieren und fl\u00fcssige Ultra-HD-Videos gew\u00e4hrleisten.<\/p>\n<p><strong>RockSteady 2.0<\/strong><\/p>\n<p>RockSteady reduziert aktiv und in Echtzeit Kameraverwacklungen.<\/p>\n<\/p>\n<p><strong> HorizonSteady<\/strong><\/p>\n<p>HorizonSteady fixiert die Horizontebene Ihrer Videos f\u00fcr filmische Effekte.<\/p>\n<p><strong>Beweglichkeit im Schneideraum<\/strong><\/p>\n<p>Tauchen Sie in eine Welt voller Farben ein, wenn Sie im D-Cinelike-Modus aufnehmen, und machen Sie Ihre Videos mit der nachtr\u00e4glichen Farbkorrektur zu einem echten Meisterwerk.<\/p>\n<p><strong>Ihr h\u00e4rtester Begleiter<\/strong><\/p>\n<p><strong>Tragbar und bereit f\u00fcr Abenteuer<\/strong><\/p>\n<\/p>\n<p>Avata verf\u00fcgt \u00fcber ein neues und innovatives Design, bei dem Ihr Komfort im Vordergrund steht. Er ist leichter, kompakter und einfacher zu tragen.<\/p>\n<p>            <img>        <\/p>\n<p><strong>Wage es, wegzufliegen.<\/strong><\/p>\n<p>DJI Avata ist robust, damit Sie mutig sein k\u00f6nnen. Sein stabiler Rahmen verringert das Risiko von Sch\u00e4den und gibt Ihnen mehr Sicherheit. Das neue aerodynamische Rippendesign optimiert die Leistungseffizienz und erm\u00f6glicht eine beeindruckende Flugzeit von 18 Minuten.<\/p>\n<p><strong>Fliegen und entdecken<\/strong><\/p>\n<p>Entdecken Sie Ihre Umgebung in v\u00f6lliger Freiheit neu und entdecken Sie erstaunliche M\u00f6glichkeiten f\u00fcr Videoaufnahmen. Die Flexibilit\u00e4t von DJI Avata in verschiedenen Szenarien er\u00f6ffnet eine neue Welt der kreativen M\u00f6glichkeiten.<\/p>\n<p><strong>Fliegen, wo andere nicht k\u00f6nnen<\/strong><\/p>\n<p>Nehmen Sie einzigartige Videos auf, w\u00e4hrend Sie sich zwischen \u00c4sten hindurchschl\u00e4ngeln, unter Br\u00fccken hindurch und durch G\u00e4nge hindurch, und filmen Sie an Orten, die bisher unzug\u00e4nglich waren.<\/p>\n<p><strong>Vertrauen durch Sicherheit<\/strong><\/p>\n<p><strong>Unteres Hinderniserkennungssystem<\/strong><\/p>\n<p>Zus\u00e4tzlich zum integrierten Propellerschutz verf\u00fcgt der Avata \u00fcber einen unteren binokularen Sichtbereich und eine ToF-Infraroterkennung f\u00fcr noch mehr Sicherheit, die Hindernisse unterhalb und oberhalb des Avata erkennt, um niedrige Flugh\u00f6hen oder Innenr\u00e4ume zu erreichen.<\/p>\n<ul>\n<li><strong>Tiefflug<\/strong>: Probieren Sie den Avata-Tiefflug aus und gleiten Sie verlockend nahe an den Boden heran.[11] In Kombination mit dem superweiten Sichtfeld entsteht so eine aufregende und v\u00f6llig einzigartige Perspektive.<\/li>\n<\/ul>\n<ul>\n<li><strong>Anhalten und abwarten<\/strong>: Dr\u00fccken Sie die Notbrems-Taste, wenn Sie sich in einer Situation befinden, die ein abruptes Anhalten erfordert. Avata bleibt im Schwebeflug, um das Risiko m\u00f6glicher Unf\u00e4lle zu verringern.<\/li>\n<\/ul>\n<p><strong>\u00dcbertragung, der Sie vertrauen k\u00f6nnen<\/strong><\/p>\n<table>\n<tr>\n<td>\n<p><strong>1080p<\/strong><\/p>\n<p><strong>Max. Qualit\u00e4t der Video\u00fcbertragung[12]<\/strong><\/p>\n<\/td>\n<td>\n<p><strong>100 fps<\/strong><\/p>\n<p><strong>Max. Video-Streaming-Bildrate<\/strong><\/p>\n<\/td>\n<\/tr>\n<tr>\n<td>\n<p><strong>30 ms<\/strong><\/p>\n<p><strong>Minimale Latenzzeit bei der Video\u00fcbertragung[12]<\/strong><\/p>\n<\/td>\n<td>\n<p><strong>10 km<\/strong><\/p>\n<p><strong>Maximale Reichweite der Video\u00fcbertragung[13]<\/strong><\/p>\n<\/td>\n<\/tr>\n<tr>\n<td>\n<p><strong>50 Mb\/s<\/strong><\/p>\n<p><strong>Max. Video-Bitrate[14]<\/strong><\/p>\n<\/td>\n<td>\n<p><strong>H.265<\/strong><\/p>\n<p><strong>Kodierung der Video\u00fcbertragung<\/strong><\/p>\n<\/td>\n<\/tr>\n<\/table>\n<p><strong>*** Bei Verwendung der DJI Goggles 2 in einer offenen Umgebung im Freien ohne Interferenzen ***.<\/strong><\/p>\n<p><strong>Beherrsche deine Bewegungen<\/strong><\/p>\n<p>DJI Avata ist mit mehreren Fernsteuerungsger\u00e4ten kompatibel, die jeweils unterschiedliche M\u00f6glichkeiten er\u00f6ffnen. Der Flugsimulator ist ideal, um Ihre F\u00e4higkeiten zu verbessern oder verschiedene Steuerungsmodi auszuprobieren, die verbesserte visuelle Effekte und neue M\u00f6glichkeiten bieten.<\/p>\n<ul>\n<li><strong>Maximale Pr\u00e4zision<\/strong>: Fliegen Sie im manuellen Modus mit der DJI FPV Remote Control 2 f\u00fcr fortschrittliche Flugbewegungen, stabile Luftbild-Effekte und eine abwechslungsreiche Bildsprache f\u00fcr Aufnahmen.<\/li>\n<\/ul>\n<ul>\n<li><strong>\u00dcbung macht den Meister:<\/strong> Die DJI Virtual Flight App kann sowohl auf Computern als auch auf Smartphones genutzt werden und enth\u00e4lt mehrere simulierte Szenarien.[16] Sie k\u00f6nnen drinnen und drau\u00dfen \u00fcben, Ihre Flugk\u00fcnste verbessern und Schritt f\u00fcr Schritt zum Meisterpiloten werden.<\/li>\n<\/ul>\n<p>            <img>        <\/p>\n<ol>\n<li>DJI Avata ist kompatibel mit DJI Goggles 2, DJI FPV Remote Control 2 und DJI FPV Goggles V2.<\/li>\n<li>Das Nutzer- und Seherlebnis kann sich von Person zu Person unterscheiden.<\/li>\n<li>Die Bildwiederholfrequenz des Bildschirms \u00e4ndert sich je nach Bildfrequenz des Videostroms. Sie k\u00f6nnen zwischen 100 Hz und 60 Hz wechseln, um die aktuelle Bildfrequenz des Videostroms anzupassen.<\/li>\n<li>Die DJI Goggles 2 erlauben keine Astigmatismus-Korrektur. Wenn Sie besondere Anforderungen an Ihr Sehverm\u00f6gen haben, konsultieren Sie bitte vor der Verwendung Ihren Arzt.<\/li>\n<li>Das Seherlebnis kann variieren.<\/li>\n<li>4K\/60 fps Videos sind nicht mit dem Seitenverh\u00e4ltnis 4:3 kompatibel, nur das Seitenverh\u00e4ltnis 16:9 wird unterst\u00fctzt.<\/li>\n<li>Das 155\u00b0-Sichtfeld ist nur verf\u00fcgbar, wenn das Seitenverh\u00e4ltnis 4:3 und die Videoaufnahmespezifikation 2,7K bei 50\/60 fps oder 1080p bei 50\/60 fps ist, oder wenn das Seitenverh\u00e4ltnis 16:9 und die Videoaufnahmespezifikation 4K bei 50\/60 fps, 2,7K bei 50\/60 fps oder 1080p bei 50\/60 fps ist.<\/li>\n<li>HorizonSteady ist nur verf\u00fcgbar, wenn das Sichtfeld im Modus &#8222;Normal&#8220; mit einem Seitenverh\u00e4ltnis von 16:9 und den Videoaufnahmespezifikationen 4K bei 50\/60 fps, 2.7K bei 50\/60 fps oder 1080p bei 50\/60 fps eingestellt ist. RockSteady ist nicht verf\u00fcgbar, wenn die Videoaufnahmespezifikationen 2.7K bei 100\/120 fps oder 1080p bei 100\/120 fps sind.<\/li>\n<li>Getestet im Schwebeflug in einer wind- und st\u00f6rungsfreien Umgebung.<\/li>\n<li>DJI Avata erm\u00f6glicht eine niedrigere Hinderniserkennung nur bei Verwendung mit DJI FPV Remote Control 2 oder DJI Motion Controller im N-Modus oder S-Modus.<\/li>\n<li>Das Flugzeug muss einen Abstand von mindestens 0,25 Metern zum Boden einhalten.<\/li>\n<li>Die Video\u00fcbertragungslatenz variiert zwischen den verschiedenen Modellen.DJI FPV Goggles V2 k\u00f6nnen Video\u00fcbertragungen bis zu 810p erreichen.Wenn Sie DJI FPV Goggles V2 mit Video\u00fcbertragung bei 810p\/120 fps verwenden, ist die minimale Video\u00fcbertragungslatenz weniger als 28ms.<\/li>\n<li>FCC-konform und in einer offenen Au\u00dfenumgebung ohne St\u00f6rungen getestet.<\/li>\n<li>Getestet in einer offenen, nicht st\u00f6renden Au\u00dfenumgebung. Die Bitrate der Video\u00fcbertragung variiert je nach Betriebsumgebung.<\/li>\n<li>Kompatibel mit DJI FPV Remote Control 2 und DJI Motion Controller, separat erh\u00e4ltlich.<\/li>\n<li>Der PC-Client ist kompatibel mit Windows-Betriebssystemen, der mobile Client ist kompatibel mit iOS 12.0 und h\u00f6her sowie Android v9.0 und h\u00f6her.<\/li>\n<\/ol>\n<p>  DJI FPV Drohne  <\/p>\n<h2>\n  DJI FPV-Fernsteuerung 2<br \/>\n                <\/h2>\n<p>  DJI FPV-Fernsteuerung 2  <\/p>\n<p>  149,00 \u20ac<\/p>\n<p> 30 TAGE VORBESTELLUNG<\/p>\n<p>  In den Warenkorb legen<\/p>\n<p> DJI Avata <\/p>\n<h2>\n DJI Avata Fly More Kit<br \/>\n                <\/h2>\n<p> DJI Avata Fly More Kit <\/p>\n<p>  249,00 \u20ac<\/p>\n<p> DJI Avata Fly More Kit<\/p>\n<p>  In den Warenkorb legen<\/p>\n<p>  Nachrichten  <\/p>\n<h2>\n  DJI Mini 3 Pro Intelligenter Flug Akku<br \/>\n                <\/h2>\n<p>  DJI Mini 3 Pro intelligenter Flug-Akku  <\/p>\n<p>  69,00 \u20ac<\/p>\n<p>  DJI Mini 3 Pro intelligenter Flug-Akku  <\/p>\n<p>  In den Warenkorb legen<\/p>\n<p>  DJI OM 6  <\/p>\n<h2>\n  Osmo Mobile 6 Vlog Pack<br \/>\n                <\/h2>\n<p>  Osmo Mobile 6 Vlog Pack  <\/p>\n<p>  498,00 \u20ac<\/p>\n<p>  Osmo Mobile 6 Vlog Pack<\/p>\n<p>30 TAGE VORBESTELLUNG<\/p>\n<p>  In den Warenkorb legen<\/p>\n<p>  Startseite  <\/p>\n<h2>\n ND-Filtersatz (ND\/8\/16\/32) DJI Avata<br \/>\n                <\/h2>\n<p> ND-Filtersatz (ND\/8\/16\/32) DJI Avata <\/p>\n<p>  69,00 \u20ac<\/p>\n<p> ND-Filtersatz (ND\/8\/16\/32) DJI Avata<\/p>\n<p>  In den Warenkorb legen<\/p>\n<p> DJI Avata <\/p>\n<h2>\n  DJI Care Refresh &#8211; 2-Jahres-Plan (DJI Avata)<br \/>\n                <\/h2>\n<p>  DJI Care Refresh &#8211; 2-Jahres-Plan (DJI Avata)  <\/p>\n<p>  105,00 \u20ac<\/p>\n<p>  DJI Care Refresh &#8211; 2-Jahres-Plan (DJI Avata)<\/p>\n<p>  In den Warenkorb legen<\/p>\n","protected":false},"excerpt":{"rendered":"<p>DJI Avata &#8211; Pro View COMBO 30 TAGE VORBESTELLUNG Ausgestattet mit einem 1\/1,7-Zoll-CMOS-Sensor unterst\u00fctzt die Avata 4K-Ultraweitwinkelaufnahmen mit einer Blende von f\/2,8. Gepaart mit einer hochwertigen Bildleistung liefert er au\u00dfergew\u00f6hnliche<\/p>\n","protected":false},"featured_media":225749,"comment_status":"open","ping_status":"closed","template":"","meta":{"_joinchat":[]},"pwb-brand":[],"product_cat":[3328],"product_tag":[],"class_list":{"0":"post-226053","1":"product","2":"type-product","3":"status-publish","4":"has-post-thumbnail","6":"product_cat-dji-de","8":"first","9":"instock","10":"taxable","11":"shipping-taxable","12":"purchasable","13":"product-type-simple"},"barcode":null,"atum_controlled":true,"out_stock_date":null,"out_stock_threshold":null,"inheritable":false,"stock_on_hold":0,"sold_today":0,"sales_last_days":0,"out_stock_days":0,"lost_sales":0,"update_date":"2026-04-18T20:30:54","atum_locations":[],"atum_stock_status":"instock","restock_status":false,"low_stock_amount":"","sales_update_date":"2026-04-18T20:30:54","calc_backorders":null,"yoast_head":"<!-- This site is optimized with the Yoast SEO plugin v27.3 - https:\/\/yoast.com\/product\/yoast-seo-wordpress\/ -->\n<title>DJI Avata - Pro View COMBO - Iha Race<\/title>\n<meta name=\"robots\" content=\"index, follow, max-snippet:-1, max-image-preview:large, max-video-preview:-1\" \/>\n<link rel=\"canonical\" href=\"https:\/\/iha-race.com\/de\/producto\/dji-avata-pro-view-combo-2\/\" \/>\n<meta property=\"og:locale\" content=\"de_DE\" \/>\n<meta property=\"og:type\" content=\"article\" \/>\n<meta property=\"og:title\" content=\"DJI Avata - Pro View COMBO - Iha Race\" \/>\n<meta property=\"og:description\" content=\"DJI Avata &#8211; Pro View COMBO 30 TAGE VORBESTELLUNG Ausgestattet mit einem 1\/1,7-Zoll-CMOS-Sensor unterst\u00fctzt die Avata 4K-Ultraweitwinkelaufnahmen mit einer Blende von f\/2,8. Gepaart mit einer hochwertigen Bildleistung liefert er au\u00dfergew\u00f6hnliche\" \/>\n<meta property=\"og:url\" content=\"https:\/\/iha-race.com\/de\/producto\/dji-avata-pro-view-combo-2\/\" \/>\n<meta property=\"og:site_name\" content=\"Iha Race\" \/>\n<meta property=\"og:image\" content=\"https:\/\/iha-race.com\/wp-content\/uploads\/2023\/02\/09ef5980909a9f512dd4fd9eba46c59b-dji-avata-pro-view-combo.jpg.jpeg\" \/>\n\t<meta property=\"og:image:width\" content=\"1100\" \/>\n\t<meta property=\"og:image:height\" content=\"1422\" \/>\n\t<meta property=\"og:image:type\" content=\"image\/jpeg\" \/>\n<meta name=\"twitter:card\" content=\"summary_large_image\" \/>\n<meta name=\"twitter:label1\" content=\"Gesch\u00e4tzte Lesezeit\" \/>\n\t<meta name=\"twitter:data1\" content=\"7\u00a0Minuten\" \/>\n<script type=\"application\/ld+json\" class=\"yoast-schema-graph\">{\"@context\":\"https:\\\/\\\/schema.org\",\"@graph\":[{\"@type\":\"WebPage\",\"@id\":\"https:\\\/\\\/iha-race.com\\\/de\\\/producto\\\/dji-avata-pro-view-combo-2\\\/\",\"url\":\"https:\\\/\\\/iha-race.com\\\/de\\\/producto\\\/dji-avata-pro-view-combo-2\\\/\",\"name\":\"DJI Avata - Pro View COMBO - Iha Race\",\"isPartOf\":{\"@id\":\"https:\\\/\\\/iha-race.com\\\/de\\\/#website\"},\"primaryImageOfPage\":{\"@id\":\"https:\\\/\\\/iha-race.com\\\/de\\\/producto\\\/dji-avata-pro-view-combo-2\\\/#primaryimage\"},\"image\":{\"@id\":\"https:\\\/\\\/iha-race.com\\\/de\\\/producto\\\/dji-avata-pro-view-combo-2\\\/#primaryimage\"},\"thumbnailUrl\":\"https:\\\/\\\/iha-race.com\\\/wp-content\\\/uploads\\\/2023\\\/02\\\/09ef5980909a9f512dd4fd9eba46c59b-dji-avata-pro-view-combo.jpg.jpeg\",\"datePublished\":\"2023-02-28T17:52:07+00:00\",\"breadcrumb\":{\"@id\":\"https:\\\/\\\/iha-race.com\\\/de\\\/producto\\\/dji-avata-pro-view-combo-2\\\/#breadcrumb\"},\"inLanguage\":\"de\",\"potentialAction\":[{\"@type\":\"ReadAction\",\"target\":[\"https:\\\/\\\/iha-race.com\\\/de\\\/producto\\\/dji-avata-pro-view-combo-2\\\/\"]}]},{\"@type\":\"ImageObject\",\"inLanguage\":\"de\",\"@id\":\"https:\\\/\\\/iha-race.com\\\/de\\\/producto\\\/dji-avata-pro-view-combo-2\\\/#primaryimage\",\"url\":\"https:\\\/\\\/iha-race.com\\\/wp-content\\\/uploads\\\/2023\\\/02\\\/09ef5980909a9f512dd4fd9eba46c59b-dji-avata-pro-view-combo.jpg.jpeg\",\"contentUrl\":\"https:\\\/\\\/iha-race.com\\\/wp-content\\\/uploads\\\/2023\\\/02\\\/09ef5980909a9f512dd4fd9eba46c59b-dji-avata-pro-view-combo.jpg.jpeg\",\"width\":1100,\"height\":1422},{\"@type\":\"BreadcrumbList\",\"@id\":\"https:\\\/\\\/iha-race.com\\\/de\\\/producto\\\/dji-avata-pro-view-combo-2\\\/#breadcrumb\",\"itemListElement\":[{\"@type\":\"ListItem\",\"position\":1,\"name\":\"Portada\",\"item\":\"https:\\\/\\\/iha-race.com\\\/de\\\/elementor-499\\\/\"},{\"@type\":\"ListItem\",\"position\":2,\"name\":\"Shop\",\"item\":\"https:\\\/\\\/iha-race.com\\\/de\\\/shop\\\/\"},{\"@type\":\"ListItem\",\"position\":3,\"name\":\"DJI Avata &#8211; Pro View COMBO\"}]},{\"@type\":\"WebSite\",\"@id\":\"https:\\\/\\\/iha-race.com\\\/de\\\/#website\",\"url\":\"https:\\\/\\\/iha-race.com\\\/de\\\/\",\"name\":\"Iha Race\",\"description\":\"Comprar drones de carreras FPV env\u00edos en un d\u00eda desde Espa\u00f1a\",\"publisher\":{\"@id\":\"https:\\\/\\\/iha-race.com\\\/de\\\/#organization\"},\"potentialAction\":[{\"@type\":\"SearchAction\",\"target\":{\"@type\":\"EntryPoint\",\"urlTemplate\":\"https:\\\/\\\/iha-race.com\\\/de\\\/?s={search_term_string}\"},\"query-input\":{\"@type\":\"PropertyValueSpecification\",\"valueRequired\":true,\"valueName\":\"search_term_string\"}}],\"inLanguage\":\"de\"},{\"@type\":\"Organization\",\"@id\":\"https:\\\/\\\/iha-race.com\\\/de\\\/#organization\",\"name\":\"Iha Race\",\"url\":\"https:\\\/\\\/iha-race.com\\\/de\\\/\",\"logo\":{\"@type\":\"ImageObject\",\"inLanguage\":\"de\",\"@id\":\"https:\\\/\\\/iha-race.com\\\/de\\\/#\\\/schema\\\/logo\\\/image\\\/\",\"url\":\"https:\\\/\\\/iha-race.com\\\/wp-content\\\/uploads\\\/2018\\\/07\\\/iha-race-drones-de-carreras-tienda-comprar-drones.png\",\"contentUrl\":\"https:\\\/\\\/iha-race.com\\\/wp-content\\\/uploads\\\/2018\\\/07\\\/iha-race-drones-de-carreras-tienda-comprar-drones.png\",\"width\":300,\"height\":100,\"caption\":\"Iha Race\"},\"image\":{\"@id\":\"https:\\\/\\\/iha-race.com\\\/de\\\/#\\\/schema\\\/logo\\\/image\\\/\"}}]}<\/script>\n<!-- \/ Yoast SEO plugin. -->","yoast_head_json":{"title":"DJI Avata - Pro View COMBO - Iha Race","robots":{"index":"index","follow":"follow","max-snippet":"max-snippet:-1","max-image-preview":"max-image-preview:large","max-video-preview":"max-video-preview:-1"},"canonical":"https:\/\/iha-race.com\/de\/producto\/dji-avata-pro-view-combo-2\/","og_locale":"de_DE","og_type":"article","og_title":"DJI Avata - Pro View COMBO - Iha Race","og_description":"DJI Avata &#8211; Pro View COMBO 30 TAGE VORBESTELLUNG Ausgestattet mit einem 1\/1,7-Zoll-CMOS-Sensor unterst\u00fctzt die Avata 4K-Ultraweitwinkelaufnahmen mit einer Blende von f\/2,8. Gepaart mit einer hochwertigen Bildleistung liefert er au\u00dfergew\u00f6hnliche","og_url":"https:\/\/iha-race.com\/de\/producto\/dji-avata-pro-view-combo-2\/","og_site_name":"Iha Race","og_image":[{"width":1100,"height":1422,"url":"https:\/\/iha-race.com\/wp-content\/uploads\/2023\/02\/09ef5980909a9f512dd4fd9eba46c59b-dji-avata-pro-view-combo.jpg.jpeg","type":"image\/jpeg"}],"twitter_card":"summary_large_image","twitter_misc":{"Gesch\u00e4tzte Lesezeit":"7\u00a0Minuten"},"schema":{"@context":"https:\/\/schema.org","@graph":[{"@type":"WebPage","@id":"https:\/\/iha-race.com\/de\/producto\/dji-avata-pro-view-combo-2\/","url":"https:\/\/iha-race.com\/de\/producto\/dji-avata-pro-view-combo-2\/","name":"DJI Avata - Pro View COMBO - Iha Race","isPartOf":{"@id":"https:\/\/iha-race.com\/de\/#website"},"primaryImageOfPage":{"@id":"https:\/\/iha-race.com\/de\/producto\/dji-avata-pro-view-combo-2\/#primaryimage"},"image":{"@id":"https:\/\/iha-race.com\/de\/producto\/dji-avata-pro-view-combo-2\/#primaryimage"},"thumbnailUrl":"https:\/\/iha-race.com\/wp-content\/uploads\/2023\/02\/09ef5980909a9f512dd4fd9eba46c59b-dji-avata-pro-view-combo.jpg.jpeg","datePublished":"2023-02-28T17:52:07+00:00","breadcrumb":{"@id":"https:\/\/iha-race.com\/de\/producto\/dji-avata-pro-view-combo-2\/#breadcrumb"},"inLanguage":"de","potentialAction":[{"@type":"ReadAction","target":["https:\/\/iha-race.com\/de\/producto\/dji-avata-pro-view-combo-2\/"]}]},{"@type":"ImageObject","inLanguage":"de","@id":"https:\/\/iha-race.com\/de\/producto\/dji-avata-pro-view-combo-2\/#primaryimage","url":"https:\/\/iha-race.com\/wp-content\/uploads\/2023\/02\/09ef5980909a9f512dd4fd9eba46c59b-dji-avata-pro-view-combo.jpg.jpeg","contentUrl":"https:\/\/iha-race.com\/wp-content\/uploads\/2023\/02\/09ef5980909a9f512dd4fd9eba46c59b-dji-avata-pro-view-combo.jpg.jpeg","width":1100,"height":1422},{"@type":"BreadcrumbList","@id":"https:\/\/iha-race.com\/de\/producto\/dji-avata-pro-view-combo-2\/#breadcrumb","itemListElement":[{"@type":"ListItem","position":1,"name":"Portada","item":"https:\/\/iha-race.com\/de\/elementor-499\/"},{"@type":"ListItem","position":2,"name":"Shop","item":"https:\/\/iha-race.com\/de\/shop\/"},{"@type":"ListItem","position":3,"name":"DJI Avata &#8211; Pro View COMBO"}]},{"@type":"WebSite","@id":"https:\/\/iha-race.com\/de\/#website","url":"https:\/\/iha-race.com\/de\/","name":"Iha Race","description":"Comprar drones de carreras FPV env\u00edos en un d\u00eda desde Espa\u00f1a","publisher":{"@id":"https:\/\/iha-race.com\/de\/#organization"},"potentialAction":[{"@type":"SearchAction","target":{"@type":"EntryPoint","urlTemplate":"https:\/\/iha-race.com\/de\/?s={search_term_string}"},"query-input":{"@type":"PropertyValueSpecification","valueRequired":true,"valueName":"search_term_string"}}],"inLanguage":"de"},{"@type":"Organization","@id":"https:\/\/iha-race.com\/de\/#organization","name":"Iha Race","url":"https:\/\/iha-race.com\/de\/","logo":{"@type":"ImageObject","inLanguage":"de","@id":"https:\/\/iha-race.com\/de\/#\/schema\/logo\/image\/","url":"https:\/\/iha-race.com\/wp-content\/uploads\/2018\/07\/iha-race-drones-de-carreras-tienda-comprar-drones.png","contentUrl":"https:\/\/iha-race.com\/wp-content\/uploads\/2018\/07\/iha-race-drones-de-carreras-tienda-comprar-drones.png","width":300,"height":100,"caption":"Iha Race"},"image":{"@id":"https:\/\/iha-race.com\/de\/#\/schema\/logo\/image\/"}}]}},"jetpack_sharing_enabled":true,"brands":[],"_links":{"self":[{"href":"https:\/\/iha-race.com\/de\/wp-json\/wp\/v2\/product\/226053","targetHints":{"allow":["GET"]}}],"collection":[{"href":"https:\/\/iha-race.com\/de\/wp-json\/wp\/v2\/product"}],"about":[{"href":"https:\/\/iha-race.com\/de\/wp-json\/wp\/v2\/types\/product"}],"replies":[{"embeddable":true,"href":"https:\/\/iha-race.com\/de\/wp-json\/wp\/v2\/comments?post=226053"}],"version-history":[{"count":0,"href":"https:\/\/iha-race.com\/de\/wp-json\/wp\/v2\/product\/226053\/revisions"}],"wp:featuredmedia":[{"embeddable":true,"href":"https:\/\/iha-race.com\/de\/wp-json\/wp\/v2\/media\/225749"}],"wp:attachment":[{"href":"https:\/\/iha-race.com\/de\/wp-json\/wp\/v2\/media?parent=226053"}],"wp:term":[{"taxonomy":"pwb-brand","embeddable":true,"href":"https:\/\/iha-race.com\/de\/wp-json\/wp\/v2\/pwb-brand?post=226053"},{"taxonomy":"product_cat","embeddable":true,"href":"https:\/\/iha-race.com\/de\/wp-json\/wp\/v2\/product_cat?post=226053"},{"taxonomy":"product_tag","embeddable":true,"href":"https:\/\/iha-race.com\/de\/wp-json\/wp\/v2\/product_tag?post=226053"}],"curies":[{"name":"wp","href":"https:\/\/api.w.org\/{rel}","templated":true}]}}