{"id":225747,"date":"2023-02-28T18:49:37","date_gmt":"2023-02-28T17:49:37","guid":{"rendered":"https:\/\/iha-race.com\/producto\/dji-fpv-drohne-combo-bewegungssteuerung\/"},"modified":"2024-08-29T11:20:37","modified_gmt":"2024-08-29T09:20:37","slug":"dji-fpv-drohne-kombo-bewegungs-controller-2","status":"publish","type":"product","link":"https:\/\/iha-race.com\/de\/producto\/dji-fpv-drohne-kombo-bewegungs-controller-2\/","title":{"rendered":"DJI FPV Drohne Combo + Bewegungssteuerung"},"content":{"rendered":"<h2><strong>DJI FPV Drohne Combo<\/strong><\/h2>\n<p><strong>Spezifikationen<\/strong><\/p>\n<table>\n<tbody>\n<tr>\n<td><strong>Kamera<\/strong><\/td>\n<td>Sensor<\/td>\n<td>1\/2,3&#8243; CMOS Effektive Pixel: 12 Millionen<\/td>\n<\/tr>\n<tr>\n<td><\/td>\n<td>Objektiv<\/td>\n<td>Sichtfeld: 150\u00b0 35-mm-\u00c4quivalentformat: 14,66 mm Blende: f\/2,8 Fokusmodus: Fixfokus Fokusbereich: von 0,6 m bis \u221e<\/td>\n<\/tr>\n<tr>\n<td><\/td>\n<td>ISO<\/td>\n<td>100-12800<\/td>\n<\/tr>\n<tr>\n<td><\/td>\n<td>Verschlusszeit<\/td>\n<td>1\/50-1\/8000 s<\/td>\n<\/tr>\n<tr>\n<td><\/td>\n<td>Aufnahmemodi<\/td>\n<td>Einzelaufnahme<\/td>\n<\/tr>\n<tr>\n<td><\/td>\n<td>Max. Bildgr\u00f6\u00dfe<\/td>\n<td>3840\u00d72160<\/td>\n<\/tr>\n<tr>\n<td><\/td>\n<td>Foto-Formate<\/td>\n<td>JPEG<\/td>\n<\/tr>\n<tr>\n<td><\/td>\n<td>Video-Aufl\u00f6sung<\/td>\n<td>4K: 3840\u00d72160 @ 50\/60 fps FHD: 1920\u00d71080 @ 50\/60\/100\/120 fps<\/td>\n<\/tr>\n<tr>\n<td><\/td>\n<td>Video-Formate<\/td>\n<td>MP4\/MOV (H.264\/MPEG-4 AVC, H.265\/HEVC\uff09<\/td>\n<\/tr>\n<tr>\n<td><\/td>\n<td>Max. Video-Bitrate<\/td>\n<td>120 Mbps<\/td>\n<\/tr>\n<tr>\n<td><\/td>\n<td>Farbprofil<\/td>\n<td>Standard und D-Cinelike.<\/td>\n<\/tr>\n<tr>\n<td><\/td>\n<td>EIS RockSteady<\/td>\n<td>Verf\u00fcgbar<\/td>\n<\/tr>\n<tr>\n<td><\/td>\n<td>Korrektur von Verzerrungen<\/td>\n<td>Verf\u00fcgbar<\/td>\n<\/tr>\n<tr>\n<td><\/td>\n<td>Unterst\u00fctzte Dateiformate<\/td>\n<td>exFAT (empfohlen) FAT32<\/td>\n<\/tr>\n<\/tbody>\n<\/table>\n<p>&nbsp;<\/p>\n<table>\n<tbody>\n<tr>\n<td><strong>Stabilisatoren<\/strong><\/td>\n<td>Mechanische Reichweite<\/td>\n<td>Neigung: -65\u00b0 a 70\u00b0<\/td>\n<\/tr>\n<tr>\n<td><\/td>\n<td>Kontrollierbares Intervall<\/td>\n<td>Neigung: -50\u00b0 a 58\u00b0<\/td>\n<\/tr>\n<tr>\n<td><\/td>\n<td>Stabilisierung<\/td>\n<td>1-Achsen-Stabilisator (Neigung), elektronische Drehachse<\/td>\n<\/tr>\n<tr>\n<td><\/td>\n<td>Max. Steuergeschwindigkeit<\/td>\n<td>60\u00b0\/s<\/td>\n<\/tr>\n<tr>\n<td><\/td>\n<td>Bereich der Winkelschwingung<\/td>\n<td>\u00b10,01\u00b0 (Modus N)<\/td>\n<\/tr>\n<tr>\n<td><\/td>\n<td>Elektronische Drehachse<\/td>\n<td>Verf\u00fcgbar (kann das Video stabilisieren, wenn das Flugzeug in einem Winkel von bis zu 10\u00b0 geneigt ist)<\/td>\n<\/tr>\n<\/tbody>\n<\/table>\n<p>&nbsp;<\/p>\n<table>\n<tbody>\n<tr>\n<td>Flugzeuge<\/td>\n<td>Startgewicht<\/td>\n<td>Ungef\u00e4hr. 795 g<\/td>\n<\/tr>\n<tr>\n<td><\/td>\n<td>Abmessungen<\/td>\n<td>255 \u00d7 312 \u00d7 127 mm (mit Propellern) 178 \u00d7 232 \u00d7 127 mm (ohne Propeller)<\/td>\n<\/tr>\n<tr>\n<td><\/td>\n<td>Diagonaler Abstand<\/td>\n<td>245 mm<\/td>\n<\/tr>\n<tr>\n<td><\/td>\n<td>Max. Aufstiegsgeschwindigkeit<\/td>\n<td>Modus M: Keine Begrenzung &lt;br&gt;Modus S: 15 m\/s &lt;br&gt;Modus N: 8 m\/s<\/td>\n<\/tr>\n<tr>\n<td><\/td>\n<td>Max. Abstiegsgeschwindigkeit<\/td>\n<td>Modus M: Kein Grenzwert &lt;br&gt;Modus S: 10 m\/s &lt;br&gt;Modus N: 5 m\/s<\/td>\n<\/tr>\n<tr>\n<td><\/td>\n<td>Max. Geschwindigkeit<\/td>\n<td>140 km\/h; M-Modus: 39 m\/s (27 m\/s auf dem chinesischen Festland) S-Modus: 27 m\/s N-Modus: 15 m\/s<\/td>\n<\/tr>\n<tr>\n<td><\/td>\n<td>Max. Beschleunigung<\/td>\n<td>0-100 km\/h: 2 s (unter idealen Bedingungen beim Fliegen im M-Modus)<\/td>\n<\/tr>\n<tr>\n<td><\/td>\n<td>Max. Betriebsh\u00f6he \u00fcber dem Meeresspiegel<\/td>\n<td>6000 m<\/td>\n<\/tr>\n<tr>\n<td><\/td>\n<td>Max. Flugzeit<\/td>\n<td>Ungef\u00e4hr. 20 min (gemessen im Flug bei 40 km\/h und Windstille)<\/td>\n<\/tr>\n<tr>\n<td><\/td>\n<td>Max. station\u00e4re Flugzeit<\/td>\n<td>Ungef\u00e4hr. 16 min (Messung ohne Wind)<\/td>\n<\/tr>\n<tr>\n<td><\/td>\n<td>Max. Flugstrecke<\/td>\n<td>16,8 km (gemessen ohne Wind)<\/td>\n<\/tr>\n<tr>\n<td><\/td>\n<td>Max. Windwiderstand<\/td>\n<td>39-49 km\/h (25-31 mi\/h)<\/td>\n<\/tr>\n<tr>\n<td><\/td>\n<td>Betriebstemperatur<\/td>\n<td>Von -10 bis 40 \u00b0C (14 bis 104 \u00b0F)<\/td>\n<\/tr>\n<tr>\n<td><\/td>\n<td>Leistung des Senders (EIRP)<\/td>\n<td>2,400-2,4835 GHz&lt;br&gt;  FCC: \u226431,5 dBm&lt;br&gt;EC: \u226420 dBm&lt;br&gt;SRRC: \u226420 dBm&lt;br&gt;MIC: \u226420 dBm FCC: \u226431,5 dBm&lt;br&gt;EC: \u226414 dBm&lt;br&gt;SRRC: \u226425.5 dBm<\/td>\n<\/tr>\n<tr>\n<td><\/td>\n<td>Anzahl der Antennen<\/td>\n<td>Vier<\/td>\n<\/tr>\n<tr>\n<td><\/td>\n<td>GNSS<\/td>\n<td>GPS + GLONASS + GALILEO<\/td>\n<\/tr>\n<tr>\n<td><\/td>\n<td>Genauigkeitsbereich im Schwebeflug<\/td>\n<td>Vertikal:&lt;br&gt;  \u00b10,1 m (mit visueller Positionierung)&lt;br&gt;  \u00b10,5 m (mit GPS-Positionierung) Horizontal:&lt;br&gt;  \u00b10,3 m (mit visueller Positionierung)&lt;br&gt;  \u00b11,5 m (mit GPS-Ortung)<\/td>\n<\/tr>\n<tr>\n<td><\/td>\n<td>Unterst\u00fctzte SD-Karten<\/td>\n<td>microSD (bis zu 256 GB)<\/td>\n<\/tr>\n<tr>\n<td><\/td>\n<td>Interner Speicher<\/td>\n<td>K.A.<\/td>\n<\/tr>\n<\/tbody>\n<\/table>\n<p>&nbsp;<\/p>\n<table>\n<tbody>\n<tr>\n<td><strong>Detektionssystem<\/strong><\/td>\n<td>Vorw\u00e4rts<\/td>\n<td>Pr\u00e4ziser Messbereich: 0,5-18 m Hinderniserkennung: Nur im Modus N verf\u00fcgbar Sichtfeld: 56\u00b0 (horizontal), 71\u00b0 (vertikal)<\/td>\n<\/tr>\n<tr>\n<td><\/td>\n<td>Niedriger (zwei Vision-Sensoren + TOF)<\/td>\n<td>Effektive Erfassungsh\u00f6he (ToF): 10 m Station\u00e4re Flugreichweite: 0,5-15 m Station\u00e4re Flugreichweite des Vision-Sensors: 0,5-30 m<\/td>\n<\/tr>\n<tr>\n<td><\/td>\n<td>Unteres Hilfslicht<\/td>\n<td>Einzelne LED<\/td>\n<\/tr>\n<tr>\n<td><\/td>\n<td>Betriebsumgebung<\/td>\n<td>&lt;&gt; &gt; &gt;Bezieht sich auf eine erkennbare, nicht reflektierende Oberfl\u00e4che br Diffuses Reflexionsverm\u00f6gen 20 % (z. B. W\u00e4nde, B\u00e4ume, Menschen) Angemessene Lichtverh\u00e4ltnisse (Lux 15 bei normalen Bedingungen mit wenig Licht)<\/td>\n<\/tr>\n<\/tbody>\n<\/table>\n<p>&nbsp;<\/p>\n<table>\n<tbody>\n<tr>\n<td><strong>Ladeger\u00e4t<\/strong><\/td>\n<td>Eingang<\/td>\n<td>100-240 V, 50\/60 Hz, 1,8 A<\/td>\n<\/tr>\n<tr>\n<td><\/td>\n<td>Ausgang Nennleistung<\/td>\n<td>Batterieladeschnittstelle: 25,2 V \u00b1 0,1 V 3,57 A \u00b1 0,1 A (hoher Strom)1 A \u00b1 0,2 A (niedriger Strom) USB-Anschluss: 5 V\/2 A (\u00d72)90W<\/td>\n<\/tr>\n<\/tbody>\n<\/table>\n<p>&nbsp;<\/p>\n<table>\n<tbody>\n<tr>\n<td><strong>Intelligenter Flug-Akku<\/strong><\/td>\n<td>Akku-Kapazit\u00e4t<\/td>\n<td>2000 mAh<\/td>\n<\/tr>\n<tr>\n<td><\/td>\n<td>Spannung<\/td>\n<td>22.2 V<\/td>\n<\/tr>\n<tr>\n<td><\/td>\n<td>Max. Ladespannung<\/td>\n<td>25.2 V<\/td>\n<\/tr>\n<tr>\n<td><\/td>\n<td>Akku-Typ<\/td>\n<td>LiPo 6S<\/td>\n<\/tr>\n<tr>\n<td><\/td>\n<td>Leistung<\/td>\n<td>44,4 Wh bei 0,5C<\/td>\n<\/tr>\n<tr>\n<td><\/td>\n<td>Entladungskonstante<\/td>\n<td>&lt;Standard: 10C br&gt;<\/td>\n<\/tr>\n<tr>\n<td><\/td>\n<td>Gewicht<\/td>\n<td>295 g<\/td>\n<\/tr>\n<tr>\n<td><\/td>\n<td>Ladetemperatur<\/td>\n<td>5 bis 40 \u00b0C (41 bis 104 \u00b0F)<\/td>\n<\/tr>\n<tr>\n<td><\/td>\n<td>Max. Lastleistung<\/td>\n<td>90 W<\/td>\n<\/tr>\n<\/tbody>\n<\/table>\n<p>&nbsp;<\/p>\n<table>\n<tbody>\n<tr>\n<td><strong>Video-\u00dcbertragung<\/strong><\/td>\n<td>Betriebsfrequenz<\/td>\n<td>&lt;&gt; 2.400-2.4835 GHz br 5.725-5.850 GHz<\/td>\n<\/tr>\n<tr>\n<td><\/td>\n<td>Bandbreite der Kommunikation<\/td>\n<td>40 MHz (max.)<\/td>\n<\/tr>\n<tr>\n<td><\/td>\n<td>Live-Video-Modus<\/td>\n<td>Modus mit niedriger Latenz: 810p\/120 fps \u226428 ms Modus mit hoher Qualit\u00e4t: 810p\/60 fps \u226440 ms<\/td>\n<\/tr>\n<tr>\n<td><\/td>\n<td>Max. Video-Bitrate<\/td>\n<td>50 Mbps<\/td>\n<\/tr>\n<tr>\n<td><\/td>\n<td>\u00dcbertragungsreichweite<\/td>\n<td>10 km (FCC); 6 km (EC); 6 km (SRRC); 6 km (MIC)<\/td>\n<\/tr>\n<tr>\n<td><\/td>\n<td>Audio-\u00dcbertragung<\/td>\n<td>Ja<\/td>\n<\/tr>\n<\/tbody>\n<\/table>\n<p>&nbsp;<\/p>\n<table>\n<tbody>\n<tr>\n<td><strong>DJI FPV Schutzbrille V2<\/strong><\/td>\n<td>Gewicht<\/td>\n<td>Ungef\u00e4hr. 420 g (einschlie\u00dflich Kopfband und Antennen)<\/td>\n<\/tr>\n<tr>\n<td><\/td>\n<td>Abmessungen<\/td>\n<td>184 \u00d7 122 \u00d7 110 mm (einschlie\u00dflich Antennen) 202 \u00d7 126 \u00d7 110 mm (ohne Antennen)<\/td>\n<\/tr>\n<tr>\n<td><\/td>\n<td>Bildschirmgr\u00f6\u00dfe<\/td>\n<td>2 Zoll \u00d7 2<\/td>\n<\/tr>\n<tr>\n<td><\/td>\n<td>Aktualisierungsrate des Bildschirms<\/td>\n<td>144 Hz<\/td>\n<\/tr>\n<tr>\n<td><\/td>\n<td>Kommunikationsfrequenz&lt;sup&gt;[1]&lt;\/sup&gt;<\/td>\n<td>&lt;&gt; 2,400-2,4835 GHz br 5,725-5,850 GHz<\/td>\n<\/tr>\n<tr>\n<td><\/td>\n<td>Leistung des Senders (EIRP)<\/td>\n<td>2,400-2,4835 GHz&lt;br&gt;  FCC: \u226428,5 dBm&lt;br&gt;EC: \u226420 dBm&lt;br&gt;SRRC: \u226420 dBm&lt;br&gt;MIC: \u226420 dBm&lt;br&gt;&lt;br&gt;  5,725-5,850 GHz&lt;br&gt;  FCC: \u226431,5 dBm&lt;br&gt;EC: \u226414 dBm&lt;br&gt;SRRC: \u226419 dBm<\/td>\n<\/tr>\n<tr>\n<td><\/td>\n<td>Bandbreite der Kommunikation<\/td>\n<td>40 MHz (max.)<\/td>\n<\/tr>\n<tr>\n<td><\/td>\n<td>Live-Video-Modus<\/td>\n<td>&lt;&gt;&lt;&gt; Modus mit niedriger Latenz: 810p\/120 fps \u226428 ms* br Modus mit hoher Qualit\u00e4t: 810p\/60 fps \u226440 ms* br * Bei Aufnahmen mit 50 oder 100 fps steht ein Sichtfeld von 150\u00b0 zur Verf\u00fcgung. Bei anderen Bildfrequenzen betr\u00e4gt das Sichtfeld 142\u00b0.<\/td>\n<\/tr>\n<tr>\n<td><\/td>\n<td>Max. Video-Bitrate<\/td>\n<td>50 Mbps<\/td>\n<\/tr>\n<tr>\n<td><\/td>\n<td>\u00dcbertragungsbereich&lt;sup&gt;[2]&lt;\/sup&gt;<\/td>\n<td>10 km (FCC); 6 km (EC); 6 km (SRRC); 6 km (MIC)<\/td>\n<\/tr>\n<tr>\n<td><\/td>\n<td>Video-Format<\/td>\n<td>MP4 (Video-Codec: H.264)<\/td>\n<\/tr>\n<tr>\n<td><\/td>\n<td>Unterst\u00fctzte Audio- und Video-Wiedergabeformate<\/td>\n<td>MP4, MOV, MKV (Videoformat: H.264; Audioformat: AAC-LC, AAC-HE, AC-3, MP3\uff09<\/td>\n<\/tr>\n<tr>\n<td><\/td>\n<td>Betriebstemperatur<\/td>\n<td>0 bis 40 \u00b0C (32 bis 104 \u00b0F)<\/td>\n<\/tr>\n<tr>\n<td><\/td>\n<td>Eingangsspannung<\/td>\n<td>DJI Goggles spezifische Batterien oder andere Batterien 11.1.-25.2 V.<\/td>\n<\/tr>\n<tr>\n<td><\/td>\n<td>FOV<\/td>\n<td>Sichtfeld: 30\u00b0 bis 54\u00b0; Bildgr\u00f6\u00dfe: 50-100 %.<\/td>\n<\/tr>\n<tr>\n<td><\/td>\n<td>Interpupillarer Abstand<\/td>\n<td>58-70 mm<\/td>\n<\/tr>\n<tr>\n<td><\/td>\n<td>Kompatible microSD-Karten<\/td>\n<td>microSD (bis zu 256 GB)<\/td>\n<\/tr>\n<\/tbody>\n<\/table>\n<p>&nbsp;<\/p>\n<table>\n<tbody>\n<tr>\n<td><strong>DJI FPV-Brille Akku<\/strong><\/td>\n<td>Kapazit\u00e4t<\/td>\n<td>1800 mAh<\/td>\n<\/tr>\n<tr>\n<td><\/td>\n<td>Spannung<\/td>\n<td>9 V (max.)<\/td>\n<\/tr>\n<tr>\n<td><\/td>\n<td>Typ<\/td>\n<td>LiPo 2S<\/td>\n<\/tr>\n<tr>\n<td><\/td>\n<td>Energie<\/td>\n<td>18 Wh<\/td>\n<\/tr>\n<tr>\n<td><\/td>\n<td>Ladetemperatur<\/td>\n<td>0 bis 45 \u00b0C<\/td>\n<\/tr>\n<tr>\n<td><\/td>\n<td>Max. Lastleistung<\/td>\n<td>10 W<\/td>\n<\/tr>\n<tr>\n<td><\/td>\n<td>Lebensdauer der Batterie<\/td>\n<td>Ungef\u00e4hr. 110 Minuten (gemessen in einer Umgebung von 25 \u00b0C bei maximaler Helligkeit)<\/td>\n<\/tr>\n<\/tbody>\n<\/table>\n<table>\n<tbody>\n<tr>\n<td><strong>DJI FPV-Fernsteuerung<\/strong><\/td>\n<td>Betriebsfrequenz<\/td>\n<td>&lt;&gt; 2.400-2.4835 GHz br 5.725-5.850 GHz<\/td>\n<\/tr>\n<tr>\n<td><\/td>\n<td>Leistung des Senders (EIRP)<\/td>\n<td>2,400-2,4835 GHz&lt;br&gt;  FCC: \u226428,5 dBm&lt;br&gt;EC: \u226420 dBm&lt;br&gt;SRRC: \u226420 dBm&lt;br&gt;MIC: \u226420 dBm&lt;br&gt;&lt;br&gt;  5,725-5,850 GHz&lt;br&gt;  FCC: \u226431,5 dBm&lt;br&gt;EC: \u226414 dBm&lt;br&gt;SRRC: \u226419 dBm<\/td>\n<\/tr>\n<tr>\n<td><\/td>\n<td>Max. Sendebereich<\/td>\n<td>10 km (FCC); 6 km (EC); 6 km (SRRC); 6 km (MIC)<\/td>\n<\/tr>\n<tr>\n<td><\/td>\n<td>Abmessungen des Stabilisators<\/td>\n<td>190 \u00d7 140 \u00d7 51 mm<\/td>\n<\/tr>\n<tr>\n<td><\/td>\n<td>Gewicht<\/td>\n<td>346 g<\/td>\n<\/tr>\n<tr>\n<td><\/td>\n<td>Lebensdauer der Batterie<\/td>\n<td>ca. 9 h<\/td>\n<\/tr>\n<tr>\n<td><\/td>\n<td>Aufladezeit<\/td>\n<td>2,5 Stunden<\/td>\n<\/tr>\n<\/tbody>\n<\/table>\n<p><strong>Das Paket umfasst<\/strong><\/p>\n<ul>\n<li>1 x DJI FPV Renndrohne<\/li>\n<li>1 x DJI-Fernbedienung<\/li>\n<li>1 x DJI FPV Schutzbrille V2<\/li>\n<li>8 x Propeller (4XCW 4XCCW)<\/li>\n<li>1 x Bewegungssteuerung<\/li>\n<\/ul>\n<p>&nbsp;<\/p>\n","protected":false},"excerpt":{"rendered":"<p>DJI FPV Drohne Combo Spezifikationen Kamera Sensor 1\/2,3&#8243; CMOS Effektive Pixel: 12 Millionen Objektiv Sichtfeld: 150\u00b0 35-mm-\u00c4quivalentformat: 14,66 mm Blende: f\/2,8 Fokusmodus: Fixfokus Fokusbereich: von 0,6 m bis \u221e ISO<\/p>\n","protected":false},"featured_media":225685,"comment_status":"open","ping_status":"closed","template":"","meta":{"_joinchat":[]},"pwb-brand":[],"product_cat":[3328],"product_tag":[],"class_list":{"0":"post-225747","1":"product","2":"type-product","3":"status-publish","4":"has-post-thumbnail","6":"product_cat-dji-de","8":"first","9":"instock","10":"taxable","11":"shipping-taxable","12":"purchasable","13":"product-type-simple"},"barcode":null,"atum_controlled":true,"out_stock_date":null,"out_stock_threshold":null,"inheritable":false,"stock_on_hold":0,"sold_today":0,"sales_last_days":0,"out_stock_days":0,"lost_sales":0,"update_date":"2026-04-08T16:51:17","atum_locations":[],"atum_stock_status":"instock","restock_status":false,"low_stock_amount":"","sales_update_date":"2024-01-05T08:18:30","calc_backorders":null,"yoast_head":"<!-- This site is optimized with the Yoast SEO plugin v27.3 - https:\/\/yoast.com\/product\/yoast-seo-wordpress\/ -->\n<title>DJI FPV Drohne Combo + Bewegungssteuerung - Iha Race<\/title>\n<meta name=\"robots\" content=\"index, follow, max-snippet:-1, max-image-preview:large, max-video-preview:-1\" \/>\n<link rel=\"canonical\" href=\"https:\/\/iha-race.com\/de\/producto\/dji-fpv-drohne-kombo-bewegungs-controller-2\/\" \/>\n<meta property=\"og:locale\" content=\"de_DE\" \/>\n<meta property=\"og:type\" content=\"article\" \/>\n<meta property=\"og:title\" content=\"DJI FPV Drohne Combo + Bewegungssteuerung - Iha Race\" \/>\n<meta property=\"og:description\" content=\"DJI FPV Drohne Combo Spezifikationen Kamera Sensor 1\/2,3&#8243; CMOS Effektive Pixel: 12 Millionen Objektiv Sichtfeld: 150\u00b0 35-mm-\u00c4quivalentformat: 14,66 mm Blende: f\/2,8 Fokusmodus: Fixfokus Fokusbereich: von 0,6 m bis \u221e ISO\" \/>\n<meta property=\"og:url\" content=\"https:\/\/iha-race.com\/de\/producto\/dji-fpv-drohne-kombo-bewegungs-controller-2\/\" \/>\n<meta property=\"og:site_name\" content=\"Iha Race\" \/>\n<meta property=\"article:modified_time\" content=\"2024-08-29T09:20:37+00:00\" \/>\n<meta property=\"og:image\" content=\"https:\/\/iha-race.com\/wp-content\/uploads\/2023\/02\/c42c9098dda4531d26ea297a3014bb37-dji-fpv-drone-combo-motion-controller.jpg-1.png\" \/>\n\t<meta property=\"og:image:width\" content=\"1100\" \/>\n\t<meta property=\"og:image:height\" content=\"1422\" \/>\n\t<meta property=\"og:image:type\" content=\"image\/png\" \/>\n<meta name=\"twitter:card\" content=\"summary_large_image\" \/>\n<meta name=\"twitter:label1\" content=\"Gesch\u00e4tzte Lesezeit\" \/>\n\t<meta name=\"twitter:data1\" content=\"4\u00a0Minuten\" \/>\n<script type=\"application\/ld+json\" class=\"yoast-schema-graph\">{\"@context\":\"https:\\\/\\\/schema.org\",\"@graph\":[{\"@type\":\"WebPage\",\"@id\":\"https:\\\/\\\/iha-race.com\\\/de\\\/producto\\\/dji-fpv-drohne-kombo-bewegungs-controller-2\\\/\",\"url\":\"https:\\\/\\\/iha-race.com\\\/de\\\/producto\\\/dji-fpv-drohne-kombo-bewegungs-controller-2\\\/\",\"name\":\"DJI FPV Drohne Combo + Bewegungssteuerung - Iha Race\",\"isPartOf\":{\"@id\":\"https:\\\/\\\/iha-race.com\\\/de\\\/#website\"},\"primaryImageOfPage\":{\"@id\":\"https:\\\/\\\/iha-race.com\\\/de\\\/producto\\\/dji-fpv-drohne-kombo-bewegungs-controller-2\\\/#primaryimage\"},\"image\":{\"@id\":\"https:\\\/\\\/iha-race.com\\\/de\\\/producto\\\/dji-fpv-drohne-kombo-bewegungs-controller-2\\\/#primaryimage\"},\"thumbnailUrl\":\"https:\\\/\\\/iha-race.com\\\/wp-content\\\/uploads\\\/2023\\\/02\\\/c42c9098dda4531d26ea297a3014bb37-dji-fpv-drone-combo-motion-controller.jpg-1.png\",\"datePublished\":\"2023-02-28T17:49:37+00:00\",\"dateModified\":\"2024-08-29T09:20:37+00:00\",\"breadcrumb\":{\"@id\":\"https:\\\/\\\/iha-race.com\\\/de\\\/producto\\\/dji-fpv-drohne-kombo-bewegungs-controller-2\\\/#breadcrumb\"},\"inLanguage\":\"de\",\"potentialAction\":[{\"@type\":\"ReadAction\",\"target\":[\"https:\\\/\\\/iha-race.com\\\/de\\\/producto\\\/dji-fpv-drohne-kombo-bewegungs-controller-2\\\/\"]}]},{\"@type\":\"ImageObject\",\"inLanguage\":\"de\",\"@id\":\"https:\\\/\\\/iha-race.com\\\/de\\\/producto\\\/dji-fpv-drohne-kombo-bewegungs-controller-2\\\/#primaryimage\",\"url\":\"https:\\\/\\\/iha-race.com\\\/wp-content\\\/uploads\\\/2023\\\/02\\\/c42c9098dda4531d26ea297a3014bb37-dji-fpv-drone-combo-motion-controller.jpg-1.png\",\"contentUrl\":\"https:\\\/\\\/iha-race.com\\\/wp-content\\\/uploads\\\/2023\\\/02\\\/c42c9098dda4531d26ea297a3014bb37-dji-fpv-drone-combo-motion-controller.jpg-1.png\",\"width\":1100,\"height\":1422},{\"@type\":\"BreadcrumbList\",\"@id\":\"https:\\\/\\\/iha-race.com\\\/de\\\/producto\\\/dji-fpv-drohne-kombo-bewegungs-controller-2\\\/#breadcrumb\",\"itemListElement\":[{\"@type\":\"ListItem\",\"position\":1,\"name\":\"Portada\",\"item\":\"https:\\\/\\\/iha-race.com\\\/de\\\/elementor-499\\\/\"},{\"@type\":\"ListItem\",\"position\":2,\"name\":\"Shop\",\"item\":\"https:\\\/\\\/iha-race.com\\\/de\\\/shop\\\/\"},{\"@type\":\"ListItem\",\"position\":3,\"name\":\"DJI FPV Drohne Combo + Bewegungssteuerung\"}]},{\"@type\":\"WebSite\",\"@id\":\"https:\\\/\\\/iha-race.com\\\/de\\\/#website\",\"url\":\"https:\\\/\\\/iha-race.com\\\/de\\\/\",\"name\":\"Iha Race\",\"description\":\"Comprar drones de carreras FPV env\u00edos en un d\u00eda desde Espa\u00f1a\",\"publisher\":{\"@id\":\"https:\\\/\\\/iha-race.com\\\/de\\\/#organization\"},\"potentialAction\":[{\"@type\":\"SearchAction\",\"target\":{\"@type\":\"EntryPoint\",\"urlTemplate\":\"https:\\\/\\\/iha-race.com\\\/de\\\/?s={search_term_string}\"},\"query-input\":{\"@type\":\"PropertyValueSpecification\",\"valueRequired\":true,\"valueName\":\"search_term_string\"}}],\"inLanguage\":\"de\"},{\"@type\":\"Organization\",\"@id\":\"https:\\\/\\\/iha-race.com\\\/de\\\/#organization\",\"name\":\"Iha Race\",\"url\":\"https:\\\/\\\/iha-race.com\\\/de\\\/\",\"logo\":{\"@type\":\"ImageObject\",\"inLanguage\":\"de\",\"@id\":\"https:\\\/\\\/iha-race.com\\\/de\\\/#\\\/schema\\\/logo\\\/image\\\/\",\"url\":\"https:\\\/\\\/iha-race.com\\\/wp-content\\\/uploads\\\/2018\\\/07\\\/iha-race-drones-de-carreras-tienda-comprar-drones.png\",\"contentUrl\":\"https:\\\/\\\/iha-race.com\\\/wp-content\\\/uploads\\\/2018\\\/07\\\/iha-race-drones-de-carreras-tienda-comprar-drones.png\",\"width\":300,\"height\":100,\"caption\":\"Iha Race\"},\"image\":{\"@id\":\"https:\\\/\\\/iha-race.com\\\/de\\\/#\\\/schema\\\/logo\\\/image\\\/\"}}]}<\/script>\n<!-- \/ Yoast SEO plugin. -->","yoast_head_json":{"title":"DJI FPV Drohne Combo + Bewegungssteuerung - Iha Race","robots":{"index":"index","follow":"follow","max-snippet":"max-snippet:-1","max-image-preview":"max-image-preview:large","max-video-preview":"max-video-preview:-1"},"canonical":"https:\/\/iha-race.com\/de\/producto\/dji-fpv-drohne-kombo-bewegungs-controller-2\/","og_locale":"de_DE","og_type":"article","og_title":"DJI FPV Drohne Combo + Bewegungssteuerung - Iha Race","og_description":"DJI FPV Drohne Combo Spezifikationen Kamera Sensor 1\/2,3&#8243; CMOS Effektive Pixel: 12 Millionen Objektiv Sichtfeld: 150\u00b0 35-mm-\u00c4quivalentformat: 14,66 mm Blende: f\/2,8 Fokusmodus: Fixfokus Fokusbereich: von 0,6 m bis \u221e ISO","og_url":"https:\/\/iha-race.com\/de\/producto\/dji-fpv-drohne-kombo-bewegungs-controller-2\/","og_site_name":"Iha Race","article_modified_time":"2024-08-29T09:20:37+00:00","og_image":[{"width":1100,"height":1422,"url":"https:\/\/iha-race.com\/wp-content\/uploads\/2023\/02\/c42c9098dda4531d26ea297a3014bb37-dji-fpv-drone-combo-motion-controller.jpg-1.png","type":"image\/png"}],"twitter_card":"summary_large_image","twitter_misc":{"Gesch\u00e4tzte Lesezeit":"4\u00a0Minuten"},"schema":{"@context":"https:\/\/schema.org","@graph":[{"@type":"WebPage","@id":"https:\/\/iha-race.com\/de\/producto\/dji-fpv-drohne-kombo-bewegungs-controller-2\/","url":"https:\/\/iha-race.com\/de\/producto\/dji-fpv-drohne-kombo-bewegungs-controller-2\/","name":"DJI FPV Drohne Combo + Bewegungssteuerung - Iha Race","isPartOf":{"@id":"https:\/\/iha-race.com\/de\/#website"},"primaryImageOfPage":{"@id":"https:\/\/iha-race.com\/de\/producto\/dji-fpv-drohne-kombo-bewegungs-controller-2\/#primaryimage"},"image":{"@id":"https:\/\/iha-race.com\/de\/producto\/dji-fpv-drohne-kombo-bewegungs-controller-2\/#primaryimage"},"thumbnailUrl":"https:\/\/iha-race.com\/wp-content\/uploads\/2023\/02\/c42c9098dda4531d26ea297a3014bb37-dji-fpv-drone-combo-motion-controller.jpg-1.png","datePublished":"2023-02-28T17:49:37+00:00","dateModified":"2024-08-29T09:20:37+00:00","breadcrumb":{"@id":"https:\/\/iha-race.com\/de\/producto\/dji-fpv-drohne-kombo-bewegungs-controller-2\/#breadcrumb"},"inLanguage":"de","potentialAction":[{"@type":"ReadAction","target":["https:\/\/iha-race.com\/de\/producto\/dji-fpv-drohne-kombo-bewegungs-controller-2\/"]}]},{"@type":"ImageObject","inLanguage":"de","@id":"https:\/\/iha-race.com\/de\/producto\/dji-fpv-drohne-kombo-bewegungs-controller-2\/#primaryimage","url":"https:\/\/iha-race.com\/wp-content\/uploads\/2023\/02\/c42c9098dda4531d26ea297a3014bb37-dji-fpv-drone-combo-motion-controller.jpg-1.png","contentUrl":"https:\/\/iha-race.com\/wp-content\/uploads\/2023\/02\/c42c9098dda4531d26ea297a3014bb37-dji-fpv-drone-combo-motion-controller.jpg-1.png","width":1100,"height":1422},{"@type":"BreadcrumbList","@id":"https:\/\/iha-race.com\/de\/producto\/dji-fpv-drohne-kombo-bewegungs-controller-2\/#breadcrumb","itemListElement":[{"@type":"ListItem","position":1,"name":"Portada","item":"https:\/\/iha-race.com\/de\/elementor-499\/"},{"@type":"ListItem","position":2,"name":"Shop","item":"https:\/\/iha-race.com\/de\/shop\/"},{"@type":"ListItem","position":3,"name":"DJI FPV Drohne Combo + Bewegungssteuerung"}]},{"@type":"WebSite","@id":"https:\/\/iha-race.com\/de\/#website","url":"https:\/\/iha-race.com\/de\/","name":"Iha Race","description":"Comprar drones de carreras FPV env\u00edos en un d\u00eda desde Espa\u00f1a","publisher":{"@id":"https:\/\/iha-race.com\/de\/#organization"},"potentialAction":[{"@type":"SearchAction","target":{"@type":"EntryPoint","urlTemplate":"https:\/\/iha-race.com\/de\/?s={search_term_string}"},"query-input":{"@type":"PropertyValueSpecification","valueRequired":true,"valueName":"search_term_string"}}],"inLanguage":"de"},{"@type":"Organization","@id":"https:\/\/iha-race.com\/de\/#organization","name":"Iha Race","url":"https:\/\/iha-race.com\/de\/","logo":{"@type":"ImageObject","inLanguage":"de","@id":"https:\/\/iha-race.com\/de\/#\/schema\/logo\/image\/","url":"https:\/\/iha-race.com\/wp-content\/uploads\/2018\/07\/iha-race-drones-de-carreras-tienda-comprar-drones.png","contentUrl":"https:\/\/iha-race.com\/wp-content\/uploads\/2018\/07\/iha-race-drones-de-carreras-tienda-comprar-drones.png","width":300,"height":100,"caption":"Iha Race"},"image":{"@id":"https:\/\/iha-race.com\/de\/#\/schema\/logo\/image\/"}}]}},"brands":[],"_links":{"self":[{"href":"https:\/\/iha-race.com\/de\/wp-json\/wp\/v2\/product\/225747","targetHints":{"allow":["GET"]}}],"collection":[{"href":"https:\/\/iha-race.com\/de\/wp-json\/wp\/v2\/product"}],"about":[{"href":"https:\/\/iha-race.com\/de\/wp-json\/wp\/v2\/types\/product"}],"replies":[{"embeddable":true,"href":"https:\/\/iha-race.com\/de\/wp-json\/wp\/v2\/comments?post=225747"}],"version-history":[{"count":3,"href":"https:\/\/iha-race.com\/de\/wp-json\/wp\/v2\/product\/225747\/revisions"}],"predecessor-version":[{"id":248506,"href":"https:\/\/iha-race.com\/de\/wp-json\/wp\/v2\/product\/225747\/revisions\/248506"}],"wp:featuredmedia":[{"embeddable":true,"href":"https:\/\/iha-race.com\/de\/wp-json\/wp\/v2\/media\/225685"}],"wp:attachment":[{"href":"https:\/\/iha-race.com\/de\/wp-json\/wp\/v2\/media?parent=225747"}],"wp:term":[{"taxonomy":"pwb-brand","embeddable":true,"href":"https:\/\/iha-race.com\/de\/wp-json\/wp\/v2\/pwb-brand?post=225747"},{"taxonomy":"product_cat","embeddable":true,"href":"https:\/\/iha-race.com\/de\/wp-json\/wp\/v2\/product_cat?post=225747"},{"taxonomy":"product_tag","embeddable":true,"href":"https:\/\/iha-race.com\/de\/wp-json\/wp\/v2\/product_tag?post=225747"}],"curies":[{"name":"wp","href":"https:\/\/api.w.org\/{rel}","templated":true}]}}