{"id":224622,"date":"2023-02-20T12:35:04","date_gmt":"2023-02-20T11:35:04","guid":{"rendered":"https:\/\/iha-race.com\/producto\/mavic-2-industrielle-inspektion-schutzkasten-mit-led\/"},"modified":"2023-02-20T12:35:04","modified_gmt":"2023-02-20T11:35:04","slug":"mavic-2-industrielle-inspektion-schutzkasten-mit-led","status":"publish","type":"product","link":"https:\/\/iha-race.com\/de\/producto\/mavic-2-industrielle-inspektion-schutzkasten-mit-led\/","title":{"rendered":"Mavic 2 industrielle Inspektion Schutzkasten (mit led)"},"content":{"rendered":"<h2><strong>Mavic 2 industrielle Inspektion Schutzkasten (mit led)<\/strong><\/h2>\n<\/p>\n<p>***Drohne nicht enthalten<\/p>\n<p>Unser sto\u00dffester 360\u00b0-Industrieschutzk\u00e4fig Mavic PRO wurde entwickelt, um die Welt der industriellen Inspektion zu revolutionieren. Haupts\u00e4chlich aus Karbon und mit Wabenstruktur hergestellt, erm\u00f6glicht es Ihnen zu fliegen und dabei Leichtigkeit, Komfort, Festigkeit und auch Crash-Toleranz beizubehalten.<\/p>\n<p>Entwickelt auf einer einzigen 360\u00b0-Achse, wird es Ihnen erlauben, die Leistung der Drohne in Aktion nicht zu ver\u00e4ndern und somit jede Wand dank seiner Form zu z\u00e4hmen.<\/p>\n<p>Um Ihre Erfahrung zu verbessern, k\u00f6nnen Sie mit Hilfe von Video-Feedback Ihre Recherchen w\u00e4hrend des Fluges \u00fcberpr\u00fcfen und verfeinern, aber auch den Fernpiloten effizienter anleiten. Und schlie\u00dflich k\u00f6nnen Sie sich nat\u00fcrlich besser konzentrieren, um ein besseres Erlebnis zu haben.<\/p><\/p>\n","protected":false},"excerpt":{"rendered":"<p>Mavic 2 industrielle Inspektion Schutzkasten (mit led) ***Drohne nicht enthalten Unser sto\u00dffester 360\u00b0-Industrieschutzk\u00e4fig Mavic PRO wurde entwickelt, um die Welt der industriellen Inspektion zu revolutionieren. Haupts\u00e4chlich aus Karbon und mit<\/p>\n","protected":false},"featured_media":224614,"comment_status":"open","ping_status":"closed","template":"","meta":{"_joinchat":[]},"pwb-brand":[],"product_cat":[2623],"product_tag":[],"class_list":{"0":"post-224622","1":"product","2":"type-product","3":"status-publish","4":"has-post-thumbnail","6":"product_cat-servos-de","8":"first","9":"instock","10":"taxable","11":"shipping-taxable","12":"purchasable","13":"product-type-simple"},"barcode":null,"atum_controlled":true,"out_stock_date":null,"out_stock_threshold":null,"inheritable":false,"stock_on_hold":0,"sold_today":0,"sales_last_days":0,"out_stock_days":0,"lost_sales":0,"update_date":"2024-01-05T08:16:48","atum_locations":[],"atum_stock_status":"instock","restock_status":false,"low_stock_amount":"","sales_update_date":"2024-01-05T08:16:48","calc_backorders":null,"yoast_head":"<!-- This site is optimized with the Yoast SEO plugin v27.3 - https:\/\/yoast.com\/product\/yoast-seo-wordpress\/ -->\n<title>Mavic 2 industrielle Inspektion Schutzkasten (mit led) - Iha Race<\/title>\n<meta name=\"robots\" content=\"index, follow, max-snippet:-1, max-image-preview:large, max-video-preview:-1\" \/>\n<link rel=\"canonical\" href=\"https:\/\/iha-race.com\/de\/producto\/mavic-2-industrielle-inspektion-schutzkasten-mit-led\/\" \/>\n<meta property=\"og:locale\" content=\"de_DE\" \/>\n<meta property=\"og:type\" content=\"article\" \/>\n<meta property=\"og:title\" content=\"Mavic 2 industrielle Inspektion Schutzkasten (mit led) - Iha Race\" \/>\n<meta property=\"og:description\" content=\"Mavic 2 industrielle Inspektion Schutzkasten (mit led) ***Drohne nicht enthalten Unser sto\u00dffester 360\u00b0-Industrieschutzk\u00e4fig Mavic PRO wurde entwickelt, um die Welt der industriellen Inspektion zu revolutionieren. Haupts\u00e4chlich aus Karbon und mit\" \/>\n<meta property=\"og:url\" content=\"https:\/\/iha-race.com\/de\/producto\/mavic-2-industrielle-inspektion-schutzkasten-mit-led\/\" \/>\n<meta property=\"og:site_name\" content=\"Iha Race\" \/>\n<meta name=\"twitter:card\" content=\"summary_large_image\" \/>\n<meta name=\"twitter:label1\" content=\"Gesch\u00e4tzte Lesezeit\" \/>\n\t<meta name=\"twitter:data1\" content=\"1\u00a0Minute\" \/>\n<script type=\"application\/ld+json\" class=\"yoast-schema-graph\">{\"@context\":\"https:\\\/\\\/schema.org\",\"@graph\":[{\"@type\":\"WebPage\",\"@id\":\"https:\\\/\\\/iha-race.com\\\/de\\\/producto\\\/mavic-2-industrielle-inspektion-schutzkasten-mit-led\\\/\",\"url\":\"https:\\\/\\\/iha-race.com\\\/de\\\/producto\\\/mavic-2-industrielle-inspektion-schutzkasten-mit-led\\\/\",\"name\":\"Mavic 2 industrielle Inspektion Schutzkasten (mit led) - Iha Race\",\"isPartOf\":{\"@id\":\"https:\\\/\\\/iha-race.com\\\/de\\\/#website\"},\"primaryImageOfPage\":{\"@id\":\"https:\\\/\\\/iha-race.com\\\/de\\\/producto\\\/mavic-2-industrielle-inspektion-schutzkasten-mit-led\\\/#primaryimage\"},\"image\":{\"@id\":\"https:\\\/\\\/iha-race.com\\\/de\\\/producto\\\/mavic-2-industrielle-inspektion-schutzkasten-mit-led\\\/#primaryimage\"},\"thumbnailUrl\":\"https:\\\/\\\/iha-race.com\\\/wp-content\\\/uploads\\\/2023\\\/02\\\/da6e68730887dcca4e0e59685aaed8dc-mavic-2-caja-de-proteccion-para-inspeccion-industrial-con-led.jpg.jpeg\",\"datePublished\":\"2023-02-20T11:35:04+00:00\",\"breadcrumb\":{\"@id\":\"https:\\\/\\\/iha-race.com\\\/de\\\/producto\\\/mavic-2-industrielle-inspektion-schutzkasten-mit-led\\\/#breadcrumb\"},\"inLanguage\":\"de\",\"potentialAction\":[{\"@type\":\"ReadAction\",\"target\":[\"https:\\\/\\\/iha-race.com\\\/de\\\/producto\\\/mavic-2-industrielle-inspektion-schutzkasten-mit-led\\\/\"]}]},{\"@type\":\"ImageObject\",\"inLanguage\":\"de\",\"@id\":\"https:\\\/\\\/iha-race.com\\\/de\\\/producto\\\/mavic-2-industrielle-inspektion-schutzkasten-mit-led\\\/#primaryimage\",\"url\":\"https:\\\/\\\/iha-race.com\\\/wp-content\\\/uploads\\\/2023\\\/02\\\/da6e68730887dcca4e0e59685aaed8dc-mavic-2-caja-de-proteccion-para-inspeccion-industrial-con-led.jpg.jpeg\",\"contentUrl\":\"https:\\\/\\\/iha-race.com\\\/wp-content\\\/uploads\\\/2023\\\/02\\\/da6e68730887dcca4e0e59685aaed8dc-mavic-2-caja-de-proteccion-para-inspeccion-industrial-con-led.jpg.jpeg\",\"width\":1100,\"height\":1422},{\"@type\":\"BreadcrumbList\",\"@id\":\"https:\\\/\\\/iha-race.com\\\/de\\\/producto\\\/mavic-2-industrielle-inspektion-schutzkasten-mit-led\\\/#breadcrumb\",\"itemListElement\":[{\"@type\":\"ListItem\",\"position\":1,\"name\":\"Portada\",\"item\":\"https:\\\/\\\/iha-race.com\\\/de\\\/elementor-499\\\/\"},{\"@type\":\"ListItem\",\"position\":2,\"name\":\"Shop\",\"item\":\"https:\\\/\\\/iha-race.com\\\/de\\\/shop\\\/\"},{\"@type\":\"ListItem\",\"position\":3,\"name\":\"Mavic 2 industrielle Inspektion Schutzkasten (mit led)\"}]},{\"@type\":\"WebSite\",\"@id\":\"https:\\\/\\\/iha-race.com\\\/de\\\/#website\",\"url\":\"https:\\\/\\\/iha-race.com\\\/de\\\/\",\"name\":\"Iha Race\",\"description\":\"Comprar drones de carreras FPV env\u00edos en un d\u00eda desde Espa\u00f1a\",\"publisher\":{\"@id\":\"https:\\\/\\\/iha-race.com\\\/de\\\/#organization\"},\"potentialAction\":[{\"@type\":\"SearchAction\",\"target\":{\"@type\":\"EntryPoint\",\"urlTemplate\":\"https:\\\/\\\/iha-race.com\\\/de\\\/?s={search_term_string}\"},\"query-input\":{\"@type\":\"PropertyValueSpecification\",\"valueRequired\":true,\"valueName\":\"search_term_string\"}}],\"inLanguage\":\"de\"},{\"@type\":\"Organization\",\"@id\":\"https:\\\/\\\/iha-race.com\\\/de\\\/#organization\",\"name\":\"Iha Race\",\"url\":\"https:\\\/\\\/iha-race.com\\\/de\\\/\",\"logo\":{\"@type\":\"ImageObject\",\"inLanguage\":\"de\",\"@id\":\"https:\\\/\\\/iha-race.com\\\/de\\\/#\\\/schema\\\/logo\\\/image\\\/\",\"url\":\"https:\\\/\\\/iha-race.com\\\/wp-content\\\/uploads\\\/2018\\\/07\\\/iha-race-drones-de-carreras-tienda-comprar-drones.png\",\"contentUrl\":\"https:\\\/\\\/iha-race.com\\\/wp-content\\\/uploads\\\/2018\\\/07\\\/iha-race-drones-de-carreras-tienda-comprar-drones.png\",\"width\":300,\"height\":100,\"caption\":\"Iha Race\"},\"image\":{\"@id\":\"https:\\\/\\\/iha-race.com\\\/de\\\/#\\\/schema\\\/logo\\\/image\\\/\"}}]}<\/script>\n<!-- \/ Yoast SEO plugin. -->","yoast_head_json":{"title":"Mavic 2 industrielle Inspektion Schutzkasten (mit led) - Iha Race","robots":{"index":"index","follow":"follow","max-snippet":"max-snippet:-1","max-image-preview":"max-image-preview:large","max-video-preview":"max-video-preview:-1"},"canonical":"https:\/\/iha-race.com\/de\/producto\/mavic-2-industrielle-inspektion-schutzkasten-mit-led\/","og_locale":"de_DE","og_type":"article","og_title":"Mavic 2 industrielle Inspektion Schutzkasten (mit led) - Iha Race","og_description":"Mavic 2 industrielle Inspektion Schutzkasten (mit led) ***Drohne nicht enthalten Unser sto\u00dffester 360\u00b0-Industrieschutzk\u00e4fig Mavic PRO wurde entwickelt, um die Welt der industriellen Inspektion zu revolutionieren. Haupts\u00e4chlich aus Karbon und mit","og_url":"https:\/\/iha-race.com\/de\/producto\/mavic-2-industrielle-inspektion-schutzkasten-mit-led\/","og_site_name":"Iha Race","twitter_card":"summary_large_image","twitter_misc":{"Gesch\u00e4tzte Lesezeit":"1\u00a0Minute"},"schema":{"@context":"https:\/\/schema.org","@graph":[{"@type":"WebPage","@id":"https:\/\/iha-race.com\/de\/producto\/mavic-2-industrielle-inspektion-schutzkasten-mit-led\/","url":"https:\/\/iha-race.com\/de\/producto\/mavic-2-industrielle-inspektion-schutzkasten-mit-led\/","name":"Mavic 2 industrielle Inspektion Schutzkasten (mit led) - Iha Race","isPartOf":{"@id":"https:\/\/iha-race.com\/de\/#website"},"primaryImageOfPage":{"@id":"https:\/\/iha-race.com\/de\/producto\/mavic-2-industrielle-inspektion-schutzkasten-mit-led\/#primaryimage"},"image":{"@id":"https:\/\/iha-race.com\/de\/producto\/mavic-2-industrielle-inspektion-schutzkasten-mit-led\/#primaryimage"},"thumbnailUrl":"https:\/\/iha-race.com\/wp-content\/uploads\/2023\/02\/da6e68730887dcca4e0e59685aaed8dc-mavic-2-caja-de-proteccion-para-inspeccion-industrial-con-led.jpg.jpeg","datePublished":"2023-02-20T11:35:04+00:00","breadcrumb":{"@id":"https:\/\/iha-race.com\/de\/producto\/mavic-2-industrielle-inspektion-schutzkasten-mit-led\/#breadcrumb"},"inLanguage":"de","potentialAction":[{"@type":"ReadAction","target":["https:\/\/iha-race.com\/de\/producto\/mavic-2-industrielle-inspektion-schutzkasten-mit-led\/"]}]},{"@type":"ImageObject","inLanguage":"de","@id":"https:\/\/iha-race.com\/de\/producto\/mavic-2-industrielle-inspektion-schutzkasten-mit-led\/#primaryimage","url":"https:\/\/iha-race.com\/wp-content\/uploads\/2023\/02\/da6e68730887dcca4e0e59685aaed8dc-mavic-2-caja-de-proteccion-para-inspeccion-industrial-con-led.jpg.jpeg","contentUrl":"https:\/\/iha-race.com\/wp-content\/uploads\/2023\/02\/da6e68730887dcca4e0e59685aaed8dc-mavic-2-caja-de-proteccion-para-inspeccion-industrial-con-led.jpg.jpeg","width":1100,"height":1422},{"@type":"BreadcrumbList","@id":"https:\/\/iha-race.com\/de\/producto\/mavic-2-industrielle-inspektion-schutzkasten-mit-led\/#breadcrumb","itemListElement":[{"@type":"ListItem","position":1,"name":"Portada","item":"https:\/\/iha-race.com\/de\/elementor-499\/"},{"@type":"ListItem","position":2,"name":"Shop","item":"https:\/\/iha-race.com\/de\/shop\/"},{"@type":"ListItem","position":3,"name":"Mavic 2 industrielle Inspektion Schutzkasten (mit led)"}]},{"@type":"WebSite","@id":"https:\/\/iha-race.com\/de\/#website","url":"https:\/\/iha-race.com\/de\/","name":"Iha Race","description":"Comprar drones de carreras FPV env\u00edos en un d\u00eda desde Espa\u00f1a","publisher":{"@id":"https:\/\/iha-race.com\/de\/#organization"},"potentialAction":[{"@type":"SearchAction","target":{"@type":"EntryPoint","urlTemplate":"https:\/\/iha-race.com\/de\/?s={search_term_string}"},"query-input":{"@type":"PropertyValueSpecification","valueRequired":true,"valueName":"search_term_string"}}],"inLanguage":"de"},{"@type":"Organization","@id":"https:\/\/iha-race.com\/de\/#organization","name":"Iha Race","url":"https:\/\/iha-race.com\/de\/","logo":{"@type":"ImageObject","inLanguage":"de","@id":"https:\/\/iha-race.com\/de\/#\/schema\/logo\/image\/","url":"https:\/\/iha-race.com\/wp-content\/uploads\/2018\/07\/iha-race-drones-de-carreras-tienda-comprar-drones.png","contentUrl":"https:\/\/iha-race.com\/wp-content\/uploads\/2018\/07\/iha-race-drones-de-carreras-tienda-comprar-drones.png","width":300,"height":100,"caption":"Iha Race"},"image":{"@id":"https:\/\/iha-race.com\/de\/#\/schema\/logo\/image\/"}}]}},"jetpack_sharing_enabled":true,"brands":[],"_links":{"self":[{"href":"https:\/\/iha-race.com\/de\/wp-json\/wp\/v2\/product\/224622","targetHints":{"allow":["GET"]}}],"collection":[{"href":"https:\/\/iha-race.com\/de\/wp-json\/wp\/v2\/product"}],"about":[{"href":"https:\/\/iha-race.com\/de\/wp-json\/wp\/v2\/types\/product"}],"replies":[{"embeddable":true,"href":"https:\/\/iha-race.com\/de\/wp-json\/wp\/v2\/comments?post=224622"}],"version-history":[{"count":0,"href":"https:\/\/iha-race.com\/de\/wp-json\/wp\/v2\/product\/224622\/revisions"}],"wp:featuredmedia":[{"embeddable":true,"href":"https:\/\/iha-race.com\/de\/wp-json\/wp\/v2\/media\/224614"}],"wp:attachment":[{"href":"https:\/\/iha-race.com\/de\/wp-json\/wp\/v2\/media?parent=224622"}],"wp:term":[{"taxonomy":"pwb-brand","embeddable":true,"href":"https:\/\/iha-race.com\/de\/wp-json\/wp\/v2\/pwb-brand?post=224622"},{"taxonomy":"product_cat","embeddable":true,"href":"https:\/\/iha-race.com\/de\/wp-json\/wp\/v2\/product_cat?post=224622"},{"taxonomy":"product_tag","embeddable":true,"href":"https:\/\/iha-race.com\/de\/wp-json\/wp\/v2\/product_tag?post=224622"}],"curies":[{"name":"wp","href":"https:\/\/api.w.org\/{rel}","templated":true}]}}