{"id":216563,"date":"2023-02-02T18:21:10","date_gmt":"2023-02-02T17:21:10","guid":{"rendered":"https:\/\/iha-race.com\/producto\/betafpv-vr03-fpv-schutzbrille\/"},"modified":"2026-02-05T09:05:15","modified_gmt":"2026-02-05T08:05:15","slug":"brille-betafpv-vr03-fpv","status":"publish","type":"product","link":"https:\/\/iha-race.com\/de\/producto\/brille-betafpv-vr03-fpv\/","title":{"rendered":"BetaFPV VR03 FPV-Schutzbrille"},"content":{"rendered":"<h1><span data-sheets-value=\"{\"1\":2,\"2\":\"Gafas BetaFPV VR03 FPV\"}\" data-sheets-userformat=\"{\"2\":7107,\"3\":{\"1\":0},\"4\":{\"1\":2,\"2\":16777215},\"9\":0,\"10\":2,\"11\":4,\"12\":0,\"14\":{\"1\":2,\"2\":0},\"15\":\"\\\"Work Sans\\\", sans-serif\"}\">BetaFPV VR03 FPV-Schutzbrille<\/span><\/h1>\n<p>  Die von BETAFPV neu entwickelte VR03 FPV Goggles basiert auf der VR02 FPV Goggles und verf\u00fcgt \u00fcber die Funktionen der VR02 und eine DVR-Aufnahmefunktion. Diese aufregende Funktion erm\u00f6glicht es Piloten, unvergessliche und atemberaubende Momente festzuhalten, was das FPV-Flugerlebnis erheblich verbessert.  <img decoding=\"async\" src=\"https:\/\/cdn.shopify.com\/s\/files\/1\/1778\/6615\/files\/FB_b5b77ea3-4a45-4a96-a18d-ebb67d9f44d4_1024x1024.jpg?v=1663747830\" alt=\"\"><\/p>\n<h2>Eigenschaften<\/h2>\n<ul class=\"ul1\">\n<li class=\"li1\">Hochwertige externe 5.8G 3dBi Antenne ist im Lieferumfang enthalten. Die VR03-Brille verf\u00fcgt \u00fcber eine omnidirektionale Antenne, die Signale gleichm\u00e4\u00dfig in 360-Grad-Horizontalrichtungen ausstrahlt und empf\u00e4ngt, f\u00fcr eine stabile Video\u00fcbertragung und lebendige Bilder beim Fliegen.<\/li>\n<li class=\"li1\">Das austauschbare Antennendesign erm\u00f6glicht es den Piloten, verschiedene Antennen f\u00fcr unterschiedliche Anwendungen zu testen. Dar\u00fcber hinaus k\u00f6nnen die Piloten den Winkel der Antenne einstellen.<\/li>\n<li class=\"li1\">Mit einem 4,3-Zoll-HD-LCD-Bildschirm mit 800 x 480 Pixeln und hoher Helligkeit zeigt Ihnen die VR03-Brille eine helle Welt ohne verzerrte oder unscharfe Bilder, die speziell auf FPV-Rennen oder Modellflugzeuge abgestimmt ist.<\/li>\n<li class=\"li1\">Durch die Reservierung eines Micro-SD-Kartensteckplatzes k\u00f6nnen Piloten Videos aufzeichnen und auf der Micro-SD-Karte speichern. Au\u00dferdem kann das Video \u00fcber die VR03-Brille abgespielt werden.<\/li>\n<\/ul>\n<h2>Spezifikationen<\/h2>\n<ul>\n<li>Gr\u00f6\u00dfe: 130*145*90mm<\/li>\n<li>Gewicht: 300g (ohne Riemen)<\/li>\n<li>Video-Format: NTSC\/PAL<\/li>\n<li>Kompatibler Kanal: 48CH<\/li>\n<li>Bildschirmgr\u00f6\u00dfe: 4,3 Zoll<\/li>\n<li>Bildschirmaufl\u00f6sung: 800*480<\/li>\n<li>Akku: 3,7 V, 2000 mAh<\/li>\n<li>Betriebsdauer: ca. 2 Stunden (Normalmodus)\/1 Stunde und 10 Minuten (Aufnahmemodus)<\/li>\n<li>Maximaler Ladestrom: 1A<\/li>\n<li>Antennenanschluss: RP-SMA (Peitschenantenne enthalten)<\/li>\n<li>Ladeanschluss: Typ-C<\/li>\n<li>Kartensteckplatz: Micro SD-Karte (nicht im Lieferumfang enthalten), FAT32-kompatibel, unterst\u00fctzt bis zu 64 GB Speicherplatz. Klasse 10 wird empfohlen<\/li>\n<li>Aufnahmeaufl\u00f6sung: 480P<\/li>\n<li>Aufnahmeformat: AVI<\/li>\n<\/ul>\n<h2>BETAFPV Klassische Ausf\u00fchrung<\/h2>\n<p>  Klassisches Design kommt nie aus der Mode. Das ergonomische Design mit einer Schaumstoff-Gesichtsplatte und einem dreiseitig verstellbaren Kopfband sorgt daf\u00fcr, dass diese FPV-Brille perfekt auf Ihr Gesicht und Ihren Kopf passt. Dar\u00fcber hinaus ist die VR03 FPV-Brille mit einem Gewicht von 300 g sehr kompakt und exquisit, so dass sie von den Piloten leicht getragen werden kann.  <img decoding=\"async\" src=\"https:\/\/cdn.shopifycdn.net\/s\/files\/1\/1778\/6615\/files\/FB2_1_a25a63d3-cfec-4e5f-b018-c7b57362c64f_1024x1024.jpg?v=1665493759\" alt=\"\"><\/p>\n<h2>Ein Schl\u00fcssel zum Suchband<\/h2>\n<p>  Die VR03 FPV-Brille verf\u00fcgt \u00fcber eine Frequenz-Scan-Funktion und eine schnelle automatische Frequenzsuchfunktion (nur 3 Sekunden). Piloten k\u00f6nnen ganz einfach ein Band und einen Kanal mit einem st\u00e4rkeren Signal f\u00fcr ein besseres Flugerlebnis finden.  <img decoding=\"async\" src=\"https:\/\/cdn.shopifycdn.net\/s\/files\/1\/1778\/6615\/files\/3_3a064133-cb72-4311-b953-eb44e5069bc4_1024x1024.jpg?v=1665488980\" alt=\"\"><\/p>\n<h2>DVR-Aufnahmefunktion<\/h2>\n<p>  Die VR03 FPV-Brille kann FPV-Momente perfekt aufzeichnen. Dar\u00fcber hinaus k\u00f6nnen die Fahrer die gespeicherte Wiedergabe \u00fcber die Brille genie\u00dfen oder die Videos \u00fcber eine Micro-SD-Karte exportieren. Offensichtlich bietet die VR03 FPV-Brille dem Piloten ein sehr aufregendes FPV-Erlebnis.  <img decoding=\"async\" src=\"https:\/\/cdn.shopifycdn.net\/s\/files\/1\/1778\/6615\/files\/2_ab0305d5-864a-48a6-a068-bcd549f32f5a_1024x1024.jpg?v=1665488943\" alt=\"\"><\/p>\n<h2>Diagramm f\u00fcr VR03<\/h2>\n<p>  Die folgende Abbildung zeigt ein Diagramm der VR03 FPV-Brille.  <img decoding=\"async\" src=\"https:\/\/cdn.shopify.com\/s\/files\/1\/1778\/6615\/files\/d2f254306cbea3a0223492d769f044c5_85a99fb7-4cd5-471c-84c0-550c11074bff_600x600.jpg?v=1663732678\" alt=\"\"><\/p>\n<p><span style=\"color: #b3b3b3;\"><em>Hinweis: Vergewissern Sie sich, dass der Akku vor der Verwendung vollst\u00e4ndig aufgeladen ist. Die empfohlene Spannung liegt bei \u00fcber 3,7 V (dr\u00fccken Sie kurz die Taste S, um dies zu \u00fcberpr\u00fcfen). Tragen Sie die Brille richtig und stellen Sie das Kopfband auf eine angenehme L\u00e4nge ein.<\/em><\/span>  Die VR03 FPV-Brille unterst\u00fctzt 5.8G und 48 Kan\u00e4le. Halten Sie die Suchtaste 2 Sekunden lang gedr\u00fcckt, um den Frequenzsuchlauf zu aktivieren. Das Ergebnis wird nach 3 Sekunden angezeigt. Die verschiedenen Farben auf dem Display zeigen den aktuellen Status der einzelnen Frequenzen wie folgt an:  <img decoding=\"async\" src=\"https:\/\/cdn.shopifycdn.net\/s\/files\/1\/1778\/6615\/files\/629dbe25aeab458ba5e2e5048ef237133436_600x600.png?v=1663756404\" alt=\"\"><\/p>\n<h2>Video aufnehmen<\/h2>\n<p>  Die VR03 FPV-Brille unterst\u00fctzt die Videoaufnahmefunktion. Dr\u00fccken Sie kurz die Aufnahmetaste, um die Videoaufnahme zu starten oder zu stoppen.  <\/p>\n<ul>\n<li>Stecken Sie die Micro-SD-Karte in den Micro-SD-Kartensteckplatz (nur FAT32-System und maximale Speicherkapazit\u00e4t von 64 GB werden unterst\u00fctzt).<\/li>\n<li>Nach kurzem Dr\u00fccken der Aufnahmetaste erscheint ein roter Punkt in der oberen linken Ecke des Bildschirms und ein &#8222;Piep-Piep&#8220; ist von der FPV-Brille zu h\u00f6ren;<\/li>\n<li>Warten Sie 8 Sekunden und der rote Punkt und die Aufnahmeanzeige-LED beginnen zu blinken. Gleichzeitig erscheint eine rote Zahlenlinie und der Timer beginnt zu laufen, was den Beginn der Aufnahme anzeigt;<\/li>\n<li>Dr\u00fccken Sie kurz die Aufnahmetaste. Nach 2-3 Sekunden h\u00f6rte der rote Punkt in der oberen linken Ecke zusammen mit dem Timer auf zu blinken und die rote Aufnahme-LED erlosch ebenfalls. Dies bedeutet, dass die Brille die Aufzeichnung beendet hat.<\/li>\n<\/ul>\n<p><img decoding=\"async\" src=\"https:\/\/cdn.shopify.com\/s\/files\/1\/1778\/6615\/files\/91D7E6B9-DD6C-483c-9FDC-BA8580E26B90_600x600.png?v=1663751576\" alt=\"\"><\/p>\n<p><span style=\"color: #b3b3b3;\"><em>Hinweis: Nachdem Sie die Aufnahmetaste gedr\u00fcckt haben, dauert es 8 bis 10 Sekunden, bis die Aufnahmefunktion aktiviert wird, also warten Sie bitte geduldig.<\/em><\/span><\/p>\n<p><span style=\"color: #b3b3b3;\"><em>Hinweis: Die maximale L\u00e4nge jeder Aufzeichnung betr\u00e4gt 10 Minuten. Wenn eine Aufnahme l\u00e4nger als 10 Minuten dauert, wird automatisch eine neue Aufnahmedatei erstellt.<\/em><\/span><\/p>\n<h2>H\u00e4ufig gestellte Fragen<\/h2>\n<p><a href=\"https:\/\/support.betafpv.com\/hc\/en-us\/articles\/11492605723161-Manual-for-VR03-Goggles\">Laden Sie das elektronische Handbuch f\u00fcr die VR03 FPV-Brille herunter.<\/a>  Empfohlene Quadcopter und VTX: Cetus Series, Meteor Series, A01, A02, A03 5.8G VTX, M01, M02, M03 5.8G VTX, oder die meisten analogen VTX auf dem Markt.  <\/p>\n<h2>Das Paket umfasst<\/h2>\n<ul>\n<li>1 x BETAFPV VR03 FPV-Brille<\/li>\n<li>1 x Verstellbares Kopfband.<\/li>\n<li>1 x Gebrauchsanweisung.<\/li>\n<\/ul>\n<p><img decoding=\"async\" src=\"https:\/\/cdn.shopify.com\/s\/files\/1\/1778\/6615\/files\/3f89305fb1dabad87b9b93324e3c25cd_b287f78a-89f6-4de7-a8ab-41f21b90ff0a_600x600.jpg?v=1663756972\" alt=\"\"><\/p>\n","protected":false},"excerpt":{"rendered":"<p>BetaFPV VR03 FPV-Schutzbrille Die von BETAFPV neu entwickelte VR03 FPV Goggles basiert auf der VR02 FPV Goggles und verf\u00fcgt \u00fcber die Funktionen der VR02 und eine DVR-Aufnahmefunktion. Diese aufregende Funktion<\/p>\n","protected":false},"featured_media":216550,"comment_status":"open","ping_status":"closed","template":"","meta":{"_joinchat":[]},"pwb-brand":[],"product_cat":[2597,2536],"product_tag":[],"class_list":{"0":"post-216563","1":"product","2":"type-product","3":"status-publish","4":"has-post-thumbnail","6":"product_cat-brillen-und-monitore","7":"product_cat-fpv-schutzbrille","9":"first","10":"outofstock","11":"taxable","12":"shipping-taxable","13":"purchasable","14":"product-type-simple"},"barcode":null,"atum_controlled":true,"out_stock_date":"2026-02-05 09:05:15","out_stock_threshold":null,"inheritable":false,"stock_on_hold":0,"sold_today":0,"sales_last_days":0,"out_stock_days":72,"lost_sales":1027,"update_date":"2026-04-18T20:30:54","atum_locations":[],"atum_stock_status":"outofstock","restock_status":false,"low_stock_amount":"","sales_update_date":"2026-04-18T20:30:54","calc_backorders":null,"yoast_head":"<!-- This site is optimized with the Yoast SEO plugin v27.3 - https:\/\/yoast.com\/product\/yoast-seo-wordpress\/ -->\n<title>BetaFPV VR03 FPV-Schutzbrille - Iha Race<\/title>\n<meta name=\"robots\" content=\"index, follow, max-snippet:-1, max-image-preview:large, max-video-preview:-1\" \/>\n<link rel=\"canonical\" href=\"https:\/\/iha-race.com\/de\/producto\/brille-betafpv-vr03-fpv\/\" \/>\n<meta property=\"og:locale\" content=\"de_DE\" \/>\n<meta property=\"og:type\" content=\"article\" \/>\n<meta property=\"og:title\" content=\"BetaFPV VR03 FPV-Schutzbrille - Iha Race\" \/>\n<meta property=\"og:description\" content=\"BetaFPV VR03 FPV-Schutzbrille Die von BETAFPV neu entwickelte VR03 FPV Goggles basiert auf der VR02 FPV Goggles und verf\u00fcgt \u00fcber die Funktionen der VR02 und eine DVR-Aufnahmefunktion. Diese aufregende Funktion\" \/>\n<meta property=\"og:url\" content=\"https:\/\/iha-race.com\/de\/producto\/brille-betafpv-vr03-fpv\/\" \/>\n<meta property=\"og:site_name\" content=\"Iha Race\" \/>\n<meta property=\"article:modified_time\" content=\"2026-02-05T08:05:15+00:00\" \/>\n<meta property=\"og:image\" content=\"https:\/\/iha-race.com\/wp-content\/uploads\/2023\/02\/Gafas-BetaFPV-VR03-3.webp\" \/>\n\t<meta property=\"og:image:width\" content=\"800\" \/>\n\t<meta property=\"og:image:height\" content=\"800\" \/>\n\t<meta property=\"og:image:type\" content=\"image\/webp\" \/>\n<meta name=\"twitter:card\" content=\"summary_large_image\" \/>\n<meta name=\"twitter:label1\" content=\"Gesch\u00e4tzte Lesezeit\" \/>\n\t<meta name=\"twitter:data1\" content=\"4\u00a0Minuten\" \/>\n<script type=\"application\/ld+json\" class=\"yoast-schema-graph\">{\"@context\":\"https:\\\/\\\/schema.org\",\"@graph\":[{\"@type\":\"WebPage\",\"@id\":\"https:\\\/\\\/iha-race.com\\\/de\\\/producto\\\/brille-betafpv-vr03-fpv\\\/\",\"url\":\"https:\\\/\\\/iha-race.com\\\/de\\\/producto\\\/brille-betafpv-vr03-fpv\\\/\",\"name\":\"BetaFPV VR03 FPV-Schutzbrille - Iha Race\",\"isPartOf\":{\"@id\":\"https:\\\/\\\/iha-race.com\\\/de\\\/#website\"},\"primaryImageOfPage\":{\"@id\":\"https:\\\/\\\/iha-race.com\\\/de\\\/producto\\\/brille-betafpv-vr03-fpv\\\/#primaryimage\"},\"image\":{\"@id\":\"https:\\\/\\\/iha-race.com\\\/de\\\/producto\\\/brille-betafpv-vr03-fpv\\\/#primaryimage\"},\"thumbnailUrl\":\"https:\\\/\\\/iha-race.com\\\/wp-content\\\/uploads\\\/2023\\\/02\\\/Gafas-BetaFPV-VR03-3.webp\",\"datePublished\":\"2023-02-02T17:21:10+00:00\",\"dateModified\":\"2026-02-05T08:05:15+00:00\",\"breadcrumb\":{\"@id\":\"https:\\\/\\\/iha-race.com\\\/de\\\/producto\\\/brille-betafpv-vr03-fpv\\\/#breadcrumb\"},\"inLanguage\":\"de\",\"potentialAction\":[{\"@type\":\"ReadAction\",\"target\":[\"https:\\\/\\\/iha-race.com\\\/de\\\/producto\\\/brille-betafpv-vr03-fpv\\\/\"]}]},{\"@type\":\"ImageObject\",\"inLanguage\":\"de\",\"@id\":\"https:\\\/\\\/iha-race.com\\\/de\\\/producto\\\/brille-betafpv-vr03-fpv\\\/#primaryimage\",\"url\":\"https:\\\/\\\/iha-race.com\\\/wp-content\\\/uploads\\\/2023\\\/02\\\/Gafas-BetaFPV-VR03-3.webp\",\"contentUrl\":\"https:\\\/\\\/iha-race.com\\\/wp-content\\\/uploads\\\/2023\\\/02\\\/Gafas-BetaFPV-VR03-3.webp\",\"width\":800,\"height\":800,\"caption\":\"Comprar Gafas BetaFPV VR03 FPV\"},{\"@type\":\"BreadcrumbList\",\"@id\":\"https:\\\/\\\/iha-race.com\\\/de\\\/producto\\\/brille-betafpv-vr03-fpv\\\/#breadcrumb\",\"itemListElement\":[{\"@type\":\"ListItem\",\"position\":1,\"name\":\"Portada\",\"item\":\"https:\\\/\\\/iha-race.com\\\/de\\\/elementor-499\\\/\"},{\"@type\":\"ListItem\",\"position\":2,\"name\":\"Shop\",\"item\":\"https:\\\/\\\/iha-race.com\\\/de\\\/shop\\\/\"},{\"@type\":\"ListItem\",\"position\":3,\"name\":\"BetaFPV VR03 FPV-Schutzbrille\"}]},{\"@type\":\"WebSite\",\"@id\":\"https:\\\/\\\/iha-race.com\\\/de\\\/#website\",\"url\":\"https:\\\/\\\/iha-race.com\\\/de\\\/\",\"name\":\"Iha Race\",\"description\":\"Comprar drones de carreras FPV env\u00edos en un d\u00eda desde Espa\u00f1a\",\"publisher\":{\"@id\":\"https:\\\/\\\/iha-race.com\\\/de\\\/#organization\"},\"potentialAction\":[{\"@type\":\"SearchAction\",\"target\":{\"@type\":\"EntryPoint\",\"urlTemplate\":\"https:\\\/\\\/iha-race.com\\\/de\\\/?s={search_term_string}\"},\"query-input\":{\"@type\":\"PropertyValueSpecification\",\"valueRequired\":true,\"valueName\":\"search_term_string\"}}],\"inLanguage\":\"de\"},{\"@type\":\"Organization\",\"@id\":\"https:\\\/\\\/iha-race.com\\\/de\\\/#organization\",\"name\":\"Iha Race\",\"url\":\"https:\\\/\\\/iha-race.com\\\/de\\\/\",\"logo\":{\"@type\":\"ImageObject\",\"inLanguage\":\"de\",\"@id\":\"https:\\\/\\\/iha-race.com\\\/de\\\/#\\\/schema\\\/logo\\\/image\\\/\",\"url\":\"https:\\\/\\\/iha-race.com\\\/wp-content\\\/uploads\\\/2018\\\/07\\\/iha-race-drones-de-carreras-tienda-comprar-drones.png\",\"contentUrl\":\"https:\\\/\\\/iha-race.com\\\/wp-content\\\/uploads\\\/2018\\\/07\\\/iha-race-drones-de-carreras-tienda-comprar-drones.png\",\"width\":300,\"height\":100,\"caption\":\"Iha Race\"},\"image\":{\"@id\":\"https:\\\/\\\/iha-race.com\\\/de\\\/#\\\/schema\\\/logo\\\/image\\\/\"}}]}<\/script>\n<!-- \/ Yoast SEO plugin. -->","yoast_head_json":{"title":"BetaFPV VR03 FPV-Schutzbrille - Iha Race","robots":{"index":"index","follow":"follow","max-snippet":"max-snippet:-1","max-image-preview":"max-image-preview:large","max-video-preview":"max-video-preview:-1"},"canonical":"https:\/\/iha-race.com\/de\/producto\/brille-betafpv-vr03-fpv\/","og_locale":"de_DE","og_type":"article","og_title":"BetaFPV VR03 FPV-Schutzbrille - Iha Race","og_description":"BetaFPV VR03 FPV-Schutzbrille Die von BETAFPV neu entwickelte VR03 FPV Goggles basiert auf der VR02 FPV Goggles und verf\u00fcgt \u00fcber die Funktionen der VR02 und eine DVR-Aufnahmefunktion. Diese aufregende Funktion","og_url":"https:\/\/iha-race.com\/de\/producto\/brille-betafpv-vr03-fpv\/","og_site_name":"Iha Race","article_modified_time":"2026-02-05T08:05:15+00:00","og_image":[{"width":800,"height":800,"url":"https:\/\/iha-race.com\/wp-content\/uploads\/2023\/02\/Gafas-BetaFPV-VR03-3.webp","type":"image\/webp"}],"twitter_card":"summary_large_image","twitter_misc":{"Gesch\u00e4tzte Lesezeit":"4\u00a0Minuten"},"schema":{"@context":"https:\/\/schema.org","@graph":[{"@type":"WebPage","@id":"https:\/\/iha-race.com\/de\/producto\/brille-betafpv-vr03-fpv\/","url":"https:\/\/iha-race.com\/de\/producto\/brille-betafpv-vr03-fpv\/","name":"BetaFPV VR03 FPV-Schutzbrille - Iha Race","isPartOf":{"@id":"https:\/\/iha-race.com\/de\/#website"},"primaryImageOfPage":{"@id":"https:\/\/iha-race.com\/de\/producto\/brille-betafpv-vr03-fpv\/#primaryimage"},"image":{"@id":"https:\/\/iha-race.com\/de\/producto\/brille-betafpv-vr03-fpv\/#primaryimage"},"thumbnailUrl":"https:\/\/iha-race.com\/wp-content\/uploads\/2023\/02\/Gafas-BetaFPV-VR03-3.webp","datePublished":"2023-02-02T17:21:10+00:00","dateModified":"2026-02-05T08:05:15+00:00","breadcrumb":{"@id":"https:\/\/iha-race.com\/de\/producto\/brille-betafpv-vr03-fpv\/#breadcrumb"},"inLanguage":"de","potentialAction":[{"@type":"ReadAction","target":["https:\/\/iha-race.com\/de\/producto\/brille-betafpv-vr03-fpv\/"]}]},{"@type":"ImageObject","inLanguage":"de","@id":"https:\/\/iha-race.com\/de\/producto\/brille-betafpv-vr03-fpv\/#primaryimage","url":"https:\/\/iha-race.com\/wp-content\/uploads\/2023\/02\/Gafas-BetaFPV-VR03-3.webp","contentUrl":"https:\/\/iha-race.com\/wp-content\/uploads\/2023\/02\/Gafas-BetaFPV-VR03-3.webp","width":800,"height":800,"caption":"Comprar Gafas BetaFPV VR03 FPV"},{"@type":"BreadcrumbList","@id":"https:\/\/iha-race.com\/de\/producto\/brille-betafpv-vr03-fpv\/#breadcrumb","itemListElement":[{"@type":"ListItem","position":1,"name":"Portada","item":"https:\/\/iha-race.com\/de\/elementor-499\/"},{"@type":"ListItem","position":2,"name":"Shop","item":"https:\/\/iha-race.com\/de\/shop\/"},{"@type":"ListItem","position":3,"name":"BetaFPV VR03 FPV-Schutzbrille"}]},{"@type":"WebSite","@id":"https:\/\/iha-race.com\/de\/#website","url":"https:\/\/iha-race.com\/de\/","name":"Iha Race","description":"Comprar drones de carreras FPV env\u00edos en un d\u00eda desde Espa\u00f1a","publisher":{"@id":"https:\/\/iha-race.com\/de\/#organization"},"potentialAction":[{"@type":"SearchAction","target":{"@type":"EntryPoint","urlTemplate":"https:\/\/iha-race.com\/de\/?s={search_term_string}"},"query-input":{"@type":"PropertyValueSpecification","valueRequired":true,"valueName":"search_term_string"}}],"inLanguage":"de"},{"@type":"Organization","@id":"https:\/\/iha-race.com\/de\/#organization","name":"Iha Race","url":"https:\/\/iha-race.com\/de\/","logo":{"@type":"ImageObject","inLanguage":"de","@id":"https:\/\/iha-race.com\/de\/#\/schema\/logo\/image\/","url":"https:\/\/iha-race.com\/wp-content\/uploads\/2018\/07\/iha-race-drones-de-carreras-tienda-comprar-drones.png","contentUrl":"https:\/\/iha-race.com\/wp-content\/uploads\/2018\/07\/iha-race-drones-de-carreras-tienda-comprar-drones.png","width":300,"height":100,"caption":"Iha Race"},"image":{"@id":"https:\/\/iha-race.com\/de\/#\/schema\/logo\/image\/"}}]}},"jetpack_sharing_enabled":true,"brands":[],"_links":{"self":[{"href":"https:\/\/iha-race.com\/de\/wp-json\/wp\/v2\/product\/216563","targetHints":{"allow":["GET"]}}],"collection":[{"href":"https:\/\/iha-race.com\/de\/wp-json\/wp\/v2\/product"}],"about":[{"href":"https:\/\/iha-race.com\/de\/wp-json\/wp\/v2\/types\/product"}],"replies":[{"embeddable":true,"href":"https:\/\/iha-race.com\/de\/wp-json\/wp\/v2\/comments?post=216563"}],"version-history":[{"count":3,"href":"https:\/\/iha-race.com\/de\/wp-json\/wp\/v2\/product\/216563\/revisions"}],"predecessor-version":[{"id":248689,"href":"https:\/\/iha-race.com\/de\/wp-json\/wp\/v2\/product\/216563\/revisions\/248689"}],"wp:featuredmedia":[{"embeddable":true,"href":"https:\/\/iha-race.com\/de\/wp-json\/wp\/v2\/media\/216550"}],"wp:attachment":[{"href":"https:\/\/iha-race.com\/de\/wp-json\/wp\/v2\/media?parent=216563"}],"wp:term":[{"taxonomy":"pwb-brand","embeddable":true,"href":"https:\/\/iha-race.com\/de\/wp-json\/wp\/v2\/pwb-brand?post=216563"},{"taxonomy":"product_cat","embeddable":true,"href":"https:\/\/iha-race.com\/de\/wp-json\/wp\/v2\/product_cat?post=216563"},{"taxonomy":"product_tag","embeddable":true,"href":"https:\/\/iha-race.com\/de\/wp-json\/wp\/v2\/product_tag?post=216563"}],"curies":[{"name":"wp","href":"https:\/\/api.w.org\/{rel}","templated":true}]}}