{"id":216204,"date":"2023-01-25T18:35:04","date_gmt":"2023-01-25T17:35:04","guid":{"rendered":"https:\/\/iha-race.com\/producto\/dji-mini-3-dji-rc\/"},"modified":"2023-01-26T18:21:37","modified_gmt":"2023-01-26T17:21:37","slug":"dji-mini-3-dji-rc","status":"publish","type":"product","link":"https:\/\/iha-race.com\/de\/producto\/dji-mini-3-dji-rc\/","title":{"rendered":"DJI Mini 3 (DJI RC)"},"content":{"rendered":"<h1>DJI Mini 3 (DJI RC)<\/h1>\n<p><img decoding=\"async\" src=\"https:\/\/djiarsmadrid.com\/img\/cms\/Mini%203\/1920_750.png\" alt=\"1920_750.png\"><\/p>\n<h3><b><strong>Ber\u00fchre den Himmel<\/strong><\/b><\/h3>\n<ul style=\"font-weight: 400;\">\n<li>Weniger als 249 g<\/li>\n<li>Verl\u00e4ngerte Lebensdauer der Batterie<\/li>\n<li>4K HDR-Video<\/li>\n<li>Vertikale Aufzeichnung<\/li>\n<li>Intelligente Funktionen<\/li>\n<li>Windwiderstand von 38 km\/h (Stufe 5)<\/li>\n<\/ul>\n<p><img decoding=\"async\" src=\"https:\/\/djiarsmadrid.com\/img\/cms\/Mini%203\/Producto\/1.jpg\" alt=\"1\"><img decoding=\"async\" src=\"https:\/\/djiarsmadrid.com\/img\/cms\/Mini%203\/Producto\/2.jpg\" alt=\"\"><\/p>\n<h3 style=\"font-weight: 400;\"><b><strong>\u00dcber der Norm<\/strong><\/b><\/h3>\n<p><img decoding=\"async\" src=\"https:\/\/djiarsmadrid.com\/img\/cms\/Mini%203\/Producto\/3.jpg\" alt=\"\"><\/p>\n<h3 style=\"font-weight: 400;\"><b><strong><em>Lange<\/em> Fl\u00fcge<\/strong><\/b><\/h3>\n<p style=\"font-weight: 400;\">Vergessen Sie die Angst vor der Batterie und fliegen Sie mit Zuversicht und Seelenfrieden. Der DJI Mini 3 ist standardm\u00e4\u00dfig mit der Intelligent Flight Battery ausgestattet und bietet eine maximale Flugzeit von bis zu 38 Minuten.<\/p>\n<p><img decoding=\"async\" src=\"https:\/\/djiarsmadrid.com\/img\/cms\/Mini%203\/Producto\/4.jpg\" alt=\"\"><\/p>\n<h3 style=\"font-weight: 400;\"><b><strong>Verwandeln Sie Ihre Fantasie in scharfe Bilder<\/strong><\/b><\/h3>\n<h4 style=\"font-weight: 400;\"><b><strong>Lass die Farben fliegen<\/strong><\/b><\/h4>\n<p style=\"font-weight: 400;\">Nehmen Sie atemberaubende 4K-HDR-Videos mit naturgetreuen Farben bei Tag und Nacht auf. [ <sup>3]<\/sup> Die Kamera des Mavic 3 ist mit einem 1\/1,3-Zoll-CMOS-Sensor mit dualem nativen ISO und HDR-Technologie auf Chipebene ausgestattet.<\/p>\n<p style=\"font-weight: 400;\">Tags\u00fcber werden Details in Lichtern und Schatten erfasst, was zu nuancierten visuellen Ergebnissen mit mehr Tiefe f\u00fchrt.<\/p>\n<p style=\"font-weight: 400;\">Auch nach Einbruch der Dunkelheit sind die Aufnahmen noch klar und brillant.<\/p>\n<h4 style=\"font-weight: 400;\"><b><strong>Auf die Details kommt es an<\/strong><\/b><\/h4>\n<p style=\"font-weight: 400;\">Die Blende von f\/1.7 und die gr\u00f6\u00dferen 4-in-1-Pixel von 2,4 \u03bcm zeichnen sch\u00e4rfere Details auf und liefern auch bei schlechten Lichtverh\u00e4ltnissen au\u00dfergew\u00f6hnliche Bilder. Und mit dem 4-fach-Zoom k\u00f6nnen Sie mehr entdecken und Ihre Aufnahmen vor der Aufnahme planen.<\/p>\n<h4 style=\"font-weight: 400;\"><b><strong>Wirklich vertikal<\/strong><\/b><\/h4>\n<p style=\"font-weight: 400;\">Egal, ob es sich um einen \u00fcppigen, hoch aufragenden Baum oder einen imposanten Wolkenkratzer handelt, Sie k\u00f6nnen Ihre Aufnahmen \u00e4sthetisch komponieren und alles im Bild festhalten. Ein innovativer Stabilisator erm\u00f6glicht es, die Kamera in weiten Winkeln zu schwenken. Mit einem schnellen Wechsel zur vertikalen Aufnahme wird aus einer zuf\u00e4lligen Aufnahme ein echtes Kunstwerk, das auf sozialen Medien geteilt werden kann.<\/p>\n<p><img decoding=\"async\" src=\"https:\/\/djiarsmadrid.com\/img\/cms\/Mini%203\/Producto\/7.jpg\" alt=\"\"><\/p>\n<h4 style=\"font-weight: 400;\"><b><strong>Maximale Wirkung, minimaler Aufwand<\/strong><\/b><\/h4>\n<p style=\"font-weight: 400;\">Mit QuickShots wie Dronie, Orbit, Spiral, Rocket und Boomerang kannst du in nur wenigen Sekunden fortgeschrittene Sch\u00fcsse erzielen.<\/p>\n<p style=\"font-weight: 400;\">Sie k\u00f6nnen die Ergebnisse an Ihr mobiles Ger\u00e4t senden, um sie zu speichern oder mit QuickTransfer schnell weiterzugeben.<\/p>\n<p><img decoding=\"async\" src=\"https:\/\/djiarsmadrid.com\/img\/cms\/Mini%203\/Producto\/8.jpg\" alt=\"8\"><\/p>\n<p style=\"font-weight: 400;\"><b><strong>Frei wie der Wind<\/strong><\/b><\/p>\n<p style=\"font-weight: 400;\">M\u00f6chten Sie an windigen K\u00fcsten oder in windigen T\u00e4lern drehen? Kein Problem. DJI Mini 3 fliegt reibungslos und stabil bei Windgeschwindigkeiten von bis zu 10,7 m\/s. Und mit der digitalen Video\u00fcbertragung DJI O2 hat sie eine Reichweite von 10 km <sup>[4]<\/sup> und eine starke Anti-St\u00f6rungsfunktion.<\/p>\n<p>&nbsp;<\/p>\n<p><img decoding=\"async\" src=\"https:\/\/djiarsmadrid.com\/img\/cms\/Mini%203\/Producto\/10.jpg\" alt=\"10\"><\/p>\n<h3 style=\"font-weight: 400;\"><b><strong>Genie\u00dfen Sie die Aussicht<\/strong><\/b><\/h3>\n<p><img decoding=\"async\" src=\"https:\/\/djiarsmadrid.com\/img\/cms\/Mini%203\/Producto\/12.jpg\" alt=\"\"><\/p>\n<h3 style=\"font-weight: 400;\"><b><strong>Es ist alles so einfach<\/strong><\/b><\/h3>\n<p style=\"font-weight: 400;\">Fliegen ist einfacher als Sie denken, und der DJI Mini 3 verf\u00fcgt \u00fcber eine Vielzahl intelligenter Funktionen, die Ihnen helfen, eher fr\u00fcher als sp\u00e4ter loszulegen.<\/p>\n<ul>\n<li style=\"font-weight: 400;\">Die automatische Startfunktion hilft Ihnen, Ihre Reise durch die L\u00fcfte zu beginnen.<\/li>\n<li style=\"font-weight: 400;\">Die Funktion R\u00fcckkehr zum Ursprungsort (RPO) umfasst Smart RPO, Low Battery RPO und Safety RPO. Mit dieser Funktion wird das Flugzeug angewiesen, automatisch zum Ausgangspunkt zur\u00fcckzukehren, wenn z. B. das Signal verloren geht oder die Batterie leer ist.<\/li>\n<li style=\"font-weight: 400;\">Das Flugzeug kombiniert GNSS mit dem unteren Sichtsystem und dem Infrarot-Erkennungssystem, um einen stabilen und pr\u00e4zisen Schwebeflug zu gew\u00e4hrleisten, so dass Sie mit Zuversicht fliegen k\u00f6nnen.<\/li>\n<\/ul>\n<h3 style=\"font-weight: 400;\"><b><br \/>\n  <strong>Toolkit zur Entfesselung Ihrer Kreativit\u00e4t &#8211; <\/strong><br \/>\n<\/b><b><br \/>\n  <strong>Zubeh\u00f6r f\u00fcr den Mini<\/strong><br \/>\n<\/b><\/h3>\n<ol>\n<li style=\"font-weight: 400;\"><b><strong> DJI RC<\/strong><\/b><\/li>\n<\/ol>\n<p style=\"font-weight: 400;\">Eine leichte, einfach zu bedienende Fernbedienung mit integriertem Display. Dank der integrierten DJI Fly App ist sie sofort einsatzbereit, ohne dass eine Verbindung zu einem Smartphone erforderlich ist, sodass Sie sofort abheben und mehr Luftaufnahmen machen k\u00f6nnen.<\/p>\n<ol start=\"2\">\n<li style=\"font-weight: 400;\"><b><strong>  Intelligente Flugbatterie<\/strong><\/b><\/li>\n<\/ol>\n<p style=\"font-weight: 400;\">Sie garantieren einen reibungslosen und sorglosen Flug. Der Standard-Akku des Smart Flight hat eine maximale Laufzeit von 38 Minuten.<\/p>\n<ol start=\"3\">\n<li style=\"font-weight: 400;\"><b><strong>  Bi-direktionaler Lastschwerpunkt<\/strong><\/b><\/li>\n<\/ol>\n<p style=\"font-weight: 400;\">Laden Sie die Fernbedienung und die drei Batterien nacheinander auf. Dar\u00fcber hinaus dient es als mobile Stromversorgung und erm\u00f6glicht die Aufbewahrung von Batterien f\u00fcr den bequemen Transport.<\/p>\n<ol start=\"4\">\n<li style=\"font-weight: 400;\"><b><strong>  ND-Filter-Satz<\/strong><\/b><\/li>\n<\/ol>\n<p style=\"font-weight: 400;\">Passen Sie die Mini 3 Kamera mit ND16\/64\/256 Filtern an intensive Lichtverh\u00e4ltnisse an, um immer f\u00fcr die perfekte Aufnahme bereit zu sein.<\/p>\n<ol start=\"5\">\n<li style=\"font-weight: 400;\"><b><strong>  360\u00b0 Propellerschutz<\/strong><\/b><\/li>\n<\/ol>\n<p style=\"font-weight: 400;\">Sie sch\u00fctzt die Propeller vollst\u00e4ndig und l\u00e4sst sich leicht an- und abmontieren, um die Flugsicherheit auf einfache und effiziente Weise zu gew\u00e4hrleisten.<\/p>\n<ol start=\"6\">\n<li style=\"font-weight: 400;\"><b><strong>  Befestigung des Propellers<\/strong><\/b><\/li>\n<\/ol>\n<p style=\"font-weight: 400;\">Fixiert die vorderen und hinteren Propeller, wenn das Flugzeug zur bequemen Aufbewahrung zusammengeklappt ist. Einfach in den Rucksack stecken und los geht&#8217;s.<\/p>\n<p>&nbsp;<\/p>\n<h3>Das Paket umfasst<\/h3>\n<p>&nbsp;<\/p>\n<p><img decoding=\"async\" src=\"https:\/\/djiarsmadrid.com\/img\/cms\/Mini%203\/combos\/DJI%20RC\/6941565949912%20-%208.jpg\" alt=\"6941565949912_-_7\"><\/p>\n<p>&nbsp;<\/p>\n<p style=\"font-weight: 400;\"><strong><em>* Informieren Sie sich vor dem Flug immer \u00fcber die \u00f6rtlichen Gesetze und Vorschriften und halten Sie diese jederzeit ein.<\/em><\/strong><\/p>\n<p style=\"font-weight: 400;\"><strong><em>** Getestet mit einem Serienmodell des DJI Mini 3 in einer kontrollierten Umgebung. Die tats\u00e4chliche Erfahrung kann je nach Umgebung, Nutzung und Firmware-Version variieren.<\/em><\/strong><\/p>\n<p style=\"font-weight: 400;\"><strong><em>*** Alle Videos und Fotos auf dieser Seite wurden unter strikter Einhaltung der \u00f6rtlichen Gesetze und Vorschriften aufgenommen.<\/em><\/strong><\/p>\n<p style=\"font-weight: 400;\"><strong><em>**** DJI Mini 3 muss vor der Verwendung \u00fcber die DJI Fly-Anwendung aktiviert werden.<\/em><\/strong><\/p>\n<ol>\n<li style=\"font-weight: 400;\"><em>Standard-Flugzeuggewicht (einschlie\u00dflich Smart-Flight-Akku, Propeller und einer microSD-Karte). Das tats\u00e4chliche Produktgewicht kann aufgrund von Unterschieden bei den Chargenmaterialien und externen Faktoren variieren. In einigen L\u00e4ndern und Regionen ist keine Registrierung erforderlich. \u00dcberpr\u00fcfen Sie vor der Verwendung immer die \u00f6rtlichen Gesetze und Vorschriften.<\/em><\/li>\n<li style=\"font-weight: 400;\"><em>Gemessen bei einer konstanten Geschwindigkeit von 21,6 km\/h und Windstille. Mit dem intelligenten Flugakku kann das Flugzeug bis zu 38 Minuten fliegen. Informieren Sie sich vor dem Flug immer \u00fcber die \u00f6rtlichen Gesetze und Vorschriften und halten Sie diese stets ein.<\/em><\/li>\n<li style=\"font-weight: 400;\"><em>HDR-Videos unterst\u00fctzen keine Videoaufnahmen mit mehr als 30 Bildern pro Sekunde.<\/em><\/li>\n<li style=\"font-weight: 400;\"><em>FCC-konform und in einer offenen, nicht st\u00f6renden Au\u00dfenumgebung getestet.<\/em><\/li>\n<li style=\"font-weight: 400;\"><em>Das aufgef\u00fchrte Zubeh\u00f6r ist separat erh\u00e4ltlich. Die Verf\u00fcgbarkeit kann variieren.<\/em><\/li>\n<\/ol>\n<p style=\"font-weight: 400;\">\n","protected":false},"excerpt":{"rendered":"<h3><span style=\"color: #ff0000;\"><strong>VORBESTELLUNG 60 TAGE<\/strong><\/span><\/h3>\n","protected":false},"featured_media":216184,"comment_status":"open","ping_status":"closed","template":"","meta":{"_joinchat":[]},"pwb-brand":[3567],"product_cat":[3328,3375],"product_tag":[],"class_list":{"0":"post-216204","1":"product","2":"type-product","3":"status-publish","4":"has-post-thumbnail","6":"pwb-brand-dji","7":"product_cat-dji-de","8":"product_cat-mavic-de","10":"first","11":"instock","12":"taxable","13":"shipping-taxable","14":"purchasable","15":"product-type-simple"},"barcode":null,"atum_controlled":true,"out_stock_date":null,"out_stock_threshold":null,"inheritable":false,"stock_on_hold":0,"sold_today":0,"sales_last_days":0,"out_stock_days":0,"lost_sales":0,"update_date":"2025-05-12T10:50:30","atum_locations":[],"atum_stock_status":"instock","restock_status":false,"low_stock_amount":"","sales_update_date":"2024-01-05T08:17:03","calc_backorders":null,"yoast_head":"<!-- This site is optimized with the Yoast SEO plugin v27.3 - https:\/\/yoast.com\/product\/yoast-seo-wordpress\/ -->\n<title>DJI Mini 3 (DJI RC) - Iha Race<\/title>\n<meta name=\"robots\" content=\"index, follow, max-snippet:-1, max-image-preview:large, max-video-preview:-1\" \/>\n<link rel=\"canonical\" href=\"https:\/\/iha-race.com\/de\/producto\/dji-mini-3-dji-rc\/\" \/>\n<meta property=\"og:locale\" content=\"de_DE\" \/>\n<meta property=\"og:type\" content=\"article\" \/>\n<meta property=\"og:title\" content=\"DJI Mini 3 (DJI RC) - Iha Race\" \/>\n<meta property=\"og:description\" content=\"VORBESTELLUNG 60 TAGE\" \/>\n<meta property=\"og:url\" content=\"https:\/\/iha-race.com\/de\/producto\/dji-mini-3-dji-rc\/\" \/>\n<meta property=\"og:site_name\" content=\"Iha Race\" \/>\n<meta property=\"article:modified_time\" content=\"2023-01-26T17:21:37+00:00\" \/>\n<meta property=\"og:image\" content=\"https:\/\/iha-race.com\/wp-content\/uploads\/2023\/01\/Pack-DJI-Mini-3-Vuela-Mas-DJI-RC.png\" \/>\n\t<meta property=\"og:image:width\" content=\"1100\" \/>\n\t<meta property=\"og:image:height\" content=\"1422\" \/>\n\t<meta property=\"og:image:type\" content=\"image\/png\" \/>\n<meta name=\"twitter:card\" content=\"summary_large_image\" \/>\n<meta name=\"twitter:label1\" content=\"Gesch\u00e4tzte Lesezeit\" \/>\n\t<meta name=\"twitter:data1\" content=\"4\u00a0Minuten\" \/>\n<script type=\"application\/ld+json\" class=\"yoast-schema-graph\">{\"@context\":\"https:\\\/\\\/schema.org\",\"@graph\":[{\"@type\":\"WebPage\",\"@id\":\"https:\\\/\\\/iha-race.com\\\/de\\\/producto\\\/dji-mini-3-dji-rc\\\/\",\"url\":\"https:\\\/\\\/iha-race.com\\\/de\\\/producto\\\/dji-mini-3-dji-rc\\\/\",\"name\":\"DJI Mini 3 (DJI RC) - Iha Race\",\"isPartOf\":{\"@id\":\"https:\\\/\\\/iha-race.com\\\/de\\\/#website\"},\"primaryImageOfPage\":{\"@id\":\"https:\\\/\\\/iha-race.com\\\/de\\\/producto\\\/dji-mini-3-dji-rc\\\/#primaryimage\"},\"image\":{\"@id\":\"https:\\\/\\\/iha-race.com\\\/de\\\/producto\\\/dji-mini-3-dji-rc\\\/#primaryimage\"},\"thumbnailUrl\":\"https:\\\/\\\/iha-race.com\\\/wp-content\\\/uploads\\\/2023\\\/01\\\/Pack-DJI-Mini-3-Vuela-Mas-DJI-RC.png\",\"datePublished\":\"2023-01-25T17:35:04+00:00\",\"dateModified\":\"2023-01-26T17:21:37+00:00\",\"breadcrumb\":{\"@id\":\"https:\\\/\\\/iha-race.com\\\/de\\\/producto\\\/dji-mini-3-dji-rc\\\/#breadcrumb\"},\"inLanguage\":\"de\",\"potentialAction\":[{\"@type\":\"ReadAction\",\"target\":[\"https:\\\/\\\/iha-race.com\\\/de\\\/producto\\\/dji-mini-3-dji-rc\\\/\"]}]},{\"@type\":\"ImageObject\",\"inLanguage\":\"de\",\"@id\":\"https:\\\/\\\/iha-race.com\\\/de\\\/producto\\\/dji-mini-3-dji-rc\\\/#primaryimage\",\"url\":\"https:\\\/\\\/iha-race.com\\\/wp-content\\\/uploads\\\/2023\\\/01\\\/Pack-DJI-Mini-3-Vuela-Mas-DJI-RC.png\",\"contentUrl\":\"https:\\\/\\\/iha-race.com\\\/wp-content\\\/uploads\\\/2023\\\/01\\\/Pack-DJI-Mini-3-Vuela-Mas-DJI-RC.png\",\"width\":1100,\"height\":1422},{\"@type\":\"BreadcrumbList\",\"@id\":\"https:\\\/\\\/iha-race.com\\\/de\\\/producto\\\/dji-mini-3-dji-rc\\\/#breadcrumb\",\"itemListElement\":[{\"@type\":\"ListItem\",\"position\":1,\"name\":\"Portada\",\"item\":\"https:\\\/\\\/iha-race.com\\\/de\\\/elementor-499\\\/\"},{\"@type\":\"ListItem\",\"position\":2,\"name\":\"Shop\",\"item\":\"https:\\\/\\\/iha-race.com\\\/de\\\/shop\\\/\"},{\"@type\":\"ListItem\",\"position\":3,\"name\":\"DJI Mini 3 (DJI RC)\"}]},{\"@type\":\"WebSite\",\"@id\":\"https:\\\/\\\/iha-race.com\\\/de\\\/#website\",\"url\":\"https:\\\/\\\/iha-race.com\\\/de\\\/\",\"name\":\"Iha Race\",\"description\":\"Comprar drones de carreras FPV env\u00edos en un d\u00eda desde Espa\u00f1a\",\"publisher\":{\"@id\":\"https:\\\/\\\/iha-race.com\\\/de\\\/#organization\"},\"potentialAction\":[{\"@type\":\"SearchAction\",\"target\":{\"@type\":\"EntryPoint\",\"urlTemplate\":\"https:\\\/\\\/iha-race.com\\\/de\\\/?s={search_term_string}\"},\"query-input\":{\"@type\":\"PropertyValueSpecification\",\"valueRequired\":true,\"valueName\":\"search_term_string\"}}],\"inLanguage\":\"de\"},{\"@type\":\"Organization\",\"@id\":\"https:\\\/\\\/iha-race.com\\\/de\\\/#organization\",\"name\":\"Iha Race\",\"url\":\"https:\\\/\\\/iha-race.com\\\/de\\\/\",\"logo\":{\"@type\":\"ImageObject\",\"inLanguage\":\"de\",\"@id\":\"https:\\\/\\\/iha-race.com\\\/de\\\/#\\\/schema\\\/logo\\\/image\\\/\",\"url\":\"https:\\\/\\\/iha-race.com\\\/wp-content\\\/uploads\\\/2018\\\/07\\\/iha-race-drones-de-carreras-tienda-comprar-drones.png\",\"contentUrl\":\"https:\\\/\\\/iha-race.com\\\/wp-content\\\/uploads\\\/2018\\\/07\\\/iha-race-drones-de-carreras-tienda-comprar-drones.png\",\"width\":300,\"height\":100,\"caption\":\"Iha Race\"},\"image\":{\"@id\":\"https:\\\/\\\/iha-race.com\\\/de\\\/#\\\/schema\\\/logo\\\/image\\\/\"}}]}<\/script>\n<!-- \/ Yoast SEO plugin. -->","yoast_head_json":{"title":"DJI Mini 3 (DJI RC) - Iha Race","robots":{"index":"index","follow":"follow","max-snippet":"max-snippet:-1","max-image-preview":"max-image-preview:large","max-video-preview":"max-video-preview:-1"},"canonical":"https:\/\/iha-race.com\/de\/producto\/dji-mini-3-dji-rc\/","og_locale":"de_DE","og_type":"article","og_title":"DJI Mini 3 (DJI RC) - Iha Race","og_description":"VORBESTELLUNG 60 TAGE","og_url":"https:\/\/iha-race.com\/de\/producto\/dji-mini-3-dji-rc\/","og_site_name":"Iha Race","article_modified_time":"2023-01-26T17:21:37+00:00","og_image":[{"width":1100,"height":1422,"url":"https:\/\/iha-race.com\/wp-content\/uploads\/2023\/01\/Pack-DJI-Mini-3-Vuela-Mas-DJI-RC.png","type":"image\/png"}],"twitter_card":"summary_large_image","twitter_misc":{"Gesch\u00e4tzte Lesezeit":"4\u00a0Minuten"},"schema":{"@context":"https:\/\/schema.org","@graph":[{"@type":"WebPage","@id":"https:\/\/iha-race.com\/de\/producto\/dji-mini-3-dji-rc\/","url":"https:\/\/iha-race.com\/de\/producto\/dji-mini-3-dji-rc\/","name":"DJI Mini 3 (DJI RC) - Iha Race","isPartOf":{"@id":"https:\/\/iha-race.com\/de\/#website"},"primaryImageOfPage":{"@id":"https:\/\/iha-race.com\/de\/producto\/dji-mini-3-dji-rc\/#primaryimage"},"image":{"@id":"https:\/\/iha-race.com\/de\/producto\/dji-mini-3-dji-rc\/#primaryimage"},"thumbnailUrl":"https:\/\/iha-race.com\/wp-content\/uploads\/2023\/01\/Pack-DJI-Mini-3-Vuela-Mas-DJI-RC.png","datePublished":"2023-01-25T17:35:04+00:00","dateModified":"2023-01-26T17:21:37+00:00","breadcrumb":{"@id":"https:\/\/iha-race.com\/de\/producto\/dji-mini-3-dji-rc\/#breadcrumb"},"inLanguage":"de","potentialAction":[{"@type":"ReadAction","target":["https:\/\/iha-race.com\/de\/producto\/dji-mini-3-dji-rc\/"]}]},{"@type":"ImageObject","inLanguage":"de","@id":"https:\/\/iha-race.com\/de\/producto\/dji-mini-3-dji-rc\/#primaryimage","url":"https:\/\/iha-race.com\/wp-content\/uploads\/2023\/01\/Pack-DJI-Mini-3-Vuela-Mas-DJI-RC.png","contentUrl":"https:\/\/iha-race.com\/wp-content\/uploads\/2023\/01\/Pack-DJI-Mini-3-Vuela-Mas-DJI-RC.png","width":1100,"height":1422},{"@type":"BreadcrumbList","@id":"https:\/\/iha-race.com\/de\/producto\/dji-mini-3-dji-rc\/#breadcrumb","itemListElement":[{"@type":"ListItem","position":1,"name":"Portada","item":"https:\/\/iha-race.com\/de\/elementor-499\/"},{"@type":"ListItem","position":2,"name":"Shop","item":"https:\/\/iha-race.com\/de\/shop\/"},{"@type":"ListItem","position":3,"name":"DJI Mini 3 (DJI RC)"}]},{"@type":"WebSite","@id":"https:\/\/iha-race.com\/de\/#website","url":"https:\/\/iha-race.com\/de\/","name":"Iha Race","description":"Comprar drones de carreras FPV env\u00edos en un d\u00eda desde Espa\u00f1a","publisher":{"@id":"https:\/\/iha-race.com\/de\/#organization"},"potentialAction":[{"@type":"SearchAction","target":{"@type":"EntryPoint","urlTemplate":"https:\/\/iha-race.com\/de\/?s={search_term_string}"},"query-input":{"@type":"PropertyValueSpecification","valueRequired":true,"valueName":"search_term_string"}}],"inLanguage":"de"},{"@type":"Organization","@id":"https:\/\/iha-race.com\/de\/#organization","name":"Iha Race","url":"https:\/\/iha-race.com\/de\/","logo":{"@type":"ImageObject","inLanguage":"de","@id":"https:\/\/iha-race.com\/de\/#\/schema\/logo\/image\/","url":"https:\/\/iha-race.com\/wp-content\/uploads\/2018\/07\/iha-race-drones-de-carreras-tienda-comprar-drones.png","contentUrl":"https:\/\/iha-race.com\/wp-content\/uploads\/2018\/07\/iha-race-drones-de-carreras-tienda-comprar-drones.png","width":300,"height":100,"caption":"Iha Race"},"image":{"@id":"https:\/\/iha-race.com\/de\/#\/schema\/logo\/image\/"}}]}},"jetpack_sharing_enabled":true,"brands":[{"id":3567,"name":"DJI","slug":"dji"}],"_links":{"self":[{"href":"https:\/\/iha-race.com\/de\/wp-json\/wp\/v2\/product\/216204","targetHints":{"allow":["GET"]}}],"collection":[{"href":"https:\/\/iha-race.com\/de\/wp-json\/wp\/v2\/product"}],"about":[{"href":"https:\/\/iha-race.com\/de\/wp-json\/wp\/v2\/types\/product"}],"replies":[{"embeddable":true,"href":"https:\/\/iha-race.com\/de\/wp-json\/wp\/v2\/comments?post=216204"}],"version-history":[{"count":1,"href":"https:\/\/iha-race.com\/de\/wp-json\/wp\/v2\/product\/216204\/revisions"}],"predecessor-version":[{"id":216318,"href":"https:\/\/iha-race.com\/de\/wp-json\/wp\/v2\/product\/216204\/revisions\/216318"}],"wp:featuredmedia":[{"embeddable":true,"href":"https:\/\/iha-race.com\/de\/wp-json\/wp\/v2\/media\/216184"}],"wp:attachment":[{"href":"https:\/\/iha-race.com\/de\/wp-json\/wp\/v2\/media?parent=216204"}],"wp:term":[{"taxonomy":"pwb-brand","embeddable":true,"href":"https:\/\/iha-race.com\/de\/wp-json\/wp\/v2\/pwb-brand?post=216204"},{"taxonomy":"product_cat","embeddable":true,"href":"https:\/\/iha-race.com\/de\/wp-json\/wp\/v2\/product_cat?post=216204"},{"taxonomy":"product_tag","embeddable":true,"href":"https:\/\/iha-race.com\/de\/wp-json\/wp\/v2\/product_tag?post=216204"}],"curies":[{"name":"wp","href":"https:\/\/api.w.org\/{rel}","templated":true}]}}