{"id":216178,"date":"2023-01-25T18:09:42","date_gmt":"2023-01-25T17:09:42","guid":{"rendered":"https:\/\/iha-race.com\/producto\/dji-rc-pro\/"},"modified":"2024-08-29T11:28:07","modified_gmt":"2024-08-29T09:28:07","slug":"dji-rc-pro","status":"publish","type":"product","link":"https:\/\/iha-race.com\/de\/producto\/dji-rc-pro\/","title":{"rendered":"DJI RC Pro"},"content":{"rendered":"<h1 class=\"h1 page-title\">DJI RC Pro<\/h1>\n<div class=\"product-prices\">\n<p class=\"style__product-title___2DEfZ\"><strong>Allgemeine Beschreibung<\/strong><\/p>\n<div class=\"temp-specs-td value\">  Der DJI RC Pro ist mit seiner leistungsstarken Performance f\u00fcr Luftaufnahmen auf professionellem Niveau konzipiert. Dank des hochmodernen Prozessors und der erweiterten Speicherkapazit\u00e4t l\u00e4uft der DJI RC Pro stabiler und reibungsloser. Es verf\u00fcgt \u00fcber die leistungsstarke O3+ Video\u00fcbertragungstechnologie. Au\u00dferdem verwendet sie die gleichen Steuerkn\u00fcppel wie DJI FPV, um eine extrem pr\u00e4zise und reibungslose Steuerung zu erm\u00f6glichen. <strong>Herausragende Eigenschaften<\/strong> Helles Display, starke Leistung, effiziente Steuerung, au\u00dfergew\u00f6hnliche Audio- und Videoleistung.  <\/p>\n<div class=\"temp-specs-td value\">\n<p><strong>Kompatibilit\u00e4t<\/strong><\/p>\n<div class=\"temp-specs-td value\">\n<ul>\n<li>DJI Mavic 3<\/li>\n<li>DJI AIR 2S<\/li>\n<\/ul>\n<p><strong>Das Paket umfasst<\/strong><\/p>\n<div class=\"temp-specs-td value\">\n<ul>\n<li>1 x DJI RC Pro<\/li>\n<li>1 x USB 3.0 Typ-C Kabel<\/li>\n<\/ul>\n<\/div>\n<\/div>\n<\/div>\n<\/div>\n<\/div>\n","protected":false},"excerpt":{"rendered":"<p>DJI RC Pro Allgemeine Beschreibung Der DJI RC Pro ist mit seiner leistungsstarken Performance f\u00fcr Luftaufnahmen auf professionellem Niveau konzipiert. Dank des hochmodernen Prozessors und der erweiterten Speicherkapazit\u00e4t l\u00e4uft der<\/p>\n","protected":false},"featured_media":216170,"comment_status":"open","ping_status":"closed","template":"","meta":{"_joinchat":[]},"pwb-brand":[3567],"product_cat":[3328,3375],"product_tag":[],"class_list":{"0":"post-216178","1":"product","2":"type-product","3":"status-publish","4":"has-post-thumbnail","6":"pwb-brand-dji","7":"product_cat-dji-de","8":"product_cat-mavic-de","10":"first","11":"instock","12":"taxable","13":"shipping-taxable","14":"purchasable","15":"product-type-simple"},"barcode":null,"atum_controlled":true,"out_stock_date":null,"out_stock_threshold":null,"inheritable":false,"stock_on_hold":0,"sold_today":0,"sales_last_days":0,"out_stock_days":0,"lost_sales":0,"update_date":"2026-04-27T19:56:07","atum_locations":[],"atum_stock_status":"instock","restock_status":false,"low_stock_amount":"","sales_update_date":"2026-04-27T19:56:07","calc_backorders":null,"yoast_head":"<!-- This site is optimized with the Yoast SEO plugin v27.3 - https:\/\/yoast.com\/product\/yoast-seo-wordpress\/ -->\n<title>DJI RC Pro - Iha Race<\/title>\n<meta name=\"robots\" content=\"index, follow, max-snippet:-1, max-image-preview:large, max-video-preview:-1\" \/>\n<link rel=\"canonical\" href=\"https:\/\/iha-race.com\/de\/producto\/dji-rc-pro\/\" \/>\n<meta property=\"og:locale\" content=\"de_DE\" \/>\n<meta property=\"og:type\" content=\"article\" \/>\n<meta property=\"og:title\" content=\"DJI RC Pro - Iha Race\" \/>\n<meta property=\"og:description\" content=\"DJI RC Pro Allgemeine Beschreibung Der DJI RC Pro ist mit seiner leistungsstarken Performance f\u00fcr Luftaufnahmen auf professionellem Niveau konzipiert. Dank des hochmodernen Prozessors und der erweiterten Speicherkapazit\u00e4t l\u00e4uft der\" \/>\n<meta property=\"og:url\" content=\"https:\/\/iha-race.com\/de\/producto\/dji-rc-pro\/\" \/>\n<meta property=\"og:site_name\" content=\"Iha Race\" \/>\n<meta property=\"article:modified_time\" content=\"2024-08-29T09:28:07+00:00\" \/>\n<meta property=\"og:image\" content=\"https:\/\/iha-race.com\/wp-content\/uploads\/2023\/01\/DJI-RC-Pro.png\" \/>\n\t<meta property=\"og:image:width\" content=\"800\" \/>\n\t<meta property=\"og:image:height\" content=\"800\" \/>\n\t<meta property=\"og:image:type\" content=\"image\/png\" \/>\n<meta name=\"twitter:card\" content=\"summary_large_image\" \/>\n<meta name=\"twitter:label1\" content=\"Gesch\u00e4tzte Lesezeit\" \/>\n\t<meta name=\"twitter:data1\" content=\"1\u00a0Minute\" \/>\n<script type=\"application\/ld+json\" class=\"yoast-schema-graph\">{\"@context\":\"https:\\\/\\\/schema.org\",\"@graph\":[{\"@type\":\"WebPage\",\"@id\":\"https:\\\/\\\/iha-race.com\\\/de\\\/producto\\\/dji-rc-pro\\\/\",\"url\":\"https:\\\/\\\/iha-race.com\\\/de\\\/producto\\\/dji-rc-pro\\\/\",\"name\":\"DJI RC Pro - Iha Race\",\"isPartOf\":{\"@id\":\"https:\\\/\\\/iha-race.com\\\/de\\\/#website\"},\"primaryImageOfPage\":{\"@id\":\"https:\\\/\\\/iha-race.com\\\/de\\\/producto\\\/dji-rc-pro\\\/#primaryimage\"},\"image\":{\"@id\":\"https:\\\/\\\/iha-race.com\\\/de\\\/producto\\\/dji-rc-pro\\\/#primaryimage\"},\"thumbnailUrl\":\"https:\\\/\\\/iha-race.com\\\/wp-content\\\/uploads\\\/2023\\\/01\\\/DJI-RC-Pro.png\",\"datePublished\":\"2023-01-25T17:09:42+00:00\",\"dateModified\":\"2024-08-29T09:28:07+00:00\",\"breadcrumb\":{\"@id\":\"https:\\\/\\\/iha-race.com\\\/de\\\/producto\\\/dji-rc-pro\\\/#breadcrumb\"},\"inLanguage\":\"de\",\"potentialAction\":[{\"@type\":\"ReadAction\",\"target\":[\"https:\\\/\\\/iha-race.com\\\/de\\\/producto\\\/dji-rc-pro\\\/\"]}]},{\"@type\":\"ImageObject\",\"inLanguage\":\"de\",\"@id\":\"https:\\\/\\\/iha-race.com\\\/de\\\/producto\\\/dji-rc-pro\\\/#primaryimage\",\"url\":\"https:\\\/\\\/iha-race.com\\\/wp-content\\\/uploads\\\/2023\\\/01\\\/DJI-RC-Pro.png\",\"contentUrl\":\"https:\\\/\\\/iha-race.com\\\/wp-content\\\/uploads\\\/2023\\\/01\\\/DJI-RC-Pro.png\",\"width\":800,\"height\":800},{\"@type\":\"BreadcrumbList\",\"@id\":\"https:\\\/\\\/iha-race.com\\\/de\\\/producto\\\/dji-rc-pro\\\/#breadcrumb\",\"itemListElement\":[{\"@type\":\"ListItem\",\"position\":1,\"name\":\"Portada\",\"item\":\"https:\\\/\\\/iha-race.com\\\/de\\\/elementor-499\\\/\"},{\"@type\":\"ListItem\",\"position\":2,\"name\":\"Shop\",\"item\":\"https:\\\/\\\/iha-race.com\\\/de\\\/shop\\\/\"},{\"@type\":\"ListItem\",\"position\":3,\"name\":\"DJI RC Pro\"}]},{\"@type\":\"WebSite\",\"@id\":\"https:\\\/\\\/iha-race.com\\\/de\\\/#website\",\"url\":\"https:\\\/\\\/iha-race.com\\\/de\\\/\",\"name\":\"Iha Race\",\"description\":\"Comprar drones de carreras FPV env\u00edos en un d\u00eda desde Espa\u00f1a\",\"publisher\":{\"@id\":\"https:\\\/\\\/iha-race.com\\\/de\\\/#organization\"},\"potentialAction\":[{\"@type\":\"SearchAction\",\"target\":{\"@type\":\"EntryPoint\",\"urlTemplate\":\"https:\\\/\\\/iha-race.com\\\/de\\\/?s={search_term_string}\"},\"query-input\":{\"@type\":\"PropertyValueSpecification\",\"valueRequired\":true,\"valueName\":\"search_term_string\"}}],\"inLanguage\":\"de\"},{\"@type\":\"Organization\",\"@id\":\"https:\\\/\\\/iha-race.com\\\/de\\\/#organization\",\"name\":\"Iha Race\",\"url\":\"https:\\\/\\\/iha-race.com\\\/de\\\/\",\"logo\":{\"@type\":\"ImageObject\",\"inLanguage\":\"de\",\"@id\":\"https:\\\/\\\/iha-race.com\\\/de\\\/#\\\/schema\\\/logo\\\/image\\\/\",\"url\":\"https:\\\/\\\/iha-race.com\\\/wp-content\\\/uploads\\\/2018\\\/07\\\/iha-race-drones-de-carreras-tienda-comprar-drones.png\",\"contentUrl\":\"https:\\\/\\\/iha-race.com\\\/wp-content\\\/uploads\\\/2018\\\/07\\\/iha-race-drones-de-carreras-tienda-comprar-drones.png\",\"width\":300,\"height\":100,\"caption\":\"Iha Race\"},\"image\":{\"@id\":\"https:\\\/\\\/iha-race.com\\\/de\\\/#\\\/schema\\\/logo\\\/image\\\/\"}}]}<\/script>\n<!-- \/ Yoast SEO plugin. -->","yoast_head_json":{"title":"DJI RC Pro - Iha Race","robots":{"index":"index","follow":"follow","max-snippet":"max-snippet:-1","max-image-preview":"max-image-preview:large","max-video-preview":"max-video-preview:-1"},"canonical":"https:\/\/iha-race.com\/de\/producto\/dji-rc-pro\/","og_locale":"de_DE","og_type":"article","og_title":"DJI RC Pro - Iha Race","og_description":"DJI RC Pro Allgemeine Beschreibung Der DJI RC Pro ist mit seiner leistungsstarken Performance f\u00fcr Luftaufnahmen auf professionellem Niveau konzipiert. Dank des hochmodernen Prozessors und der erweiterten Speicherkapazit\u00e4t l\u00e4uft der","og_url":"https:\/\/iha-race.com\/de\/producto\/dji-rc-pro\/","og_site_name":"Iha Race","article_modified_time":"2024-08-29T09:28:07+00:00","og_image":[{"width":800,"height":800,"url":"https:\/\/iha-race.com\/wp-content\/uploads\/2023\/01\/DJI-RC-Pro.png","type":"image\/png"}],"twitter_card":"summary_large_image","twitter_misc":{"Gesch\u00e4tzte Lesezeit":"1\u00a0Minute"},"schema":{"@context":"https:\/\/schema.org","@graph":[{"@type":"WebPage","@id":"https:\/\/iha-race.com\/de\/producto\/dji-rc-pro\/","url":"https:\/\/iha-race.com\/de\/producto\/dji-rc-pro\/","name":"DJI RC Pro - Iha Race","isPartOf":{"@id":"https:\/\/iha-race.com\/de\/#website"},"primaryImageOfPage":{"@id":"https:\/\/iha-race.com\/de\/producto\/dji-rc-pro\/#primaryimage"},"image":{"@id":"https:\/\/iha-race.com\/de\/producto\/dji-rc-pro\/#primaryimage"},"thumbnailUrl":"https:\/\/iha-race.com\/wp-content\/uploads\/2023\/01\/DJI-RC-Pro.png","datePublished":"2023-01-25T17:09:42+00:00","dateModified":"2024-08-29T09:28:07+00:00","breadcrumb":{"@id":"https:\/\/iha-race.com\/de\/producto\/dji-rc-pro\/#breadcrumb"},"inLanguage":"de","potentialAction":[{"@type":"ReadAction","target":["https:\/\/iha-race.com\/de\/producto\/dji-rc-pro\/"]}]},{"@type":"ImageObject","inLanguage":"de","@id":"https:\/\/iha-race.com\/de\/producto\/dji-rc-pro\/#primaryimage","url":"https:\/\/iha-race.com\/wp-content\/uploads\/2023\/01\/DJI-RC-Pro.png","contentUrl":"https:\/\/iha-race.com\/wp-content\/uploads\/2023\/01\/DJI-RC-Pro.png","width":800,"height":800},{"@type":"BreadcrumbList","@id":"https:\/\/iha-race.com\/de\/producto\/dji-rc-pro\/#breadcrumb","itemListElement":[{"@type":"ListItem","position":1,"name":"Portada","item":"https:\/\/iha-race.com\/de\/elementor-499\/"},{"@type":"ListItem","position":2,"name":"Shop","item":"https:\/\/iha-race.com\/de\/shop\/"},{"@type":"ListItem","position":3,"name":"DJI RC Pro"}]},{"@type":"WebSite","@id":"https:\/\/iha-race.com\/de\/#website","url":"https:\/\/iha-race.com\/de\/","name":"Iha Race","description":"Comprar drones de carreras FPV env\u00edos en un d\u00eda desde Espa\u00f1a","publisher":{"@id":"https:\/\/iha-race.com\/de\/#organization"},"potentialAction":[{"@type":"SearchAction","target":{"@type":"EntryPoint","urlTemplate":"https:\/\/iha-race.com\/de\/?s={search_term_string}"},"query-input":{"@type":"PropertyValueSpecification","valueRequired":true,"valueName":"search_term_string"}}],"inLanguage":"de"},{"@type":"Organization","@id":"https:\/\/iha-race.com\/de\/#organization","name":"Iha Race","url":"https:\/\/iha-race.com\/de\/","logo":{"@type":"ImageObject","inLanguage":"de","@id":"https:\/\/iha-race.com\/de\/#\/schema\/logo\/image\/","url":"https:\/\/iha-race.com\/wp-content\/uploads\/2018\/07\/iha-race-drones-de-carreras-tienda-comprar-drones.png","contentUrl":"https:\/\/iha-race.com\/wp-content\/uploads\/2018\/07\/iha-race-drones-de-carreras-tienda-comprar-drones.png","width":300,"height":100,"caption":"Iha Race"},"image":{"@id":"https:\/\/iha-race.com\/de\/#\/schema\/logo\/image\/"}}]}},"jetpack_sharing_enabled":true,"brands":[{"id":3567,"name":"DJI","slug":"dji"}],"_links":{"self":[{"href":"https:\/\/iha-race.com\/de\/wp-json\/wp\/v2\/product\/216178","targetHints":{"allow":["GET"]}}],"collection":[{"href":"https:\/\/iha-race.com\/de\/wp-json\/wp\/v2\/product"}],"about":[{"href":"https:\/\/iha-race.com\/de\/wp-json\/wp\/v2\/types\/product"}],"replies":[{"embeddable":true,"href":"https:\/\/iha-race.com\/de\/wp-json\/wp\/v2\/comments?post=216178"}],"version-history":[{"count":2,"href":"https:\/\/iha-race.com\/de\/wp-json\/wp\/v2\/product\/216178\/revisions"}],"predecessor-version":[{"id":248684,"href":"https:\/\/iha-race.com\/de\/wp-json\/wp\/v2\/product\/216178\/revisions\/248684"}],"wp:featuredmedia":[{"embeddable":true,"href":"https:\/\/iha-race.com\/de\/wp-json\/wp\/v2\/media\/216170"}],"wp:attachment":[{"href":"https:\/\/iha-race.com\/de\/wp-json\/wp\/v2\/media?parent=216178"}],"wp:term":[{"taxonomy":"pwb-brand","embeddable":true,"href":"https:\/\/iha-race.com\/de\/wp-json\/wp\/v2\/pwb-brand?post=216178"},{"taxonomy":"product_cat","embeddable":true,"href":"https:\/\/iha-race.com\/de\/wp-json\/wp\/v2\/product_cat?post=216178"},{"taxonomy":"product_tag","embeddable":true,"href":"https:\/\/iha-race.com\/de\/wp-json\/wp\/v2\/product_tag?post=216178"}],"curies":[{"name":"wp","href":"https:\/\/api.w.org\/{rel}","templated":true}]}}