{"id":215864,"date":"2023-01-21T17:38:17","date_gmt":"2023-01-21T16:38:17","guid":{"rendered":"https:\/\/iha-race.com\/producto\/dronic-hd-arms-v2-2-stueck\/"},"modified":"2026-03-21T19:22:38","modified_gmt":"2026-03-21T18:22:38","slug":"dronic-hd-arme-v2-2-teilig","status":"publish","type":"product","link":"https:\/\/iha-race.com\/de\/producto\/dronic-hd-arme-v2-2-teilig\/","title":{"rendered":"DRONIC HD ARMS V2 (2 St\u00fcck)"},"content":{"rendered":"<h1><span data-sheets-value=\"{\"1\":2,\"2\":\"DRONIC HD BRAZOS V2 (2 piezas)\"}\" data-sheets-userformat=\"{\"2\":513,\"3\":{\"1\":0},\"12\":0}\">DRONIC HD ARMS V2 (2 St\u00fcck)<\/span><\/h1>\n<p>&nbsp;<\/p>\n<h2>BESCHREIBUNG<\/h2>\n<p>Sie sind sowohl f\u00fcr frame dronic als auch f\u00fcr frame HD geeignet. Das Design der L\u00f6cher wurde verbessert, um die Robustheit zu erh\u00f6hen.<\/p>\n<p>Ersatzarme<\/p>\n<p><strong>Enth\u00e4lt<\/strong><\/p>\n<p>x2 5mm dicke Arme.<\/p>\n","protected":false},"excerpt":{"rendered":"<p>DRONIC HD ARMS V2 (2 St\u00fcck) &nbsp; BESCHREIBUNG Sie sind sowohl f\u00fcr frame dronic als auch f\u00fcr frame HD geeignet. Das Design der L\u00f6cher wurde verbessert, um die Robustheit zu<\/p>\n","protected":false},"featured_media":215859,"comment_status":"open","ping_status":"closed","template":"","meta":{"_joinchat":[]},"pwb-brand":[3586],"product_cat":[2579,3669,4115],"product_tag":[],"class_list":{"0":"post-215864","1":"product","2":"type-product","3":"status-publish","4":"has-post-thumbnail","6":"pwb-brand-iha-race","7":"product_cat-fpv-drohnen","8":"product_cat-rahmen","9":"product_cat-schwarzer-freitag-2024","11":"first","12":"instock","13":"taxable","14":"shipping-taxable","15":"purchasable","16":"product-type-simple"},"barcode":null,"atum_controlled":true,"out_stock_date":null,"out_stock_threshold":null,"inheritable":false,"stock_on_hold":0,"sold_today":0,"sales_last_days":0,"out_stock_days":0,"lost_sales":0,"update_date":"2026-04-18T17:57:53","atum_locations":[],"atum_stock_status":"instock","restock_status":false,"low_stock_amount":"","sales_update_date":"2026-04-18T17:57:53","calc_backorders":null,"yoast_head":"<!-- This site is optimized with the Yoast SEO plugin v27.3 - https:\/\/yoast.com\/product\/yoast-seo-wordpress\/ -->\n<title>DRONIC HD ARMS V2 (2 St\u00fcck) - Iha Race<\/title>\n<meta name=\"robots\" content=\"index, follow, max-snippet:-1, max-image-preview:large, max-video-preview:-1\" \/>\n<link rel=\"canonical\" href=\"https:\/\/iha-race.com\/de\/producto\/dronic-hd-arme-v2-2-teilig\/\" \/>\n<meta property=\"og:locale\" content=\"de_DE\" \/>\n<meta property=\"og:type\" content=\"article\" \/>\n<meta property=\"og:title\" content=\"DRONIC HD ARMS V2 (2 St\u00fcck) - Iha Race\" \/>\n<meta property=\"og:description\" content=\"DRONIC HD ARMS V2 (2 St\u00fcck) &nbsp; BESCHREIBUNG Sie sind sowohl f\u00fcr frame dronic als auch f\u00fcr frame HD geeignet. Das Design der L\u00f6cher wurde verbessert, um die Robustheit zu\" \/>\n<meta property=\"og:url\" content=\"https:\/\/iha-race.com\/de\/producto\/dronic-hd-arme-v2-2-teilig\/\" \/>\n<meta property=\"og:site_name\" content=\"Iha Race\" \/>\n<meta property=\"article:modified_time\" content=\"2026-03-21T18:22:38+00:00\" \/>\n<meta property=\"og:image\" content=\"https:\/\/iha-race.com\/wp-content\/uploads\/2023\/01\/DRONIC-HD-BRAZOS-V2-2-piezas.jpeg\" \/>\n\t<meta property=\"og:image:width\" content=\"2560\" \/>\n\t<meta property=\"og:image:height\" content=\"2560\" \/>\n\t<meta property=\"og:image:type\" content=\"image\/jpeg\" \/>\n<meta name=\"twitter:card\" content=\"summary_large_image\" \/>\n<script type=\"application\/ld+json\" class=\"yoast-schema-graph\">{\"@context\":\"https:\\\/\\\/schema.org\",\"@graph\":[{\"@type\":\"WebPage\",\"@id\":\"https:\\\/\\\/iha-race.com\\\/de\\\/producto\\\/dronic-hd-arme-v2-2-teilig\\\/\",\"url\":\"https:\\\/\\\/iha-race.com\\\/de\\\/producto\\\/dronic-hd-arme-v2-2-teilig\\\/\",\"name\":\"DRONIC HD ARMS V2 (2 St\u00fcck) - Iha Race\",\"isPartOf\":{\"@id\":\"https:\\\/\\\/iha-race.com\\\/de\\\/#website\"},\"primaryImageOfPage\":{\"@id\":\"https:\\\/\\\/iha-race.com\\\/de\\\/producto\\\/dronic-hd-arme-v2-2-teilig\\\/#primaryimage\"},\"image\":{\"@id\":\"https:\\\/\\\/iha-race.com\\\/de\\\/producto\\\/dronic-hd-arme-v2-2-teilig\\\/#primaryimage\"},\"thumbnailUrl\":\"https:\\\/\\\/iha-race.com\\\/wp-content\\\/uploads\\\/2023\\\/01\\\/DRONIC-HD-BRAZOS-V2-2-piezas.jpeg\",\"datePublished\":\"2023-01-21T16:38:17+00:00\",\"dateModified\":\"2026-03-21T18:22:38+00:00\",\"breadcrumb\":{\"@id\":\"https:\\\/\\\/iha-race.com\\\/de\\\/producto\\\/dronic-hd-arme-v2-2-teilig\\\/#breadcrumb\"},\"inLanguage\":\"de\",\"potentialAction\":[{\"@type\":\"ReadAction\",\"target\":[\"https:\\\/\\\/iha-race.com\\\/de\\\/producto\\\/dronic-hd-arme-v2-2-teilig\\\/\"]}]},{\"@type\":\"ImageObject\",\"inLanguage\":\"de\",\"@id\":\"https:\\\/\\\/iha-race.com\\\/de\\\/producto\\\/dronic-hd-arme-v2-2-teilig\\\/#primaryimage\",\"url\":\"https:\\\/\\\/iha-race.com\\\/wp-content\\\/uploads\\\/2023\\\/01\\\/DRONIC-HD-BRAZOS-V2-2-piezas.jpeg\",\"contentUrl\":\"https:\\\/\\\/iha-race.com\\\/wp-content\\\/uploads\\\/2023\\\/01\\\/DRONIC-HD-BRAZOS-V2-2-piezas.jpeg\",\"width\":2560,\"height\":2560,\"caption\":\"Comprar DRONIC HD BRAZOS V2 (2 piezas)\"},{\"@type\":\"BreadcrumbList\",\"@id\":\"https:\\\/\\\/iha-race.com\\\/de\\\/producto\\\/dronic-hd-arme-v2-2-teilig\\\/#breadcrumb\",\"itemListElement\":[{\"@type\":\"ListItem\",\"position\":1,\"name\":\"Portada\",\"item\":\"https:\\\/\\\/iha-race.com\\\/de\\\/elementor-499\\\/\"},{\"@type\":\"ListItem\",\"position\":2,\"name\":\"Shop\",\"item\":\"https:\\\/\\\/iha-race.com\\\/de\\\/shop\\\/\"},{\"@type\":\"ListItem\",\"position\":3,\"name\":\"DRONIC HD ARMS V2 (2 St\u00fcck)\"}]},{\"@type\":\"WebSite\",\"@id\":\"https:\\\/\\\/iha-race.com\\\/de\\\/#website\",\"url\":\"https:\\\/\\\/iha-race.com\\\/de\\\/\",\"name\":\"Iha Race\",\"description\":\"Comprar drones de carreras FPV env\u00edos en un d\u00eda desde Espa\u00f1a\",\"publisher\":{\"@id\":\"https:\\\/\\\/iha-race.com\\\/de\\\/#organization\"},\"potentialAction\":[{\"@type\":\"SearchAction\",\"target\":{\"@type\":\"EntryPoint\",\"urlTemplate\":\"https:\\\/\\\/iha-race.com\\\/de\\\/?s={search_term_string}\"},\"query-input\":{\"@type\":\"PropertyValueSpecification\",\"valueRequired\":true,\"valueName\":\"search_term_string\"}}],\"inLanguage\":\"de\"},{\"@type\":\"Organization\",\"@id\":\"https:\\\/\\\/iha-race.com\\\/de\\\/#organization\",\"name\":\"Iha Race\",\"url\":\"https:\\\/\\\/iha-race.com\\\/de\\\/\",\"logo\":{\"@type\":\"ImageObject\",\"inLanguage\":\"de\",\"@id\":\"https:\\\/\\\/iha-race.com\\\/de\\\/#\\\/schema\\\/logo\\\/image\\\/\",\"url\":\"https:\\\/\\\/iha-race.com\\\/wp-content\\\/uploads\\\/2018\\\/07\\\/iha-race-drones-de-carreras-tienda-comprar-drones.png\",\"contentUrl\":\"https:\\\/\\\/iha-race.com\\\/wp-content\\\/uploads\\\/2018\\\/07\\\/iha-race-drones-de-carreras-tienda-comprar-drones.png\",\"width\":300,\"height\":100,\"caption\":\"Iha Race\"},\"image\":{\"@id\":\"https:\\\/\\\/iha-race.com\\\/de\\\/#\\\/schema\\\/logo\\\/image\\\/\"}}]}<\/script>\n<!-- \/ Yoast SEO plugin. -->","yoast_head_json":{"title":"DRONIC HD ARMS V2 (2 St\u00fcck) - Iha Race","robots":{"index":"index","follow":"follow","max-snippet":"max-snippet:-1","max-image-preview":"max-image-preview:large","max-video-preview":"max-video-preview:-1"},"canonical":"https:\/\/iha-race.com\/de\/producto\/dronic-hd-arme-v2-2-teilig\/","og_locale":"de_DE","og_type":"article","og_title":"DRONIC HD ARMS V2 (2 St\u00fcck) - Iha Race","og_description":"DRONIC HD ARMS V2 (2 St\u00fcck) &nbsp; BESCHREIBUNG Sie sind sowohl f\u00fcr frame dronic als auch f\u00fcr frame HD geeignet. Das Design der L\u00f6cher wurde verbessert, um die Robustheit zu","og_url":"https:\/\/iha-race.com\/de\/producto\/dronic-hd-arme-v2-2-teilig\/","og_site_name":"Iha Race","article_modified_time":"2026-03-21T18:22:38+00:00","og_image":[{"width":2560,"height":2560,"url":"https:\/\/iha-race.com\/wp-content\/uploads\/2023\/01\/DRONIC-HD-BRAZOS-V2-2-piezas.jpeg","type":"image\/jpeg"}],"twitter_card":"summary_large_image","schema":{"@context":"https:\/\/schema.org","@graph":[{"@type":"WebPage","@id":"https:\/\/iha-race.com\/de\/producto\/dronic-hd-arme-v2-2-teilig\/","url":"https:\/\/iha-race.com\/de\/producto\/dronic-hd-arme-v2-2-teilig\/","name":"DRONIC HD ARMS V2 (2 St\u00fcck) - Iha Race","isPartOf":{"@id":"https:\/\/iha-race.com\/de\/#website"},"primaryImageOfPage":{"@id":"https:\/\/iha-race.com\/de\/producto\/dronic-hd-arme-v2-2-teilig\/#primaryimage"},"image":{"@id":"https:\/\/iha-race.com\/de\/producto\/dronic-hd-arme-v2-2-teilig\/#primaryimage"},"thumbnailUrl":"https:\/\/iha-race.com\/wp-content\/uploads\/2023\/01\/DRONIC-HD-BRAZOS-V2-2-piezas.jpeg","datePublished":"2023-01-21T16:38:17+00:00","dateModified":"2026-03-21T18:22:38+00:00","breadcrumb":{"@id":"https:\/\/iha-race.com\/de\/producto\/dronic-hd-arme-v2-2-teilig\/#breadcrumb"},"inLanguage":"de","potentialAction":[{"@type":"ReadAction","target":["https:\/\/iha-race.com\/de\/producto\/dronic-hd-arme-v2-2-teilig\/"]}]},{"@type":"ImageObject","inLanguage":"de","@id":"https:\/\/iha-race.com\/de\/producto\/dronic-hd-arme-v2-2-teilig\/#primaryimage","url":"https:\/\/iha-race.com\/wp-content\/uploads\/2023\/01\/DRONIC-HD-BRAZOS-V2-2-piezas.jpeg","contentUrl":"https:\/\/iha-race.com\/wp-content\/uploads\/2023\/01\/DRONIC-HD-BRAZOS-V2-2-piezas.jpeg","width":2560,"height":2560,"caption":"Comprar DRONIC HD BRAZOS V2 (2 piezas)"},{"@type":"BreadcrumbList","@id":"https:\/\/iha-race.com\/de\/producto\/dronic-hd-arme-v2-2-teilig\/#breadcrumb","itemListElement":[{"@type":"ListItem","position":1,"name":"Portada","item":"https:\/\/iha-race.com\/de\/elementor-499\/"},{"@type":"ListItem","position":2,"name":"Shop","item":"https:\/\/iha-race.com\/de\/shop\/"},{"@type":"ListItem","position":3,"name":"DRONIC HD ARMS V2 (2 St\u00fcck)"}]},{"@type":"WebSite","@id":"https:\/\/iha-race.com\/de\/#website","url":"https:\/\/iha-race.com\/de\/","name":"Iha Race","description":"Comprar drones de carreras FPV env\u00edos en un d\u00eda desde Espa\u00f1a","publisher":{"@id":"https:\/\/iha-race.com\/de\/#organization"},"potentialAction":[{"@type":"SearchAction","target":{"@type":"EntryPoint","urlTemplate":"https:\/\/iha-race.com\/de\/?s={search_term_string}"},"query-input":{"@type":"PropertyValueSpecification","valueRequired":true,"valueName":"search_term_string"}}],"inLanguage":"de"},{"@type":"Organization","@id":"https:\/\/iha-race.com\/de\/#organization","name":"Iha Race","url":"https:\/\/iha-race.com\/de\/","logo":{"@type":"ImageObject","inLanguage":"de","@id":"https:\/\/iha-race.com\/de\/#\/schema\/logo\/image\/","url":"https:\/\/iha-race.com\/wp-content\/uploads\/2018\/07\/iha-race-drones-de-carreras-tienda-comprar-drones.png","contentUrl":"https:\/\/iha-race.com\/wp-content\/uploads\/2018\/07\/iha-race-drones-de-carreras-tienda-comprar-drones.png","width":300,"height":100,"caption":"Iha Race"},"image":{"@id":"https:\/\/iha-race.com\/de\/#\/schema\/logo\/image\/"}}]}},"jetpack_sharing_enabled":true,"brands":[{"id":3586,"name":"IHA Race","slug":"iha-race"}],"_links":{"self":[{"href":"https:\/\/iha-race.com\/de\/wp-json\/wp\/v2\/product\/215864","targetHints":{"allow":["GET"]}}],"collection":[{"href":"https:\/\/iha-race.com\/de\/wp-json\/wp\/v2\/product"}],"about":[{"href":"https:\/\/iha-race.com\/de\/wp-json\/wp\/v2\/types\/product"}],"replies":[{"embeddable":true,"href":"https:\/\/iha-race.com\/de\/wp-json\/wp\/v2\/comments?post=215864"}],"version-history":[{"count":3,"href":"https:\/\/iha-race.com\/de\/wp-json\/wp\/v2\/product\/215864\/revisions"}],"predecessor-version":[{"id":252548,"href":"https:\/\/iha-race.com\/de\/wp-json\/wp\/v2\/product\/215864\/revisions\/252548"}],"wp:featuredmedia":[{"embeddable":true,"href":"https:\/\/iha-race.com\/de\/wp-json\/wp\/v2\/media\/215859"}],"wp:attachment":[{"href":"https:\/\/iha-race.com\/de\/wp-json\/wp\/v2\/media?parent=215864"}],"wp:term":[{"taxonomy":"pwb-brand","embeddable":true,"href":"https:\/\/iha-race.com\/de\/wp-json\/wp\/v2\/pwb-brand?post=215864"},{"taxonomy":"product_cat","embeddable":true,"href":"https:\/\/iha-race.com\/de\/wp-json\/wp\/v2\/product_cat?post=215864"},{"taxonomy":"product_tag","embeddable":true,"href":"https:\/\/iha-race.com\/de\/wp-json\/wp\/v2\/product_tag?post=215864"}],"curies":[{"name":"wp","href":"https:\/\/api.w.org\/{rel}","templated":true}]}}