{"id":215810,"date":"2023-01-20T16:41:35","date_gmt":"2023-01-20T15:41:35","guid":{"rendered":"https:\/\/iha-race.com\/producto\/caddx-walnuss-action-kamera\/"},"modified":"2024-08-29T11:34:18","modified_gmt":"2024-08-29T09:34:18","slug":"caddx-action-chamber-walnut","status":"publish","type":"product","link":"https:\/\/iha-race.com\/de\/producto\/caddx-action-chamber-walnut\/","title":{"rendered":"Caddx Walnuss Action-Kamera"},"content":{"rendered":"<h1>Caddx Walnuss Action-Kamera<\/h1>\n<p>&nbsp;<\/p>\n<div class=\"c-accordion__header-icons\"><\/div>\n<div id=\"c-accordion__panel--efe0d88a-d707-4bb1-add8-cbbb8e054990\" class=\"c-accordion__panel is-active c-accordion__panel--efe0d88a-d707-4bb1-add8-cbbb8e054990 c-accordion__panel--\" data-parent=\"#c-accordion--efe0d88a-d707-4bb1-add8-cbbb8e054990\">\n<div class=\"c-accordion__inner\">\n<p><img decoding=\"async\" style=\"float: none;\" src=\"https:\/\/cdn.shopify.com\/s\/files\/1\/0036\/3921\/4169\/files\/01_be2b3ebe-ec4a-42c2-8e5a-2fe3b72b788e.jpg?v=1669109205\" alt=\"\"><\/p>\n<div style=\"text-align: center;\"><\/div>\n<div style=\"text-align: center;\"><\/div>\n<div style=\"text-align: center;\"><\/div>\n<div style=\"text-align: center;\"><\/div>\n<div style=\"text-align: center;\"><\/div>\n<div style=\"text-align: center;\"><strong>Produktmerkmale:<\/strong><\/div>\n<div style=\"text-align: center;\">4K\/60 fps, 62,8 g, 30 Minuten, Gyroflow, magnetische Aufladung, ND-Filter, Fernbedienung, 38*38*36 mm, IP64<\/div>\n<div style=\"text-align: center;\"><\/div>\n<div style=\"text-align: center;\"><\/div>\n<div style=\"text-align: center;\"><img decoding=\"async\" style=\"float: none;\" src=\"https:\/\/cdn.shopify.com\/s\/files\/1\/0036\/3921\/4169\/files\/02_a4f5abb4-1cf0-4f6f-9119-83a4f7ab1f02.jpg?v=1669109241\"><\/div>\n<div style=\"text-align: center;\"><\/div>\n<div style=\"text-align: center;\"><\/div>\n<div style=\"text-align: center;\"><\/div>\n<div style=\"text-align: center;\"><\/div>\n<div style=\"text-align: center;\"><\/div>\n<div style=\"text-align: center;\"><\/div>\n<div style=\"text-align: center;\"><\/div>\n<div><\/div>\n<div><\/div>\n<div style=\"text-align: center;\"><\/div>\n<div style=\"text-align: center;\"><\/div>\n<div style=\"text-align: center;\"><\/div>\n<div style=\"text-align: center;\"><\/div>\n<div style=\"text-align: center;\"><\/div>\n<div style=\"text-align: center;\"><\/div>\n<div style=\"text-align: center;\"><\/div>\n<div style=\"text-align: center;\"><strong>Hohe Bildqualit\u00e4t<\/strong> Kompatibel mit 4K\/60fps, 2.7K\/60fps@30fps Aufl\u00f6sung, Bitrate bis zu 100mbps, bringen Sie Ihre Bilder auf die n\u00e4chste Stufe.<\/div>\n<div style=\"text-align: center;\"><img decoding=\"async\" style=\"float: none;\" src=\"https:\/\/cdn.shopify.com\/s\/files\/1\/0036\/3921\/4169\/files\/1_7af79f13-9e4d-40c8-a06c-a5bd13f03358.jpg?v=1669107717\" alt=\"\"><\/div>\n<p style=\"text-align: center;\"><strong>62,8 g Leichtgewicht<\/strong> Die Nut wiegt nur 62,8 g und ist damit leichter als die meisten 4K\/60fps-Actionkameras auf dem Markt.<img decoding=\"async\" style=\"float: none;\" src=\"https:\/\/cdn.shopify.com\/s\/files\/1\/0036\/3921\/4169\/files\/2_68519981-41aa-4521-ad52-57555027a68d.jpg?v=1669107722\" alt=\"\"><\/p>\n<p style=\"text-align: center;\"><strong>Eingebauter 600mAh-Akku Magnetisches Laden <\/strong><strong>Eingebauter 600mAh-Akku <\/strong>, Aufnahmezeit bis zu 30 Minuten in 4K-Aufl\u00f6sung.<br \/>\nAu\u00dferdem wird ein spezielles magnetisches Ladeger\u00e4t f\u00fcr FPV mitgeliefert, so dass Sie sich w\u00e4hrend der Aufnahme keine Sorgen um die Stromversorgung machen m\u00fcssen. Das magnetische Ladeger\u00e4t kann auch zur \u00dcbertragung von Dateien verwendet werden. <img decoding=\"async\" src=\"https:\/\/cdn.shopify.com\/s\/files\/1\/0036\/3921\/4169\/files\/6_4a490894-9762-4263-99e8-07cb9d33fded.jpg?v=1670049266\" alt=\"\"><\/p>\n<p style=\"text-align: center;\"> <strong>Gyroflow-kompatibel <\/strong><strong>+ ElS<\/strong> Walnut mit integriertem EIS, und Gyroflow-kompatibel, bietet Ihnen eine fl\u00fcssige und stabilisierte Videoqualit\u00e4t.<img decoding=\"async\" src=\"https:\/\/cdn.shopify.com\/s\/files\/1\/0036\/3921\/4169\/files\/16_a129dd81-409d-4255-b4d1-78ece62e4d55.jpg?v=1669290272\" alt=\"\"><\/p>\n<p style=\"text-align: center;\">Austauschbare <strong>ND- und ND-Filter<\/strong> mit Gewinde Austauschbare ND8- und ND16-Filter, einfach zu installieren, k\u00f6nnen das Objektiv effektiv sch\u00fctzen und liefern ein kinoreifes Bild<img decoding=\"async\" style=\"float: none;\" src=\"https:\/\/cdn.shopify.com\/s\/files\/1\/0036\/3921\/4169\/files\/5_758d541e-5897-4527-8691-a9bd8ba1e732.jpg?v=1669107740\" alt=\"\"><\/p>\n<div style=\"text-align: center;\"><strong>Super HDR<\/strong><\/div>\n<div style=\"text-align: center;\">Walnut verwendet einen 1\/2,3-Zoll-HDR-Sensor, der einen hohen Dynamikbereich bietet und sowohl in den Lichtern als auch in den Schatten mehr Details beibeh\u00e4lt.  <img decoding=\"async\" style=\"float: none;\" src=\"https:\/\/cdn.shopify.com\/s\/files\/1\/0036\/3921\/4169\/files\/63892BC7-4474-49fb-8FD7-E94989AB3882.png?v=1669292608\" alt=\"\"><\/div>\n<p style=\"text-align: center;\"><strong>150\u00b0 breites FOV, <\/strong>verzerrungsfrei Walnut verwendet ein extrem verzerrungsarmes 8g-Objektiv, um die Streckung zu reduzieren, bietet ein 150\u00b0 breites FOV und liefert Ihnen nat\u00fcrlichere und lebensechtere Aufnahmen.<img decoding=\"async\" src=\"https:\/\/cdn.shopify.com\/s\/files\/1\/0036\/3921\/4169\/files\/3_2_33e2cd1e-ce1b-4c93-98c8-ab4492bcb8f8.jpg?v=1669285510\" alt=\"\"><\/p>\n<p style=\"text-align: center;\"><img decoding=\"async\" src=\"https:\/\/cdn.shopify.com\/s\/files\/1\/0036\/3921\/4169\/files\/02_f33d2990-7843-4816-b267-d41c316e1228.jpg?v=1669286380\" alt=\"\"><\/p>\n<p style=\"text-align: center;\">Walnussholz <strong>mit den Ma\u00dfen<\/strong> 38 mm x 38 mm x 36 mm, wird mit einer stabilen Halterung geliefert und ist mit den auf dem Markt befindlichen Montagesockeln kompatibel.<img decoding=\"async\" src=\"https:\/\/cdn.shopify.com\/s\/files\/1\/0036\/3921\/4169\/files\/6_348401cc-656e-45d4-a75f-c7c219121d1c.jpg?v=1669107746\" alt=\"\"><\/p>\n<div style=\"text-align: center;\">Mit der KEY-Signalleitung kann die Kamera \u00fcber die Flugsteuerung ferngesteuert werden,<\/div>\n<div style=\"text-align: center;\">lesen Sie bitte die entsprechenden Sicherheitshinweise<img decoding=\"async\" style=\"float: none;\" src=\"https:\/\/cdn.shopify.com\/s\/files\/1\/0036\/3921\/4169\/files\/7_d83dffc0-d1a8-4525-a031-593637cb10a5.jpg?v=1669107751\" alt=\"\"><\/div>\n<div style=\"text-align: center;\"><\/div>\n<div style=\"text-align: center;\"><\/div>\n<div style=\"text-align: center;\"><\/div>\n<div style=\"text-align: center;\">Gr\u00f6\u00dfe des Produkts<img decoding=\"async\" style=\"float: none;\" src=\"https:\/\/cdn.shopify.com\/s\/files\/1\/0036\/3921\/4169\/files\/8_74d94f53-4202-4b75-9097-7659530e83d3.jpg?v=1669107756\" alt=\"\"><\/div>\n<table width=\"100%\">\n<tbody>\n<tr>\n<td><strong>Spezifikation<\/strong><\/td>\n<td><\/td>\n<\/tr>\n<tr>\n<td>Modell<\/td>\n<td>CADDX Walnuss<\/td>\n<\/tr>\n<tr>\n<td>Bildsensor<\/td>\n<td>1\/2,3&#8243; HDR-Sensor<\/td>\n<\/tr>\n<tr>\n<td>Hauptaufl\u00f6sung<\/td>\n<td>4K\/60fps,4K\/30fps(4\/3),2,7K\/60fps(4\/3),2,7K\/30fps(4\/3), 1440P\/60fps,1080p\/120fps.<\/td>\n<\/tr>\n<tr>\n<td>Abmessung<\/td>\n<td>38mm*38mm*36mm<\/td>\n<\/tr>\n<tr>\n<td>Gewicht<\/td>\n<td>62,8g<\/td>\n<\/tr>\n<tr>\n<td>Sichtfeld<\/td>\n<td>150\u00b0<\/td>\n<\/tr>\n<tr>\n<td>Wifi<\/td>\n<td>Unterst\u00fctzung<\/td>\n<\/tr>\n<tr>\n<td>Video-Dateiformat<\/td>\n<td>MP4<\/td>\n<\/tr>\n<tr>\n<td>Audio<\/td>\n<td>Unterst\u00fctzung<\/td>\n<\/tr>\n<tr>\n<td>Bitrate der Kamera<\/td>\n<td>Maximale Bitrate von 100M<\/td>\n<\/tr>\n<tr>\n<td>DIA<\/td>\n<td>Integriert\/Gyroflow<\/td>\n<\/tr>\n<tr>\n<td>Video-Kodierung<\/td>\n<td>H264<\/td>\n<\/tr>\n<tr>\n<td>Sprache<\/td>\n<td>Auto<\/td>\n<\/tr>\n<tr>\n<td>Bild drehen<\/td>\n<td>Unterst\u00fctzung<\/td>\n<\/tr>\n<tr>\n<td>Aufnahmezeit<\/td>\n<td>Max. 30 Minuten<\/td>\n<\/tr>\n<tr>\n<td>Kapazit\u00e4t der Batterie<\/td>\n<td>600mAh<\/td>\n<\/tr>\n<tr>\n<td>Wasserdicht<\/td>\n<td>IP64<\/td>\n<\/tr>\n<tr>\n<td>Stromeingang<\/td>\n<td>Typ-C, magnetischer USB-Anschluss<\/td>\n<\/tr>\n<tr>\n<td>SD-Karte<\/td>\n<td>Max. 256G<\/td>\n<\/tr>\n<tr>\n<td><strong>Packliste<\/strong><\/td>\n<td><\/td>\n<\/tr>\n<tr>\n<td>Walnuss Action Cam<\/td>\n<td>x1<\/td>\n<\/tr>\n<tr>\n<td>Magnetischer USB-Anschluss<\/td>\n<td>x1<\/td>\n<\/tr>\n<tr>\n<td>Montagedose<\/td>\n<td>x1<\/td>\n<\/tr>\n<tr>\n<td>2~6S Getriebemodul<\/td>\n<td>x1<\/td>\n<\/tr>\n<tr>\n<td>3-polige Silikonleitung Sh1.25<\/td>\n<td>x1<\/td>\n<\/tr>\n<tr>\n<td>M5 Schrauben<\/td>\n<td>x1<\/td>\n<\/tr>\n<tr>\n<td>Typ C Kabel<\/td>\n<td>x1<\/td>\n<\/tr>\n<tr>\n<td>Spiegeltuch<\/td>\n<td>x1<\/td>\n<\/tr>\n<tr>\n<td>Tragbare Aufbewahrungstasche<\/td>\n<td>x1<\/td>\n<\/tr>\n<\/tbody>\n<\/table>\n<p>&nbsp;<\/p>\n<p>&nbsp;<\/p>\n<\/div>\n<\/div>\n<p>&nbsp;<\/p>\n<p>&nbsp;<\/p>\n","protected":false},"excerpt":{"rendered":"<p>Caddx Walnuss Action-Kamera &nbsp; Produktmerkmale: 4K\/60 fps, 62,8 g, 30 Minuten, Gyroflow, magnetische Aufladung, ND-Filter, Fernbedienung, 38*38*36 mm, IP64 Hohe Bildqualit\u00e4t Kompatibel mit 4K\/60fps, 2.7K\/60fps@30fps Aufl\u00f6sung, Bitrate bis zu 100mbps,<\/p>\n","protected":false},"featured_media":215790,"comment_status":"open","ping_status":"closed","template":"","meta":{"_joinchat":[]},"pwb-brand":[],"product_cat":[2938,2554],"product_tag":[],"class_list":{"0":"post-215810","1":"product","2":"type-product","3":"status-publish","4":"has-post-thumbnail","6":"product_cat-aufnahmekameras","7":"product_cat-fpv-kameras-de","9":"first","10":"instock","11":"taxable","12":"shipping-taxable","13":"purchasable","14":"product-type-simple"},"barcode":null,"atum_controlled":true,"out_stock_date":null,"out_stock_threshold":null,"inheritable":false,"stock_on_hold":0,"sold_today":0,"sales_last_days":0,"out_stock_days":0,"lost_sales":0,"update_date":"2026-04-16T07:36:32","atum_locations":[],"atum_stock_status":"instock","restock_status":false,"low_stock_amount":"","sales_update_date":"2026-04-16T07:36:32","calc_backorders":null,"yoast_head":"<!-- This site is optimized with the Yoast SEO plugin v27.3 - https:\/\/yoast.com\/product\/yoast-seo-wordpress\/ -->\n<title>Caddx Walnuss Action-Kamera - Iha Race<\/title>\n<meta name=\"robots\" content=\"index, follow, max-snippet:-1, max-image-preview:large, max-video-preview:-1\" \/>\n<link rel=\"canonical\" href=\"https:\/\/iha-race.com\/de\/producto\/caddx-action-chamber-walnut\/\" \/>\n<meta property=\"og:locale\" content=\"de_DE\" \/>\n<meta property=\"og:type\" content=\"article\" \/>\n<meta property=\"og:title\" content=\"Caddx Walnuss Action-Kamera - Iha Race\" \/>\n<meta property=\"og:description\" content=\"Caddx Walnuss Action-Kamera &nbsp; Produktmerkmale: 4K\/60 fps, 62,8 g, 30 Minuten, Gyroflow, magnetische Aufladung, ND-Filter, Fernbedienung, 38*38*36 mm, IP64 Hohe Bildqualit\u00e4t Kompatibel mit 4K\/60fps, 2.7K\/60fps@30fps Aufl\u00f6sung, Bitrate bis zu 100mbps,\" \/>\n<meta property=\"og:url\" content=\"https:\/\/iha-race.com\/de\/producto\/caddx-action-chamber-walnut\/\" \/>\n<meta property=\"og:site_name\" content=\"Iha Race\" \/>\n<meta property=\"article:modified_time\" content=\"2024-08-29T09:34:18+00:00\" \/>\n<meta property=\"og:image\" content=\"https:\/\/iha-race.com\/wp-content\/uploads\/2023\/01\/Caddx-Walnut-Action-Camera1.webp\" \/>\n\t<meta property=\"og:image:width\" content=\"2000\" \/>\n\t<meta property=\"og:image:height\" content=\"2000\" \/>\n\t<meta property=\"og:image:type\" content=\"image\/webp\" \/>\n<meta name=\"twitter:card\" content=\"summary_large_image\" \/>\n<meta name=\"twitter:label1\" content=\"Gesch\u00e4tzte Lesezeit\" \/>\n\t<meta name=\"twitter:data1\" content=\"2\u00a0Minuten\" \/>\n<script type=\"application\/ld+json\" class=\"yoast-schema-graph\">{\"@context\":\"https:\\\/\\\/schema.org\",\"@graph\":[{\"@type\":\"WebPage\",\"@id\":\"https:\\\/\\\/iha-race.com\\\/de\\\/producto\\\/caddx-action-chamber-walnut\\\/\",\"url\":\"https:\\\/\\\/iha-race.com\\\/de\\\/producto\\\/caddx-action-chamber-walnut\\\/\",\"name\":\"Caddx Walnuss Action-Kamera - Iha Race\",\"isPartOf\":{\"@id\":\"https:\\\/\\\/iha-race.com\\\/de\\\/#website\"},\"primaryImageOfPage\":{\"@id\":\"https:\\\/\\\/iha-race.com\\\/de\\\/producto\\\/caddx-action-chamber-walnut\\\/#primaryimage\"},\"image\":{\"@id\":\"https:\\\/\\\/iha-race.com\\\/de\\\/producto\\\/caddx-action-chamber-walnut\\\/#primaryimage\"},\"thumbnailUrl\":\"https:\\\/\\\/iha-race.com\\\/wp-content\\\/uploads\\\/2023\\\/01\\\/Caddx-Walnut-Action-Camera1.webp\",\"datePublished\":\"2023-01-20T15:41:35+00:00\",\"dateModified\":\"2024-08-29T09:34:18+00:00\",\"breadcrumb\":{\"@id\":\"https:\\\/\\\/iha-race.com\\\/de\\\/producto\\\/caddx-action-chamber-walnut\\\/#breadcrumb\"},\"inLanguage\":\"de\",\"potentialAction\":[{\"@type\":\"ReadAction\",\"target\":[\"https:\\\/\\\/iha-race.com\\\/de\\\/producto\\\/caddx-action-chamber-walnut\\\/\"]}]},{\"@type\":\"ImageObject\",\"inLanguage\":\"de\",\"@id\":\"https:\\\/\\\/iha-race.com\\\/de\\\/producto\\\/caddx-action-chamber-walnut\\\/#primaryimage\",\"url\":\"https:\\\/\\\/iha-race.com\\\/wp-content\\\/uploads\\\/2023\\\/01\\\/Caddx-Walnut-Action-Camera1.webp\",\"contentUrl\":\"https:\\\/\\\/iha-race.com\\\/wp-content\\\/uploads\\\/2023\\\/01\\\/Caddx-Walnut-Action-Camera1.webp\",\"width\":2000,\"height\":2000,\"caption\":\"Comprar Caddx C\u00e1mara de Acci\u00f3n Walnut\"},{\"@type\":\"BreadcrumbList\",\"@id\":\"https:\\\/\\\/iha-race.com\\\/de\\\/producto\\\/caddx-action-chamber-walnut\\\/#breadcrumb\",\"itemListElement\":[{\"@type\":\"ListItem\",\"position\":1,\"name\":\"Portada\",\"item\":\"https:\\\/\\\/iha-race.com\\\/de\\\/elementor-499\\\/\"},{\"@type\":\"ListItem\",\"position\":2,\"name\":\"Shop\",\"item\":\"https:\\\/\\\/iha-race.com\\\/de\\\/shop\\\/\"},{\"@type\":\"ListItem\",\"position\":3,\"name\":\"Caddx Walnuss Action-Kamera\"}]},{\"@type\":\"WebSite\",\"@id\":\"https:\\\/\\\/iha-race.com\\\/de\\\/#website\",\"url\":\"https:\\\/\\\/iha-race.com\\\/de\\\/\",\"name\":\"Iha Race\",\"description\":\"Comprar drones de carreras FPV env\u00edos en un d\u00eda desde Espa\u00f1a\",\"publisher\":{\"@id\":\"https:\\\/\\\/iha-race.com\\\/de\\\/#organization\"},\"potentialAction\":[{\"@type\":\"SearchAction\",\"target\":{\"@type\":\"EntryPoint\",\"urlTemplate\":\"https:\\\/\\\/iha-race.com\\\/de\\\/?s={search_term_string}\"},\"query-input\":{\"@type\":\"PropertyValueSpecification\",\"valueRequired\":true,\"valueName\":\"search_term_string\"}}],\"inLanguage\":\"de\"},{\"@type\":\"Organization\",\"@id\":\"https:\\\/\\\/iha-race.com\\\/de\\\/#organization\",\"name\":\"Iha Race\",\"url\":\"https:\\\/\\\/iha-race.com\\\/de\\\/\",\"logo\":{\"@type\":\"ImageObject\",\"inLanguage\":\"de\",\"@id\":\"https:\\\/\\\/iha-race.com\\\/de\\\/#\\\/schema\\\/logo\\\/image\\\/\",\"url\":\"https:\\\/\\\/iha-race.com\\\/wp-content\\\/uploads\\\/2018\\\/07\\\/iha-race-drones-de-carreras-tienda-comprar-drones.png\",\"contentUrl\":\"https:\\\/\\\/iha-race.com\\\/wp-content\\\/uploads\\\/2018\\\/07\\\/iha-race-drones-de-carreras-tienda-comprar-drones.png\",\"width\":300,\"height\":100,\"caption\":\"Iha Race\"},\"image\":{\"@id\":\"https:\\\/\\\/iha-race.com\\\/de\\\/#\\\/schema\\\/logo\\\/image\\\/\"}}]}<\/script>\n<!-- \/ Yoast SEO plugin. -->","yoast_head_json":{"title":"Caddx Walnuss Action-Kamera - Iha Race","robots":{"index":"index","follow":"follow","max-snippet":"max-snippet:-1","max-image-preview":"max-image-preview:large","max-video-preview":"max-video-preview:-1"},"canonical":"https:\/\/iha-race.com\/de\/producto\/caddx-action-chamber-walnut\/","og_locale":"de_DE","og_type":"article","og_title":"Caddx Walnuss Action-Kamera - Iha Race","og_description":"Caddx Walnuss Action-Kamera &nbsp; Produktmerkmale: 4K\/60 fps, 62,8 g, 30 Minuten, Gyroflow, magnetische Aufladung, ND-Filter, Fernbedienung, 38*38*36 mm, IP64 Hohe Bildqualit\u00e4t Kompatibel mit 4K\/60fps, 2.7K\/60fps@30fps Aufl\u00f6sung, Bitrate bis zu 100mbps,","og_url":"https:\/\/iha-race.com\/de\/producto\/caddx-action-chamber-walnut\/","og_site_name":"Iha Race","article_modified_time":"2024-08-29T09:34:18+00:00","og_image":[{"width":2000,"height":2000,"url":"https:\/\/iha-race.com\/wp-content\/uploads\/2023\/01\/Caddx-Walnut-Action-Camera1.webp","type":"image\/webp"}],"twitter_card":"summary_large_image","twitter_misc":{"Gesch\u00e4tzte Lesezeit":"2\u00a0Minuten"},"schema":{"@context":"https:\/\/schema.org","@graph":[{"@type":"WebPage","@id":"https:\/\/iha-race.com\/de\/producto\/caddx-action-chamber-walnut\/","url":"https:\/\/iha-race.com\/de\/producto\/caddx-action-chamber-walnut\/","name":"Caddx Walnuss Action-Kamera - Iha Race","isPartOf":{"@id":"https:\/\/iha-race.com\/de\/#website"},"primaryImageOfPage":{"@id":"https:\/\/iha-race.com\/de\/producto\/caddx-action-chamber-walnut\/#primaryimage"},"image":{"@id":"https:\/\/iha-race.com\/de\/producto\/caddx-action-chamber-walnut\/#primaryimage"},"thumbnailUrl":"https:\/\/iha-race.com\/wp-content\/uploads\/2023\/01\/Caddx-Walnut-Action-Camera1.webp","datePublished":"2023-01-20T15:41:35+00:00","dateModified":"2024-08-29T09:34:18+00:00","breadcrumb":{"@id":"https:\/\/iha-race.com\/de\/producto\/caddx-action-chamber-walnut\/#breadcrumb"},"inLanguage":"de","potentialAction":[{"@type":"ReadAction","target":["https:\/\/iha-race.com\/de\/producto\/caddx-action-chamber-walnut\/"]}]},{"@type":"ImageObject","inLanguage":"de","@id":"https:\/\/iha-race.com\/de\/producto\/caddx-action-chamber-walnut\/#primaryimage","url":"https:\/\/iha-race.com\/wp-content\/uploads\/2023\/01\/Caddx-Walnut-Action-Camera1.webp","contentUrl":"https:\/\/iha-race.com\/wp-content\/uploads\/2023\/01\/Caddx-Walnut-Action-Camera1.webp","width":2000,"height":2000,"caption":"Comprar Caddx C\u00e1mara de Acci\u00f3n Walnut"},{"@type":"BreadcrumbList","@id":"https:\/\/iha-race.com\/de\/producto\/caddx-action-chamber-walnut\/#breadcrumb","itemListElement":[{"@type":"ListItem","position":1,"name":"Portada","item":"https:\/\/iha-race.com\/de\/elementor-499\/"},{"@type":"ListItem","position":2,"name":"Shop","item":"https:\/\/iha-race.com\/de\/shop\/"},{"@type":"ListItem","position":3,"name":"Caddx Walnuss Action-Kamera"}]},{"@type":"WebSite","@id":"https:\/\/iha-race.com\/de\/#website","url":"https:\/\/iha-race.com\/de\/","name":"Iha Race","description":"Comprar drones de carreras FPV env\u00edos en un d\u00eda desde Espa\u00f1a","publisher":{"@id":"https:\/\/iha-race.com\/de\/#organization"},"potentialAction":[{"@type":"SearchAction","target":{"@type":"EntryPoint","urlTemplate":"https:\/\/iha-race.com\/de\/?s={search_term_string}"},"query-input":{"@type":"PropertyValueSpecification","valueRequired":true,"valueName":"search_term_string"}}],"inLanguage":"de"},{"@type":"Organization","@id":"https:\/\/iha-race.com\/de\/#organization","name":"Iha Race","url":"https:\/\/iha-race.com\/de\/","logo":{"@type":"ImageObject","inLanguage":"de","@id":"https:\/\/iha-race.com\/de\/#\/schema\/logo\/image\/","url":"https:\/\/iha-race.com\/wp-content\/uploads\/2018\/07\/iha-race-drones-de-carreras-tienda-comprar-drones.png","contentUrl":"https:\/\/iha-race.com\/wp-content\/uploads\/2018\/07\/iha-race-drones-de-carreras-tienda-comprar-drones.png","width":300,"height":100,"caption":"Iha Race"},"image":{"@id":"https:\/\/iha-race.com\/de\/#\/schema\/logo\/image\/"}}]}},"brands":[],"_links":{"self":[{"href":"https:\/\/iha-race.com\/de\/wp-json\/wp\/v2\/product\/215810","targetHints":{"allow":["GET"]}}],"collection":[{"href":"https:\/\/iha-race.com\/de\/wp-json\/wp\/v2\/product"}],"about":[{"href":"https:\/\/iha-race.com\/de\/wp-json\/wp\/v2\/types\/product"}],"replies":[{"embeddable":true,"href":"https:\/\/iha-race.com\/de\/wp-json\/wp\/v2\/comments?post=215810"}],"version-history":[{"count":2,"href":"https:\/\/iha-race.com\/de\/wp-json\/wp\/v2\/product\/215810\/revisions"}],"predecessor-version":[{"id":248859,"href":"https:\/\/iha-race.com\/de\/wp-json\/wp\/v2\/product\/215810\/revisions\/248859"}],"wp:featuredmedia":[{"embeddable":true,"href":"https:\/\/iha-race.com\/de\/wp-json\/wp\/v2\/media\/215790"}],"wp:attachment":[{"href":"https:\/\/iha-race.com\/de\/wp-json\/wp\/v2\/media?parent=215810"}],"wp:term":[{"taxonomy":"pwb-brand","embeddable":true,"href":"https:\/\/iha-race.com\/de\/wp-json\/wp\/v2\/pwb-brand?post=215810"},{"taxonomy":"product_cat","embeddable":true,"href":"https:\/\/iha-race.com\/de\/wp-json\/wp\/v2\/product_cat?post=215810"},{"taxonomy":"product_tag","embeddable":true,"href":"https:\/\/iha-race.com\/de\/wp-json\/wp\/v2\/product_tag?post=215810"}],"curies":[{"name":"wp","href":"https:\/\/api.w.org\/{rel}","templated":true}]}}