{"id":214671,"date":"2023-01-02T13:37:07","date_gmt":"2023-01-02T12:37:07","guid":{"rendered":"https:\/\/iha-race.com\/producto\/saatgutstreuer-dji-agras-t30\/"},"modified":"2024-08-29T11:32:37","modified_gmt":"2024-08-29T09:32:37","slug":"samenstreuer-dji-agras-t30","status":"publish","type":"product","link":"https:\/\/iha-race.com\/de\/producto\/samenstreuer-dji-agras-t30\/","title":{"rendered":"Saatgutstreuer &#8211; DJI Agras T30"},"content":{"rendered":"<h1>Saatgutstreuer &#8211; DJI Agras T30<\/h1>\n<h3><strong>Schnelles Umschalten, effizientes Streuen<\/strong><\/h3>\n<p>  Mit der T30 Pflanzenschutzdrohne l\u00e4sst sich die Streufunktion in drei Minuten umschalten. Das Fassungsverm\u00f6gen des Streukastens betr\u00e4gt 10 kg, die optimale Aussaatbreite liegt bei 7 m, und es k\u00f6nnen 84 Samen pro Stunde ges\u00e4t werden. Echtzeit-Gewichtskontrolle, ausgestattet mit einem Anti-Rotations-Sensor, das Fehlen von Material Alarm ist genauer. Die Schutzart der gesamten Maschine ist IP67, sie ist abwaschbar und korrosionsbest\u00e4ndig und eignet sich f\u00fcr die Aussaat von D\u00fcnger, Saatgut und Futtermitteln auf mehreren Fl\u00e4chen. Arbeiten Sie mit digitalen Anbaul\u00f6sungen zusammen, um eine variable Streuung zu realisieren und dabei zu helfen, Gewicht zu verlieren und den Umsatz zu steigern.  <\/p>\n<h3>Das Paket umfasst<\/h3>\n<ul>\n<li>1 x Saatgutstreuer &#8211; DJI Agras T30<\/li>\n<\/ul>\n","protected":false},"excerpt":{"rendered":"<p>Saatgutstreuer &#8211; DJI Agras T30 Schnelles Umschalten, effizientes Streuen Mit der T30 Pflanzenschutzdrohne l\u00e4sst sich die Streufunktion in drei Minuten umschalten. Das Fassungsverm\u00f6gen des Streukastens betr\u00e4gt 10 kg, die optimale<\/p>\n","protected":false},"featured_media":214667,"comment_status":"open","ping_status":"closed","template":"","meta":{"_joinchat":[]},"pwb-brand":[3567],"product_cat":[3328,3335],"product_tag":[],"class_list":{"0":"post-214671","1":"product","2":"type-product","3":"status-publish","4":"has-post-thumbnail","6":"pwb-brand-dji","7":"product_cat-dji-de","8":"product_cat-dji-landwirtschaft","10":"first","11":"instock","12":"taxable","13":"shipping-taxable","14":"purchasable","15":"product-type-simple"},"barcode":null,"atum_controlled":true,"out_stock_date":null,"out_stock_threshold":null,"inheritable":false,"stock_on_hold":0,"sold_today":0,"sales_last_days":0,"out_stock_days":0,"lost_sales":0,"update_date":"2025-07-16T15:51:37","atum_locations":[],"atum_stock_status":"instock","restock_status":false,"low_stock_amount":"","sales_update_date":"2025-07-16T15:51:37","calc_backorders":null,"yoast_head":"<!-- This site is optimized with the Yoast SEO plugin v27.3 - https:\/\/yoast.com\/product\/yoast-seo-wordpress\/ -->\n<title>Saatgutstreuer - DJI Agras T30 - Iha Race<\/title>\n<meta name=\"robots\" content=\"index, follow, max-snippet:-1, max-image-preview:large, max-video-preview:-1\" \/>\n<link rel=\"canonical\" href=\"https:\/\/iha-race.com\/de\/producto\/samenstreuer-dji-agras-t30\/\" \/>\n<meta property=\"og:locale\" content=\"de_DE\" \/>\n<meta property=\"og:type\" content=\"article\" \/>\n<meta property=\"og:title\" content=\"Saatgutstreuer - DJI Agras T30 - Iha Race\" \/>\n<meta property=\"og:description\" content=\"Saatgutstreuer &#8211; DJI Agras T30 Schnelles Umschalten, effizientes Streuen Mit der T30 Pflanzenschutzdrohne l\u00e4sst sich die Streufunktion in drei Minuten umschalten. Das Fassungsverm\u00f6gen des Streukastens betr\u00e4gt 10 kg, die optimale\" \/>\n<meta property=\"og:url\" content=\"https:\/\/iha-race.com\/de\/producto\/samenstreuer-dji-agras-t30\/\" \/>\n<meta property=\"og:site_name\" content=\"Iha Race\" \/>\n<meta property=\"article:modified_time\" content=\"2024-08-29T09:32:37+00:00\" \/>\n<meta property=\"og:image\" content=\"https:\/\/iha-race.com\/wp-content\/uploads\/2023\/01\/dji-t30-spreading-system-30.jpeg\" \/>\n\t<meta property=\"og:image:width\" content=\"1100\" \/>\n\t<meta property=\"og:image:height\" content=\"1422\" \/>\n\t<meta property=\"og:image:type\" content=\"image\/jpeg\" \/>\n<meta name=\"twitter:card\" content=\"summary_large_image\" \/>\n<meta name=\"twitter:label1\" content=\"Gesch\u00e4tzte Lesezeit\" \/>\n\t<meta name=\"twitter:data1\" content=\"1\u00a0Minute\" \/>\n<script type=\"application\/ld+json\" class=\"yoast-schema-graph\">{\"@context\":\"https:\\\/\\\/schema.org\",\"@graph\":[{\"@type\":\"WebPage\",\"@id\":\"https:\\\/\\\/iha-race.com\\\/de\\\/producto\\\/samenstreuer-dji-agras-t30\\\/\",\"url\":\"https:\\\/\\\/iha-race.com\\\/de\\\/producto\\\/samenstreuer-dji-agras-t30\\\/\",\"name\":\"Saatgutstreuer - DJI Agras T30 - Iha Race\",\"isPartOf\":{\"@id\":\"https:\\\/\\\/iha-race.com\\\/de\\\/#website\"},\"primaryImageOfPage\":{\"@id\":\"https:\\\/\\\/iha-race.com\\\/de\\\/producto\\\/samenstreuer-dji-agras-t30\\\/#primaryimage\"},\"image\":{\"@id\":\"https:\\\/\\\/iha-race.com\\\/de\\\/producto\\\/samenstreuer-dji-agras-t30\\\/#primaryimage\"},\"thumbnailUrl\":\"https:\\\/\\\/iha-race.com\\\/wp-content\\\/uploads\\\/2023\\\/01\\\/dji-t30-spreading-system-30.jpeg\",\"datePublished\":\"2023-01-02T12:37:07+00:00\",\"dateModified\":\"2024-08-29T09:32:37+00:00\",\"breadcrumb\":{\"@id\":\"https:\\\/\\\/iha-race.com\\\/de\\\/producto\\\/samenstreuer-dji-agras-t30\\\/#breadcrumb\"},\"inLanguage\":\"de\",\"potentialAction\":[{\"@type\":\"ReadAction\",\"target\":[\"https:\\\/\\\/iha-race.com\\\/de\\\/producto\\\/samenstreuer-dji-agras-t30\\\/\"]}]},{\"@type\":\"ImageObject\",\"inLanguage\":\"de\",\"@id\":\"https:\\\/\\\/iha-race.com\\\/de\\\/producto\\\/samenstreuer-dji-agras-t30\\\/#primaryimage\",\"url\":\"https:\\\/\\\/iha-race.com\\\/wp-content\\\/uploads\\\/2023\\\/01\\\/dji-t30-spreading-system-30.jpeg\",\"contentUrl\":\"https:\\\/\\\/iha-race.com\\\/wp-content\\\/uploads\\\/2023\\\/01\\\/dji-t30-spreading-system-30.jpeg\",\"width\":1100,\"height\":1422,\"caption\":\"Comprar Esparcidor de semillas - DJI Agras T30\"},{\"@type\":\"BreadcrumbList\",\"@id\":\"https:\\\/\\\/iha-race.com\\\/de\\\/producto\\\/samenstreuer-dji-agras-t30\\\/#breadcrumb\",\"itemListElement\":[{\"@type\":\"ListItem\",\"position\":1,\"name\":\"Portada\",\"item\":\"https:\\\/\\\/iha-race.com\\\/de\\\/elementor-499\\\/\"},{\"@type\":\"ListItem\",\"position\":2,\"name\":\"Shop\",\"item\":\"https:\\\/\\\/iha-race.com\\\/de\\\/shop\\\/\"},{\"@type\":\"ListItem\",\"position\":3,\"name\":\"Saatgutstreuer &#8211; DJI Agras T30\"}]},{\"@type\":\"WebSite\",\"@id\":\"https:\\\/\\\/iha-race.com\\\/de\\\/#website\",\"url\":\"https:\\\/\\\/iha-race.com\\\/de\\\/\",\"name\":\"Iha Race\",\"description\":\"Comprar drones de carreras FPV env\u00edos en un d\u00eda desde Espa\u00f1a\",\"publisher\":{\"@id\":\"https:\\\/\\\/iha-race.com\\\/de\\\/#organization\"},\"potentialAction\":[{\"@type\":\"SearchAction\",\"target\":{\"@type\":\"EntryPoint\",\"urlTemplate\":\"https:\\\/\\\/iha-race.com\\\/de\\\/?s={search_term_string}\"},\"query-input\":{\"@type\":\"PropertyValueSpecification\",\"valueRequired\":true,\"valueName\":\"search_term_string\"}}],\"inLanguage\":\"de\"},{\"@type\":\"Organization\",\"@id\":\"https:\\\/\\\/iha-race.com\\\/de\\\/#organization\",\"name\":\"Iha Race\",\"url\":\"https:\\\/\\\/iha-race.com\\\/de\\\/\",\"logo\":{\"@type\":\"ImageObject\",\"inLanguage\":\"de\",\"@id\":\"https:\\\/\\\/iha-race.com\\\/de\\\/#\\\/schema\\\/logo\\\/image\\\/\",\"url\":\"https:\\\/\\\/iha-race.com\\\/wp-content\\\/uploads\\\/2018\\\/07\\\/iha-race-drones-de-carreras-tienda-comprar-drones.png\",\"contentUrl\":\"https:\\\/\\\/iha-race.com\\\/wp-content\\\/uploads\\\/2018\\\/07\\\/iha-race-drones-de-carreras-tienda-comprar-drones.png\",\"width\":300,\"height\":100,\"caption\":\"Iha Race\"},\"image\":{\"@id\":\"https:\\\/\\\/iha-race.com\\\/de\\\/#\\\/schema\\\/logo\\\/image\\\/\"}}]}<\/script>\n<!-- \/ Yoast SEO plugin. -->","yoast_head_json":{"title":"Saatgutstreuer - DJI Agras T30 - Iha Race","robots":{"index":"index","follow":"follow","max-snippet":"max-snippet:-1","max-image-preview":"max-image-preview:large","max-video-preview":"max-video-preview:-1"},"canonical":"https:\/\/iha-race.com\/de\/producto\/samenstreuer-dji-agras-t30\/","og_locale":"de_DE","og_type":"article","og_title":"Saatgutstreuer - DJI Agras T30 - Iha Race","og_description":"Saatgutstreuer &#8211; DJI Agras T30 Schnelles Umschalten, effizientes Streuen Mit der T30 Pflanzenschutzdrohne l\u00e4sst sich die Streufunktion in drei Minuten umschalten. Das Fassungsverm\u00f6gen des Streukastens betr\u00e4gt 10 kg, die optimale","og_url":"https:\/\/iha-race.com\/de\/producto\/samenstreuer-dji-agras-t30\/","og_site_name":"Iha Race","article_modified_time":"2024-08-29T09:32:37+00:00","og_image":[{"width":1100,"height":1422,"url":"https:\/\/iha-race.com\/wp-content\/uploads\/2023\/01\/dji-t30-spreading-system-30.jpeg","type":"image\/jpeg"}],"twitter_card":"summary_large_image","twitter_misc":{"Gesch\u00e4tzte Lesezeit":"1\u00a0Minute"},"schema":{"@context":"https:\/\/schema.org","@graph":[{"@type":"WebPage","@id":"https:\/\/iha-race.com\/de\/producto\/samenstreuer-dji-agras-t30\/","url":"https:\/\/iha-race.com\/de\/producto\/samenstreuer-dji-agras-t30\/","name":"Saatgutstreuer - DJI Agras T30 - Iha Race","isPartOf":{"@id":"https:\/\/iha-race.com\/de\/#website"},"primaryImageOfPage":{"@id":"https:\/\/iha-race.com\/de\/producto\/samenstreuer-dji-agras-t30\/#primaryimage"},"image":{"@id":"https:\/\/iha-race.com\/de\/producto\/samenstreuer-dji-agras-t30\/#primaryimage"},"thumbnailUrl":"https:\/\/iha-race.com\/wp-content\/uploads\/2023\/01\/dji-t30-spreading-system-30.jpeg","datePublished":"2023-01-02T12:37:07+00:00","dateModified":"2024-08-29T09:32:37+00:00","breadcrumb":{"@id":"https:\/\/iha-race.com\/de\/producto\/samenstreuer-dji-agras-t30\/#breadcrumb"},"inLanguage":"de","potentialAction":[{"@type":"ReadAction","target":["https:\/\/iha-race.com\/de\/producto\/samenstreuer-dji-agras-t30\/"]}]},{"@type":"ImageObject","inLanguage":"de","@id":"https:\/\/iha-race.com\/de\/producto\/samenstreuer-dji-agras-t30\/#primaryimage","url":"https:\/\/iha-race.com\/wp-content\/uploads\/2023\/01\/dji-t30-spreading-system-30.jpeg","contentUrl":"https:\/\/iha-race.com\/wp-content\/uploads\/2023\/01\/dji-t30-spreading-system-30.jpeg","width":1100,"height":1422,"caption":"Comprar Esparcidor de semillas - DJI Agras T30"},{"@type":"BreadcrumbList","@id":"https:\/\/iha-race.com\/de\/producto\/samenstreuer-dji-agras-t30\/#breadcrumb","itemListElement":[{"@type":"ListItem","position":1,"name":"Portada","item":"https:\/\/iha-race.com\/de\/elementor-499\/"},{"@type":"ListItem","position":2,"name":"Shop","item":"https:\/\/iha-race.com\/de\/shop\/"},{"@type":"ListItem","position":3,"name":"Saatgutstreuer &#8211; DJI Agras T30"}]},{"@type":"WebSite","@id":"https:\/\/iha-race.com\/de\/#website","url":"https:\/\/iha-race.com\/de\/","name":"Iha Race","description":"Comprar drones de carreras FPV env\u00edos en un d\u00eda desde Espa\u00f1a","publisher":{"@id":"https:\/\/iha-race.com\/de\/#organization"},"potentialAction":[{"@type":"SearchAction","target":{"@type":"EntryPoint","urlTemplate":"https:\/\/iha-race.com\/de\/?s={search_term_string}"},"query-input":{"@type":"PropertyValueSpecification","valueRequired":true,"valueName":"search_term_string"}}],"inLanguage":"de"},{"@type":"Organization","@id":"https:\/\/iha-race.com\/de\/#organization","name":"Iha Race","url":"https:\/\/iha-race.com\/de\/","logo":{"@type":"ImageObject","inLanguage":"de","@id":"https:\/\/iha-race.com\/de\/#\/schema\/logo\/image\/","url":"https:\/\/iha-race.com\/wp-content\/uploads\/2018\/07\/iha-race-drones-de-carreras-tienda-comprar-drones.png","contentUrl":"https:\/\/iha-race.com\/wp-content\/uploads\/2018\/07\/iha-race-drones-de-carreras-tienda-comprar-drones.png","width":300,"height":100,"caption":"Iha Race"},"image":{"@id":"https:\/\/iha-race.com\/de\/#\/schema\/logo\/image\/"}}]}},"brands":[{"id":3567,"name":"DJI","slug":"dji"}],"_links":{"self":[{"href":"https:\/\/iha-race.com\/de\/wp-json\/wp\/v2\/product\/214671","targetHints":{"allow":["GET"]}}],"collection":[{"href":"https:\/\/iha-race.com\/de\/wp-json\/wp\/v2\/product"}],"about":[{"href":"https:\/\/iha-race.com\/de\/wp-json\/wp\/v2\/types\/product"}],"replies":[{"embeddable":true,"href":"https:\/\/iha-race.com\/de\/wp-json\/wp\/v2\/comments?post=214671"}],"version-history":[{"count":2,"href":"https:\/\/iha-race.com\/de\/wp-json\/wp\/v2\/product\/214671\/revisions"}],"predecessor-version":[{"id":248815,"href":"https:\/\/iha-race.com\/de\/wp-json\/wp\/v2\/product\/214671\/revisions\/248815"}],"wp:featuredmedia":[{"embeddable":true,"href":"https:\/\/iha-race.com\/de\/wp-json\/wp\/v2\/media\/214667"}],"wp:attachment":[{"href":"https:\/\/iha-race.com\/de\/wp-json\/wp\/v2\/media?parent=214671"}],"wp:term":[{"taxonomy":"pwb-brand","embeddable":true,"href":"https:\/\/iha-race.com\/de\/wp-json\/wp\/v2\/pwb-brand?post=214671"},{"taxonomy":"product_cat","embeddable":true,"href":"https:\/\/iha-race.com\/de\/wp-json\/wp\/v2\/product_cat?post=214671"},{"taxonomy":"product_tag","embeddable":true,"href":"https:\/\/iha-race.com\/de\/wp-json\/wp\/v2\/product_tag?post=214671"}],"curies":[{"name":"wp","href":"https:\/\/api.w.org\/{rel}","templated":true}]}}