{"id":214467,"date":"2022-12-29T17:11:45","date_gmt":"2022-12-29T16:11:45","guid":{"rendered":"https:\/\/iha-race.com\/producto\/smart-controller-unternehmen\/"},"modified":"2024-08-29T11:31:47","modified_gmt":"2024-08-29T09:31:47","slug":"smart-controller-enterprise","status":"publish","type":"product","link":"https:\/\/iha-race.com\/de\/producto\/smart-controller-enterprise\/","title":{"rendered":"Smart Controller Unternehmen"},"content":{"rendered":"<h1><span data-sheets-value=\"{\"1\":2,\"2\":\"Smart Controller Enterprise\"}\" data-sheets-userformat=\"{\"2\":15261,\"3\":{\"1\":0},\"5\":{\"1\":[{\"1\":2,\"2\":0,\"5\":{\"1\":2,\"2\":12900251}},{\"1\":0,\"2\":0,\"3\":3},{\"1\":1,\"2\":0,\"4\":1}]},\"6\":{\"1\":[{\"1\":2,\"2\":0,\"5\":{\"1\":2,\"2\":12900251}},{\"1\":0,\"2\":0,\"3\":3},{\"1\":1,\"2\":0,\"4\":1}]},\"7\":{\"1\":[{\"1\":2,\"2\":0,\"5\":{\"1\":2,\"2\":12900251}},{\"1\":0,\"2\":0,\"3\":3},{\"1\":1,\"2\":0,\"4\":1}]},\"10\":2,\"11\":0,\"12\":0,\"14\":{\"1\":2,\"2\":0},\"15\":\"Calibri, sans-serif\",\"16\":11}\">Smart Controller Unternehmen<\/span><\/h1>\n<p><strong>DJI Matrice M300 &#8211; Smart Controller Unternehmen (PART02)<\/strong><\/p>\n<div id=\"description\" class=\"data item content\">\n<div class=\"product attribute description\">\n<div class=\"value\">\n<p><span>Die DJI Smart Remote Control Enterprise verf\u00fcgt \u00fcber ein ultrahelles 5,5-Zoll-Display mit 1080p.<\/span><span>Die Fernbedienung bietet leuchtende Farben und ein scharfes Bild, sogar bei direktem Sonnenlicht!<\/span><span>&#8211; Mit 1000 cd\/m2 doppelt so hell wie herk\u00f6mmliche Displays f\u00fcr Mobilger\u00e4te<\/span><span>&#8211; Kompatibel mit DJI Pilot und Anwendungen von Drittanbietern<\/span><span>&#8211; HDMI-Anschluss und microSD-Kartensteckplatz.<\/span><span>&#8211; Die Betriebstemperatur liegt zwischen -20 \u00b0C und +50 \u00b0C.<\/span><span>&#8211; Erweiterter Dual-Operator-Modus<\/span><span>&#8211; MicroSD-Kartensteckplatz<\/span><\/p>\n<\/div>\n<\/div>\n<\/div>\n<p><strong><img decoding=\"async\" src=\"https:\/\/djiarsmadrid.com\/img\/cms\/matrice%20300%20rtkNueva%20carpeta\/nuevoNueva%20carpeta\/Integrated%20UI_366x248_M.jpg\"><\/strong><\/p>\n","protected":false},"excerpt":{"rendered":"<p>Smart Controller Unternehmen DJI Matrice M300 &#8211; Smart Controller Unternehmen (PART02) Die DJI Smart Remote Control Enterprise verf\u00fcgt \u00fcber ein ultrahelles 5,5-Zoll-Display mit 1080p.Die Fernbedienung bietet leuchtende Farben und ein<\/p>\n","protected":false},"featured_media":214463,"comment_status":"open","ping_status":"closed","template":"","meta":{"_joinchat":[]},"pwb-brand":[3567],"product_cat":[3328,3330],"product_tag":[],"class_list":{"0":"post-214467","1":"product","2":"type-product","3":"status-publish","4":"has-post-thumbnail","6":"pwb-brand-dji","7":"product_cat-dji-de","8":"product_cat-dji-unternehmen","10":"first","11":"instock","12":"taxable","13":"shipping-taxable","14":"purchasable","15":"product-type-simple"},"barcode":null,"atum_controlled":true,"out_stock_date":null,"out_stock_threshold":null,"inheritable":false,"stock_on_hold":0,"sold_today":0,"sales_last_days":0,"out_stock_days":0,"lost_sales":0,"update_date":"2025-07-16T15:51:37","atum_locations":[],"atum_stock_status":"instock","restock_status":false,"low_stock_amount":"","sales_update_date":"2025-07-16T15:51:37","calc_backorders":null,"yoast_head":"<!-- This site is optimized with the Yoast SEO plugin v27.3 - https:\/\/yoast.com\/product\/yoast-seo-wordpress\/ -->\n<title>Smart Controller Unternehmen - Iha Race<\/title>\n<meta name=\"robots\" content=\"index, follow, max-snippet:-1, max-image-preview:large, max-video-preview:-1\" \/>\n<link rel=\"canonical\" href=\"https:\/\/iha-race.com\/de\/producto\/smart-controller-enterprise\/\" \/>\n<meta property=\"og:locale\" content=\"de_DE\" \/>\n<meta property=\"og:type\" content=\"article\" \/>\n<meta property=\"og:title\" content=\"Smart Controller Unternehmen - Iha Race\" \/>\n<meta property=\"og:description\" content=\"Smart Controller Unternehmen DJI Matrice M300 &#8211; Smart Controller Unternehmen (PART02) Die DJI Smart Remote Control Enterprise verf\u00fcgt \u00fcber ein ultrahelles 5,5-Zoll-Display mit 1080p.Die Fernbedienung bietet leuchtende Farben und ein\" \/>\n<meta property=\"og:url\" content=\"https:\/\/iha-race.com\/de\/producto\/smart-controller-enterprise\/\" \/>\n<meta property=\"og:site_name\" content=\"Iha Race\" \/>\n<meta property=\"article:modified_time\" content=\"2024-08-29T09:31:47+00:00\" \/>\n<meta property=\"og:image\" content=\"https:\/\/iha-race.com\/wp-content\/uploads\/2022\/12\/Smart-Controller-Enterprise.png\" \/>\n\t<meta property=\"og:image:width\" content=\"912\" \/>\n\t<meta property=\"og:image:height\" content=\"821\" \/>\n\t<meta property=\"og:image:type\" content=\"image\/png\" \/>\n<meta name=\"twitter:card\" content=\"summary_large_image\" \/>\n<script type=\"application\/ld+json\" class=\"yoast-schema-graph\">{\"@context\":\"https:\\\/\\\/schema.org\",\"@graph\":[{\"@type\":\"WebPage\",\"@id\":\"https:\\\/\\\/iha-race.com\\\/de\\\/producto\\\/smart-controller-enterprise\\\/\",\"url\":\"https:\\\/\\\/iha-race.com\\\/de\\\/producto\\\/smart-controller-enterprise\\\/\",\"name\":\"Smart Controller Unternehmen - Iha Race\",\"isPartOf\":{\"@id\":\"https:\\\/\\\/iha-race.com\\\/de\\\/#website\"},\"primaryImageOfPage\":{\"@id\":\"https:\\\/\\\/iha-race.com\\\/de\\\/producto\\\/smart-controller-enterprise\\\/#primaryimage\"},\"image\":{\"@id\":\"https:\\\/\\\/iha-race.com\\\/de\\\/producto\\\/smart-controller-enterprise\\\/#primaryimage\"},\"thumbnailUrl\":\"https:\\\/\\\/iha-race.com\\\/wp-content\\\/uploads\\\/2022\\\/12\\\/Smart-Controller-Enterprise.png\",\"datePublished\":\"2022-12-29T16:11:45+00:00\",\"dateModified\":\"2024-08-29T09:31:47+00:00\",\"breadcrumb\":{\"@id\":\"https:\\\/\\\/iha-race.com\\\/de\\\/producto\\\/smart-controller-enterprise\\\/#breadcrumb\"},\"inLanguage\":\"de\",\"potentialAction\":[{\"@type\":\"ReadAction\",\"target\":[\"https:\\\/\\\/iha-race.com\\\/de\\\/producto\\\/smart-controller-enterprise\\\/\"]}]},{\"@type\":\"ImageObject\",\"inLanguage\":\"de\",\"@id\":\"https:\\\/\\\/iha-race.com\\\/de\\\/producto\\\/smart-controller-enterprise\\\/#primaryimage\",\"url\":\"https:\\\/\\\/iha-race.com\\\/wp-content\\\/uploads\\\/2022\\\/12\\\/Smart-Controller-Enterprise.png\",\"contentUrl\":\"https:\\\/\\\/iha-race.com\\\/wp-content\\\/uploads\\\/2022\\\/12\\\/Smart-Controller-Enterprise.png\",\"width\":912,\"height\":821,\"caption\":\"Comrar Smart Controller Enterprise\"},{\"@type\":\"BreadcrumbList\",\"@id\":\"https:\\\/\\\/iha-race.com\\\/de\\\/producto\\\/smart-controller-enterprise\\\/#breadcrumb\",\"itemListElement\":[{\"@type\":\"ListItem\",\"position\":1,\"name\":\"Portada\",\"item\":\"https:\\\/\\\/iha-race.com\\\/de\\\/elementor-499\\\/\"},{\"@type\":\"ListItem\",\"position\":2,\"name\":\"Shop\",\"item\":\"https:\\\/\\\/iha-race.com\\\/de\\\/shop\\\/\"},{\"@type\":\"ListItem\",\"position\":3,\"name\":\"Smart Controller Unternehmen\"}]},{\"@type\":\"WebSite\",\"@id\":\"https:\\\/\\\/iha-race.com\\\/de\\\/#website\",\"url\":\"https:\\\/\\\/iha-race.com\\\/de\\\/\",\"name\":\"Iha Race\",\"description\":\"Comprar drones de carreras FPV env\u00edos en un d\u00eda desde Espa\u00f1a\",\"publisher\":{\"@id\":\"https:\\\/\\\/iha-race.com\\\/de\\\/#organization\"},\"potentialAction\":[{\"@type\":\"SearchAction\",\"target\":{\"@type\":\"EntryPoint\",\"urlTemplate\":\"https:\\\/\\\/iha-race.com\\\/de\\\/?s={search_term_string}\"},\"query-input\":{\"@type\":\"PropertyValueSpecification\",\"valueRequired\":true,\"valueName\":\"search_term_string\"}}],\"inLanguage\":\"de\"},{\"@type\":\"Organization\",\"@id\":\"https:\\\/\\\/iha-race.com\\\/de\\\/#organization\",\"name\":\"Iha Race\",\"url\":\"https:\\\/\\\/iha-race.com\\\/de\\\/\",\"logo\":{\"@type\":\"ImageObject\",\"inLanguage\":\"de\",\"@id\":\"https:\\\/\\\/iha-race.com\\\/de\\\/#\\\/schema\\\/logo\\\/image\\\/\",\"url\":\"https:\\\/\\\/iha-race.com\\\/wp-content\\\/uploads\\\/2018\\\/07\\\/iha-race-drones-de-carreras-tienda-comprar-drones.png\",\"contentUrl\":\"https:\\\/\\\/iha-race.com\\\/wp-content\\\/uploads\\\/2018\\\/07\\\/iha-race-drones-de-carreras-tienda-comprar-drones.png\",\"width\":300,\"height\":100,\"caption\":\"Iha Race\"},\"image\":{\"@id\":\"https:\\\/\\\/iha-race.com\\\/de\\\/#\\\/schema\\\/logo\\\/image\\\/\"}}]}<\/script>\n<!-- \/ Yoast SEO plugin. -->","yoast_head_json":{"title":"Smart Controller Unternehmen - Iha Race","robots":{"index":"index","follow":"follow","max-snippet":"max-snippet:-1","max-image-preview":"max-image-preview:large","max-video-preview":"max-video-preview:-1"},"canonical":"https:\/\/iha-race.com\/de\/producto\/smart-controller-enterprise\/","og_locale":"de_DE","og_type":"article","og_title":"Smart Controller Unternehmen - Iha Race","og_description":"Smart Controller Unternehmen DJI Matrice M300 &#8211; Smart Controller Unternehmen (PART02) Die DJI Smart Remote Control Enterprise verf\u00fcgt \u00fcber ein ultrahelles 5,5-Zoll-Display mit 1080p.Die Fernbedienung bietet leuchtende Farben und ein","og_url":"https:\/\/iha-race.com\/de\/producto\/smart-controller-enterprise\/","og_site_name":"Iha Race","article_modified_time":"2024-08-29T09:31:47+00:00","og_image":[{"width":912,"height":821,"url":"https:\/\/iha-race.com\/wp-content\/uploads\/2022\/12\/Smart-Controller-Enterprise.png","type":"image\/png"}],"twitter_card":"summary_large_image","schema":{"@context":"https:\/\/schema.org","@graph":[{"@type":"WebPage","@id":"https:\/\/iha-race.com\/de\/producto\/smart-controller-enterprise\/","url":"https:\/\/iha-race.com\/de\/producto\/smart-controller-enterprise\/","name":"Smart Controller Unternehmen - Iha Race","isPartOf":{"@id":"https:\/\/iha-race.com\/de\/#website"},"primaryImageOfPage":{"@id":"https:\/\/iha-race.com\/de\/producto\/smart-controller-enterprise\/#primaryimage"},"image":{"@id":"https:\/\/iha-race.com\/de\/producto\/smart-controller-enterprise\/#primaryimage"},"thumbnailUrl":"https:\/\/iha-race.com\/wp-content\/uploads\/2022\/12\/Smart-Controller-Enterprise.png","datePublished":"2022-12-29T16:11:45+00:00","dateModified":"2024-08-29T09:31:47+00:00","breadcrumb":{"@id":"https:\/\/iha-race.com\/de\/producto\/smart-controller-enterprise\/#breadcrumb"},"inLanguage":"de","potentialAction":[{"@type":"ReadAction","target":["https:\/\/iha-race.com\/de\/producto\/smart-controller-enterprise\/"]}]},{"@type":"ImageObject","inLanguage":"de","@id":"https:\/\/iha-race.com\/de\/producto\/smart-controller-enterprise\/#primaryimage","url":"https:\/\/iha-race.com\/wp-content\/uploads\/2022\/12\/Smart-Controller-Enterprise.png","contentUrl":"https:\/\/iha-race.com\/wp-content\/uploads\/2022\/12\/Smart-Controller-Enterprise.png","width":912,"height":821,"caption":"Comrar Smart Controller Enterprise"},{"@type":"BreadcrumbList","@id":"https:\/\/iha-race.com\/de\/producto\/smart-controller-enterprise\/#breadcrumb","itemListElement":[{"@type":"ListItem","position":1,"name":"Portada","item":"https:\/\/iha-race.com\/de\/elementor-499\/"},{"@type":"ListItem","position":2,"name":"Shop","item":"https:\/\/iha-race.com\/de\/shop\/"},{"@type":"ListItem","position":3,"name":"Smart Controller Unternehmen"}]},{"@type":"WebSite","@id":"https:\/\/iha-race.com\/de\/#website","url":"https:\/\/iha-race.com\/de\/","name":"Iha Race","description":"Comprar drones de carreras FPV env\u00edos en un d\u00eda desde Espa\u00f1a","publisher":{"@id":"https:\/\/iha-race.com\/de\/#organization"},"potentialAction":[{"@type":"SearchAction","target":{"@type":"EntryPoint","urlTemplate":"https:\/\/iha-race.com\/de\/?s={search_term_string}"},"query-input":{"@type":"PropertyValueSpecification","valueRequired":true,"valueName":"search_term_string"}}],"inLanguage":"de"},{"@type":"Organization","@id":"https:\/\/iha-race.com\/de\/#organization","name":"Iha Race","url":"https:\/\/iha-race.com\/de\/","logo":{"@type":"ImageObject","inLanguage":"de","@id":"https:\/\/iha-race.com\/de\/#\/schema\/logo\/image\/","url":"https:\/\/iha-race.com\/wp-content\/uploads\/2018\/07\/iha-race-drones-de-carreras-tienda-comprar-drones.png","contentUrl":"https:\/\/iha-race.com\/wp-content\/uploads\/2018\/07\/iha-race-drones-de-carreras-tienda-comprar-drones.png","width":300,"height":100,"caption":"Iha Race"},"image":{"@id":"https:\/\/iha-race.com\/de\/#\/schema\/logo\/image\/"}}]}},"brands":[{"id":3567,"name":"DJI","slug":"dji"}],"_links":{"self":[{"href":"https:\/\/iha-race.com\/de\/wp-json\/wp\/v2\/product\/214467","targetHints":{"allow":["GET"]}}],"collection":[{"href":"https:\/\/iha-race.com\/de\/wp-json\/wp\/v2\/product"}],"about":[{"href":"https:\/\/iha-race.com\/de\/wp-json\/wp\/v2\/types\/product"}],"replies":[{"embeddable":true,"href":"https:\/\/iha-race.com\/de\/wp-json\/wp\/v2\/comments?post=214467"}],"version-history":[{"count":2,"href":"https:\/\/iha-race.com\/de\/wp-json\/wp\/v2\/product\/214467\/revisions"}],"predecessor-version":[{"id":248793,"href":"https:\/\/iha-race.com\/de\/wp-json\/wp\/v2\/product\/214467\/revisions\/248793"}],"wp:featuredmedia":[{"embeddable":true,"href":"https:\/\/iha-race.com\/de\/wp-json\/wp\/v2\/media\/214463"}],"wp:attachment":[{"href":"https:\/\/iha-race.com\/de\/wp-json\/wp\/v2\/media?parent=214467"}],"wp:term":[{"taxonomy":"pwb-brand","embeddable":true,"href":"https:\/\/iha-race.com\/de\/wp-json\/wp\/v2\/pwb-brand?post=214467"},{"taxonomy":"product_cat","embeddable":true,"href":"https:\/\/iha-race.com\/de\/wp-json\/wp\/v2\/product_cat?post=214467"},{"taxonomy":"product_tag","embeddable":true,"href":"https:\/\/iha-race.com\/de\/wp-json\/wp\/v2\/product_tag?post=214467"}],"curies":[{"name":"wp","href":"https:\/\/api.w.org\/{rel}","templated":true}]}}