{"id":214383,"date":"2022-12-29T16:32:49","date_gmt":"2022-12-29T15:32:49","guid":{"rendered":"https:\/\/iha-race.com\/producto\/usb-c-stromadapter-fuer-mavic-3-enterprise\/"},"modified":"2024-08-29T11:30:58","modified_gmt":"2024-08-29T09:30:58","slug":"stromadapter-usb-c-adapter-fur-mavic-3-unternehmen","status":"publish","type":"product","link":"https:\/\/iha-race.com\/de\/producto\/stromadapter-usb-c-adapter-fur-mavic-3-unternehmen\/","title":{"rendered":"USB-C Stromadapter f\u00fcr Mavic 3 Enterprise"},"content":{"rendered":"<h1><span data-sheets-value=\"{\"1\":2,\"2\":\"Adaptador de corriente USB-C para Mavic 3 Enterprise\"}\" data-sheets-userformat=\"{\"2\":15261,\"3\":{\"1\":0},\"5\":{\"1\":[{\"1\":2,\"2\":0,\"5\":{\"1\":2,\"2\":12900251}},{\"1\":0,\"2\":0,\"3\":3},{\"1\":1,\"2\":0,\"4\":1}]},\"6\":{\"1\":[{\"1\":2,\"2\":0,\"5\":{\"1\":2,\"2\":12900251}},{\"1\":0,\"2\":0,\"3\":3},{\"1\":1,\"2\":0,\"4\":1}]},\"7\":{\"1\":[{\"1\":2,\"2\":0,\"5\":{\"1\":2,\"2\":12900251}},{\"1\":0,\"2\":0,\"3\":3},{\"1\":1,\"2\":0,\"4\":1}]},\"10\":2,\"11\":0,\"12\":0,\"14\":{\"1\":2,\"2\":0},\"15\":\"Calibri, sans-serif\",\"16\":11}\">USB-C Stromadapter f\u00fcr Mavic 3 Enterprise<\/span><\/h1>\n<h3>Allgemeine Beschreibung<\/h3>\n<p>  Der DJI USB-C USB-C Power Adapter (100W) dient zum Aufladen des DJI MAVIC 3 Enterprise Series Flugger\u00e4ts, der DJI RC Pro Enterprise Fernsteuerung oder mobiler Ger\u00e4te mit USB-C-Anschluss durch Anschluss an eine Steckdose.\u00e7 Hauptmerkmale Laden Sie das Mavic 3 Enterprise Series Flugger\u00e4t, die DJI RC Pro Enterprise oder mobile Ger\u00e4te mit USB-C-Anschluss \u00fcber eine Steckdose auf.  <\/p>\n<h3>Beratung<\/h3>\n<ol>\n<li>Versuchen Sie NICHT, die Metallpole des Batteriegeh\u00e4uses zu ber\u00fchren.<\/li>\n<li>Reinigen Sie die Metallpole des Batteriegeh\u00e4uses mit einem sauberen, trockenen Tuch, wenn sichtbarer Schmutz vorhanden ist.<\/li>\n<li>Das Ladeger\u00e4t ist je nach Region unterschiedlich. Sie k\u00f6nnen im DJI-Onlineshop Stecker f\u00fcr verschiedene Regionen kaufen.<\/li>\n<\/ol>\n<h3>Spezifikationen<\/h3>\n<ul>\n<li>Abmessungen: 73,5 \u00d7 70 \u00d7 32 mm (L \u00d7 B \u00d7 H)<\/li>\n<li>Gewicht: 268 \u00b1 5 g<\/li>\n<li>Eingangsspannung: 100-240 V AC, 50-60 Hz, 2,5 A<\/li>\n<li>Leistung: max. 100 W (gesamt)<\/li>\n<li>Wenn beide Anschl\u00fcsse verwendet werden, betr\u00e4gt die maximale Ausgangsleistung jeder Schnittstelle 82 W, und das Ladeger\u00e4t teilt die Ausgangsleistung der beiden Anschl\u00fcsse dynamisch entsprechend der Leistungsbelastung zu.<\/li>\n<li>Ausgangsleistung: 100 W<\/li>\n<li>Betriebstemperatur: 5 bis 40 \u00b0C (41 bis 104 \u00b0F)<\/li>\n<li>Ladezeit*: Wenn Sie nur das DJI Mavic 3 Enterprise-Flugzeug aufladen, dauert es 1 Stunde und 20 Minuten, bis es vollst\u00e4ndig aufgeladen ist. Wenn Sie nur den DJI RC Pro Enterprise aufladen, dauert es 1 Stunde und 30 Minuten, bis er vollst\u00e4ndig aufgeladen ist.<\/li>\n<\/ul>\n<p><em>* Der Ladevorgang dauert l\u00e4nger, wenn der Akku des Smart Flight und die Fernbedienung oder andere Ger\u00e4te gleichzeitig geladen werden.<\/em><\/p>\n<h3>Kompatibilit\u00e4t<\/h3>\n<p>  DJI Mavic 3 Enterprise Series Flugzeuge  &nbsp;<\/p>\n<h3>Das Paket umfasst<\/h3>\n<ul>\n<li>1 x DJI USB-C USB-C Stromadapter (100 W)<\/li>\n<\/ul>\n","protected":false},"excerpt":{"rendered":"<p>USB-C Stromadapter f\u00fcr Mavic 3 Enterprise Allgemeine Beschreibung Der DJI USB-C USB-C Power Adapter (100W) dient zum Aufladen des DJI MAVIC 3 Enterprise Series Flugger\u00e4ts, der DJI RC Pro Enterprise<\/p>\n","protected":false},"featured_media":214379,"comment_status":"open","ping_status":"closed","template":"","meta":{"_joinchat":[]},"pwb-brand":[3567],"product_cat":[3328,3330],"product_tag":[],"class_list":{"0":"post-214383","1":"product","2":"type-product","3":"status-publish","4":"has-post-thumbnail","6":"pwb-brand-dji","7":"product_cat-dji-de","8":"product_cat-dji-unternehmen","10":"first","11":"instock","12":"taxable","13":"shipping-taxable","14":"purchasable","15":"product-type-simple"},"barcode":null,"atum_controlled":true,"out_stock_date":null,"out_stock_threshold":null,"inheritable":false,"stock_on_hold":0,"sold_today":0,"sales_last_days":0,"out_stock_days":0,"lost_sales":0,"update_date":"2026-04-18T09:55:47","atum_locations":[],"atum_stock_status":"instock","restock_status":false,"low_stock_amount":"","sales_update_date":"2026-04-18T09:55:47","calc_backorders":null,"yoast_head":"<!-- This site is optimized with the Yoast SEO plugin v27.3 - https:\/\/yoast.com\/product\/yoast-seo-wordpress\/ -->\n<title>USB-C Stromadapter f\u00fcr Mavic 3 Enterprise - Iha Race<\/title>\n<meta name=\"robots\" content=\"index, follow, max-snippet:-1, max-image-preview:large, max-video-preview:-1\" \/>\n<link rel=\"canonical\" href=\"https:\/\/iha-race.com\/de\/producto\/stromadapter-usb-c-adapter-fur-mavic-3-unternehmen\/\" \/>\n<meta property=\"og:locale\" content=\"de_DE\" \/>\n<meta property=\"og:type\" content=\"article\" \/>\n<meta property=\"og:title\" content=\"USB-C Stromadapter f\u00fcr Mavic 3 Enterprise - Iha Race\" \/>\n<meta property=\"og:description\" content=\"USB-C Stromadapter f\u00fcr Mavic 3 Enterprise Allgemeine Beschreibung Der DJI USB-C USB-C Power Adapter (100W) dient zum Aufladen des DJI MAVIC 3 Enterprise Series Flugger\u00e4ts, der DJI RC Pro Enterprise\" \/>\n<meta property=\"og:url\" content=\"https:\/\/iha-race.com\/de\/producto\/stromadapter-usb-c-adapter-fur-mavic-3-unternehmen\/\" \/>\n<meta property=\"og:site_name\" content=\"Iha Race\" \/>\n<meta property=\"article:modified_time\" content=\"2024-08-29T09:30:58+00:00\" \/>\n<meta property=\"og:image\" content=\"https:\/\/iha-race.com\/wp-content\/uploads\/2022\/12\/DJI_USB-C_Power_Adapter_100W_hover.jpeg\" \/>\n\t<meta property=\"og:image:width\" content=\"1500\" \/>\n\t<meta property=\"og:image:height\" content=\"1000\" \/>\n\t<meta property=\"og:image:type\" content=\"image\/jpeg\" \/>\n<meta name=\"twitter:card\" content=\"summary_large_image\" \/>\n<meta name=\"twitter:label1\" content=\"Gesch\u00e4tzte Lesezeit\" \/>\n\t<meta name=\"twitter:data1\" content=\"1\u00a0Minute\" \/>\n<script type=\"application\/ld+json\" class=\"yoast-schema-graph\">{\"@context\":\"https:\\\/\\\/schema.org\",\"@graph\":[{\"@type\":\"WebPage\",\"@id\":\"https:\\\/\\\/iha-race.com\\\/de\\\/producto\\\/stromadapter-usb-c-adapter-fur-mavic-3-unternehmen\\\/\",\"url\":\"https:\\\/\\\/iha-race.com\\\/de\\\/producto\\\/stromadapter-usb-c-adapter-fur-mavic-3-unternehmen\\\/\",\"name\":\"USB-C Stromadapter f\u00fcr Mavic 3 Enterprise - Iha Race\",\"isPartOf\":{\"@id\":\"https:\\\/\\\/iha-race.com\\\/de\\\/#website\"},\"primaryImageOfPage\":{\"@id\":\"https:\\\/\\\/iha-race.com\\\/de\\\/producto\\\/stromadapter-usb-c-adapter-fur-mavic-3-unternehmen\\\/#primaryimage\"},\"image\":{\"@id\":\"https:\\\/\\\/iha-race.com\\\/de\\\/producto\\\/stromadapter-usb-c-adapter-fur-mavic-3-unternehmen\\\/#primaryimage\"},\"thumbnailUrl\":\"https:\\\/\\\/iha-race.com\\\/wp-content\\\/uploads\\\/2022\\\/12\\\/DJI_USB-C_Power_Adapter_100W_hover.jpeg\",\"datePublished\":\"2022-12-29T15:32:49+00:00\",\"dateModified\":\"2024-08-29T09:30:58+00:00\",\"breadcrumb\":{\"@id\":\"https:\\\/\\\/iha-race.com\\\/de\\\/producto\\\/stromadapter-usb-c-adapter-fur-mavic-3-unternehmen\\\/#breadcrumb\"},\"inLanguage\":\"de\",\"potentialAction\":[{\"@type\":\"ReadAction\",\"target\":[\"https:\\\/\\\/iha-race.com\\\/de\\\/producto\\\/stromadapter-usb-c-adapter-fur-mavic-3-unternehmen\\\/\"]}]},{\"@type\":\"ImageObject\",\"inLanguage\":\"de\",\"@id\":\"https:\\\/\\\/iha-race.com\\\/de\\\/producto\\\/stromadapter-usb-c-adapter-fur-mavic-3-unternehmen\\\/#primaryimage\",\"url\":\"https:\\\/\\\/iha-race.com\\\/wp-content\\\/uploads\\\/2022\\\/12\\\/DJI_USB-C_Power_Adapter_100W_hover.jpeg\",\"contentUrl\":\"https:\\\/\\\/iha-race.com\\\/wp-content\\\/uploads\\\/2022\\\/12\\\/DJI_USB-C_Power_Adapter_100W_hover.jpeg\",\"width\":1500,\"height\":1000,\"caption\":\"Comprar Adaptador de corriente USB-C para Mavic 3 Enterprise\"},{\"@type\":\"BreadcrumbList\",\"@id\":\"https:\\\/\\\/iha-race.com\\\/de\\\/producto\\\/stromadapter-usb-c-adapter-fur-mavic-3-unternehmen\\\/#breadcrumb\",\"itemListElement\":[{\"@type\":\"ListItem\",\"position\":1,\"name\":\"Portada\",\"item\":\"https:\\\/\\\/iha-race.com\\\/de\\\/elementor-499\\\/\"},{\"@type\":\"ListItem\",\"position\":2,\"name\":\"Shop\",\"item\":\"https:\\\/\\\/iha-race.com\\\/de\\\/shop\\\/\"},{\"@type\":\"ListItem\",\"position\":3,\"name\":\"USB-C Stromadapter f\u00fcr Mavic 3 Enterprise\"}]},{\"@type\":\"WebSite\",\"@id\":\"https:\\\/\\\/iha-race.com\\\/de\\\/#website\",\"url\":\"https:\\\/\\\/iha-race.com\\\/de\\\/\",\"name\":\"Iha Race\",\"description\":\"Comprar drones de carreras FPV env\u00edos en un d\u00eda desde Espa\u00f1a\",\"publisher\":{\"@id\":\"https:\\\/\\\/iha-race.com\\\/de\\\/#organization\"},\"potentialAction\":[{\"@type\":\"SearchAction\",\"target\":{\"@type\":\"EntryPoint\",\"urlTemplate\":\"https:\\\/\\\/iha-race.com\\\/de\\\/?s={search_term_string}\"},\"query-input\":{\"@type\":\"PropertyValueSpecification\",\"valueRequired\":true,\"valueName\":\"search_term_string\"}}],\"inLanguage\":\"de\"},{\"@type\":\"Organization\",\"@id\":\"https:\\\/\\\/iha-race.com\\\/de\\\/#organization\",\"name\":\"Iha Race\",\"url\":\"https:\\\/\\\/iha-race.com\\\/de\\\/\",\"logo\":{\"@type\":\"ImageObject\",\"inLanguage\":\"de\",\"@id\":\"https:\\\/\\\/iha-race.com\\\/de\\\/#\\\/schema\\\/logo\\\/image\\\/\",\"url\":\"https:\\\/\\\/iha-race.com\\\/wp-content\\\/uploads\\\/2018\\\/07\\\/iha-race-drones-de-carreras-tienda-comprar-drones.png\",\"contentUrl\":\"https:\\\/\\\/iha-race.com\\\/wp-content\\\/uploads\\\/2018\\\/07\\\/iha-race-drones-de-carreras-tienda-comprar-drones.png\",\"width\":300,\"height\":100,\"caption\":\"Iha Race\"},\"image\":{\"@id\":\"https:\\\/\\\/iha-race.com\\\/de\\\/#\\\/schema\\\/logo\\\/image\\\/\"}}]}<\/script>\n<!-- \/ Yoast SEO plugin. -->","yoast_head_json":{"title":"USB-C Stromadapter f\u00fcr Mavic 3 Enterprise - Iha Race","robots":{"index":"index","follow":"follow","max-snippet":"max-snippet:-1","max-image-preview":"max-image-preview:large","max-video-preview":"max-video-preview:-1"},"canonical":"https:\/\/iha-race.com\/de\/producto\/stromadapter-usb-c-adapter-fur-mavic-3-unternehmen\/","og_locale":"de_DE","og_type":"article","og_title":"USB-C Stromadapter f\u00fcr Mavic 3 Enterprise - Iha Race","og_description":"USB-C Stromadapter f\u00fcr Mavic 3 Enterprise Allgemeine Beschreibung Der DJI USB-C USB-C Power Adapter (100W) dient zum Aufladen des DJI MAVIC 3 Enterprise Series Flugger\u00e4ts, der DJI RC Pro Enterprise","og_url":"https:\/\/iha-race.com\/de\/producto\/stromadapter-usb-c-adapter-fur-mavic-3-unternehmen\/","og_site_name":"Iha Race","article_modified_time":"2024-08-29T09:30:58+00:00","og_image":[{"width":1500,"height":1000,"url":"https:\/\/iha-race.com\/wp-content\/uploads\/2022\/12\/DJI_USB-C_Power_Adapter_100W_hover.jpeg","type":"image\/jpeg"}],"twitter_card":"summary_large_image","twitter_misc":{"Gesch\u00e4tzte Lesezeit":"1\u00a0Minute"},"schema":{"@context":"https:\/\/schema.org","@graph":[{"@type":"WebPage","@id":"https:\/\/iha-race.com\/de\/producto\/stromadapter-usb-c-adapter-fur-mavic-3-unternehmen\/","url":"https:\/\/iha-race.com\/de\/producto\/stromadapter-usb-c-adapter-fur-mavic-3-unternehmen\/","name":"USB-C Stromadapter f\u00fcr Mavic 3 Enterprise - Iha Race","isPartOf":{"@id":"https:\/\/iha-race.com\/de\/#website"},"primaryImageOfPage":{"@id":"https:\/\/iha-race.com\/de\/producto\/stromadapter-usb-c-adapter-fur-mavic-3-unternehmen\/#primaryimage"},"image":{"@id":"https:\/\/iha-race.com\/de\/producto\/stromadapter-usb-c-adapter-fur-mavic-3-unternehmen\/#primaryimage"},"thumbnailUrl":"https:\/\/iha-race.com\/wp-content\/uploads\/2022\/12\/DJI_USB-C_Power_Adapter_100W_hover.jpeg","datePublished":"2022-12-29T15:32:49+00:00","dateModified":"2024-08-29T09:30:58+00:00","breadcrumb":{"@id":"https:\/\/iha-race.com\/de\/producto\/stromadapter-usb-c-adapter-fur-mavic-3-unternehmen\/#breadcrumb"},"inLanguage":"de","potentialAction":[{"@type":"ReadAction","target":["https:\/\/iha-race.com\/de\/producto\/stromadapter-usb-c-adapter-fur-mavic-3-unternehmen\/"]}]},{"@type":"ImageObject","inLanguage":"de","@id":"https:\/\/iha-race.com\/de\/producto\/stromadapter-usb-c-adapter-fur-mavic-3-unternehmen\/#primaryimage","url":"https:\/\/iha-race.com\/wp-content\/uploads\/2022\/12\/DJI_USB-C_Power_Adapter_100W_hover.jpeg","contentUrl":"https:\/\/iha-race.com\/wp-content\/uploads\/2022\/12\/DJI_USB-C_Power_Adapter_100W_hover.jpeg","width":1500,"height":1000,"caption":"Comprar Adaptador de corriente USB-C para Mavic 3 Enterprise"},{"@type":"BreadcrumbList","@id":"https:\/\/iha-race.com\/de\/producto\/stromadapter-usb-c-adapter-fur-mavic-3-unternehmen\/#breadcrumb","itemListElement":[{"@type":"ListItem","position":1,"name":"Portada","item":"https:\/\/iha-race.com\/de\/elementor-499\/"},{"@type":"ListItem","position":2,"name":"Shop","item":"https:\/\/iha-race.com\/de\/shop\/"},{"@type":"ListItem","position":3,"name":"USB-C Stromadapter f\u00fcr Mavic 3 Enterprise"}]},{"@type":"WebSite","@id":"https:\/\/iha-race.com\/de\/#website","url":"https:\/\/iha-race.com\/de\/","name":"Iha Race","description":"Comprar drones de carreras FPV env\u00edos en un d\u00eda desde Espa\u00f1a","publisher":{"@id":"https:\/\/iha-race.com\/de\/#organization"},"potentialAction":[{"@type":"SearchAction","target":{"@type":"EntryPoint","urlTemplate":"https:\/\/iha-race.com\/de\/?s={search_term_string}"},"query-input":{"@type":"PropertyValueSpecification","valueRequired":true,"valueName":"search_term_string"}}],"inLanguage":"de"},{"@type":"Organization","@id":"https:\/\/iha-race.com\/de\/#organization","name":"Iha Race","url":"https:\/\/iha-race.com\/de\/","logo":{"@type":"ImageObject","inLanguage":"de","@id":"https:\/\/iha-race.com\/de\/#\/schema\/logo\/image\/","url":"https:\/\/iha-race.com\/wp-content\/uploads\/2018\/07\/iha-race-drones-de-carreras-tienda-comprar-drones.png","contentUrl":"https:\/\/iha-race.com\/wp-content\/uploads\/2018\/07\/iha-race-drones-de-carreras-tienda-comprar-drones.png","width":300,"height":100,"caption":"Iha Race"},"image":{"@id":"https:\/\/iha-race.com\/de\/#\/schema\/logo\/image\/"}}]}},"jetpack_sharing_enabled":true,"brands":[{"id":3567,"name":"DJI","slug":"dji"}],"_links":{"self":[{"href":"https:\/\/iha-race.com\/de\/wp-json\/wp\/v2\/product\/214383","targetHints":{"allow":["GET"]}}],"collection":[{"href":"https:\/\/iha-race.com\/de\/wp-json\/wp\/v2\/product"}],"about":[{"href":"https:\/\/iha-race.com\/de\/wp-json\/wp\/v2\/types\/product"}],"replies":[{"embeddable":true,"href":"https:\/\/iha-race.com\/de\/wp-json\/wp\/v2\/comments?post=214383"}],"version-history":[{"count":2,"href":"https:\/\/iha-race.com\/de\/wp-json\/wp\/v2\/product\/214383\/revisions"}],"predecessor-version":[{"id":248772,"href":"https:\/\/iha-race.com\/de\/wp-json\/wp\/v2\/product\/214383\/revisions\/248772"}],"wp:featuredmedia":[{"embeddable":true,"href":"https:\/\/iha-race.com\/de\/wp-json\/wp\/v2\/media\/214379"}],"wp:attachment":[{"href":"https:\/\/iha-race.com\/de\/wp-json\/wp\/v2\/media?parent=214383"}],"wp:term":[{"taxonomy":"pwb-brand","embeddable":true,"href":"https:\/\/iha-race.com\/de\/wp-json\/wp\/v2\/pwb-brand?post=214383"},{"taxonomy":"product_cat","embeddable":true,"href":"https:\/\/iha-race.com\/de\/wp-json\/wp\/v2\/product_cat?post=214383"},{"taxonomy":"product_tag","embeddable":true,"href":"https:\/\/iha-race.com\/de\/wp-json\/wp\/v2\/product_tag?post=214383"}],"curies":[{"name":"wp","href":"https:\/\/api.w.org\/{rel}","templated":true}]}}