{"id":212710,"date":"2022-11-19T19:44:27","date_gmt":"2022-11-19T18:44:27","guid":{"rendered":"https:\/\/iha-race.com\/producto\/buerstenloser-whoop-rahmen-cetus-x\/"},"modified":"2024-12-12T12:12:10","modified_gmt":"2024-12-12T11:12:10","slug":"rahmen-whoop-ohne-bursten-cetus-x","status":"publish","type":"product","link":"https:\/\/iha-race.com\/de\/producto\/rahmen-whoop-ohne-bursten-cetus-x\/","title":{"rendered":"B\u00fcrstenloser Whoop-Rahmen Cetus X"},"content":{"rendered":"<h2><span data-sheets-value=\"{\"1\":2,\"2\":\"Cuadro Whoop sin escobillas Cetus X\"}\" data-sheets-userformat=\"{\"2\":7107,\"3\":{\"1\":0},\"4\":{\"1\":2,\"2\":16777215},\"9\":0,\"10\":2,\"11\":4,\"12\":0,\"14\":{\"1\":2,\"2\":0},\"15\":\"\\\"Work Sans\\\", sans-serif\"}\">B\u00fcrstenloser Whoop-Rahmen Cetus X<\/span><\/h2>\n<p>Der b\u00fcrstenlose Quietschrahmen Cetus X ist jetzt erh\u00e4ltlich! Dies ist der Original-Ersatzrahmen f\u00fcr den Cetus X Brushless Quadcopter und das Cetus X FPV Kit. Es ist eine gute Option, sie zusammen mit der Drohne als Backup zu kaufen.<\/p>\n<p><img decoding=\"async\" src=\"https:\/\/cdn.shopifycdn.net\/s\/files\/1\/1778\/6615\/files\/FB_23fbbe94-4160-4ba6-aa54-581526b8fd3c_1024x1024.jpg?v=1665742036\" alt=\"\"><\/p>\n<p>&nbsp;<\/p>\n<h2><a href=\"https:\/\/betafpv.com\/collections\/cetus-series\/products\/cetus-x-brushless-quadcopter\">B\u00fcrstenloser Quadrocopter Cetus X<\/a><\/h2>\n<p>Der b\u00fcrstenlose Quadcopter Cetus X ist eine 2S-betriebene Drohne und die erste Wahl f\u00fcr Anf\u00e4nger, die fortgeschrittene Flugf\u00e4higkeiten erwerben m\u00f6chten. Er verf\u00fcgt \u00fcber ein st\u00e4rkeres Antriebssystem f\u00fcr einen schnelleren und heftigeren Flug, mit dem verschiedene Freestyle-Tricks ausgef\u00fchrt werden k\u00f6nnen. Ausgestattet mit M04 400mW VTX und C04 FPV Kamera, die f\u00fcr l\u00e4ngere Funk- und Video\u00fcbertragungen optimiert ist. Gleichzeitig ist er mit dem Betaflight-Konfigurator kompatibel, einer beliebten Anwendung zur Konfiguration von RC-Flugzeugen.<\/p>\n<p><img decoding=\"async\" src=\"https:\/\/cdn.shopifycdn.net\/s\/files\/1\/1778\/6615\/files\/2fcff80837b53a294056d927199f8372_1024x1024.jpg?v=1660207637\"><\/p>\n<p>&nbsp;<\/p>\n<h2>Eigenschaften<\/h2>\n<ul>\n<li>Der Original-Ersatzrahmen f\u00fcr den Cetus X Brushless Quadcopter und das Cetus X FPV Kit.<\/li>\n<li>Der aus PA12 gefertigte Rahmen ist sehr sto\u00dffest und h\u00e4lt St\u00fcrzen und St\u00f6\u00dfen stand. Der 360\u00b0-Schutz des Whop-Rahmens sorgt f\u00fcr einen sicheren Flug sowohl im Innen- als auch im Au\u00dfenbereich.<\/li>\n<li>Leichter und robuster Rahmen. Es ist eine gute Option, sie zusammen mit der Drohne als Backup zu kaufen.<\/li>\n<li>Wir empfehlen die Verwendung von BETAFPV Motor 1103 11000KV und Gemfan 2020 4-Blatt-Zubeh\u00f6r.<\/li>\n<\/ul>\n<p>&nbsp;<\/p>\n<h2>Spezifikationen<\/h2>\n<ul>\n<li>Artikel: B\u00fcrstenloser Quietschrahmen Cetus X<\/li>\n<li>Werkstoffe: PA12<\/li>\n<li>Gr\u00f6\u00dfe: 94,75 mm<\/li>\n<li>Gewicht: 24,22 g<\/li>\n<li>Farbe wei\u00df<\/li>\n<li>Motoreinbau\u00f6ffnung: \u03c62,00 mm<\/li>\n<\/ul>\n<p><img decoding=\"async\" src=\"https:\/\/cdn.shopifycdn.net\/s\/files\/1\/1778\/6615\/files\/8b465053d72bf33c227fa9eedfc2486b_50b6747d-fe28-4713-a0c0-8b12438b3e4e_600x600.jpg?v=1665742208\" alt=\"\"><\/p>\n<h2>Empfohlene Teile (nicht im Lieferumfang enthalten)<\/h2>\n<ul>\n<li>Flugregler: <a href=\"https:\/\/iha-race.com\/producto\/controlador-de-vuelo-sin-escobillas-f4-1s-12a-aio-2022\/\">F4 1S 12A 12A FC<\/a><\/li>\n<li>VTX: M04 25-400 mW VTX<\/li>\n<li>Kamera: C04 FPV-Kamera (Caddx Nano Ant\/Runcam Nano 4 Kamera)<\/li>\n<li>Motor: <a href=\"https:\/\/iha-race.com\/producto\/motores-betafpv-1103-8000kv-11000kv-4-piezas\/\">Motor 1103 11000KV<\/a><\/li>\n<li>Propeller: Gemfan 2020 4-Blatt-Propeller Zubeh\u00f6r<\/li>\n<li>Akku: 2 x <a href=\"https:\/\/iha-race.com\/producto\/bateria-betafpv-bt2-0-450mah-1s-30c-4-unidades\/\">BT2.0 450mAh 1S Akku<\/a><\/li>\n<\/ul>\n<h2 class=\"p1\">Das Paket umfasst<\/h2>\n<ul>\n<li>1 x Cetus X b\u00fcrstenloser Whoop-Rahmen (inkl. Kabinenhaube)<\/li>\n<\/ul>\n","protected":false},"excerpt":{"rendered":"<p>B\u00fcrstenloser Whoop-Rahmen Cetus X Der b\u00fcrstenlose Quietschrahmen Cetus X ist jetzt erh\u00e4ltlich! Dies ist der Original-Ersatzrahmen f\u00fcr den Cetus X Brushless Quadcopter und das Cetus X FPV Kit. Es ist<\/p>\n","protected":false},"featured_media":212694,"comment_status":"open","ping_status":"closed","template":"","meta":{"_joinchat":[]},"pwb-brand":[],"product_cat":[2752,2579,3669,4115],"product_tag":[],"class_list":{"0":"post-212710","1":"product","2":"type-product","3":"status-publish","4":"has-post-thumbnail","6":"product_cat-einstiegs-und-indoor-drohnen","7":"product_cat-fpv-drohnen","8":"product_cat-rahmen","9":"product_cat-schwarzer-freitag-2024","11":"first","12":"instock","13":"taxable","14":"shipping-taxable","15":"purchasable","16":"product-type-simple"},"barcode":null,"atum_controlled":true,"out_stock_date":null,"out_stock_threshold":null,"inheritable":false,"stock_on_hold":0,"sold_today":0,"sales_last_days":0,"out_stock_days":0,"lost_sales":0,"update_date":"2026-04-18T09:22:07","atum_locations":[],"atum_stock_status":"instock","restock_status":false,"low_stock_amount":"","sales_update_date":"2026-04-18T09:22:07","calc_backorders":null,"yoast_head":"<!-- This site is optimized with the Yoast SEO plugin v27.3 - https:\/\/yoast.com\/product\/yoast-seo-wordpress\/ -->\n<title>B\u00fcrstenloser Whoop-Rahmen Cetus X - Iha Race<\/title>\n<meta name=\"robots\" content=\"index, follow, max-snippet:-1, max-image-preview:large, max-video-preview:-1\" \/>\n<link rel=\"canonical\" href=\"https:\/\/iha-race.com\/de\/producto\/rahmen-whoop-ohne-bursten-cetus-x\/\" \/>\n<meta property=\"og:locale\" content=\"de_DE\" \/>\n<meta property=\"og:type\" content=\"article\" \/>\n<meta property=\"og:title\" content=\"B\u00fcrstenloser Whoop-Rahmen Cetus X - Iha Race\" \/>\n<meta property=\"og:description\" content=\"B\u00fcrstenloser Whoop-Rahmen Cetus X Der b\u00fcrstenlose Quietschrahmen Cetus X ist jetzt erh\u00e4ltlich! Dies ist der Original-Ersatzrahmen f\u00fcr den Cetus X Brushless Quadcopter und das Cetus X FPV Kit. Es ist\" \/>\n<meta property=\"og:url\" content=\"https:\/\/iha-race.com\/de\/producto\/rahmen-whoop-ohne-bursten-cetus-x\/\" \/>\n<meta property=\"og:site_name\" content=\"Iha Race\" \/>\n<meta property=\"article:modified_time\" content=\"2024-12-12T11:12:10+00:00\" \/>\n<meta property=\"og:image\" content=\"https:\/\/iha-race.com\/wp-content\/uploads\/2022\/11\/74b96dbb2d19db9758ba306fc55ad040_ba43dfdc-b01d-4188-acde-9b7a74245959_720x.webp\" \/>\n\t<meta property=\"og:image:width\" content=\"720\" \/>\n\t<meta property=\"og:image:height\" content=\"720\" \/>\n\t<meta property=\"og:image:type\" content=\"image\/webp\" \/>\n<meta name=\"twitter:card\" content=\"summary_large_image\" \/>\n<meta name=\"twitter:label1\" content=\"Gesch\u00e4tzte Lesezeit\" \/>\n\t<meta name=\"twitter:data1\" content=\"1\u00a0Minute\" \/>\n<script type=\"application\/ld+json\" class=\"yoast-schema-graph\">{\"@context\":\"https:\\\/\\\/schema.org\",\"@graph\":[{\"@type\":\"WebPage\",\"@id\":\"https:\\\/\\\/iha-race.com\\\/de\\\/producto\\\/rahmen-whoop-ohne-bursten-cetus-x\\\/\",\"url\":\"https:\\\/\\\/iha-race.com\\\/de\\\/producto\\\/rahmen-whoop-ohne-bursten-cetus-x\\\/\",\"name\":\"B\u00fcrstenloser Whoop-Rahmen Cetus X - Iha Race\",\"isPartOf\":{\"@id\":\"https:\\\/\\\/iha-race.com\\\/de\\\/#website\"},\"primaryImageOfPage\":{\"@id\":\"https:\\\/\\\/iha-race.com\\\/de\\\/producto\\\/rahmen-whoop-ohne-bursten-cetus-x\\\/#primaryimage\"},\"image\":{\"@id\":\"https:\\\/\\\/iha-race.com\\\/de\\\/producto\\\/rahmen-whoop-ohne-bursten-cetus-x\\\/#primaryimage\"},\"thumbnailUrl\":\"https:\\\/\\\/iha-race.com\\\/wp-content\\\/uploads\\\/2022\\\/11\\\/74b96dbb2d19db9758ba306fc55ad040_ba43dfdc-b01d-4188-acde-9b7a74245959_720x.webp\",\"datePublished\":\"2022-11-19T18:44:27+00:00\",\"dateModified\":\"2024-12-12T11:12:10+00:00\",\"breadcrumb\":{\"@id\":\"https:\\\/\\\/iha-race.com\\\/de\\\/producto\\\/rahmen-whoop-ohne-bursten-cetus-x\\\/#breadcrumb\"},\"inLanguage\":\"de\",\"potentialAction\":[{\"@type\":\"ReadAction\",\"target\":[\"https:\\\/\\\/iha-race.com\\\/de\\\/producto\\\/rahmen-whoop-ohne-bursten-cetus-x\\\/\"]}]},{\"@type\":\"ImageObject\",\"inLanguage\":\"de\",\"@id\":\"https:\\\/\\\/iha-race.com\\\/de\\\/producto\\\/rahmen-whoop-ohne-bursten-cetus-x\\\/#primaryimage\",\"url\":\"https:\\\/\\\/iha-race.com\\\/wp-content\\\/uploads\\\/2022\\\/11\\\/74b96dbb2d19db9758ba306fc55ad040_ba43dfdc-b01d-4188-acde-9b7a74245959_720x.webp\",\"contentUrl\":\"https:\\\/\\\/iha-race.com\\\/wp-content\\\/uploads\\\/2022\\\/11\\\/74b96dbb2d19db9758ba306fc55ad040_ba43dfdc-b01d-4188-acde-9b7a74245959_720x.webp\",\"width\":720,\"height\":720,\"caption\":\"Comprar Cuadro Whoop sin escobillas Cetus X\"},{\"@type\":\"BreadcrumbList\",\"@id\":\"https:\\\/\\\/iha-race.com\\\/de\\\/producto\\\/rahmen-whoop-ohne-bursten-cetus-x\\\/#breadcrumb\",\"itemListElement\":[{\"@type\":\"ListItem\",\"position\":1,\"name\":\"Portada\",\"item\":\"https:\\\/\\\/iha-race.com\\\/de\\\/elementor-499\\\/\"},{\"@type\":\"ListItem\",\"position\":2,\"name\":\"Shop\",\"item\":\"https:\\\/\\\/iha-race.com\\\/de\\\/shop\\\/\"},{\"@type\":\"ListItem\",\"position\":3,\"name\":\"B\u00fcrstenloser Whoop-Rahmen Cetus X\"}]},{\"@type\":\"WebSite\",\"@id\":\"https:\\\/\\\/iha-race.com\\\/de\\\/#website\",\"url\":\"https:\\\/\\\/iha-race.com\\\/de\\\/\",\"name\":\"Iha Race\",\"description\":\"Comprar drones de carreras FPV env\u00edos en un d\u00eda desde Espa\u00f1a\",\"publisher\":{\"@id\":\"https:\\\/\\\/iha-race.com\\\/de\\\/#organization\"},\"potentialAction\":[{\"@type\":\"SearchAction\",\"target\":{\"@type\":\"EntryPoint\",\"urlTemplate\":\"https:\\\/\\\/iha-race.com\\\/de\\\/?s={search_term_string}\"},\"query-input\":{\"@type\":\"PropertyValueSpecification\",\"valueRequired\":true,\"valueName\":\"search_term_string\"}}],\"inLanguage\":\"de\"},{\"@type\":\"Organization\",\"@id\":\"https:\\\/\\\/iha-race.com\\\/de\\\/#organization\",\"name\":\"Iha Race\",\"url\":\"https:\\\/\\\/iha-race.com\\\/de\\\/\",\"logo\":{\"@type\":\"ImageObject\",\"inLanguage\":\"de\",\"@id\":\"https:\\\/\\\/iha-race.com\\\/de\\\/#\\\/schema\\\/logo\\\/image\\\/\",\"url\":\"https:\\\/\\\/iha-race.com\\\/wp-content\\\/uploads\\\/2018\\\/07\\\/iha-race-drones-de-carreras-tienda-comprar-drones.png\",\"contentUrl\":\"https:\\\/\\\/iha-race.com\\\/wp-content\\\/uploads\\\/2018\\\/07\\\/iha-race-drones-de-carreras-tienda-comprar-drones.png\",\"width\":300,\"height\":100,\"caption\":\"Iha Race\"},\"image\":{\"@id\":\"https:\\\/\\\/iha-race.com\\\/de\\\/#\\\/schema\\\/logo\\\/image\\\/\"}}]}<\/script>\n<!-- \/ Yoast SEO plugin. -->","yoast_head_json":{"title":"B\u00fcrstenloser Whoop-Rahmen Cetus X - Iha Race","robots":{"index":"index","follow":"follow","max-snippet":"max-snippet:-1","max-image-preview":"max-image-preview:large","max-video-preview":"max-video-preview:-1"},"canonical":"https:\/\/iha-race.com\/de\/producto\/rahmen-whoop-ohne-bursten-cetus-x\/","og_locale":"de_DE","og_type":"article","og_title":"B\u00fcrstenloser Whoop-Rahmen Cetus X - Iha Race","og_description":"B\u00fcrstenloser Whoop-Rahmen Cetus X Der b\u00fcrstenlose Quietschrahmen Cetus X ist jetzt erh\u00e4ltlich! Dies ist der Original-Ersatzrahmen f\u00fcr den Cetus X Brushless Quadcopter und das Cetus X FPV Kit. Es ist","og_url":"https:\/\/iha-race.com\/de\/producto\/rahmen-whoop-ohne-bursten-cetus-x\/","og_site_name":"Iha Race","article_modified_time":"2024-12-12T11:12:10+00:00","og_image":[{"width":720,"height":720,"url":"https:\/\/iha-race.com\/wp-content\/uploads\/2022\/11\/74b96dbb2d19db9758ba306fc55ad040_ba43dfdc-b01d-4188-acde-9b7a74245959_720x.webp","type":"image\/webp"}],"twitter_card":"summary_large_image","twitter_misc":{"Gesch\u00e4tzte Lesezeit":"1\u00a0Minute"},"schema":{"@context":"https:\/\/schema.org","@graph":[{"@type":"WebPage","@id":"https:\/\/iha-race.com\/de\/producto\/rahmen-whoop-ohne-bursten-cetus-x\/","url":"https:\/\/iha-race.com\/de\/producto\/rahmen-whoop-ohne-bursten-cetus-x\/","name":"B\u00fcrstenloser Whoop-Rahmen Cetus X - Iha Race","isPartOf":{"@id":"https:\/\/iha-race.com\/de\/#website"},"primaryImageOfPage":{"@id":"https:\/\/iha-race.com\/de\/producto\/rahmen-whoop-ohne-bursten-cetus-x\/#primaryimage"},"image":{"@id":"https:\/\/iha-race.com\/de\/producto\/rahmen-whoop-ohne-bursten-cetus-x\/#primaryimage"},"thumbnailUrl":"https:\/\/iha-race.com\/wp-content\/uploads\/2022\/11\/74b96dbb2d19db9758ba306fc55ad040_ba43dfdc-b01d-4188-acde-9b7a74245959_720x.webp","datePublished":"2022-11-19T18:44:27+00:00","dateModified":"2024-12-12T11:12:10+00:00","breadcrumb":{"@id":"https:\/\/iha-race.com\/de\/producto\/rahmen-whoop-ohne-bursten-cetus-x\/#breadcrumb"},"inLanguage":"de","potentialAction":[{"@type":"ReadAction","target":["https:\/\/iha-race.com\/de\/producto\/rahmen-whoop-ohne-bursten-cetus-x\/"]}]},{"@type":"ImageObject","inLanguage":"de","@id":"https:\/\/iha-race.com\/de\/producto\/rahmen-whoop-ohne-bursten-cetus-x\/#primaryimage","url":"https:\/\/iha-race.com\/wp-content\/uploads\/2022\/11\/74b96dbb2d19db9758ba306fc55ad040_ba43dfdc-b01d-4188-acde-9b7a74245959_720x.webp","contentUrl":"https:\/\/iha-race.com\/wp-content\/uploads\/2022\/11\/74b96dbb2d19db9758ba306fc55ad040_ba43dfdc-b01d-4188-acde-9b7a74245959_720x.webp","width":720,"height":720,"caption":"Comprar Cuadro Whoop sin escobillas Cetus X"},{"@type":"BreadcrumbList","@id":"https:\/\/iha-race.com\/de\/producto\/rahmen-whoop-ohne-bursten-cetus-x\/#breadcrumb","itemListElement":[{"@type":"ListItem","position":1,"name":"Portada","item":"https:\/\/iha-race.com\/de\/elementor-499\/"},{"@type":"ListItem","position":2,"name":"Shop","item":"https:\/\/iha-race.com\/de\/shop\/"},{"@type":"ListItem","position":3,"name":"B\u00fcrstenloser Whoop-Rahmen Cetus X"}]},{"@type":"WebSite","@id":"https:\/\/iha-race.com\/de\/#website","url":"https:\/\/iha-race.com\/de\/","name":"Iha Race","description":"Comprar drones de carreras FPV env\u00edos en un d\u00eda desde Espa\u00f1a","publisher":{"@id":"https:\/\/iha-race.com\/de\/#organization"},"potentialAction":[{"@type":"SearchAction","target":{"@type":"EntryPoint","urlTemplate":"https:\/\/iha-race.com\/de\/?s={search_term_string}"},"query-input":{"@type":"PropertyValueSpecification","valueRequired":true,"valueName":"search_term_string"}}],"inLanguage":"de"},{"@type":"Organization","@id":"https:\/\/iha-race.com\/de\/#organization","name":"Iha Race","url":"https:\/\/iha-race.com\/de\/","logo":{"@type":"ImageObject","inLanguage":"de","@id":"https:\/\/iha-race.com\/de\/#\/schema\/logo\/image\/","url":"https:\/\/iha-race.com\/wp-content\/uploads\/2018\/07\/iha-race-drones-de-carreras-tienda-comprar-drones.png","contentUrl":"https:\/\/iha-race.com\/wp-content\/uploads\/2018\/07\/iha-race-drones-de-carreras-tienda-comprar-drones.png","width":300,"height":100,"caption":"Iha Race"},"image":{"@id":"https:\/\/iha-race.com\/de\/#\/schema\/logo\/image\/"}}]}},"jetpack_sharing_enabled":true,"brands":[],"_links":{"self":[{"href":"https:\/\/iha-race.com\/de\/wp-json\/wp\/v2\/product\/212710","targetHints":{"allow":["GET"]}}],"collection":[{"href":"https:\/\/iha-race.com\/de\/wp-json\/wp\/v2\/product"}],"about":[{"href":"https:\/\/iha-race.com\/de\/wp-json\/wp\/v2\/types\/product"}],"replies":[{"embeddable":true,"href":"https:\/\/iha-race.com\/de\/wp-json\/wp\/v2\/comments?post=212710"}],"version-history":[{"count":4,"href":"https:\/\/iha-race.com\/de\/wp-json\/wp\/v2\/product\/212710\/revisions"}],"predecessor-version":[{"id":252561,"href":"https:\/\/iha-race.com\/de\/wp-json\/wp\/v2\/product\/212710\/revisions\/252561"}],"wp:featuredmedia":[{"embeddable":true,"href":"https:\/\/iha-race.com\/de\/wp-json\/wp\/v2\/media\/212694"}],"wp:attachment":[{"href":"https:\/\/iha-race.com\/de\/wp-json\/wp\/v2\/media?parent=212710"}],"wp:term":[{"taxonomy":"pwb-brand","embeddable":true,"href":"https:\/\/iha-race.com\/de\/wp-json\/wp\/v2\/pwb-brand?post=212710"},{"taxonomy":"product_cat","embeddable":true,"href":"https:\/\/iha-race.com\/de\/wp-json\/wp\/v2\/product_cat?post=212710"},{"taxonomy":"product_tag","embeddable":true,"href":"https:\/\/iha-race.com\/de\/wp-json\/wp\/v2\/product_tag?post=212710"}],"curies":[{"name":"wp","href":"https:\/\/api.w.org\/{rel}","templated":true}]}}