{"id":211664,"date":"2022-11-09T10:08:22","date_gmt":"2022-11-09T09:08:22","guid":{"rendered":"https:\/\/iha-race.com\/producto\/tattu-r-line-650mah-14-8v-4s1p-95c-xt30-lipo-tattu-r-line-akku\/"},"modified":"2026-03-09T16:56:28","modified_gmt":"2026-03-09T15:56:28","slug":"bateria-lipo-tattu-r-line-650mah-14-8v-4s1p-95c-xt30","status":"publish","type":"product","link":"https:\/\/iha-race.com\/de\/producto\/bateria-lipo-tattu-r-line-650mah-14-8v-4s1p-95c-xt30\/","title":{"rendered":"Tattu R-Line 650mAh 14.8V 4S1P 95C XT30 Lipo Tattu R-Line Akku"},"content":{"rendered":"<h2><span data-sheets-value=\"{\"1\":2,\"2\":\"Bater\u00eda Lipo Tattu R-Line 650mAh 14.8V 4S1P 95C XT30\"}\" data-sheets-userformat=\"{\"2\":15299,\"3\":{\"1\":0},\"4\":{\"1\":2,\"2\":16777215},\"9\":0,\"10\":2,\"11\":4,\"12\":0,\"14\":{\"1\":2,\"2\":3355443},\"15\":\"Arial\",\"16\":12}\">Tattu R-Line 650mAh 14.8V 4S1P 95C XT30 Lipo Tattu R-Line Akku<\/span><\/h2>\n<p><strong>Der Tattu R-Line 650mAh 14.8V 95C 4S1P Lipo-Akku <\/strong> hat volle Kapazit\u00e4t und Entladerate. Es handelt sich um einen FPV-Renn-Lipo-Akku mit hoher Entladungsrate. Der 95C liefert unter Last ausreichend Leistung. Es ist sehr kompakt und sehr leicht. Es funktioniert perfekt mit Ihrem FPV Multirotor der Gr\u00f6\u00dfe 100 bis 180. <strong>Tattu R-Line<\/strong> ist eine neue Produktlinie, die speziell f\u00fcr professionelle FPV-Rennwettbewerbe entwickelt wurde. Dies ist die kommerzielle Version der Toppilot-Batterien. Sie ist auch eine Tochtergesellschaft der Marke Tattu. Sie hat eine h\u00f6here Kapazit\u00e4t, einen geringeren Innenwiderstand und niedrigere Landetemperaturen. Sie sind leistungsst\u00e4rker als jede Graphen-Batterie. Im Allgemeinen haben R-Line-Batterien die gleichen Spezifikationen wie unsere beliebten Toppilot-Batterien. Es gibt verschiedene R-Line Versionen f\u00fcr die Bed\u00fcrfnisse verschiedener FPV-Rennwettbewerbe.  &nbsp;<\/p>\n<p><img fetchpriority=\"high\" decoding=\"async\" class=\"aligncenter wp-image-211654 size-full\" src=\"https:\/\/iha-race.com\/wp-content\/uploads\/2022\/11\/71tYloJcQ7L._AC_SX569_.jpg\" alt=\"Tattu R-Line 650mAh 14.8V 4S1P 95C Lipo Tattu Akku kaufen\" width=\"569\" height=\"569\" srcset=\"https:\/\/iha-race.com\/wp-content\/uploads\/2022\/11\/71tYloJcQ7L._AC_SX569_.jpg 569w, https:\/\/iha-race.com\/wp-content\/uploads\/2022\/11\/71tYloJcQ7L._AC_SX569_-300x300.jpg 300w, https:\/\/iha-race.com\/wp-content\/uploads\/2022\/11\/71tYloJcQ7L._AC_SX569_-150x150.jpg 150w, https:\/\/iha-race.com\/wp-content\/uploads\/2022\/11\/71tYloJcQ7L._AC_SX569_-1024x1024.jpg 1024w, https:\/\/iha-race.com\/wp-content\/uploads\/2022\/11\/71tYloJcQ7L._AC_SX569_-768x768.jpg 768w, https:\/\/iha-race.com\/wp-content\/uploads\/2022\/11\/71tYloJcQ7L._AC_SX569_-1536x1536.jpg 1536w, https:\/\/iha-race.com\/wp-content\/uploads\/2022\/11\/71tYloJcQ7L._AC_SX569_-2048x2048.jpg 2048w, https:\/\/iha-race.com\/wp-content\/uploads\/2022\/11\/71tYloJcQ7L._AC_SX569_-100x100.jpg 100w, https:\/\/iha-race.com\/wp-content\/uploads\/2022\/11\/71tYloJcQ7L._AC_SX569_-350x350.jpg 350w, https:\/\/iha-race.com\/wp-content\/uploads\/2022\/11\/71tYloJcQ7L._AC_SX569_-788x788.jpg 788w, https:\/\/iha-race.com\/wp-content\/uploads\/2022\/11\/71tYloJcQ7L._AC_SX569_-600x600.jpg 600w, https:\/\/iha-race.com\/wp-content\/uploads\/2022\/11\/71tYloJcQ7L._AC_SX569_-50x50.jpg 50w, https:\/\/iha-race.com\/wp-content\/uploads\/2022\/11\/71tYloJcQ7L._AC_SX569_-135x135.jpg 135w\" sizes=\"(max-width: 569px) 100vw, 569px\" \/><\/p>\n<h3><strong>Merkmale:<\/strong><\/h3>\n<ul>\n<li>Die bemerkenswerte Stacking-Technologie erm\u00f6glicht eine Einzelzellenkapazit\u00e4t von 650 mAh.<\/li>\n<li>Hohe Entladeleistung und hohe Energiedichte.<\/li>\n<li>\u00dcberlegene Lithium-Polymer-Rohstoffe aus Japan und Korea.<\/li>\n<li>Kundendienst vor Ort (mit Sitz in D\u00fcsseldorf, Deutschland).<\/li>\n<\/ul>\n<h3><strong>Spezifikationen:<\/strong><\/h3>\n<ul>\n<li>Kapazit\u00e4t: 650mAh<\/li>\n<li>Konfiguration: 4S1P \/ 14.8V<\/li>\n<li>Entladungsrate: 95C<\/li>\n<li>Maximale Sto\u00dfentladungsrate: 190C<\/li>\n<li>Nettogewicht (\u00b1 10 g): 80 g<\/li>\n<li>Abmessungen (\u00b15): 60*31*25mm<\/li>\n<li>Ladebuchse: JST-PHR<\/li>\n<\/ul>\n<h3><strong>Anwendungen:<\/strong><\/h3>\n<ul>\n<li>Der Tattu R-Line 650mAh 14.8V 95C 4S1P Lipo-Akku ist geeignet f\u00fcr FPV-Multirotoren der Gr\u00f6\u00dfe 100 bis 180.<\/li>\n<\/ul>\n<h3>Das Paket enth\u00e4lt:<\/h3>\n<ul>\n<li>1 x Tattu R-Line 650mAh 14.8V 4S1P 95C XT30 Lipo Tattu Akku<\/li>\n<\/ul>\n","protected":false},"excerpt":{"rendered":"<p>Tattu R-Line 650mAh 14.8V 4S1P 95C XT30 Lipo Tattu R-Line Akku Der Tattu R-Line 650mAh 14.8V 95C 4S1P Lipo-Akku hat volle Kapazit\u00e4t und Entladerate. Es handelt sich um einen FPV-Renn-Lipo-Akku<\/p>\n","protected":false},"featured_media":211659,"comment_status":"open","ping_status":"closed","template":"","meta":{"_joinchat":[]},"pwb-brand":[],"product_cat":[17,21],"product_tag":[],"class_list":{"0":"post-211664","1":"product","2":"type-product","3":"status-publish","4":"has-post-thumbnail","6":"product_cat-baterias-para-drones","7":"product_cat-s4","9":"first","10":"outofstock","11":"taxable","12":"shipping-taxable","13":"purchasable","14":"product-type-simple"},"barcode":null,"atum_controlled":true,"out_stock_date":"2026-03-09 16:56:28","out_stock_threshold":null,"inheritable":false,"stock_on_hold":0,"sold_today":0,"sales_last_days":0,"out_stock_days":33,"lost_sales":0,"update_date":"2026-04-12T07:50:31","atum_locations":[],"atum_stock_status":"outofstock","restock_status":false,"low_stock_amount":"","sales_update_date":"2026-04-12T07:50:31","calc_backorders":null,"yoast_head":"<!-- This site is optimized with the Yoast SEO plugin v27.3 - https:\/\/yoast.com\/product\/yoast-seo-wordpress\/ -->\n<title>Tattu R-Line 650mAh 14.8V 4S1P 95C XT30 Lipo Tattu R-Line Akku - Iha Race<\/title>\n<meta name=\"robots\" content=\"index, follow, max-snippet:-1, max-image-preview:large, max-video-preview:-1\" \/>\n<link rel=\"canonical\" href=\"https:\/\/iha-race.com\/de\/producto\/bateria-lipo-tattu-r-line-650mah-14-8v-4s1p-95c-xt30\/\" \/>\n<meta property=\"og:locale\" content=\"de_DE\" \/>\n<meta property=\"og:type\" content=\"article\" \/>\n<meta property=\"og:title\" content=\"Tattu R-Line 650mAh 14.8V 4S1P 95C XT30 Lipo Tattu R-Line Akku - Iha Race\" \/>\n<meta property=\"og:description\" content=\"Tattu R-Line 650mAh 14.8V 4S1P 95C XT30 Lipo Tattu R-Line Akku Der Tattu R-Line 650mAh 14.8V 95C 4S1P Lipo-Akku hat volle Kapazit\u00e4t und Entladerate. Es handelt sich um einen FPV-Renn-Lipo-Akku\" \/>\n<meta property=\"og:url\" content=\"https:\/\/iha-race.com\/de\/producto\/bateria-lipo-tattu-r-line-650mah-14-8v-4s1p-95c-xt30\/\" \/>\n<meta property=\"og:site_name\" content=\"Iha Race\" \/>\n<meta property=\"article:modified_time\" content=\"2026-03-09T15:56:28+00:00\" \/>\n<meta property=\"og:image\" content=\"https:\/\/iha-race.com\/wp-content\/uploads\/2022\/11\/Tattu_R-Line_650mAh_14.8V_4S1P_95C_Lipo_Battery__ml.jpg\" \/>\n\t<meta property=\"og:image:width\" content=\"800\" \/>\n\t<meta property=\"og:image:height\" content=\"800\" \/>\n\t<meta property=\"og:image:type\" content=\"image\/jpeg\" \/>\n<meta name=\"twitter:card\" content=\"summary_large_image\" \/>\n<meta name=\"twitter:label1\" content=\"Gesch\u00e4tzte Lesezeit\" \/>\n\t<meta name=\"twitter:data1\" content=\"1\u00a0Minute\" \/>\n<script type=\"application\/ld+json\" class=\"yoast-schema-graph\">{\"@context\":\"https:\\\/\\\/schema.org\",\"@graph\":[{\"@type\":\"WebPage\",\"@id\":\"https:\\\/\\\/iha-race.com\\\/de\\\/producto\\\/bateria-lipo-tattu-r-line-650mah-14-8v-4s1p-95c-xt30\\\/\",\"url\":\"https:\\\/\\\/iha-race.com\\\/de\\\/producto\\\/bateria-lipo-tattu-r-line-650mah-14-8v-4s1p-95c-xt30\\\/\",\"name\":\"Tattu R-Line 650mAh 14.8V 4S1P 95C XT30 Lipo Tattu R-Line Akku - Iha Race\",\"isPartOf\":{\"@id\":\"https:\\\/\\\/iha-race.com\\\/de\\\/#website\"},\"primaryImageOfPage\":{\"@id\":\"https:\\\/\\\/iha-race.com\\\/de\\\/producto\\\/bateria-lipo-tattu-r-line-650mah-14-8v-4s1p-95c-xt30\\\/#primaryimage\"},\"image\":{\"@id\":\"https:\\\/\\\/iha-race.com\\\/de\\\/producto\\\/bateria-lipo-tattu-r-line-650mah-14-8v-4s1p-95c-xt30\\\/#primaryimage\"},\"thumbnailUrl\":\"https:\\\/\\\/iha-race.com\\\/wp-content\\\/uploads\\\/2022\\\/11\\\/Tattu_R-Line_650mAh_14.8V_4S1P_95C_Lipo_Battery__ml.jpg\",\"datePublished\":\"2022-11-09T09:08:22+00:00\",\"dateModified\":\"2026-03-09T15:56:28+00:00\",\"breadcrumb\":{\"@id\":\"https:\\\/\\\/iha-race.com\\\/de\\\/producto\\\/bateria-lipo-tattu-r-line-650mah-14-8v-4s1p-95c-xt30\\\/#breadcrumb\"},\"inLanguage\":\"de\",\"potentialAction\":[{\"@type\":\"ReadAction\",\"target\":[\"https:\\\/\\\/iha-race.com\\\/de\\\/producto\\\/bateria-lipo-tattu-r-line-650mah-14-8v-4s1p-95c-xt30\\\/\"]}]},{\"@type\":\"ImageObject\",\"inLanguage\":\"de\",\"@id\":\"https:\\\/\\\/iha-race.com\\\/de\\\/producto\\\/bateria-lipo-tattu-r-line-650mah-14-8v-4s1p-95c-xt30\\\/#primaryimage\",\"url\":\"https:\\\/\\\/iha-race.com\\\/wp-content\\\/uploads\\\/2022\\\/11\\\/Tattu_R-Line_650mAh_14.8V_4S1P_95C_Lipo_Battery__ml.jpg\",\"contentUrl\":\"https:\\\/\\\/iha-race.com\\\/wp-content\\\/uploads\\\/2022\\\/11\\\/Tattu_R-Line_650mAh_14.8V_4S1P_95C_Lipo_Battery__ml.jpg\",\"width\":800,\"height\":800,\"caption\":\"Comprar Bater\u00eda Lipo Tattu R-Line 650mAh 14.8V 4S1P 95C\"},{\"@type\":\"BreadcrumbList\",\"@id\":\"https:\\\/\\\/iha-race.com\\\/de\\\/producto\\\/bateria-lipo-tattu-r-line-650mah-14-8v-4s1p-95c-xt30\\\/#breadcrumb\",\"itemListElement\":[{\"@type\":\"ListItem\",\"position\":1,\"name\":\"Portada\",\"item\":\"https:\\\/\\\/iha-race.com\\\/de\\\/elementor-499\\\/\"},{\"@type\":\"ListItem\",\"position\":2,\"name\":\"Shop\",\"item\":\"https:\\\/\\\/iha-race.com\\\/de\\\/shop\\\/\"},{\"@type\":\"ListItem\",\"position\":3,\"name\":\"Tattu R-Line 650mAh 14.8V 4S1P 95C XT30 Lipo Tattu R-Line Akku\"}]},{\"@type\":\"WebSite\",\"@id\":\"https:\\\/\\\/iha-race.com\\\/de\\\/#website\",\"url\":\"https:\\\/\\\/iha-race.com\\\/de\\\/\",\"name\":\"Iha Race\",\"description\":\"Comprar drones de carreras FPV env\u00edos en un d\u00eda desde Espa\u00f1a\",\"publisher\":{\"@id\":\"https:\\\/\\\/iha-race.com\\\/de\\\/#organization\"},\"potentialAction\":[{\"@type\":\"SearchAction\",\"target\":{\"@type\":\"EntryPoint\",\"urlTemplate\":\"https:\\\/\\\/iha-race.com\\\/de\\\/?s={search_term_string}\"},\"query-input\":{\"@type\":\"PropertyValueSpecification\",\"valueRequired\":true,\"valueName\":\"search_term_string\"}}],\"inLanguage\":\"de\"},{\"@type\":\"Organization\",\"@id\":\"https:\\\/\\\/iha-race.com\\\/de\\\/#organization\",\"name\":\"Iha Race\",\"url\":\"https:\\\/\\\/iha-race.com\\\/de\\\/\",\"logo\":{\"@type\":\"ImageObject\",\"inLanguage\":\"de\",\"@id\":\"https:\\\/\\\/iha-race.com\\\/de\\\/#\\\/schema\\\/logo\\\/image\\\/\",\"url\":\"https:\\\/\\\/iha-race.com\\\/wp-content\\\/uploads\\\/2018\\\/07\\\/iha-race-drones-de-carreras-tienda-comprar-drones.png\",\"contentUrl\":\"https:\\\/\\\/iha-race.com\\\/wp-content\\\/uploads\\\/2018\\\/07\\\/iha-race-drones-de-carreras-tienda-comprar-drones.png\",\"width\":300,\"height\":100,\"caption\":\"Iha Race\"},\"image\":{\"@id\":\"https:\\\/\\\/iha-race.com\\\/de\\\/#\\\/schema\\\/logo\\\/image\\\/\"}}]}<\/script>\n<!-- \/ Yoast SEO plugin. -->","yoast_head_json":{"title":"Tattu R-Line 650mAh 14.8V 4S1P 95C XT30 Lipo Tattu R-Line Akku - Iha Race","robots":{"index":"index","follow":"follow","max-snippet":"max-snippet:-1","max-image-preview":"max-image-preview:large","max-video-preview":"max-video-preview:-1"},"canonical":"https:\/\/iha-race.com\/de\/producto\/bateria-lipo-tattu-r-line-650mah-14-8v-4s1p-95c-xt30\/","og_locale":"de_DE","og_type":"article","og_title":"Tattu R-Line 650mAh 14.8V 4S1P 95C XT30 Lipo Tattu R-Line Akku - Iha Race","og_description":"Tattu R-Line 650mAh 14.8V 4S1P 95C XT30 Lipo Tattu R-Line Akku Der Tattu R-Line 650mAh 14.8V 95C 4S1P Lipo-Akku hat volle Kapazit\u00e4t und Entladerate. Es handelt sich um einen FPV-Renn-Lipo-Akku","og_url":"https:\/\/iha-race.com\/de\/producto\/bateria-lipo-tattu-r-line-650mah-14-8v-4s1p-95c-xt30\/","og_site_name":"Iha Race","article_modified_time":"2026-03-09T15:56:28+00:00","og_image":[{"width":800,"height":800,"url":"https:\/\/iha-race.com\/wp-content\/uploads\/2022\/11\/Tattu_R-Line_650mAh_14.8V_4S1P_95C_Lipo_Battery__ml.jpg","type":"image\/jpeg"}],"twitter_card":"summary_large_image","twitter_misc":{"Gesch\u00e4tzte Lesezeit":"1\u00a0Minute"},"schema":{"@context":"https:\/\/schema.org","@graph":[{"@type":"WebPage","@id":"https:\/\/iha-race.com\/de\/producto\/bateria-lipo-tattu-r-line-650mah-14-8v-4s1p-95c-xt30\/","url":"https:\/\/iha-race.com\/de\/producto\/bateria-lipo-tattu-r-line-650mah-14-8v-4s1p-95c-xt30\/","name":"Tattu R-Line 650mAh 14.8V 4S1P 95C XT30 Lipo Tattu R-Line Akku - Iha Race","isPartOf":{"@id":"https:\/\/iha-race.com\/de\/#website"},"primaryImageOfPage":{"@id":"https:\/\/iha-race.com\/de\/producto\/bateria-lipo-tattu-r-line-650mah-14-8v-4s1p-95c-xt30\/#primaryimage"},"image":{"@id":"https:\/\/iha-race.com\/de\/producto\/bateria-lipo-tattu-r-line-650mah-14-8v-4s1p-95c-xt30\/#primaryimage"},"thumbnailUrl":"https:\/\/iha-race.com\/wp-content\/uploads\/2022\/11\/Tattu_R-Line_650mAh_14.8V_4S1P_95C_Lipo_Battery__ml.jpg","datePublished":"2022-11-09T09:08:22+00:00","dateModified":"2026-03-09T15:56:28+00:00","breadcrumb":{"@id":"https:\/\/iha-race.com\/de\/producto\/bateria-lipo-tattu-r-line-650mah-14-8v-4s1p-95c-xt30\/#breadcrumb"},"inLanguage":"de","potentialAction":[{"@type":"ReadAction","target":["https:\/\/iha-race.com\/de\/producto\/bateria-lipo-tattu-r-line-650mah-14-8v-4s1p-95c-xt30\/"]}]},{"@type":"ImageObject","inLanguage":"de","@id":"https:\/\/iha-race.com\/de\/producto\/bateria-lipo-tattu-r-line-650mah-14-8v-4s1p-95c-xt30\/#primaryimage","url":"https:\/\/iha-race.com\/wp-content\/uploads\/2022\/11\/Tattu_R-Line_650mAh_14.8V_4S1P_95C_Lipo_Battery__ml.jpg","contentUrl":"https:\/\/iha-race.com\/wp-content\/uploads\/2022\/11\/Tattu_R-Line_650mAh_14.8V_4S1P_95C_Lipo_Battery__ml.jpg","width":800,"height":800,"caption":"Comprar Bater\u00eda Lipo Tattu R-Line 650mAh 14.8V 4S1P 95C"},{"@type":"BreadcrumbList","@id":"https:\/\/iha-race.com\/de\/producto\/bateria-lipo-tattu-r-line-650mah-14-8v-4s1p-95c-xt30\/#breadcrumb","itemListElement":[{"@type":"ListItem","position":1,"name":"Portada","item":"https:\/\/iha-race.com\/de\/elementor-499\/"},{"@type":"ListItem","position":2,"name":"Shop","item":"https:\/\/iha-race.com\/de\/shop\/"},{"@type":"ListItem","position":3,"name":"Tattu R-Line 650mAh 14.8V 4S1P 95C XT30 Lipo Tattu R-Line Akku"}]},{"@type":"WebSite","@id":"https:\/\/iha-race.com\/de\/#website","url":"https:\/\/iha-race.com\/de\/","name":"Iha Race","description":"Comprar drones de carreras FPV env\u00edos en un d\u00eda desde Espa\u00f1a","publisher":{"@id":"https:\/\/iha-race.com\/de\/#organization"},"potentialAction":[{"@type":"SearchAction","target":{"@type":"EntryPoint","urlTemplate":"https:\/\/iha-race.com\/de\/?s={search_term_string}"},"query-input":{"@type":"PropertyValueSpecification","valueRequired":true,"valueName":"search_term_string"}}],"inLanguage":"de"},{"@type":"Organization","@id":"https:\/\/iha-race.com\/de\/#organization","name":"Iha Race","url":"https:\/\/iha-race.com\/de\/","logo":{"@type":"ImageObject","inLanguage":"de","@id":"https:\/\/iha-race.com\/de\/#\/schema\/logo\/image\/","url":"https:\/\/iha-race.com\/wp-content\/uploads\/2018\/07\/iha-race-drones-de-carreras-tienda-comprar-drones.png","contentUrl":"https:\/\/iha-race.com\/wp-content\/uploads\/2018\/07\/iha-race-drones-de-carreras-tienda-comprar-drones.png","width":300,"height":100,"caption":"Iha Race"},"image":{"@id":"https:\/\/iha-race.com\/de\/#\/schema\/logo\/image\/"}}]}},"brands":[],"_links":{"self":[{"href":"https:\/\/iha-race.com\/de\/wp-json\/wp\/v2\/product\/211664","targetHints":{"allow":["GET"]}}],"collection":[{"href":"https:\/\/iha-race.com\/de\/wp-json\/wp\/v2\/product"}],"about":[{"href":"https:\/\/iha-race.com\/de\/wp-json\/wp\/v2\/types\/product"}],"replies":[{"embeddable":true,"href":"https:\/\/iha-race.com\/de\/wp-json\/wp\/v2\/comments?post=211664"}],"version-history":[{"count":2,"href":"https:\/\/iha-race.com\/de\/wp-json\/wp\/v2\/product\/211664\/revisions"}],"predecessor-version":[{"id":248981,"href":"https:\/\/iha-race.com\/de\/wp-json\/wp\/v2\/product\/211664\/revisions\/248981"}],"wp:featuredmedia":[{"embeddable":true,"href":"https:\/\/iha-race.com\/de\/wp-json\/wp\/v2\/media\/211659"}],"wp:attachment":[{"href":"https:\/\/iha-race.com\/de\/wp-json\/wp\/v2\/media?parent=211664"}],"wp:term":[{"taxonomy":"pwb-brand","embeddable":true,"href":"https:\/\/iha-race.com\/de\/wp-json\/wp\/v2\/pwb-brand?post=211664"},{"taxonomy":"product_cat","embeddable":true,"href":"https:\/\/iha-race.com\/de\/wp-json\/wp\/v2\/product_cat?post=211664"},{"taxonomy":"product_tag","embeddable":true,"href":"https:\/\/iha-race.com\/de\/wp-json\/wp\/v2\/product_tag?post=211664"}],"curies":[{"name":"wp","href":"https:\/\/api.w.org\/{rel}","templated":true}]}}