{"id":211590,"date":"2022-11-08T11:24:28","date_gmt":"2022-11-08T10:24:28","guid":{"rendered":"https:\/\/iha-race.com\/producto\/antenne-truerc-singularity-5-8-mmcx-lang-lhcp\/"},"modified":"2024-08-29T11:59:22","modified_gmt":"2024-08-29T09:59:22","slug":"antenne-truerc-singularitat-5-8-mmcx-lang-lhcp","status":"publish","type":"product","link":"https:\/\/iha-race.com\/de\/producto\/antenne-truerc-singularitat-5-8-mmcx-lang-lhcp\/","title":{"rendered":"TrueRC Singularity 5.8 MMCX (120\/90mm) LHCP DJI TrueRC Singularity 5.8 MMCX (120\/90mm) LHCP Antenne"},"content":{"rendered":"<h2>TrueRC Singularity 5.8 MMCX (120\/90mm) LHCP DJI TrueRC Singularity 5.8 MMCX (120\/90mm) LHCP Antenne<\/h2>\n<p>  Die 5.8 Singularit\u00e4t ist unsere fortschrittlichste Antenne. Wir haben die Miniaturisierung weiter vorangetrieben als je zuvor, aber es ist uns gelungen, die Leistung noch weiter zu steigern. Sie ist die kleinste und leichteste 5,8 GHz CP-Antenne, die jemals hergestellt wurde.  <\/p>\n<h3><strong>Spezifikationen:<\/strong><\/h3>\n<ul>\n<li><strong>Verst\u00e4rkung:<\/strong> 1.9dbic<\/li>\n<li><strong>Polarisation:<\/strong> RHCP oder LHCP<\/li>\n<li><strong>Kreuzpolarit\u00e4tsunterdr\u00fcckung<\/strong>: -15 bis -30dB (1,9%)\/<\/li>\n<li><strong>Bandbreite:<\/strong> 5,6 GHz-6,0 GHz<\/li>\n<li><strong>Strahlungseffizienz:<\/strong> 99%.<\/li>\n<li><strong>EIGENKAPITALRENDITE:<\/strong> &lt;=1,5:1<\/li>\n<li><strong>Gewicht:<\/strong> von 1,03 g bis 3,55 g je nach Konfiguration<\/li>\n<li><strong>Abmessungen (Kopf):<\/strong> 11,8 mm Durchmesser. x 8,2 mm hoch <a href=\"http:\/\/www.truerc.ca\/wp-content\/uploads\/sing58rg405drawing.pdf\">(PDF)<\/a><\/li>\n<li><strong>L\u00e4nge:<\/strong> 90\/120 mm<\/li>\n<li><strong>Kabel:<\/strong> RG405, RG178, 1,13 mm<\/li>\n<li><strong>Anschluss:<\/strong> MMCX\/90<\/li>\n<\/ul>\n<h3>Das Paket enth\u00e4lt:<\/h3>\n<ul>\n<li>1 x DJI TrueRC Singularity 5.8 MMCX LHCP TrueRC Singularity 5.8 Antenne in einer Gr\u00f6\u00dfe von 120 oder 90mm<\/li>\n<\/ul>\n<h3>N\u00fctzlicher Druck!<\/h3>\n<ul>\n<li><a href=\"https:\/\/www.thingiverse.com\/thing:4717441\">Rotor Riot HD1 Halterung<\/a><\/li>\n<li><a href=\"https:\/\/www.thingiverse.com\/thing:4945309\">iFlight Nazgul XL5V5 Halterung<\/a><\/li>\n<li><a href=\"https:\/\/www.thingiverse.com\/thing:4806910\">Lumenier QAV-S Mini-Antennenhalterung<\/a><\/li>\n<li><a href=\"https:\/\/www.thingiverse.com\/thing:4909919\">Metzgerei\/Genom-Mount<\/a><\/li>\n<li><a href=\"https:\/\/www.thingiverse.com\/thing:5335568\">AlphaRC Fi-115 Halterung<\/a><\/li>\n<\/ul>\n","protected":false},"excerpt":{"rendered":"<p>TrueRC Singularity 5.8 MMCX (120\/90mm) LHCP DJI TrueRC Singularity 5.8 MMCX (120\/90mm) LHCP Antenne Die 5.8 Singularit\u00e4t ist unsere fortschrittlichste Antenne. Wir haben die Miniaturisierung weiter vorangetrieben als je zuvor,<\/p>\n","protected":false},"featured_media":211585,"comment_status":"open","ping_status":"closed","template":"","meta":{"_joinchat":[]},"pwb-brand":[],"product_cat":[2589],"product_tag":[],"class_list":{"0":"post-211590","1":"product","2":"type-product","3":"status-publish","4":"has-post-thumbnail","6":"product_cat-fpv-antennen","8":"first","9":"instock","10":"taxable","11":"shipping-taxable","12":"purchasable","13":"product-type-variable"},"barcode":null,"atum_controlled":true,"out_stock_date":null,"out_stock_threshold":null,"inheritable":true,"stock_on_hold":0,"sold_today":0,"sales_last_days":0,"out_stock_days":0,"lost_sales":0,"update_date":"2026-04-18T22:03:26","atum_locations":[],"atum_stock_status":"instock","restock_status":false,"low_stock_amount":"","sales_update_date":"2026-04-18T22:03:26","calc_backorders":null,"yoast_head":"<!-- This site is optimized with the Yoast SEO plugin v27.3 - https:\/\/yoast.com\/product\/yoast-seo-wordpress\/ -->\n<title>TrueRC Singularity 5.8 MMCX (120\/90mm) LHCP DJI TrueRC Singularity 5.8 MMCX (120\/90mm) LHCP Antenne - Iha Race<\/title>\n<meta name=\"robots\" content=\"index, follow, max-snippet:-1, max-image-preview:large, max-video-preview:-1\" \/>\n<link rel=\"canonical\" href=\"https:\/\/iha-race.com\/de\/producto\/antenne-truerc-singularitat-5-8-mmcx-lang-lhcp\/\" \/>\n<meta property=\"og:locale\" content=\"de_DE\" \/>\n<meta property=\"og:type\" content=\"article\" \/>\n<meta property=\"og:title\" content=\"TrueRC Singularity 5.8 MMCX (120\/90mm) LHCP DJI TrueRC Singularity 5.8 MMCX (120\/90mm) LHCP Antenne - Iha Race\" \/>\n<meta property=\"og:description\" content=\"TrueRC Singularity 5.8 MMCX (120\/90mm) LHCP DJI TrueRC Singularity 5.8 MMCX (120\/90mm) LHCP Antenne Die 5.8 Singularit\u00e4t ist unsere fortschrittlichste Antenne. Wir haben die Miniaturisierung weiter vorangetrieben als je zuvor,\" \/>\n<meta property=\"og:url\" content=\"https:\/\/iha-race.com\/de\/producto\/antenne-truerc-singularitat-5-8-mmcx-lang-lhcp\/\" \/>\n<meta property=\"og:site_name\" content=\"Iha Race\" \/>\n<meta property=\"article:modified_time\" content=\"2024-08-29T09:59:22+00:00\" \/>\n<meta property=\"og:image\" content=\"https:\/\/iha-race.com\/wp-content\/uploads\/2022\/11\/7FB270DF-FDEA-4EDC-ABC4-22B826A687D3.jpg\" \/>\n\t<meta property=\"og:image:width\" content=\"1000\" \/>\n\t<meta property=\"og:image:height\" content=\"1000\" \/>\n\t<meta property=\"og:image:type\" content=\"image\/jpeg\" \/>\n<meta name=\"twitter:card\" content=\"summary_large_image\" \/>\n<meta name=\"twitter:label1\" content=\"Gesch\u00e4tzte Lesezeit\" \/>\n\t<meta name=\"twitter:data1\" content=\"1\u00a0Minute\" \/>\n<script type=\"application\/ld+json\" class=\"yoast-schema-graph\">{\"@context\":\"https:\\\/\\\/schema.org\",\"@graph\":[{\"@type\":\"WebPage\",\"@id\":\"https:\\\/\\\/iha-race.com\\\/de\\\/producto\\\/antenne-truerc-singularitat-5-8-mmcx-lang-lhcp\\\/\",\"url\":\"https:\\\/\\\/iha-race.com\\\/de\\\/producto\\\/antenne-truerc-singularitat-5-8-mmcx-lang-lhcp\\\/\",\"name\":\"TrueRC Singularity 5.8 MMCX (120\\\/90mm) LHCP DJI TrueRC Singularity 5.8 MMCX (120\\\/90mm) LHCP Antenne - Iha Race\",\"isPartOf\":{\"@id\":\"https:\\\/\\\/iha-race.com\\\/de\\\/#website\"},\"primaryImageOfPage\":{\"@id\":\"https:\\\/\\\/iha-race.com\\\/de\\\/producto\\\/antenne-truerc-singularitat-5-8-mmcx-lang-lhcp\\\/#primaryimage\"},\"image\":{\"@id\":\"https:\\\/\\\/iha-race.com\\\/de\\\/producto\\\/antenne-truerc-singularitat-5-8-mmcx-lang-lhcp\\\/#primaryimage\"},\"thumbnailUrl\":\"https:\\\/\\\/iha-race.com\\\/wp-content\\\/uploads\\\/2022\\\/11\\\/7FB270DF-FDEA-4EDC-ABC4-22B826A687D3.jpg\",\"datePublished\":\"2022-11-08T10:24:28+00:00\",\"dateModified\":\"2024-08-29T09:59:22+00:00\",\"breadcrumb\":{\"@id\":\"https:\\\/\\\/iha-race.com\\\/de\\\/producto\\\/antenne-truerc-singularitat-5-8-mmcx-lang-lhcp\\\/#breadcrumb\"},\"inLanguage\":\"de\",\"potentialAction\":[{\"@type\":\"ReadAction\",\"target\":[\"https:\\\/\\\/iha-race.com\\\/de\\\/producto\\\/antenne-truerc-singularitat-5-8-mmcx-lang-lhcp\\\/\"]}]},{\"@type\":\"ImageObject\",\"inLanguage\":\"de\",\"@id\":\"https:\\\/\\\/iha-race.com\\\/de\\\/producto\\\/antenne-truerc-singularitat-5-8-mmcx-lang-lhcp\\\/#primaryimage\",\"url\":\"https:\\\/\\\/iha-race.com\\\/wp-content\\\/uploads\\\/2022\\\/11\\\/7FB270DF-FDEA-4EDC-ABC4-22B826A687D3.jpg\",\"contentUrl\":\"https:\\\/\\\/iha-race.com\\\/wp-content\\\/uploads\\\/2022\\\/11\\\/7FB270DF-FDEA-4EDC-ABC4-22B826A687D3.jpg\",\"width\":1000,\"height\":1000,\"caption\":\"Comprar Antena TrueRC Singularity 5.8 MMCX (Long) LHCP\"},{\"@type\":\"BreadcrumbList\",\"@id\":\"https:\\\/\\\/iha-race.com\\\/de\\\/producto\\\/antenne-truerc-singularitat-5-8-mmcx-lang-lhcp\\\/#breadcrumb\",\"itemListElement\":[{\"@type\":\"ListItem\",\"position\":1,\"name\":\"Portada\",\"item\":\"https:\\\/\\\/iha-race.com\\\/de\\\/elementor-499\\\/\"},{\"@type\":\"ListItem\",\"position\":2,\"name\":\"Shop\",\"item\":\"https:\\\/\\\/iha-race.com\\\/de\\\/shop\\\/\"},{\"@type\":\"ListItem\",\"position\":3,\"name\":\"TrueRC Singularity 5.8 MMCX (120\\\/90mm) LHCP DJI TrueRC Singularity 5.8 MMCX (120\\\/90mm) LHCP Antenne\"}]},{\"@type\":\"WebSite\",\"@id\":\"https:\\\/\\\/iha-race.com\\\/de\\\/#website\",\"url\":\"https:\\\/\\\/iha-race.com\\\/de\\\/\",\"name\":\"Iha Race\",\"description\":\"Comprar drones de carreras FPV env\u00edos en un d\u00eda desde Espa\u00f1a\",\"publisher\":{\"@id\":\"https:\\\/\\\/iha-race.com\\\/de\\\/#organization\"},\"potentialAction\":[{\"@type\":\"SearchAction\",\"target\":{\"@type\":\"EntryPoint\",\"urlTemplate\":\"https:\\\/\\\/iha-race.com\\\/de\\\/?s={search_term_string}\"},\"query-input\":{\"@type\":\"PropertyValueSpecification\",\"valueRequired\":true,\"valueName\":\"search_term_string\"}}],\"inLanguage\":\"de\"},{\"@type\":\"Organization\",\"@id\":\"https:\\\/\\\/iha-race.com\\\/de\\\/#organization\",\"name\":\"Iha Race\",\"url\":\"https:\\\/\\\/iha-race.com\\\/de\\\/\",\"logo\":{\"@type\":\"ImageObject\",\"inLanguage\":\"de\",\"@id\":\"https:\\\/\\\/iha-race.com\\\/de\\\/#\\\/schema\\\/logo\\\/image\\\/\",\"url\":\"https:\\\/\\\/iha-race.com\\\/wp-content\\\/uploads\\\/2018\\\/07\\\/iha-race-drones-de-carreras-tienda-comprar-drones.png\",\"contentUrl\":\"https:\\\/\\\/iha-race.com\\\/wp-content\\\/uploads\\\/2018\\\/07\\\/iha-race-drones-de-carreras-tienda-comprar-drones.png\",\"width\":300,\"height\":100,\"caption\":\"Iha Race\"},\"image\":{\"@id\":\"https:\\\/\\\/iha-race.com\\\/de\\\/#\\\/schema\\\/logo\\\/image\\\/\"}}]}<\/script>\n<!-- \/ Yoast SEO plugin. -->","yoast_head_json":{"title":"TrueRC Singularity 5.8 MMCX (120\/90mm) LHCP DJI TrueRC Singularity 5.8 MMCX (120\/90mm) LHCP Antenne - Iha Race","robots":{"index":"index","follow":"follow","max-snippet":"max-snippet:-1","max-image-preview":"max-image-preview:large","max-video-preview":"max-video-preview:-1"},"canonical":"https:\/\/iha-race.com\/de\/producto\/antenne-truerc-singularitat-5-8-mmcx-lang-lhcp\/","og_locale":"de_DE","og_type":"article","og_title":"TrueRC Singularity 5.8 MMCX (120\/90mm) LHCP DJI TrueRC Singularity 5.8 MMCX (120\/90mm) LHCP Antenne - Iha Race","og_description":"TrueRC Singularity 5.8 MMCX (120\/90mm) LHCP DJI TrueRC Singularity 5.8 MMCX (120\/90mm) LHCP Antenne Die 5.8 Singularit\u00e4t ist unsere fortschrittlichste Antenne. Wir haben die Miniaturisierung weiter vorangetrieben als je zuvor,","og_url":"https:\/\/iha-race.com\/de\/producto\/antenne-truerc-singularitat-5-8-mmcx-lang-lhcp\/","og_site_name":"Iha Race","article_modified_time":"2024-08-29T09:59:22+00:00","og_image":[{"width":1000,"height":1000,"url":"https:\/\/iha-race.com\/wp-content\/uploads\/2022\/11\/7FB270DF-FDEA-4EDC-ABC4-22B826A687D3.jpg","type":"image\/jpeg"}],"twitter_card":"summary_large_image","twitter_misc":{"Gesch\u00e4tzte Lesezeit":"1\u00a0Minute"},"schema":{"@context":"https:\/\/schema.org","@graph":[{"@type":"WebPage","@id":"https:\/\/iha-race.com\/de\/producto\/antenne-truerc-singularitat-5-8-mmcx-lang-lhcp\/","url":"https:\/\/iha-race.com\/de\/producto\/antenne-truerc-singularitat-5-8-mmcx-lang-lhcp\/","name":"TrueRC Singularity 5.8 MMCX (120\/90mm) LHCP DJI TrueRC Singularity 5.8 MMCX (120\/90mm) LHCP Antenne - Iha Race","isPartOf":{"@id":"https:\/\/iha-race.com\/de\/#website"},"primaryImageOfPage":{"@id":"https:\/\/iha-race.com\/de\/producto\/antenne-truerc-singularitat-5-8-mmcx-lang-lhcp\/#primaryimage"},"image":{"@id":"https:\/\/iha-race.com\/de\/producto\/antenne-truerc-singularitat-5-8-mmcx-lang-lhcp\/#primaryimage"},"thumbnailUrl":"https:\/\/iha-race.com\/wp-content\/uploads\/2022\/11\/7FB270DF-FDEA-4EDC-ABC4-22B826A687D3.jpg","datePublished":"2022-11-08T10:24:28+00:00","dateModified":"2024-08-29T09:59:22+00:00","breadcrumb":{"@id":"https:\/\/iha-race.com\/de\/producto\/antenne-truerc-singularitat-5-8-mmcx-lang-lhcp\/#breadcrumb"},"inLanguage":"de","potentialAction":[{"@type":"ReadAction","target":["https:\/\/iha-race.com\/de\/producto\/antenne-truerc-singularitat-5-8-mmcx-lang-lhcp\/"]}]},{"@type":"ImageObject","inLanguage":"de","@id":"https:\/\/iha-race.com\/de\/producto\/antenne-truerc-singularitat-5-8-mmcx-lang-lhcp\/#primaryimage","url":"https:\/\/iha-race.com\/wp-content\/uploads\/2022\/11\/7FB270DF-FDEA-4EDC-ABC4-22B826A687D3.jpg","contentUrl":"https:\/\/iha-race.com\/wp-content\/uploads\/2022\/11\/7FB270DF-FDEA-4EDC-ABC4-22B826A687D3.jpg","width":1000,"height":1000,"caption":"Comprar Antena TrueRC Singularity 5.8 MMCX (Long) LHCP"},{"@type":"BreadcrumbList","@id":"https:\/\/iha-race.com\/de\/producto\/antenne-truerc-singularitat-5-8-mmcx-lang-lhcp\/#breadcrumb","itemListElement":[{"@type":"ListItem","position":1,"name":"Portada","item":"https:\/\/iha-race.com\/de\/elementor-499\/"},{"@type":"ListItem","position":2,"name":"Shop","item":"https:\/\/iha-race.com\/de\/shop\/"},{"@type":"ListItem","position":3,"name":"TrueRC Singularity 5.8 MMCX (120\/90mm) LHCP DJI TrueRC Singularity 5.8 MMCX (120\/90mm) LHCP Antenne"}]},{"@type":"WebSite","@id":"https:\/\/iha-race.com\/de\/#website","url":"https:\/\/iha-race.com\/de\/","name":"Iha Race","description":"Comprar drones de carreras FPV env\u00edos en un d\u00eda desde Espa\u00f1a","publisher":{"@id":"https:\/\/iha-race.com\/de\/#organization"},"potentialAction":[{"@type":"SearchAction","target":{"@type":"EntryPoint","urlTemplate":"https:\/\/iha-race.com\/de\/?s={search_term_string}"},"query-input":{"@type":"PropertyValueSpecification","valueRequired":true,"valueName":"search_term_string"}}],"inLanguage":"de"},{"@type":"Organization","@id":"https:\/\/iha-race.com\/de\/#organization","name":"Iha Race","url":"https:\/\/iha-race.com\/de\/","logo":{"@type":"ImageObject","inLanguage":"de","@id":"https:\/\/iha-race.com\/de\/#\/schema\/logo\/image\/","url":"https:\/\/iha-race.com\/wp-content\/uploads\/2018\/07\/iha-race-drones-de-carreras-tienda-comprar-drones.png","contentUrl":"https:\/\/iha-race.com\/wp-content\/uploads\/2018\/07\/iha-race-drones-de-carreras-tienda-comprar-drones.png","width":300,"height":100,"caption":"Iha Race"},"image":{"@id":"https:\/\/iha-race.com\/de\/#\/schema\/logo\/image\/"}}]}},"jetpack_sharing_enabled":true,"brands":[],"_links":{"self":[{"href":"https:\/\/iha-race.com\/de\/wp-json\/wp\/v2\/product\/211590","targetHints":{"allow":["GET"]}}],"collection":[{"href":"https:\/\/iha-race.com\/de\/wp-json\/wp\/v2\/product"}],"about":[{"href":"https:\/\/iha-race.com\/de\/wp-json\/wp\/v2\/types\/product"}],"replies":[{"embeddable":true,"href":"https:\/\/iha-race.com\/de\/wp-json\/wp\/v2\/comments?post=211590"}],"version-history":[{"count":3,"href":"https:\/\/iha-race.com\/de\/wp-json\/wp\/v2\/product\/211590\/revisions"}],"predecessor-version":[{"id":248984,"href":"https:\/\/iha-race.com\/de\/wp-json\/wp\/v2\/product\/211590\/revisions\/248984"}],"wp:featuredmedia":[{"embeddable":true,"href":"https:\/\/iha-race.com\/de\/wp-json\/wp\/v2\/media\/211585"}],"wp:attachment":[{"href":"https:\/\/iha-race.com\/de\/wp-json\/wp\/v2\/media?parent=211590"}],"wp:term":[{"taxonomy":"pwb-brand","embeddable":true,"href":"https:\/\/iha-race.com\/de\/wp-json\/wp\/v2\/pwb-brand?post=211590"},{"taxonomy":"product_cat","embeddable":true,"href":"https:\/\/iha-race.com\/de\/wp-json\/wp\/v2\/product_cat?post=211590"},{"taxonomy":"product_tag","embeddable":true,"href":"https:\/\/iha-race.com\/de\/wp-json\/wp\/v2\/product_tag?post=211590"}],"curies":[{"name":"wp","href":"https:\/\/api.w.org\/{rel}","templated":true}]}}