{"id":210377,"date":"2022-10-18T17:34:06","date_gmt":"2022-10-18T15:34:06","guid":{"rendered":"https:\/\/iha-race.com\/producto\/lumenier-double-axii-2-hd-weitbereichsantenne-58-ghz-rechtwinklig-lhcp-rpsma\/"},"modified":"2024-08-29T11:57:48","modified_gmt":"2024-08-29T09:57:48","slug":"antenne-lumenier-doppel-axii-2-hd-lang-reichweite-58-ghz-winkel-gerade-lhcp-rpsma","status":"publish","type":"product","link":"https:\/\/iha-race.com\/de\/producto\/antenne-lumenier-doppel-axii-2-hd-lang-reichweite-58-ghz-winkel-gerade-lhcp-rpsma\/","title":{"rendered":"Lumenier Double AXII 2 HD Weitbereichsantenne 5,8 GHz rechtwinklig (LHCP &#8211; RPSMA)"},"content":{"rendered":"<h2>Lumenier Double AXII 2 HD Weitbereichsantenne 5,8 GHz rechtwinklig (LHCP &#8211; RPSMA)<\/h2>\n<p>  Die Lumenier AXII 2 HD ist bekannt als die vielseitigste und leistungsst\u00e4rkste FPV-Antennenserie, die heute erh\u00e4ltlich ist. Lumenier ist es gelungen, das Beste zu verbessern und mit der neuen und einzigartigen Double AXII 2 HD-Winkelantenne noch besser zu machen! Jetzt speziell f\u00fcr die Verwendung mit DJI Digital FPV-Brillen ohne Adapter entwickelt.  &nbsp;<\/p>\n<p><img decoding=\"async\" src=\"https:\/\/cdn.getfpv.com\/media\/wysiwyg\/Antennas\/Lumenier-Double-AxII-2-HD-Long-Range-Antenna-Gray-Graphic.jpg\"><\/p>\n<h3>Doppelte Verst\u00e4rkung = gr\u00f6\u00dfere Reichweite<\/h3>\n<p>  Eines der wichtigsten Merkmale der Double AXII 2 HD Antenne ist die einzigartige Kombination von 2 Antennenelementen in einem einzigen Antennennetzwerk mit hohem Gewinn. Dank Pr\u00e4zisionsfertigung und Feinabstimmung ist jede Double AXII 2 HD in der Lage, den Gewinn einer Standard AXII 2-Antenne von 2,2 auf unglaubliche 4,7 dBiC mehr als zu verdoppeln. Das bedeutet, dass Sie weiter weg oder hinter mehr Objekten fliegen k\u00f6nnen und trotzdem ein klares FPV-Videosignal erhalten.  <\/p>\n<h3>Hohe Verst\u00e4rkung + Kugelcharakteristik<\/h3>\n<p>  Antennen mit hohem Gewinn sind nichts Neues. Es gibt viele Patch-, Helix- und Crossover-Antennen, die einen hohen Gewinn bieten, aber den Nachteil haben, dass sie extrem gerichtet sind. Das bedeutet, dass sie nur in der Richtung gut funktionieren, in die sie zeigen. Die Double AXII 2 HD-Antenne ist omnidirektional, d. h. sie arbeitet 360 Grad um Sie herum. Es kann vor, hinter oder seitlich fliegen und hat immer noch den gleichen guten Empfang. Egal, in welche Richtung Sie zeigen, Sie werden ein gro\u00dfartiges Signal um sich herum haben!  <\/p>\n<h3>Besser im Empfangen oder im Senden?<\/h3>\n<p>  Die Lumenier Double AXII 2 HD Antenne kann sowohl f\u00fcr den Empfang als auch f\u00fcr das Senden verwendet werden. Aufgrund der Beschaffenheit des Strahlungsdiagramms ist sie jedoch in den meisten F\u00e4llen eher als Empfangsantenne geeignet. Der h\u00f6here Gewinn bietet eine viel gr\u00f6\u00dfere Reichweite in einem &#8220;Doughnut&#8221;-\u00e4hnlichen Strahlungsmuster, hat aber einige Nullen direkt \u00fcber\/unter der Antenne und einige kleine Nullen um die 50-Grad-Bereiche. Wenn Sie die Double AXII 2 HD als Empfangsantenne vertikal ausrichten, haben Sie ein ausgezeichnetes Signal rund um Sie herum in einem Sichtfeld von 32 Grad. Sie k\u00f6nnen dies auch tun, indem Sie die Antenne am Sender Ihres Flugzeugs anbringen. Wenn sie sich jedoch w\u00e4hrend des Fluges zu stark neigt oder kippt, kann sie in die Nullbereiche der Antenne laufen. Deshalb ist sie im Allgemeinen am besten als Empfangsantenne geeignet. Lassen Sie sich von uns nicht davon abhalten, kreativ zu sein! Ben\u00f6tigen Sie eine Antenne an Ihrem Flugzeug f\u00fcr eine ultimative Langstreckenmission? Das k\u00f6nnte die perfekte Option f\u00fcr Sie sein.  <\/p>\n<h3><img decoding=\"async\" src=\"https:\/\/cdn.getfpv.com\/media\/wysiwyg\/Antennas\/Lumenier-Double-AxII-2-Long-Range-Antenna---Gray-_Carbon-Fiber-BG_-HD.jpeg\"><\/h3>\n<h3>Verbesserte Funktionen im Vergleich zum AXII V1 Standard<\/h3>\n<ul>\n<li>Speziell entwickelt f\u00fcr die Verwendung mit digitalen FPV-Brillen von DJI ohne Adapter<\/li>\n<li>Deutlich verbesserte Reichweite mit h\u00f6herer Verst\u00e4rkung (4,7 dBiC)<\/li>\n<li>Saubereres Signal und bessere St\u00f6rungsunterdr\u00fcckung<\/li>\n<li>Langlebiger: verbessertes Spritzgussgeh\u00e4use<\/li>\n<li>Gr\u00f6\u00dfere Bandbreite (5,3-6,2 GHz)<\/li>\n<li>Nahezu perfektes Achsenverh\u00e4ltnis<\/li>\n<\/ul>\n<p>  Dank der Pr\u00e4zisionstechnik hat diese Antenne ein nahezu perfektes Achsenverh\u00e4ltnis von 1,0, was zu einer echten Kreisf\u00f6rmigkeit f\u00fchrt. Dar\u00fcber hinaus hat der Double AXII 2 eine unglaubliche maximale Verst\u00e4rkung von 4,7 dBiC, eine echte Verbesserung gegen\u00fcber dem urspr\u00fcnglichen AXII.  <\/p>\n<h3>Superhart<\/h3>\n<p>  Antennen werden stark beansprucht, besonders wenn sie auf einem Quad angebracht sind. Das robuste Antennengeh\u00e4use der AXII 2 HD besteht aus einem neuen spritzgegossenen Polycarbonat mit einer ultraschallverschwei\u00dften Dichtung. Dadurch wurde die Haltbarkeit des AXII-Geh\u00e4uses erheblich verbessert. Das 120 mm lange, halbstarre RG402-Kabel erm\u00f6glicht einen Freiheitsgrad von 90 Grad oder mehr. Die RPSMA-Verbindung ist mit einem Metallkragen verst\u00e4rkt, der f\u00fcr zus\u00e4tzlichen Halt an die Basis gecrimpt ist.&nbsp; H <em>inweis: Sichern Sie die Antenne bei der Installation durch den RPSMA-Anschluss, verdrehen Sie die Kappe nicht.<\/em><strong>Speziell f\u00fcr die Verwendung mit digitalen FPV-Brillen von DJI <\/strong><strong>entwickelt <\/strong>!  <\/p>\n<ul>\n<li>DJI Digitale FPV HD-Brille<\/li>\n<\/ul>\n<h2>Spezifikationen<\/h2>\n<ul>\n<li><strong>Anschluss:<\/strong> rechtwinkliger RPSMA<\/li>\n<li><strong>Axiales Verh\u00e4ltnis:<\/strong> 1,0 (nahezu perfekt)<\/li>\n<li><strong>Bandbreite:<\/strong> 5,3 GHz-6,2 GHz<\/li>\n<li><strong>Strahlungseffizienz:<\/strong> 98%.<\/li>\n<li><strong>Kabel:<\/strong> Halbsteifes RG402<\/li>\n<li><strong>Gr\u00f6\u00dfe:<\/strong> 190 mm x 17,5 mm<\/li>\n<li><strong>Verst\u00e4rkung:<\/strong> 4.7dBiC<\/li>\n<li><strong>EIGENKAPITALRENDITE:<\/strong> &lt;=1,5:1<\/li>\n<li><strong>Gewicht:<\/strong> 17g<\/li>\n<\/ul>\n<h2><strong>Polarisierung<\/strong><\/h2>\n<ul>\n<li>Linke Seite (LHCP)<\/li>\n<\/ul>\n<h2>Enth\u00e4lt<\/h2>\n<ul>\n<li>1 x Lumenier Double AXII 2 HD Antenne mit gro\u00dfer Reichweite 5,8 GHz (LHCP, RPSMA), <strong>RECHTS WINKEL<\/strong><\/li>\n<\/ul>\n<p>&nbsp;<\/p>\n<p>&nbsp;<\/p>\n","protected":false},"excerpt":{"rendered":"<p>Die Double AXII 2 HD nimmt die besten Teile der urspr\u00fcnglichen AXII 2 Antenne und verdoppelt den Gewinn, um die Reichweite und Leistung zu verbessern! Dies ist eine omnidirektionale, zirkular polarisierte FPV-Antenne mit hohem Gewinn in einem kompakten Formfaktor. Speziell f\u00fcr die Verwendung mit digitalen FPV-Brillen von DJI ohne Adapter entwickelt!<\/p>\n","protected":false},"featured_media":210347,"comment_status":"open","ping_status":"closed","template":"","meta":{"_joinchat":[]},"pwb-brand":[],"product_cat":[2589],"product_tag":[],"class_list":{"0":"post-210377","1":"product","2":"type-product","3":"status-publish","4":"has-post-thumbnail","6":"product_cat-fpv-antennen","8":"first","9":"instock","10":"taxable","11":"shipping-taxable","12":"purchasable","13":"product-type-simple"},"barcode":null,"atum_controlled":true,"out_stock_date":null,"out_stock_threshold":null,"inheritable":false,"stock_on_hold":0,"sold_today":0,"sales_last_days":0,"out_stock_days":0,"lost_sales":0,"update_date":"2026-04-16T08:17:07","atum_locations":[],"atum_stock_status":"instock","restock_status":false,"low_stock_amount":"","sales_update_date":"2026-04-16T08:17:07","calc_backorders":null,"yoast_head":"<!-- This site is optimized with the Yoast SEO plugin v27.3 - https:\/\/yoast.com\/product\/yoast-seo-wordpress\/ -->\n<title>Lumenier Double AXII 2 HD Weitbereichsantenne 5,8 GHz rechtwinklig (LHCP - RPSMA) - Iha Race<\/title>\n<meta name=\"robots\" content=\"index, follow, max-snippet:-1, max-image-preview:large, max-video-preview:-1\" \/>\n<link rel=\"canonical\" href=\"https:\/\/iha-race.com\/de\/producto\/antenne-lumenier-doppel-axii-2-hd-lang-reichweite-58-ghz-winkel-gerade-lhcp-rpsma\/\" \/>\n<meta property=\"og:locale\" content=\"de_DE\" \/>\n<meta property=\"og:type\" content=\"article\" \/>\n<meta property=\"og:title\" content=\"Lumenier Double AXII 2 HD Weitbereichsantenne 5,8 GHz rechtwinklig (LHCP - RPSMA) - Iha Race\" \/>\n<meta property=\"og:description\" content=\"Die Double AXII 2 HD nimmt die besten Teile der urspr\u00fcnglichen AXII 2 Antenne und verdoppelt den Gewinn, um die Reichweite und Leistung zu verbessern! Dies ist eine omnidirektionale, zirkular polarisierte FPV-Antenne mit hohem Gewinn in einem kompakten Formfaktor. Speziell f\u00fcr die Verwendung mit digitalen FPV-Brillen von DJI ohne Adapter entwickelt!\" \/>\n<meta property=\"og:url\" content=\"https:\/\/iha-race.com\/de\/producto\/antenne-lumenier-doppel-axii-2-hd-lang-reichweite-58-ghz-winkel-gerade-lhcp-rpsma\/\" \/>\n<meta property=\"og:site_name\" content=\"Iha Race\" \/>\n<meta property=\"article:modified_time\" content=\"2024-08-29T09:57:48+00:00\" \/>\n<meta property=\"og:image\" content=\"https:\/\/iha-race.com\/wp-content\/uploads\/2022\/10\/Antena-Lumenier-Double-AXII-2-HD-largo-alcance-de-58-GHz-Angulo-recto-LHCP-RPSMA.jpg\" \/>\n\t<meta property=\"og:image:width\" content=\"700\" \/>\n\t<meta property=\"og:image:height\" content=\"700\" \/>\n\t<meta property=\"og:image:type\" content=\"image\/jpeg\" \/>\n<meta name=\"twitter:card\" content=\"summary_large_image\" \/>\n<meta name=\"twitter:label1\" content=\"Gesch\u00e4tzte Lesezeit\" \/>\n\t<meta name=\"twitter:data1\" content=\"3\u00a0Minuten\" \/>\n<script type=\"application\/ld+json\" class=\"yoast-schema-graph\">{\"@context\":\"https:\\\/\\\/schema.org\",\"@graph\":[{\"@type\":\"WebPage\",\"@id\":\"https:\\\/\\\/iha-race.com\\\/de\\\/producto\\\/antenne-lumenier-doppel-axii-2-hd-lang-reichweite-58-ghz-winkel-gerade-lhcp-rpsma\\\/\",\"url\":\"https:\\\/\\\/iha-race.com\\\/de\\\/producto\\\/antenne-lumenier-doppel-axii-2-hd-lang-reichweite-58-ghz-winkel-gerade-lhcp-rpsma\\\/\",\"name\":\"Lumenier Double AXII 2 HD Weitbereichsantenne 5,8 GHz rechtwinklig (LHCP - RPSMA) - Iha Race\",\"isPartOf\":{\"@id\":\"https:\\\/\\\/iha-race.com\\\/de\\\/#website\"},\"primaryImageOfPage\":{\"@id\":\"https:\\\/\\\/iha-race.com\\\/de\\\/producto\\\/antenne-lumenier-doppel-axii-2-hd-lang-reichweite-58-ghz-winkel-gerade-lhcp-rpsma\\\/#primaryimage\"},\"image\":{\"@id\":\"https:\\\/\\\/iha-race.com\\\/de\\\/producto\\\/antenne-lumenier-doppel-axii-2-hd-lang-reichweite-58-ghz-winkel-gerade-lhcp-rpsma\\\/#primaryimage\"},\"thumbnailUrl\":\"https:\\\/\\\/iha-race.com\\\/wp-content\\\/uploads\\\/2022\\\/10\\\/Antena-Lumenier-Double-AXII-2-HD-largo-alcance-de-58-GHz-Angulo-recto-LHCP-RPSMA.jpg\",\"datePublished\":\"2022-10-18T15:34:06+00:00\",\"dateModified\":\"2024-08-29T09:57:48+00:00\",\"breadcrumb\":{\"@id\":\"https:\\\/\\\/iha-race.com\\\/de\\\/producto\\\/antenne-lumenier-doppel-axii-2-hd-lang-reichweite-58-ghz-winkel-gerade-lhcp-rpsma\\\/#breadcrumb\"},\"inLanguage\":\"de\",\"potentialAction\":[{\"@type\":\"ReadAction\",\"target\":[\"https:\\\/\\\/iha-race.com\\\/de\\\/producto\\\/antenne-lumenier-doppel-axii-2-hd-lang-reichweite-58-ghz-winkel-gerade-lhcp-rpsma\\\/\"]}]},{\"@type\":\"ImageObject\",\"inLanguage\":\"de\",\"@id\":\"https:\\\/\\\/iha-race.com\\\/de\\\/producto\\\/antenne-lumenier-doppel-axii-2-hd-lang-reichweite-58-ghz-winkel-gerade-lhcp-rpsma\\\/#primaryimage\",\"url\":\"https:\\\/\\\/iha-race.com\\\/wp-content\\\/uploads\\\/2022\\\/10\\\/Antena-Lumenier-Double-AXII-2-HD-largo-alcance-de-58-GHz-Angulo-recto-LHCP-RPSMA.jpg\",\"contentUrl\":\"https:\\\/\\\/iha-race.com\\\/wp-content\\\/uploads\\\/2022\\\/10\\\/Antena-Lumenier-Double-AXII-2-HD-largo-alcance-de-58-GHz-Angulo-recto-LHCP-RPSMA.jpg\",\"width\":700,\"height\":700,\"caption\":\"comprar mas barato Antena Lumenier Double AXII 2 HD largo alcance de 5,8 GHz \u00c1ngulo recto (LHCP - RPSMA)\"},{\"@type\":\"BreadcrumbList\",\"@id\":\"https:\\\/\\\/iha-race.com\\\/de\\\/producto\\\/antenne-lumenier-doppel-axii-2-hd-lang-reichweite-58-ghz-winkel-gerade-lhcp-rpsma\\\/#breadcrumb\",\"itemListElement\":[{\"@type\":\"ListItem\",\"position\":1,\"name\":\"Portada\",\"item\":\"https:\\\/\\\/iha-race.com\\\/de\\\/elementor-499\\\/\"},{\"@type\":\"ListItem\",\"position\":2,\"name\":\"Shop\",\"item\":\"https:\\\/\\\/iha-race.com\\\/de\\\/shop\\\/\"},{\"@type\":\"ListItem\",\"position\":3,\"name\":\"Lumenier Double AXII 2 HD Weitbereichsantenne 5,8 GHz rechtwinklig (LHCP &#8211; RPSMA)\"}]},{\"@type\":\"WebSite\",\"@id\":\"https:\\\/\\\/iha-race.com\\\/de\\\/#website\",\"url\":\"https:\\\/\\\/iha-race.com\\\/de\\\/\",\"name\":\"Iha Race\",\"description\":\"Comprar drones de carreras FPV env\u00edos en un d\u00eda desde Espa\u00f1a\",\"publisher\":{\"@id\":\"https:\\\/\\\/iha-race.com\\\/de\\\/#organization\"},\"potentialAction\":[{\"@type\":\"SearchAction\",\"target\":{\"@type\":\"EntryPoint\",\"urlTemplate\":\"https:\\\/\\\/iha-race.com\\\/de\\\/?s={search_term_string}\"},\"query-input\":{\"@type\":\"PropertyValueSpecification\",\"valueRequired\":true,\"valueName\":\"search_term_string\"}}],\"inLanguage\":\"de\"},{\"@type\":\"Organization\",\"@id\":\"https:\\\/\\\/iha-race.com\\\/de\\\/#organization\",\"name\":\"Iha Race\",\"url\":\"https:\\\/\\\/iha-race.com\\\/de\\\/\",\"logo\":{\"@type\":\"ImageObject\",\"inLanguage\":\"de\",\"@id\":\"https:\\\/\\\/iha-race.com\\\/de\\\/#\\\/schema\\\/logo\\\/image\\\/\",\"url\":\"https:\\\/\\\/iha-race.com\\\/wp-content\\\/uploads\\\/2018\\\/07\\\/iha-race-drones-de-carreras-tienda-comprar-drones.png\",\"contentUrl\":\"https:\\\/\\\/iha-race.com\\\/wp-content\\\/uploads\\\/2018\\\/07\\\/iha-race-drones-de-carreras-tienda-comprar-drones.png\",\"width\":300,\"height\":100,\"caption\":\"Iha Race\"},\"image\":{\"@id\":\"https:\\\/\\\/iha-race.com\\\/de\\\/#\\\/schema\\\/logo\\\/image\\\/\"}}]}<\/script>\n<!-- \/ Yoast SEO plugin. -->","yoast_head_json":{"title":"Lumenier Double AXII 2 HD Weitbereichsantenne 5,8 GHz rechtwinklig (LHCP - RPSMA) - Iha Race","robots":{"index":"index","follow":"follow","max-snippet":"max-snippet:-1","max-image-preview":"max-image-preview:large","max-video-preview":"max-video-preview:-1"},"canonical":"https:\/\/iha-race.com\/de\/producto\/antenne-lumenier-doppel-axii-2-hd-lang-reichweite-58-ghz-winkel-gerade-lhcp-rpsma\/","og_locale":"de_DE","og_type":"article","og_title":"Lumenier Double AXII 2 HD Weitbereichsantenne 5,8 GHz rechtwinklig (LHCP - RPSMA) - Iha Race","og_description":"Die Double AXII 2 HD nimmt die besten Teile der urspr\u00fcnglichen AXII 2 Antenne und verdoppelt den Gewinn, um die Reichweite und Leistung zu verbessern! Dies ist eine omnidirektionale, zirkular polarisierte FPV-Antenne mit hohem Gewinn in einem kompakten Formfaktor. Speziell f\u00fcr die Verwendung mit digitalen FPV-Brillen von DJI ohne Adapter entwickelt!","og_url":"https:\/\/iha-race.com\/de\/producto\/antenne-lumenier-doppel-axii-2-hd-lang-reichweite-58-ghz-winkel-gerade-lhcp-rpsma\/","og_site_name":"Iha Race","article_modified_time":"2024-08-29T09:57:48+00:00","og_image":[{"width":700,"height":700,"url":"https:\/\/iha-race.com\/wp-content\/uploads\/2022\/10\/Antena-Lumenier-Double-AXII-2-HD-largo-alcance-de-58-GHz-Angulo-recto-LHCP-RPSMA.jpg","type":"image\/jpeg"}],"twitter_card":"summary_large_image","twitter_misc":{"Gesch\u00e4tzte Lesezeit":"3\u00a0Minuten"},"schema":{"@context":"https:\/\/schema.org","@graph":[{"@type":"WebPage","@id":"https:\/\/iha-race.com\/de\/producto\/antenne-lumenier-doppel-axii-2-hd-lang-reichweite-58-ghz-winkel-gerade-lhcp-rpsma\/","url":"https:\/\/iha-race.com\/de\/producto\/antenne-lumenier-doppel-axii-2-hd-lang-reichweite-58-ghz-winkel-gerade-lhcp-rpsma\/","name":"Lumenier Double AXII 2 HD Weitbereichsantenne 5,8 GHz rechtwinklig (LHCP - RPSMA) - Iha Race","isPartOf":{"@id":"https:\/\/iha-race.com\/de\/#website"},"primaryImageOfPage":{"@id":"https:\/\/iha-race.com\/de\/producto\/antenne-lumenier-doppel-axii-2-hd-lang-reichweite-58-ghz-winkel-gerade-lhcp-rpsma\/#primaryimage"},"image":{"@id":"https:\/\/iha-race.com\/de\/producto\/antenne-lumenier-doppel-axii-2-hd-lang-reichweite-58-ghz-winkel-gerade-lhcp-rpsma\/#primaryimage"},"thumbnailUrl":"https:\/\/iha-race.com\/wp-content\/uploads\/2022\/10\/Antena-Lumenier-Double-AXII-2-HD-largo-alcance-de-58-GHz-Angulo-recto-LHCP-RPSMA.jpg","datePublished":"2022-10-18T15:34:06+00:00","dateModified":"2024-08-29T09:57:48+00:00","breadcrumb":{"@id":"https:\/\/iha-race.com\/de\/producto\/antenne-lumenier-doppel-axii-2-hd-lang-reichweite-58-ghz-winkel-gerade-lhcp-rpsma\/#breadcrumb"},"inLanguage":"de","potentialAction":[{"@type":"ReadAction","target":["https:\/\/iha-race.com\/de\/producto\/antenne-lumenier-doppel-axii-2-hd-lang-reichweite-58-ghz-winkel-gerade-lhcp-rpsma\/"]}]},{"@type":"ImageObject","inLanguage":"de","@id":"https:\/\/iha-race.com\/de\/producto\/antenne-lumenier-doppel-axii-2-hd-lang-reichweite-58-ghz-winkel-gerade-lhcp-rpsma\/#primaryimage","url":"https:\/\/iha-race.com\/wp-content\/uploads\/2022\/10\/Antena-Lumenier-Double-AXII-2-HD-largo-alcance-de-58-GHz-Angulo-recto-LHCP-RPSMA.jpg","contentUrl":"https:\/\/iha-race.com\/wp-content\/uploads\/2022\/10\/Antena-Lumenier-Double-AXII-2-HD-largo-alcance-de-58-GHz-Angulo-recto-LHCP-RPSMA.jpg","width":700,"height":700,"caption":"comprar mas barato Antena Lumenier Double AXII 2 HD largo alcance de 5,8 GHz \u00c1ngulo recto (LHCP - RPSMA)"},{"@type":"BreadcrumbList","@id":"https:\/\/iha-race.com\/de\/producto\/antenne-lumenier-doppel-axii-2-hd-lang-reichweite-58-ghz-winkel-gerade-lhcp-rpsma\/#breadcrumb","itemListElement":[{"@type":"ListItem","position":1,"name":"Portada","item":"https:\/\/iha-race.com\/de\/elementor-499\/"},{"@type":"ListItem","position":2,"name":"Shop","item":"https:\/\/iha-race.com\/de\/shop\/"},{"@type":"ListItem","position":3,"name":"Lumenier Double AXII 2 HD Weitbereichsantenne 5,8 GHz rechtwinklig (LHCP &#8211; RPSMA)"}]},{"@type":"WebSite","@id":"https:\/\/iha-race.com\/de\/#website","url":"https:\/\/iha-race.com\/de\/","name":"Iha Race","description":"Comprar drones de carreras FPV env\u00edos en un d\u00eda desde Espa\u00f1a","publisher":{"@id":"https:\/\/iha-race.com\/de\/#organization"},"potentialAction":[{"@type":"SearchAction","target":{"@type":"EntryPoint","urlTemplate":"https:\/\/iha-race.com\/de\/?s={search_term_string}"},"query-input":{"@type":"PropertyValueSpecification","valueRequired":true,"valueName":"search_term_string"}}],"inLanguage":"de"},{"@type":"Organization","@id":"https:\/\/iha-race.com\/de\/#organization","name":"Iha Race","url":"https:\/\/iha-race.com\/de\/","logo":{"@type":"ImageObject","inLanguage":"de","@id":"https:\/\/iha-race.com\/de\/#\/schema\/logo\/image\/","url":"https:\/\/iha-race.com\/wp-content\/uploads\/2018\/07\/iha-race-drones-de-carreras-tienda-comprar-drones.png","contentUrl":"https:\/\/iha-race.com\/wp-content\/uploads\/2018\/07\/iha-race-drones-de-carreras-tienda-comprar-drones.png","width":300,"height":100,"caption":"Iha Race"},"image":{"@id":"https:\/\/iha-race.com\/de\/#\/schema\/logo\/image\/"}}]}},"brands":[],"_links":{"self":[{"href":"https:\/\/iha-race.com\/de\/wp-json\/wp\/v2\/product\/210377","targetHints":{"allow":["GET"]}}],"collection":[{"href":"https:\/\/iha-race.com\/de\/wp-json\/wp\/v2\/product"}],"about":[{"href":"https:\/\/iha-race.com\/de\/wp-json\/wp\/v2\/types\/product"}],"replies":[{"embeddable":true,"href":"https:\/\/iha-race.com\/de\/wp-json\/wp\/v2\/comments?post=210377"}],"version-history":[{"count":1,"href":"https:\/\/iha-race.com\/de\/wp-json\/wp\/v2\/product\/210377\/revisions"}],"predecessor-version":[{"id":248930,"href":"https:\/\/iha-race.com\/de\/wp-json\/wp\/v2\/product\/210377\/revisions\/248930"}],"wp:featuredmedia":[{"embeddable":true,"href":"https:\/\/iha-race.com\/de\/wp-json\/wp\/v2\/media\/210347"}],"wp:attachment":[{"href":"https:\/\/iha-race.com\/de\/wp-json\/wp\/v2\/media?parent=210377"}],"wp:term":[{"taxonomy":"pwb-brand","embeddable":true,"href":"https:\/\/iha-race.com\/de\/wp-json\/wp\/v2\/pwb-brand?post=210377"},{"taxonomy":"product_cat","embeddable":true,"href":"https:\/\/iha-race.com\/de\/wp-json\/wp\/v2\/product_cat?post=210377"},{"taxonomy":"product_tag","embeddable":true,"href":"https:\/\/iha-race.com\/de\/wp-json\/wp\/v2\/product_tag?post=210377"}],"curies":[{"name":"wp","href":"https:\/\/api.w.org\/{rel}","templated":true}]}}