{"id":209561,"date":"2022-09-12T17:58:57","date_gmt":"2022-09-12T15:58:57","guid":{"rendered":"https:\/\/iha-race.com\/producto\/esc-foxeer-reaper-f4-mini-128k-4in1-bl32-60a-esc-940v-2020mm-m3\/"},"modified":"2024-09-05T18:41:47","modified_gmt":"2024-09-05T16:41:47","slug":"esc-foxeer-reaper-f4-mini-128k-4in1-bl32-60a-esc-940v-2020mm-m3","status":"publish","type":"product","link":"https:\/\/iha-race.com\/de\/producto\/esc-foxeer-reaper-f4-mini-128k-4in1-bl32-60a-esc-940v-2020mm-m3\/","title":{"rendered":"Foxeer Reaper F4 Slim Mini ESC 128K 60A BL32 4in1 9~40V 20mm M3"},"content":{"rendered":"<h2>Foxeer Reaper F4 Slim Mini ESC 128K 60A BL32 4in1 9~40V 20mm M3<\/h2>\n<div data-content-type=\"row\" data-appearance=\"contained\" data-element=\"main\">\n<div data-enable-parallax=\"0\" data-parallax-speed=\"0.5\" data-background-images=\"{}\" data-background-type=\"image\" data-video-loop=\"true\" data-video-play-only-visible=\"true\" data-video-lazy-load=\"true\" data-video-fallback-src=\"\" data-element=\"inner\" data-pb-style=\"R7FO61K\">\n<div data-content-type=\"text\" data-appearance=\"default\" data-element=\"main\">\n<nav><\/nav>\n<div id=\"nav-tabContent\" class=\"tab-content\">\n<div id=\"nav-n1\" class=\"tab-pane fade show active\" role=\"tabpanel\" aria-labelledby=\"nav-n1-tab\"><img decoding=\"async\" src=\"https:\/\/inew.foxeer.com\/upload\/image\/20220721\/20220721034757_61712.jpg\" alt=\"\"><\/div>\n<\/div>\n<div role=\"tabpanel\" aria-labelledby=\"nav-n1-tab\">\n<table class=\"table table-bordered\" width=\"614\">\n<tbody>\n<tr>\n<td valign=\"center\" width=\"189\">Firmware<\/td>\n<td valign=\"center\" width=\"413\">FOXEER_ReaperM4IN1_F4_60A_128_Multi_32_9<\/td>\n<\/tr>\n<tr>\n<td valign=\"center\">Kontinuierlicher \/Burst-Strom<\/td>\n<td valign=\"center\">60A*4 \/ 100A*4<\/td>\n<\/tr>\n<tr>\n<td valign=\"center\">Eingangsspannung<\/td>\n<td valign=\"center\">DC 9V~40V (3-8S Lipo)<\/td>\n<\/tr>\n<tr>\n<td valign=\"center\">BEC<\/td>\n<td valign=\"center\">Nein<\/td>\n<\/tr>\n<tr>\n<td valign=\"center\">Telemetrie<\/td>\n<td valign=\"center\">Unterst\u00fctzt<\/td>\n<\/tr>\n<tr>\n<td valign=\"center\">ESC-Programmierung<\/td>\n<td valign=\"center\">BLHeli32<\/td>\n<\/tr>\n<tr>\n<td valign=\"center\">Aktuelle Skalierung<\/td>\n<td valign=\"center\">70<\/td>\n<\/tr>\n<tr>\n<td valign=\"center\">Eingangssignal<\/td>\n<td valign=\"center\">DShot 150\/ 300\/ 600\/ 1200 \/MultiShot\/ OneShot usw.<\/td>\n<\/tr>\n<tr>\n<td valign=\"center\">Arbeitstemperatur<\/td>\n<td valign=\"center\">-20\u2103 ~ +55\u2103<\/td>\n<\/tr>\n<tr>\n<td valign=\"center\">Luftfeuchtigkeit bei der Arbeit<\/td>\n<td valign=\"center\">20\uff5e95%<\/td>\n<\/tr>\n<tr>\n<td valign=\"center\">Lagertemperatur<\/td>\n<td valign=\"center\">-20\u2103 ~ +70\u2103<\/td>\n<\/tr>\n<tr>\n<td valign=\"center\">Montageloch<\/td>\n<td valign=\"center\">20\u00d720mm, \u03a64mm\/ M3<\/td>\n<\/tr>\n<tr>\n<td valign=\"center\">Abmessung<\/td>\n<td valign=\"center\">36*41mm<\/td>\n<\/tr>\n<tr>\n<td valign=\"center\">Gewicht<\/td>\n<td valign=\"center\">13g<\/td>\n<\/tr>\n<\/tbody>\n<\/table>\n<\/div>\n<\/div>\n<\/div>\n<\/div>\n","protected":false},"excerpt":{"rendered":"<p>Foxeer Reaper F4 Mini V1.1 ESC ist die n\u00e4chste Evolution der Reaper ESC Serie. Mit ihrer geringen W\u00e4rmeentwicklung und den hochwertigen Mosfets hat diese neue Version einen ruhigeren Flug mit weniger Desynchronisationen.<\/p>\n","protected":false},"featured_media":250977,"comment_status":"open","ping_status":"closed","template":"","meta":{"_joinchat":[]},"pwb-brand":[],"product_cat":[2700],"product_tag":[],"class_list":{"0":"post-209561","1":"product","2":"type-product","3":"status-publish","4":"has-post-thumbnail","6":"product_cat-esc-wechselrichter","8":"first","9":"instock","10":"taxable","11":"shipping-taxable","12":"purchasable","13":"product-type-simple"},"barcode":null,"atum_controlled":true,"out_stock_date":null,"out_stock_threshold":null,"inheritable":false,"stock_on_hold":0,"sold_today":0,"sales_last_days":0,"out_stock_days":0,"lost_sales":0,"update_date":"2026-04-18T22:18:11","atum_locations":[],"atum_stock_status":"instock","restock_status":false,"low_stock_amount":"","sales_update_date":"2026-04-18T22:18:11","calc_backorders":null,"yoast_head":"<!-- This site is optimized with the Yoast SEO plugin v27.3 - https:\/\/yoast.com\/product\/yoast-seo-wordpress\/ -->\n<title>Foxeer Reaper F4 Slim Mini ESC 128K 60A BL32 4in1 9~40V 20mm M3 - Iha Race<\/title>\n<meta name=\"robots\" content=\"index, follow, max-snippet:-1, max-image-preview:large, max-video-preview:-1\" \/>\n<link rel=\"canonical\" href=\"https:\/\/iha-race.com\/de\/producto\/esc-foxeer-reaper-f4-mini-128k-4in1-bl32-60a-esc-940v-2020mm-m3\/\" \/>\n<meta property=\"og:locale\" content=\"de_DE\" \/>\n<meta property=\"og:type\" content=\"article\" \/>\n<meta property=\"og:title\" content=\"Foxeer Reaper F4 Slim Mini ESC 128K 60A BL32 4in1 9~40V 20mm M3 - Iha Race\" \/>\n<meta property=\"og:description\" content=\"Foxeer Reaper F4 Mini V1.1 ESC ist die n\u00e4chste Evolution der Reaper ESC Serie. Mit ihrer geringen W\u00e4rmeentwicklung und den hochwertigen Mosfets hat diese neue Version einen ruhigeren Flug mit weniger Desynchronisationen.\" \/>\n<meta property=\"og:url\" content=\"https:\/\/iha-race.com\/de\/producto\/esc-foxeer-reaper-f4-mini-128k-4in1-bl32-60a-esc-940v-2020mm-m3\/\" \/>\n<meta property=\"og:site_name\" content=\"Iha Race\" \/>\n<meta property=\"article:modified_time\" content=\"2024-09-05T16:41:47+00:00\" \/>\n<meta property=\"og:image\" content=\"https:\/\/iha-race.com\/wp-content\/uploads\/2022\/09\/Foxeer-Reaper-F4-Slim-Mini-ESC-128K-60A-BL32-4in1-940V-20mm-M3.jpg\" \/>\n\t<meta property=\"og:image:width\" content=\"800\" \/>\n\t<meta property=\"og:image:height\" content=\"800\" \/>\n\t<meta property=\"og:image:type\" content=\"image\/jpeg\" \/>\n<meta name=\"twitter:card\" content=\"summary_large_image\" \/>\n<script type=\"application\/ld+json\" class=\"yoast-schema-graph\">{\"@context\":\"https:\\\/\\\/schema.org\",\"@graph\":[{\"@type\":\"WebPage\",\"@id\":\"https:\\\/\\\/iha-race.com\\\/de\\\/producto\\\/esc-foxeer-reaper-f4-mini-128k-4in1-bl32-60a-esc-940v-2020mm-m3\\\/\",\"url\":\"https:\\\/\\\/iha-race.com\\\/de\\\/producto\\\/esc-foxeer-reaper-f4-mini-128k-4in1-bl32-60a-esc-940v-2020mm-m3\\\/\",\"name\":\"Foxeer Reaper F4 Slim Mini ESC 128K 60A BL32 4in1 9~40V 20mm M3 - Iha Race\",\"isPartOf\":{\"@id\":\"https:\\\/\\\/iha-race.com\\\/de\\\/#website\"},\"primaryImageOfPage\":{\"@id\":\"https:\\\/\\\/iha-race.com\\\/de\\\/producto\\\/esc-foxeer-reaper-f4-mini-128k-4in1-bl32-60a-esc-940v-2020mm-m3\\\/#primaryimage\"},\"image\":{\"@id\":\"https:\\\/\\\/iha-race.com\\\/de\\\/producto\\\/esc-foxeer-reaper-f4-mini-128k-4in1-bl32-60a-esc-940v-2020mm-m3\\\/#primaryimage\"},\"thumbnailUrl\":\"https:\\\/\\\/iha-race.com\\\/wp-content\\\/uploads\\\/2022\\\/09\\\/Foxeer-Reaper-F4-Slim-Mini-ESC-128K-60A-BL32-4in1-940V-20mm-M3.jpg\",\"datePublished\":\"2022-09-12T15:58:57+00:00\",\"dateModified\":\"2024-09-05T16:41:47+00:00\",\"breadcrumb\":{\"@id\":\"https:\\\/\\\/iha-race.com\\\/de\\\/producto\\\/esc-foxeer-reaper-f4-mini-128k-4in1-bl32-60a-esc-940v-2020mm-m3\\\/#breadcrumb\"},\"inLanguage\":\"de\",\"potentialAction\":[{\"@type\":\"ReadAction\",\"target\":[\"https:\\\/\\\/iha-race.com\\\/de\\\/producto\\\/esc-foxeer-reaper-f4-mini-128k-4in1-bl32-60a-esc-940v-2020mm-m3\\\/\"]}]},{\"@type\":\"ImageObject\",\"inLanguage\":\"de\",\"@id\":\"https:\\\/\\\/iha-race.com\\\/de\\\/producto\\\/esc-foxeer-reaper-f4-mini-128k-4in1-bl32-60a-esc-940v-2020mm-m3\\\/#primaryimage\",\"url\":\"https:\\\/\\\/iha-race.com\\\/wp-content\\\/uploads\\\/2022\\\/09\\\/Foxeer-Reaper-F4-Slim-Mini-ESC-128K-60A-BL32-4in1-940V-20mm-M3.jpg\",\"contentUrl\":\"https:\\\/\\\/iha-race.com\\\/wp-content\\\/uploads\\\/2022\\\/09\\\/Foxeer-Reaper-F4-Slim-Mini-ESC-128K-60A-BL32-4in1-940V-20mm-M3.jpg\",\"width\":800,\"height\":800,\"caption\":\"Comprar Foxeer Reaper F4 Slim Mini ESC 128K 60A BL32 4in1 9~40V 20mm M3\"},{\"@type\":\"BreadcrumbList\",\"@id\":\"https:\\\/\\\/iha-race.com\\\/de\\\/producto\\\/esc-foxeer-reaper-f4-mini-128k-4in1-bl32-60a-esc-940v-2020mm-m3\\\/#breadcrumb\",\"itemListElement\":[{\"@type\":\"ListItem\",\"position\":1,\"name\":\"Portada\",\"item\":\"https:\\\/\\\/iha-race.com\\\/de\\\/elementor-499\\\/\"},{\"@type\":\"ListItem\",\"position\":2,\"name\":\"Shop\",\"item\":\"https:\\\/\\\/iha-race.com\\\/de\\\/shop\\\/\"},{\"@type\":\"ListItem\",\"position\":3,\"name\":\"Foxeer Reaper F4 Slim Mini ESC 128K 60A BL32 4in1 9~40V 20mm M3\"}]},{\"@type\":\"WebSite\",\"@id\":\"https:\\\/\\\/iha-race.com\\\/de\\\/#website\",\"url\":\"https:\\\/\\\/iha-race.com\\\/de\\\/\",\"name\":\"Iha Race\",\"description\":\"Comprar drones de carreras FPV env\u00edos en un d\u00eda desde Espa\u00f1a\",\"publisher\":{\"@id\":\"https:\\\/\\\/iha-race.com\\\/de\\\/#organization\"},\"potentialAction\":[{\"@type\":\"SearchAction\",\"target\":{\"@type\":\"EntryPoint\",\"urlTemplate\":\"https:\\\/\\\/iha-race.com\\\/de\\\/?s={search_term_string}\"},\"query-input\":{\"@type\":\"PropertyValueSpecification\",\"valueRequired\":true,\"valueName\":\"search_term_string\"}}],\"inLanguage\":\"de\"},{\"@type\":\"Organization\",\"@id\":\"https:\\\/\\\/iha-race.com\\\/de\\\/#organization\",\"name\":\"Iha Race\",\"url\":\"https:\\\/\\\/iha-race.com\\\/de\\\/\",\"logo\":{\"@type\":\"ImageObject\",\"inLanguage\":\"de\",\"@id\":\"https:\\\/\\\/iha-race.com\\\/de\\\/#\\\/schema\\\/logo\\\/image\\\/\",\"url\":\"https:\\\/\\\/iha-race.com\\\/wp-content\\\/uploads\\\/2018\\\/07\\\/iha-race-drones-de-carreras-tienda-comprar-drones.png\",\"contentUrl\":\"https:\\\/\\\/iha-race.com\\\/wp-content\\\/uploads\\\/2018\\\/07\\\/iha-race-drones-de-carreras-tienda-comprar-drones.png\",\"width\":300,\"height\":100,\"caption\":\"Iha Race\"},\"image\":{\"@id\":\"https:\\\/\\\/iha-race.com\\\/de\\\/#\\\/schema\\\/logo\\\/image\\\/\"}}]}<\/script>\n<!-- \/ Yoast SEO plugin. -->","yoast_head_json":{"title":"Foxeer Reaper F4 Slim Mini ESC 128K 60A BL32 4in1 9~40V 20mm M3 - Iha Race","robots":{"index":"index","follow":"follow","max-snippet":"max-snippet:-1","max-image-preview":"max-image-preview:large","max-video-preview":"max-video-preview:-1"},"canonical":"https:\/\/iha-race.com\/de\/producto\/esc-foxeer-reaper-f4-mini-128k-4in1-bl32-60a-esc-940v-2020mm-m3\/","og_locale":"de_DE","og_type":"article","og_title":"Foxeer Reaper F4 Slim Mini ESC 128K 60A BL32 4in1 9~40V 20mm M3 - Iha Race","og_description":"Foxeer Reaper F4 Mini V1.1 ESC ist die n\u00e4chste Evolution der Reaper ESC Serie. Mit ihrer geringen W\u00e4rmeentwicklung und den hochwertigen Mosfets hat diese neue Version einen ruhigeren Flug mit weniger Desynchronisationen.","og_url":"https:\/\/iha-race.com\/de\/producto\/esc-foxeer-reaper-f4-mini-128k-4in1-bl32-60a-esc-940v-2020mm-m3\/","og_site_name":"Iha Race","article_modified_time":"2024-09-05T16:41:47+00:00","og_image":[{"width":800,"height":800,"url":"https:\/\/iha-race.com\/wp-content\/uploads\/2022\/09\/Foxeer-Reaper-F4-Slim-Mini-ESC-128K-60A-BL32-4in1-940V-20mm-M3.jpg","type":"image\/jpeg"}],"twitter_card":"summary_large_image","schema":{"@context":"https:\/\/schema.org","@graph":[{"@type":"WebPage","@id":"https:\/\/iha-race.com\/de\/producto\/esc-foxeer-reaper-f4-mini-128k-4in1-bl32-60a-esc-940v-2020mm-m3\/","url":"https:\/\/iha-race.com\/de\/producto\/esc-foxeer-reaper-f4-mini-128k-4in1-bl32-60a-esc-940v-2020mm-m3\/","name":"Foxeer Reaper F4 Slim Mini ESC 128K 60A BL32 4in1 9~40V 20mm M3 - Iha Race","isPartOf":{"@id":"https:\/\/iha-race.com\/de\/#website"},"primaryImageOfPage":{"@id":"https:\/\/iha-race.com\/de\/producto\/esc-foxeer-reaper-f4-mini-128k-4in1-bl32-60a-esc-940v-2020mm-m3\/#primaryimage"},"image":{"@id":"https:\/\/iha-race.com\/de\/producto\/esc-foxeer-reaper-f4-mini-128k-4in1-bl32-60a-esc-940v-2020mm-m3\/#primaryimage"},"thumbnailUrl":"https:\/\/iha-race.com\/wp-content\/uploads\/2022\/09\/Foxeer-Reaper-F4-Slim-Mini-ESC-128K-60A-BL32-4in1-940V-20mm-M3.jpg","datePublished":"2022-09-12T15:58:57+00:00","dateModified":"2024-09-05T16:41:47+00:00","breadcrumb":{"@id":"https:\/\/iha-race.com\/de\/producto\/esc-foxeer-reaper-f4-mini-128k-4in1-bl32-60a-esc-940v-2020mm-m3\/#breadcrumb"},"inLanguage":"de","potentialAction":[{"@type":"ReadAction","target":["https:\/\/iha-race.com\/de\/producto\/esc-foxeer-reaper-f4-mini-128k-4in1-bl32-60a-esc-940v-2020mm-m3\/"]}]},{"@type":"ImageObject","inLanguage":"de","@id":"https:\/\/iha-race.com\/de\/producto\/esc-foxeer-reaper-f4-mini-128k-4in1-bl32-60a-esc-940v-2020mm-m3\/#primaryimage","url":"https:\/\/iha-race.com\/wp-content\/uploads\/2022\/09\/Foxeer-Reaper-F4-Slim-Mini-ESC-128K-60A-BL32-4in1-940V-20mm-M3.jpg","contentUrl":"https:\/\/iha-race.com\/wp-content\/uploads\/2022\/09\/Foxeer-Reaper-F4-Slim-Mini-ESC-128K-60A-BL32-4in1-940V-20mm-M3.jpg","width":800,"height":800,"caption":"Comprar Foxeer Reaper F4 Slim Mini ESC 128K 60A BL32 4in1 9~40V 20mm M3"},{"@type":"BreadcrumbList","@id":"https:\/\/iha-race.com\/de\/producto\/esc-foxeer-reaper-f4-mini-128k-4in1-bl32-60a-esc-940v-2020mm-m3\/#breadcrumb","itemListElement":[{"@type":"ListItem","position":1,"name":"Portada","item":"https:\/\/iha-race.com\/de\/elementor-499\/"},{"@type":"ListItem","position":2,"name":"Shop","item":"https:\/\/iha-race.com\/de\/shop\/"},{"@type":"ListItem","position":3,"name":"Foxeer Reaper F4 Slim Mini ESC 128K 60A BL32 4in1 9~40V 20mm M3"}]},{"@type":"WebSite","@id":"https:\/\/iha-race.com\/de\/#website","url":"https:\/\/iha-race.com\/de\/","name":"Iha Race","description":"Comprar drones de carreras FPV env\u00edos en un d\u00eda desde Espa\u00f1a","publisher":{"@id":"https:\/\/iha-race.com\/de\/#organization"},"potentialAction":[{"@type":"SearchAction","target":{"@type":"EntryPoint","urlTemplate":"https:\/\/iha-race.com\/de\/?s={search_term_string}"},"query-input":{"@type":"PropertyValueSpecification","valueRequired":true,"valueName":"search_term_string"}}],"inLanguage":"de"},{"@type":"Organization","@id":"https:\/\/iha-race.com\/de\/#organization","name":"Iha Race","url":"https:\/\/iha-race.com\/de\/","logo":{"@type":"ImageObject","inLanguage":"de","@id":"https:\/\/iha-race.com\/de\/#\/schema\/logo\/image\/","url":"https:\/\/iha-race.com\/wp-content\/uploads\/2018\/07\/iha-race-drones-de-carreras-tienda-comprar-drones.png","contentUrl":"https:\/\/iha-race.com\/wp-content\/uploads\/2018\/07\/iha-race-drones-de-carreras-tienda-comprar-drones.png","width":300,"height":100,"caption":"Iha Race"},"image":{"@id":"https:\/\/iha-race.com\/de\/#\/schema\/logo\/image\/"}}]}},"jetpack_sharing_enabled":true,"brands":[],"_links":{"self":[{"href":"https:\/\/iha-race.com\/de\/wp-json\/wp\/v2\/product\/209561","targetHints":{"allow":["GET"]}}],"collection":[{"href":"https:\/\/iha-race.com\/de\/wp-json\/wp\/v2\/product"}],"about":[{"href":"https:\/\/iha-race.com\/de\/wp-json\/wp\/v2\/types\/product"}],"replies":[{"embeddable":true,"href":"https:\/\/iha-race.com\/de\/wp-json\/wp\/v2\/comments?post=209561"}],"version-history":[{"count":3,"href":"https:\/\/iha-race.com\/de\/wp-json\/wp\/v2\/product\/209561\/revisions"}],"predecessor-version":[{"id":250995,"href":"https:\/\/iha-race.com\/de\/wp-json\/wp\/v2\/product\/209561\/revisions\/250995"}],"wp:featuredmedia":[{"embeddable":true,"href":"https:\/\/iha-race.com\/de\/wp-json\/wp\/v2\/media\/250977"}],"wp:attachment":[{"href":"https:\/\/iha-race.com\/de\/wp-json\/wp\/v2\/media?parent=209561"}],"wp:term":[{"taxonomy":"pwb-brand","embeddable":true,"href":"https:\/\/iha-race.com\/de\/wp-json\/wp\/v2\/pwb-brand?post=209561"},{"taxonomy":"product_cat","embeddable":true,"href":"https:\/\/iha-race.com\/de\/wp-json\/wp\/v2\/product_cat?post=209561"},{"taxonomy":"product_tag","embeddable":true,"href":"https:\/\/iha-race.com\/de\/wp-json\/wp\/v2\/product_tag?post=209561"}],"curies":[{"name":"wp","href":"https:\/\/api.w.org\/{rel}","templated":true}]}}