{"id":209527,"date":"2022-08-22T17:46:27","date_gmt":"2022-08-22T15:46:27","guid":{"rendered":"https:\/\/iha-race.com\/producto\/runcam-thumb-pro-filtersatz-nd8-nd16-nd32\/"},"modified":"2024-08-29T12:00:55","modified_gmt":"2024-08-29T10:00:55","slug":"kit-filter-runcam-thumb-pro-nd8-nd16-nd32","status":"publish","type":"product","link":"https:\/\/iha-race.com\/de\/producto\/kit-filter-runcam-thumb-pro-nd8-nd16-nd32\/","title":{"rendered":"RunCam Thumb Pro Filtersatz (ND8\/ND16\/ND32)"},"content":{"rendered":"<h2>RunCam Thumb Pro Filtersatz (ND8\/ND16\/ND32)<\/h2>\n<div data-content-type=\"row\" data-appearance=\"contained\" data-element=\"main\">\n<div data-enable-parallax=\"0\" data-parallax-speed=\"0.5\" data-background-images=\"{}\" data-background-type=\"image\" data-video-loop=\"true\" data-video-play-only-visible=\"true\" data-video-lazy-load=\"true\" data-video-fallback-src=\"\" data-element=\"inner\" data-pb-style=\"FWSRSOH\">\n<div data-content-type=\"text\" data-appearance=\"default\" data-element=\"main\">  Diese <strong>ND-Filter<\/strong> wurden f\u00fcr RunCam Thumb Pro entwickelt. Neutraldichtefilter reduzieren die Intensit\u00e4t des in die Kamera einfallenden Lichts. Dies erm\u00f6glicht dem Piloten eine bessere Kontrolle \u00fcber die Auswahl der Parameter bei einer Vielzahl von Bedingungen, um perfekte FPV-Aufnahmen auch bei schwierigen Lichtverh\u00e4ltnissen zu machen.  <\/div>\n<\/div>\n<\/div>\n<div data-content-type=\"row\" data-appearance=\"contained\" data-element=\"main\">\n<div data-enable-parallax=\"0\" data-parallax-speed=\"0.5\" data-background-images=\"{}\" data-background-type=\"image\" data-video-loop=\"true\" data-video-play-only-visible=\"true\" data-video-lazy-load=\"true\" data-video-fallback-src=\"\" data-element=\"inner\" data-pb-style=\"SQTM90O\">\n<div data-content-type=\"text\" data-appearance=\"default\" data-element=\"main\">\n<p><em><strong>Hinweis: Die Kamera ist NICHT enthalten.<\/strong><\/em><\/p>\n<\/div>\n<\/div>\n<\/div>\n<div data-content-type=\"row\" data-appearance=\"contained\" data-element=\"main\">\n<div data-enable-parallax=\"0\" data-parallax-speed=\"0.5\" data-background-images=\"{}\" data-background-type=\"image\" data-video-loop=\"true\" data-video-play-only-visible=\"true\" data-video-lazy-load=\"true\" data-video-fallback-src=\"\" data-element=\"inner\" data-pb-style=\"DEMRA1J\">\n<h2 data-content-type=\"heading\" data-appearance=\"default\" data-element=\"main\">Eigenschaften<\/h2>\n<div data-content-type=\"text\" data-appearance=\"default\" data-element=\"main\">\n<ul>\n<li>Erm\u00f6glicht FPV-Videoaufnahmen bei allen Lichtverh\u00e4ltnissen<\/li>\n<li>Passend zur RunCam Thumb Pro 4K HD Action-Kamera<\/li>\n<li>ND8-, ND16- und ND32-Filter<\/li>\n<li>Leicht austauschbar<\/li>\n<\/ul>\n<\/div>\n<\/div>\n<\/div>\n<div data-content-type=\"row\" data-appearance=\"contained\" data-element=\"main\">\n<div data-enable-parallax=\"0\" data-parallax-speed=\"0.5\" data-background-images=\"{}\" data-background-type=\"image\" data-video-loop=\"true\" data-video-play-only-visible=\"true\" data-video-lazy-load=\"true\" data-video-fallback-src=\"\" data-element=\"inner\" data-pb-style=\"SPME2RY\">\n<h2 data-content-type=\"heading\" data-appearance=\"default\" data-element=\"main\">Spezifikationen<\/h2>\n<div data-content-type=\"text\" data-appearance=\"default\" data-element=\"main\">\n<ul>\n<li>Kompatibilit\u00e4t: <a href=\"https:\/\/www.getfpv.com\/runcam-thumb-pro-4k-hd-action-camera.html\" target=\"_blank\" rel=\"noopener\">RunCam Thumb Pro<\/a><\/li>\n<li>Filter: ND8, ND16 und ND32<\/li>\n<li>Gewicht: 1,5 g<\/li>\n<\/ul>\n<\/div>\n<\/div>\n<\/div>\n<div data-content-type=\"row\" data-appearance=\"contained\" data-element=\"main\">\n<div data-enable-parallax=\"0\" data-parallax-speed=\"0.5\" data-background-images=\"{}\" data-background-type=\"image\" data-video-loop=\"true\" data-video-play-only-visible=\"true\" data-video-lazy-load=\"true\" data-video-fallback-src=\"\" data-element=\"inner\" data-pb-style=\"DIOPSSV\">\n<div data-content-type=\"text\" data-appearance=\"default\" data-element=\"main\"><\/div>\n<\/div>\n<\/div>\n<div data-content-type=\"row\" data-appearance=\"contained\" data-element=\"main\">\n<div data-enable-parallax=\"0\" data-parallax-speed=\"0.5\" data-background-images=\"{}\" data-background-type=\"image\" data-video-loop=\"true\" data-video-play-only-visible=\"true\" data-video-lazy-load=\"true\" data-video-fallback-src=\"\" data-element=\"inner\" data-pb-style=\"PUUDCVP\">\n<h2 data-content-type=\"heading\" data-appearance=\"default\" data-element=\"main\">Das Paket umfasst<\/h2>\n<div data-content-type=\"text\" data-appearance=\"default\" data-element=\"main\">\n<ul>\n<li>1 x RunCam Thumb Pro ND32-Filter<\/li>\n<li>1 x RunCam Thumb Pro ND16-Filter<\/li>\n<li>1 x RunCam Thumb Pro ND8-Filter<\/li>\n<\/ul>\n<\/div>\n<\/div>\n<\/div>\n","protected":false},"excerpt":{"rendered":"<p>Diese ND-Filter sind f\u00fcr RunCam Thumb Pro bestimmt. Neutraldichtefilter reduzieren die Intensit\u00e4t des in die Kamera einfallenden Lichts. ND8-, ND16- und ND32-Filter sind im Lieferumfang enthalten.<\/p>\n","protected":false},"featured_media":206861,"comment_status":"open","ping_status":"closed","template":"","meta":{"_joinchat":[]},"pwb-brand":[],"product_cat":[1005,41],"product_tag":[],"class_list":{"0":"post-209527","1":"product","2":"type-product","3":"status-publish","4":"has-post-thumbnail","6":"product_cat-filtros","7":"product_cat-camaras","9":"first","10":"instock","11":"taxable","12":"shipping-taxable","13":"purchasable","14":"product-type-simple"},"barcode":null,"atum_controlled":true,"out_stock_date":null,"out_stock_threshold":null,"inheritable":false,"stock_on_hold":0,"sold_today":0,"sales_last_days":0,"out_stock_days":0,"lost_sales":0,"update_date":"2026-04-08T16:43:16","atum_locations":[],"atum_stock_status":"instock","restock_status":false,"low_stock_amount":"","sales_update_date":"2026-04-08T10:17:16","calc_backorders":null,"yoast_head":"<!-- This site is optimized with the Yoast SEO plugin v27.3 - https:\/\/yoast.com\/product\/yoast-seo-wordpress\/ -->\n<title>RunCam Thumb Pro Filtersatz (ND8\/ND16\/ND32) - Iha Race<\/title>\n<meta name=\"robots\" content=\"index, follow, max-snippet:-1, max-image-preview:large, max-video-preview:-1\" \/>\n<link rel=\"canonical\" href=\"https:\/\/iha-race.com\/de\/producto\/kit-filter-runcam-thumb-pro-nd8-nd16-nd32\/\" \/>\n<meta property=\"og:locale\" content=\"de_DE\" \/>\n<meta property=\"og:type\" content=\"article\" \/>\n<meta property=\"og:title\" content=\"RunCam Thumb Pro Filtersatz (ND8\/ND16\/ND32) - Iha Race\" \/>\n<meta property=\"og:description\" content=\"Diese ND-Filter sind f\u00fcr RunCam Thumb Pro bestimmt. Neutraldichtefilter reduzieren die Intensit\u00e4t des in die Kamera einfallenden Lichts. ND8-, ND16- und ND32-Filter sind im Lieferumfang enthalten.\" \/>\n<meta property=\"og:url\" content=\"https:\/\/iha-race.com\/de\/producto\/kit-filter-runcam-thumb-pro-nd8-nd16-nd32\/\" \/>\n<meta property=\"og:site_name\" content=\"Iha Race\" \/>\n<meta property=\"article:modified_time\" content=\"2024-08-29T10:00:55+00:00\" \/>\n<meta property=\"og:image\" content=\"https:\/\/iha-race.com\/wp-content\/uploads\/2022\/08\/RunCam-Thumb-Pro-Kit-de-filtro-ND.jpg\" \/>\n\t<meta property=\"og:image:width\" content=\"700\" \/>\n\t<meta property=\"og:image:height\" content=\"700\" \/>\n\t<meta property=\"og:image:type\" content=\"image\/jpeg\" \/>\n<meta name=\"twitter:card\" content=\"summary_large_image\" \/>\n<meta name=\"twitter:label1\" content=\"Gesch\u00e4tzte Lesezeit\" \/>\n\t<meta name=\"twitter:data1\" content=\"1\u00a0Minute\" \/>\n<script type=\"application\/ld+json\" class=\"yoast-schema-graph\">{\"@context\":\"https:\\\/\\\/schema.org\",\"@graph\":[{\"@type\":\"WebPage\",\"@id\":\"https:\\\/\\\/iha-race.com\\\/de\\\/producto\\\/kit-filter-runcam-thumb-pro-nd8-nd16-nd32\\\/\",\"url\":\"https:\\\/\\\/iha-race.com\\\/de\\\/producto\\\/kit-filter-runcam-thumb-pro-nd8-nd16-nd32\\\/\",\"name\":\"RunCam Thumb Pro Filtersatz (ND8\\\/ND16\\\/ND32) - Iha Race\",\"isPartOf\":{\"@id\":\"https:\\\/\\\/iha-race.com\\\/de\\\/#website\"},\"primaryImageOfPage\":{\"@id\":\"https:\\\/\\\/iha-race.com\\\/de\\\/producto\\\/kit-filter-runcam-thumb-pro-nd8-nd16-nd32\\\/#primaryimage\"},\"image\":{\"@id\":\"https:\\\/\\\/iha-race.com\\\/de\\\/producto\\\/kit-filter-runcam-thumb-pro-nd8-nd16-nd32\\\/#primaryimage\"},\"thumbnailUrl\":\"https:\\\/\\\/iha-race.com\\\/wp-content\\\/uploads\\\/2022\\\/08\\\/RunCam-Thumb-Pro-Kit-de-filtro-ND.jpg\",\"datePublished\":\"2022-08-22T15:46:27+00:00\",\"dateModified\":\"2024-08-29T10:00:55+00:00\",\"breadcrumb\":{\"@id\":\"https:\\\/\\\/iha-race.com\\\/de\\\/producto\\\/kit-filter-runcam-thumb-pro-nd8-nd16-nd32\\\/#breadcrumb\"},\"inLanguage\":\"de\",\"potentialAction\":[{\"@type\":\"ReadAction\",\"target\":[\"https:\\\/\\\/iha-race.com\\\/de\\\/producto\\\/kit-filter-runcam-thumb-pro-nd8-nd16-nd32\\\/\"]}]},{\"@type\":\"ImageObject\",\"inLanguage\":\"de\",\"@id\":\"https:\\\/\\\/iha-race.com\\\/de\\\/producto\\\/kit-filter-runcam-thumb-pro-nd8-nd16-nd32\\\/#primaryimage\",\"url\":\"https:\\\/\\\/iha-race.com\\\/wp-content\\\/uploads\\\/2022\\\/08\\\/RunCam-Thumb-Pro-Kit-de-filtro-ND.jpg\",\"contentUrl\":\"https:\\\/\\\/iha-race.com\\\/wp-content\\\/uploads\\\/2022\\\/08\\\/RunCam-Thumb-Pro-Kit-de-filtro-ND.jpg\",\"width\":700,\"height\":700},{\"@type\":\"BreadcrumbList\",\"@id\":\"https:\\\/\\\/iha-race.com\\\/de\\\/producto\\\/kit-filter-runcam-thumb-pro-nd8-nd16-nd32\\\/#breadcrumb\",\"itemListElement\":[{\"@type\":\"ListItem\",\"position\":1,\"name\":\"Portada\",\"item\":\"https:\\\/\\\/iha-race.com\\\/de\\\/elementor-499\\\/\"},{\"@type\":\"ListItem\",\"position\":2,\"name\":\"Shop\",\"item\":\"https:\\\/\\\/iha-race.com\\\/de\\\/shop\\\/\"},{\"@type\":\"ListItem\",\"position\":3,\"name\":\"RunCam Thumb Pro Filtersatz (ND8\\\/ND16\\\/ND32)\"}]},{\"@type\":\"WebSite\",\"@id\":\"https:\\\/\\\/iha-race.com\\\/de\\\/#website\",\"url\":\"https:\\\/\\\/iha-race.com\\\/de\\\/\",\"name\":\"Iha Race\",\"description\":\"Comprar drones de carreras FPV env\u00edos en un d\u00eda desde Espa\u00f1a\",\"publisher\":{\"@id\":\"https:\\\/\\\/iha-race.com\\\/de\\\/#organization\"},\"potentialAction\":[{\"@type\":\"SearchAction\",\"target\":{\"@type\":\"EntryPoint\",\"urlTemplate\":\"https:\\\/\\\/iha-race.com\\\/de\\\/?s={search_term_string}\"},\"query-input\":{\"@type\":\"PropertyValueSpecification\",\"valueRequired\":true,\"valueName\":\"search_term_string\"}}],\"inLanguage\":\"de\"},{\"@type\":\"Organization\",\"@id\":\"https:\\\/\\\/iha-race.com\\\/de\\\/#organization\",\"name\":\"Iha Race\",\"url\":\"https:\\\/\\\/iha-race.com\\\/de\\\/\",\"logo\":{\"@type\":\"ImageObject\",\"inLanguage\":\"de\",\"@id\":\"https:\\\/\\\/iha-race.com\\\/de\\\/#\\\/schema\\\/logo\\\/image\\\/\",\"url\":\"https:\\\/\\\/iha-race.com\\\/wp-content\\\/uploads\\\/2018\\\/07\\\/iha-race-drones-de-carreras-tienda-comprar-drones.png\",\"contentUrl\":\"https:\\\/\\\/iha-race.com\\\/wp-content\\\/uploads\\\/2018\\\/07\\\/iha-race-drones-de-carreras-tienda-comprar-drones.png\",\"width\":300,\"height\":100,\"caption\":\"Iha Race\"},\"image\":{\"@id\":\"https:\\\/\\\/iha-race.com\\\/de\\\/#\\\/schema\\\/logo\\\/image\\\/\"}}]}<\/script>\n<!-- \/ Yoast SEO plugin. -->","yoast_head_json":{"title":"RunCam Thumb Pro Filtersatz (ND8\/ND16\/ND32) - Iha Race","robots":{"index":"index","follow":"follow","max-snippet":"max-snippet:-1","max-image-preview":"max-image-preview:large","max-video-preview":"max-video-preview:-1"},"canonical":"https:\/\/iha-race.com\/de\/producto\/kit-filter-runcam-thumb-pro-nd8-nd16-nd32\/","og_locale":"de_DE","og_type":"article","og_title":"RunCam Thumb Pro Filtersatz (ND8\/ND16\/ND32) - Iha Race","og_description":"Diese ND-Filter sind f\u00fcr RunCam Thumb Pro bestimmt. Neutraldichtefilter reduzieren die Intensit\u00e4t des in die Kamera einfallenden Lichts. ND8-, ND16- und ND32-Filter sind im Lieferumfang enthalten.","og_url":"https:\/\/iha-race.com\/de\/producto\/kit-filter-runcam-thumb-pro-nd8-nd16-nd32\/","og_site_name":"Iha Race","article_modified_time":"2024-08-29T10:00:55+00:00","og_image":[{"width":700,"height":700,"url":"https:\/\/iha-race.com\/wp-content\/uploads\/2022\/08\/RunCam-Thumb-Pro-Kit-de-filtro-ND.jpg","type":"image\/jpeg"}],"twitter_card":"summary_large_image","twitter_misc":{"Gesch\u00e4tzte Lesezeit":"1\u00a0Minute"},"schema":{"@context":"https:\/\/schema.org","@graph":[{"@type":"WebPage","@id":"https:\/\/iha-race.com\/de\/producto\/kit-filter-runcam-thumb-pro-nd8-nd16-nd32\/","url":"https:\/\/iha-race.com\/de\/producto\/kit-filter-runcam-thumb-pro-nd8-nd16-nd32\/","name":"RunCam Thumb Pro Filtersatz (ND8\/ND16\/ND32) - Iha Race","isPartOf":{"@id":"https:\/\/iha-race.com\/de\/#website"},"primaryImageOfPage":{"@id":"https:\/\/iha-race.com\/de\/producto\/kit-filter-runcam-thumb-pro-nd8-nd16-nd32\/#primaryimage"},"image":{"@id":"https:\/\/iha-race.com\/de\/producto\/kit-filter-runcam-thumb-pro-nd8-nd16-nd32\/#primaryimage"},"thumbnailUrl":"https:\/\/iha-race.com\/wp-content\/uploads\/2022\/08\/RunCam-Thumb-Pro-Kit-de-filtro-ND.jpg","datePublished":"2022-08-22T15:46:27+00:00","dateModified":"2024-08-29T10:00:55+00:00","breadcrumb":{"@id":"https:\/\/iha-race.com\/de\/producto\/kit-filter-runcam-thumb-pro-nd8-nd16-nd32\/#breadcrumb"},"inLanguage":"de","potentialAction":[{"@type":"ReadAction","target":["https:\/\/iha-race.com\/de\/producto\/kit-filter-runcam-thumb-pro-nd8-nd16-nd32\/"]}]},{"@type":"ImageObject","inLanguage":"de","@id":"https:\/\/iha-race.com\/de\/producto\/kit-filter-runcam-thumb-pro-nd8-nd16-nd32\/#primaryimage","url":"https:\/\/iha-race.com\/wp-content\/uploads\/2022\/08\/RunCam-Thumb-Pro-Kit-de-filtro-ND.jpg","contentUrl":"https:\/\/iha-race.com\/wp-content\/uploads\/2022\/08\/RunCam-Thumb-Pro-Kit-de-filtro-ND.jpg","width":700,"height":700},{"@type":"BreadcrumbList","@id":"https:\/\/iha-race.com\/de\/producto\/kit-filter-runcam-thumb-pro-nd8-nd16-nd32\/#breadcrumb","itemListElement":[{"@type":"ListItem","position":1,"name":"Portada","item":"https:\/\/iha-race.com\/de\/elementor-499\/"},{"@type":"ListItem","position":2,"name":"Shop","item":"https:\/\/iha-race.com\/de\/shop\/"},{"@type":"ListItem","position":3,"name":"RunCam Thumb Pro Filtersatz (ND8\/ND16\/ND32)"}]},{"@type":"WebSite","@id":"https:\/\/iha-race.com\/de\/#website","url":"https:\/\/iha-race.com\/de\/","name":"Iha Race","description":"Comprar drones de carreras FPV env\u00edos en un d\u00eda desde Espa\u00f1a","publisher":{"@id":"https:\/\/iha-race.com\/de\/#organization"},"potentialAction":[{"@type":"SearchAction","target":{"@type":"EntryPoint","urlTemplate":"https:\/\/iha-race.com\/de\/?s={search_term_string}"},"query-input":{"@type":"PropertyValueSpecification","valueRequired":true,"valueName":"search_term_string"}}],"inLanguage":"de"},{"@type":"Organization","@id":"https:\/\/iha-race.com\/de\/#organization","name":"Iha Race","url":"https:\/\/iha-race.com\/de\/","logo":{"@type":"ImageObject","inLanguage":"de","@id":"https:\/\/iha-race.com\/de\/#\/schema\/logo\/image\/","url":"https:\/\/iha-race.com\/wp-content\/uploads\/2018\/07\/iha-race-drones-de-carreras-tienda-comprar-drones.png","contentUrl":"https:\/\/iha-race.com\/wp-content\/uploads\/2018\/07\/iha-race-drones-de-carreras-tienda-comprar-drones.png","width":300,"height":100,"caption":"Iha Race"},"image":{"@id":"https:\/\/iha-race.com\/de\/#\/schema\/logo\/image\/"}}]}},"brands":[],"_links":{"self":[{"href":"https:\/\/iha-race.com\/de\/wp-json\/wp\/v2\/product\/209527","targetHints":{"allow":["GET"]}}],"collection":[{"href":"https:\/\/iha-race.com\/de\/wp-json\/wp\/v2\/product"}],"about":[{"href":"https:\/\/iha-race.com\/de\/wp-json\/wp\/v2\/types\/product"}],"replies":[{"embeddable":true,"href":"https:\/\/iha-race.com\/de\/wp-json\/wp\/v2\/comments?post=209527"}],"version-history":[{"count":2,"href":"https:\/\/iha-race.com\/de\/wp-json\/wp\/v2\/product\/209527\/revisions"}],"predecessor-version":[{"id":249024,"href":"https:\/\/iha-race.com\/de\/wp-json\/wp\/v2\/product\/209527\/revisions\/249024"}],"wp:featuredmedia":[{"embeddable":true,"href":"https:\/\/iha-race.com\/de\/wp-json\/wp\/v2\/media\/206861"}],"wp:attachment":[{"href":"https:\/\/iha-race.com\/de\/wp-json\/wp\/v2\/media?parent=209527"}],"wp:term":[{"taxonomy":"pwb-brand","embeddable":true,"href":"https:\/\/iha-race.com\/de\/wp-json\/wp\/v2\/pwb-brand?post=209527"},{"taxonomy":"product_cat","embeddable":true,"href":"https:\/\/iha-race.com\/de\/wp-json\/wp\/v2\/product_cat?post=209527"},{"taxonomy":"product_tag","embeddable":true,"href":"https:\/\/iha-race.com\/de\/wp-json\/wp\/v2\/product_tag?post=209527"}],"curies":[{"name":"wp","href":"https:\/\/api.w.org\/{rel}","templated":true}]}}