{"id":209500,"date":"2022-08-04T18:52:48","date_gmt":"2022-08-04T16:52:48","guid":{"rendered":"https:\/\/iha-race.com\/producto\/dalprop-t6040-luftschrauben\/"},"modified":"2024-08-29T12:00:37","modified_gmt":"2024-08-29T10:00:37","slug":"propeller-dalprop-t6040","status":"publish","type":"product","link":"https:\/\/iha-race.com\/de\/producto\/propeller-dalprop-t6040\/","title":{"rendered":"Dalprop T6040 Luftschrauben"},"content":{"rendered":"<h2>Dalprop T6040 Luftschrauben<\/h2>\n<p>  Der DALPROP CYCLONE T6040C ist ein Dreiblatt-Propeller f\u00fcr 6&#8243; Quadcopter. DAL f\u00fchrt eine strenge Qualit\u00e4tskontrolle durch und setzt professionelle Instrumente ein, um sicherzustellen, dass jeder Propeller hervorragend ausgewuchtet und vibrationsarm ist. Sie ist als unversehrt gekennzeichnet. Seit dem ersten Zyklon wurden die DAL-Streben von einem f\u00fchrenden Professor f\u00fcr Aerodynamik in China entworfen. Schon in den ersten Sekunden, in denen Sie einen Cyclone-Propeller fliegen, sp\u00fcren Sie die angepasste Reaktion und das Gef\u00fchl. Diese besondere Qualit\u00e4t wurde in der gesamten Cyclone-Linie immer wieder beibehalten, und Sie werden sie bei der T6040C sp\u00fcren. Mit Hunderttausenden von verkauften Spielen pro Monat ist die Cyclone-Zubeh\u00f6rserie eines der erfolgreichsten Zubeh\u00f6rteile, die die Branche je gesehen hat. Die T6040C ist eine fantastische Erg\u00e4nzung der Produktlinie.  <\/p>\n<h3><b>Spezifikationen<\/b><\/h3>\n<div>\n<ul>\n<li>Material: Polycarbonat + Glasfaser.<\/li>\n<li>Farbe: schwarz, blau, lila<\/li>\n<li>Innendurchmesser (Halterung): \u03c65 mm<\/li>\n<li>L\u00e4nge: 6 Zoll<\/li>\n<li>Teilung: 4 Zoll<\/li>\n<li>Gewicht: 5,8 g pro St\u00fcck.<\/li>\n<\/ul>\n<\/div>\n<h3><b>Das Paket umfasst<\/b><\/h3>\n<ul>\n<li>2 x CW Zyklon T6040C<\/li>\n<li>2 x CCW Zyklon T6040C<\/li>\n<\/ul>\n","protected":false},"excerpt":{"rendered":"<p>Dalprop T6040 Luftschrauben Der DALPROP CYCLONE T6040C ist ein Dreiblatt-Propeller f\u00fcr 6&#8243; Quadcopter. DAL f\u00fchrt eine strenge Qualit\u00e4tskontrolle durch und setzt professionelle Instrumente ein, um sicherzustellen, dass jeder Propeller hervorragend<\/p>\n","protected":false},"featured_media":128737,"comment_status":"open","ping_status":"closed","template":"","meta":{"_joinchat":[]},"pwb-brand":[],"product_cat":[2548],"product_tag":[],"class_list":{"0":"post-209500","1":"product","2":"type-product","3":"status-publish","4":"has-post-thumbnail","6":"product_cat-auslass","8":"first","9":"instock","10":"sale","11":"taxable","12":"shipping-taxable","13":"purchasable","14":"product-type-variable"},"barcode":null,"atum_controlled":true,"out_stock_date":null,"out_stock_threshold":null,"inheritable":true,"stock_on_hold":0,"sold_today":0,"sales_last_days":0,"out_stock_days":0,"lost_sales":0,"update_date":"2026-04-25T20:28:31","atum_locations":[],"atum_stock_status":"instock","restock_status":false,"low_stock_amount":"","sales_update_date":"2026-04-25T20:28:31","calc_backorders":null,"yoast_head":"<!-- This site is optimized with the Yoast SEO plugin v27.3 - https:\/\/yoast.com\/product\/yoast-seo-wordpress\/ -->\n<title>Dalprop T6040 Luftschrauben - Iha Race<\/title>\n<meta name=\"robots\" content=\"index, follow, max-snippet:-1, max-image-preview:large, max-video-preview:-1\" \/>\n<link rel=\"canonical\" href=\"https:\/\/iha-race.com\/de\/producto\/propeller-dalprop-t6040\/\" \/>\n<meta property=\"og:locale\" content=\"de_DE\" \/>\n<meta property=\"og:type\" content=\"article\" \/>\n<meta property=\"og:title\" content=\"Dalprop T6040 Luftschrauben - Iha Race\" \/>\n<meta property=\"og:description\" content=\"Dalprop T6040 Luftschrauben Der DALPROP CYCLONE T6040C ist ein Dreiblatt-Propeller f\u00fcr 6&#8243; Quadcopter. DAL f\u00fchrt eine strenge Qualit\u00e4tskontrolle durch und setzt professionelle Instrumente ein, um sicherzustellen, dass jeder Propeller hervorragend\" \/>\n<meta property=\"og:url\" content=\"https:\/\/iha-race.com\/de\/producto\/propeller-dalprop-t6040\/\" \/>\n<meta property=\"og:site_name\" content=\"Iha Race\" \/>\n<meta property=\"article:modified_time\" content=\"2024-08-29T10:00:37+00:00\" \/>\n<meta property=\"og:image\" content=\"https:\/\/iha-race.com\/wp-content\/uploads\/2022\/08\/Helices-Dalprop-T6040.jpg\" \/>\n\t<meta property=\"og:image:width\" content=\"500\" \/>\n\t<meta property=\"og:image:height\" content=\"500\" \/>\n\t<meta property=\"og:image:type\" content=\"image\/jpeg\" \/>\n<meta name=\"twitter:card\" content=\"summary_large_image\" \/>\n<meta name=\"twitter:label1\" content=\"Gesch\u00e4tzte Lesezeit\" \/>\n\t<meta name=\"twitter:data1\" content=\"1\u00a0Minute\" \/>\n<script type=\"application\/ld+json\" class=\"yoast-schema-graph\">{\"@context\":\"https:\\\/\\\/schema.org\",\"@graph\":[{\"@type\":\"WebPage\",\"@id\":\"https:\\\/\\\/iha-race.com\\\/de\\\/producto\\\/propeller-dalprop-t6040\\\/\",\"url\":\"https:\\\/\\\/iha-race.com\\\/de\\\/producto\\\/propeller-dalprop-t6040\\\/\",\"name\":\"Dalprop T6040 Luftschrauben - Iha Race\",\"isPartOf\":{\"@id\":\"https:\\\/\\\/iha-race.com\\\/de\\\/#website\"},\"primaryImageOfPage\":{\"@id\":\"https:\\\/\\\/iha-race.com\\\/de\\\/producto\\\/propeller-dalprop-t6040\\\/#primaryimage\"},\"image\":{\"@id\":\"https:\\\/\\\/iha-race.com\\\/de\\\/producto\\\/propeller-dalprop-t6040\\\/#primaryimage\"},\"thumbnailUrl\":\"https:\\\/\\\/iha-race.com\\\/wp-content\\\/uploads\\\/2022\\\/08\\\/Helices-Dalprop-T6040.jpg\",\"datePublished\":\"2022-08-04T16:52:48+00:00\",\"dateModified\":\"2024-08-29T10:00:37+00:00\",\"breadcrumb\":{\"@id\":\"https:\\\/\\\/iha-race.com\\\/de\\\/producto\\\/propeller-dalprop-t6040\\\/#breadcrumb\"},\"inLanguage\":\"de\",\"potentialAction\":[{\"@type\":\"ReadAction\",\"target\":[\"https:\\\/\\\/iha-race.com\\\/de\\\/producto\\\/propeller-dalprop-t6040\\\/\"]}]},{\"@type\":\"ImageObject\",\"inLanguage\":\"de\",\"@id\":\"https:\\\/\\\/iha-race.com\\\/de\\\/producto\\\/propeller-dalprop-t6040\\\/#primaryimage\",\"url\":\"https:\\\/\\\/iha-race.com\\\/wp-content\\\/uploads\\\/2022\\\/08\\\/Helices-Dalprop-T6040.jpg\",\"contentUrl\":\"https:\\\/\\\/iha-race.com\\\/wp-content\\\/uploads\\\/2022\\\/08\\\/Helices-Dalprop-T6040.jpg\",\"width\":500,\"height\":500},{\"@type\":\"BreadcrumbList\",\"@id\":\"https:\\\/\\\/iha-race.com\\\/de\\\/producto\\\/propeller-dalprop-t6040\\\/#breadcrumb\",\"itemListElement\":[{\"@type\":\"ListItem\",\"position\":1,\"name\":\"Portada\",\"item\":\"https:\\\/\\\/iha-race.com\\\/de\\\/elementor-499\\\/\"},{\"@type\":\"ListItem\",\"position\":2,\"name\":\"Shop\",\"item\":\"https:\\\/\\\/iha-race.com\\\/de\\\/shop\\\/\"},{\"@type\":\"ListItem\",\"position\":3,\"name\":\"Dalprop T6040 Luftschrauben\"}]},{\"@type\":\"WebSite\",\"@id\":\"https:\\\/\\\/iha-race.com\\\/de\\\/#website\",\"url\":\"https:\\\/\\\/iha-race.com\\\/de\\\/\",\"name\":\"Iha Race\",\"description\":\"Comprar drones de carreras FPV env\u00edos en un d\u00eda desde Espa\u00f1a\",\"publisher\":{\"@id\":\"https:\\\/\\\/iha-race.com\\\/de\\\/#organization\"},\"potentialAction\":[{\"@type\":\"SearchAction\",\"target\":{\"@type\":\"EntryPoint\",\"urlTemplate\":\"https:\\\/\\\/iha-race.com\\\/de\\\/?s={search_term_string}\"},\"query-input\":{\"@type\":\"PropertyValueSpecification\",\"valueRequired\":true,\"valueName\":\"search_term_string\"}}],\"inLanguage\":\"de\"},{\"@type\":\"Organization\",\"@id\":\"https:\\\/\\\/iha-race.com\\\/de\\\/#organization\",\"name\":\"Iha Race\",\"url\":\"https:\\\/\\\/iha-race.com\\\/de\\\/\",\"logo\":{\"@type\":\"ImageObject\",\"inLanguage\":\"de\",\"@id\":\"https:\\\/\\\/iha-race.com\\\/de\\\/#\\\/schema\\\/logo\\\/image\\\/\",\"url\":\"https:\\\/\\\/iha-race.com\\\/wp-content\\\/uploads\\\/2018\\\/07\\\/iha-race-drones-de-carreras-tienda-comprar-drones.png\",\"contentUrl\":\"https:\\\/\\\/iha-race.com\\\/wp-content\\\/uploads\\\/2018\\\/07\\\/iha-race-drones-de-carreras-tienda-comprar-drones.png\",\"width\":300,\"height\":100,\"caption\":\"Iha Race\"},\"image\":{\"@id\":\"https:\\\/\\\/iha-race.com\\\/de\\\/#\\\/schema\\\/logo\\\/image\\\/\"}}]}<\/script>\n<!-- \/ Yoast SEO plugin. -->","yoast_head_json":{"title":"Dalprop T6040 Luftschrauben - Iha Race","robots":{"index":"index","follow":"follow","max-snippet":"max-snippet:-1","max-image-preview":"max-image-preview:large","max-video-preview":"max-video-preview:-1"},"canonical":"https:\/\/iha-race.com\/de\/producto\/propeller-dalprop-t6040\/","og_locale":"de_DE","og_type":"article","og_title":"Dalprop T6040 Luftschrauben - Iha Race","og_description":"Dalprop T6040 Luftschrauben Der DALPROP CYCLONE T6040C ist ein Dreiblatt-Propeller f\u00fcr 6&#8243; Quadcopter. DAL f\u00fchrt eine strenge Qualit\u00e4tskontrolle durch und setzt professionelle Instrumente ein, um sicherzustellen, dass jeder Propeller hervorragend","og_url":"https:\/\/iha-race.com\/de\/producto\/propeller-dalprop-t6040\/","og_site_name":"Iha Race","article_modified_time":"2024-08-29T10:00:37+00:00","og_image":[{"width":500,"height":500,"url":"https:\/\/iha-race.com\/wp-content\/uploads\/2022\/08\/Helices-Dalprop-T6040.jpg","type":"image\/jpeg"}],"twitter_card":"summary_large_image","twitter_misc":{"Gesch\u00e4tzte Lesezeit":"1\u00a0Minute"},"schema":{"@context":"https:\/\/schema.org","@graph":[{"@type":"WebPage","@id":"https:\/\/iha-race.com\/de\/producto\/propeller-dalprop-t6040\/","url":"https:\/\/iha-race.com\/de\/producto\/propeller-dalprop-t6040\/","name":"Dalprop T6040 Luftschrauben - Iha Race","isPartOf":{"@id":"https:\/\/iha-race.com\/de\/#website"},"primaryImageOfPage":{"@id":"https:\/\/iha-race.com\/de\/producto\/propeller-dalprop-t6040\/#primaryimage"},"image":{"@id":"https:\/\/iha-race.com\/de\/producto\/propeller-dalprop-t6040\/#primaryimage"},"thumbnailUrl":"https:\/\/iha-race.com\/wp-content\/uploads\/2022\/08\/Helices-Dalprop-T6040.jpg","datePublished":"2022-08-04T16:52:48+00:00","dateModified":"2024-08-29T10:00:37+00:00","breadcrumb":{"@id":"https:\/\/iha-race.com\/de\/producto\/propeller-dalprop-t6040\/#breadcrumb"},"inLanguage":"de","potentialAction":[{"@type":"ReadAction","target":["https:\/\/iha-race.com\/de\/producto\/propeller-dalprop-t6040\/"]}]},{"@type":"ImageObject","inLanguage":"de","@id":"https:\/\/iha-race.com\/de\/producto\/propeller-dalprop-t6040\/#primaryimage","url":"https:\/\/iha-race.com\/wp-content\/uploads\/2022\/08\/Helices-Dalprop-T6040.jpg","contentUrl":"https:\/\/iha-race.com\/wp-content\/uploads\/2022\/08\/Helices-Dalprop-T6040.jpg","width":500,"height":500},{"@type":"BreadcrumbList","@id":"https:\/\/iha-race.com\/de\/producto\/propeller-dalprop-t6040\/#breadcrumb","itemListElement":[{"@type":"ListItem","position":1,"name":"Portada","item":"https:\/\/iha-race.com\/de\/elementor-499\/"},{"@type":"ListItem","position":2,"name":"Shop","item":"https:\/\/iha-race.com\/de\/shop\/"},{"@type":"ListItem","position":3,"name":"Dalprop T6040 Luftschrauben"}]},{"@type":"WebSite","@id":"https:\/\/iha-race.com\/de\/#website","url":"https:\/\/iha-race.com\/de\/","name":"Iha Race","description":"Comprar drones de carreras FPV env\u00edos en un d\u00eda desde Espa\u00f1a","publisher":{"@id":"https:\/\/iha-race.com\/de\/#organization"},"potentialAction":[{"@type":"SearchAction","target":{"@type":"EntryPoint","urlTemplate":"https:\/\/iha-race.com\/de\/?s={search_term_string}"},"query-input":{"@type":"PropertyValueSpecification","valueRequired":true,"valueName":"search_term_string"}}],"inLanguage":"de"},{"@type":"Organization","@id":"https:\/\/iha-race.com\/de\/#organization","name":"Iha Race","url":"https:\/\/iha-race.com\/de\/","logo":{"@type":"ImageObject","inLanguage":"de","@id":"https:\/\/iha-race.com\/de\/#\/schema\/logo\/image\/","url":"https:\/\/iha-race.com\/wp-content\/uploads\/2018\/07\/iha-race-drones-de-carreras-tienda-comprar-drones.png","contentUrl":"https:\/\/iha-race.com\/wp-content\/uploads\/2018\/07\/iha-race-drones-de-carreras-tienda-comprar-drones.png","width":300,"height":100,"caption":"Iha Race"},"image":{"@id":"https:\/\/iha-race.com\/de\/#\/schema\/logo\/image\/"}}]}},"jetpack_sharing_enabled":true,"brands":[],"_links":{"self":[{"href":"https:\/\/iha-race.com\/de\/wp-json\/wp\/v2\/product\/209500","targetHints":{"allow":["GET"]}}],"collection":[{"href":"https:\/\/iha-race.com\/de\/wp-json\/wp\/v2\/product"}],"about":[{"href":"https:\/\/iha-race.com\/de\/wp-json\/wp\/v2\/types\/product"}],"replies":[{"embeddable":true,"href":"https:\/\/iha-race.com\/de\/wp-json\/wp\/v2\/comments?post=209500"}],"version-history":[{"count":2,"href":"https:\/\/iha-race.com\/de\/wp-json\/wp\/v2\/product\/209500\/revisions"}],"predecessor-version":[{"id":249007,"href":"https:\/\/iha-race.com\/de\/wp-json\/wp\/v2\/product\/209500\/revisions\/249007"}],"wp:featuredmedia":[{"embeddable":true,"href":"https:\/\/iha-race.com\/de\/wp-json\/wp\/v2\/media\/128737"}],"wp:attachment":[{"href":"https:\/\/iha-race.com\/de\/wp-json\/wp\/v2\/media?parent=209500"}],"wp:term":[{"taxonomy":"pwb-brand","embeddable":true,"href":"https:\/\/iha-race.com\/de\/wp-json\/wp\/v2\/pwb-brand?post=209500"},{"taxonomy":"product_cat","embeddable":true,"href":"https:\/\/iha-race.com\/de\/wp-json\/wp\/v2\/product_cat?post=209500"},{"taxonomy":"product_tag","embeddable":true,"href":"https:\/\/iha-race.com\/de\/wp-json\/wp\/v2\/product_tag?post=209500"}],"curies":[{"name":"wp","href":"https:\/\/api.w.org\/{rel}","templated":true}]}}