{"id":209476,"date":"2022-07-08T18:44:00","date_gmt":"2022-07-08T16:44:00","guid":{"rendered":"https:\/\/iha-race.com\/producto\/rahmen-iflight-nazgul-evoque-f5x-hd\/"},"modified":"2024-12-12T12:12:42","modified_gmt":"2024-12-12T11:12:42","slug":"rahmen-iflight-nazgul-evoque-f5x-hd","status":"publish","type":"product","link":"https:\/\/iha-race.com\/de\/producto\/rahmen-iflight-nazgul-evoque-f5x-hd\/","title":{"rendered":"Rahmen iFlight Nazgul Evoque F5X V2"},"content":{"rendered":"<h2>Rahmen iFlight Nazgul Evoque F5X V2<\/h2>\n<p><span class=\"\">Vorbei sind die Zeiten, in denen Ihre elektronischen Ger\u00e4te bei jedem Sturz mit Schmutz und nassem Gras bedeckt waren. Unser neuester Rahmen reduziert Verunreinigungen, die sich in Ihrem Flugregler oder ESC ansammeln k\u00f6nnten, und verhindert so Ausf\u00e4lle oder Kurzschl\u00fcsse. Strategischer Luftstrom, um Ihre Komponenten k\u00fchl und sauber zu halten, ohne Abstriche bei Gewicht oder Leistung zu machen. Beleuchtete Seitenteile und 360-Grad-TPU-Schutzteile.<\/span><\/p>\n<p>&nbsp;<\/p>\n<h3>\u00dcberlegungen:<\/h3>\n<div class=\"temp-specs-tr\">\n<div class=\"temp-specs-td value\">\n<p>Upgrade von V1 auf V2 f\u00fcr die digitale \u00dcbertragung der DJI O3 HD Lufteinheit.<\/p>\n<p>Speziell entwickelter K\u00fchlk\u00f6rper f\u00fcr DJI O3 Air Unit<\/p>\n<p>Neue Kamerahalterung f\u00fcr ein gr\u00f6\u00dferes Sichtfeld mit TPU-D\u00e4mpfungseins\u00e4tzen<\/p>\n<p>Neue Seitenteile f\u00fcr die perfekte Anpassung der O3-Lufteinheit an der R\u00fcckseite<\/p>\n<p>Neue 5.8G VTX Antenne Dual TPU Halterung<\/p>\n<p>Neueste Nazgul-Rahmen-Upgrades f\u00fcr maximalen Schutz<\/p>\n<p><b>Optionale Teile zur Auswahl (nicht im Rahmensatz enthalten):<\/b><\/p>\n<p>Neuer Anti-Funken-Filter, der schnelle Spannungs- und Stromspitzen beim Anschlie\u00dfen einer Batterie verhindert<\/p>\n<p>Einzigartige DJI VTX TPU-Antenne zur Installation der im DJI O3-Set enthaltenen Originalantenne.<\/p>\n<\/div>\n<\/div>\n<div class=\"temp-specs-tr\">\n<div class=\"temp-specs-td name\">M\u00f6chten Sie Ihr Nazgul F5 V1 aufr\u00fcsten?<\/div>\n<div class=\"temp-specs-td value\">\n<p>Wenn Sie Ihren Nazgul Evoque F5 V1 mit der DJI O3 Lufteinheit aufr\u00fcsten m\u00f6chten, lesen Sie dies:<\/p>\n<p>&#8211; Der Anschluss FC (Flight Controller) an O3 VTX unterscheidet sich von dem fr\u00fcheren Caddx Vista\/Polar-Anschluss. Das m\u00fcssen Sie selbst tun.<\/p>\n<p>&#8211; RX (Receiver) Position ge\u00e4ndert. Die L\u00e4nge der Antenne V1 ist 75 mm, V2 ist 220 mm. Das m\u00fcssen Sie selbst tun.<\/p>\n<p>&#8211; Der XT60-Stecker wurde ge\u00e4ndert. Sie m\u00fcssen den V1-Stecker abl\u00f6ten und den V2-Stecker installieren. Im Lieferumfang des Rahmens enthalten.<\/p>\n<p>&#8211; Wenn Sie von F5X V1 zu F5X V2 wechseln, haben alle Motorkabel die gleiche L\u00e4nge.<\/p>\n<p>&#8211; Wenn Sie von F5X V1 auf F5D V2 umsteigen, m\u00fcssen die hinteren Motorkabel verl\u00e4ngert werden, da Sie die Rahmengeometrie \u00e4ndern.<\/p>\n<p>&#8211; Die TPU-Antenne auf der R\u00fcckseite gibt es in 2 Versionen; eine f\u00fcr die originale DJI VTX Einzelantenne oder eine f\u00fcr die Dualantennenkonfiguration. Das Kit enth\u00e4lt eine doppelte TPU-Antenne. Es ist notwendig, 2 LHCP 5.8G Antennen zu installieren.<\/p>\n<h3>Register der \u00c4nderungen:<\/h3>\n<p>13. Dezember 2022: Neue Silikoneins\u00e4tze wurden entwickelt, um die TPU-Eins\u00e4tze zu ersetzen, die die 03-Nocken an den Seitenw\u00e4nden halten.<\/p>\n<p>&nbsp;<\/p>\n<h3>Spezifikationen:<\/h3>\n<\/div>\n<\/div>\n<div class=\"temp-specs-tr\">\n<div class=\"temp-specs-td value\">\n<p>Produktname: Rahmensatz f\u00fcr Evoque F5 V2<\/p>\n<p>Rahmen-Radstand: 225 mm (Squashed X) \/ 223 mm (DeadCat)<\/p>\n<p><span class=\"VIpgJd-yAWNEb-VIpgJd-fmcmS-sn54Q\">Rahmengr\u00f6\u00dfe: L258*B199*H25 mm (X abgeflacht) \/ L190*B136*H36 mm (DeadCat)<\/span><\/p>\n<p>Abmessungen des Rahmens: 36 mm<\/p>\n<p>Armst\u00e4rke: 6 mm.<\/p>\n<p>Dicke der Bodenplatte: 3 mm.<\/p>\n<p>Dicke der Deckplatte: 2 mm<\/p>\n<p>Dicke der Deckplatte: 3 mm<\/p>\n<p>Dicke der Kameraplatte: 3 mm.<\/p>\n<p>Maximale H\u00f6he des Flugpfahls: 22 mm<\/p>\n<p>&nbsp;<\/p>\n<p>Maximale H\u00f6he des VTX: 23 mm<\/p>\n<p>Motorhalterung: 16x16mm<\/p>\n<p>Montage des Flugschachtes: 20*20\/\u03a63mm<\/p>\n<p data-sider-select-id=\"9bacd2d5-a782-4cec-b2cf-1aaeedcf74d2\">VTX-Montage: 25,5*25,5\/\u03a61,6 mm<\/p>\n<p>Gewicht: 240 Gramm<\/p>\n<p>&nbsp;<\/p>\n<h3>Packliste:<\/h3>\n<\/div>\n<\/div>\n<div class=\"temp-specs-tr\">\n<div class=\"temp-specs-td value\">\n<p>1 Evoque F5 V2 Rahmensatz.<\/p>\n<p>1 K\u00fchlk\u00f6rper der O3-Lufteinheit.<\/p>\n<p>2x O3 IPEX auf RP-SMA flexible Antennenanschl\u00fcsse O3 IPEX auf RP-SMA<\/p>\n<p>1 x O3 Dual TPU Antenne<\/p>\n<p>1 GoPro TPU-Basishalterung.<\/p>\n<p>1 x Beutel mit Schrauben<\/p>\n<p>4 TPU-Armsch\u00fctzer.<\/p>\n<p>1 TPU-Sto\u00dfstange vorne.<\/p>\n<p>1 TPU-Sto\u00dfstange hinten.<\/p>\n<p>2 x Anti-Rutsch-Batterie-Pad<\/p>\n<p>2 x Batterieband (20*250mm)<\/p>\n<\/div>\n<\/div>\n","protected":false},"excerpt":{"rendered":"<p>Rahmen iFlight Nazgul Evoque F5X V2 Vorbei sind die Zeiten, in denen Ihre elektronischen Ger\u00e4te bei jedem Sturz mit Schmutz und nassem Gras bedeckt waren. Unser neuester Rahmen reduziert Verunreinigungen,<\/p>\n","protected":false},"featured_media":128551,"comment_status":"open","ping_status":"closed","template":"","meta":{"_joinchat":[]},"pwb-brand":[],"product_cat":[27,3667,4114],"product_tag":[],"class_list":{"0":"post-209476","1":"product","2":"type-product","3":"status-publish","4":"has-post-thumbnail","6":"product_cat-drones-fpv","7":"product_cat-cuadros-frame","8":"product_cat-black-friday-2024","10":"first","11":"instock","12":"sale","13":"taxable","14":"shipping-taxable","15":"purchasable","16":"product-type-simple"},"barcode":null,"atum_controlled":true,"out_stock_date":null,"out_stock_threshold":null,"inheritable":false,"stock_on_hold":1,"sold_today":0,"sales_last_days":0,"out_stock_days":0,"lost_sales":0,"update_date":"2026-05-04T11:43:28","atum_locations":[],"atum_stock_status":"instock","restock_status":false,"low_stock_amount":0,"sales_update_date":"2026-05-04T11:43:28","calc_backorders":null,"yoast_head":"<!-- This site is optimized with the Yoast SEO plugin v27.3 - https:\/\/yoast.com\/product\/yoast-seo-wordpress\/ -->\n<title>Rahmen iFlight Nazgul Evoque F5X V2 - Iha Race<\/title>\n<meta name=\"robots\" content=\"index, follow, max-snippet:-1, max-image-preview:large, max-video-preview:-1\" \/>\n<link rel=\"canonical\" href=\"https:\/\/iha-race.com\/de\/producto\/rahmen-iflight-nazgul-evoque-f5x-hd\/\" \/>\n<meta property=\"og:locale\" content=\"de_DE\" \/>\n<meta property=\"og:type\" content=\"article\" \/>\n<meta property=\"og:title\" content=\"Rahmen iFlight Nazgul Evoque F5X V2 - Iha Race\" \/>\n<meta property=\"og:description\" content=\"Rahmen iFlight Nazgul Evoque F5X V2 Vorbei sind die Zeiten, in denen Ihre elektronischen Ger\u00e4te bei jedem Sturz mit Schmutz und nassem Gras bedeckt waren. Unser neuester Rahmen reduziert Verunreinigungen,\" \/>\n<meta property=\"og:url\" content=\"https:\/\/iha-race.com\/de\/producto\/rahmen-iflight-nazgul-evoque-f5x-hd\/\" \/>\n<meta property=\"og:site_name\" content=\"Iha Race\" \/>\n<meta property=\"article:modified_time\" content=\"2024-12-12T11:12:42+00:00\" \/>\n<meta property=\"og:image\" content=\"https:\/\/iha-race.com\/wp-content\/uploads\/2022\/07\/Frame-iFlight-Nazgul-Evoque-F5X.jpg\" \/>\n\t<meta property=\"og:image:width\" content=\"1001\" \/>\n\t<meta property=\"og:image:height\" content=\"1001\" \/>\n\t<meta property=\"og:image:type\" content=\"image\/jpeg\" \/>\n<meta name=\"twitter:card\" content=\"summary_large_image\" \/>\n<meta name=\"twitter:label1\" content=\"Gesch\u00e4tzte Lesezeit\" \/>\n\t<meta name=\"twitter:data1\" content=\"3\u00a0Minuten\" \/>\n<script type=\"application\/ld+json\" class=\"yoast-schema-graph\">{\"@context\":\"https:\\\/\\\/schema.org\",\"@graph\":[{\"@type\":\"WebPage\",\"@id\":\"https:\\\/\\\/iha-race.com\\\/de\\\/producto\\\/rahmen-iflight-nazgul-evoque-f5x-hd\\\/\",\"url\":\"https:\\\/\\\/iha-race.com\\\/de\\\/producto\\\/rahmen-iflight-nazgul-evoque-f5x-hd\\\/\",\"name\":\"Rahmen iFlight Nazgul Evoque F5X V2 - Iha Race\",\"isPartOf\":{\"@id\":\"https:\\\/\\\/iha-race.com\\\/de\\\/#website\"},\"primaryImageOfPage\":{\"@id\":\"https:\\\/\\\/iha-race.com\\\/de\\\/producto\\\/rahmen-iflight-nazgul-evoque-f5x-hd\\\/#primaryimage\"},\"image\":{\"@id\":\"https:\\\/\\\/iha-race.com\\\/de\\\/producto\\\/rahmen-iflight-nazgul-evoque-f5x-hd\\\/#primaryimage\"},\"thumbnailUrl\":\"https:\\\/\\\/iha-race.com\\\/wp-content\\\/uploads\\\/2022\\\/07\\\/Frame-iFlight-Nazgul-Evoque-F5X.jpg\",\"datePublished\":\"2022-07-08T16:44:00+00:00\",\"dateModified\":\"2024-12-12T11:12:42+00:00\",\"breadcrumb\":{\"@id\":\"https:\\\/\\\/iha-race.com\\\/de\\\/producto\\\/rahmen-iflight-nazgul-evoque-f5x-hd\\\/#breadcrumb\"},\"inLanguage\":\"de\",\"potentialAction\":[{\"@type\":\"ReadAction\",\"target\":[\"https:\\\/\\\/iha-race.com\\\/de\\\/producto\\\/rahmen-iflight-nazgul-evoque-f5x-hd\\\/\"]}]},{\"@type\":\"ImageObject\",\"inLanguage\":\"de\",\"@id\":\"https:\\\/\\\/iha-race.com\\\/de\\\/producto\\\/rahmen-iflight-nazgul-evoque-f5x-hd\\\/#primaryimage\",\"url\":\"https:\\\/\\\/iha-race.com\\\/wp-content\\\/uploads\\\/2022\\\/07\\\/Frame-iFlight-Nazgul-Evoque-F5X.jpg\",\"contentUrl\":\"https:\\\/\\\/iha-race.com\\\/wp-content\\\/uploads\\\/2022\\\/07\\\/Frame-iFlight-Nazgul-Evoque-F5X.jpg\",\"width\":1001,\"height\":1001},{\"@type\":\"BreadcrumbList\",\"@id\":\"https:\\\/\\\/iha-race.com\\\/de\\\/producto\\\/rahmen-iflight-nazgul-evoque-f5x-hd\\\/#breadcrumb\",\"itemListElement\":[{\"@type\":\"ListItem\",\"position\":1,\"name\":\"Portada\",\"item\":\"https:\\\/\\\/iha-race.com\\\/de\\\/elementor-499\\\/\"},{\"@type\":\"ListItem\",\"position\":2,\"name\":\"Shop\",\"item\":\"https:\\\/\\\/iha-race.com\\\/de\\\/shop\\\/\"},{\"@type\":\"ListItem\",\"position\":3,\"name\":\"Rahmen iFlight Nazgul Evoque F5X V2\"}]},{\"@type\":\"WebSite\",\"@id\":\"https:\\\/\\\/iha-race.com\\\/de\\\/#website\",\"url\":\"https:\\\/\\\/iha-race.com\\\/de\\\/\",\"name\":\"Iha Race\",\"description\":\"Comprar drones de carreras FPV env\u00edos en un d\u00eda desde Espa\u00f1a\",\"publisher\":{\"@id\":\"https:\\\/\\\/iha-race.com\\\/de\\\/#organization\"},\"potentialAction\":[{\"@type\":\"SearchAction\",\"target\":{\"@type\":\"EntryPoint\",\"urlTemplate\":\"https:\\\/\\\/iha-race.com\\\/de\\\/?s={search_term_string}\"},\"query-input\":{\"@type\":\"PropertyValueSpecification\",\"valueRequired\":true,\"valueName\":\"search_term_string\"}}],\"inLanguage\":\"de\"},{\"@type\":\"Organization\",\"@id\":\"https:\\\/\\\/iha-race.com\\\/de\\\/#organization\",\"name\":\"Iha Race\",\"url\":\"https:\\\/\\\/iha-race.com\\\/de\\\/\",\"logo\":{\"@type\":\"ImageObject\",\"inLanguage\":\"de\",\"@id\":\"https:\\\/\\\/iha-race.com\\\/de\\\/#\\\/schema\\\/logo\\\/image\\\/\",\"url\":\"https:\\\/\\\/iha-race.com\\\/wp-content\\\/uploads\\\/2018\\\/07\\\/iha-race-drones-de-carreras-tienda-comprar-drones.png\",\"contentUrl\":\"https:\\\/\\\/iha-race.com\\\/wp-content\\\/uploads\\\/2018\\\/07\\\/iha-race-drones-de-carreras-tienda-comprar-drones.png\",\"width\":300,\"height\":100,\"caption\":\"Iha Race\"},\"image\":{\"@id\":\"https:\\\/\\\/iha-race.com\\\/de\\\/#\\\/schema\\\/logo\\\/image\\\/\"}}]}<\/script>\n<!-- \/ Yoast SEO plugin. -->","yoast_head_json":{"title":"Rahmen iFlight Nazgul Evoque F5X V2 - Iha Race","robots":{"index":"index","follow":"follow","max-snippet":"max-snippet:-1","max-image-preview":"max-image-preview:large","max-video-preview":"max-video-preview:-1"},"canonical":"https:\/\/iha-race.com\/de\/producto\/rahmen-iflight-nazgul-evoque-f5x-hd\/","og_locale":"de_DE","og_type":"article","og_title":"Rahmen iFlight Nazgul Evoque F5X V2 - Iha Race","og_description":"Rahmen iFlight Nazgul Evoque F5X V2 Vorbei sind die Zeiten, in denen Ihre elektronischen Ger\u00e4te bei jedem Sturz mit Schmutz und nassem Gras bedeckt waren. Unser neuester Rahmen reduziert Verunreinigungen,","og_url":"https:\/\/iha-race.com\/de\/producto\/rahmen-iflight-nazgul-evoque-f5x-hd\/","og_site_name":"Iha Race","article_modified_time":"2024-12-12T11:12:42+00:00","og_image":[{"width":1001,"height":1001,"url":"https:\/\/iha-race.com\/wp-content\/uploads\/2022\/07\/Frame-iFlight-Nazgul-Evoque-F5X.jpg","type":"image\/jpeg"}],"twitter_card":"summary_large_image","twitter_misc":{"Gesch\u00e4tzte Lesezeit":"3\u00a0Minuten"},"schema":{"@context":"https:\/\/schema.org","@graph":[{"@type":"WebPage","@id":"https:\/\/iha-race.com\/de\/producto\/rahmen-iflight-nazgul-evoque-f5x-hd\/","url":"https:\/\/iha-race.com\/de\/producto\/rahmen-iflight-nazgul-evoque-f5x-hd\/","name":"Rahmen iFlight Nazgul Evoque F5X V2 - Iha Race","isPartOf":{"@id":"https:\/\/iha-race.com\/de\/#website"},"primaryImageOfPage":{"@id":"https:\/\/iha-race.com\/de\/producto\/rahmen-iflight-nazgul-evoque-f5x-hd\/#primaryimage"},"image":{"@id":"https:\/\/iha-race.com\/de\/producto\/rahmen-iflight-nazgul-evoque-f5x-hd\/#primaryimage"},"thumbnailUrl":"https:\/\/iha-race.com\/wp-content\/uploads\/2022\/07\/Frame-iFlight-Nazgul-Evoque-F5X.jpg","datePublished":"2022-07-08T16:44:00+00:00","dateModified":"2024-12-12T11:12:42+00:00","breadcrumb":{"@id":"https:\/\/iha-race.com\/de\/producto\/rahmen-iflight-nazgul-evoque-f5x-hd\/#breadcrumb"},"inLanguage":"de","potentialAction":[{"@type":"ReadAction","target":["https:\/\/iha-race.com\/de\/producto\/rahmen-iflight-nazgul-evoque-f5x-hd\/"]}]},{"@type":"ImageObject","inLanguage":"de","@id":"https:\/\/iha-race.com\/de\/producto\/rahmen-iflight-nazgul-evoque-f5x-hd\/#primaryimage","url":"https:\/\/iha-race.com\/wp-content\/uploads\/2022\/07\/Frame-iFlight-Nazgul-Evoque-F5X.jpg","contentUrl":"https:\/\/iha-race.com\/wp-content\/uploads\/2022\/07\/Frame-iFlight-Nazgul-Evoque-F5X.jpg","width":1001,"height":1001},{"@type":"BreadcrumbList","@id":"https:\/\/iha-race.com\/de\/producto\/rahmen-iflight-nazgul-evoque-f5x-hd\/#breadcrumb","itemListElement":[{"@type":"ListItem","position":1,"name":"Portada","item":"https:\/\/iha-race.com\/de\/elementor-499\/"},{"@type":"ListItem","position":2,"name":"Shop","item":"https:\/\/iha-race.com\/de\/shop\/"},{"@type":"ListItem","position":3,"name":"Rahmen iFlight Nazgul Evoque F5X V2"}]},{"@type":"WebSite","@id":"https:\/\/iha-race.com\/de\/#website","url":"https:\/\/iha-race.com\/de\/","name":"Iha Race","description":"Comprar drones de carreras FPV env\u00edos en un d\u00eda desde Espa\u00f1a","publisher":{"@id":"https:\/\/iha-race.com\/de\/#organization"},"potentialAction":[{"@type":"SearchAction","target":{"@type":"EntryPoint","urlTemplate":"https:\/\/iha-race.com\/de\/?s={search_term_string}"},"query-input":{"@type":"PropertyValueSpecification","valueRequired":true,"valueName":"search_term_string"}}],"inLanguage":"de"},{"@type":"Organization","@id":"https:\/\/iha-race.com\/de\/#organization","name":"Iha Race","url":"https:\/\/iha-race.com\/de\/","logo":{"@type":"ImageObject","inLanguage":"de","@id":"https:\/\/iha-race.com\/de\/#\/schema\/logo\/image\/","url":"https:\/\/iha-race.com\/wp-content\/uploads\/2018\/07\/iha-race-drones-de-carreras-tienda-comprar-drones.png","contentUrl":"https:\/\/iha-race.com\/wp-content\/uploads\/2018\/07\/iha-race-drones-de-carreras-tienda-comprar-drones.png","width":300,"height":100,"caption":"Iha Race"},"image":{"@id":"https:\/\/iha-race.com\/de\/#\/schema\/logo\/image\/"}}]}},"jetpack_sharing_enabled":true,"brands":[],"_links":{"self":[{"href":"https:\/\/iha-race.com\/de\/wp-json\/wp\/v2\/product\/209476","targetHints":{"allow":["GET"]}}],"collection":[{"href":"https:\/\/iha-race.com\/de\/wp-json\/wp\/v2\/product"}],"about":[{"href":"https:\/\/iha-race.com\/de\/wp-json\/wp\/v2\/types\/product"}],"replies":[{"embeddable":true,"href":"https:\/\/iha-race.com\/de\/wp-json\/wp\/v2\/comments?post=209476"}],"version-history":[{"count":5,"href":"https:\/\/iha-race.com\/de\/wp-json\/wp\/v2\/product\/209476\/revisions"}],"predecessor-version":[{"id":252578,"href":"https:\/\/iha-race.com\/de\/wp-json\/wp\/v2\/product\/209476\/revisions\/252578"}],"wp:featuredmedia":[{"embeddable":true,"href":"https:\/\/iha-race.com\/de\/wp-json\/wp\/v2\/media\/128551"}],"wp:attachment":[{"href":"https:\/\/iha-race.com\/de\/wp-json\/wp\/v2\/media?parent=209476"}],"wp:term":[{"taxonomy":"pwb-brand","embeddable":true,"href":"https:\/\/iha-race.com\/de\/wp-json\/wp\/v2\/pwb-brand?post=209476"},{"taxonomy":"product_cat","embeddable":true,"href":"https:\/\/iha-race.com\/de\/wp-json\/wp\/v2\/product_cat?post=209476"},{"taxonomy":"product_tag","embeddable":true,"href":"https:\/\/iha-race.com\/de\/wp-json\/wp\/v2\/product_tag?post=209476"}],"curies":[{"name":"wp","href":"https:\/\/api.w.org\/{rel}","templated":true}]}}