{"id":209475,"date":"2022-06-13T18:52:18","date_gmt":"2022-06-13T16:52:18","guid":{"rendered":"https:\/\/iha-race.com\/producto\/t-motor-pacer-p2207-v2-leistungsstarker-freestyle-motor-1950-kv-2250kv\/"},"modified":"2024-11-13T11:42:25","modified_gmt":"2024-11-13T10:42:25","slug":"motor-t-motor-pacer-p2207-v2-powerful-freestyle-1950-kv-2","status":"publish","type":"product","link":"https:\/\/iha-race.com\/de\/producto\/motor-t-motor-pacer-p2207-v2-powerful-freestyle-1950-kv-2\/","title":{"rendered":"T-Motor PACER P2207 V2 Leistungsstarker Freestyle Motor (1750 Kv\/1950 Kv\/2250 kv)"},"content":{"rendered":"<h2>T-Motor PACER P2207 V2 Leistungsstarker Freestyle Motor (1950 Kv\/2250kv)<\/h2>\n<p>  Die Pacer-Motoren haben sich zu einem der beliebtesten Motoren auf dem Markt entwickelt. Deshalb hat T-Motor seinen Motor aktualisiert und auf V2 aufger\u00fcstet. Die V2-Version des Pacer 2207 hat mehr Leistung, um Ihrem Freestyle-Quadcopter extreme Power zu verleihen. Dieser Motor verf\u00fcgt \u00fcber eine h\u00f6here Drosselklappe f\u00fcr sch\u00f6ne Kontrolle und ist f\u00fcr das Fliegen in gr\u00f6\u00dferen R\u00e4umen geeignet.  <\/p>\n<h2>Spezifikationen<\/h2>\n<p><strong><span>KV<\/span><\/strong><span> : 1750<\/span><\/p>\n<ul>\n<li><strong><span>Leitung: <\/span><\/strong><span> 20#AWG 150mm<\/span><\/li>\n<li><strong><span>Konfiguration: <\/span><\/strong><span> 12N14P<\/span><\/li>\n<li><strong><span>Durchmesser des Schafts<\/span><\/strong><span> : 4 mm<\/span><\/li>\n<li><strong><span>Abmessungen des Motors<\/span><\/strong><span> \u00d828.1*31mm<\/span><\/li>\n<li><strong><span>Gewicht inklusive Kabel <\/span><\/strong> <strong><span>(g): <\/span><\/strong><span> 30,6 g<\/span><\/li>\n<li><strong><span>Nennspannung (Lipo):<\/span><\/strong><span> 6S <\/span> <\/li>\n<li><strong><span>Leerlaufstrom (10V):<\/span><\/strong><span> 1.2A <\/span> <\/li>\n<li><strong><span>Innenwiderstand<\/span><\/strong><span> : 61,2 m\u03a9 <\/span> <\/li>\n<li><strong><span>max. Strom  <\/span><\/strong> <strong><span>(60S):<\/span><\/strong><span> 794W<\/span><\/li>\n<li><strong><span>Maximaler Strom (60s):<\/span><\/strong><span> 35.7A<\/span><\/li>\n<\/ul>\n<p><strong>KV<\/strong>: 1950  <\/p>\n<ul>\n<li><strong>Leitung: <\/strong> 20 # AWG 150 mm<\/li>\n<li><strong>Konfiguration: <\/strong> 12N14P<\/li>\n<li><strong>Durchmesser der Welle<\/strong>: 4 mm<\/li>\n<li><strong>Abmessungen des Motors<\/strong>: \u00d828,1 * 31 mm<\/li>\n<li><strong>Gewicht inkl. Kabel <\/strong> <strong>(g):<\/strong> 33,7 <strong>g <\/strong> <\/li>\n<li><strong>Nennspannung (Lipo):<\/strong> 6S<\/li>\n<li><strong>Leerlaufstrom (10 V):<\/strong> 1,1A<\/li>\n<li><strong>Innenwiderstand<\/strong>: 56,5 m\u03a9<\/li>\n<li><strong>Max. Strom  <\/strong> <strong>(60S):<\/strong> 878W<\/li>\n<li><strong>Maximaler Strom (60 s):<\/strong> 39,3 A<\/li>\n<\/ul>\n<p><strong>KV<\/strong>: 2550  <\/p>\n<ul>\n<li><strong>Leitung: <\/strong> 20#AWG 150mm<\/li>\n<li><strong>Konfiguration: <\/strong> 12N14P<\/li>\n<li><strong>Durchmesser der Welle<\/strong>: 4 mm<\/li>\n<li><strong>Abmessungen des Motors<\/strong>: \u00d828.1*31mm<\/li>\n<li><strong>Gewicht einschlie\u00dflich Kabel <\/strong> <strong>(g):<\/strong> 33,7 g<\/li>\n<li><strong>Nennspannung (Lipo):<\/strong> 4-5S<\/li>\n<li><strong>Leerlaufstrom (10V):<\/strong> 2A<\/li>\n<li><strong>Innenwiderstand<\/strong>: 42m\u03a9<\/li>\n<li><strong>max. Strom  <\/strong> <strong>(60S):<\/strong> 560W<\/li>\n<li><strong>Maximaler Strom (60s):<\/strong> 38,3A<\/li>\n<\/ul>\n<p>&nbsp;<\/p>\n<p><img fetchpriority=\"high\" decoding=\"async\" class=\"alignnone wp-image-61454 size-full\" src=\"https:\/\/iha-race.com\/wp-content\/uploads\/2021\/03\/freestyle.jpg\" alt=\"\" width=\"940\" height=\"874\" srcset=\"https:\/\/iha-race.com\/wp-content\/uploads\/2021\/03\/freestyle.jpg 940w, https:\/\/iha-race.com\/wp-content\/uploads\/2021\/03\/freestyle-599x557.jpg 599w, https:\/\/iha-race.com\/wp-content\/uploads\/2021\/03\/freestyle-300x279.jpg 300w, https:\/\/iha-race.com\/wp-content\/uploads\/2021\/03\/freestyle-1024x952.jpg 1024w, https:\/\/iha-race.com\/wp-content\/uploads\/2021\/03\/freestyle-768x714.jpg 768w, https:\/\/iha-race.com\/wp-content\/uploads\/2021\/03\/freestyle-1536x1428.jpg 1536w, https:\/\/iha-race.com\/wp-content\/uploads\/2021\/03\/freestyle-2048x1904.jpg 2048w, https:\/\/iha-race.com\/wp-content\/uploads\/2021\/03\/freestyle-788x732.jpg 788w\" sizes=\"(max-width: 940px) 100vw, 940px\" \/> <img decoding=\"async\" class=\"alignnone wp-image-61455 size-full\" src=\"https:\/\/iha-race.com\/wp-content\/uploads\/2021\/03\/cambios.jpg\" alt=\"\" width=\"940\" height=\"483\" srcset=\"https:\/\/iha-race.com\/wp-content\/uploads\/2021\/03\/cambios.jpg 940w, https:\/\/iha-race.com\/wp-content\/uploads\/2021\/03\/cambios-599x308.jpg 599w, https:\/\/iha-race.com\/wp-content\/uploads\/2021\/03\/cambios-300x154.jpg 300w, https:\/\/iha-race.com\/wp-content\/uploads\/2021\/03\/cambios-1024x526.jpg 1024w, https:\/\/iha-race.com\/wp-content\/uploads\/2021\/03\/cambios-767x394.jpg 767w, https:\/\/iha-race.com\/wp-content\/uploads\/2021\/03\/cambios-1536x789.jpg 1536w, https:\/\/iha-race.com\/wp-content\/uploads\/2021\/03\/cambios-2048x1052.jpg 2048w, https:\/\/iha-race.com\/wp-content\/uploads\/2021\/03\/cambios-788x404.jpg 788w\" sizes=\"(max-width: 940px) 100vw, 940px\" \/><img decoding=\"async\" class=\"alignnone wp-image-61456 size-full\" src=\"https:\/\/iha-race.com\/wp-content\/uploads\/2021\/03\/comparacion.jpg\" alt=\"\" width=\"940\" height=\"835\" srcset=\"https:\/\/iha-race.com\/wp-content\/uploads\/2021\/03\/comparacion.jpg 940w, https:\/\/iha-race.com\/wp-content\/uploads\/2021\/03\/comparacion-599x532.jpg 599w, https:\/\/iha-race.com\/wp-content\/uploads\/2021\/03\/comparacion-300x266.jpg 300w, https:\/\/iha-race.com\/wp-content\/uploads\/2021\/03\/comparacion-1024x910.jpg 1024w, https:\/\/iha-race.com\/wp-content\/uploads\/2021\/03\/comparacion-768x682.jpg 768w, https:\/\/iha-race.com\/wp-content\/uploads\/2021\/03\/comparacion-1536x1364.jpg 1536w, https:\/\/iha-race.com\/wp-content\/uploads\/2021\/03\/comparacion-2048x1819.jpg 2048w, https:\/\/iha-race.com\/wp-content\/uploads\/2021\/03\/comparacion-788x699.jpg 788w\" sizes=\"(max-width: 940px) 100vw, 940px\" \/> <img loading=\"lazy\" decoding=\"async\" class=\"alignnone wp-image-61457 size-full\" src=\"https:\/\/iha-race.com\/wp-content\/uploads\/2021\/03\/escenario.jpg\" alt=\"\" width=\"940\" height=\"772\" srcset=\"https:\/\/iha-race.com\/wp-content\/uploads\/2021\/03\/escenario.jpg 940w, https:\/\/iha-race.com\/wp-content\/uploads\/2021\/03\/escenario-599x492.jpg 599w, https:\/\/iha-race.com\/wp-content\/uploads\/2021\/03\/escenario-300x246.jpg 300w, https:\/\/iha-race.com\/wp-content\/uploads\/2021\/03\/escenario-1024x841.jpg 1024w, https:\/\/iha-race.com\/wp-content\/uploads\/2021\/03\/escenario-767x630.jpg 767w, https:\/\/iha-race.com\/wp-content\/uploads\/2021\/03\/escenario-1536x1261.jpg 1536w, https:\/\/iha-race.com\/wp-content\/uploads\/2021\/03\/escenario-2048x1682.jpg 2048w, https:\/\/iha-race.com\/wp-content\/uploads\/2021\/03\/escenario-788x647.jpg 788w\" sizes=\"(max-width: 940px) 100vw, 940px\" \/> <img loading=\"lazy\" decoding=\"async\" class=\"alignnone wp-image-61458 size-full\" src=\"https:\/\/iha-race.com\/wp-content\/uploads\/2021\/03\/escenario-2.jpg\" alt=\"\" width=\"940\" height=\"1144\" srcset=\"https:\/\/iha-race.com\/wp-content\/uploads\/2021\/03\/escenario-2.jpg 940w, https:\/\/iha-race.com\/wp-content\/uploads\/2021\/03\/escenario-2-600x730.jpg 600w, https:\/\/iha-race.com\/wp-content\/uploads\/2021\/03\/escenario-2-247x300.jpg 247w, https:\/\/iha-race.com\/wp-content\/uploads\/2021\/03\/escenario-2-841x1024.jpg 841w, https:\/\/iha-race.com\/wp-content\/uploads\/2021\/03\/escenario-2-767x934.jpg 767w, https:\/\/iha-race.com\/wp-content\/uploads\/2021\/03\/escenario-2-1262x1536.jpg 1262w, https:\/\/iha-race.com\/wp-content\/uploads\/2021\/03\/escenario-2-1683x2048.jpg 1683w, https:\/\/iha-race.com\/wp-content\/uploads\/2021\/03\/escenario-2-788x959.jpg 788w\" sizes=\"(max-width: 940px) 100vw, 940px\" \/><\/p>\n<p><img loading=\"lazy\" decoding=\"async\" class=\"alignnone wp-image-61460 size-full\" src=\"https:\/\/iha-race.com\/wp-content\/uploads\/2021\/03\/esquema.jpg\" alt=\"\" width=\"939\" height=\"450\" srcset=\"https:\/\/iha-race.com\/wp-content\/uploads\/2021\/03\/esquema.jpg 939w, https:\/\/iha-race.com\/wp-content\/uploads\/2021\/03\/esquema-599x287.jpg 599w, https:\/\/iha-race.com\/wp-content\/uploads\/2021\/03\/esquema-300x144.jpg 300w, https:\/\/iha-race.com\/wp-content\/uploads\/2021\/03\/esquema-1024x491.jpg 1024w, https:\/\/iha-race.com\/wp-content\/uploads\/2021\/03\/esquema-768x368.jpg 768w, https:\/\/iha-race.com\/wp-content\/uploads\/2021\/03\/esquema-1536x736.jpg 1536w, https:\/\/iha-race.com\/wp-content\/uploads\/2021\/03\/esquema-2048x981.jpg 2048w, https:\/\/iha-race.com\/wp-content\/uploads\/2021\/03\/esquema-788x377.jpg 788w\" sizes=\"(max-width: 939px) 100vw, 939px\" \/><\/p>\n<h2>Das Paket enth\u00e4lt:<\/h2>\n<ul>\n<li>1 x T-Motor PACER V2 P2207 Freestyle Motor Ihrer Wahl KV<\/li>\n<\/ul>\n<p><img loading=\"lazy\" decoding=\"async\" class=\"alignnone wp-image-61464 size-full\" src=\"https:\/\/iha-race.com\/wp-content\/uploads\/2021\/03\/Contenido.jpg\" alt=\"\" width=\"938\" height=\"394\" srcset=\"https:\/\/iha-race.com\/wp-content\/uploads\/2021\/03\/Contenido.jpg 938w, https:\/\/iha-race.com\/wp-content\/uploads\/2021\/03\/Contenido-600x252.jpg 600w, https:\/\/iha-race.com\/wp-content\/uploads\/2021\/03\/Contenido-300x126.jpg 300w, https:\/\/iha-race.com\/wp-content\/uploads\/2021\/03\/Contenido-1024x430.jpg 1024w, https:\/\/iha-race.com\/wp-content\/uploads\/2021\/03\/Contenido-767x322.jpg 767w, https:\/\/iha-race.com\/wp-content\/uploads\/2021\/03\/Contenido-1536x645.jpg 1536w, https:\/\/iha-race.com\/wp-content\/uploads\/2021\/03\/Contenido-2048x860.jpg 2048w, https:\/\/iha-race.com\/wp-content\/uploads\/2021\/03\/Contenido-788x330.jpg 788w\" sizes=\"(max-width: 938px) 100vw, 938px\" \/><\/p>\n<p>&nbsp;<\/p>\n","protected":false},"excerpt":{"rendered":"<p>Der T-Motor PACER V2 P2207 bietet mehr Leistung, um Ihrem Freestyle-Quadcopter extreme Power zu verleihen.<\/p>\n","protected":false},"featured_media":125698,"comment_status":"open","ping_status":"closed","template":"","meta":{"_joinchat":[]},"pwb-brand":[],"product_cat":[2475,46],"product_tag":[],"class_list":{"0":"post-209475","1":"product","2":"type-product","3":"status-publish","4":"has-post-thumbnail","6":"product_cat-sin-escobillas-con-eje","7":"product_cat-motores","9":"first","10":"instock","11":"taxable","12":"shipping-taxable","13":"purchasable","14":"product-type-variable"},"barcode":null,"atum_controlled":true,"out_stock_date":"2022-07-11 09:50:03","out_stock_threshold":null,"inheritable":true,"stock_on_hold":0,"sold_today":0,"sales_last_days":0,"out_stock_days":288,"lost_sales":0,"update_date":"2026-04-18T19:10:47","atum_locations":[],"atum_stock_status":"instock","restock_status":false,"low_stock_amount":"","sales_update_date":"2026-04-18T19:10:47","calc_backorders":null,"yoast_head":"<!-- This site is optimized with the Yoast SEO plugin v27.3 - https:\/\/yoast.com\/product\/yoast-seo-wordpress\/ -->\n<title>T-Motor PACER P2207 V2 Leistungsstarker Freestyle Motor (1750 Kv\/1950 Kv\/2250 kv) - Iha Race<\/title>\n<meta name=\"robots\" content=\"index, follow, max-snippet:-1, max-image-preview:large, max-video-preview:-1\" \/>\n<link rel=\"canonical\" href=\"https:\/\/iha-race.com\/de\/producto\/motor-t-motor-pacer-p2207-v2-powerful-freestyle-1950-kv-2\/\" \/>\n<meta property=\"og:locale\" content=\"de_DE\" \/>\n<meta property=\"og:type\" content=\"article\" \/>\n<meta property=\"og:title\" content=\"T-Motor PACER P2207 V2 Leistungsstarker Freestyle Motor (1750 Kv\/1950 Kv\/2250 kv) - Iha Race\" \/>\n<meta property=\"og:description\" content=\"Der T-Motor PACER V2 P2207 bietet mehr Leistung, um Ihrem Freestyle-Quadcopter extreme Power zu verleihen.\" \/>\n<meta property=\"og:url\" content=\"https:\/\/iha-race.com\/de\/producto\/motor-t-motor-pacer-p2207-v2-powerful-freestyle-1950-kv-2\/\" \/>\n<meta property=\"og:site_name\" content=\"Iha Race\" \/>\n<meta property=\"article:modified_time\" content=\"2024-11-13T10:42:25+00:00\" \/>\n<meta property=\"og:image\" content=\"https:\/\/iha-race.com\/wp-content\/uploads\/2021\/03\/Motor-T-Motor-PACER-P2207-V2-Powerful-Freestyle-1950-Kv.jpg\" \/>\n\t<meta property=\"og:image:width\" content=\"1000\" \/>\n\t<meta property=\"og:image:height\" content=\"1000\" \/>\n\t<meta property=\"og:image:type\" content=\"image\/jpeg\" \/>\n<meta name=\"twitter:card\" content=\"summary_large_image\" \/>\n<meta name=\"twitter:label1\" content=\"Gesch\u00e4tzte Lesezeit\" \/>\n\t<meta name=\"twitter:data1\" content=\"1\u00a0Minute\" \/>\n<script type=\"application\/ld+json\" class=\"yoast-schema-graph\">{\"@context\":\"https:\\\/\\\/schema.org\",\"@graph\":[{\"@type\":\"WebPage\",\"@id\":\"https:\\\/\\\/iha-race.com\\\/de\\\/producto\\\/motor-t-motor-pacer-p2207-v2-powerful-freestyle-1950-kv-2\\\/\",\"url\":\"https:\\\/\\\/iha-race.com\\\/de\\\/producto\\\/motor-t-motor-pacer-p2207-v2-powerful-freestyle-1950-kv-2\\\/\",\"name\":\"T-Motor PACER P2207 V2 Leistungsstarker Freestyle Motor (1750 Kv\\\/1950 Kv\\\/2250 kv) - Iha Race\",\"isPartOf\":{\"@id\":\"https:\\\/\\\/iha-race.com\\\/de\\\/#website\"},\"primaryImageOfPage\":{\"@id\":\"https:\\\/\\\/iha-race.com\\\/de\\\/producto\\\/motor-t-motor-pacer-p2207-v2-powerful-freestyle-1950-kv-2\\\/#primaryimage\"},\"image\":{\"@id\":\"https:\\\/\\\/iha-race.com\\\/de\\\/producto\\\/motor-t-motor-pacer-p2207-v2-powerful-freestyle-1950-kv-2\\\/#primaryimage\"},\"thumbnailUrl\":\"https:\\\/\\\/iha-race.com\\\/wp-content\\\/uploads\\\/2021\\\/03\\\/Motor-T-Motor-PACER-P2207-V2-Powerful-Freestyle-1950-Kv.jpg\",\"datePublished\":\"2022-06-13T16:52:18+00:00\",\"dateModified\":\"2024-11-13T10:42:25+00:00\",\"breadcrumb\":{\"@id\":\"https:\\\/\\\/iha-race.com\\\/de\\\/producto\\\/motor-t-motor-pacer-p2207-v2-powerful-freestyle-1950-kv-2\\\/#breadcrumb\"},\"inLanguage\":\"de\",\"potentialAction\":[{\"@type\":\"ReadAction\",\"target\":[\"https:\\\/\\\/iha-race.com\\\/de\\\/producto\\\/motor-t-motor-pacer-p2207-v2-powerful-freestyle-1950-kv-2\\\/\"]}]},{\"@type\":\"ImageObject\",\"inLanguage\":\"de\",\"@id\":\"https:\\\/\\\/iha-race.com\\\/de\\\/producto\\\/motor-t-motor-pacer-p2207-v2-powerful-freestyle-1950-kv-2\\\/#primaryimage\",\"url\":\"https:\\\/\\\/iha-race.com\\\/wp-content\\\/uploads\\\/2021\\\/03\\\/Motor-T-Motor-PACER-P2207-V2-Powerful-Freestyle-1950-Kv.jpg\",\"contentUrl\":\"https:\\\/\\\/iha-race.com\\\/wp-content\\\/uploads\\\/2021\\\/03\\\/Motor-T-Motor-PACER-P2207-V2-Powerful-Freestyle-1950-Kv.jpg\",\"width\":1000,\"height\":1000},{\"@type\":\"BreadcrumbList\",\"@id\":\"https:\\\/\\\/iha-race.com\\\/de\\\/producto\\\/motor-t-motor-pacer-p2207-v2-powerful-freestyle-1950-kv-2\\\/#breadcrumb\",\"itemListElement\":[{\"@type\":\"ListItem\",\"position\":1,\"name\":\"Portada\",\"item\":\"https:\\\/\\\/iha-race.com\\\/de\\\/elementor-499\\\/\"},{\"@type\":\"ListItem\",\"position\":2,\"name\":\"Shop\",\"item\":\"https:\\\/\\\/iha-race.com\\\/de\\\/shop\\\/\"},{\"@type\":\"ListItem\",\"position\":3,\"name\":\"T-Motor PACER P2207 V2 Leistungsstarker Freestyle Motor (1750 Kv\\\/1950 Kv\\\/2250 kv)\"}]},{\"@type\":\"WebSite\",\"@id\":\"https:\\\/\\\/iha-race.com\\\/de\\\/#website\",\"url\":\"https:\\\/\\\/iha-race.com\\\/de\\\/\",\"name\":\"Iha Race\",\"description\":\"Comprar drones de carreras FPV env\u00edos en un d\u00eda desde Espa\u00f1a\",\"publisher\":{\"@id\":\"https:\\\/\\\/iha-race.com\\\/de\\\/#organization\"},\"potentialAction\":[{\"@type\":\"SearchAction\",\"target\":{\"@type\":\"EntryPoint\",\"urlTemplate\":\"https:\\\/\\\/iha-race.com\\\/de\\\/?s={search_term_string}\"},\"query-input\":{\"@type\":\"PropertyValueSpecification\",\"valueRequired\":true,\"valueName\":\"search_term_string\"}}],\"inLanguage\":\"de\"},{\"@type\":\"Organization\",\"@id\":\"https:\\\/\\\/iha-race.com\\\/de\\\/#organization\",\"name\":\"Iha Race\",\"url\":\"https:\\\/\\\/iha-race.com\\\/de\\\/\",\"logo\":{\"@type\":\"ImageObject\",\"inLanguage\":\"de\",\"@id\":\"https:\\\/\\\/iha-race.com\\\/de\\\/#\\\/schema\\\/logo\\\/image\\\/\",\"url\":\"https:\\\/\\\/iha-race.com\\\/wp-content\\\/uploads\\\/2018\\\/07\\\/iha-race-drones-de-carreras-tienda-comprar-drones.png\",\"contentUrl\":\"https:\\\/\\\/iha-race.com\\\/wp-content\\\/uploads\\\/2018\\\/07\\\/iha-race-drones-de-carreras-tienda-comprar-drones.png\",\"width\":300,\"height\":100,\"caption\":\"Iha Race\"},\"image\":{\"@id\":\"https:\\\/\\\/iha-race.com\\\/de\\\/#\\\/schema\\\/logo\\\/image\\\/\"}}]}<\/script>\n<!-- \/ Yoast SEO plugin. -->","yoast_head_json":{"title":"T-Motor PACER P2207 V2 Leistungsstarker Freestyle Motor (1750 Kv\/1950 Kv\/2250 kv) - Iha Race","robots":{"index":"index","follow":"follow","max-snippet":"max-snippet:-1","max-image-preview":"max-image-preview:large","max-video-preview":"max-video-preview:-1"},"canonical":"https:\/\/iha-race.com\/de\/producto\/motor-t-motor-pacer-p2207-v2-powerful-freestyle-1950-kv-2\/","og_locale":"de_DE","og_type":"article","og_title":"T-Motor PACER P2207 V2 Leistungsstarker Freestyle Motor (1750 Kv\/1950 Kv\/2250 kv) - Iha Race","og_description":"Der T-Motor PACER V2 P2207 bietet mehr Leistung, um Ihrem Freestyle-Quadcopter extreme Power zu verleihen.","og_url":"https:\/\/iha-race.com\/de\/producto\/motor-t-motor-pacer-p2207-v2-powerful-freestyle-1950-kv-2\/","og_site_name":"Iha Race","article_modified_time":"2024-11-13T10:42:25+00:00","og_image":[{"width":1000,"height":1000,"url":"https:\/\/iha-race.com\/wp-content\/uploads\/2021\/03\/Motor-T-Motor-PACER-P2207-V2-Powerful-Freestyle-1950-Kv.jpg","type":"image\/jpeg"}],"twitter_card":"summary_large_image","twitter_misc":{"Gesch\u00e4tzte Lesezeit":"1\u00a0Minute"},"schema":{"@context":"https:\/\/schema.org","@graph":[{"@type":"WebPage","@id":"https:\/\/iha-race.com\/de\/producto\/motor-t-motor-pacer-p2207-v2-powerful-freestyle-1950-kv-2\/","url":"https:\/\/iha-race.com\/de\/producto\/motor-t-motor-pacer-p2207-v2-powerful-freestyle-1950-kv-2\/","name":"T-Motor PACER P2207 V2 Leistungsstarker Freestyle Motor (1750 Kv\/1950 Kv\/2250 kv) - Iha Race","isPartOf":{"@id":"https:\/\/iha-race.com\/de\/#website"},"primaryImageOfPage":{"@id":"https:\/\/iha-race.com\/de\/producto\/motor-t-motor-pacer-p2207-v2-powerful-freestyle-1950-kv-2\/#primaryimage"},"image":{"@id":"https:\/\/iha-race.com\/de\/producto\/motor-t-motor-pacer-p2207-v2-powerful-freestyle-1950-kv-2\/#primaryimage"},"thumbnailUrl":"https:\/\/iha-race.com\/wp-content\/uploads\/2021\/03\/Motor-T-Motor-PACER-P2207-V2-Powerful-Freestyle-1950-Kv.jpg","datePublished":"2022-06-13T16:52:18+00:00","dateModified":"2024-11-13T10:42:25+00:00","breadcrumb":{"@id":"https:\/\/iha-race.com\/de\/producto\/motor-t-motor-pacer-p2207-v2-powerful-freestyle-1950-kv-2\/#breadcrumb"},"inLanguage":"de","potentialAction":[{"@type":"ReadAction","target":["https:\/\/iha-race.com\/de\/producto\/motor-t-motor-pacer-p2207-v2-powerful-freestyle-1950-kv-2\/"]}]},{"@type":"ImageObject","inLanguage":"de","@id":"https:\/\/iha-race.com\/de\/producto\/motor-t-motor-pacer-p2207-v2-powerful-freestyle-1950-kv-2\/#primaryimage","url":"https:\/\/iha-race.com\/wp-content\/uploads\/2021\/03\/Motor-T-Motor-PACER-P2207-V2-Powerful-Freestyle-1950-Kv.jpg","contentUrl":"https:\/\/iha-race.com\/wp-content\/uploads\/2021\/03\/Motor-T-Motor-PACER-P2207-V2-Powerful-Freestyle-1950-Kv.jpg","width":1000,"height":1000},{"@type":"BreadcrumbList","@id":"https:\/\/iha-race.com\/de\/producto\/motor-t-motor-pacer-p2207-v2-powerful-freestyle-1950-kv-2\/#breadcrumb","itemListElement":[{"@type":"ListItem","position":1,"name":"Portada","item":"https:\/\/iha-race.com\/de\/elementor-499\/"},{"@type":"ListItem","position":2,"name":"Shop","item":"https:\/\/iha-race.com\/de\/shop\/"},{"@type":"ListItem","position":3,"name":"T-Motor PACER P2207 V2 Leistungsstarker Freestyle Motor (1750 Kv\/1950 Kv\/2250 kv)"}]},{"@type":"WebSite","@id":"https:\/\/iha-race.com\/de\/#website","url":"https:\/\/iha-race.com\/de\/","name":"Iha Race","description":"Comprar drones de carreras FPV env\u00edos en un d\u00eda desde Espa\u00f1a","publisher":{"@id":"https:\/\/iha-race.com\/de\/#organization"},"potentialAction":[{"@type":"SearchAction","target":{"@type":"EntryPoint","urlTemplate":"https:\/\/iha-race.com\/de\/?s={search_term_string}"},"query-input":{"@type":"PropertyValueSpecification","valueRequired":true,"valueName":"search_term_string"}}],"inLanguage":"de"},{"@type":"Organization","@id":"https:\/\/iha-race.com\/de\/#organization","name":"Iha Race","url":"https:\/\/iha-race.com\/de\/","logo":{"@type":"ImageObject","inLanguage":"de","@id":"https:\/\/iha-race.com\/de\/#\/schema\/logo\/image\/","url":"https:\/\/iha-race.com\/wp-content\/uploads\/2018\/07\/iha-race-drones-de-carreras-tienda-comprar-drones.png","contentUrl":"https:\/\/iha-race.com\/wp-content\/uploads\/2018\/07\/iha-race-drones-de-carreras-tienda-comprar-drones.png","width":300,"height":100,"caption":"Iha Race"},"image":{"@id":"https:\/\/iha-race.com\/de\/#\/schema\/logo\/image\/"}}]}},"jetpack_sharing_enabled":true,"brands":[],"_links":{"self":[{"href":"https:\/\/iha-race.com\/de\/wp-json\/wp\/v2\/product\/209475","targetHints":{"allow":["GET"]}}],"collection":[{"href":"https:\/\/iha-race.com\/de\/wp-json\/wp\/v2\/product"}],"about":[{"href":"https:\/\/iha-race.com\/de\/wp-json\/wp\/v2\/types\/product"}],"replies":[{"embeddable":true,"href":"https:\/\/iha-race.com\/de\/wp-json\/wp\/v2\/comments?post=209475"}],"version-history":[{"count":4,"href":"https:\/\/iha-race.com\/de\/wp-json\/wp\/v2\/product\/209475\/revisions"}],"predecessor-version":[{"id":249113,"href":"https:\/\/iha-race.com\/de\/wp-json\/wp\/v2\/product\/209475\/revisions\/249113"}],"wp:featuredmedia":[{"embeddable":true,"href":"https:\/\/iha-race.com\/de\/wp-json\/wp\/v2\/media\/125698"}],"wp:attachment":[{"href":"https:\/\/iha-race.com\/de\/wp-json\/wp\/v2\/media?parent=209475"}],"wp:term":[{"taxonomy":"pwb-brand","embeddable":true,"href":"https:\/\/iha-race.com\/de\/wp-json\/wp\/v2\/pwb-brand?post=209475"},{"taxonomy":"product_cat","embeddable":true,"href":"https:\/\/iha-race.com\/de\/wp-json\/wp\/v2\/product_cat?post=209475"},{"taxonomy":"product_tag","embeddable":true,"href":"https:\/\/iha-race.com\/de\/wp-json\/wp\/v2\/product_tag?post=209475"}],"curies":[{"name":"wp","href":"https:\/\/api.w.org\/{rel}","templated":true}]}}