{"id":209473,"date":"2022-07-25T13:59:04","date_gmt":"2022-07-25T11:59:04","guid":{"rendered":"https:\/\/iha-race.com\/producto\/hglrc-ares-ds230-drohne-fussballrahmen\/"},"modified":"2026-03-21T12:39:54","modified_gmt":"2026-03-21T11:39:54","slug":"hglrc-ares-ds230-drohne-fussball-rahmen","status":"publish","type":"product","link":"https:\/\/iha-race.com\/de\/producto\/hglrc-ares-ds230-drohne-fussball-rahmen\/","title":{"rendered":"HGLRC Ares DS230 Drohne Fu\u00dfballrahmen"},"content":{"rendered":"<h2>HGLRC Ares DS230 Drohne Fu\u00dfballrahmen<\/h2>\n<h3>Merkmale:<\/h3>\n<ul>\n<li>Das Gestell besteht aus kugelf\u00f6rmigem, explosionssicherem Material, mit dem Sie machen k\u00f6nnen, was Sie wollen;<\/li>\n<li>Die Schutzh\u00fclle ist in drei Farben erh\u00e4ltlich, orange, gelb und grau, die leicht zu unterscheiden sind.<\/li>\n<\/ul>\n<h3>Spezifikationen<\/h3>\n<ul>\n<li>Modell: Ares DS230 Drohne Fu\u00dfball<\/li>\n<li>Rahmenmaterial: 3K Kohlefaser<\/li>\n<li>Typ: 3-Zoll-Rahmen<\/li>\n<li>Radstand: 126 mm<\/li>\n<li>Gr\u00f6\u00dfe: 230 * 230 * 220mm<\/li>\n<li>Untere Platte: 3 mm<\/li>\n<li>Befestigungsloch f\u00fcr Flugsteuerung: 20&#215;20 mm \/ 25,5&#215;25,5 mm<\/li>\n<li>Kameraunterst\u00fctzung: 14 * 14 mm<\/li>\n<li>Gewicht: 0 g<\/li>\n<\/ul>\n<p><img decoding=\"async\" src=\"https:\/\/cdn.shopifycdn.net\/s\/files\/1\/2672\/8290\/files\/DS230_7f0d6880-d659-49e4-979e-1eeb076a74db.jpg?v=1654413880\"><\/p>\n<h3>Packungsinhalt:<\/h3>\n<ul>\n<li>1 x oberes Kugelgeh\u00e4use, 1 x unteres Kugelgeh\u00e4use,<\/li>\n<li>4 x Schutzringe f\u00fcr die Mittelst\u00fctze,<\/li>\n<li>1 x 0,118&#8243; untere Rahmenplatte (Carbonplatte),<\/li>\n<li>1 x VTX-Leuchte mit Kamerahalterung,<\/li>\n<li>1 x Schutzh\u00fclle (schwarz)<\/li>\n<li>8 x selbstschneidende Zylinderkopfschrauben M1,7 x 7.<\/li>\n<li>4 x Innensechskantschraube M3 * 25 titanbeschichtet<\/li>\n<li>16 x Schraube mit Innensechskantkopf M2 * 7<\/li>\n<li>8 x M3 * 8 Sto\u00dfd\u00e4mpfers\u00e4ule<\/li>\n<li>4 x M3 O-Ring-D\u00e4mpfer<\/li>\n<li>4 x verhindert das L\u00f6sen der selbstsichernden M3-Mutter<\/li>\n<li>1 x extra weicher, hoch- und tieftemperaturbest\u00e4ndiger Silikondraht, Spezifikation Nr. 30AWG, Drahtl\u00e4nge 65 mm, eink\u00f6pfig PH1.0-3P, Zinn-Tauchbad 1,5 mm Farbe: gelb, rot und schwarz (twist twist twist)<\/li>\n<li>1 x LED-Streifen W554B (1 St\u00fcck)<\/li>\n<li>1 x HGLRC Batterieband, Gr\u00f6\u00dfe: 10 x 150 mm, Eisenschnalle 50 mm lang, mit zwei Dr\u00e4hten, schwarz\/PU+Nylon<\/li>\n<li>1 x Racewhoop30 Anti-Rutsch-Akku-Aufkleber, schwarze Netzoberfl\u00e4che, Silikon-Anti-Rutsch-Pad, Gr\u00f6\u00dfe: 26 mm x 26 mm x 2 mm, R\u00fcckseite 3M-Kleber<\/li>\n<li>1 x gro\u00dfer HGLRC-Aufkleber, Gr\u00f6\u00dfe 90*60MM, Material hellwei\u00dfes PVC, gl\u00e4nzender Kleber<\/li>\n<li>1 x Zertifikat Etikett B4<\/li>\n<li>1 x Ares DS230 Drone Soccer Frame Montageanleitung<\/li>\n<\/ul>\n<p>Empfohlene Teile: (nicht enthalten)<\/p>\n<ul>\n<li>Flugsteuerung:Zeus F722 mini<\/li>\n<li>Motor:14XX<\/li>\n<li>ESC: Zeus 28A BL_S<\/li>\n<li>Kamera: 14X14mm<\/li>\n<li>Propeller: 3 Zoll<\/li>\n<\/ul>\n","protected":false},"excerpt":{"rendered":"<p>HGLRC Ares DS230 Drohne Fu\u00dfballrahmen Merkmale: Das Gestell besteht aus kugelf\u00f6rmigem, explosionssicherem Material, mit dem Sie machen k\u00f6nnen, was Sie wollen; Die Schutzh\u00fclle ist in drei Farben erh\u00e4ltlich, orange, gelb<\/p>\n","protected":false},"featured_media":128704,"comment_status":"open","ping_status":"closed","template":"","meta":{"_joinchat":[]},"pwb-brand":[],"product_cat":[951,27,3667,4114],"product_tag":[],"class_list":{"0":"post-209473","1":"product","2":"type-product","3":"status-publish","4":"has-post-thumbnail","6":"product_cat-drones-de-iniciacion-e-interior","7":"product_cat-drones-fpv","8":"product_cat-cuadros-frame","9":"product_cat-black-friday-2024","11":"first","12":"instock","13":"taxable","14":"shipping-taxable","15":"purchasable","16":"product-type-variable"},"barcode":null,"atum_controlled":true,"out_stock_date":null,"out_stock_threshold":null,"inheritable":true,"stock_on_hold":0,"sold_today":1,"sales_last_days":1,"out_stock_days":0,"lost_sales":0,"update_date":"2026-03-21T11:32:14","atum_locations":[],"atum_stock_status":"instock","restock_status":false,"low_stock_amount":"","sales_update_date":"2026-03-21T11:32:14","calc_backorders":null,"yoast_head":"<!-- This site is optimized with the Yoast SEO plugin v27.3 - https:\/\/yoast.com\/product\/yoast-seo-wordpress\/ -->\n<title>HGLRC Ares DS230 Drohne Fu\u00dfballrahmen - Iha Race<\/title>\n<meta name=\"robots\" content=\"index, follow, max-snippet:-1, max-image-preview:large, max-video-preview:-1\" \/>\n<link rel=\"canonical\" href=\"https:\/\/iha-race.com\/de\/producto\/hglrc-ares-ds230-drohne-fussball-rahmen\/\" \/>\n<meta property=\"og:locale\" content=\"de_DE\" \/>\n<meta property=\"og:type\" content=\"article\" \/>\n<meta property=\"og:title\" content=\"HGLRC Ares DS230 Drohne Fu\u00dfballrahmen - Iha Race\" \/>\n<meta property=\"og:description\" content=\"HGLRC Ares DS230 Drohne Fu\u00dfballrahmen Merkmale: Das Gestell besteht aus kugelf\u00f6rmigem, explosionssicherem Material, mit dem Sie machen k\u00f6nnen, was Sie wollen; Die Schutzh\u00fclle ist in drei Farben erh\u00e4ltlich, orange, gelb\" \/>\n<meta property=\"og:url\" content=\"https:\/\/iha-race.com\/de\/producto\/hglrc-ares-ds230-drohne-fussball-rahmen\/\" \/>\n<meta property=\"og:site_name\" content=\"Iha Race\" \/>\n<meta property=\"article:modified_time\" content=\"2026-03-21T11:39:54+00:00\" \/>\n<meta property=\"og:image\" content=\"https:\/\/iha-race.com\/wp-content\/uploads\/2022\/07\/HGLRC-Ares-DS230-Drone-Soccer-Frame.webp\" \/>\n\t<meta property=\"og:image:width\" content=\"900\" \/>\n\t<meta property=\"og:image:height\" content=\"900\" \/>\n\t<meta property=\"og:image:type\" content=\"image\/webp\" \/>\n<meta name=\"twitter:card\" content=\"summary_large_image\" \/>\n<meta name=\"twitter:label1\" content=\"Gesch\u00e4tzte Lesezeit\" \/>\n\t<meta name=\"twitter:data1\" content=\"1\u00a0Minute\" \/>\n<script type=\"application\/ld+json\" class=\"yoast-schema-graph\">{\"@context\":\"https:\\\/\\\/schema.org\",\"@graph\":[{\"@type\":\"WebPage\",\"@id\":\"https:\\\/\\\/iha-race.com\\\/de\\\/producto\\\/hglrc-ares-ds230-drohne-fussball-rahmen\\\/\",\"url\":\"https:\\\/\\\/iha-race.com\\\/de\\\/producto\\\/hglrc-ares-ds230-drohne-fussball-rahmen\\\/\",\"name\":\"HGLRC Ares DS230 Drohne Fu\u00dfballrahmen - Iha Race\",\"isPartOf\":{\"@id\":\"https:\\\/\\\/iha-race.com\\\/de\\\/#website\"},\"primaryImageOfPage\":{\"@id\":\"https:\\\/\\\/iha-race.com\\\/de\\\/producto\\\/hglrc-ares-ds230-drohne-fussball-rahmen\\\/#primaryimage\"},\"image\":{\"@id\":\"https:\\\/\\\/iha-race.com\\\/de\\\/producto\\\/hglrc-ares-ds230-drohne-fussball-rahmen\\\/#primaryimage\"},\"thumbnailUrl\":\"https:\\\/\\\/iha-race.com\\\/wp-content\\\/uploads\\\/2022\\\/07\\\/HGLRC-Ares-DS230-Drone-Soccer-Frame.webp\",\"datePublished\":\"2022-07-25T11:59:04+00:00\",\"dateModified\":\"2026-03-21T11:39:54+00:00\",\"breadcrumb\":{\"@id\":\"https:\\\/\\\/iha-race.com\\\/de\\\/producto\\\/hglrc-ares-ds230-drohne-fussball-rahmen\\\/#breadcrumb\"},\"inLanguage\":\"de\",\"potentialAction\":[{\"@type\":\"ReadAction\",\"target\":[\"https:\\\/\\\/iha-race.com\\\/de\\\/producto\\\/hglrc-ares-ds230-drohne-fussball-rahmen\\\/\"]}]},{\"@type\":\"ImageObject\",\"inLanguage\":\"de\",\"@id\":\"https:\\\/\\\/iha-race.com\\\/de\\\/producto\\\/hglrc-ares-ds230-drohne-fussball-rahmen\\\/#primaryimage\",\"url\":\"https:\\\/\\\/iha-race.com\\\/wp-content\\\/uploads\\\/2022\\\/07\\\/HGLRC-Ares-DS230-Drone-Soccer-Frame.webp\",\"contentUrl\":\"https:\\\/\\\/iha-race.com\\\/wp-content\\\/uploads\\\/2022\\\/07\\\/HGLRC-Ares-DS230-Drone-Soccer-Frame.webp\",\"width\":900,\"height\":900},{\"@type\":\"BreadcrumbList\",\"@id\":\"https:\\\/\\\/iha-race.com\\\/de\\\/producto\\\/hglrc-ares-ds230-drohne-fussball-rahmen\\\/#breadcrumb\",\"itemListElement\":[{\"@type\":\"ListItem\",\"position\":1,\"name\":\"Portada\",\"item\":\"https:\\\/\\\/iha-race.com\\\/de\\\/elementor-499\\\/\"},{\"@type\":\"ListItem\",\"position\":2,\"name\":\"Shop\",\"item\":\"https:\\\/\\\/iha-race.com\\\/de\\\/shop\\\/\"},{\"@type\":\"ListItem\",\"position\":3,\"name\":\"HGLRC Ares DS230 Drohne Fu\u00dfballrahmen\"}]},{\"@type\":\"WebSite\",\"@id\":\"https:\\\/\\\/iha-race.com\\\/de\\\/#website\",\"url\":\"https:\\\/\\\/iha-race.com\\\/de\\\/\",\"name\":\"Iha Race\",\"description\":\"Comprar drones de carreras FPV env\u00edos en un d\u00eda desde Espa\u00f1a\",\"publisher\":{\"@id\":\"https:\\\/\\\/iha-race.com\\\/de\\\/#organization\"},\"potentialAction\":[{\"@type\":\"SearchAction\",\"target\":{\"@type\":\"EntryPoint\",\"urlTemplate\":\"https:\\\/\\\/iha-race.com\\\/de\\\/?s={search_term_string}\"},\"query-input\":{\"@type\":\"PropertyValueSpecification\",\"valueRequired\":true,\"valueName\":\"search_term_string\"}}],\"inLanguage\":\"de\"},{\"@type\":\"Organization\",\"@id\":\"https:\\\/\\\/iha-race.com\\\/de\\\/#organization\",\"name\":\"Iha Race\",\"url\":\"https:\\\/\\\/iha-race.com\\\/de\\\/\",\"logo\":{\"@type\":\"ImageObject\",\"inLanguage\":\"de\",\"@id\":\"https:\\\/\\\/iha-race.com\\\/de\\\/#\\\/schema\\\/logo\\\/image\\\/\",\"url\":\"https:\\\/\\\/iha-race.com\\\/wp-content\\\/uploads\\\/2018\\\/07\\\/iha-race-drones-de-carreras-tienda-comprar-drones.png\",\"contentUrl\":\"https:\\\/\\\/iha-race.com\\\/wp-content\\\/uploads\\\/2018\\\/07\\\/iha-race-drones-de-carreras-tienda-comprar-drones.png\",\"width\":300,\"height\":100,\"caption\":\"Iha Race\"},\"image\":{\"@id\":\"https:\\\/\\\/iha-race.com\\\/de\\\/#\\\/schema\\\/logo\\\/image\\\/\"}}]}<\/script>\n<!-- \/ Yoast SEO plugin. -->","yoast_head_json":{"title":"HGLRC Ares DS230 Drohne Fu\u00dfballrahmen - Iha Race","robots":{"index":"index","follow":"follow","max-snippet":"max-snippet:-1","max-image-preview":"max-image-preview:large","max-video-preview":"max-video-preview:-1"},"canonical":"https:\/\/iha-race.com\/de\/producto\/hglrc-ares-ds230-drohne-fussball-rahmen\/","og_locale":"de_DE","og_type":"article","og_title":"HGLRC Ares DS230 Drohne Fu\u00dfballrahmen - Iha Race","og_description":"HGLRC Ares DS230 Drohne Fu\u00dfballrahmen Merkmale: Das Gestell besteht aus kugelf\u00f6rmigem, explosionssicherem Material, mit dem Sie machen k\u00f6nnen, was Sie wollen; Die Schutzh\u00fclle ist in drei Farben erh\u00e4ltlich, orange, gelb","og_url":"https:\/\/iha-race.com\/de\/producto\/hglrc-ares-ds230-drohne-fussball-rahmen\/","og_site_name":"Iha Race","article_modified_time":"2026-03-21T11:39:54+00:00","og_image":[{"width":900,"height":900,"url":"https:\/\/iha-race.com\/wp-content\/uploads\/2022\/07\/HGLRC-Ares-DS230-Drone-Soccer-Frame.webp","type":"image\/webp"}],"twitter_card":"summary_large_image","twitter_misc":{"Gesch\u00e4tzte Lesezeit":"1\u00a0Minute"},"schema":{"@context":"https:\/\/schema.org","@graph":[{"@type":"WebPage","@id":"https:\/\/iha-race.com\/de\/producto\/hglrc-ares-ds230-drohne-fussball-rahmen\/","url":"https:\/\/iha-race.com\/de\/producto\/hglrc-ares-ds230-drohne-fussball-rahmen\/","name":"HGLRC Ares DS230 Drohne Fu\u00dfballrahmen - Iha Race","isPartOf":{"@id":"https:\/\/iha-race.com\/de\/#website"},"primaryImageOfPage":{"@id":"https:\/\/iha-race.com\/de\/producto\/hglrc-ares-ds230-drohne-fussball-rahmen\/#primaryimage"},"image":{"@id":"https:\/\/iha-race.com\/de\/producto\/hglrc-ares-ds230-drohne-fussball-rahmen\/#primaryimage"},"thumbnailUrl":"https:\/\/iha-race.com\/wp-content\/uploads\/2022\/07\/HGLRC-Ares-DS230-Drone-Soccer-Frame.webp","datePublished":"2022-07-25T11:59:04+00:00","dateModified":"2026-03-21T11:39:54+00:00","breadcrumb":{"@id":"https:\/\/iha-race.com\/de\/producto\/hglrc-ares-ds230-drohne-fussball-rahmen\/#breadcrumb"},"inLanguage":"de","potentialAction":[{"@type":"ReadAction","target":["https:\/\/iha-race.com\/de\/producto\/hglrc-ares-ds230-drohne-fussball-rahmen\/"]}]},{"@type":"ImageObject","inLanguage":"de","@id":"https:\/\/iha-race.com\/de\/producto\/hglrc-ares-ds230-drohne-fussball-rahmen\/#primaryimage","url":"https:\/\/iha-race.com\/wp-content\/uploads\/2022\/07\/HGLRC-Ares-DS230-Drone-Soccer-Frame.webp","contentUrl":"https:\/\/iha-race.com\/wp-content\/uploads\/2022\/07\/HGLRC-Ares-DS230-Drone-Soccer-Frame.webp","width":900,"height":900},{"@type":"BreadcrumbList","@id":"https:\/\/iha-race.com\/de\/producto\/hglrc-ares-ds230-drohne-fussball-rahmen\/#breadcrumb","itemListElement":[{"@type":"ListItem","position":1,"name":"Portada","item":"https:\/\/iha-race.com\/de\/elementor-499\/"},{"@type":"ListItem","position":2,"name":"Shop","item":"https:\/\/iha-race.com\/de\/shop\/"},{"@type":"ListItem","position":3,"name":"HGLRC Ares DS230 Drohne Fu\u00dfballrahmen"}]},{"@type":"WebSite","@id":"https:\/\/iha-race.com\/de\/#website","url":"https:\/\/iha-race.com\/de\/","name":"Iha Race","description":"Comprar drones de carreras FPV env\u00edos en un d\u00eda desde Espa\u00f1a","publisher":{"@id":"https:\/\/iha-race.com\/de\/#organization"},"potentialAction":[{"@type":"SearchAction","target":{"@type":"EntryPoint","urlTemplate":"https:\/\/iha-race.com\/de\/?s={search_term_string}"},"query-input":{"@type":"PropertyValueSpecification","valueRequired":true,"valueName":"search_term_string"}}],"inLanguage":"de"},{"@type":"Organization","@id":"https:\/\/iha-race.com\/de\/#organization","name":"Iha Race","url":"https:\/\/iha-race.com\/de\/","logo":{"@type":"ImageObject","inLanguage":"de","@id":"https:\/\/iha-race.com\/de\/#\/schema\/logo\/image\/","url":"https:\/\/iha-race.com\/wp-content\/uploads\/2018\/07\/iha-race-drones-de-carreras-tienda-comprar-drones.png","contentUrl":"https:\/\/iha-race.com\/wp-content\/uploads\/2018\/07\/iha-race-drones-de-carreras-tienda-comprar-drones.png","width":300,"height":100,"caption":"Iha Race"},"image":{"@id":"https:\/\/iha-race.com\/de\/#\/schema\/logo\/image\/"}}]}},"jetpack_sharing_enabled":true,"brands":[],"_links":{"self":[{"href":"https:\/\/iha-race.com\/de\/wp-json\/wp\/v2\/product\/209473","targetHints":{"allow":["GET"]}}],"collection":[{"href":"https:\/\/iha-race.com\/de\/wp-json\/wp\/v2\/product"}],"about":[{"href":"https:\/\/iha-race.com\/de\/wp-json\/wp\/v2\/types\/product"}],"replies":[{"embeddable":true,"href":"https:\/\/iha-race.com\/de\/wp-json\/wp\/v2\/comments?post=209473"}],"version-history":[{"count":3,"href":"https:\/\/iha-race.com\/de\/wp-json\/wp\/v2\/product\/209473\/revisions"}],"predecessor-version":[{"id":252569,"href":"https:\/\/iha-race.com\/de\/wp-json\/wp\/v2\/product\/209473\/revisions\/252569"}],"wp:featuredmedia":[{"embeddable":true,"href":"https:\/\/iha-race.com\/de\/wp-json\/wp\/v2\/media\/128704"}],"wp:attachment":[{"href":"https:\/\/iha-race.com\/de\/wp-json\/wp\/v2\/media?parent=209473"}],"wp:term":[{"taxonomy":"pwb-brand","embeddable":true,"href":"https:\/\/iha-race.com\/de\/wp-json\/wp\/v2\/pwb-brand?post=209473"},{"taxonomy":"product_cat","embeddable":true,"href":"https:\/\/iha-race.com\/de\/wp-json\/wp\/v2\/product_cat?post=209473"},{"taxonomy":"product_tag","embeddable":true,"href":"https:\/\/iha-race.com\/de\/wp-json\/wp\/v2\/product_tag?post=209473"}],"curies":[{"name":"wp","href":"https:\/\/api.w.org\/{rel}","templated":true}]}}